{"id":35385,"date":"2022-07-08T10:51:09","date_gmt":"2022-07-08T09:51:09","guid":{"rendered":"https:\/\/swixed.com\/produit\/pulsossimetro-a-lunga-durata-contec-cms50f-24h\/"},"modified":"2026-04-21T06:50:12","modified_gmt":"2026-04-21T05:50:12","slug":"sed70003","status":"publish","type":"product","link":"https:\/\/swixed.ch\/it\/prodotto\/sed70003\/","title":{"rendered":"Pulsossimetro da polso Contec CMS50F 24 ore"},"content":{"rendered":"\t\t<div data-elementor-type=\"product-post\" data-elementor-id=\"35385\" class=\"elementor elementor-35385 elementor-13065\" data-elementor-post-type=\"product\">\n\t\t\t\t<div class=\"elementor-element elementor-element-d074754 e-con-full e-flex e-con e-parent\" data-id=\"d074754\" data-element_type=\"container\" data-e-type=\"container\">\n\t\t<div class=\"elementor-element elementor-element-eefd682 e-con-full e-flex e-con e-child\" data-id=\"eefd682\" data-element_type=\"container\" data-e-type=\"container\">\n\t\t\t\t<div class=\"elementor-element elementor-element-9f8f2fb elementor-widget elementor-widget-heading\" data-id=\"9f8f2fb\" data-element_type=\"widget\" data-e-type=\"widget\" data-widget_type=\"heading.default\">\n\t\t\t\t\t<h2 class=\"elementor-heading-title elementor-size-default\">Caratteristiche principali<\/h2>\t\t\t\t<\/div>\n\t\t\t\t<div class=\"elementor-element elementor-element-bf7153c elementor-widget elementor-widget-text-editor\" data-id=\"bf7153c\" data-element_type=\"widget\" data-e-type=\"widget\" data-widget_type=\"text-editor.default\">\n\t\t\t\t\t\t\t\t\t<p>Il pulsossimetro Contec CMS50F incorpora una soluzione di misurazione continua progettata per la registrazione prolungata della saturazione di ossigeno. Di conseguenza, il dispositivo raccoglie automaticamente i dati relativi alla SpO\u2082 e alla frequenza cardiaca per oltre 24 ore. Inoltre, la sua memoria interna memorizza le informazioni senza interruzioni, rendendole facilmente consultabili in un secondo momento.<br>Inoltre, il suo formato leggero da polso migliora la stabilit\u00e0 del sensore durante l&#8217;uso prolungato, mantenendo un utilizzo semplice e strutturato.  <\/p><p>Specifiche tecniche principali:<\/p><ul><li>Misurazione continua della SpO\u2082 e delle pulsazioni<\/li><li>Memoria interna per registrazioni a lungo termine<\/li><li>Dimensioni da polso compatte e leggere<\/li><li>Allarmi configurabili (acustici e visivi)<\/li><li>Visualizzazione chiara dei parametri essenziali<\/li><\/ul>\t\t\t\t\t\t\t\t<\/div>\n\t\t\t\t<div class=\"elementor-element elementor-element-988b41c elementor-widget elementor-widget-heading\" data-id=\"988b41c\" data-element_type=\"widget\" data-e-type=\"widget\" data-widget_type=\"heading.default\">\n\t\t\t\t\t<h2 class=\"elementor-heading-title elementor-size-default\">Caratteristiche<\/h2>\t\t\t\t<\/div>\n\t\t\t\t<div class=\"elementor-element elementor-element-10f0371 elementor-widget elementor-widget-text-editor\" data-id=\"10f0371\" data-element_type=\"widget\" data-e-type=\"widget\" data-widget_type=\"text-editor.default\">\n\t\t\t\t\t\t\t\t\t<p>Il pulsossimetro CMS50F dispone di un&#8217;interfaccia diretta per impostare la data, l&#8217;ora e le soglie di allarme. La porta USB integrata consente di trasferire i dati a un computer utilizzando il software in dotazione. In questo modo, l&#8217;utente pu\u00f2 analizzare le misurazioni registrate in modo strutturato.<br>Inoltre, \u00e8 possibile collegare simultaneamente pi\u00f9 dispositivi a un unico PC, facilitando la gestione di pi\u00f9 registrazioni in un ambiente organizzato.  <\/p><p>Di conseguenza, il dispositivo combina la facilit\u00e0 d&#8217;uso con funzioni di analisi avanzate, senza modificare i parametri misurati o interpretare i risultati.<\/p>\t\t\t\t\t\t\t\t<\/div>\n\t\t\t\t<div class=\"elementor-element elementor-element-08859cd elementor-widget elementor-widget-heading\" data-id=\"08859cd\" data-element_type=\"widget\" data-e-type=\"widget\" data-widget_type=\"heading.default\">\n\t\t\t\t\t<h2 class=\"elementor-heading-title elementor-size-default\">Utilizzo e quadro normativo in Svizzera<\/h2>\t\t\t\t<\/div>\n\t\t\t\t<div class=\"elementor-element elementor-element-2a97334 elementor-widget elementor-widget-text-editor\" data-id=\"2a97334\" data-element_type=\"widget\" data-e-type=\"widget\" data-widget_type=\"text-editor.default\">\n\t\t\t\t\t\t\t\t\t<p>Il pulsossimetro Contec CMS50F rientra nella categoria dei dispositivi medici progettati per misurare i parametri fisiologici. In Svizzera, questo tipo di dispositivo rientra nel quadro normativo definito dalla legislazione sui dispositivi medici.<br>Pertanto, la commercializzazione e l&#8217;utilizzo seguono i requisiti applicabili, in particolare quelli supervisionati da Swissmedic, l&#8217;autorit\u00e0 competente per i dispositivi medici.<br>Inoltre, i principi generali della sorveglianza sanitaria sono di competenza dell&#8217;Ufficio Federale della Sanit\u00e0 Pubblica, mentre il quadro giuridico si basa sull&#8217;Ordinanza sui Dispositivi Medici.<br>Infine, questi riferimenti garantiscono la coerenza normativa senza formulare indicazioni diagnostiche o terapeutiche. <br>\t\t<div data-elementor-type=\"widget\" data-elementor-id=\"59086\" class=\"elementor elementor-59086 elementor-59083 elementor-59083\" data-elementor-post-type=\"elementor_library\">\n\t\t\t\t\t\t<div class=\"elementor-element elementor-element-59083 elementor-widget elementor-widget-text-editor\" data-id=\"59083\" data-element_type=\"widget\" data-e-type=\"widget\" data-widget_type=\"text-editor.default\">\n\t\t\t\t\t\t\t\t\t<p>Per maggiori informazioni, consulta :<\/p><ul><li><a href=\"https:\/\/www.swissmedic.ch\" target=\"_blank\" rel=\"noopener\">Swissmedic<\/a><\/li><li><a href=\"https:\/\/www.bag.admin.ch\" target=\"_blank\" rel=\"noopener\">Ufficio federale della sanit\u00e0 pubblica (UFSP)<\/a><\/li><li><a href=\"https:\/\/www.switec.info\" target=\"_blank\" rel=\"noopener\">Centro d&#8217;informazione svizzero per le norme tecniche (Switec)<\/a><\/li><li><a href=\"https:\/\/www.fedlex.admin.ch\/eli\/cc\/2020\/552\/\" target=\"_blank\" rel=\"noopener\">Ordinanza sui dispositivi medici (ODim o MedDO)<\/a><\/li><\/ul><p><br>I nostri dispositivi medici hanno un rappresentante autorizzato in Svizzera (CH-REP), in conformit\u00e0 con l&#8217;attuale legislazione svizzera sui dispositivi medici.<\/p>\t\t\t\t\t\t\t\t<\/div>\n\t\t\t\t<\/div>\n\t\t<br>Clicca qui per prenotare la <a href=\"https:\/\/swixed.ch\/it\/prodotto\/sed94005\/\">manutenzione periodica<\/a>.<\/p>\t\t\t\t\t\t\t\t<\/div>\n\t\t\t\t<div class=\"elementor-element elementor-element-42f535c elementor-widget elementor-widget-heading\" data-id=\"42f535c\" data-element_type=\"widget\" data-e-type=\"widget\" data-widget_type=\"heading.default\">\n\t\t\t\t\t<h2 class=\"elementor-heading-title elementor-size-default\">Contenuto del Contec CMS50F<\/h2>\t\t\t\t<\/div>\n\t\t\t\t<div class=\"elementor-element elementor-element-a17a692 elementor-widget elementor-widget-text-editor\" data-id=\"a17a692\" data-element_type=\"widget\" data-e-type=\"widget\" data-widget_type=\"text-editor.default\">\n\t\t\t\t\t\t\t\t\t<p>Il pacchetto Contec CMS50F comprende i seguenti componenti, forniti per una messa in funzione completa e strutturata:<\/p><ul><li>Ossimetro da polso Contec CMS50F<\/li><li>Cavo USB per la ricarica e il trasferimento dei dati<\/li><li>Adattatore di rete USB<\/li><li>Software per PC (lingua inglese)<\/li><li>Manuale d&#8217;uso (lingua inglese)<\/li><\/ul>\t\t\t\t\t\t\t\t<\/div>\n\t\t\t\t<\/div>\n\t\t\t\t<\/div>\n\t\t\t\t<\/div>\n\t\t","protected":false},"excerpt":{"rendered":"<p>Il Contec CMS50F \u00e8 un ossimetro da polso compatto progettato per la registrazione tecnica dei dati per un periodo prolungato. \u00c8 dotato di un display digitale e di un&#8217;interfaccia integrata per la visualizzazione delle informazioni operative. \u00c8 certificato CE ed \u00e8 conforme alle specifiche tecniche del produttore. Non \u00e8 destinato all&#8217;autodiagnosi o al monitoraggio medico personale.   <\/p>\n","protected":false},"featured_media":58442,"template":"","meta":{"_acf_changed":false},"product_brand":[2139],"product_cat":[1144,1146],"product_tag":[7763,7764,7750,7745,7751,7761,7581,4251,1173,7762,1148],"class_list":{"0":"post-35385","1":"product","2":"type-product","3":"status-publish","4":"has-post-thumbnail","6":"product_brand-contec-it","7":"product_cat-pulsossimetri","8":"product_cat-apparecchi-pulsossimetri","9":"product_tag-allarme-acustico","10":"product_tag-batteria-ricaricabile","11":"product_tag-display-oled","12":"product_tag-hr","13":"product_tag-indicatore-di-perfusione-pi","14":"product_tag-memoria-interna","15":"product_tag-misurazione-non-invasiva","16":"product_tag-ossimetro-da-polso","17":"product_tag-pulsossimetro","18":"product_tag-registrazione-continua","19":"product_tag-spo2-it","21":"first","22":"outofstock","23":"taxable","24":"shipping-taxable","25":"product-type-simple"},"acf":[],"yoast_head":"<!-- This site is optimized with the Yoast SEO Premium plugin v27.4 (Yoast SEO v27.4) - https:\/\/yoast.com\/product\/yoast-seo-premium-wordpress\/ -->\n<title>Pulsossimetro Contec CMS50F | Swixed SA<\/title>\n<meta name=\"description\" content=\"Pulsossimetro Contec CMS50F con registrazione continua per 24 ore, memoria interna e trasferimento USB per l&#039;analisi dei dati SpO\u2082.\" \/>\n<meta name=\"robots\" content=\"index, follow, max-snippet:-1, max-image-preview:large, max-video-preview:-1\" \/>\n<link rel=\"canonical\" href=\"https:\/\/swixed.ch\/it\/prodotto\/sed70003\/\" \/>\n<meta property=\"og:locale\" content=\"it_IT\" \/>\n<meta property=\"og:type\" content=\"article\" \/>\n<meta property=\"og:title\" content=\"Pulsossimetro da polso Contec CMS50F 24 ore\" \/>\n<meta property=\"og:description\" content=\"Pulsossimetro Contec CMS50F con registrazione continua per 24 ore, memoria interna e trasferimento USB per l&#039;analisi dei dati SpO\u2082.\" \/>\n<meta property=\"og:url\" content=\"https:\/\/swixed.ch\/it\/prodotto\/sed70003\/\" \/>\n<meta property=\"og:site_name\" content=\"Swixed SA\" \/>\n<meta property=\"article:publisher\" content=\"https:\/\/www.facebook.com\/swixed\" \/>\n<meta property=\"article:modified_time\" content=\"2026-04-21T05:50:12+00:00\" \/>\n<meta property=\"og:image\" content=\"https:\/\/swixed.ch\/wp-content\/uploads\/2026\/01\/SED70003-01.png\" \/>\n\t<meta property=\"og:image:width\" content=\"600\" \/>\n\t<meta property=\"og:image:height\" content=\"600\" \/>\n\t<meta property=\"og:image:type\" content=\"image\/png\" \/>\n<meta name=\"twitter:card\" content=\"summary_large_image\" \/>\n<meta name=\"twitter:label1\" content=\"Tempo di lettura stimato\" \/>\n\t<meta name=\"twitter:data1\" content=\"2 minuti\" \/>\n<script type=\"application\/ld+json\" class=\"yoast-schema-graph\">{\"@context\":\"https:\\\/\\\/schema.org\",\"@graph\":[{\"@type\":\"WebPage\",\"@id\":\"https:\\\/\\\/swixed.ch\\\/it\\\/prodotto\\\/sed70003\\\/\",\"url\":\"https:\\\/\\\/swixed.ch\\\/it\\\/prodotto\\\/sed70003\\\/\",\"name\":\"Pulsossimetro Contec CMS50F | Swixed SA\",\"isPartOf\":{\"@id\":\"https:\\\/\\\/swixed.ch\\\/it\\\/#website\"},\"primaryImageOfPage\":{\"@id\":\"https:\\\/\\\/swixed.ch\\\/it\\\/prodotto\\\/sed70003\\\/#primaryimage\"},\"image\":{\"@id\":\"https:\\\/\\\/swixed.ch\\\/it\\\/prodotto\\\/sed70003\\\/#primaryimage\"},\"thumbnailUrl\":\"https:\\\/\\\/swixed.ch\\\/wp-content\\\/uploads\\\/2026\\\/01\\\/SED70003-01.png\",\"datePublished\":\"2022-07-08T09:51:09+00:00\",\"dateModified\":\"2026-04-21T05:50:12+00:00\",\"description\":\"Pulsossimetro Contec CMS50F con registrazione continua per 24 ore, memoria interna e trasferimento USB per l'analisi dei dati SpO\u2082.\",\"breadcrumb\":{\"@id\":\"https:\\\/\\\/swixed.ch\\\/it\\\/prodotto\\\/sed70003\\\/#breadcrumb\"},\"inLanguage\":\"it-IT\",\"potentialAction\":[{\"@type\":\"ReadAction\",\"target\":[\"https:\\\/\\\/swixed.ch\\\/it\\\/prodotto\\\/sed70003\\\/\"]}]},{\"@type\":\"ImageObject\",\"inLanguage\":\"it-IT\",\"@id\":\"https:\\\/\\\/swixed.ch\\\/it\\\/prodotto\\\/sed70003\\\/#primaryimage\",\"url\":\"https:\\\/\\\/swixed.ch\\\/wp-content\\\/uploads\\\/2026\\\/01\\\/SED70003-01.png\",\"contentUrl\":\"https:\\\/\\\/swixed.ch\\\/wp-content\\\/uploads\\\/2026\\\/01\\\/SED70003-01.png\",\"width\":600,\"height\":600,\"caption\":\"SED70003\"},{\"@type\":\"BreadcrumbList\",\"@id\":\"https:\\\/\\\/swixed.ch\\\/it\\\/prodotto\\\/sed70003\\\/#breadcrumb\",\"itemListElement\":[{\"@type\":\"ListItem\",\"position\":1,\"name\":\"Home\",\"item\":\"https:\\\/\\\/swixed.ch\\\/it\\\/home\\\/\"},{\"@type\":\"ListItem\",\"position\":2,\"name\":\"Negozio\",\"item\":\"https:\\\/\\\/swixed.ch\\\/it\\\/shop\\\/\"},{\"@type\":\"ListItem\",\"position\":3,\"name\":\"Pulsossimetro da polso Contec CMS50F 24 ore\"}]},{\"@type\":\"WebSite\",\"@id\":\"https:\\\/\\\/swixed.ch\\\/it\\\/#website\",\"url\":\"https:\\\/\\\/swixed.ch\\\/it\\\/\",\"name\":\"Swixed SA\",\"description\":\"Dispositivi elettronici\",\"publisher\":{\"@id\":\"https:\\\/\\\/swixed.ch\\\/it\\\/#organization\"},\"potentialAction\":[{\"@type\":\"SearchAction\",\"target\":{\"@type\":\"EntryPoint\",\"urlTemplate\":\"https:\\\/\\\/swixed.ch\\\/it\\\/?s={search_term_string}\"},\"query-input\":{\"@type\":\"PropertyValueSpecification\",\"valueRequired\":true,\"valueName\":\"search_term_string\"}}],\"inLanguage\":\"it-IT\"},{\"@type\":\"Organization\",\"@id\":\"https:\\\/\\\/swixed.ch\\\/it\\\/#organization\",\"name\":\"Swixed SA\",\"url\":\"https:\\\/\\\/swixed.ch\\\/it\\\/\",\"logo\":{\"@type\":\"ImageObject\",\"inLanguage\":\"it-IT\",\"@id\":\"https:\\\/\\\/swixed.ch\\\/it\\\/#\\\/schema\\\/logo\\\/image\\\/\",\"url\":\"https:\\\/\\\/swixed.ch\\\/wp-content\\\/uploads\\\/logos\\\/swixed-logo-lite.png\",\"contentUrl\":\"https:\\\/\\\/swixed.ch\\\/wp-content\\\/uploads\\\/logos\\\/swixed-logo-lite.png\",\"width\":696,\"height\":696,\"caption\":\"Swixed SA\"},\"image\":{\"@id\":\"https:\\\/\\\/swixed.ch\\\/it\\\/#\\\/schema\\\/logo\\\/image\\\/\"},\"sameAs\":[\"https:\\\/\\\/www.facebook.com\\\/swixed\",\"https:\\\/\\\/www.linkedin.com\\\/company\\\/swixed\",\"https:\\\/\\\/www.youtube.com\\\/@swixedsa\"],\"description\":\"Swixed SA est une entreprise suisse bas\u00e9e \u00e0 Gen\u00e8ve, sp\u00e9cialis\u00e9e dans la vente, la location et la maintenance d\u2019appareils m\u00e9dicaux professionnels, tels que d\u00e9fibrillateurs AED, \u00e9lectrocardiographes, moniteurs patient et dispositifs de diagnostic.\",\"email\":\"infoshop@swixed.ch\",\"telephone\":\"+41 22 566 11 95\",\"legalName\":\"Swixed SA\",\"foundingDate\":\"2021-03-01\",\"numberOfEmployees\":{\"@type\":\"QuantitativeValue\",\"minValue\":\"1\",\"maxValue\":\"10\"}}]}<\/script>\n<!-- \/ Yoast SEO Premium plugin. -->","yoast_head_json":{"title":"Pulsossimetro Contec CMS50F | Swixed SA","description":"Pulsossimetro Contec CMS50F con registrazione continua per 24 ore, memoria interna e trasferimento USB per l'analisi dei dati SpO\u2082.","robots":{"index":"index","follow":"follow","max-snippet":"max-snippet:-1","max-image-preview":"max-image-preview:large","max-video-preview":"max-video-preview:-1"},"canonical":"https:\/\/swixed.ch\/it\/prodotto\/sed70003\/","og_locale":"it_IT","og_type":"article","og_title":"Pulsossimetro da polso Contec CMS50F 24 ore","og_description":"Pulsossimetro Contec CMS50F con registrazione continua per 24 ore, memoria interna e trasferimento USB per l'analisi dei dati SpO\u2082.","og_url":"https:\/\/swixed.ch\/it\/prodotto\/sed70003\/","og_site_name":"Swixed SA","article_publisher":"https:\/\/www.facebook.com\/swixed","article_modified_time":"2026-04-21T05:50:12+00:00","og_image":[{"width":600,"height":600,"url":"https:\/\/swixed.ch\/wp-content\/uploads\/2026\/01\/SED70003-01.png","type":"image\/png"}],"twitter_card":"summary_large_image","twitter_misc":{"Tempo di lettura stimato":"2 minuti"},"schema":{"@context":"https:\/\/schema.org","@graph":[{"@type":"WebPage","@id":"https:\/\/swixed.ch\/it\/prodotto\/sed70003\/","url":"https:\/\/swixed.ch\/it\/prodotto\/sed70003\/","name":"Pulsossimetro Contec CMS50F | Swixed SA","isPartOf":{"@id":"https:\/\/swixed.ch\/it\/#website"},"primaryImageOfPage":{"@id":"https:\/\/swixed.ch\/it\/prodotto\/sed70003\/#primaryimage"},"image":{"@id":"https:\/\/swixed.ch\/it\/prodotto\/sed70003\/#primaryimage"},"thumbnailUrl":"https:\/\/swixed.ch\/wp-content\/uploads\/2026\/01\/SED70003-01.png","datePublished":"2022-07-08T09:51:09+00:00","dateModified":"2026-04-21T05:50:12+00:00","description":"Pulsossimetro Contec CMS50F con registrazione continua per 24 ore, memoria interna e trasferimento USB per l'analisi dei dati SpO\u2082.","breadcrumb":{"@id":"https:\/\/swixed.ch\/it\/prodotto\/sed70003\/#breadcrumb"},"inLanguage":"it-IT","potentialAction":[{"@type":"ReadAction","target":["https:\/\/swixed.ch\/it\/prodotto\/sed70003\/"]}]},{"@type":"ImageObject","inLanguage":"it-IT","@id":"https:\/\/swixed.ch\/it\/prodotto\/sed70003\/#primaryimage","url":"https:\/\/swixed.ch\/wp-content\/uploads\/2026\/01\/SED70003-01.png","contentUrl":"https:\/\/swixed.ch\/wp-content\/uploads\/2026\/01\/SED70003-01.png","width":600,"height":600,"caption":"SED70003"},{"@type":"BreadcrumbList","@id":"https:\/\/swixed.ch\/it\/prodotto\/sed70003\/#breadcrumb","itemListElement":[{"@type":"ListItem","position":1,"name":"Home","item":"https:\/\/swixed.ch\/it\/home\/"},{"@type":"ListItem","position":2,"name":"Negozio","item":"https:\/\/swixed.ch\/it\/shop\/"},{"@type":"ListItem","position":3,"name":"Pulsossimetro da polso Contec CMS50F 24 ore"}]},{"@type":"WebSite","@id":"https:\/\/swixed.ch\/it\/#website","url":"https:\/\/swixed.ch\/it\/","name":"Swixed SA","description":"Dispositivi elettronici","publisher":{"@id":"https:\/\/swixed.ch\/it\/#organization"},"potentialAction":[{"@type":"SearchAction","target":{"@type":"EntryPoint","urlTemplate":"https:\/\/swixed.ch\/it\/?s={search_term_string}"},"query-input":{"@type":"PropertyValueSpecification","valueRequired":true,"valueName":"search_term_string"}}],"inLanguage":"it-IT"},{"@type":"Organization","@id":"https:\/\/swixed.ch\/it\/#organization","name":"Swixed SA","url":"https:\/\/swixed.ch\/it\/","logo":{"@type":"ImageObject","inLanguage":"it-IT","@id":"https:\/\/swixed.ch\/it\/#\/schema\/logo\/image\/","url":"https:\/\/swixed.ch\/wp-content\/uploads\/logos\/swixed-logo-lite.png","contentUrl":"https:\/\/swixed.ch\/wp-content\/uploads\/logos\/swixed-logo-lite.png","width":696,"height":696,"caption":"Swixed SA"},"image":{"@id":"https:\/\/swixed.ch\/it\/#\/schema\/logo\/image\/"},"sameAs":["https:\/\/www.facebook.com\/swixed","https:\/\/www.linkedin.com\/company\/swixed","https:\/\/www.youtube.com\/@swixedsa"],"description":"Swixed SA est une entreprise suisse bas\u00e9e \u00e0 Gen\u00e8ve, sp\u00e9cialis\u00e9e dans la vente, la location et la maintenance d\u2019appareils m\u00e9dicaux professionnels, tels que d\u00e9fibrillateurs AED, \u00e9lectrocardiographes, moniteurs patient et dispositifs de diagnostic.","email":"infoshop@swixed.ch","telephone":"+41 22 566 11 95","legalName":"Swixed SA","foundingDate":"2021-03-01","numberOfEmployees":{"@type":"QuantitativeValue","minValue":"1","maxValue":"10"}}]}},"_links":{"self":[{"href":"https:\/\/swixed.ch\/it\/wp-json\/wp\/v2\/product\/35385","targetHints":{"allow":["GET"]}}],"collection":[{"href":"https:\/\/swixed.ch\/it\/wp-json\/wp\/v2\/product"}],"about":[{"href":"https:\/\/swixed.ch\/it\/wp-json\/wp\/v2\/types\/product"}],"version-history":[{"count":1,"href":"https:\/\/swixed.ch\/it\/wp-json\/wp\/v2\/product\/35385\/revisions"}],"predecessor-version":[{"id":63081,"href":"https:\/\/swixed.ch\/it\/wp-json\/wp\/v2\/product\/35385\/revisions\/63081"}],"wp:featuredmedia":[{"embeddable":true,"href":"https:\/\/swixed.ch\/it\/wp-json\/wp\/v2\/media\/58442"}],"wp:attachment":[{"href":"https:\/\/swixed.ch\/it\/wp-json\/wp\/v2\/media?parent=35385"}],"wp:term":[{"taxonomy":"product_brand","embeddable":true,"href":"https:\/\/swixed.ch\/it\/wp-json\/wp\/v2\/product_brand?post=35385"},{"taxonomy":"product_cat","embeddable":true,"href":"https:\/\/swixed.ch\/it\/wp-json\/wp\/v2\/product_cat?post=35385"},{"taxonomy":"product_tag","embeddable":true,"href":"https:\/\/swixed.ch\/it\/wp-json\/wp\/v2\/product_tag?post=35385"}],"curies":[{"name":"wp","href":"https:\/\/api.w.org\/{rel}","templated":true}]}}