{"id":35478,"date":"2022-09-05T09:48:44","date_gmt":"2022-09-05T07:48:44","guid":{"rendered":"https:\/\/swixed.com\/produit\/monitor-dei-segni-vitali-edan-x10\/"},"modified":"2026-01-13T22:39:08","modified_gmt":"2026-01-13T21:39:08","slug":"sed20005","status":"publish","type":"product","link":"https:\/\/swixed.ch\/it\/prodotto\/sed20005\/","title":{"rendered":"Monitor dei segni vitali Edan X10"},"content":{"rendered":"\t\t<div data-elementor-type=\"product-post\" data-elementor-id=\"35478\" class=\"elementor elementor-35478 elementor-13997\" data-elementor-post-type=\"product\">\n\t\t\t\t\t\t<section class=\"elementor-section elementor-top-section elementor-element elementor-element-566dfe8 elementor-section-boxed elementor-section-height-default elementor-section-height-default\" data-id=\"566dfe8\" data-element_type=\"section\" data-e-type=\"section\">\n\t\t\t\t\t\t<div class=\"elementor-container elementor-column-gap-default\">\n\t\t\t\t\t<div class=\"elementor-column elementor-col-100 elementor-top-column elementor-element elementor-element-2c4618e\" data-id=\"2c4618e\" data-element_type=\"column\" data-e-type=\"column\">\n\t\t\t<div class=\"elementor-widget-wrap elementor-element-populated\">\n\t\t\t\t\t\t<div class=\"elementor-element elementor-element-57fea7d elementor-widget elementor-widget-heading\" data-id=\"57fea7d\" data-element_type=\"widget\" data-e-type=\"widget\" data-widget_type=\"heading.default\">\n\t\t\t\t\t<h2 class=\"elementor-heading-title elementor-size-default\">Descrizione<\/h2>\t\t\t\t<\/div>\n\t\t\t\t<div class=\"elementor-element elementor-element-e0a279c elementor-widget elementor-widget-text-editor\" data-id=\"e0a279c\" data-element_type=\"widget\" data-e-type=\"widget\" data-widget_type=\"text-editor.default\">\n\t\t\t\t\t\t\t\t\t<p>I nuovi monitor per i segni vitali della <strong>serie Edan X<\/strong> sono eleganti e <strong>ultracompatti. <\/strong>Offrono strumenti di monitoraggio all&#8217;avanguardia per <strong>pazienti di tutte le et\u00e0<\/strong>. <br><strong>Leggero<\/strong>, <strong>silenzioso<\/strong> (non ha un&#8217;elica di raffreddamento) e <strong>facile da usare<\/strong>, l&#8217;<strong>Edan X10<\/strong> \u00e8 una soluzione sicura ed economica per ospedali, dipartimenti di emergenza e studi privati.<\/p><p>Grazie al suo <strong>touch screen da 10,1 pollici, <\/strong>questo monitor dei segni vitali offre <strong>5<\/strong> diverse <strong>modalit\u00e0 di visualizzazione<\/strong> a seconda delle esigenze dell&#8217;utente. \u00c8 possibile utilizzare una piccola stampante termica (opzionale) per stampare i trend su carta. Il dispositivo dispone anche di una porta Ethernet per una stampante esterna e di una porta VGA per la visualizzazione su un secondo schermo esterno.<br>L&#8217;<strong>EDan X10 ha una memoria di 8 GB ad alta capacit\u00e0<\/strong> che pu\u00f2 essere espansa collegando una chiavetta USB.<\/p>\t\t\t\t\t\t\t\t<\/div>\n\t\t\t\t<div class=\"elementor-element elementor-element-04bd30c elementor-widget elementor-widget-heading\" data-id=\"04bd30c\" data-element_type=\"widget\" data-e-type=\"widget\" data-widget_type=\"heading.default\">\n\t\t\t\t\t<h2 class=\"elementor-heading-title elementor-size-default\">Le 5 funzioni del monitor Edan X10<\/h2>\t\t\t\t<\/div>\n\t\t\t\t<div class=\"elementor-element elementor-element-e44cada elementor-widget elementor-widget-text-editor\" data-id=\"e44cada\" data-element_type=\"widget\" data-e-type=\"widget\" data-widget_type=\"text-editor.default\">\n\t\t\t\t\t\t\t\t\t<ul><li>Prima di tutto la funzione ECG a 3-5 derivazioni (6 o 12 derivazioni opzionali)<\/li><li>In secondo luogo, il monitoraggio della respirazione<\/li><li>In terzo luogo, la misurazione della pressione sanguigna<\/li><li>In quarto luogo, la misurazione della saturazione di ossigeno<\/li><li>Quinto, misurazione della temperatura orale, rettale o ascellare<\/li><\/ul><p>Come altri dispositivi della sua generazione, il monitor dei segni vitali X10 con touch screen \u00e8 dotato di varie soglie di allarme visivo e sonoro che possono essere regolate manualmente dall&#8217;\u00e9quipe medica, essenziali per il monitoraggio a lungo termine:<\/p><ul><li>Tre livelli distinti di allarme a tono e frequenza completamente regolabili<\/li><li>Il Modified Early Warning Score (MEWS) funziona con 6 parametri: et\u00e0, pressione sanguigna, polso, frequenza respiratoria, temperatura e livello di coscienza.<\/li><\/ul>\t\t\t\t\t\t\t\t<\/div>\n\t\t\t\t<div class=\"elementor-element elementor-element-e1fafc9 elementor-widget elementor-widget-heading\" data-id=\"e1fafc9\" data-element_type=\"widget\" data-e-type=\"widget\" data-widget_type=\"heading.default\">\n\t\t\t\t\t<h2 class=\"elementor-heading-title elementor-size-default\">Altre opzioni disponibili per Edan X10<\/h2>\t\t\t\t<\/div>\n\t\t\t\t<div class=\"elementor-element elementor-element-b10b055 elementor-widget elementor-widget-text-editor\" data-id=\"b10b055\" data-element_type=\"widget\" data-e-type=\"widget\" data-widget_type=\"text-editor.default\">\n\t\t\t\t\t\t\t\t\t<ul><li style=\"box-sizing: inherit; border-radius: 10px !important;\">ECG a 6-12 derivazioni (prezzo su richiesta)<\/li><li>Modulo di trasmissione Wifi (prezzo su richiesta)<\/li><li>Modulo capnografico Edan G2 Co2 (prezzo su richiesta)<\/li><li>Modulo Edan IBP per la misurazione invasiva della pressione arteriosa (prezzo su richiesta)<\/li><\/ul>\t\t\t\t\t\t\t\t<\/div>\n\t\t\t\t<div class=\"elementor-element elementor-element-91e7a9b elementor-widget elementor-widget-template\" data-id=\"91e7a9b\" data-element_type=\"widget\" data-e-type=\"widget\" data-widget_type=\"template.default\">\n\t\t\t\t<div class=\"elementor-widget-container\">\n\t\t\t\t\t\t\t<div class=\"elementor-template\">\n\t\t\t\t\t<div data-elementor-type=\"section\" data-elementor-id=\"32549\" class=\"elementor elementor-32549 elementor-14210 elementor-14210\" data-elementor-post-type=\"elementor_library\">\n\t\t\t\t\t<section class=\"elementor-section elementor-top-section elementor-element elementor-element-73df4e3f elementor-section-full_width elementor-section-height-default elementor-section-height-default\" data-id=\"73df4e3f\" data-element_type=\"section\" data-e-type=\"section\">\n\t\t\t\t\t\t<div class=\"elementor-container elementor-column-gap-default\">\n\t\t\t\t\t<div class=\"elementor-column elementor-col-100 elementor-top-column elementor-element elementor-element-697d7c6\" data-id=\"697d7c6\" data-element_type=\"column\" data-e-type=\"column\">\n\t\t\t<div class=\"elementor-widget-wrap elementor-element-populated\">\n\t\t\t\t\t\t<div class=\"elementor-element elementor-element-5c0b3841 elementor-widget elementor-widget-heading\" data-id=\"5c0b3841\" data-element_type=\"widget\" data-e-type=\"widget\" data-widget_type=\"heading.default\">\n\t\t\t\t\t<h2 class=\"elementor-heading-title elementor-size-default\">Confronta le caratteristiche della linea Edan X<\/h2>\t\t\t\t<\/div>\n\t\t\t\t<section class=\"elementor-section elementor-inner-section elementor-element elementor-element-44ad3359 elementor-section-boxed elementor-section-height-default elementor-section-height-default\" data-id=\"44ad3359\" data-element_type=\"section\" data-e-type=\"section\">\n\t\t\t\t\t\t<div class=\"elementor-container elementor-column-gap-default\">\n\t\t\t\t\t<div class=\"elementor-column elementor-col-33 elementor-inner-column elementor-element elementor-element-377107d1\" data-id=\"377107d1\" data-element_type=\"column\" data-e-type=\"column\">\n\t\t\t<div class=\"elementor-widget-wrap elementor-element-populated\">\n\t\t\t\t\t\t<div class=\"elementor-element elementor-element-1046d628 elementor-widget elementor-widget-image\" data-id=\"1046d628\" data-element_type=\"widget\" data-e-type=\"widget\" data-widget_type=\"image.default\">\n\t\t\t\t\t\t\t\t\t\t\t\t\t\t\t<img fetchpriority=\"high\" decoding=\"async\" width=\"600\" height=\"600\" src=\"https:\/\/swixed.ch\/wp-content\/uploads\/products\/edan-x8-01.png\" class=\"attachment-full size-full wp-image-27768\" alt=\"Edan x8\" srcset=\"https:\/\/swixed.ch\/wp-content\/uploads\/products\/edan-x8-01.png 600w, https:\/\/swixed.ch\/wp-content\/uploads\/products\/edan-x8-01-100x100.png 100w, https:\/\/swixed.ch\/wp-content\/uploads\/products\/edan-x8-01-64x64.png 64w, https:\/\/swixed.ch\/wp-content\/uploads\/products\/edan-x8-01-300x300.png 300w, https:\/\/swixed.ch\/wp-content\/uploads\/products\/edan-x8-01-150x150.png 150w\" sizes=\"(max-width: 600px) 100vw, 600px\" \/>\t\t\t\t\t\t\t\t\t\t\t\t\t\t\t<\/div>\n\t\t\t\t\t<\/div>\n\t\t<\/div>\n\t\t\t\t<div class=\"elementor-column elementor-col-33 elementor-inner-column elementor-element elementor-element-7c42b32\" data-id=\"7c42b32\" data-element_type=\"column\" data-e-type=\"column\">\n\t\t\t<div class=\"elementor-widget-wrap elementor-element-populated\">\n\t\t\t\t\t\t<div class=\"elementor-element elementor-element-289b81b elementor-widget elementor-widget-image\" data-id=\"289b81b\" data-element_type=\"widget\" data-e-type=\"widget\" data-widget_type=\"image.default\">\n\t\t\t\t\t\t\t\t\t\t\t\t\t\t\t<img decoding=\"async\" width=\"600\" height=\"600\" src=\"https:\/\/swixed.ch\/wp-content\/uploads\/products\/edan-x10-01.png\" class=\"attachment-full size-full wp-image-29604\" alt=\"Monitor dei segni vitali Edan X10\" srcset=\"https:\/\/swixed.ch\/wp-content\/uploads\/products\/edan-x10-01.png 600w, https:\/\/swixed.ch\/wp-content\/uploads\/products\/edan-x10-01-100x100.png 100w, https:\/\/swixed.ch\/wp-content\/uploads\/products\/edan-x10-01-64x64.png 64w, https:\/\/swixed.ch\/wp-content\/uploads\/products\/edan-x10-01-300x300.png 300w, https:\/\/swixed.ch\/wp-content\/uploads\/products\/edan-x10-01-150x150.png 150w\" sizes=\"(max-width: 600px) 100vw, 600px\" \/>\t\t\t\t\t\t\t\t\t\t\t\t\t\t\t<\/div>\n\t\t\t\t\t<\/div>\n\t\t<\/div>\n\t\t\t\t<div class=\"elementor-column elementor-col-33 elementor-inner-column elementor-element elementor-element-6a9a393\" data-id=\"6a9a393\" data-element_type=\"column\" data-e-type=\"column\">\n\t\t\t<div class=\"elementor-widget-wrap elementor-element-populated\">\n\t\t\t\t\t\t<div class=\"elementor-element elementor-element-08dbf28 elementor-widget elementor-widget-image\" data-id=\"08dbf28\" data-element_type=\"widget\" data-e-type=\"widget\" data-widget_type=\"image.default\">\n\t\t\t\t\t\t\t\t\t\t\t\t\t\t\t<img decoding=\"async\" width=\"600\" height=\"600\" src=\"https:\/\/swixed.ch\/wp-content\/uploads\/products\/edan-x12-01.png\" class=\"attachment-full size-full wp-image-27788\" alt=\"edan-x12-01\" srcset=\"https:\/\/swixed.ch\/wp-content\/uploads\/products\/edan-x12-01.png 600w, https:\/\/swixed.ch\/wp-content\/uploads\/products\/edan-x12-01-100x100.png 100w, https:\/\/swixed.ch\/wp-content\/uploads\/products\/edan-x12-01-64x64.png 64w, https:\/\/swixed.ch\/wp-content\/uploads\/products\/edan-x12-01-300x300.png 300w, https:\/\/swixed.ch\/wp-content\/uploads\/products\/edan-x12-01-150x150.png 150w\" sizes=\"(max-width: 600px) 100vw, 600px\" \/>\t\t\t\t\t\t\t\t\t\t\t\t\t\t\t<\/div>\n\t\t\t\t\t<\/div>\n\t\t<\/div>\n\t\t\t\t\t<\/div>\n\t\t<\/section>\n\t\t\t\t\t<\/div>\n\t\t<\/div>\n\t\t\t\t\t<\/div>\n\t\t<\/section>\n\t\t\t\t<\/div>\n\t\t\t\t<\/div>\n\t\t\t\t\t\t<\/div>\n\t\t\t\t<\/div>\n\t\t\t\t<div class=\"elementor-element elementor-element-64b2f94 elementor-widget elementor-widget-heading\" data-id=\"64b2f94\" data-element_type=\"widget\" data-e-type=\"widget\" data-widget_type=\"heading.default\">\n\t\t\t\t\t<h2 class=\"elementor-heading-title elementor-size-default\">Contenuto dell'Edan X10<\/h2>\t\t\t\t<\/div>\n\t\t\t\t<div class=\"elementor-element elementor-element-7f90037 elementor-widget elementor-widget-text-editor\" data-id=\"7f90037\" data-element_type=\"widget\" data-e-type=\"widget\" data-widget_type=\"text-editor.default\">\n\t\t\t\t\t\t\t\t\t<ul><li>Cavo ECG a 3 fili<\/li><li>Tubo NIBP da 3 metri,<\/li><li>Polsino per adulti (27-35 cm)<\/li><li>Cavo adattatore SP02 da 2 metri<\/li><li>Sensore SPO2 in silicone da 1 metro<\/li><li>Sonda di temperatura cutanea (per la misurazione ascellare)<\/li><li>Batteria ricaricabile<\/li><li>Caricabatterie<\/li><\/ul>\t\t\t\t\t\t\t\t<\/div>\n\t\t\t\t\t<\/div>\n\t\t<\/div>\n\t\t\t\t\t<\/div>\n\t\t<\/section>\n\t\t\t\t<\/div>\n\t\t","protected":false},"excerpt":{"rendered":"<p>Il monitor Edan X10 \u00e8 un dispositivo compatto dotato di uno schermo touch screen a colori da 10,1 pollici con cinque modalit\u00e0 di visualizzazione configurabili. Pu\u00f2 essere fornito con una stampante termica integrata opzionale e dispone di porte Ethernet e VGA per periferiche esterne. La memoria interna di 8 GB \u00e8 espandibile tramite USB. Design leggero e funzionamento silenzioso, conforme alla normativa CE e adatto ad ambienti professionali.   <\/p>\n","protected":false},"featured_media":29604,"template":"","meta":{"_acf_changed":false},"product_brand":[2082],"product_cat":[1093,1367],"product_tag":[7650,985,7654,7653,1371,7647,1611,3703,1148,7646],"class_list":{"0":"post-35478","1":"product","2":"type-product","3":"status-publish","4":"has-post-thumbnail","6":"product_brand-edan-it","7":"product_cat-monitor-pazienti","8":"product_cat-apparecchi-monitor-pazienti","9":"product_tag-allarmi-fisiologici","10":"product_tag-ecg-it","11":"product_tag-etco2","12":"product_tag-ibp","13":"product_tag-nibp-it","14":"product_tag-pr","15":"product_tag-risp","16":"product_tag-schermo-a-colori","17":"product_tag-spo2-it","18":"product_tag-temp","20":"first","21":"instock","22":"taxable","23":"shipping-taxable","24":"purchasable","25":"product-type-variable","26":"has-default-attributes"},"acf":[],"yoast_head":"<!-- This site is optimized with the Yoast SEO Premium plugin v27.4 (Yoast SEO v27.4) - https:\/\/yoast.com\/product\/yoast-seo-premium-wordpress\/ -->\n<title>Monitor dei segni vitali Edan X10 | Swixed SA Tattile e ultracompatto<\/title>\n<meta name=\"description\" content=\"Monitor per segni vitali Edan X10 dal design ultracompatto. Strumento di monitoraggio ultramoderno per pazienti di tutte le et\u00e0.\" \/>\n<meta name=\"robots\" content=\"index, follow, max-snippet:-1, max-image-preview:large, max-video-preview:-1\" \/>\n<link rel=\"canonical\" href=\"https:\/\/swixed.ch\/it\/prodotto\/sed20005\/\" \/>\n<meta property=\"og:locale\" content=\"it_IT\" \/>\n<meta property=\"og:type\" content=\"article\" \/>\n<meta property=\"og:title\" content=\"Monitor dei segni vitali Edan X10\" \/>\n<meta property=\"og:description\" content=\"Monitor per segni vitali Edan X10 dal design ultracompatto. Strumento di monitoraggio ultramoderno per pazienti di tutte le et\u00e0.\" \/>\n<meta property=\"og:url\" content=\"https:\/\/swixed.ch\/it\/prodotto\/sed20005\/\" \/>\n<meta property=\"og:site_name\" content=\"Swixed SA\" \/>\n<meta property=\"article:publisher\" content=\"https:\/\/www.facebook.com\/swixed\" \/>\n<meta property=\"article:modified_time\" content=\"2026-01-13T21:39:08+00:00\" \/>\n<meta property=\"og:image\" content=\"https:\/\/swixed.ch\/wp-content\/uploads\/products\/edan-x10-01.png\" \/>\n\t<meta property=\"og:image:width\" content=\"600\" \/>\n\t<meta property=\"og:image:height\" content=\"600\" \/>\n\t<meta property=\"og:image:type\" content=\"image\/png\" \/>\n<meta name=\"twitter:card\" content=\"summary_large_image\" \/>\n<meta name=\"twitter:label1\" content=\"Tempo di lettura stimato\" \/>\n\t<meta name=\"twitter:data1\" content=\"2 minuti\" \/>\n<script type=\"application\/ld+json\" class=\"yoast-schema-graph\">{\"@context\":\"https:\\\/\\\/schema.org\",\"@graph\":[{\"@type\":\"WebPage\",\"@id\":\"https:\\\/\\\/swixed.ch\\\/it\\\/prodotto\\\/sed20005\\\/\",\"url\":\"https:\\\/\\\/swixed.ch\\\/it\\\/prodotto\\\/sed20005\\\/\",\"name\":\"Monitor dei segni vitali Edan X10 | Swixed SA Tattile e ultracompatto\",\"isPartOf\":{\"@id\":\"https:\\\/\\\/swixed.ch\\\/it\\\/#website\"},\"primaryImageOfPage\":{\"@id\":\"https:\\\/\\\/swixed.ch\\\/it\\\/prodotto\\\/sed20005\\\/#primaryimage\"},\"image\":{\"@id\":\"https:\\\/\\\/swixed.ch\\\/it\\\/prodotto\\\/sed20005\\\/#primaryimage\"},\"thumbnailUrl\":\"https:\\\/\\\/swixed.ch\\\/wp-content\\\/uploads\\\/products\\\/edan-x10-01.png\",\"datePublished\":\"2022-09-05T07:48:44+00:00\",\"dateModified\":\"2026-01-13T21:39:08+00:00\",\"description\":\"Monitor per segni vitali Edan X10 dal design ultracompatto. Strumento di monitoraggio ultramoderno per pazienti di tutte le et\u00e0.\",\"breadcrumb\":{\"@id\":\"https:\\\/\\\/swixed.ch\\\/it\\\/prodotto\\\/sed20005\\\/#breadcrumb\"},\"inLanguage\":\"it-IT\",\"potentialAction\":[{\"@type\":\"ReadAction\",\"target\":[\"https:\\\/\\\/swixed.ch\\\/it\\\/prodotto\\\/sed20005\\\/\"]}]},{\"@type\":\"ImageObject\",\"inLanguage\":\"it-IT\",\"@id\":\"https:\\\/\\\/swixed.ch\\\/it\\\/prodotto\\\/sed20005\\\/#primaryimage\",\"url\":\"https:\\\/\\\/swixed.ch\\\/wp-content\\\/uploads\\\/products\\\/edan-x10-01.png\",\"contentUrl\":\"https:\\\/\\\/swixed.ch\\\/wp-content\\\/uploads\\\/products\\\/edan-x10-01.png\",\"width\":600,\"height\":600,\"caption\":\"Monitor dei segni vitali Edan X10\"},{\"@type\":\"BreadcrumbList\",\"@id\":\"https:\\\/\\\/swixed.ch\\\/it\\\/prodotto\\\/sed20005\\\/#breadcrumb\",\"itemListElement\":[{\"@type\":\"ListItem\",\"position\":1,\"name\":\"Home\",\"item\":\"https:\\\/\\\/swixed.ch\\\/it\\\/home\\\/\"},{\"@type\":\"ListItem\",\"position\":2,\"name\":\"Negozio\",\"item\":\"https:\\\/\\\/swixed.ch\\\/it\\\/shop\\\/\"},{\"@type\":\"ListItem\",\"position\":3,\"name\":\"monitor paziente\"}]},{\"@type\":\"WebSite\",\"@id\":\"https:\\\/\\\/swixed.ch\\\/it\\\/#website\",\"url\":\"https:\\\/\\\/swixed.ch\\\/it\\\/\",\"name\":\"Swixed SA\",\"description\":\"Dispositivi elettronici\",\"publisher\":{\"@id\":\"https:\\\/\\\/swixed.ch\\\/it\\\/#organization\"},\"potentialAction\":[{\"@type\":\"SearchAction\",\"target\":{\"@type\":\"EntryPoint\",\"urlTemplate\":\"https:\\\/\\\/swixed.ch\\\/it\\\/?s={search_term_string}\"},\"query-input\":{\"@type\":\"PropertyValueSpecification\",\"valueRequired\":true,\"valueName\":\"search_term_string\"}}],\"inLanguage\":\"it-IT\"},{\"@type\":\"Organization\",\"@id\":\"https:\\\/\\\/swixed.ch\\\/it\\\/#organization\",\"name\":\"Swixed SA\",\"url\":\"https:\\\/\\\/swixed.ch\\\/it\\\/\",\"logo\":{\"@type\":\"ImageObject\",\"inLanguage\":\"it-IT\",\"@id\":\"https:\\\/\\\/swixed.ch\\\/it\\\/#\\\/schema\\\/logo\\\/image\\\/\",\"url\":\"https:\\\/\\\/swixed.ch\\\/wp-content\\\/uploads\\\/logos\\\/swixed-logo-lite.png\",\"contentUrl\":\"https:\\\/\\\/swixed.ch\\\/wp-content\\\/uploads\\\/logos\\\/swixed-logo-lite.png\",\"width\":696,\"height\":696,\"caption\":\"Swixed SA\"},\"image\":{\"@id\":\"https:\\\/\\\/swixed.ch\\\/it\\\/#\\\/schema\\\/logo\\\/image\\\/\"},\"sameAs\":[\"https:\\\/\\\/www.facebook.com\\\/swixed\",\"https:\\\/\\\/www.linkedin.com\\\/company\\\/swixed\",\"https:\\\/\\\/www.youtube.com\\\/@swixedsa\"],\"description\":\"Swixed SA est une entreprise suisse bas\u00e9e \u00e0 Gen\u00e8ve, sp\u00e9cialis\u00e9e dans la vente, la location et la maintenance d\u2019appareils m\u00e9dicaux professionnels, tels que d\u00e9fibrillateurs AED, \u00e9lectrocardiographes, moniteurs patient et dispositifs de diagnostic.\",\"email\":\"infoshop@swixed.ch\",\"telephone\":\"+41 22 566 11 95\",\"legalName\":\"Swixed SA\",\"foundingDate\":\"2021-03-01\",\"numberOfEmployees\":{\"@type\":\"QuantitativeValue\",\"minValue\":\"1\",\"maxValue\":\"10\"}}]}<\/script>\n<!-- \/ Yoast SEO Premium plugin. -->","yoast_head_json":{"title":"Monitor dei segni vitali Edan X10 | Swixed SA Tattile e ultracompatto","description":"Monitor per segni vitali Edan X10 dal design ultracompatto. Strumento di monitoraggio ultramoderno per pazienti di tutte le et\u00e0.","robots":{"index":"index","follow":"follow","max-snippet":"max-snippet:-1","max-image-preview":"max-image-preview:large","max-video-preview":"max-video-preview:-1"},"canonical":"https:\/\/swixed.ch\/it\/prodotto\/sed20005\/","og_locale":"it_IT","og_type":"article","og_title":"Monitor dei segni vitali Edan X10","og_description":"Monitor per segni vitali Edan X10 dal design ultracompatto. Strumento di monitoraggio ultramoderno per pazienti di tutte le et\u00e0.","og_url":"https:\/\/swixed.ch\/it\/prodotto\/sed20005\/","og_site_name":"Swixed SA","article_publisher":"https:\/\/www.facebook.com\/swixed","article_modified_time":"2026-01-13T21:39:08+00:00","og_image":[{"width":600,"height":600,"url":"https:\/\/swixed.ch\/wp-content\/uploads\/products\/edan-x10-01.png","type":"image\/png"}],"twitter_card":"summary_large_image","twitter_misc":{"Tempo di lettura stimato":"2 minuti"},"schema":{"@context":"https:\/\/schema.org","@graph":[{"@type":"WebPage","@id":"https:\/\/swixed.ch\/it\/prodotto\/sed20005\/","url":"https:\/\/swixed.ch\/it\/prodotto\/sed20005\/","name":"Monitor dei segni vitali Edan X10 | Swixed SA Tattile e ultracompatto","isPartOf":{"@id":"https:\/\/swixed.ch\/it\/#website"},"primaryImageOfPage":{"@id":"https:\/\/swixed.ch\/it\/prodotto\/sed20005\/#primaryimage"},"image":{"@id":"https:\/\/swixed.ch\/it\/prodotto\/sed20005\/#primaryimage"},"thumbnailUrl":"https:\/\/swixed.ch\/wp-content\/uploads\/products\/edan-x10-01.png","datePublished":"2022-09-05T07:48:44+00:00","dateModified":"2026-01-13T21:39:08+00:00","description":"Monitor per segni vitali Edan X10 dal design ultracompatto. Strumento di monitoraggio ultramoderno per pazienti di tutte le et\u00e0.","breadcrumb":{"@id":"https:\/\/swixed.ch\/it\/prodotto\/sed20005\/#breadcrumb"},"inLanguage":"it-IT","potentialAction":[{"@type":"ReadAction","target":["https:\/\/swixed.ch\/it\/prodotto\/sed20005\/"]}]},{"@type":"ImageObject","inLanguage":"it-IT","@id":"https:\/\/swixed.ch\/it\/prodotto\/sed20005\/#primaryimage","url":"https:\/\/swixed.ch\/wp-content\/uploads\/products\/edan-x10-01.png","contentUrl":"https:\/\/swixed.ch\/wp-content\/uploads\/products\/edan-x10-01.png","width":600,"height":600,"caption":"Monitor dei segni vitali Edan X10"},{"@type":"BreadcrumbList","@id":"https:\/\/swixed.ch\/it\/prodotto\/sed20005\/#breadcrumb","itemListElement":[{"@type":"ListItem","position":1,"name":"Home","item":"https:\/\/swixed.ch\/it\/home\/"},{"@type":"ListItem","position":2,"name":"Negozio","item":"https:\/\/swixed.ch\/it\/shop\/"},{"@type":"ListItem","position":3,"name":"monitor paziente"}]},{"@type":"WebSite","@id":"https:\/\/swixed.ch\/it\/#website","url":"https:\/\/swixed.ch\/it\/","name":"Swixed SA","description":"Dispositivi elettronici","publisher":{"@id":"https:\/\/swixed.ch\/it\/#organization"},"potentialAction":[{"@type":"SearchAction","target":{"@type":"EntryPoint","urlTemplate":"https:\/\/swixed.ch\/it\/?s={search_term_string}"},"query-input":{"@type":"PropertyValueSpecification","valueRequired":true,"valueName":"search_term_string"}}],"inLanguage":"it-IT"},{"@type":"Organization","@id":"https:\/\/swixed.ch\/it\/#organization","name":"Swixed SA","url":"https:\/\/swixed.ch\/it\/","logo":{"@type":"ImageObject","inLanguage":"it-IT","@id":"https:\/\/swixed.ch\/it\/#\/schema\/logo\/image\/","url":"https:\/\/swixed.ch\/wp-content\/uploads\/logos\/swixed-logo-lite.png","contentUrl":"https:\/\/swixed.ch\/wp-content\/uploads\/logos\/swixed-logo-lite.png","width":696,"height":696,"caption":"Swixed SA"},"image":{"@id":"https:\/\/swixed.ch\/it\/#\/schema\/logo\/image\/"},"sameAs":["https:\/\/www.facebook.com\/swixed","https:\/\/www.linkedin.com\/company\/swixed","https:\/\/www.youtube.com\/@swixedsa"],"description":"Swixed SA est une entreprise suisse bas\u00e9e \u00e0 Gen\u00e8ve, sp\u00e9cialis\u00e9e dans la vente, la location et la maintenance d\u2019appareils m\u00e9dicaux professionnels, tels que d\u00e9fibrillateurs AED, \u00e9lectrocardiographes, moniteurs patient et dispositifs de diagnostic.","email":"infoshop@swixed.ch","telephone":"+41 22 566 11 95","legalName":"Swixed SA","foundingDate":"2021-03-01","numberOfEmployees":{"@type":"QuantitativeValue","minValue":"1","maxValue":"10"}}]}},"_links":{"self":[{"href":"https:\/\/swixed.ch\/it\/wp-json\/wp\/v2\/product\/35478","targetHints":{"allow":["GET"]}}],"collection":[{"href":"https:\/\/swixed.ch\/it\/wp-json\/wp\/v2\/product"}],"about":[{"href":"https:\/\/swixed.ch\/it\/wp-json\/wp\/v2\/types\/product"}],"version-history":[{"count":0,"href":"https:\/\/swixed.ch\/it\/wp-json\/wp\/v2\/product\/35478\/revisions"}],"wp:featuredmedia":[{"embeddable":true,"href":"https:\/\/swixed.ch\/it\/wp-json\/wp\/v2\/media\/29604"}],"wp:attachment":[{"href":"https:\/\/swixed.ch\/it\/wp-json\/wp\/v2\/media?parent=35478"}],"wp:term":[{"taxonomy":"product_brand","embeddable":true,"href":"https:\/\/swixed.ch\/it\/wp-json\/wp\/v2\/product_brand?post=35478"},{"taxonomy":"product_cat","embeddable":true,"href":"https:\/\/swixed.ch\/it\/wp-json\/wp\/v2\/product_cat?post=35478"},{"taxonomy":"product_tag","embeddable":true,"href":"https:\/\/swixed.ch\/it\/wp-json\/wp\/v2\/product_tag?post=35478"}],"curies":[{"name":"wp","href":"https:\/\/api.w.org\/{rel}","templated":true}]}}