{"id":35485,"date":"2022-10-04T15:45:48","date_gmt":"2022-10-04T13:45:48","guid":{"rendered":"https:\/\/swixed.com\/produit\/monitor-dei-segni-vitali-edan-im60\/"},"modified":"2026-01-13T22:38:52","modified_gmt":"2026-01-13T21:38:52","slug":"sed20007","status":"publish","type":"product","link":"https:\/\/swixed.ch\/it\/prodotto\/sed20007\/","title":{"rendered":"Monitor dei segni vitali Edan IM60"},"content":{"rendered":"\t\t<div data-elementor-type=\"product-post\" data-elementor-id=\"35485\" class=\"elementor elementor-35485 elementor-14344\" data-elementor-post-type=\"product\">\n\t\t\t\t\t\t<section class=\"elementor-section elementor-top-section elementor-element elementor-element-566dfe8 elementor-section-boxed elementor-section-height-default elementor-section-height-default\" data-id=\"566dfe8\" data-element_type=\"section\" data-e-type=\"section\">\n\t\t\t\t\t\t<div class=\"elementor-container elementor-column-gap-default\">\n\t\t\t\t\t<div class=\"elementor-column elementor-col-100 elementor-top-column elementor-element elementor-element-2c4618e\" data-id=\"2c4618e\" data-element_type=\"column\" data-e-type=\"column\">\n\t\t\t<div class=\"elementor-widget-wrap elementor-element-populated\">\n\t\t\t\t\t\t<div class=\"elementor-element elementor-element-57fea7d elementor-widget elementor-widget-heading\" data-id=\"57fea7d\" data-element_type=\"widget\" data-e-type=\"widget\" data-widget_type=\"heading.default\">\n\t\t\t\t\t<h2 class=\"elementor-heading-title elementor-size-default\">Descrizione<\/h2>\t\t\t\t<\/div>\n\t\t\t\t<div class=\"elementor-element elementor-element-e0a279c elementor-widget elementor-widget-text-editor\" data-id=\"e0a279c\" data-element_type=\"widget\" data-e-type=\"widget\" data-widget_type=\"text-editor.default\">\n\t\t\t\t\t\t\t\t\t<p>Il monitor dei segni vitali Edan IM60 combina modernit\u00e0 e prestazioni per un monitoraggio ottimale dei pazienti di tutte le et\u00e0, sia negli ospedali che nei reparti di emergenza o negli studi privati.<br>Il suo touchscreen da 10,4 pollici offre 5 modalit\u00e0 di visualizzazione, mentre il suo design leggero e silenzioso lo rende uno strumento pratico per l&#8217;uso quotidiano. L&#8217;Edan IM60 pu\u00f2 essere dotato di una stampante termica opzionale per la stampa dei trend e dispone di porte Ethernet e VGA per l&#8217;integrazione con stampanti esterne o un secondo schermo. <\/p>\t\t\t\t\t\t\t\t<\/div>\n\t\t\t\t<div class=\"elementor-element elementor-element-22e1c58 elementor-widget elementor-widget-heading\" data-id=\"22e1c58\" data-element_type=\"widget\" data-e-type=\"widget\" data-widget_type=\"heading.default\">\n\t\t\t\t\t<h2 class=\"elementor-heading-title elementor-size-default\">Le 5 funzioni del monitor Edan IM60<\/h2>\t\t\t\t<\/div>\n\t\t\t\t<div class=\"elementor-element elementor-element-975578d elementor-widget elementor-widget-text-editor\" data-id=\"975578d\" data-element_type=\"widget\" data-e-type=\"widget\" data-widget_type=\"text-editor.default\">\n\t\t\t\t\t\t\t\t\t<ul><li><strong>ECG<\/strong> (3-5 derivazioni standard, 6-12 derivazioni opzionali)<\/li><li><strong>Monitoraggio della respirazione<\/strong><\/li><li><strong>Misurazione della pressione sanguigna<\/strong><\/li><li><strong>Saturazione di ossigeno (SpO2)<\/strong><\/li><li><strong>Misurazione della temperatura<\/strong> (orale, rettale, ascellare)<\/li><\/ul><p>Il dispositivo include allarmi visivi e acustici regolabili per garantire un monitoraggio costante e sicuro. Tre livelli di allarme separati sono completamente configurabili per soddisfare le tue esigenze. Il sistema dispone anche del MEWS (Modified Early Warning Score) per un monitoraggio avanzato del paziente con sei parametri chiave.  <\/p>\t\t\t\t\t\t\t\t<\/div>\n\t\t\t\t<div class=\"elementor-element elementor-element-3c5d34a elementor-widget elementor-widget-heading\" data-id=\"3c5d34a\" data-element_type=\"widget\" data-e-type=\"widget\" data-widget_type=\"heading.default\">\n\t\t\t\t\t<h2 class=\"elementor-heading-title elementor-size-default\">Altre opzioni disponibili per Edan IM60<\/h2>\t\t\t\t<\/div>\n\t\t\t\t<div class=\"elementor-element elementor-element-465eb43 elementor-widget elementor-widget-text-editor\" data-id=\"465eb43\" data-element_type=\"widget\" data-e-type=\"widget\" data-widget_type=\"text-editor.default\">\n\t\t\t\t\t\t\t\t\t<ul><li><strong>ECG a 6-12 derivazioni<\/strong> (opzionale)<\/li><li><strong>Modulo di trasmissione Wifi<\/strong> (opzionale)<\/li><li><strong>Capnografia Co2 G2 Edan<\/strong> (opzione)<\/li><li><strong>Modulo IBP per la misurazione invasiva della pressione sanguigna<\/strong> (opzionale)<\/li><li><strong>SPO2 Nellcor<\/strong> (opzionale)<\/li><li><strong>Suntech PNI<\/strong> (opzione)<\/li><\/ul>\t\t\t\t\t\t\t\t<\/div>\n\t\t\t\t<div class=\"elementor-element elementor-element-452cd83 elementor-widget elementor-widget-template\" data-id=\"452cd83\" data-element_type=\"widget\" data-e-type=\"widget\" data-widget_type=\"template.default\">\n\t\t\t\t<div class=\"elementor-widget-container\">\n\t\t\t\t\t\t\t<div class=\"elementor-template\">\n\t\t\t\t\t<div data-elementor-type=\"page\" data-elementor-id=\"32631\" class=\"elementor elementor-32631 elementor-14258 elementor-14258\" data-elementor-post-type=\"elementor_library\">\n\t\t\t\t\t\t<section class=\"elementor-section elementor-top-section elementor-element elementor-element-73df4e3f elementor-section-full_width elementor-section-height-default elementor-section-height-default\" data-id=\"73df4e3f\" data-element_type=\"section\" data-e-type=\"section\">\n\t\t\t\t\t\t<div class=\"elementor-container elementor-column-gap-default\">\n\t\t\t\t\t<div class=\"elementor-column elementor-col-100 elementor-top-column elementor-element elementor-element-697d7c6\" data-id=\"697d7c6\" data-element_type=\"column\" data-e-type=\"column\">\n\t\t\t<div class=\"elementor-widget-wrap elementor-element-populated\">\n\t\t\t\t\t\t<div class=\"elementor-element elementor-element-5c0b3841 elementor-widget elementor-widget-heading\" data-id=\"5c0b3841\" data-element_type=\"widget\" data-e-type=\"widget\" data-widget_type=\"heading.default\">\n\t\t\t\t\t<h2 class=\"elementor-heading-title elementor-size-default\">Confronto tra le caratteristiche della linea Edan iM<\/h2>\t\t\t\t<\/div>\n\t\t\t\t<section class=\"elementor-section elementor-inner-section elementor-element elementor-element-44ad3359 elementor-section-boxed elementor-section-height-default elementor-section-height-default\" data-id=\"44ad3359\" data-element_type=\"section\" data-e-type=\"section\">\n\t\t\t\t\t\t<div class=\"elementor-container elementor-column-gap-default\">\n\t\t\t\t\t<div class=\"elementor-column elementor-col-25 elementor-inner-column elementor-element elementor-element-377107d1\" data-id=\"377107d1\" data-element_type=\"column\" data-e-type=\"column\">\n\t\t\t<div class=\"elementor-widget-wrap elementor-element-populated\">\n\t\t\t\t\t\t<div class=\"elementor-element elementor-element-1046d628 elementor-widget elementor-widget-image\" data-id=\"1046d628\" data-element_type=\"widget\" data-e-type=\"widget\" data-widget_type=\"image.default\">\n\t\t\t\t\t\t\t\t\t\t\t\t\t\t\t<img fetchpriority=\"high\" decoding=\"async\" width=\"600\" height=\"600\" src=\"https:\/\/swixed.ch\/wp-content\/uploads\/products\/edan-im50-01.png\" class=\"attachment-full size-full wp-image-29732\" alt=\"Monitor dei segni vitali Edan IM50\" srcset=\"https:\/\/swixed.ch\/wp-content\/uploads\/products\/edan-im50-01.png 600w, https:\/\/swixed.ch\/wp-content\/uploads\/products\/edan-im50-01-100x100.png 100w, https:\/\/swixed.ch\/wp-content\/uploads\/products\/edan-im50-01-64x64.png 64w, https:\/\/swixed.ch\/wp-content\/uploads\/products\/edan-im50-01-300x300.png 300w, https:\/\/swixed.ch\/wp-content\/uploads\/products\/edan-im50-01-150x150.png 150w\" sizes=\"(max-width: 600px) 100vw, 600px\" \/>\t\t\t\t\t\t\t\t\t\t\t\t\t\t\t<\/div>\n\t\t\t\t\t<\/div>\n\t\t<\/div>\n\t\t\t\t<div class=\"elementor-column elementor-col-25 elementor-inner-column elementor-element elementor-element-58f29a51\" data-id=\"58f29a51\" data-element_type=\"column\" data-e-type=\"column\">\n\t\t\t<div class=\"elementor-widget-wrap elementor-element-populated\">\n\t\t\t\t\t\t<div class=\"elementor-element elementor-element-5e944703 elementor-widget elementor-widget-image\" data-id=\"5e944703\" data-element_type=\"widget\" data-e-type=\"widget\" data-widget_type=\"image.default\">\n\t\t\t\t\t\t\t\t\t\t\t\t\t\t\t<img decoding=\"async\" width=\"600\" height=\"600\" src=\"https:\/\/swixed.ch\/wp-content\/uploads\/products\/edan-im60-01.png\" class=\"attachment-full size-full wp-image-29744\" alt=\"Monitor dei segni vitali Edan IM60\" srcset=\"https:\/\/swixed.ch\/wp-content\/uploads\/products\/edan-im60-01.png 600w, https:\/\/swixed.ch\/wp-content\/uploads\/products\/edan-im60-01-100x100.png 100w, https:\/\/swixed.ch\/wp-content\/uploads\/products\/edan-im60-01-64x64.png 64w, https:\/\/swixed.ch\/wp-content\/uploads\/products\/edan-im60-01-300x300.png 300w, https:\/\/swixed.ch\/wp-content\/uploads\/products\/edan-im60-01-150x150.png 150w\" sizes=\"(max-width: 600px) 100vw, 600px\" \/>\t\t\t\t\t\t\t\t\t\t\t\t\t\t\t<\/div>\n\t\t\t\t\t<\/div>\n\t\t<\/div>\n\t\t\t\t<div class=\"elementor-column elementor-col-25 elementor-inner-column elementor-element elementor-element-507a23ea\" data-id=\"507a23ea\" data-element_type=\"column\" data-e-type=\"column\">\n\t\t\t<div class=\"elementor-widget-wrap elementor-element-populated\">\n\t\t\t\t\t\t<div class=\"elementor-element elementor-element-2a8cbd7e elementor-widget elementor-widget-image\" data-id=\"2a8cbd7e\" data-element_type=\"widget\" data-e-type=\"widget\" data-widget_type=\"image.default\">\n\t\t\t\t\t\t\t\t\t\t\t\t\t\t\t<img decoding=\"async\" width=\"600\" height=\"600\" src=\"https:\/\/swixed.ch\/wp-content\/uploads\/products\/edan-im70-01.png\" class=\"attachment-full size-full wp-image-29772\" alt=\"Monitor dei segni vitali Edan IM70\" srcset=\"https:\/\/swixed.ch\/wp-content\/uploads\/products\/edan-im70-01.png 600w, https:\/\/swixed.ch\/wp-content\/uploads\/products\/edan-im70-01-100x100.png 100w, https:\/\/swixed.ch\/wp-content\/uploads\/products\/edan-im70-01-64x64.png 64w, https:\/\/swixed.ch\/wp-content\/uploads\/products\/edan-im70-01-300x300.png 300w, https:\/\/swixed.ch\/wp-content\/uploads\/products\/edan-im70-01-150x150.png 150w\" sizes=\"(max-width: 600px) 100vw, 600px\" \/>\t\t\t\t\t\t\t\t\t\t\t\t\t\t\t<\/div>\n\t\t\t\t\t<\/div>\n\t\t<\/div>\n\t\t\t\t<div class=\"elementor-column elementor-col-25 elementor-inner-column elementor-element elementor-element-3ec99f4\" data-id=\"3ec99f4\" data-element_type=\"column\" data-e-type=\"column\">\n\t\t\t<div class=\"elementor-widget-wrap elementor-element-populated\">\n\t\t\t\t\t\t<div class=\"elementor-element elementor-element-57046e42 elementor-widget elementor-widget-image\" data-id=\"57046e42\" data-element_type=\"widget\" data-e-type=\"widget\" data-widget_type=\"image.default\">\n\t\t\t\t\t\t\t\t\t\t\t\t\t\t\t<img loading=\"lazy\" decoding=\"async\" width=\"600\" height=\"600\" src=\"https:\/\/swixed.ch\/wp-content\/uploads\/products\/edan-im80-01.png\" class=\"attachment-full size-full wp-image-29692\" alt=\"\" srcset=\"https:\/\/swixed.ch\/wp-content\/uploads\/products\/edan-im80-01.png 600w, https:\/\/swixed.ch\/wp-content\/uploads\/products\/edan-im80-01-100x100.png 100w, https:\/\/swixed.ch\/wp-content\/uploads\/products\/edan-im80-01-64x64.png 64w, https:\/\/swixed.ch\/wp-content\/uploads\/products\/edan-im80-01-300x300.png 300w, https:\/\/swixed.ch\/wp-content\/uploads\/products\/edan-im80-01-150x150.png 150w\" sizes=\"(max-width: 600px) 100vw, 600px\" \/>\t\t\t\t\t\t\t\t\t\t\t\t\t\t\t<\/div>\n\t\t\t\t\t<\/div>\n\t\t<\/div>\n\t\t\t\t\t<\/div>\n\t\t<\/section>\n\t\t\t\t\t<\/div>\n\t\t<\/div>\n\t\t\t\t\t<\/div>\n\t\t<\/section>\n\t\t\t\t<\/div>\n\t\t\t\t<\/div>\n\t\t\t\t\t\t<\/div>\n\t\t\t\t<\/div>\n\t\t\t\t<div class=\"elementor-element elementor-element-7c93af0 elementor-widget elementor-widget-heading\" data-id=\"7c93af0\" data-element_type=\"widget\" data-e-type=\"widget\" data-widget_type=\"heading.default\">\n\t\t\t\t\t<h2 class=\"elementor-heading-title elementor-size-default\">Contenuto di Edan IM60<\/h2>\t\t\t\t<\/div>\n\t\t\t\t<div class=\"elementor-element elementor-element-22426b1 elementor-widget elementor-widget-text-editor\" data-id=\"22426b1\" data-element_type=\"widget\" data-e-type=\"widget\" data-widget_type=\"text-editor.default\">\n\t\t\t\t\t\t\t\t\t<ul><li>Cavo ECG a 5 derivazioni<\/li><li>Tubo NIBP da 3 metri<\/li><li>Polsino per adulti (27-35 cm)<\/li><li>Sensore SPO2 in silicone da 2,5 metri<\/li><li>Sonda per la temperatura della pelle<\/li><li>Batteria ricaricabile<\/li><li>Caricabatterie<\/li><\/ul>\t\t\t\t\t\t\t\t<\/div>\n\t\t\t\t\t<\/div>\n\t\t<\/div>\n\t\t\t\t\t<\/div>\n\t\t<\/section>\n\t\t\t\t<\/div>\n\t\t","protected":false},"excerpt":{"rendered":"<p>Il monitor dei segni vitali Edan IM60 offre un monitoraggio affidabile e completo dei pazienti di tutte le et\u00e0. Leggero, silenzioso e intuitivo, \u00e8 dotato di uno schermo touch screen da 10,4&#8243; e di un&#8217;ampia gamma di opzioni per soddisfare le esigenze di ospedali, dipartimenti di emergenza o studi medici. Il suo design compatto misura la frequenza cardiaca, la saturazione di ossigeno, la pressione sanguigna, la respirazione e la temperatura. La sua memoria di 8 GB \u00e8 espandibile via USB.   <\/p>\n","protected":false},"featured_media":29744,"template":"","meta":{"_acf_changed":false},"product_brand":[2082],"product_cat":[1093,1367],"product_tag":[7650,985,7649,1371,7648,7647,1611,3703,1148,7646],"class_list":{"0":"post-35485","1":"product","2":"type-product","3":"status-publish","4":"has-post-thumbnail","6":"product_brand-edan-it","7":"product_cat-monitor-pazienti","8":"product_cat-apparecchi-monitor-pazienti","9":"product_tag-allarmi-fisiologici","10":"product_tag-ecg-it","11":"product_tag-memoria-del-paziente","12":"product_tag-nibp-it","13":"product_tag-oscillometrico","14":"product_tag-pr","15":"product_tag-risp","16":"product_tag-schermo-a-colori","17":"product_tag-spo2-it","18":"product_tag-temp","20":"first","21":"instock","22":"taxable","23":"shipping-taxable","24":"purchasable","25":"product-type-variable","26":"has-default-attributes"},"acf":[],"yoast_head":"<!-- This site is optimized with the Yoast SEO Premium plugin v27.4 (Yoast SEO v27.4) - https:\/\/yoast.com\/product\/yoast-seo-premium-wordpress\/ -->\n<title>Monitor dei segni vitali Edan IM60 | Swixed SA Tattile e ultracompatto<\/title>\n<meta name=\"description\" content=\"Monitor dei segni vitali Edan IM60 con schermo touch screen da 10,4&quot;, ECG, SpO2, pressione sanguigna, respirazione e temperatura. Compatto e versatile.\" \/>\n<meta name=\"robots\" content=\"index, follow, max-snippet:-1, max-image-preview:large, max-video-preview:-1\" \/>\n<link rel=\"canonical\" href=\"https:\/\/swixed.ch\/it\/prodotto\/sed20007\/\" \/>\n<meta property=\"og:locale\" content=\"it_IT\" \/>\n<meta property=\"og:type\" content=\"article\" \/>\n<meta property=\"og:title\" content=\"Monitor dei segni vitali Edan IM60\" \/>\n<meta property=\"og:description\" content=\"Monitor dei segni vitali Edan IM60 con schermo touch screen da 10,4&quot;, ECG, SpO2, pressione sanguigna, respirazione e temperatura. Compatto e versatile.\" \/>\n<meta property=\"og:url\" content=\"https:\/\/swixed.ch\/it\/prodotto\/sed20007\/\" \/>\n<meta property=\"og:site_name\" content=\"Swixed SA\" \/>\n<meta property=\"article:publisher\" content=\"https:\/\/www.facebook.com\/swixed\" \/>\n<meta property=\"article:modified_time\" content=\"2026-01-13T21:38:52+00:00\" \/>\n<meta property=\"og:image\" content=\"https:\/\/swixed.ch\/wp-content\/uploads\/products\/edan-im60-01.png\" \/>\n\t<meta property=\"og:image:width\" content=\"600\" \/>\n\t<meta property=\"og:image:height\" content=\"600\" \/>\n\t<meta property=\"og:image:type\" content=\"image\/png\" \/>\n<meta name=\"twitter:card\" content=\"summary_large_image\" \/>\n<meta name=\"twitter:label1\" content=\"Tempo di lettura stimato\" \/>\n\t<meta name=\"twitter:data1\" content=\"1 minuto\" \/>\n<script type=\"application\/ld+json\" class=\"yoast-schema-graph\">{\"@context\":\"https:\\\/\\\/schema.org\",\"@graph\":[{\"@type\":\"WebPage\",\"@id\":\"https:\\\/\\\/swixed.ch\\\/it\\\/prodotto\\\/sed20007\\\/\",\"url\":\"https:\\\/\\\/swixed.ch\\\/it\\\/prodotto\\\/sed20007\\\/\",\"name\":\"Monitor dei segni vitali Edan IM60 | Swixed SA Tattile e ultracompatto\",\"isPartOf\":{\"@id\":\"https:\\\/\\\/swixed.ch\\\/it\\\/#website\"},\"primaryImageOfPage\":{\"@id\":\"https:\\\/\\\/swixed.ch\\\/it\\\/prodotto\\\/sed20007\\\/#primaryimage\"},\"image\":{\"@id\":\"https:\\\/\\\/swixed.ch\\\/it\\\/prodotto\\\/sed20007\\\/#primaryimage\"},\"thumbnailUrl\":\"https:\\\/\\\/swixed.ch\\\/wp-content\\\/uploads\\\/products\\\/edan-im60-01.png\",\"datePublished\":\"2022-10-04T13:45:48+00:00\",\"dateModified\":\"2026-01-13T21:38:52+00:00\",\"description\":\"Monitor dei segni vitali Edan IM60 con schermo touch screen da 10,4\\\", ECG, SpO2, pressione sanguigna, respirazione e temperatura. Compatto e versatile.\",\"breadcrumb\":{\"@id\":\"https:\\\/\\\/swixed.ch\\\/it\\\/prodotto\\\/sed20007\\\/#breadcrumb\"},\"inLanguage\":\"it-IT\",\"potentialAction\":[{\"@type\":\"ReadAction\",\"target\":[\"https:\\\/\\\/swixed.ch\\\/it\\\/prodotto\\\/sed20007\\\/\"]}]},{\"@type\":\"ImageObject\",\"inLanguage\":\"it-IT\",\"@id\":\"https:\\\/\\\/swixed.ch\\\/it\\\/prodotto\\\/sed20007\\\/#primaryimage\",\"url\":\"https:\\\/\\\/swixed.ch\\\/wp-content\\\/uploads\\\/products\\\/edan-im60-01.png\",\"contentUrl\":\"https:\\\/\\\/swixed.ch\\\/wp-content\\\/uploads\\\/products\\\/edan-im60-01.png\",\"width\":600,\"height\":600,\"caption\":\"Monitor dei segni vitali Edan IM60\"},{\"@type\":\"BreadcrumbList\",\"@id\":\"https:\\\/\\\/swixed.ch\\\/it\\\/prodotto\\\/sed20007\\\/#breadcrumb\",\"itemListElement\":[{\"@type\":\"ListItem\",\"position\":1,\"name\":\"Home\",\"item\":\"https:\\\/\\\/swixed.ch\\\/it\\\/home\\\/\"},{\"@type\":\"ListItem\",\"position\":2,\"name\":\"Negozio\",\"item\":\"https:\\\/\\\/swixed.ch\\\/it\\\/shop\\\/\"},{\"@type\":\"ListItem\",\"position\":3,\"name\":\"monitor paziente\"}]},{\"@type\":\"WebSite\",\"@id\":\"https:\\\/\\\/swixed.ch\\\/it\\\/#website\",\"url\":\"https:\\\/\\\/swixed.ch\\\/it\\\/\",\"name\":\"Swixed SA\",\"description\":\"Dispositivi elettronici\",\"publisher\":{\"@id\":\"https:\\\/\\\/swixed.ch\\\/it\\\/#organization\"},\"potentialAction\":[{\"@type\":\"SearchAction\",\"target\":{\"@type\":\"EntryPoint\",\"urlTemplate\":\"https:\\\/\\\/swixed.ch\\\/it\\\/?s={search_term_string}\"},\"query-input\":{\"@type\":\"PropertyValueSpecification\",\"valueRequired\":true,\"valueName\":\"search_term_string\"}}],\"inLanguage\":\"it-IT\"},{\"@type\":\"Organization\",\"@id\":\"https:\\\/\\\/swixed.ch\\\/it\\\/#organization\",\"name\":\"Swixed SA\",\"url\":\"https:\\\/\\\/swixed.ch\\\/it\\\/\",\"logo\":{\"@type\":\"ImageObject\",\"inLanguage\":\"it-IT\",\"@id\":\"https:\\\/\\\/swixed.ch\\\/it\\\/#\\\/schema\\\/logo\\\/image\\\/\",\"url\":\"https:\\\/\\\/swixed.ch\\\/wp-content\\\/uploads\\\/logos\\\/swixed-logo-lite.png\",\"contentUrl\":\"https:\\\/\\\/swixed.ch\\\/wp-content\\\/uploads\\\/logos\\\/swixed-logo-lite.png\",\"width\":696,\"height\":696,\"caption\":\"Swixed SA\"},\"image\":{\"@id\":\"https:\\\/\\\/swixed.ch\\\/it\\\/#\\\/schema\\\/logo\\\/image\\\/\"},\"sameAs\":[\"https:\\\/\\\/www.facebook.com\\\/swixed\",\"https:\\\/\\\/www.linkedin.com\\\/company\\\/swixed\",\"https:\\\/\\\/www.youtube.com\\\/@swixedsa\"],\"description\":\"Swixed SA est une entreprise suisse bas\u00e9e \u00e0 Gen\u00e8ve, sp\u00e9cialis\u00e9e dans la vente, la location et la maintenance d\u2019appareils m\u00e9dicaux professionnels, tels que d\u00e9fibrillateurs AED, \u00e9lectrocardiographes, moniteurs patient et dispositifs de diagnostic.\",\"email\":\"infoshop@swixed.ch\",\"telephone\":\"+41 22 566 11 95\",\"legalName\":\"Swixed SA\",\"foundingDate\":\"2021-03-01\",\"numberOfEmployees\":{\"@type\":\"QuantitativeValue\",\"minValue\":\"1\",\"maxValue\":\"10\"}}]}<\/script>\n<!-- \/ Yoast SEO Premium plugin. -->","yoast_head_json":{"title":"Monitor dei segni vitali Edan IM60 | Swixed SA Tattile e ultracompatto","description":"Monitor dei segni vitali Edan IM60 con schermo touch screen da 10,4\", ECG, SpO2, pressione sanguigna, respirazione e temperatura. Compatto e versatile.","robots":{"index":"index","follow":"follow","max-snippet":"max-snippet:-1","max-image-preview":"max-image-preview:large","max-video-preview":"max-video-preview:-1"},"canonical":"https:\/\/swixed.ch\/it\/prodotto\/sed20007\/","og_locale":"it_IT","og_type":"article","og_title":"Monitor dei segni vitali Edan IM60","og_description":"Monitor dei segni vitali Edan IM60 con schermo touch screen da 10,4\", ECG, SpO2, pressione sanguigna, respirazione e temperatura. Compatto e versatile.","og_url":"https:\/\/swixed.ch\/it\/prodotto\/sed20007\/","og_site_name":"Swixed SA","article_publisher":"https:\/\/www.facebook.com\/swixed","article_modified_time":"2026-01-13T21:38:52+00:00","og_image":[{"width":600,"height":600,"url":"https:\/\/swixed.ch\/wp-content\/uploads\/products\/edan-im60-01.png","type":"image\/png"}],"twitter_card":"summary_large_image","twitter_misc":{"Tempo di lettura stimato":"1 minuto"},"schema":{"@context":"https:\/\/schema.org","@graph":[{"@type":"WebPage","@id":"https:\/\/swixed.ch\/it\/prodotto\/sed20007\/","url":"https:\/\/swixed.ch\/it\/prodotto\/sed20007\/","name":"Monitor dei segni vitali Edan IM60 | Swixed SA Tattile e ultracompatto","isPartOf":{"@id":"https:\/\/swixed.ch\/it\/#website"},"primaryImageOfPage":{"@id":"https:\/\/swixed.ch\/it\/prodotto\/sed20007\/#primaryimage"},"image":{"@id":"https:\/\/swixed.ch\/it\/prodotto\/sed20007\/#primaryimage"},"thumbnailUrl":"https:\/\/swixed.ch\/wp-content\/uploads\/products\/edan-im60-01.png","datePublished":"2022-10-04T13:45:48+00:00","dateModified":"2026-01-13T21:38:52+00:00","description":"Monitor dei segni vitali Edan IM60 con schermo touch screen da 10,4\", ECG, SpO2, pressione sanguigna, respirazione e temperatura. Compatto e versatile.","breadcrumb":{"@id":"https:\/\/swixed.ch\/it\/prodotto\/sed20007\/#breadcrumb"},"inLanguage":"it-IT","potentialAction":[{"@type":"ReadAction","target":["https:\/\/swixed.ch\/it\/prodotto\/sed20007\/"]}]},{"@type":"ImageObject","inLanguage":"it-IT","@id":"https:\/\/swixed.ch\/it\/prodotto\/sed20007\/#primaryimage","url":"https:\/\/swixed.ch\/wp-content\/uploads\/products\/edan-im60-01.png","contentUrl":"https:\/\/swixed.ch\/wp-content\/uploads\/products\/edan-im60-01.png","width":600,"height":600,"caption":"Monitor dei segni vitali Edan IM60"},{"@type":"BreadcrumbList","@id":"https:\/\/swixed.ch\/it\/prodotto\/sed20007\/#breadcrumb","itemListElement":[{"@type":"ListItem","position":1,"name":"Home","item":"https:\/\/swixed.ch\/it\/home\/"},{"@type":"ListItem","position":2,"name":"Negozio","item":"https:\/\/swixed.ch\/it\/shop\/"},{"@type":"ListItem","position":3,"name":"monitor paziente"}]},{"@type":"WebSite","@id":"https:\/\/swixed.ch\/it\/#website","url":"https:\/\/swixed.ch\/it\/","name":"Swixed SA","description":"Dispositivi elettronici","publisher":{"@id":"https:\/\/swixed.ch\/it\/#organization"},"potentialAction":[{"@type":"SearchAction","target":{"@type":"EntryPoint","urlTemplate":"https:\/\/swixed.ch\/it\/?s={search_term_string}"},"query-input":{"@type":"PropertyValueSpecification","valueRequired":true,"valueName":"search_term_string"}}],"inLanguage":"it-IT"},{"@type":"Organization","@id":"https:\/\/swixed.ch\/it\/#organization","name":"Swixed SA","url":"https:\/\/swixed.ch\/it\/","logo":{"@type":"ImageObject","inLanguage":"it-IT","@id":"https:\/\/swixed.ch\/it\/#\/schema\/logo\/image\/","url":"https:\/\/swixed.ch\/wp-content\/uploads\/logos\/swixed-logo-lite.png","contentUrl":"https:\/\/swixed.ch\/wp-content\/uploads\/logos\/swixed-logo-lite.png","width":696,"height":696,"caption":"Swixed SA"},"image":{"@id":"https:\/\/swixed.ch\/it\/#\/schema\/logo\/image\/"},"sameAs":["https:\/\/www.facebook.com\/swixed","https:\/\/www.linkedin.com\/company\/swixed","https:\/\/www.youtube.com\/@swixedsa"],"description":"Swixed SA est une entreprise suisse bas\u00e9e \u00e0 Gen\u00e8ve, sp\u00e9cialis\u00e9e dans la vente, la location et la maintenance d\u2019appareils m\u00e9dicaux professionnels, tels que d\u00e9fibrillateurs AED, \u00e9lectrocardiographes, moniteurs patient et dispositifs de diagnostic.","email":"infoshop@swixed.ch","telephone":"+41 22 566 11 95","legalName":"Swixed SA","foundingDate":"2021-03-01","numberOfEmployees":{"@type":"QuantitativeValue","minValue":"1","maxValue":"10"}}]}},"_links":{"self":[{"href":"https:\/\/swixed.ch\/it\/wp-json\/wp\/v2\/product\/35485","targetHints":{"allow":["GET"]}}],"collection":[{"href":"https:\/\/swixed.ch\/it\/wp-json\/wp\/v2\/product"}],"about":[{"href":"https:\/\/swixed.ch\/it\/wp-json\/wp\/v2\/types\/product"}],"version-history":[{"count":0,"href":"https:\/\/swixed.ch\/it\/wp-json\/wp\/v2\/product\/35485\/revisions"}],"wp:featuredmedia":[{"embeddable":true,"href":"https:\/\/swixed.ch\/it\/wp-json\/wp\/v2\/media\/29744"}],"wp:attachment":[{"href":"https:\/\/swixed.ch\/it\/wp-json\/wp\/v2\/media?parent=35485"}],"wp:term":[{"taxonomy":"product_brand","embeddable":true,"href":"https:\/\/swixed.ch\/it\/wp-json\/wp\/v2\/product_brand?post=35485"},{"taxonomy":"product_cat","embeddable":true,"href":"https:\/\/swixed.ch\/it\/wp-json\/wp\/v2\/product_cat?post=35485"},{"taxonomy":"product_tag","embeddable":true,"href":"https:\/\/swixed.ch\/it\/wp-json\/wp\/v2\/product_tag?post=35485"}],"curies":[{"name":"wp","href":"https:\/\/api.w.org\/{rel}","templated":true}]}}