{"id":35542,"date":"2022-11-24T12:38:55","date_gmt":"2022-11-24T11:38:55","guid":{"rendered":"https:\/\/swixed.com\/produit\/monitor-fetale-doppio-edan-f6\/"},"modified":"2026-04-20T19:06:35","modified_gmt":"2026-04-20T18:06:35","slug":"sed40006","status":"publish","type":"product","link":"https:\/\/swixed.ch\/it\/prodotto\/sed40006\/","title":{"rendered":"Cardiotocografo Edan F6 + Opzione gemellare"},"content":{"rendered":"\t\t<div data-elementor-type=\"product-post\" data-elementor-id=\"35542\" class=\"elementor elementor-35542 elementor-14901\" data-elementor-post-type=\"product\">\n\t\t\t\t\t\t<section class=\"elementor-section elementor-top-section elementor-element elementor-element-566dfe8 elementor-section-boxed elementor-section-height-default elementor-section-height-default\" data-id=\"566dfe8\" data-element_type=\"section\" data-e-type=\"section\">\n\t\t\t\t\t\t<div class=\"elementor-container elementor-column-gap-default\">\n\t\t\t\t\t<div class=\"elementor-column elementor-col-100 elementor-top-column elementor-element elementor-element-2c4618e\" data-id=\"2c4618e\" data-element_type=\"column\" data-e-type=\"column\">\n\t\t\t<div class=\"elementor-widget-wrap elementor-element-populated\">\n\t\t\t\t\t\t<div class=\"elementor-element elementor-element-57fea7d elementor-widget elementor-widget-heading\" data-id=\"57fea7d\" data-element_type=\"widget\" data-e-type=\"widget\" data-widget_type=\"heading.default\">\n\t\t\t\t\t<h2 class=\"elementor-heading-title elementor-size-default\">Descrizione<\/h2>\t\t\t\t<\/div>\n\t\t\t\t<div class=\"elementor-element elementor-element-e0a279c elementor-widget elementor-widget-text-editor\" data-id=\"e0a279c\" data-element_type=\"widget\" data-e-type=\"widget\" data-widget_type=\"text-editor.default\">\n\t\t\t\t\t\t\t\t\t<p>Il monitor fetale gemellare Edan F6 con calcolo della Variabilit\u00e0 Cardiaca Totale (TCV) \u00e8 uno strumento avanzato di monitoraggio della gravidanza, particolarmente adatto alle gravidanze multiple. Dotato di uno schermo a colori TFT da 10,2 pollici, fornisce dati grafici dettagliati per facilitare il monitoraggio fetale in clinica o in ospedale. <\/p><p>Con due sensori FHR, questo monitor consente il monitoraggio simultaneo di due feti, essenziale per le gravidanze gemellari. Il sensore impermeabile da 1 MHz garantisce una penetrazione ottimale del suono per un monitoraggio sicuro e non invasivo. Il sistema rileva i movimenti fetali e pu\u00f2 essere attivato automaticamente o manualmente a seconda delle necessit\u00e0.  <\/p><p>La funzione VCT integrata nel monitor analizza la frequenza cardiaca fetale e aiuta a rilevare un&#8217;eventuale restrizione della crescita intrauterina (IUGR), analizzando la variabilit\u00e0 a breve termine dei segnali cardiaci per ottenere informazioni precise sulla salute del feto.<\/p>\t\t\t\t\t\t\t\t<\/div>\n\t\t\t\t<div class=\"elementor-element elementor-element-f2dd4f7 elementor-widget elementor-widget-heading\" data-id=\"f2dd4f7\" data-element_type=\"widget\" data-e-type=\"widget\" data-widget_type=\"heading.default\">\n\t\t\t\t\t<h2 class=\"elementor-heading-title elementor-size-default\">Specifiche tecniche<\/h2>\t\t\t\t<\/div>\n\t\t\t\t<div class=\"elementor-element elementor-element-05d6e6e elementor-widget elementor-widget-text-editor\" data-id=\"05d6e6e\" data-element_type=\"widget\" data-e-type=\"widget\" data-widget_type=\"text-editor.default\">\n\t\t\t\t\t\t\t\t\t<p>Il monitor Edan F6 funziona sia con l&#8217;alimentazione di rete che con una batteria ricaricabile senza effetto memoria, garantendo un utilizzo ininterrotto. La sua capacit\u00e0 di memorizzazione pu\u00f2 contenere fino a 60 ore di dati e la stampante termica integrata stampa a velocit\u00e0 regolabile di 1, 2 o 3 cm\/min. Sono disponibili tre modalit\u00e0 di visualizzazione: valori e grafici, solo grafici o solo valori, per la massima flessibilit\u00e0 in base alle esigenze del professionista.  <\/p><p>La funzione SOV controlla automaticamente i segnali per evitare interferenze durante il monitoraggio dei gemelli. Gli avvisi acustici e visivi e i marcatori di eventi facilitano il monitoraggio attivo e reattivo. <\/p>\t\t\t\t\t\t\t\t<\/div>\n\t\t\t\t<div class=\"elementor-element elementor-element-667bee0 elementor-widget elementor-widget-heading\" data-id=\"667bee0\" data-element_type=\"widget\" data-e-type=\"widget\" data-widget_type=\"heading.default\">\n\t\t\t\t\t<h3 class=\"elementor-heading-title elementor-size-default\">Video Edan F6<\/h3>\t\t\t\t<\/div>\n\t\t\t\t<div class=\"elementor-element elementor-element-f90fb34 elementor-widget elementor-widget-template\" data-id=\"f90fb34\" data-element_type=\"widget\" data-e-type=\"widget\" data-widget_type=\"template.default\">\n\t\t\t\t<div class=\"elementor-widget-container\">\n\t\t\t\t\t\t\t<div class=\"elementor-template\">\n\t\t\t\t\t<div data-elementor-type=\"section\" data-elementor-id=\"32708\" class=\"elementor elementor-32708 elementor-15455 elementor-15455\" data-elementor-post-type=\"elementor_library\">\n\t\t\t\t\t<section class=\"elementor-section elementor-inner-section elementor-element elementor-element-6279eb45 elementor-section-full_width elementor-section-height-default elementor-section-height-default\" data-id=\"6279eb45\" data-element_type=\"section\" data-e-type=\"section\">\n\t\t\t\t\t\t<div class=\"elementor-container elementor-column-gap-default\">\n\t\t\t\t\t<div class=\"elementor-column elementor-col-50 elementor-inner-column elementor-element elementor-element-33653143\" data-id=\"33653143\" data-element_type=\"column\" data-e-type=\"column\">\n\t\t\t<div class=\"elementor-widget-wrap\">\n\t\t\t\t\t\t\t<\/div>\n\t\t<\/div>\n\t\t\t\t<div class=\"elementor-column elementor-col-50 elementor-inner-column elementor-element elementor-element-37f6b510\" data-id=\"37f6b510\" data-element_type=\"column\" data-e-type=\"column\">\n\t\t\t<div class=\"elementor-widget-wrap\">\n\t\t\t\t\t\t\t<\/div>\n\t\t<\/div>\n\t\t\t\t\t<\/div>\n\t\t<\/section>\n\t\t\t\t<\/div>\n\t\t\t\t<\/div>\n\t\t\t\t\t\t<\/div>\n\t\t\t\t<\/div>\n\t\t\t\t<div class=\"elementor-element elementor-element-2d97c23 elementor-widget elementor-widget-heading\" data-id=\"2d97c23\" data-element_type=\"widget\" data-e-type=\"widget\" data-widget_type=\"heading.default\">\n\t\t\t\t\t<h2 class=\"elementor-heading-title elementor-size-default\">Contenuto<\/h2>\t\t\t\t<\/div>\n\t\t\t\t<div class=\"elementor-element elementor-element-af0e1e3 elementor-widget elementor-widget-text-editor\" data-id=\"af0e1e3\" data-element_type=\"widget\" data-e-type=\"widget\" data-widget_type=\"text-editor.default\">\n\t\t\t\t\t\t\t\t\t<ul><li>Monitor Edan F6<\/li><li>Sensore TOCO esterno<\/li><li>Due sensori RCF (1 MHz)<\/li><li>Fagotto di carta<\/li><li>Batteria al litio<\/li><li>Due cinghie addominali<\/li><li>Gel a ultrasuoni<\/li><li>Cavo di rete<\/li><li>Manuale d&#8217;uso e guide<\/li><li>Funzione VCT e marcatore di eventi inclusi<\/li><\/ul><p> <\/p><p><em><strong>Nota: <\/strong>questo dispositivo medico \u00e8 destinato all&#8217;uso da parte di operatori sanitari per monitorare la salute del feto e deve essere utilizzato in conformit\u00e0 alle linee guida e alle istruzioni fornite.<\/em><\/p>\t\t\t\t\t\t\t\t<\/div>\n\t\t\t\t\t<\/div>\n\t\t<\/div>\n\t\t\t\t\t<\/div>\n\t\t<\/section>\n\t\t\t\t<\/div>\n\t\t","protected":false},"excerpt":{"rendered":"<p>Dispositivo a doppio canale con connettivit\u00e0 VCT, progettato per la visualizzazione in tempo reale dei dati dei sensori in ambienti tecnici o professionali. Dotato di uno schermo a colori da 10,2&#8243; per una visione confortevole. Solo per uso supervisionato. Questo prodotto non sostituisce un dispositivo medico destinato alla diagnosi o al monitoraggio della salute.   <\/p>\n","protected":false},"featured_media":62972,"template":"","meta":{"_acf_changed":false},"product_brand":[2082],"product_cat":[1113,1117],"product_tag":[6356,6349,6352,5145,5288,6350,6357,6351,6347,6353,6358,6348,6354,6355,3758],"class_list":{"0":"post-35542","1":"product","2":"type-product","3":"status-publish","4":"has-post-thumbnail","6":"product_brand-edan-it","7":"product_cat-cardiotocografi","8":"product_cat-apparecchi-cardiotocografi","9":"product_tag-attrezzature-mediche-fetali","10":"product_tag-cardiotocografo-edan","11":"product_tag-cardiotocografo-vct","12":"product_tag-diagnosi-prenatale","13":"product_tag-edan-f6-it","14":"product_tag-follow-up-della-gravidanza-multipla","15":"product_tag-follow-up-della-maternita","16":"product_tag-monitor-di-gravidanza","17":"product_tag-monitor-fetale-gemellare","18":"product_tag-monitor-fetale-professionale","19":"product_tag-monitor-ostetrico","20":"product_tag-monitoraggio-fetale-it","21":"product_tag-monitoraggio-rcf","22":"product_tag-sensore-fetale","23":"product_tag-sorveglianza-fetale","25":"first","26":"instock","27":"sale","28":"taxable","29":"shipping-taxable","30":"purchasable","31":"product-type-simple"},"acf":[],"yoast_head":"<!-- This site is optimized with the Yoast SEO Premium plugin v27.4 (Yoast SEO v27.4) - https:\/\/yoast.com\/product\/yoast-seo-premium-wordpress\/ -->\n<title>Cardiotocografo Edan F6 + Opzione gemellare | Swixed SA<\/title>\n<meta name=\"description\" content=\"Monitor fetale gemellare Edan F6 con VCT per un monitoraggio accurato delle gravidanze multiple, schermo da 10,2 pollici, sensori e opzioni di monitoraggio affidabili\" \/>\n<meta name=\"robots\" content=\"index, follow, max-snippet:-1, max-image-preview:large, max-video-preview:-1\" \/>\n<link rel=\"canonical\" href=\"https:\/\/swixed.ch\/it\/prodotto\/sed40006\/\" \/>\n<meta property=\"og:locale\" content=\"it_IT\" \/>\n<meta property=\"og:type\" content=\"article\" \/>\n<meta property=\"og:title\" content=\"Cardiotocografo Edan F6 + Opzione gemellare\" \/>\n<meta property=\"og:description\" content=\"Monitor fetale gemellare Edan F6 con VCT per un monitoraggio accurato delle gravidanze multiple, schermo da 10,2 pollici, sensori e opzioni di monitoraggio affidabili\" \/>\n<meta property=\"og:url\" content=\"https:\/\/swixed.ch\/it\/prodotto\/sed40006\/\" \/>\n<meta property=\"og:site_name\" content=\"Swixed SA\" \/>\n<meta property=\"article:publisher\" content=\"https:\/\/www.facebook.com\/swixed\" \/>\n<meta property=\"article:modified_time\" content=\"2026-04-20T18:06:35+00:00\" \/>\n<meta property=\"og:image\" content=\"https:\/\/swixed.ch\/wp-content\/uploads\/2026\/01\/SED40005-01.png\" \/>\n\t<meta property=\"og:image:width\" content=\"600\" \/>\n\t<meta property=\"og:image:height\" content=\"600\" \/>\n\t<meta property=\"og:image:type\" content=\"image\/png\" \/>\n<meta name=\"twitter:card\" content=\"summary_large_image\" \/>\n<meta name=\"twitter:label1\" content=\"Tempo di lettura stimato\" \/>\n\t<meta name=\"twitter:data1\" content=\"2 minuti\" \/>\n<script type=\"application\/ld+json\" class=\"yoast-schema-graph\">{\"@context\":\"https:\\\/\\\/schema.org\",\"@graph\":[{\"@type\":\"WebPage\",\"@id\":\"https:\\\/\\\/swixed.ch\\\/it\\\/prodotto\\\/sed40006\\\/\",\"url\":\"https:\\\/\\\/swixed.ch\\\/it\\\/prodotto\\\/sed40006\\\/\",\"name\":\"Cardiotocografo Edan F6 + Opzione gemellare | Swixed SA\",\"isPartOf\":{\"@id\":\"https:\\\/\\\/swixed.ch\\\/it\\\/#website\"},\"primaryImageOfPage\":{\"@id\":\"https:\\\/\\\/swixed.ch\\\/it\\\/prodotto\\\/sed40006\\\/#primaryimage\"},\"image\":{\"@id\":\"https:\\\/\\\/swixed.ch\\\/it\\\/prodotto\\\/sed40006\\\/#primaryimage\"},\"thumbnailUrl\":\"https:\\\/\\\/swixed.ch\\\/wp-content\\\/uploads\\\/2026\\\/01\\\/SED40005-01.png\",\"datePublished\":\"2022-11-24T11:38:55+00:00\",\"dateModified\":\"2026-04-20T18:06:35+00:00\",\"description\":\"Monitor fetale gemellare Edan F6 con VCT per un monitoraggio accurato delle gravidanze multiple, schermo da 10,2 pollici, sensori e opzioni di monitoraggio affidabili\",\"breadcrumb\":{\"@id\":\"https:\\\/\\\/swixed.ch\\\/it\\\/prodotto\\\/sed40006\\\/#breadcrumb\"},\"inLanguage\":\"it-IT\",\"potentialAction\":[{\"@type\":\"ReadAction\",\"target\":[\"https:\\\/\\\/swixed.ch\\\/it\\\/prodotto\\\/sed40006\\\/\"]}]},{\"@type\":\"ImageObject\",\"inLanguage\":\"it-IT\",\"@id\":\"https:\\\/\\\/swixed.ch\\\/it\\\/prodotto\\\/sed40006\\\/#primaryimage\",\"url\":\"https:\\\/\\\/swixed.ch\\\/wp-content\\\/uploads\\\/2026\\\/01\\\/SED40005-01.png\",\"contentUrl\":\"https:\\\/\\\/swixed.ch\\\/wp-content\\\/uploads\\\/2026\\\/01\\\/SED40005-01.png\",\"width\":600,\"height\":600,\"caption\":\"SED40005, SED40006\"},{\"@type\":\"BreadcrumbList\",\"@id\":\"https:\\\/\\\/swixed.ch\\\/it\\\/prodotto\\\/sed40006\\\/#breadcrumb\",\"itemListElement\":[{\"@type\":\"ListItem\",\"position\":1,\"name\":\"Home\",\"item\":\"https:\\\/\\\/swixed.ch\\\/it\\\/home\\\/\"},{\"@type\":\"ListItem\",\"position\":2,\"name\":\"Negozio\",\"item\":\"https:\\\/\\\/swixed.ch\\\/it\\\/shop\\\/\"},{\"@type\":\"ListItem\",\"position\":3,\"name\":\"Cardiotocografo Edan F6 + Opzione gemellare\"}]},{\"@type\":\"WebSite\",\"@id\":\"https:\\\/\\\/swixed.ch\\\/it\\\/#website\",\"url\":\"https:\\\/\\\/swixed.ch\\\/it\\\/\",\"name\":\"Swixed SA\",\"description\":\"Dispositivi elettronici\",\"publisher\":{\"@id\":\"https:\\\/\\\/swixed.ch\\\/it\\\/#organization\"},\"potentialAction\":[{\"@type\":\"SearchAction\",\"target\":{\"@type\":\"EntryPoint\",\"urlTemplate\":\"https:\\\/\\\/swixed.ch\\\/it\\\/?s={search_term_string}\"},\"query-input\":{\"@type\":\"PropertyValueSpecification\",\"valueRequired\":true,\"valueName\":\"search_term_string\"}}],\"inLanguage\":\"it-IT\"},{\"@type\":\"Organization\",\"@id\":\"https:\\\/\\\/swixed.ch\\\/it\\\/#organization\",\"name\":\"Swixed SA\",\"url\":\"https:\\\/\\\/swixed.ch\\\/it\\\/\",\"logo\":{\"@type\":\"ImageObject\",\"inLanguage\":\"it-IT\",\"@id\":\"https:\\\/\\\/swixed.ch\\\/it\\\/#\\\/schema\\\/logo\\\/image\\\/\",\"url\":\"https:\\\/\\\/swixed.ch\\\/wp-content\\\/uploads\\\/logos\\\/swixed-logo-lite.png\",\"contentUrl\":\"https:\\\/\\\/swixed.ch\\\/wp-content\\\/uploads\\\/logos\\\/swixed-logo-lite.png\",\"width\":696,\"height\":696,\"caption\":\"Swixed SA\"},\"image\":{\"@id\":\"https:\\\/\\\/swixed.ch\\\/it\\\/#\\\/schema\\\/logo\\\/image\\\/\"},\"sameAs\":[\"https:\\\/\\\/www.facebook.com\\\/swixed\",\"https:\\\/\\\/www.linkedin.com\\\/company\\\/swixed\",\"https:\\\/\\\/www.youtube.com\\\/@swixedsa\"],\"description\":\"Swixed SA est une entreprise suisse bas\u00e9e \u00e0 Gen\u00e8ve, sp\u00e9cialis\u00e9e dans la vente, la location et la maintenance d\u2019appareils m\u00e9dicaux professionnels, tels que d\u00e9fibrillateurs AED, \u00e9lectrocardiographes, moniteurs patient et dispositifs de diagnostic.\",\"email\":\"infoshop@swixed.ch\",\"telephone\":\"+41 22 566 11 95\",\"legalName\":\"Swixed SA\",\"foundingDate\":\"2021-03-01\",\"numberOfEmployees\":{\"@type\":\"QuantitativeValue\",\"minValue\":\"1\",\"maxValue\":\"10\"}}]}<\/script>\n<!-- \/ Yoast SEO Premium plugin. -->","yoast_head_json":{"title":"Cardiotocografo Edan F6 + Opzione gemellare | Swixed SA","description":"Monitor fetale gemellare Edan F6 con VCT per un monitoraggio accurato delle gravidanze multiple, schermo da 10,2 pollici, sensori e opzioni di monitoraggio affidabili","robots":{"index":"index","follow":"follow","max-snippet":"max-snippet:-1","max-image-preview":"max-image-preview:large","max-video-preview":"max-video-preview:-1"},"canonical":"https:\/\/swixed.ch\/it\/prodotto\/sed40006\/","og_locale":"it_IT","og_type":"article","og_title":"Cardiotocografo Edan F6 + Opzione gemellare","og_description":"Monitor fetale gemellare Edan F6 con VCT per un monitoraggio accurato delle gravidanze multiple, schermo da 10,2 pollici, sensori e opzioni di monitoraggio affidabili","og_url":"https:\/\/swixed.ch\/it\/prodotto\/sed40006\/","og_site_name":"Swixed SA","article_publisher":"https:\/\/www.facebook.com\/swixed","article_modified_time":"2026-04-20T18:06:35+00:00","og_image":[{"width":600,"height":600,"url":"https:\/\/swixed.ch\/wp-content\/uploads\/2026\/01\/SED40005-01.png","type":"image\/png"}],"twitter_card":"summary_large_image","twitter_misc":{"Tempo di lettura stimato":"2 minuti"},"schema":{"@context":"https:\/\/schema.org","@graph":[{"@type":"WebPage","@id":"https:\/\/swixed.ch\/it\/prodotto\/sed40006\/","url":"https:\/\/swixed.ch\/it\/prodotto\/sed40006\/","name":"Cardiotocografo Edan F6 + Opzione gemellare | Swixed SA","isPartOf":{"@id":"https:\/\/swixed.ch\/it\/#website"},"primaryImageOfPage":{"@id":"https:\/\/swixed.ch\/it\/prodotto\/sed40006\/#primaryimage"},"image":{"@id":"https:\/\/swixed.ch\/it\/prodotto\/sed40006\/#primaryimage"},"thumbnailUrl":"https:\/\/swixed.ch\/wp-content\/uploads\/2026\/01\/SED40005-01.png","datePublished":"2022-11-24T11:38:55+00:00","dateModified":"2026-04-20T18:06:35+00:00","description":"Monitor fetale gemellare Edan F6 con VCT per un monitoraggio accurato delle gravidanze multiple, schermo da 10,2 pollici, sensori e opzioni di monitoraggio affidabili","breadcrumb":{"@id":"https:\/\/swixed.ch\/it\/prodotto\/sed40006\/#breadcrumb"},"inLanguage":"it-IT","potentialAction":[{"@type":"ReadAction","target":["https:\/\/swixed.ch\/it\/prodotto\/sed40006\/"]}]},{"@type":"ImageObject","inLanguage":"it-IT","@id":"https:\/\/swixed.ch\/it\/prodotto\/sed40006\/#primaryimage","url":"https:\/\/swixed.ch\/wp-content\/uploads\/2026\/01\/SED40005-01.png","contentUrl":"https:\/\/swixed.ch\/wp-content\/uploads\/2026\/01\/SED40005-01.png","width":600,"height":600,"caption":"SED40005, SED40006"},{"@type":"BreadcrumbList","@id":"https:\/\/swixed.ch\/it\/prodotto\/sed40006\/#breadcrumb","itemListElement":[{"@type":"ListItem","position":1,"name":"Home","item":"https:\/\/swixed.ch\/it\/home\/"},{"@type":"ListItem","position":2,"name":"Negozio","item":"https:\/\/swixed.ch\/it\/shop\/"},{"@type":"ListItem","position":3,"name":"Cardiotocografo Edan F6 + Opzione gemellare"}]},{"@type":"WebSite","@id":"https:\/\/swixed.ch\/it\/#website","url":"https:\/\/swixed.ch\/it\/","name":"Swixed SA","description":"Dispositivi elettronici","publisher":{"@id":"https:\/\/swixed.ch\/it\/#organization"},"potentialAction":[{"@type":"SearchAction","target":{"@type":"EntryPoint","urlTemplate":"https:\/\/swixed.ch\/it\/?s={search_term_string}"},"query-input":{"@type":"PropertyValueSpecification","valueRequired":true,"valueName":"search_term_string"}}],"inLanguage":"it-IT"},{"@type":"Organization","@id":"https:\/\/swixed.ch\/it\/#organization","name":"Swixed SA","url":"https:\/\/swixed.ch\/it\/","logo":{"@type":"ImageObject","inLanguage":"it-IT","@id":"https:\/\/swixed.ch\/it\/#\/schema\/logo\/image\/","url":"https:\/\/swixed.ch\/wp-content\/uploads\/logos\/swixed-logo-lite.png","contentUrl":"https:\/\/swixed.ch\/wp-content\/uploads\/logos\/swixed-logo-lite.png","width":696,"height":696,"caption":"Swixed SA"},"image":{"@id":"https:\/\/swixed.ch\/it\/#\/schema\/logo\/image\/"},"sameAs":["https:\/\/www.facebook.com\/swixed","https:\/\/www.linkedin.com\/company\/swixed","https:\/\/www.youtube.com\/@swixedsa"],"description":"Swixed SA est une entreprise suisse bas\u00e9e \u00e0 Gen\u00e8ve, sp\u00e9cialis\u00e9e dans la vente, la location et la maintenance d\u2019appareils m\u00e9dicaux professionnels, tels que d\u00e9fibrillateurs AED, \u00e9lectrocardiographes, moniteurs patient et dispositifs de diagnostic.","email":"infoshop@swixed.ch","telephone":"+41 22 566 11 95","legalName":"Swixed SA","foundingDate":"2021-03-01","numberOfEmployees":{"@type":"QuantitativeValue","minValue":"1","maxValue":"10"}}]}},"_links":{"self":[{"href":"https:\/\/swixed.ch\/it\/wp-json\/wp\/v2\/product\/35542","targetHints":{"allow":["GET"]}}],"collection":[{"href":"https:\/\/swixed.ch\/it\/wp-json\/wp\/v2\/product"}],"about":[{"href":"https:\/\/swixed.ch\/it\/wp-json\/wp\/v2\/types\/product"}],"version-history":[{"count":1,"href":"https:\/\/swixed.ch\/it\/wp-json\/wp\/v2\/product\/35542\/revisions"}],"predecessor-version":[{"id":62976,"href":"https:\/\/swixed.ch\/it\/wp-json\/wp\/v2\/product\/35542\/revisions\/62976"}],"wp:featuredmedia":[{"embeddable":true,"href":"https:\/\/swixed.ch\/it\/wp-json\/wp\/v2\/media\/62972"}],"wp:attachment":[{"href":"https:\/\/swixed.ch\/it\/wp-json\/wp\/v2\/media?parent=35542"}],"wp:term":[{"taxonomy":"product_brand","embeddable":true,"href":"https:\/\/swixed.ch\/it\/wp-json\/wp\/v2\/product_brand?post=35542"},{"taxonomy":"product_cat","embeddable":true,"href":"https:\/\/swixed.ch\/it\/wp-json\/wp\/v2\/product_cat?post=35542"},{"taxonomy":"product_tag","embeddable":true,"href":"https:\/\/swixed.ch\/it\/wp-json\/wp\/v2\/product_tag?post=35542"}],"curies":[{"name":"wp","href":"https:\/\/api.w.org\/{rel}","templated":true}]}}