{"id":35634,"date":"2022-12-12T14:30:48","date_gmt":"2022-12-12T12:30:48","guid":{"rendered":"https:\/\/swixed.com\/produit\/mir-spirobank-ii-spirometro-avanzato-ossimetria\/"},"modified":"2026-01-06T19:13:35","modified_gmt":"2026-01-06T18:13:35","slug":"sed90002","status":"publish","type":"product","link":"https:\/\/swixed.ch\/it\/prodotto\/sed90002\/","title":{"rendered":"Mir Spirobank II Advanced &#8211; Dispositivo portatile con schermo tattile e connettivit\u00e0 USB\/Bluetooth"},"content":{"rendered":"\t\t<div data-elementor-type=\"product-post\" data-elementor-id=\"35634\" class=\"elementor elementor-35634 elementor-15179\" data-elementor-post-type=\"product\">\n\t\t\t\t\t\t<section class=\"elementor-section elementor-top-section elementor-element elementor-element-566dfe8 elementor-section-boxed elementor-section-height-default elementor-section-height-default\" data-id=\"566dfe8\" data-element_type=\"section\" data-e-type=\"section\">\n\t\t\t\t\t\t<div class=\"elementor-container elementor-column-gap-default\">\n\t\t\t\t\t<div class=\"elementor-column elementor-col-100 elementor-top-column elementor-element elementor-element-2c4618e\" data-id=\"2c4618e\" data-element_type=\"column\" data-e-type=\"column\">\n\t\t\t<div class=\"elementor-widget-wrap elementor-element-populated\">\n\t\t\t\t\t\t<div class=\"elementor-element elementor-element-57fea7d elementor-widget elementor-widget-heading\" data-id=\"57fea7d\" data-element_type=\"widget\" data-e-type=\"widget\" data-widget_type=\"heading.default\">\n\t\t\t\t\t<h2 class=\"elementor-heading-title elementor-size-default\">Descrizione del MIR Spirobank II Advanced<\/h2>\t\t\t\t<\/div>\n\t\t\t\t<div class=\"elementor-element elementor-element-e0a279c elementor-widget elementor-widget-text-editor\" data-id=\"e0a279c\" data-element_type=\"widget\" data-e-type=\"widget\" data-widget_type=\"text-editor.default\">\n\t\t\t\t\t\t\t\t\t<p>Lo spirometro <strong>Spirobank II Advanced <\/strong>di Mir con opzione di ossimetria fa parte dell&#8217;ultima generazione di<strong> spirometri portatili<\/strong>. Pu\u00f2 essere utilizzato sia in modo indipendente che con una connessione diretta a un computer. Come Minispir o Spirodoc, Spirobank Advanced II funziona con il <strong>software altamente avanzato Mir WinspiroPRO<\/strong>. La <strong>batteria integrata<\/strong> e il <strong>touch screen<\/strong> consentono di eseguire <strong>test spirometrici senza essere collegati al<\/strong> software WinspiroPro. \u00c8 possibile <strong>leggere i risultati direttamente sullo schermo di<\/strong> Spirobank e, se lo si desidera, <strong>trasferire i dati al software WinspiroPro<\/strong> in un secondo momento.  Per visualizzare i valori, salvarli e stampare un rapporto. Ideale per visitare i pazienti a casa!<\/p><p>Se si desidera utilizzare la Spirobank direttamente con il software WinspiroPro, \u00e8 sufficiente <strong>collegarla direttamente<\/strong> al computer <strong>tramite il cavo USB o il Bluetooth<\/strong>. I valori del test saranno direttamente visibili e salvati sul PC.<\/p><p>Come tutti gli spirometri MIR, lo Spirobank II Advanced esegue <strong>una correzione BTPS<\/strong> (controllo della temperatura). Ci\u00f2 significa che i valori misurati non sono influenzati dalle variazioni di temperatura dell&#8217;ambiente esterno. Tutti gli spirometri Mir sono <strong>certificati ATS (American Thoracic Standard)<\/strong>.<\/p>\t\t\t\t\t\t\t\t<\/div>\n\t\t\t\t<div class=\"elementor-element elementor-element-7449524 elementor-widget elementor-widget-heading\" data-id=\"7449524\" data-element_type=\"widget\" data-e-type=\"widget\" data-widget_type=\"heading.default\">\n\t\t\t\t\t<h3 class=\"elementor-heading-title elementor-size-default\">Ossimetria<\/h3>\t\t\t\t<\/div>\n\t\t\t\t<div class=\"elementor-element elementor-element-1d43f59 elementor-widget elementor-widget-text-editor\" data-id=\"1d43f59\" data-element_type=\"widget\" data-e-type=\"widget\" data-widget_type=\"text-editor.default\">\n\t\t\t\t\t\t\t\t\t<p>Per quanto riguarda l&#8217;<strong>opzione ossimetria<\/strong>, Spirobank II Advanced funziona come la spirometria in modo indipendente. Il dispositivo \u00e8 <strong>alimentato a batteria e memorizza i dati ossimetrici<\/strong> grazie alla sua <strong>ampia capacit\u00e0 di memoria<\/strong>. I dati possono essere consultati direttamente sullo schermo di Spirobank II o trasferiti al software WinspiroPro per generare un report.<\/p><p>L&#8217;opzione ossimetria dello Spirobank II Advanced rimane un&#8217;opzione per la diagnosi semplice. Se si desidera effettuare <b>test di deambulazione<\/b> o<b>ossimetrici notturni<\/b>, si deve optare per il modello Mir <a href=\"http:\/\/swixed.com\/produit\/sed90006\/\">\n  <b>Spirodoc + Ossimetria<\/b>\n<\/a>.<\/p>\t\t\t\t\t\t\t\t<\/div>\n\t\t\t\t<div class=\"elementor-element elementor-element-05f3eda elementor-widget elementor-widget-heading\" data-id=\"05f3eda\" data-element_type=\"widget\" data-e-type=\"widget\" data-widget_type=\"heading.default\">\n\t\t\t\t\t<h2 class=\"elementor-heading-title elementor-size-default\">Valori misurati dallo Spirobank II Advanced MIR<\/h2>\t\t\t\t<\/div>\n\t\t\t\t<div class=\"elementor-element elementor-element-5899824 elementor-widget elementor-widget-heading\" data-id=\"5899824\" data-element_type=\"widget\" data-e-type=\"widget\" data-widget_type=\"heading.default\">\n\t\t\t\t\t<h4 class=\"elementor-heading-title elementor-size-default\">Spirometria<\/h4>\t\t\t\t<\/div>\n\t\t\t\t<div class=\"elementor-element elementor-element-8517d15 elementor-widget elementor-widget-text-editor\" data-id=\"8517d15\" data-element_type=\"widget\" data-e-type=\"widget\" data-widget_type=\"text-editor.default\">\n\t\t\t\t\t\t\t\t\t<p>FVC, FEV1, FEV1\/FVC, FEV1\/VC, PEF, FEF25, FEF50, FEF75, FEF25-75, FEF75-85, Et\u00e0 polmonare, Volume di estrapolazione, FET, Tempo al PEF, FEV0,5, FEV0,5\/FVC, FEV0,75, FEV0.75\/FVC, FEV2, FEV2\/FVC, FEV3, FEV3\/FVC, FEV6, FEV1\/FEV6, FIVC, FIV1, FIV1\/FIVC, PIF, FIF25, FIF50, FIF75, FEF50\/FIF50, VC, IVC, IC, ERV, IRV, Rf, VE, VT, tI, tE, VT\/ tI, tE\/tTOT, MVV (misurato), MVV (calcolato)<\/p>\t\t\t\t\t\t\t\t<\/div>\n\t\t\t\t<div class=\"elementor-element elementor-element-cd57e48 elementor-widget elementor-widget-heading\" data-id=\"cd57e48\" data-element_type=\"widget\" data-e-type=\"widget\" data-widget_type=\"heading.default\">\n\t\t\t\t\t<h4 class=\"elementor-heading-title elementor-size-default\">Ossimetria<\/h4>\t\t\t\t<\/div>\n\t\t\t\t<div class=\"elementor-element elementor-element-4630df0 elementor-widget elementor-widget-text-editor\" data-id=\"4630df0\" data-element_type=\"widget\" data-e-type=\"widget\" data-widget_type=\"text-editor.default\">\n\t\t\t\t\t\t\t\t\t<p>SpO2 [Baseline, Min, Max, Mean], Frequenza del polso [Baseline, Min, Max, Mean], T90, T89, T88, T5 , Indice [12s], Eventi SpO2, Eventi Frequenza del polso [Bradicardia, Tachicardia], Eventi SpO2, Eventi Frequenza del polso [Bradicardia, Tachicardia].<\/p>\t\t\t\t\t\t\t\t<\/div>\n\t\t\t\t<div class=\"elementor-element elementor-element-27c2952 elementor-widget elementor-widget-heading\" data-id=\"27c2952\" data-element_type=\"widget\" data-e-type=\"widget\" data-widget_type=\"heading.default\">\n\t\t\t\t\t<h2 class=\"elementor-heading-title elementor-size-default\">Turbine per Spirobank II Advanced<\/h2>\t\t\t\t<\/div>\n\t\t\t\t<div class=\"elementor-element elementor-element-775c08c elementor-widget elementor-widget-text-editor\" data-id=\"775c08c\" data-element_type=\"widget\" data-e-type=\"widget\" data-widget_type=\"text-editor.default\">\n\t\t\t\t\t\t\t\t\t<p><strong>Spirobank II Advanced<\/strong> pu\u00f2 essere utilizzato con una turbina riutilizzabile o con <a href=\"\/shop\/sed91000\/\">turbine monouso<\/a>. Tuttavia, l&#8217;uso di <strong>turbine monouso \u00e8 fortemente consigliato<\/strong>. In questo modo si evita qualsiasi rischio di contaminazione tra i pazienti e si elimina la necessit\u00e0 di pulire e disinfettare la turbina riutilizzabile per diverse ore.<\/p>\t\t\t\t\t\t\t\t<\/div>\n\t\t\t\t<div class=\"elementor-element elementor-element-a6394b4 elementor-widget elementor-widget-heading\" data-id=\"a6394b4\" data-element_type=\"widget\" data-e-type=\"widget\" data-widget_type=\"heading.default\">\n\t\t\t\t\t<h2 class=\"elementor-heading-title elementor-size-default\">Software WinspiroPro<\/h2>\t\t\t\t<\/div>\n\t\t\t\t<div class=\"elementor-element elementor-element-ae80874 elementor-widget elementor-widget-global elementor-global-32763 elementor-global-16723 elementor-widget-text-editor\" data-id=\"ae80874\" data-element_type=\"widget\" data-e-type=\"widget\" data-widget_type=\"text-editor.default\">\n\t\t\t\t\t\t\t\t\t<p>WinspiroPro \u00e8 incluso in tutti i modelli di spirometro MIR e offre un&#8217;interfaccia intuitiva che non richiede competenze informatiche avanzate. Le caratteristiche principali includono: <\/p>\n<ul>\n<li>Riepilogo della spirometria del paziente in un&#8217;unica schermata.<\/li>\n<li>Gestione dinamica dei dati e archiviazione dei risultati.<\/li>\n<li>I risultati vengono inviati direttamente via e-mail.<\/li>\n<li>Confronto delle curve spirometriche.<\/li>\n<li>Modalit\u00e0 pediatrica con animazioni.<\/li>\n<li>Aggiornamento automatico e protocollo di provocazione\/dilatazione bronchiale.<\/li>\n<\/ul>\n\t\t\t\t\t\t\t\t<\/div>\n\t\t\t\t<div class=\"elementor-element elementor-element-3740bda elementor-widget elementor-widget-heading\" data-id=\"3740bda\" data-element_type=\"widget\" data-e-type=\"widget\" data-widget_type=\"heading.default\">\n\t\t\t\t\t<h2 class=\"elementor-heading-title elementor-size-default\">Opzioni<\/h2>\t\t\t\t<\/div>\n\t\t\t\t<div class=\"elementor-element elementor-element-820f2e1 elementor-widget elementor-widget-text-editor\" data-id=\"820f2e1\" data-element_type=\"widget\" data-e-type=\"widget\" data-widget_type=\"text-editor.default\">\n\t\t\t\t\t\t\t\t\t<p>Lo spirometro <strong>Spirobank II Advanced<\/strong> pu\u00f2 essere acquistato <a href=\"\/shop\/sed90001\/\">senza l&#8217;opzione di ossimetria<\/a>.<\/p>\t\t\t\t\t\t\t\t<\/div>\n\t\t\t\t\t<\/div>\n\t\t<\/div>\n\t\t\t\t\t<\/div>\n\t\t<\/section>\n\t\t\t\t<\/div>\n\t\t","protected":false},"excerpt":{"rendered":"<p>Il Mir Spirobank II Advanced \u00e8 un dispositivo compatto con schermo touch a colori e connettivit\u00e0 USB e Bluetooth. Supporta la registrazione locale dei dati e l\u2019interazione con il software WinspiroPRO. Funziona a batteria e include una memoria interna. Accessorio certificato CE, compatibile con i sensori della linea Spirobank.   <\/p>\n","protected":false},"featured_media":30756,"template":"","meta":{"_acf_changed":false},"product_brand":[2167],"product_cat":[1568,1565],"product_tag":[1601,1599,1600,1595,1597],"class_list":{"0":"post-35634","1":"product","2":"type-product","3":"status-publish","4":"has-post-thumbnail","6":"product_brand-mir-it","7":"product_cat-apparecchi-spirometri","8":"product_cat-spirometri","9":"product_tag-flussometro","10":"product_tag-fvc-it","11":"product_tag-specchio","12":"product_tag-spirometria","13":"product_tag-spirometro","15":"first","16":"outofstock","17":"taxable","18":"shipping-taxable","19":"product-type-variable","20":"has-default-attributes"},"acf":[],"yoast_head":"<!-- This site is optimized with the Yoast SEO Premium plugin v27.4 (Yoast SEO v27.4) - https:\/\/yoast.com\/product\/yoast-seo-premium-wordpress\/ -->\n<title>Mir Spirobank II Advanced - Dispositivo portatile con schermo tattile e connettivit\u00e0 USB\/Bluetooth | Swixed SA<\/title>\n<meta name=\"description\" content=\"Lo Spirobank II Advanced di Mir e la sua opzione di ossimetria sono spirometri portatili. Pu\u00f2 essere utilizzato per test di spirometria e ossimetria a lungo termine.\" \/>\n<meta name=\"robots\" content=\"index, follow, max-snippet:-1, max-image-preview:large, max-video-preview:-1\" \/>\n<link rel=\"canonical\" href=\"https:\/\/swixed.ch\/it\/prodotto\/sed90002\/\" \/>\n<meta property=\"og:locale\" content=\"it_IT\" \/>\n<meta property=\"og:type\" content=\"article\" \/>\n<meta property=\"og:title\" content=\"Mir Spirobank II Advanced - Dispositivo portatile con schermo tattile e connettivit\u00e0 USB\/Bluetooth\" \/>\n<meta property=\"og:description\" content=\"Lo Spirobank II Advanced di Mir e la sua opzione di ossimetria sono spirometri portatili. Pu\u00f2 essere utilizzato per test di spirometria e ossimetria a lungo termine.\" \/>\n<meta property=\"og:url\" content=\"https:\/\/swixed.ch\/it\/prodotto\/sed90002\/\" \/>\n<meta property=\"og:site_name\" content=\"Swixed SA\" \/>\n<meta property=\"article:publisher\" content=\"https:\/\/www.facebook.com\/swixed\" \/>\n<meta property=\"article:modified_time\" content=\"2026-01-06T18:13:35+00:00\" \/>\n<meta property=\"og:image\" content=\"https:\/\/swixed.ch\/wp-content\/uploads\/products\/mir-spirobank-ii-advanced-oxy-01a.png\" \/>\n\t<meta property=\"og:image:width\" content=\"600\" \/>\n\t<meta property=\"og:image:height\" content=\"600\" \/>\n\t<meta property=\"og:image:type\" content=\"image\/png\" \/>\n<meta name=\"twitter:card\" content=\"summary_large_image\" \/>\n<meta name=\"twitter:label1\" content=\"Tempo di lettura stimato\" \/>\n\t<meta name=\"twitter:data1\" content=\"3 minuti\" \/>\n<script type=\"application\/ld+json\" class=\"yoast-schema-graph\">{\"@context\":\"https:\\\/\\\/schema.org\",\"@graph\":[{\"@type\":\"WebPage\",\"@id\":\"https:\\\/\\\/swixed.ch\\\/it\\\/prodotto\\\/sed90002\\\/\",\"url\":\"https:\\\/\\\/swixed.ch\\\/it\\\/prodotto\\\/sed90002\\\/\",\"name\":\"Mir Spirobank II Advanced - Dispositivo portatile con schermo tattile e connettivit\u00e0 USB\\\/Bluetooth | Swixed SA\",\"isPartOf\":{\"@id\":\"https:\\\/\\\/swixed.ch\\\/it\\\/#website\"},\"primaryImageOfPage\":{\"@id\":\"https:\\\/\\\/swixed.ch\\\/it\\\/prodotto\\\/sed90002\\\/#primaryimage\"},\"image\":{\"@id\":\"https:\\\/\\\/swixed.ch\\\/it\\\/prodotto\\\/sed90002\\\/#primaryimage\"},\"thumbnailUrl\":\"https:\\\/\\\/swixed.ch\\\/wp-content\\\/uploads\\\/products\\\/mir-spirobank-ii-advanced-oxy-01a.png\",\"datePublished\":\"2022-12-12T12:30:48+00:00\",\"dateModified\":\"2026-01-06T18:13:35+00:00\",\"description\":\"Lo Spirobank II Advanced di Mir e la sua opzione di ossimetria sono spirometri portatili. Pu\u00f2 essere utilizzato per test di spirometria e ossimetria a lungo termine.\",\"breadcrumb\":{\"@id\":\"https:\\\/\\\/swixed.ch\\\/it\\\/prodotto\\\/sed90002\\\/#breadcrumb\"},\"inLanguage\":\"it-IT\",\"potentialAction\":[{\"@type\":\"ReadAction\",\"target\":[\"https:\\\/\\\/swixed.ch\\\/it\\\/prodotto\\\/sed90002\\\/\"]}]},{\"@type\":\"ImageObject\",\"inLanguage\":\"it-IT\",\"@id\":\"https:\\\/\\\/swixed.ch\\\/it\\\/prodotto\\\/sed90002\\\/#primaryimage\",\"url\":\"https:\\\/\\\/swixed.ch\\\/wp-content\\\/uploads\\\/products\\\/mir-spirobank-ii-advanced-oxy-01a.png\",\"contentUrl\":\"https:\\\/\\\/swixed.ch\\\/wp-content\\\/uploads\\\/products\\\/mir-spirobank-ii-advanced-oxy-01a.png\",\"width\":600,\"height\":600,\"caption\":\"mir spirobank ii advanced oxy 01a\"},{\"@type\":\"BreadcrumbList\",\"@id\":\"https:\\\/\\\/swixed.ch\\\/it\\\/prodotto\\\/sed90002\\\/#breadcrumb\",\"itemListElement\":[{\"@type\":\"ListItem\",\"position\":1,\"name\":\"Home\",\"item\":\"https:\\\/\\\/swixed.ch\\\/it\\\/home\\\/\"},{\"@type\":\"ListItem\",\"position\":2,\"name\":\"Negozio\",\"item\":\"https:\\\/\\\/swixed.ch\\\/it\\\/shop\\\/\"},{\"@type\":\"ListItem\",\"position\":3,\"name\":\"Mir Spirobank II Advanced &#8211; Dispositivo portatile con schermo tattile e connettivit\u00e0 USB\\\/Bluetooth\"}]},{\"@type\":\"WebSite\",\"@id\":\"https:\\\/\\\/swixed.ch\\\/it\\\/#website\",\"url\":\"https:\\\/\\\/swixed.ch\\\/it\\\/\",\"name\":\"Swixed SA\",\"description\":\"Dispositivi elettronici\",\"publisher\":{\"@id\":\"https:\\\/\\\/swixed.ch\\\/it\\\/#organization\"},\"potentialAction\":[{\"@type\":\"SearchAction\",\"target\":{\"@type\":\"EntryPoint\",\"urlTemplate\":\"https:\\\/\\\/swixed.ch\\\/it\\\/?s={search_term_string}\"},\"query-input\":{\"@type\":\"PropertyValueSpecification\",\"valueRequired\":true,\"valueName\":\"search_term_string\"}}],\"inLanguage\":\"it-IT\"},{\"@type\":\"Organization\",\"@id\":\"https:\\\/\\\/swixed.ch\\\/it\\\/#organization\",\"name\":\"Swixed SA\",\"url\":\"https:\\\/\\\/swixed.ch\\\/it\\\/\",\"logo\":{\"@type\":\"ImageObject\",\"inLanguage\":\"it-IT\",\"@id\":\"https:\\\/\\\/swixed.ch\\\/it\\\/#\\\/schema\\\/logo\\\/image\\\/\",\"url\":\"https:\\\/\\\/swixed.ch\\\/wp-content\\\/uploads\\\/logos\\\/swixed-logo-lite.png\",\"contentUrl\":\"https:\\\/\\\/swixed.ch\\\/wp-content\\\/uploads\\\/logos\\\/swixed-logo-lite.png\",\"width\":696,\"height\":696,\"caption\":\"Swixed SA\"},\"image\":{\"@id\":\"https:\\\/\\\/swixed.ch\\\/it\\\/#\\\/schema\\\/logo\\\/image\\\/\"},\"sameAs\":[\"https:\\\/\\\/www.facebook.com\\\/swixed\",\"https:\\\/\\\/www.linkedin.com\\\/company\\\/swixed\",\"https:\\\/\\\/www.youtube.com\\\/@swixedsa\"],\"description\":\"Swixed SA est une entreprise suisse bas\u00e9e \u00e0 Gen\u00e8ve, sp\u00e9cialis\u00e9e dans la vente, la location et la maintenance d\u2019appareils m\u00e9dicaux professionnels, tels que d\u00e9fibrillateurs AED, \u00e9lectrocardiographes, moniteurs patient et dispositifs de diagnostic.\",\"email\":\"infoshop@swixed.ch\",\"telephone\":\"+41 22 566 11 95\",\"legalName\":\"Swixed SA\",\"foundingDate\":\"2021-03-01\",\"numberOfEmployees\":{\"@type\":\"QuantitativeValue\",\"minValue\":\"1\",\"maxValue\":\"10\"}}]}<\/script>\n<!-- \/ Yoast SEO Premium plugin. -->","yoast_head_json":{"title":"Mir Spirobank II Advanced - Dispositivo portatile con schermo tattile e connettivit\u00e0 USB\/Bluetooth | Swixed SA","description":"Lo Spirobank II Advanced di Mir e la sua opzione di ossimetria sono spirometri portatili. Pu\u00f2 essere utilizzato per test di spirometria e ossimetria a lungo termine.","robots":{"index":"index","follow":"follow","max-snippet":"max-snippet:-1","max-image-preview":"max-image-preview:large","max-video-preview":"max-video-preview:-1"},"canonical":"https:\/\/swixed.ch\/it\/prodotto\/sed90002\/","og_locale":"it_IT","og_type":"article","og_title":"Mir Spirobank II Advanced - Dispositivo portatile con schermo tattile e connettivit\u00e0 USB\/Bluetooth","og_description":"Lo Spirobank II Advanced di Mir e la sua opzione di ossimetria sono spirometri portatili. Pu\u00f2 essere utilizzato per test di spirometria e ossimetria a lungo termine.","og_url":"https:\/\/swixed.ch\/it\/prodotto\/sed90002\/","og_site_name":"Swixed SA","article_publisher":"https:\/\/www.facebook.com\/swixed","article_modified_time":"2026-01-06T18:13:35+00:00","og_image":[{"width":600,"height":600,"url":"https:\/\/swixed.ch\/wp-content\/uploads\/products\/mir-spirobank-ii-advanced-oxy-01a.png","type":"image\/png"}],"twitter_card":"summary_large_image","twitter_misc":{"Tempo di lettura stimato":"3 minuti"},"schema":{"@context":"https:\/\/schema.org","@graph":[{"@type":"WebPage","@id":"https:\/\/swixed.ch\/it\/prodotto\/sed90002\/","url":"https:\/\/swixed.ch\/it\/prodotto\/sed90002\/","name":"Mir Spirobank II Advanced - Dispositivo portatile con schermo tattile e connettivit\u00e0 USB\/Bluetooth | Swixed SA","isPartOf":{"@id":"https:\/\/swixed.ch\/it\/#website"},"primaryImageOfPage":{"@id":"https:\/\/swixed.ch\/it\/prodotto\/sed90002\/#primaryimage"},"image":{"@id":"https:\/\/swixed.ch\/it\/prodotto\/sed90002\/#primaryimage"},"thumbnailUrl":"https:\/\/swixed.ch\/wp-content\/uploads\/products\/mir-spirobank-ii-advanced-oxy-01a.png","datePublished":"2022-12-12T12:30:48+00:00","dateModified":"2026-01-06T18:13:35+00:00","description":"Lo Spirobank II Advanced di Mir e la sua opzione di ossimetria sono spirometri portatili. Pu\u00f2 essere utilizzato per test di spirometria e ossimetria a lungo termine.","breadcrumb":{"@id":"https:\/\/swixed.ch\/it\/prodotto\/sed90002\/#breadcrumb"},"inLanguage":"it-IT","potentialAction":[{"@type":"ReadAction","target":["https:\/\/swixed.ch\/it\/prodotto\/sed90002\/"]}]},{"@type":"ImageObject","inLanguage":"it-IT","@id":"https:\/\/swixed.ch\/it\/prodotto\/sed90002\/#primaryimage","url":"https:\/\/swixed.ch\/wp-content\/uploads\/products\/mir-spirobank-ii-advanced-oxy-01a.png","contentUrl":"https:\/\/swixed.ch\/wp-content\/uploads\/products\/mir-spirobank-ii-advanced-oxy-01a.png","width":600,"height":600,"caption":"mir spirobank ii advanced oxy 01a"},{"@type":"BreadcrumbList","@id":"https:\/\/swixed.ch\/it\/prodotto\/sed90002\/#breadcrumb","itemListElement":[{"@type":"ListItem","position":1,"name":"Home","item":"https:\/\/swixed.ch\/it\/home\/"},{"@type":"ListItem","position":2,"name":"Negozio","item":"https:\/\/swixed.ch\/it\/shop\/"},{"@type":"ListItem","position":3,"name":"Mir Spirobank II Advanced &#8211; Dispositivo portatile con schermo tattile e connettivit\u00e0 USB\/Bluetooth"}]},{"@type":"WebSite","@id":"https:\/\/swixed.ch\/it\/#website","url":"https:\/\/swixed.ch\/it\/","name":"Swixed SA","description":"Dispositivi elettronici","publisher":{"@id":"https:\/\/swixed.ch\/it\/#organization"},"potentialAction":[{"@type":"SearchAction","target":{"@type":"EntryPoint","urlTemplate":"https:\/\/swixed.ch\/it\/?s={search_term_string}"},"query-input":{"@type":"PropertyValueSpecification","valueRequired":true,"valueName":"search_term_string"}}],"inLanguage":"it-IT"},{"@type":"Organization","@id":"https:\/\/swixed.ch\/it\/#organization","name":"Swixed SA","url":"https:\/\/swixed.ch\/it\/","logo":{"@type":"ImageObject","inLanguage":"it-IT","@id":"https:\/\/swixed.ch\/it\/#\/schema\/logo\/image\/","url":"https:\/\/swixed.ch\/wp-content\/uploads\/logos\/swixed-logo-lite.png","contentUrl":"https:\/\/swixed.ch\/wp-content\/uploads\/logos\/swixed-logo-lite.png","width":696,"height":696,"caption":"Swixed SA"},"image":{"@id":"https:\/\/swixed.ch\/it\/#\/schema\/logo\/image\/"},"sameAs":["https:\/\/www.facebook.com\/swixed","https:\/\/www.linkedin.com\/company\/swixed","https:\/\/www.youtube.com\/@swixedsa"],"description":"Swixed SA est une entreprise suisse bas\u00e9e \u00e0 Gen\u00e8ve, sp\u00e9cialis\u00e9e dans la vente, la location et la maintenance d\u2019appareils m\u00e9dicaux professionnels, tels que d\u00e9fibrillateurs AED, \u00e9lectrocardiographes, moniteurs patient et dispositifs de diagnostic.","email":"infoshop@swixed.ch","telephone":"+41 22 566 11 95","legalName":"Swixed SA","foundingDate":"2021-03-01","numberOfEmployees":{"@type":"QuantitativeValue","minValue":"1","maxValue":"10"}}]}},"_links":{"self":[{"href":"https:\/\/swixed.ch\/it\/wp-json\/wp\/v2\/product\/35634","targetHints":{"allow":["GET"]}}],"collection":[{"href":"https:\/\/swixed.ch\/it\/wp-json\/wp\/v2\/product"}],"about":[{"href":"https:\/\/swixed.ch\/it\/wp-json\/wp\/v2\/types\/product"}],"version-history":[{"count":0,"href":"https:\/\/swixed.ch\/it\/wp-json\/wp\/v2\/product\/35634\/revisions"}],"wp:featuredmedia":[{"embeddable":true,"href":"https:\/\/swixed.ch\/it\/wp-json\/wp\/v2\/media\/30756"}],"wp:attachment":[{"href":"https:\/\/swixed.ch\/it\/wp-json\/wp\/v2\/media?parent=35634"}],"wp:term":[{"taxonomy":"product_brand","embeddable":true,"href":"https:\/\/swixed.ch\/it\/wp-json\/wp\/v2\/product_brand?post=35634"},{"taxonomy":"product_cat","embeddable":true,"href":"https:\/\/swixed.ch\/it\/wp-json\/wp\/v2\/product_cat?post=35634"},{"taxonomy":"product_tag","embeddable":true,"href":"https:\/\/swixed.ch\/it\/wp-json\/wp\/v2\/product_tag?post=35634"}],"curies":[{"name":"wp","href":"https:\/\/api.w.org\/{rel}","templated":true}]}}