{"id":35723,"date":"2022-12-13T18:01:38","date_gmt":"2022-12-13T16:01:38","guid":{"rendered":"https:\/\/swixed.com\/produit\/spirometro-intelligente-mir-spirobank-ii\/"},"modified":"2026-01-08T21:53:32","modified_gmt":"2026-01-08T20:53:32","slug":"sed90003","status":"publish","type":"product","link":"https:\/\/swixed.ch\/it\/prodotto\/sed90003\/","title":{"rendered":"Mir Spirobank II Smart &#8211; Registratore di dati respiratori Bluetooth"},"content":{"rendered":"\t\t<div data-elementor-type=\"product-post\" data-elementor-id=\"35723\" class=\"elementor elementor-35723 elementor-15197\" data-elementor-post-type=\"product\">\n\t\t\t\t\t\t<section class=\"elementor-section elementor-top-section elementor-element elementor-element-566dfe8 elementor-section-boxed elementor-section-height-default elementor-section-height-default\" data-id=\"566dfe8\" data-element_type=\"section\" data-e-type=\"section\">\n\t\t\t\t\t\t<div class=\"elementor-container elementor-column-gap-default\">\n\t\t\t\t\t<div class=\"elementor-column elementor-col-100 elementor-top-column elementor-element elementor-element-2c4618e\" data-id=\"2c4618e\" data-element_type=\"column\" data-e-type=\"column\">\n\t\t\t<div class=\"elementor-widget-wrap elementor-element-populated\">\n\t\t\t\t\t\t<div class=\"elementor-element elementor-element-57fea7d elementor-widget elementor-widget-heading\" data-id=\"57fea7d\" data-element_type=\"widget\" data-e-type=\"widget\" data-widget_type=\"heading.default\">\n\t\t\t\t\t<h2 class=\"elementor-heading-title elementor-size-default\">Descrizione della MIR Spirobank II Smart<\/h2>\t\t\t\t<\/div>\n\t\t\t\t<div class=\"elementor-element elementor-element-9c12bd6 elementor-widget elementor-widget-text-editor\" data-id=\"9c12bd6\" data-element_type=\"widget\" data-e-type=\"widget\" data-widget_type=\"text-editor.default\">\n\t\t\t\t\t\t\t\t\t<p>Lo spirometro <strong>Spirobank II Smart<\/strong> di Mir fa parte dell&#8217;ultima generazione di<strong> spirometri portatili<\/strong>. Pu\u00f2 essere utilizzato in modo indipendente o collegato direttamente a un computer o a un tablet. Come Minispir, Spirodoc e Spirobank Advanced II, <strong>Spirobank II Smart<\/strong> funziona con l&#8217;<strong>avanzatissimo software Mir WinspiroPRO tramite connessione USB<\/strong>. Tuttavia, grazie alla connessione Bluetooth, pu\u00f2 comunicare direttamente con l&#8217;App <strong>Mir Spiro <\/strong>su tablet o smartphone. L&#8217;applicazione Mir spiro \u00e8 disponibile sia su <strong>Android<\/strong> che su <strong>iOS<\/strong>.<\/p><p>Grazie alla <strong>batteria integrata<\/strong> e al <strong>touch screen<\/strong>, \u00e8 possibile eseguire <strong>test spirometrici senza doversi collegare<\/strong> al software WinspiroPro o all&#8217;applicazione Mir Spiro. \u00c8 possibile <strong>leggere i risultati direttamente sullo schermo di<\/strong> Spirobank e, se lo si desidera, <strong>trasferire i dati al software WinspiroPro<\/strong> in un secondo momento.  Per visualizzare i valori, salvarli e stampare un rapporto. Ideale per visitare i pazienti a casa!<\/p><p>Se si desidera utilizzare la Spirobank direttamente con il software WinspiroPro, \u00e8 sufficiente <strong>collegarla direttamente<\/strong> al computer <strong>tramite il cavo USB<\/strong>. Per <strong>una connessione su un tablet<\/strong> con l&#8217;<strong>applicazione Mir Spiro<\/strong>, la connessione avverr\u00e0 solo <strong>tramite Bluetooth <\/strong>. I valori del test saranno direttamente visibili e salvati sul PC o sul tablet. <\/p><p>Come tutti gli spirometri MIR, Spirobank II Smart esegue <strong>una correzione BTPS<\/strong> (controllo della temperatura). Ci\u00f2 significa che i valori misurati non sono influenzati dalle variazioni di temperatura dell&#8217;ambiente esterno. Tutti gli spirometri Mir sono <strong>certificati ATS (American Thoracic Standard)<\/strong>.<\/p>\t\t\t\t\t\t\t\t<\/div>\n\t\t\t\t<div class=\"elementor-element elementor-element-4b7ee72 elementor-widget elementor-widget-heading\" data-id=\"4b7ee72\" data-element_type=\"widget\" data-e-type=\"widget\" data-widget_type=\"heading.default\">\n\t\t\t\t\t<h3 class=\"elementor-heading-title elementor-size-default\">Video Spirobank II<\/h3>\t\t\t\t<\/div>\n\t\t\t\t<section class=\"elementor-section elementor-inner-section elementor-element elementor-element-ec9a389 elementor-section-full_width elementor-section-height-default elementor-section-height-default\" data-id=\"ec9a389\" data-element_type=\"section\" data-e-type=\"section\">\n\t\t\t\t\t\t<div class=\"elementor-container elementor-column-gap-default\">\n\t\t\t\t\t<div class=\"elementor-column elementor-col-50 elementor-inner-column elementor-element elementor-element-407e2da\" data-id=\"407e2da\" data-element_type=\"column\" data-e-type=\"column\">\n\t\t\t<div class=\"elementor-widget-wrap\">\n\t\t\t\t\t\t\t<\/div>\n\t\t<\/div>\n\t\t\t\t<div class=\"elementor-column elementor-col-50 elementor-inner-column elementor-element elementor-element-e38fe17\" data-id=\"e38fe17\" data-element_type=\"column\" data-e-type=\"column\">\n\t\t\t<div class=\"elementor-widget-wrap\">\n\t\t\t\t\t\t\t<\/div>\n\t\t<\/div>\n\t\t\t\t\t<\/div>\n\t\t<\/section>\n\t\t\t\t<div class=\"elementor-element elementor-element-1df23c0 elementor-widget elementor-widget-heading\" data-id=\"1df23c0\" data-element_type=\"widget\" data-e-type=\"widget\" data-widget_type=\"heading.default\">\n\t\t\t\t\t<h2 class=\"elementor-heading-title elementor-size-default\">Valori misurati da Spirobank II Smart<\/h2>\t\t\t\t<\/div>\n\t\t\t\t<div class=\"elementor-element elementor-element-260de50 elementor-widget elementor-widget-text-editor\" data-id=\"260de50\" data-element_type=\"widget\" data-e-type=\"widget\" data-widget_type=\"text-editor.default\">\n\t\t\t\t\t\t\t\t\t<p><strong>Direttamente sul dispositivo senza connessione :<\/strong><\/p><p>FVC, FEV1, FEV1%, FEV6, PEF, FEF25-75%, FIVC, et\u00e0 polmonare, VC, IVC<\/p><p><strong>Sui tablet Android o IOS tramite connessione Bluetooth all&#8217;app Mir Spiro:<\/strong><\/p><p>FVC, FEV1, FEV1%, PEF, FEF25-75, FET, ELA, IVC, EVC<\/p><p><strong>Su un computer tramite connessione USB al software WinspiroPro:<\/strong><\/p><p>FVC, FEV1, FEV1\/FVC, FEV1\/VC, PEF, FEF25, FEF50, FEF75, FEF25-75, FEF75-85, Et\u00e0 polmonare, Volume di estrapolazione, FET, Tempo al PEF, FEV0,5, FEV0,5\/FVC, FEV0,75, FEV0.75\/FVC, FEV2, FEV2\/FVC, FEV3, FEV3\/FVC, FEV6, FEV1\/FEV6, FIVC, FIV1, FIV1\/FIVC, PIF, FIF25, FIF50, FIF75, FEF50\/FIF50, VC, IVC, IC, ERV, IRV, Rf, VE, VT, tI, tE, VT\/ tI, tE\/tTOT, MVV (misurato), MVV (calcolato)<\/p>\t\t\t\t\t\t\t\t<\/div>\n\t\t\t\t<div class=\"elementor-element elementor-element-a092f8b elementor-widget elementor-widget-heading\" data-id=\"a092f8b\" data-element_type=\"widget\" data-e-type=\"widget\" data-widget_type=\"heading.default\">\n\t\t\t\t\t<h2 class=\"elementor-heading-title elementor-size-default\">Turbine per Spirobank II Smart<\/h2>\t\t\t\t<\/div>\n\t\t\t\t<div class=\"elementor-element elementor-element-e0a279c elementor-widget elementor-widget-text-editor\" data-id=\"e0a279c\" data-element_type=\"widget\" data-e-type=\"widget\" data-widget_type=\"text-editor.default\">\n\t\t\t\t\t\t\t\t\t<p><strong>Spirobank II Smart pu\u00f2<\/strong>essere utilizzato con una turbina riutilizzabile o con <a href=\"\/shop\/sed91000\/\">turbine monouso<\/a>. Tuttavia, l&#8217;uso di <strong>turbine monouso \u00e8 fortemente consigliato<\/strong>. In questo modo si evita qualsiasi rischio di contaminazione tra i pazienti e si elimina la necessit\u00e0 di pulire e disinfettare la turbina riutilizzabile per diverse ore.<\/p>\t\t\t\t\t\t\t\t<\/div>\n\t\t\t\t<div class=\"elementor-element elementor-element-9ef88a3 elementor-widget elementor-widget-heading\" data-id=\"9ef88a3\" data-element_type=\"widget\" data-e-type=\"widget\" data-widget_type=\"heading.default\">\n\t\t\t\t\t<h2 class=\"elementor-heading-title elementor-size-default\">Software WinspiroPro<\/h2>\t\t\t\t<\/div>\n\t\t\t\t<div class=\"elementor-element elementor-element-b66b69d elementor-widget elementor-widget-global elementor-global-32763 elementor-global-16723 elementor-widget-text-editor\" data-id=\"b66b69d\" data-element_type=\"widget\" data-e-type=\"widget\" data-widget_type=\"text-editor.default\">\n\t\t\t\t\t\t\t\t\t<p>WinspiroPro \u00e8 incluso in tutti i modelli di spirometro MIR e offre un&#8217;interfaccia intuitiva che non richiede competenze informatiche avanzate. Le caratteristiche principali includono: <\/p>\n<ul>\n<li>Riepilogo della spirometria del paziente in un&#8217;unica schermata.<\/li>\n<li>Gestione dinamica dei dati e archiviazione dei risultati.<\/li>\n<li>I risultati vengono inviati direttamente via e-mail.<\/li>\n<li>Confronto delle curve spirometriche.<\/li>\n<li>Modalit\u00e0 pediatrica con animazioni.<\/li>\n<li>Aggiornamento automatico e protocollo di provocazione\/dilatazione bronchiale.<\/li>\n<\/ul>\n\t\t\t\t\t\t\t\t<\/div>\n\t\t\t\t<div class=\"elementor-element elementor-element-42a55e5 elementor-widget elementor-widget-heading\" data-id=\"42a55e5\" data-element_type=\"widget\" data-e-type=\"widget\" data-widget_type=\"heading.default\">\n\t\t\t\t\t<h2 class=\"elementor-heading-title elementor-size-default\">Opzioni<\/h2>\t\t\t\t<\/div>\n\t\t\t\t<div class=\"elementor-element elementor-element-a94c2c0 elementor-widget elementor-widget-text-editor\" data-id=\"a94c2c0\" data-element_type=\"widget\" data-e-type=\"widget\" data-widget_type=\"text-editor.default\">\n\t\t\t\t\t\t\t\t\t<p>Lo spirometro <strong>Spirobank II Smart<\/strong> pu\u00f2 essere acquistato <a href=\"\/shop\/sed90004\/\">con l&#8217;opzione ossimetria<\/a>.<\/p>\t\t\t\t\t\t\t\t<\/div>\n\t\t\t\t\t<\/div>\n\t\t<\/div>\n\t\t\t\t\t<\/div>\n\t\t<\/section>\n\t\t\t\t<\/div>\n\t\t","protected":false},"excerpt":{"rendered":"<p>Dispositivo portatile con connessione USB e Bluetooth per la registrazione di dati respiratori. Compatibile con software professionali e app mobile su Android e iOS. Dotato di batteria integrata e schermo touch, \u00e8 pensato per un utilizzo in mobilit\u00e0 da parte di operatori sanitari qualificati.   <\/p>\n","protected":false},"featured_media":30760,"template":"","meta":{"_acf_changed":false},"product_brand":[2167],"product_cat":[1565,1568],"product_tag":[1599,1600,1595,1597,1630],"class_list":{"0":"post-35723","1":"product","2":"type-product","3":"status-publish","4":"has-post-thumbnail","6":"product_brand-mir-it","7":"product_cat-spirometri","8":"product_cat-apparecchi-spirometri","9":"product_tag-fvc-it","10":"product_tag-specchio","11":"product_tag-spirometria","12":"product_tag-spirometro","13":"product_tag-winspiro-it","14":"product_shipping_class-spedizione-gratuita","16":"first","17":"instock","18":"taxable","19":"shipping-taxable","20":"purchasable","21":"product-type-variable","22":"has-default-attributes"},"acf":[],"yoast_head":"<!-- This site is optimized with the Yoast SEO Premium plugin v27.4 (Yoast SEO v27.4) - https:\/\/yoast.com\/product\/yoast-seo-premium-wordpress\/ -->\n<title>Mir Spirobank II Smart - Registratore di dati respiratori Bluetooth | Swixed SA<\/title>\n<meta name=\"description\" content=\"Spirobank II Smart di Mir \u00e8 uno spirometro portatile. Pu\u00f2 essere utilizzato senza o con una connessione a un tablet tramite Bluetooth.\" \/>\n<meta name=\"robots\" content=\"index, follow, max-snippet:-1, max-image-preview:large, max-video-preview:-1\" \/>\n<link rel=\"canonical\" href=\"https:\/\/swixed.ch\/it\/prodotto\/sed90003\/\" \/>\n<meta property=\"og:locale\" content=\"it_IT\" \/>\n<meta property=\"og:type\" content=\"article\" \/>\n<meta property=\"og:title\" content=\"Mir Spirobank II Smart - Registratore di dati respiratori Bluetooth\" \/>\n<meta property=\"og:description\" content=\"Spirobank II Smart di Mir \u00e8 uno spirometro portatile. Pu\u00f2 essere utilizzato senza o con una connessione a un tablet tramite Bluetooth.\" \/>\n<meta property=\"og:url\" content=\"https:\/\/swixed.ch\/it\/prodotto\/sed90003\/\" \/>\n<meta property=\"og:site_name\" content=\"Swixed SA\" \/>\n<meta property=\"article:publisher\" content=\"https:\/\/www.facebook.com\/swixed\" \/>\n<meta property=\"article:modified_time\" content=\"2026-01-08T20:53:32+00:00\" \/>\n<meta property=\"og:image\" content=\"https:\/\/swixed.ch\/wp-content\/uploads\/products\/mir-spirobank-ii-smart-01.png\" \/>\n\t<meta property=\"og:image:width\" content=\"600\" \/>\n\t<meta property=\"og:image:height\" content=\"600\" \/>\n\t<meta property=\"og:image:type\" content=\"image\/png\" \/>\n<meta name=\"twitter:card\" content=\"summary_large_image\" \/>\n<meta name=\"twitter:label1\" content=\"Tempo di lettura stimato\" \/>\n\t<meta name=\"twitter:data1\" content=\"2 minuti\" \/>\n<script type=\"application\/ld+json\" class=\"yoast-schema-graph\">{\"@context\":\"https:\\\/\\\/schema.org\",\"@graph\":[{\"@type\":\"WebPage\",\"@id\":\"https:\\\/\\\/swixed.ch\\\/it\\\/prodotto\\\/sed90003\\\/\",\"url\":\"https:\\\/\\\/swixed.ch\\\/it\\\/prodotto\\\/sed90003\\\/\",\"name\":\"Mir Spirobank II Smart - Registratore di dati respiratori Bluetooth | Swixed SA\",\"isPartOf\":{\"@id\":\"https:\\\/\\\/swixed.ch\\\/it\\\/#website\"},\"primaryImageOfPage\":{\"@id\":\"https:\\\/\\\/swixed.ch\\\/it\\\/prodotto\\\/sed90003\\\/#primaryimage\"},\"image\":{\"@id\":\"https:\\\/\\\/swixed.ch\\\/it\\\/prodotto\\\/sed90003\\\/#primaryimage\"},\"thumbnailUrl\":\"https:\\\/\\\/swixed.ch\\\/wp-content\\\/uploads\\\/products\\\/mir-spirobank-ii-smart-01.png\",\"datePublished\":\"2022-12-13T16:01:38+00:00\",\"dateModified\":\"2026-01-08T20:53:32+00:00\",\"description\":\"Spirobank II Smart di Mir \u00e8 uno spirometro portatile. Pu\u00f2 essere utilizzato senza o con una connessione a un tablet tramite Bluetooth.\",\"breadcrumb\":{\"@id\":\"https:\\\/\\\/swixed.ch\\\/it\\\/prodotto\\\/sed90003\\\/#breadcrumb\"},\"inLanguage\":\"it-IT\",\"potentialAction\":[{\"@type\":\"ReadAction\",\"target\":[\"https:\\\/\\\/swixed.ch\\\/it\\\/prodotto\\\/sed90003\\\/\"]}]},{\"@type\":\"ImageObject\",\"inLanguage\":\"it-IT\",\"@id\":\"https:\\\/\\\/swixed.ch\\\/it\\\/prodotto\\\/sed90003\\\/#primaryimage\",\"url\":\"https:\\\/\\\/swixed.ch\\\/wp-content\\\/uploads\\\/products\\\/mir-spirobank-ii-smart-01.png\",\"contentUrl\":\"https:\\\/\\\/swixed.ch\\\/wp-content\\\/uploads\\\/products\\\/mir-spirobank-ii-smart-01.png\",\"width\":600,\"height\":600,\"caption\":\"mir spirobank ii smart 01\"},{\"@type\":\"BreadcrumbList\",\"@id\":\"https:\\\/\\\/swixed.ch\\\/it\\\/prodotto\\\/sed90003\\\/#breadcrumb\",\"itemListElement\":[{\"@type\":\"ListItem\",\"position\":1,\"name\":\"Home\",\"item\":\"https:\\\/\\\/swixed.ch\\\/it\\\/home\\\/\"},{\"@type\":\"ListItem\",\"position\":2,\"name\":\"Negozio\",\"item\":\"https:\\\/\\\/swixed.ch\\\/it\\\/shop\\\/\"},{\"@type\":\"ListItem\",\"position\":3,\"name\":\"Mir Spirobank II Smart &#8211; Registratore di dati respiratori Bluetooth\"}]},{\"@type\":\"WebSite\",\"@id\":\"https:\\\/\\\/swixed.ch\\\/it\\\/#website\",\"url\":\"https:\\\/\\\/swixed.ch\\\/it\\\/\",\"name\":\"Swixed SA\",\"description\":\"Dispositivi elettronici\",\"publisher\":{\"@id\":\"https:\\\/\\\/swixed.ch\\\/it\\\/#organization\"},\"potentialAction\":[{\"@type\":\"SearchAction\",\"target\":{\"@type\":\"EntryPoint\",\"urlTemplate\":\"https:\\\/\\\/swixed.ch\\\/it\\\/?s={search_term_string}\"},\"query-input\":{\"@type\":\"PropertyValueSpecification\",\"valueRequired\":true,\"valueName\":\"search_term_string\"}}],\"inLanguage\":\"it-IT\"},{\"@type\":\"Organization\",\"@id\":\"https:\\\/\\\/swixed.ch\\\/it\\\/#organization\",\"name\":\"Swixed SA\",\"url\":\"https:\\\/\\\/swixed.ch\\\/it\\\/\",\"logo\":{\"@type\":\"ImageObject\",\"inLanguage\":\"it-IT\",\"@id\":\"https:\\\/\\\/swixed.ch\\\/it\\\/#\\\/schema\\\/logo\\\/image\\\/\",\"url\":\"https:\\\/\\\/swixed.ch\\\/wp-content\\\/uploads\\\/logos\\\/swixed-logo-lite.png\",\"contentUrl\":\"https:\\\/\\\/swixed.ch\\\/wp-content\\\/uploads\\\/logos\\\/swixed-logo-lite.png\",\"width\":696,\"height\":696,\"caption\":\"Swixed SA\"},\"image\":{\"@id\":\"https:\\\/\\\/swixed.ch\\\/it\\\/#\\\/schema\\\/logo\\\/image\\\/\"},\"sameAs\":[\"https:\\\/\\\/www.facebook.com\\\/swixed\",\"https:\\\/\\\/www.linkedin.com\\\/company\\\/swixed\",\"https:\\\/\\\/www.youtube.com\\\/@swixedsa\"],\"description\":\"Swixed SA est une entreprise suisse bas\u00e9e \u00e0 Gen\u00e8ve, sp\u00e9cialis\u00e9e dans la vente, la location et la maintenance d\u2019appareils m\u00e9dicaux professionnels, tels que d\u00e9fibrillateurs AED, \u00e9lectrocardiographes, moniteurs patient et dispositifs de diagnostic.\",\"email\":\"infoshop@swixed.ch\",\"telephone\":\"+41 22 566 11 95\",\"legalName\":\"Swixed SA\",\"foundingDate\":\"2021-03-01\",\"numberOfEmployees\":{\"@type\":\"QuantitativeValue\",\"minValue\":\"1\",\"maxValue\":\"10\"}}]}<\/script>\n<!-- \/ Yoast SEO Premium plugin. -->","yoast_head_json":{"title":"Mir Spirobank II Smart - Registratore di dati respiratori Bluetooth | Swixed SA","description":"Spirobank II Smart di Mir \u00e8 uno spirometro portatile. Pu\u00f2 essere utilizzato senza o con una connessione a un tablet tramite Bluetooth.","robots":{"index":"index","follow":"follow","max-snippet":"max-snippet:-1","max-image-preview":"max-image-preview:large","max-video-preview":"max-video-preview:-1"},"canonical":"https:\/\/swixed.ch\/it\/prodotto\/sed90003\/","og_locale":"it_IT","og_type":"article","og_title":"Mir Spirobank II Smart - Registratore di dati respiratori Bluetooth","og_description":"Spirobank II Smart di Mir \u00e8 uno spirometro portatile. Pu\u00f2 essere utilizzato senza o con una connessione a un tablet tramite Bluetooth.","og_url":"https:\/\/swixed.ch\/it\/prodotto\/sed90003\/","og_site_name":"Swixed SA","article_publisher":"https:\/\/www.facebook.com\/swixed","article_modified_time":"2026-01-08T20:53:32+00:00","og_image":[{"width":600,"height":600,"url":"https:\/\/swixed.ch\/wp-content\/uploads\/products\/mir-spirobank-ii-smart-01.png","type":"image\/png"}],"twitter_card":"summary_large_image","twitter_misc":{"Tempo di lettura stimato":"2 minuti"},"schema":{"@context":"https:\/\/schema.org","@graph":[{"@type":"WebPage","@id":"https:\/\/swixed.ch\/it\/prodotto\/sed90003\/","url":"https:\/\/swixed.ch\/it\/prodotto\/sed90003\/","name":"Mir Spirobank II Smart - Registratore di dati respiratori Bluetooth | Swixed SA","isPartOf":{"@id":"https:\/\/swixed.ch\/it\/#website"},"primaryImageOfPage":{"@id":"https:\/\/swixed.ch\/it\/prodotto\/sed90003\/#primaryimage"},"image":{"@id":"https:\/\/swixed.ch\/it\/prodotto\/sed90003\/#primaryimage"},"thumbnailUrl":"https:\/\/swixed.ch\/wp-content\/uploads\/products\/mir-spirobank-ii-smart-01.png","datePublished":"2022-12-13T16:01:38+00:00","dateModified":"2026-01-08T20:53:32+00:00","description":"Spirobank II Smart di Mir \u00e8 uno spirometro portatile. Pu\u00f2 essere utilizzato senza o con una connessione a un tablet tramite Bluetooth.","breadcrumb":{"@id":"https:\/\/swixed.ch\/it\/prodotto\/sed90003\/#breadcrumb"},"inLanguage":"it-IT","potentialAction":[{"@type":"ReadAction","target":["https:\/\/swixed.ch\/it\/prodotto\/sed90003\/"]}]},{"@type":"ImageObject","inLanguage":"it-IT","@id":"https:\/\/swixed.ch\/it\/prodotto\/sed90003\/#primaryimage","url":"https:\/\/swixed.ch\/wp-content\/uploads\/products\/mir-spirobank-ii-smart-01.png","contentUrl":"https:\/\/swixed.ch\/wp-content\/uploads\/products\/mir-spirobank-ii-smart-01.png","width":600,"height":600,"caption":"mir spirobank ii smart 01"},{"@type":"BreadcrumbList","@id":"https:\/\/swixed.ch\/it\/prodotto\/sed90003\/#breadcrumb","itemListElement":[{"@type":"ListItem","position":1,"name":"Home","item":"https:\/\/swixed.ch\/it\/home\/"},{"@type":"ListItem","position":2,"name":"Negozio","item":"https:\/\/swixed.ch\/it\/shop\/"},{"@type":"ListItem","position":3,"name":"Mir Spirobank II Smart &#8211; Registratore di dati respiratori Bluetooth"}]},{"@type":"WebSite","@id":"https:\/\/swixed.ch\/it\/#website","url":"https:\/\/swixed.ch\/it\/","name":"Swixed SA","description":"Dispositivi elettronici","publisher":{"@id":"https:\/\/swixed.ch\/it\/#organization"},"potentialAction":[{"@type":"SearchAction","target":{"@type":"EntryPoint","urlTemplate":"https:\/\/swixed.ch\/it\/?s={search_term_string}"},"query-input":{"@type":"PropertyValueSpecification","valueRequired":true,"valueName":"search_term_string"}}],"inLanguage":"it-IT"},{"@type":"Organization","@id":"https:\/\/swixed.ch\/it\/#organization","name":"Swixed SA","url":"https:\/\/swixed.ch\/it\/","logo":{"@type":"ImageObject","inLanguage":"it-IT","@id":"https:\/\/swixed.ch\/it\/#\/schema\/logo\/image\/","url":"https:\/\/swixed.ch\/wp-content\/uploads\/logos\/swixed-logo-lite.png","contentUrl":"https:\/\/swixed.ch\/wp-content\/uploads\/logos\/swixed-logo-lite.png","width":696,"height":696,"caption":"Swixed SA"},"image":{"@id":"https:\/\/swixed.ch\/it\/#\/schema\/logo\/image\/"},"sameAs":["https:\/\/www.facebook.com\/swixed","https:\/\/www.linkedin.com\/company\/swixed","https:\/\/www.youtube.com\/@swixedsa"],"description":"Swixed SA est une entreprise suisse bas\u00e9e \u00e0 Gen\u00e8ve, sp\u00e9cialis\u00e9e dans la vente, la location et la maintenance d\u2019appareils m\u00e9dicaux professionnels, tels que d\u00e9fibrillateurs AED, \u00e9lectrocardiographes, moniteurs patient et dispositifs de diagnostic.","email":"infoshop@swixed.ch","telephone":"+41 22 566 11 95","legalName":"Swixed SA","foundingDate":"2021-03-01","numberOfEmployees":{"@type":"QuantitativeValue","minValue":"1","maxValue":"10"}}]}},"_links":{"self":[{"href":"https:\/\/swixed.ch\/it\/wp-json\/wp\/v2\/product\/35723","targetHints":{"allow":["GET"]}}],"collection":[{"href":"https:\/\/swixed.ch\/it\/wp-json\/wp\/v2\/product"}],"about":[{"href":"https:\/\/swixed.ch\/it\/wp-json\/wp\/v2\/types\/product"}],"version-history":[{"count":0,"href":"https:\/\/swixed.ch\/it\/wp-json\/wp\/v2\/product\/35723\/revisions"}],"wp:featuredmedia":[{"embeddable":true,"href":"https:\/\/swixed.ch\/it\/wp-json\/wp\/v2\/media\/30760"}],"wp:attachment":[{"href":"https:\/\/swixed.ch\/it\/wp-json\/wp\/v2\/media?parent=35723"}],"wp:term":[{"taxonomy":"product_brand","embeddable":true,"href":"https:\/\/swixed.ch\/it\/wp-json\/wp\/v2\/product_brand?post=35723"},{"taxonomy":"product_cat","embeddable":true,"href":"https:\/\/swixed.ch\/it\/wp-json\/wp\/v2\/product_cat?post=35723"},{"taxonomy":"product_tag","embeddable":true,"href":"https:\/\/swixed.ch\/it\/wp-json\/wp\/v2\/product_tag?post=35723"}],"curies":[{"name":"wp","href":"https:\/\/api.w.org\/{rel}","templated":true}]}}