{"id":35812,"date":"2022-12-14T12:27:13","date_gmt":"2022-12-14T10:27:13","guid":{"rendered":"https:\/\/swixed.com\/produit\/turbine-monouso-mir-flowmir\/"},"modified":"2025-09-07T18:11:17","modified_gmt":"2025-09-07T16:11:17","slug":"sed91000","status":"publish","type":"product","link":"https:\/\/swixed.ch\/it\/prodotto\/sed91000\/","title":{"rendered":"Turbine monouso Mir FlowMir &#8211; Per gli spirometri MIR"},"content":{"rendered":"\t\t<div data-elementor-type=\"product-post\" data-elementor-id=\"35812\" class=\"elementor elementor-35812 elementor-15372\" data-elementor-post-type=\"product\">\n\t\t\t\t\t\t<section class=\"elementor-section elementor-top-section elementor-element elementor-element-566dfe8 elementor-section-boxed elementor-section-height-default elementor-section-height-default\" data-id=\"566dfe8\" data-element_type=\"section\" data-e-type=\"section\">\n\t\t\t\t\t\t<div class=\"elementor-container elementor-column-gap-default\">\n\t\t\t\t\t<div class=\"elementor-column elementor-col-100 elementor-top-column elementor-element elementor-element-2c4618e\" data-id=\"2c4618e\" data-element_type=\"column\" data-e-type=\"column\">\n\t\t\t<div class=\"elementor-widget-wrap elementor-element-populated\">\n\t\t\t\t\t\t<div class=\"elementor-element elementor-element-57fea7d elementor-widget elementor-widget-heading\" data-id=\"57fea7d\" data-element_type=\"widget\" data-e-type=\"widget\" data-widget_type=\"heading.default\">\n\t\t\t\t\t<h2 class=\"elementor-heading-title elementor-size-default\">Descrizione delle turbine monouso FlowMir<\/h2>\t\t\t\t<\/div>\n\t\t\t\t<div class=\"elementor-element elementor-element-e0a279c elementor-widget elementor-widget-text-editor\" data-id=\"e0a279c\" data-element_type=\"widget\" data-e-type=\"widget\" data-widget_type=\"text-editor.default\">\n\t\t\t\t\t\t\t\t\t<p>Le <strong>turbine monouso FlowMir<\/strong> sono accessori essenziali per gli spirometri MIR come Minispir, Spirobank, Spirolab e Spirodoc. Queste turbine monouso sono <strong>calibrate in fabbrica<\/strong> e non richiedono una ricalibrazione giornaliera, il che le rende estremamente facili da usare. Il loro design avanzato garantisce un&#8217;<strong>accuratezza del 2,5%<\/strong>, in conformit\u00e0 con gli standard ATS\/ERS, non influenzata da temperatura, umidit\u00e0 o pressione atmosferica.  <\/p><p>Ogni turbina \u00e8 dotata di un <strong>boccaglio di cartone<\/strong> integrato per una maggiore comodit\u00e0. L&#8217;utilizzo delle turbine monouso FlowMir riduce al minimo il rischio di contaminazione incrociata tra i pazienti, rendendole una soluzione pi\u00f9 igienica rispetto alle turbine riutilizzabili. Sono confezionate singolarmente, per garantire un&#8217;<strong>igiene ottimale<\/strong> a ogni utilizzo.  <\/p><p>Ideali per gli operatori sanitari, consentono di effettuare test rapidi e affidabili senza la necessit\u00e0 di stazioni climatiche o apparecchiature di disinfezione. Inoltre, semplificano la gestione quotidiana degli spirometri nelle cliniche e negli studi medici. <\/p>\t\t\t\t\t\t\t\t<\/div>\n\t\t\t\t<div class=\"elementor-element elementor-element-a3b59f9 elementor-widget elementor-widget-heading\" data-id=\"a3b59f9\" data-element_type=\"widget\" data-e-type=\"widget\" data-widget_type=\"heading.default\">\n\t\t\t\t\t<h2 class=\"elementor-heading-title elementor-size-default\">Caratteristiche<\/h2>\t\t\t\t<\/div>\n\t\t\t\t<div class=\"elementor-element elementor-element-3edf0f8 elementor-widget elementor-widget-text-editor\" data-id=\"3edf0f8\" data-element_type=\"widget\" data-e-type=\"widget\" data-widget_type=\"text-editor.default\">\n\t\t\t\t\t\t\t\t\t<ul><li><strong>Precisione<\/strong>: \u00e8 conforme alle raccomandazioni ATS\/ERS con una precisione del 2,5%.<\/li><li><strong>Nessuna calibrazione<\/strong>: calibrato in fabbrica, non necessita di calibrazione giornaliera.<\/li><li><strong>Igienico<\/strong>: usa e getta, per evitare la contaminazione incrociata.<\/li><li><strong>Portatile<\/strong>: non \u00e8 influenzato da condizioni ambientali come temperatura, pressione o umidit\u00e0.<\/li><li><strong>Pronto all&#8217;uso<\/strong>: bocchino in cartone integrato.<\/li><li><strong>Pratica confezione<\/strong>: cartone da 60 pezzi, facile da trasportare e conservare.<\/li><\/ul>\t\t\t\t\t\t\t\t<\/div>\n\t\t\t\t<div class=\"elementor-element elementor-element-f602441 elementor-widget elementor-widget-heading\" data-id=\"f602441\" data-element_type=\"widget\" data-e-type=\"widget\" data-widget_type=\"heading.default\">\n\t\t\t\t\t<h2 class=\"elementor-heading-title elementor-size-default\">Contenuto<\/h2>\t\t\t\t<\/div>\n\t\t\t\t<div class=\"elementor-element elementor-element-4c3383d elementor-widget elementor-widget-text-editor\" data-id=\"4c3383d\" data-element_type=\"widget\" data-e-type=\"widget\" data-widget_type=\"text-editor.default\">\n\t\t\t\t\t\t\t\t\t<p>60 turbine FlowMir monouso, confezionate singolarmente.<\/p>\t\t\t\t\t\t\t\t<\/div>\n\t\t\t\t\t<\/div>\n\t\t<\/div>\n\t\t\t\t\t<\/div>\n\t\t<\/section>\n\t\t\t\t<\/div>\n\t\t","protected":false},"excerpt":{"rendered":"<p>Le turbine monouso FlowMir, calibrate in fabbrica, sono progettate per spirometri MIR come Minispir, Spirobank, Spirolab e Spirodoc. Precise e pronte all&#8217;uso, con boccaglio in cartone, garantiscono misurazioni affidabili senza necessit\u00e0 di calibrazione o disinfezione. Confezione da 60 pezzi inclusa.  <\/p>\n","protected":false},"featured_media":30088,"template":"","meta":{"_acf_changed":false},"product_brand":[2167],"product_cat":[1713,1565],"product_tag":[5027,3760,5028,5029,5025,5032,5030,1400,5031,5026,1595,5033,5034,5024,5035],"class_list":{"0":"post-35812","1":"product","2":"type-product","3":"status-publish","4":"has-post-thumbnail","6":"product_brand-mir-it","7":"product_cat-consumabili-spirometri","8":"product_cat-spirometri","9":"product_tag-accessori-per-spirometria","10":"product_tag-attrezzature-mediche","11":"product_tag-bocchini","12":"product_tag-calibrazione-di-fabbrica","13":"product_tag-flowmir-it","14":"product_tag-igienico-monouso","15":"product_tag-misurazioni-precise","16":"product_tag-monouso","17":"product_tag-prevenzione-della-contaminazione","18":"product_tag-spirometri-mir","19":"product_tag-spirometria","20":"product_tag-standard-ats-ers","21":"product_tag-test-di-respirazione","22":"product_tag-turbine-monouso","23":"product_tag-turbine-sostitutive","25":"first","26":"instock","27":"taxable","28":"shipping-taxable","29":"purchasable","30":"product-type-simple"},"acf":[],"yoast_head":"<!-- This site is optimized with the Yoast SEO Premium plugin v27.4 (Yoast SEO v27.4) - https:\/\/yoast.com\/product\/yoast-seo-premium-wordpress\/ -->\n<title>Turbine monouso Mir FlowMir - Per gli spirometri MIR | Swixed SA<\/title>\n<meta name=\"description\" content=\"Turbine monouso FlowMir, ideali per gli spirometri MIR. Monouso e calibrate in fabbrica, garantiscono precisione e igiene per i tuoi test respiratori.\" \/>\n<meta name=\"robots\" content=\"index, follow, max-snippet:-1, max-image-preview:large, max-video-preview:-1\" \/>\n<link rel=\"canonical\" href=\"https:\/\/swixed.ch\/it\/prodotto\/sed91000\/\" \/>\n<meta property=\"og:locale\" content=\"it_IT\" \/>\n<meta property=\"og:type\" content=\"article\" \/>\n<meta property=\"og:title\" content=\"Turbine monouso Mir FlowMir - Per gli spirometri MIR\" \/>\n<meta property=\"og:description\" content=\"Turbine monouso FlowMir, ideali per gli spirometri MIR. Monouso e calibrate in fabbrica, garantiscono precisione e igiene per i tuoi test respiratori.\" \/>\n<meta property=\"og:url\" content=\"https:\/\/swixed.ch\/it\/prodotto\/sed91000\/\" \/>\n<meta property=\"og:site_name\" content=\"Swixed SA\" \/>\n<meta property=\"article:publisher\" content=\"https:\/\/www.facebook.com\/swixed\" \/>\n<meta property=\"article:modified_time\" content=\"2025-09-07T16:11:17+00:00\" \/>\n<meta property=\"og:image\" content=\"https:\/\/swixed.ch\/wp-content\/uploads\/products\/mir-flowmir-disposable-turbine-01.png\" \/>\n\t<meta property=\"og:image:width\" content=\"600\" \/>\n\t<meta property=\"og:image:height\" content=\"600\" \/>\n\t<meta property=\"og:image:type\" content=\"image\/png\" \/>\n<meta name=\"twitter:card\" content=\"summary_large_image\" \/>\n<meta name=\"twitter:label1\" content=\"Tempo di lettura stimato\" \/>\n\t<meta name=\"twitter:data1\" content=\"1 minuto\" \/>\n<script type=\"application\/ld+json\" class=\"yoast-schema-graph\">{\"@context\":\"https:\\\/\\\/schema.org\",\"@graph\":[{\"@type\":\"WebPage\",\"@id\":\"https:\\\/\\\/swixed.ch\\\/it\\\/prodotto\\\/sed91000\\\/\",\"url\":\"https:\\\/\\\/swixed.ch\\\/it\\\/prodotto\\\/sed91000\\\/\",\"name\":\"Turbine monouso Mir FlowMir - Per gli spirometri MIR | Swixed SA\",\"isPartOf\":{\"@id\":\"https:\\\/\\\/swixed.ch\\\/it\\\/#website\"},\"primaryImageOfPage\":{\"@id\":\"https:\\\/\\\/swixed.ch\\\/it\\\/prodotto\\\/sed91000\\\/#primaryimage\"},\"image\":{\"@id\":\"https:\\\/\\\/swixed.ch\\\/it\\\/prodotto\\\/sed91000\\\/#primaryimage\"},\"thumbnailUrl\":\"https:\\\/\\\/swixed.ch\\\/wp-content\\\/uploads\\\/products\\\/mir-flowmir-disposable-turbine-01.png\",\"datePublished\":\"2022-12-14T10:27:13+00:00\",\"dateModified\":\"2025-09-07T16:11:17+00:00\",\"description\":\"Turbine monouso FlowMir, ideali per gli spirometri MIR. Monouso e calibrate in fabbrica, garantiscono precisione e igiene per i tuoi test respiratori.\",\"breadcrumb\":{\"@id\":\"https:\\\/\\\/swixed.ch\\\/it\\\/prodotto\\\/sed91000\\\/#breadcrumb\"},\"inLanguage\":\"it-IT\",\"potentialAction\":[{\"@type\":\"ReadAction\",\"target\":[\"https:\\\/\\\/swixed.ch\\\/it\\\/prodotto\\\/sed91000\\\/\"]}]},{\"@type\":\"ImageObject\",\"inLanguage\":\"it-IT\",\"@id\":\"https:\\\/\\\/swixed.ch\\\/it\\\/prodotto\\\/sed91000\\\/#primaryimage\",\"url\":\"https:\\\/\\\/swixed.ch\\\/wp-content\\\/uploads\\\/products\\\/mir-flowmir-disposable-turbine-01.png\",\"contentUrl\":\"https:\\\/\\\/swixed.ch\\\/wp-content\\\/uploads\\\/products\\\/mir-flowmir-disposable-turbine-01.png\",\"width\":600,\"height\":600,\"caption\":\"Turbine monouso Flowmir\"},{\"@type\":\"BreadcrumbList\",\"@id\":\"https:\\\/\\\/swixed.ch\\\/it\\\/prodotto\\\/sed91000\\\/#breadcrumb\",\"itemListElement\":[{\"@type\":\"ListItem\",\"position\":1,\"name\":\"Home\",\"item\":\"https:\\\/\\\/swixed.ch\\\/it\\\/home\\\/\"},{\"@type\":\"ListItem\",\"position\":2,\"name\":\"Negozio\",\"item\":\"https:\\\/\\\/swixed.ch\\\/it\\\/shop\\\/\"},{\"@type\":\"ListItem\",\"position\":3,\"name\":\"Turbine monouso Mir FlowMir &#8211; Per gli spirometri MIR\"}]},{\"@type\":\"WebSite\",\"@id\":\"https:\\\/\\\/swixed.ch\\\/it\\\/#website\",\"url\":\"https:\\\/\\\/swixed.ch\\\/it\\\/\",\"name\":\"Swixed SA\",\"description\":\"Dispositivi elettronici\",\"publisher\":{\"@id\":\"https:\\\/\\\/swixed.ch\\\/it\\\/#organization\"},\"potentialAction\":[{\"@type\":\"SearchAction\",\"target\":{\"@type\":\"EntryPoint\",\"urlTemplate\":\"https:\\\/\\\/swixed.ch\\\/it\\\/?s={search_term_string}\"},\"query-input\":{\"@type\":\"PropertyValueSpecification\",\"valueRequired\":true,\"valueName\":\"search_term_string\"}}],\"inLanguage\":\"it-IT\"},{\"@type\":\"Organization\",\"@id\":\"https:\\\/\\\/swixed.ch\\\/it\\\/#organization\",\"name\":\"Swixed SA\",\"url\":\"https:\\\/\\\/swixed.ch\\\/it\\\/\",\"logo\":{\"@type\":\"ImageObject\",\"inLanguage\":\"it-IT\",\"@id\":\"https:\\\/\\\/swixed.ch\\\/it\\\/#\\\/schema\\\/logo\\\/image\\\/\",\"url\":\"https:\\\/\\\/swixed.ch\\\/wp-content\\\/uploads\\\/logos\\\/swixed-logo-lite.png\",\"contentUrl\":\"https:\\\/\\\/swixed.ch\\\/wp-content\\\/uploads\\\/logos\\\/swixed-logo-lite.png\",\"width\":696,\"height\":696,\"caption\":\"Swixed SA\"},\"image\":{\"@id\":\"https:\\\/\\\/swixed.ch\\\/it\\\/#\\\/schema\\\/logo\\\/image\\\/\"},\"sameAs\":[\"https:\\\/\\\/www.facebook.com\\\/swixed\",\"https:\\\/\\\/www.linkedin.com\\\/company\\\/swixed\",\"https:\\\/\\\/www.youtube.com\\\/@swixedsa\"],\"description\":\"Swixed SA est une entreprise suisse bas\u00e9e \u00e0 Gen\u00e8ve, sp\u00e9cialis\u00e9e dans la vente, la location et la maintenance d\u2019appareils m\u00e9dicaux professionnels, tels que d\u00e9fibrillateurs AED, \u00e9lectrocardiographes, moniteurs patient et dispositifs de diagnostic.\",\"email\":\"infoshop@swixed.ch\",\"telephone\":\"+41 22 566 11 95\",\"legalName\":\"Swixed SA\",\"foundingDate\":\"2021-03-01\",\"numberOfEmployees\":{\"@type\":\"QuantitativeValue\",\"minValue\":\"1\",\"maxValue\":\"10\"}}]}<\/script>\n<!-- \/ Yoast SEO Premium plugin. -->","yoast_head_json":{"title":"Turbine monouso Mir FlowMir - Per gli spirometri MIR | Swixed SA","description":"Turbine monouso FlowMir, ideali per gli spirometri MIR. Monouso e calibrate in fabbrica, garantiscono precisione e igiene per i tuoi test respiratori.","robots":{"index":"index","follow":"follow","max-snippet":"max-snippet:-1","max-image-preview":"max-image-preview:large","max-video-preview":"max-video-preview:-1"},"canonical":"https:\/\/swixed.ch\/it\/prodotto\/sed91000\/","og_locale":"it_IT","og_type":"article","og_title":"Turbine monouso Mir FlowMir - Per gli spirometri MIR","og_description":"Turbine monouso FlowMir, ideali per gli spirometri MIR. Monouso e calibrate in fabbrica, garantiscono precisione e igiene per i tuoi test respiratori.","og_url":"https:\/\/swixed.ch\/it\/prodotto\/sed91000\/","og_site_name":"Swixed SA","article_publisher":"https:\/\/www.facebook.com\/swixed","article_modified_time":"2025-09-07T16:11:17+00:00","og_image":[{"width":600,"height":600,"url":"https:\/\/swixed.ch\/wp-content\/uploads\/products\/mir-flowmir-disposable-turbine-01.png","type":"image\/png"}],"twitter_card":"summary_large_image","twitter_misc":{"Tempo di lettura stimato":"1 minuto"},"schema":{"@context":"https:\/\/schema.org","@graph":[{"@type":"WebPage","@id":"https:\/\/swixed.ch\/it\/prodotto\/sed91000\/","url":"https:\/\/swixed.ch\/it\/prodotto\/sed91000\/","name":"Turbine monouso Mir FlowMir - Per gli spirometri MIR | Swixed SA","isPartOf":{"@id":"https:\/\/swixed.ch\/it\/#website"},"primaryImageOfPage":{"@id":"https:\/\/swixed.ch\/it\/prodotto\/sed91000\/#primaryimage"},"image":{"@id":"https:\/\/swixed.ch\/it\/prodotto\/sed91000\/#primaryimage"},"thumbnailUrl":"https:\/\/swixed.ch\/wp-content\/uploads\/products\/mir-flowmir-disposable-turbine-01.png","datePublished":"2022-12-14T10:27:13+00:00","dateModified":"2025-09-07T16:11:17+00:00","description":"Turbine monouso FlowMir, ideali per gli spirometri MIR. Monouso e calibrate in fabbrica, garantiscono precisione e igiene per i tuoi test respiratori.","breadcrumb":{"@id":"https:\/\/swixed.ch\/it\/prodotto\/sed91000\/#breadcrumb"},"inLanguage":"it-IT","potentialAction":[{"@type":"ReadAction","target":["https:\/\/swixed.ch\/it\/prodotto\/sed91000\/"]}]},{"@type":"ImageObject","inLanguage":"it-IT","@id":"https:\/\/swixed.ch\/it\/prodotto\/sed91000\/#primaryimage","url":"https:\/\/swixed.ch\/wp-content\/uploads\/products\/mir-flowmir-disposable-turbine-01.png","contentUrl":"https:\/\/swixed.ch\/wp-content\/uploads\/products\/mir-flowmir-disposable-turbine-01.png","width":600,"height":600,"caption":"Turbine monouso Flowmir"},{"@type":"BreadcrumbList","@id":"https:\/\/swixed.ch\/it\/prodotto\/sed91000\/#breadcrumb","itemListElement":[{"@type":"ListItem","position":1,"name":"Home","item":"https:\/\/swixed.ch\/it\/home\/"},{"@type":"ListItem","position":2,"name":"Negozio","item":"https:\/\/swixed.ch\/it\/shop\/"},{"@type":"ListItem","position":3,"name":"Turbine monouso Mir FlowMir &#8211; Per gli spirometri MIR"}]},{"@type":"WebSite","@id":"https:\/\/swixed.ch\/it\/#website","url":"https:\/\/swixed.ch\/it\/","name":"Swixed SA","description":"Dispositivi elettronici","publisher":{"@id":"https:\/\/swixed.ch\/it\/#organization"},"potentialAction":[{"@type":"SearchAction","target":{"@type":"EntryPoint","urlTemplate":"https:\/\/swixed.ch\/it\/?s={search_term_string}"},"query-input":{"@type":"PropertyValueSpecification","valueRequired":true,"valueName":"search_term_string"}}],"inLanguage":"it-IT"},{"@type":"Organization","@id":"https:\/\/swixed.ch\/it\/#organization","name":"Swixed SA","url":"https:\/\/swixed.ch\/it\/","logo":{"@type":"ImageObject","inLanguage":"it-IT","@id":"https:\/\/swixed.ch\/it\/#\/schema\/logo\/image\/","url":"https:\/\/swixed.ch\/wp-content\/uploads\/logos\/swixed-logo-lite.png","contentUrl":"https:\/\/swixed.ch\/wp-content\/uploads\/logos\/swixed-logo-lite.png","width":696,"height":696,"caption":"Swixed SA"},"image":{"@id":"https:\/\/swixed.ch\/it\/#\/schema\/logo\/image\/"},"sameAs":["https:\/\/www.facebook.com\/swixed","https:\/\/www.linkedin.com\/company\/swixed","https:\/\/www.youtube.com\/@swixedsa"],"description":"Swixed SA est une entreprise suisse bas\u00e9e \u00e0 Gen\u00e8ve, sp\u00e9cialis\u00e9e dans la vente, la location et la maintenance d\u2019appareils m\u00e9dicaux professionnels, tels que d\u00e9fibrillateurs AED, \u00e9lectrocardiographes, moniteurs patient et dispositifs de diagnostic.","email":"infoshop@swixed.ch","telephone":"+41 22 566 11 95","legalName":"Swixed SA","foundingDate":"2021-03-01","numberOfEmployees":{"@type":"QuantitativeValue","minValue":"1","maxValue":"10"}}]}},"_links":{"self":[{"href":"https:\/\/swixed.ch\/it\/wp-json\/wp\/v2\/product\/35812","targetHints":{"allow":["GET"]}}],"collection":[{"href":"https:\/\/swixed.ch\/it\/wp-json\/wp\/v2\/product"}],"about":[{"href":"https:\/\/swixed.ch\/it\/wp-json\/wp\/v2\/types\/product"}],"version-history":[{"count":0,"href":"https:\/\/swixed.ch\/it\/wp-json\/wp\/v2\/product\/35812\/revisions"}],"wp:featuredmedia":[{"embeddable":true,"href":"https:\/\/swixed.ch\/it\/wp-json\/wp\/v2\/media\/30088"}],"wp:attachment":[{"href":"https:\/\/swixed.ch\/it\/wp-json\/wp\/v2\/media?parent=35812"}],"wp:term":[{"taxonomy":"product_brand","embeddable":true,"href":"https:\/\/swixed.ch\/it\/wp-json\/wp\/v2\/product_brand?post=35812"},{"taxonomy":"product_cat","embeddable":true,"href":"https:\/\/swixed.ch\/it\/wp-json\/wp\/v2\/product_cat?post=35812"},{"taxonomy":"product_tag","embeddable":true,"href":"https:\/\/swixed.ch\/it\/wp-json\/wp\/v2\/product_tag?post=35812"}],"curies":[{"name":"wp","href":"https:\/\/api.w.org\/{rel}","templated":true}]}}