{"id":35820,"date":"2023-01-03T11:08:51","date_gmt":"2023-01-03T10:08:51","guid":{"rendered":"https:\/\/swixed.com\/produit\/mir-spirobank-ii-spirometro-intelligente-ossimetria\/"},"modified":"2026-04-20T11:23:58","modified_gmt":"2026-04-20T10:23:58","slug":"sed90004","status":"publish","type":"product","link":"https:\/\/swixed.ch\/it\/prodotto\/sed90004\/","title":{"rendered":"Mir Spirobank II Smart con ossimetro integrato &#8211; Dispositivo portatile con connettivit\u00e0 Bluetooth e registrazione dati"},"content":{"rendered":"\t\t<div data-elementor-type=\"product-post\" data-elementor-id=\"35820\" class=\"elementor elementor-35820 elementor-16796\" data-elementor-post-type=\"product\">\n\t\t\t\t\t\t<section class=\"elementor-section elementor-top-section elementor-element elementor-element-566dfe8 elementor-section-boxed elementor-section-height-default elementor-section-height-default\" data-id=\"566dfe8\" data-element_type=\"section\" data-e-type=\"section\">\n\t\t\t\t\t\t<div class=\"elementor-container elementor-column-gap-default\">\n\t\t\t\t\t<div class=\"elementor-column elementor-col-100 elementor-top-column elementor-element elementor-element-2c4618e\" data-id=\"2c4618e\" data-element_type=\"column\" data-e-type=\"column\">\n\t\t\t<div class=\"elementor-widget-wrap elementor-element-populated\">\n\t\t\t\t\t\t<div class=\"elementor-element elementor-element-57fea7d elementor-widget elementor-widget-heading\" data-id=\"57fea7d\" data-element_type=\"widget\" data-e-type=\"widget\" data-widget_type=\"heading.default\">\n\t\t\t\t\t<h2 class=\"elementor-heading-title elementor-size-default\">Descrizione della MIR Spirobank II Smart<\/h2>\t\t\t\t<\/div>\n\t\t\t\t<div class=\"elementor-element elementor-element-9c12bd6 elementor-widget elementor-widget-text-editor\" data-id=\"9c12bd6\" data-element_type=\"widget\" data-e-type=\"widget\" data-widget_type=\"text-editor.default\">\n\t\t\t\t\t\t\t\t\t<p>Lo spirometro Mir Spirobank II Smart rappresenta un significativo progresso nel campo della misurazione della funzionalit\u00e0 respiratoria. Progettato per essere utilizzato a casa o sul posto di lavoro, questo dispositivo portatile fornisce test spirometrici affidabili ed efficaci. \u00c8 dotato di un touch screen intuitivo e di una batteria ricaricabile integrata che ne facilita l&#8217;utilizzo in autonomia.  <\/p><p>I risultati dei test vengono immediatamente visualizzati sullo schermo, consentendo una rapida interpretazione. Per un&#8217;analisi approfondita, la Spirobank II Smart pu\u00f2 essere collegata a un computer via USB, utilizzando il software Mir WinspiroPRO, oppure sincronizzata con l&#8217;App Mir Spiro, disponibile su Android e iOS. Questa caratteristica di connettivit\u00e0 garantisce una flessibilit\u00e0 senza pari per gli utenti, siano essi pazienti o operatori sanitari.  <\/p><p>Lo spirometro incorpora la tecnologia di correzione BTPS (controllo della temperatura) per garantire misurazioni accurate, indipendentemente dalle condizioni ambientali. Inoltre, \u00e8 conforme agli standard dell&#8217;American Thoracic Society (ATS), garantendo prestazioni di alta qualit\u00e0 e risultati affidabili. <\/p>\t\t\t\t\t\t\t\t<\/div>\n\t\t\t\t<div class=\"elementor-element elementor-element-015981f elementor-widget elementor-widget-heading\" data-id=\"015981f\" data-element_type=\"widget\" data-e-type=\"widget\" data-widget_type=\"heading.default\">\n\t\t\t\t\t<h3 class=\"elementor-heading-title elementor-size-default\">Video MIR Spirobank II<\/h3>\t\t\t\t<\/div>\n\t\t\t\t<section class=\"elementor-section elementor-inner-section elementor-element elementor-element-ec9a389 elementor-section-full_width elementor-section-height-default elementor-section-height-default\" data-id=\"ec9a389\" data-element_type=\"section\" data-e-type=\"section\">\n\t\t\t\t\t\t<div class=\"elementor-container elementor-column-gap-default\">\n\t\t\t\t\t<div class=\"elementor-column elementor-col-50 elementor-inner-column elementor-element elementor-element-407e2da\" data-id=\"407e2da\" data-element_type=\"column\" data-e-type=\"column\">\n\t\t\t<div class=\"elementor-widget-wrap\">\n\t\t\t\t\t\t\t<\/div>\n\t\t<\/div>\n\t\t\t\t<div class=\"elementor-column elementor-col-50 elementor-inner-column elementor-element elementor-element-e38fe17\" data-id=\"e38fe17\" data-element_type=\"column\" data-e-type=\"column\">\n\t\t\t<div class=\"elementor-widget-wrap\">\n\t\t\t\t\t\t\t<\/div>\n\t\t<\/div>\n\t\t\t\t\t<\/div>\n\t\t<\/section>\n\t\t\t\t<div class=\"elementor-element elementor-element-195ab2a elementor-widget elementor-widget-heading\" data-id=\"195ab2a\" data-element_type=\"widget\" data-e-type=\"widget\" data-widget_type=\"heading.default\">\n\t\t\t\t\t<h2 class=\"elementor-heading-title elementor-size-default\">Valori misurati da Spirobank II Smart<\/h2>\t\t\t\t<\/div>\n\t\t\t\t<div class=\"elementor-element elementor-element-fb51bce elementor-widget elementor-widget-heading\" data-id=\"fb51bce\" data-element_type=\"widget\" data-e-type=\"widget\" data-widget_type=\"heading.default\">\n\t\t\t\t\t<h4 class=\"elementor-heading-title elementor-size-default\">Spirometria<\/h4>\t\t\t\t<\/div>\n\t\t\t\t<div class=\"elementor-element elementor-element-5b64df2 elementor-widget elementor-widget-text-editor\" data-id=\"5b64df2\" data-element_type=\"widget\" data-e-type=\"widget\" data-widget_type=\"text-editor.default\">\n\t\t\t\t\t\t\t\t\t<p><strong>Direttamente sul dispositivo senza connessione :<\/strong><\/p><p>FVC, FEV1, FEV1%, FEV6, PEF, FEF25-75%, FIVC, et\u00e0 polmonare, VC, IVC<\/p><p><strong>Sui tablet Android o IOS tramite connessione Bluetooth all&#8217;app Mir Spiro:<\/strong><\/p><p>FVC, FEV1, FEV1%, PEF, FEF25-75, FET, ELA, IVC, EVC<\/p><p><strong>Su un computer tramite connessione USB al software WinspiroPro:<\/strong><\/p><p>FVC, FEV1, FEV1\/FVC, FEV1\/VC, PEF, FEF25, FEF50, FEF75, FEF25-75, FEF75-85, Et\u00e0 polmonare, Volume di estrapolazione, FET, Tempo al PEF, FEV0,5, FEV0,5\/FVC, FEV0,75, FEV0.75\/FVC, FEV2, FEV2\/FVC, FEV3, FEV3\/FVC, FEV6, FEV1\/FEV6, FIVC, FIV1, FIV1\/FIVC, PIF, FIF25, FIF50, FIF75, FEF50\/FIF50, VC, IVC, IC, ERV, IRV, Rf, VE, VT, tI, tE, VT\/ tI, tE\/tTOT, MVV (misurato), MVV (calcolato)<\/p>\t\t\t\t\t\t\t\t<\/div>\n\t\t\t\t<div class=\"elementor-element elementor-element-0a8fedc elementor-widget elementor-widget-heading\" data-id=\"0a8fedc\" data-element_type=\"widget\" data-e-type=\"widget\" data-widget_type=\"heading.default\">\n\t\t\t\t\t<h4 class=\"elementor-heading-title elementor-size-default\">Ossimetria<\/h4>\t\t\t\t<\/div>\n\t\t\t\t<div class=\"elementor-element elementor-element-50790fa elementor-widget elementor-widget-text-editor\" data-id=\"50790fa\" data-element_type=\"widget\" data-e-type=\"widget\" data-widget_type=\"text-editor.default\">\n\t\t\t\t\t\t\t\t\t<div>SpO2 [Baseline, Min, Max, Mean], Frequenza di polso [Baseline, Min,Max, Mean], SpO2 [Baseline, Min, Max, Mean], Frequenza di polso [Baseline, Min,Max, Mean].<\/div>\t\t\t\t\t\t\t\t<\/div>\n\t\t\t\t<div class=\"elementor-element elementor-element-a092f8b elementor-widget elementor-widget-heading\" data-id=\"a092f8b\" data-element_type=\"widget\" data-e-type=\"widget\" data-widget_type=\"heading.default\">\n\t\t\t\t\t<h2 class=\"elementor-heading-title elementor-size-default\">Turbine per Spirobank II Smart<\/h2>\t\t\t\t<\/div>\n\t\t\t\t<div class=\"elementor-element elementor-element-e0a279c elementor-widget elementor-widget-text-editor\" data-id=\"e0a279c\" data-element_type=\"widget\" data-e-type=\"widget\" data-widget_type=\"text-editor.default\">\n\t\t\t\t\t\t\t\t\t<p>Spirobank II Smart \u00e8 compatibile con turbine riutilizzabili e <a href=\"\/shop\/sed91000\/\">monouso<\/a>. Si raccomanda l&#8217;uso di turbine monouso per ridurre al minimo il rischio di contaminazione tra i pazienti e per evitare il prolungato processo di pulizia delle turbine riutilizzabili.<\/p>\t\t\t\t\t\t\t\t<\/div>\n\t\t\t\t<div class=\"elementor-element elementor-element-9ef88a3 elementor-widget elementor-widget-heading\" data-id=\"9ef88a3\" data-element_type=\"widget\" data-e-type=\"widget\" data-widget_type=\"heading.default\">\n\t\t\t\t\t<h2 class=\"elementor-heading-title elementor-size-default\">Software WinspiroPro<\/h2>\t\t\t\t<\/div>\n\t\t\t\t<div class=\"elementor-element elementor-element-b66b69d elementor-widget elementor-widget-global elementor-global-32763 elementor-global-16723 elementor-widget-text-editor\" data-id=\"b66b69d\" data-element_type=\"widget\" data-e-type=\"widget\" data-widget_type=\"text-editor.default\">\n\t\t\t\t\t\t\t\t\t<p>WinspiroPro \u00e8 incluso in tutti i modelli di spirometro MIR e offre un&#8217;interfaccia intuitiva che non richiede competenze informatiche avanzate. Le caratteristiche principali includono: <\/p>\n<ul>\n<li>Riepilogo della spirometria del paziente in un&#8217;unica schermata.<\/li>\n<li>Gestione dinamica dei dati e archiviazione dei risultati.<\/li>\n<li>I risultati vengono inviati direttamente via e-mail.<\/li>\n<li>Confronto delle curve spirometriche.<\/li>\n<li>Modalit\u00e0 pediatrica con animazioni.<\/li>\n<li>Aggiornamento automatico e protocollo di provocazione\/dilatazione bronchiale.<\/li>\n<\/ul>\n\t\t\t\t\t\t\t\t<\/div>\n\t\t\t\t<div class=\"elementor-element elementor-element-a36a1b7 elementor-widget elementor-widget-heading\" data-id=\"a36a1b7\" data-element_type=\"widget\" data-e-type=\"widget\" data-widget_type=\"heading.default\">\n\t\t\t\t\t<h2 class=\"elementor-heading-title elementor-size-default\">Opzioni<\/h2>\t\t\t\t<\/div>\n\t\t\t\t<div class=\"elementor-element elementor-element-22a763d elementor-widget elementor-widget-text-editor\" data-id=\"22a763d\" data-element_type=\"widget\" data-e-type=\"widget\" data-widget_type=\"text-editor.default\">\n\t\t\t\t\t\t\t\t\tLo spirometro Sprirobank II Smart pu\u00f2 essere acquistato anche <a href=\"\/shop\/sed90003\/\">senza l&#8217;opzione ossimetrica<\/a>.\t\t\t\t\t\t\t\t<\/div>\n\t\t\t\t<div class=\"elementor-element elementor-element-e697816 elementor-widget elementor-widget-heading\" data-id=\"e697816\" data-element_type=\"widget\" data-e-type=\"widget\" data-widget_type=\"heading.default\">\n\t\t\t\t\t<h2 class=\"elementor-heading-title elementor-size-default\">Contenuto<\/h2>\t\t\t\t<\/div>\n\t\t\t\t<div class=\"elementor-element elementor-element-5d96c9f elementor-widget elementor-widget-text-editor\" data-id=\"5d96c9f\" data-element_type=\"widget\" data-e-type=\"widget\" data-widget_type=\"text-editor.default\">\n\t\t\t\t\t\t\t\t\t<ul><li>Spirometro intelligente Mir Spirobank II<\/li><li>Turbina monouso (o riutilizzabile come opzione)<\/li><li>Cavo USB per il collegamento al computer<\/li><li>Batteria ricaricabile integrata<\/li><li>Manuale d&#8217;uso dettagliato<\/li><li>Accesso al software Mir<\/li><li>WinspiroPRO<\/li><li>Borsa per il trasporto<\/li><\/ul><p><em><strong>Nota:<\/strong> questo dispositivo medico \u00e8 destinato a un uso professionale e deve essere utilizzato solo da professionisti sanitari qualificati per garantire risultati accurati e affidabili dei test di funzionalit\u00e0 polmonare.<\/em><\/p>\t\t\t\t\t\t\t\t<\/div>\n\t\t\t\t\t<\/div>\n\t\t<\/div>\n\t\t\t\t\t<\/div>\n\t\t<\/section>\n\t\t\t\t<\/div>\n\t\t","protected":false},"excerpt":{"rendered":"<p>Il Mir Spirobank II Smart \u00e8 un dispositivo compatto dotato di connessioni Bluetooth e USB, compatibile con l\u2019app Mir Spiro (Android\/iOS). Consente la trasmissione e la registrazione di dati tramite interfaccia digitale. Adatto ad applicazioni tecniche che richiedono connettivit\u00e0 mobile. Accessorio certificato CE, compatibile con i sensori della gamma Spirobank.   <\/p>\n","protected":false},"featured_media":30840,"template":"","meta":{"_acf_changed":false},"product_brand":[2167],"product_cat":[1565,1568],"product_tag":[6510,3395,6507,6512,3704,6504,6505,1675,4591,6511,6508,6506,4971,6509,5034],"class_list":{"0":"post-35820","1":"product","2":"type-product","3":"status-publish","4":"has-post-thumbnail","6":"product_brand-mir-it","7":"product_cat-spirometri","8":"product_cat-apparecchi-spirometri","9":"product_tag-analisi-dei-dati-it","10":"product_tag-apparecchiature-mediche","11":"product_tag-connettivita-bluetooth","12":"product_tag-diagnosi-mediche","13":"product_tag-dispositivo-leggero","14":"product_tag-mir-spirobank-ii-it","15":"product_tag-misurazione-delle-funzioni-respiratorie","16":"product_tag-ossimetria","17":"product_tag-professionista-della-salute","18":"product_tag-salute-dei-polmoni","19":"product_tag-software-per-la-spirometria","20":"product_tag-spirometria-a-domicilio","21":"product_tag-spirometro-portatile","22":"product_tag-standard-ats","23":"product_tag-test-di-respirazione","25":"first","26":"instock","27":"taxable","28":"shipping-taxable","29":"purchasable","30":"product-type-variable","31":"has-default-attributes"},"acf":[],"yoast_head":"<!-- This site is optimized with the Yoast SEO Premium plugin v27.4 (Yoast SEO v27.4) - https:\/\/yoast.com\/product\/yoast-seo-premium-wordpress\/ -->\n<title>Mir Spirobank II Smart con ossimetro integrato - Dispositivo portatile con connettivit\u00e0 Bluetooth e registrazione dati | Swixed SA<\/title>\n<meta name=\"description\" content=\"Spirometro portatile Mir Spirobank II Smart, ideale per effettuare test respiratori accurati. Connettivit\u00e0 Bluetooth e risultati immediati.\" \/>\n<meta name=\"robots\" content=\"index, follow, max-snippet:-1, max-image-preview:large, max-video-preview:-1\" \/>\n<link rel=\"canonical\" href=\"https:\/\/swixed.ch\/it\/prodotto\/sed90004\/\" \/>\n<meta property=\"og:locale\" content=\"it_IT\" \/>\n<meta property=\"og:type\" content=\"article\" \/>\n<meta property=\"og:title\" content=\"Mir Spirobank II Smart con ossimetro integrato - Dispositivo portatile con connettivit\u00e0 Bluetooth e registrazione dati\" \/>\n<meta property=\"og:description\" content=\"Spirometro portatile Mir Spirobank II Smart, ideale per effettuare test respiratori accurati. Connettivit\u00e0 Bluetooth e risultati immediati.\" \/>\n<meta property=\"og:url\" content=\"https:\/\/swixed.ch\/it\/prodotto\/sed90004\/\" \/>\n<meta property=\"og:site_name\" content=\"Swixed SA\" \/>\n<meta property=\"article:publisher\" content=\"https:\/\/www.facebook.com\/swixed\" \/>\n<meta property=\"article:modified_time\" content=\"2026-04-20T10:23:58+00:00\" \/>\n<meta property=\"og:image\" content=\"https:\/\/swixed.ch\/wp-content\/uploads\/products\/mir-spirobank-ii-smart-oxy-01.png\" \/>\n\t<meta property=\"og:image:width\" content=\"600\" \/>\n\t<meta property=\"og:image:height\" content=\"600\" \/>\n\t<meta property=\"og:image:type\" content=\"image\/png\" \/>\n<meta name=\"twitter:card\" content=\"summary_large_image\" \/>\n<meta name=\"twitter:label1\" content=\"Tempo di lettura stimato\" \/>\n\t<meta name=\"twitter:data1\" content=\"2 minuti\" \/>\n<script type=\"application\/ld+json\" class=\"yoast-schema-graph\">{\"@context\":\"https:\\\/\\\/schema.org\",\"@graph\":[{\"@type\":\"WebPage\",\"@id\":\"https:\\\/\\\/swixed.ch\\\/it\\\/prodotto\\\/sed90004\\\/\",\"url\":\"https:\\\/\\\/swixed.ch\\\/it\\\/prodotto\\\/sed90004\\\/\",\"name\":\"Mir Spirobank II Smart con ossimetro integrato - Dispositivo portatile con connettivit\u00e0 Bluetooth e registrazione dati | Swixed SA\",\"isPartOf\":{\"@id\":\"https:\\\/\\\/swixed.ch\\\/it\\\/#website\"},\"primaryImageOfPage\":{\"@id\":\"https:\\\/\\\/swixed.ch\\\/it\\\/prodotto\\\/sed90004\\\/#primaryimage\"},\"image\":{\"@id\":\"https:\\\/\\\/swixed.ch\\\/it\\\/prodotto\\\/sed90004\\\/#primaryimage\"},\"thumbnailUrl\":\"https:\\\/\\\/swixed.ch\\\/wp-content\\\/uploads\\\/products\\\/mir-spirobank-ii-smart-oxy-01.png\",\"datePublished\":\"2023-01-03T10:08:51+00:00\",\"dateModified\":\"2026-04-20T10:23:58+00:00\",\"description\":\"Spirometro portatile Mir Spirobank II Smart, ideale per effettuare test respiratori accurati. Connettivit\u00e0 Bluetooth e risultati immediati.\",\"breadcrumb\":{\"@id\":\"https:\\\/\\\/swixed.ch\\\/it\\\/prodotto\\\/sed90004\\\/#breadcrumb\"},\"inLanguage\":\"it-IT\",\"potentialAction\":[{\"@type\":\"ReadAction\",\"target\":[\"https:\\\/\\\/swixed.ch\\\/it\\\/prodotto\\\/sed90004\\\/\"]}]},{\"@type\":\"ImageObject\",\"inLanguage\":\"it-IT\",\"@id\":\"https:\\\/\\\/swixed.ch\\\/it\\\/prodotto\\\/sed90004\\\/#primaryimage\",\"url\":\"https:\\\/\\\/swixed.ch\\\/wp-content\\\/uploads\\\/products\\\/mir-spirobank-ii-smart-oxy-01.png\",\"contentUrl\":\"https:\\\/\\\/swixed.ch\\\/wp-content\\\/uploads\\\/products\\\/mir-spirobank-ii-smart-oxy-01.png\",\"width\":600,\"height\":600,\"caption\":\"mir spirobank ii smart oxy 01\"},{\"@type\":\"BreadcrumbList\",\"@id\":\"https:\\\/\\\/swixed.ch\\\/it\\\/prodotto\\\/sed90004\\\/#breadcrumb\",\"itemListElement\":[{\"@type\":\"ListItem\",\"position\":1,\"name\":\"Home\",\"item\":\"https:\\\/\\\/swixed.ch\\\/it\\\/home\\\/\"},{\"@type\":\"ListItem\",\"position\":2,\"name\":\"Negozio\",\"item\":\"https:\\\/\\\/swixed.ch\\\/it\\\/shop\\\/\"},{\"@type\":\"ListItem\",\"position\":3,\"name\":\"Mir Spirobank II Smart con ossimetro integrato &#8211; Dispositivo portatile con connettivit\u00e0 Bluetooth e registrazione dati\"}]},{\"@type\":\"WebSite\",\"@id\":\"https:\\\/\\\/swixed.ch\\\/it\\\/#website\",\"url\":\"https:\\\/\\\/swixed.ch\\\/it\\\/\",\"name\":\"Swixed SA\",\"description\":\"Dispositivi elettronici\",\"publisher\":{\"@id\":\"https:\\\/\\\/swixed.ch\\\/it\\\/#organization\"},\"potentialAction\":[{\"@type\":\"SearchAction\",\"target\":{\"@type\":\"EntryPoint\",\"urlTemplate\":\"https:\\\/\\\/swixed.ch\\\/it\\\/?s={search_term_string}\"},\"query-input\":{\"@type\":\"PropertyValueSpecification\",\"valueRequired\":true,\"valueName\":\"search_term_string\"}}],\"inLanguage\":\"it-IT\"},{\"@type\":\"Organization\",\"@id\":\"https:\\\/\\\/swixed.ch\\\/it\\\/#organization\",\"name\":\"Swixed SA\",\"url\":\"https:\\\/\\\/swixed.ch\\\/it\\\/\",\"logo\":{\"@type\":\"ImageObject\",\"inLanguage\":\"it-IT\",\"@id\":\"https:\\\/\\\/swixed.ch\\\/it\\\/#\\\/schema\\\/logo\\\/image\\\/\",\"url\":\"https:\\\/\\\/swixed.ch\\\/wp-content\\\/uploads\\\/logos\\\/swixed-logo-lite.png\",\"contentUrl\":\"https:\\\/\\\/swixed.ch\\\/wp-content\\\/uploads\\\/logos\\\/swixed-logo-lite.png\",\"width\":696,\"height\":696,\"caption\":\"Swixed SA\"},\"image\":{\"@id\":\"https:\\\/\\\/swixed.ch\\\/it\\\/#\\\/schema\\\/logo\\\/image\\\/\"},\"sameAs\":[\"https:\\\/\\\/www.facebook.com\\\/swixed\",\"https:\\\/\\\/www.linkedin.com\\\/company\\\/swixed\",\"https:\\\/\\\/www.youtube.com\\\/@swixedsa\"],\"description\":\"Swixed SA est une entreprise suisse bas\u00e9e \u00e0 Gen\u00e8ve, sp\u00e9cialis\u00e9e dans la vente, la location et la maintenance d\u2019appareils m\u00e9dicaux professionnels, tels que d\u00e9fibrillateurs AED, \u00e9lectrocardiographes, moniteurs patient et dispositifs de diagnostic.\",\"email\":\"infoshop@swixed.ch\",\"telephone\":\"+41 22 566 11 95\",\"legalName\":\"Swixed SA\",\"foundingDate\":\"2021-03-01\",\"numberOfEmployees\":{\"@type\":\"QuantitativeValue\",\"minValue\":\"1\",\"maxValue\":\"10\"}}]}<\/script>\n<!-- \/ Yoast SEO Premium plugin. -->","yoast_head_json":{"title":"Mir Spirobank II Smart con ossimetro integrato - Dispositivo portatile con connettivit\u00e0 Bluetooth e registrazione dati | Swixed SA","description":"Spirometro portatile Mir Spirobank II Smart, ideale per effettuare test respiratori accurati. Connettivit\u00e0 Bluetooth e risultati immediati.","robots":{"index":"index","follow":"follow","max-snippet":"max-snippet:-1","max-image-preview":"max-image-preview:large","max-video-preview":"max-video-preview:-1"},"canonical":"https:\/\/swixed.ch\/it\/prodotto\/sed90004\/","og_locale":"it_IT","og_type":"article","og_title":"Mir Spirobank II Smart con ossimetro integrato - Dispositivo portatile con connettivit\u00e0 Bluetooth e registrazione dati","og_description":"Spirometro portatile Mir Spirobank II Smart, ideale per effettuare test respiratori accurati. Connettivit\u00e0 Bluetooth e risultati immediati.","og_url":"https:\/\/swixed.ch\/it\/prodotto\/sed90004\/","og_site_name":"Swixed SA","article_publisher":"https:\/\/www.facebook.com\/swixed","article_modified_time":"2026-04-20T10:23:58+00:00","og_image":[{"width":600,"height":600,"url":"https:\/\/swixed.ch\/wp-content\/uploads\/products\/mir-spirobank-ii-smart-oxy-01.png","type":"image\/png"}],"twitter_card":"summary_large_image","twitter_misc":{"Tempo di lettura stimato":"2 minuti"},"schema":{"@context":"https:\/\/schema.org","@graph":[{"@type":"WebPage","@id":"https:\/\/swixed.ch\/it\/prodotto\/sed90004\/","url":"https:\/\/swixed.ch\/it\/prodotto\/sed90004\/","name":"Mir Spirobank II Smart con ossimetro integrato - Dispositivo portatile con connettivit\u00e0 Bluetooth e registrazione dati | Swixed SA","isPartOf":{"@id":"https:\/\/swixed.ch\/it\/#website"},"primaryImageOfPage":{"@id":"https:\/\/swixed.ch\/it\/prodotto\/sed90004\/#primaryimage"},"image":{"@id":"https:\/\/swixed.ch\/it\/prodotto\/sed90004\/#primaryimage"},"thumbnailUrl":"https:\/\/swixed.ch\/wp-content\/uploads\/products\/mir-spirobank-ii-smart-oxy-01.png","datePublished":"2023-01-03T10:08:51+00:00","dateModified":"2026-04-20T10:23:58+00:00","description":"Spirometro portatile Mir Spirobank II Smart, ideale per effettuare test respiratori accurati. Connettivit\u00e0 Bluetooth e risultati immediati.","breadcrumb":{"@id":"https:\/\/swixed.ch\/it\/prodotto\/sed90004\/#breadcrumb"},"inLanguage":"it-IT","potentialAction":[{"@type":"ReadAction","target":["https:\/\/swixed.ch\/it\/prodotto\/sed90004\/"]}]},{"@type":"ImageObject","inLanguage":"it-IT","@id":"https:\/\/swixed.ch\/it\/prodotto\/sed90004\/#primaryimage","url":"https:\/\/swixed.ch\/wp-content\/uploads\/products\/mir-spirobank-ii-smart-oxy-01.png","contentUrl":"https:\/\/swixed.ch\/wp-content\/uploads\/products\/mir-spirobank-ii-smart-oxy-01.png","width":600,"height":600,"caption":"mir spirobank ii smart oxy 01"},{"@type":"BreadcrumbList","@id":"https:\/\/swixed.ch\/it\/prodotto\/sed90004\/#breadcrumb","itemListElement":[{"@type":"ListItem","position":1,"name":"Home","item":"https:\/\/swixed.ch\/it\/home\/"},{"@type":"ListItem","position":2,"name":"Negozio","item":"https:\/\/swixed.ch\/it\/shop\/"},{"@type":"ListItem","position":3,"name":"Mir Spirobank II Smart con ossimetro integrato &#8211; Dispositivo portatile con connettivit\u00e0 Bluetooth e registrazione dati"}]},{"@type":"WebSite","@id":"https:\/\/swixed.ch\/it\/#website","url":"https:\/\/swixed.ch\/it\/","name":"Swixed SA","description":"Dispositivi elettronici","publisher":{"@id":"https:\/\/swixed.ch\/it\/#organization"},"potentialAction":[{"@type":"SearchAction","target":{"@type":"EntryPoint","urlTemplate":"https:\/\/swixed.ch\/it\/?s={search_term_string}"},"query-input":{"@type":"PropertyValueSpecification","valueRequired":true,"valueName":"search_term_string"}}],"inLanguage":"it-IT"},{"@type":"Organization","@id":"https:\/\/swixed.ch\/it\/#organization","name":"Swixed SA","url":"https:\/\/swixed.ch\/it\/","logo":{"@type":"ImageObject","inLanguage":"it-IT","@id":"https:\/\/swixed.ch\/it\/#\/schema\/logo\/image\/","url":"https:\/\/swixed.ch\/wp-content\/uploads\/logos\/swixed-logo-lite.png","contentUrl":"https:\/\/swixed.ch\/wp-content\/uploads\/logos\/swixed-logo-lite.png","width":696,"height":696,"caption":"Swixed SA"},"image":{"@id":"https:\/\/swixed.ch\/it\/#\/schema\/logo\/image\/"},"sameAs":["https:\/\/www.facebook.com\/swixed","https:\/\/www.linkedin.com\/company\/swixed","https:\/\/www.youtube.com\/@swixedsa"],"description":"Swixed SA est une entreprise suisse bas\u00e9e \u00e0 Gen\u00e8ve, sp\u00e9cialis\u00e9e dans la vente, la location et la maintenance d\u2019appareils m\u00e9dicaux professionnels, tels que d\u00e9fibrillateurs AED, \u00e9lectrocardiographes, moniteurs patient et dispositifs de diagnostic.","email":"infoshop@swixed.ch","telephone":"+41 22 566 11 95","legalName":"Swixed SA","foundingDate":"2021-03-01","numberOfEmployees":{"@type":"QuantitativeValue","minValue":"1","maxValue":"10"}}]}},"_links":{"self":[{"href":"https:\/\/swixed.ch\/it\/wp-json\/wp\/v2\/product\/35820","targetHints":{"allow":["GET"]}}],"collection":[{"href":"https:\/\/swixed.ch\/it\/wp-json\/wp\/v2\/product"}],"about":[{"href":"https:\/\/swixed.ch\/it\/wp-json\/wp\/v2\/types\/product"}],"version-history":[{"count":0,"href":"https:\/\/swixed.ch\/it\/wp-json\/wp\/v2\/product\/35820\/revisions"}],"wp:featuredmedia":[{"embeddable":true,"href":"https:\/\/swixed.ch\/it\/wp-json\/wp\/v2\/media\/30840"}],"wp:attachment":[{"href":"https:\/\/swixed.ch\/it\/wp-json\/wp\/v2\/media?parent=35820"}],"wp:term":[{"taxonomy":"product_brand","embeddable":true,"href":"https:\/\/swixed.ch\/it\/wp-json\/wp\/v2\/product_brand?post=35820"},{"taxonomy":"product_cat","embeddable":true,"href":"https:\/\/swixed.ch\/it\/wp-json\/wp\/v2\/product_cat?post=35820"},{"taxonomy":"product_tag","embeddable":true,"href":"https:\/\/swixed.ch\/it\/wp-json\/wp\/v2\/product_tag?post=35820"}],"curies":[{"name":"wp","href":"https:\/\/api.w.org\/{rel}","templated":true}]}}