{"id":35872,"date":"2023-01-02T18:20:07","date_gmt":"2023-01-02T16:20:07","guid":{"rendered":"https:\/\/swixed.com\/produit\/spirometro-mir-spirodoc\/"},"modified":"2026-01-06T19:13:00","modified_gmt":"2026-01-06T18:13:00","slug":"sed90005","status":"publish","type":"product","link":"https:\/\/swixed.ch\/it\/prodotto\/sed90005\/","title":{"rendered":"Mir Spirodoc &#8211; Spirometro portatile con touch screen e memoria integrata"},"content":{"rendered":"\t\t<div data-elementor-type=\"product-post\" data-elementor-id=\"35872\" class=\"elementor elementor-35872 elementor-16596\" data-elementor-post-type=\"product\">\n\t\t\t\t\t\t<section class=\"elementor-section elementor-top-section elementor-element elementor-element-566dfe8 elementor-section-boxed elementor-section-height-default elementor-section-height-default\" data-id=\"566dfe8\" data-element_type=\"section\" data-e-type=\"section\">\n\t\t\t\t\t\t<div class=\"elementor-container elementor-column-gap-default\">\n\t\t\t\t\t<div class=\"elementor-column elementor-col-100 elementor-top-column elementor-element elementor-element-2c4618e\" data-id=\"2c4618e\" data-element_type=\"column\" data-e-type=\"column\">\n\t\t\t<div class=\"elementor-widget-wrap elementor-element-populated\">\n\t\t\t\t\t\t<div class=\"elementor-element elementor-element-57fea7d elementor-widget elementor-widget-heading\" data-id=\"57fea7d\" data-element_type=\"widget\" data-e-type=\"widget\" data-widget_type=\"heading.default\">\n\t\t\t\t\t<h2 class=\"elementor-heading-title elementor-size-default\">Descrizione dello Spirodoc MIR<\/h2>\t\t\t\t<\/div>\n\t\t\t\t<div class=\"elementor-element elementor-element-e0a279c elementor-widget elementor-widget-text-editor\" data-id=\"e0a279c\" data-element_type=\"widget\" data-e-type=\"widget\" data-widget_type=\"text-editor.default\">\n\t\t\t\t\t\t\t\t\t<p>Lo spirometro Mir <strong>Spirodoc<\/strong> fa parte dell&#8217;ultima generazione di<strong> spirometri portatili<\/strong>. \u00c8 il pi\u00f9 completo della gamma. Pu\u00f2 essere utilizzato sia in modo indipendente che con un collegamento diretto a un computer. Come Minispir e Spirobank Advanced, Spirodoc funziona con il <strong>software altamente avanzato Mir WinspiroPRO<\/strong>. Grazie alla <strong>batteria integrata<\/strong> e al <strong>touch screen<\/strong>, pu\u00f2 eseguire <strong>test spirometrici senza essere collegato al<\/strong> software WinspiroPro. \u00c8 possibile <strong>leggere i risultati direttamente sullo schermo di<\/strong> Spirodoc e, se lo si desidera, <strong>trasferire i dati al software WinspiroPro<\/strong> in un secondo momento.  Per visualizzare i valori, salvarli e stampare un rapporto. Ideale per visitare i pazienti a casa!<\/p><p>Se si desidera utilizzare Spirodoc direttamente con il software WinspiroPro, \u00e8 sufficiente <strong>collegarlo direttamente<\/strong> al computer <strong>tramite il cavo USB o la connessione Bluetooth<\/strong>. I valori del test saranno direttamente visibili e salvati sul PC.<\/p><p>Come tutti gli spirometri MIR, lo Spirodoc esegue <strong>una correzione BTPS<\/strong> (controllo della temperatura). Ci\u00f2 significa che i valori misurati non sono influenzati dalle variazioni di temperatura dell&#8217;ambiente esterno. Tutti gli spirometri Mir sono <strong>certificati ATS (American Thoracic Standard)<\/strong>.<\/p>\t\t\t\t\t\t\t\t<\/div>\n\t\t\t\t<div class=\"elementor-element elementor-element-dabb402 elementor-widget elementor-widget-heading\" data-id=\"dabb402\" data-element_type=\"widget\" data-e-type=\"widget\" data-widget_type=\"heading.default\">\n\t\t\t\t\t<h3 class=\"elementor-heading-title elementor-size-default\"><a href=\"\/shop\/sed90006\/\">Pulsossimetria (opzionale)<\/a><\/h3>\t\t\t\t<\/div>\n\t\t\t\t<div class=\"elementor-element elementor-element-0264891 elementor-widget elementor-widget-text-editor\" data-id=\"0264891\" data-element_type=\"widget\" data-e-type=\"widget\" data-widget_type=\"text-editor.default\">\n\t\t\t\t\t\t\t\t\t<p>Ci\u00f2 che distingue Spirodoc <strong>dagli altri spirometri<\/strong> MIR \u00e8 l&#8217;opzione ossimetrica (Spirodoc + opzione ossimetrica). Infatti, \u00e8 l&#8217;<strong>unico<\/strong> in grado di eseguire l&#8217;<strong>ossimetria notturna<\/strong> e i <strong>test di deambulazione<\/strong>. Inoltre, la testa utilizzata per inserire la turbina spirometrica pu\u00f2 staccarsi. Per avere un <strong>dispositivo il pi\u00f9 compatto possibile<\/strong> per eseguire test ossimetrici a lungo termine.<\/p>\t\t\t\t\t\t\t\t<\/div>\n\t\t\t\t<div class=\"elementor-element elementor-element-4176a56 elementor-widget elementor-widget-heading\" data-id=\"4176a56\" data-element_type=\"widget\" data-e-type=\"widget\" data-widget_type=\"heading.default\">\n\t\t\t\t\t<h3 class=\"elementor-heading-title elementor-size-default\">Video MIR Spirodoc<\/h3>\t\t\t\t<\/div>\n\t\t\t\t<section class=\"elementor-section elementor-inner-section elementor-element elementor-element-8abd44f elementor-section-full_width elementor-section-height-default elementor-section-height-default\" data-id=\"8abd44f\" data-element_type=\"section\" data-e-type=\"section\">\n\t\t\t\t\t\t<div class=\"elementor-container elementor-column-gap-default\">\n\t\t\t\t\t<div class=\"elementor-column elementor-col-50 elementor-inner-column elementor-element elementor-element-0d1f8d5\" data-id=\"0d1f8d5\" data-element_type=\"column\" data-e-type=\"column\">\n\t\t\t<div class=\"elementor-widget-wrap\">\n\t\t\t\t\t\t\t<\/div>\n\t\t<\/div>\n\t\t\t\t<div class=\"elementor-column elementor-col-50 elementor-inner-column elementor-element elementor-element-39f40a7\" data-id=\"39f40a7\" data-element_type=\"column\" data-e-type=\"column\">\n\t\t\t<div class=\"elementor-widget-wrap\">\n\t\t\t\t\t\t\t<\/div>\n\t\t<\/div>\n\t\t\t\t\t<\/div>\n\t\t<\/section>\n\t\t\t\t<div class=\"elementor-element elementor-element-24385a7 elementor-widget elementor-widget-heading\" data-id=\"24385a7\" data-element_type=\"widget\" data-e-type=\"widget\" data-widget_type=\"heading.default\">\n\t\t\t\t\t<h2 class=\"elementor-heading-title elementor-size-default\">Valori misurati da Spirodoc<\/h2>\t\t\t\t<\/div>\n\t\t\t\t<div class=\"elementor-element elementor-element-6cb1b47 elementor-widget elementor-widget-text-editor\" data-id=\"6cb1b47\" data-element_type=\"widget\" data-e-type=\"widget\" data-widget_type=\"text-editor.default\">\n\t\t\t\t\t\t\t\t\t<p>FVC, FEV1, FEV1\/FVC%, FEV3, FEV3\/FVC%, FEV6, FEV1\/FEV6%, PEF, FEF25%, FEF50%, FEF75%, FEF25%-75%, FET, Et\u00e0, Estr. Vol, FIVC polmonare stimato, FIV1, FIV1\/FIVC%, PIF, VC, IVC, IC, ERV, FEV1\/VC%, VT, VE, Rf, ti, te, ti\/t-tot, VT\/ti, MVV misurato, MVV (calcolato)<\/p>\t\t\t\t\t\t\t\t<\/div>\n\t\t\t\t<div class=\"elementor-element elementor-element-dd0128b elementor-widget elementor-widget-heading\" data-id=\"dd0128b\" data-element_type=\"widget\" data-e-type=\"widget\" data-widget_type=\"heading.default\">\n\t\t\t\t\t<h2 class=\"elementor-heading-title elementor-size-default\">Turbine per Spirodoc<\/h2>\t\t\t\t<\/div>\n\t\t\t\t<div class=\"elementor-element elementor-element-34d91f2 elementor-widget elementor-widget-text-editor\" data-id=\"34d91f2\" data-element_type=\"widget\" data-e-type=\"widget\" data-widget_type=\"text-editor.default\">\n\t\t\t\t\t\t\t\t\t<p><strong>Spirodoc<\/strong> pu\u00f2 essere utilizzato con una turbina riutilizzabile o con <a href=\"\/shop\/sed91000\/\">turbine monouso<\/a>. Tuttavia, l&#8217;uso di <strong>turbine monouso \u00e8 fortemente consigliato<\/strong>. In questo modo si evita qualsiasi rischio di contaminazione tra i pazienti e si elimina la necessit\u00e0 di pulire e disinfettare la turbina riutilizzabile per diverse ore.<\/p>\t\t\t\t\t\t\t\t<\/div>\n\t\t\t\t<div class=\"elementor-element elementor-element-01e36b0 elementor-widget elementor-widget-heading\" data-id=\"01e36b0\" data-element_type=\"widget\" data-e-type=\"widget\" data-widget_type=\"heading.default\">\n\t\t\t\t\t<h2 class=\"elementor-heading-title elementor-size-default\">Software WinspiroPro<\/h2>\t\t\t\t<\/div>\n\t\t\t\t<div class=\"elementor-element elementor-element-88a3318 elementor-widget elementor-widget-global elementor-global-32763 elementor-global-16723 elementor-widget-text-editor\" data-id=\"88a3318\" data-element_type=\"widget\" data-e-type=\"widget\" data-widget_type=\"text-editor.default\">\n\t\t\t\t\t\t\t\t\t<p>WinspiroPro \u00e8 incluso in tutti i modelli di spirometro MIR e offre un&#8217;interfaccia intuitiva che non richiede competenze informatiche avanzate. Le caratteristiche principali includono: <\/p>\n<ul>\n<li>Riepilogo della spirometria del paziente in un&#8217;unica schermata.<\/li>\n<li>Gestione dinamica dei dati e archiviazione dei risultati.<\/li>\n<li>I risultati vengono inviati direttamente via e-mail.<\/li>\n<li>Confronto delle curve spirometriche.<\/li>\n<li>Modalit\u00e0 pediatrica con animazioni.<\/li>\n<li>Aggiornamento automatico e protocollo di provocazione\/dilatazione bronchiale.<\/li>\n<\/ul>\n\t\t\t\t\t\t\t\t<\/div>\n\t\t\t\t<div class=\"elementor-element elementor-element-921bc2d elementor-widget elementor-widget-heading\" data-id=\"921bc2d\" data-element_type=\"widget\" data-e-type=\"widget\" data-widget_type=\"heading.default\">\n\t\t\t\t\t<h2 class=\"elementor-heading-title elementor-size-default\">Opzioni<\/h2>\t\t\t\t<\/div>\n\t\t\t\t<div class=\"elementor-element elementor-element-9e5db72 elementor-widget elementor-widget-text-editor\" data-id=\"9e5db72\" data-element_type=\"widget\" data-e-type=\"widget\" data-widget_type=\"text-editor.default\">\n\t\t\t\t\t\t\t\t\t<p>Lo spirometro <strong>Spirodoc<\/strong> pu\u00f2 essere acquistato <a href=\"\/shop\/sed90006\/\">con l&#8217;opzione ossimetria<\/a>.<\/p>\t\t\t\t\t\t\t\t<\/div>\n\t\t\t\t\t<\/div>\n\t\t<\/div>\n\t\t\t\t\t<\/div>\n\t\t<\/section>\n\t\t\t\t<\/div>\n\t\t","protected":false},"excerpt":{"rendered":"<p>Mir Spirodoc \u00e8 uno spirometro portatile avanzato, dotato di touchscreen e batteria interna. Utilizzabile in modo autonomo oppure collegato via USB al PC con il software WinspiroPRO. Esegue test completi di spirometria con correzione BTPS automatica. Progettato per un utilizzo tecnico sotto supervisione.   <\/p>\n","protected":false},"featured_media":30032,"template":"","meta":{"_acf_changed":false},"product_brand":[2167],"product_cat":[1565,1568],"product_tag":[1737,1738,1595,1597,1739],"class_list":{"0":"post-35872","1":"product","2":"type-product","3":"status-publish","4":"has-post-thumbnail","6":"product_brand-mir-it","7":"product_cat-spirometri","8":"product_cat-apparecchi-spirometri","9":"product_tag-fvc-it-2","10":"product_tag-ossimetro-notturno","11":"product_tag-spirometria","12":"product_tag-spirometro","13":"product_tag-test-di-camminata","15":"first","16":"outofstock","17":"taxable","18":"shipping-taxable","19":"product-type-variable","20":"has-default-attributes"},"acf":[],"yoast_head":"<!-- This site is optimized with the Yoast SEO Premium plugin v27.4 (Yoast SEO v27.4) - https:\/\/yoast.com\/product\/yoast-seo-premium-wordpress\/ -->\n<title>Mir Spirodoc - Spirometro portatile con touch screen e memoria integrata | Swixed SA<\/title>\n<meta name=\"description\" content=\"Mir Spirodoc \u00e8 lo spirometro portatile pi\u00f9 completo della gamma. Pu\u00f2 essere utilizzato senza o con una connessione alla porta USB del computer.\" \/>\n<meta name=\"robots\" content=\"index, follow, max-snippet:-1, max-image-preview:large, max-video-preview:-1\" \/>\n<link rel=\"canonical\" href=\"https:\/\/swixed.ch\/it\/prodotto\/sed90005\/\" \/>\n<meta property=\"og:locale\" content=\"it_IT\" \/>\n<meta property=\"og:type\" content=\"article\" \/>\n<meta property=\"og:title\" content=\"Mir Spirodoc - Spirometro portatile con touch screen e memoria integrata\" \/>\n<meta property=\"og:description\" content=\"Mir Spirodoc \u00e8 lo spirometro portatile pi\u00f9 completo della gamma. Pu\u00f2 essere utilizzato senza o con una connessione alla porta USB del computer.\" \/>\n<meta property=\"og:url\" content=\"https:\/\/swixed.ch\/it\/prodotto\/sed90005\/\" \/>\n<meta property=\"og:site_name\" content=\"Swixed SA\" \/>\n<meta property=\"article:publisher\" content=\"https:\/\/www.facebook.com\/swixed\" \/>\n<meta property=\"article:modified_time\" content=\"2026-01-06T18:13:00+00:00\" \/>\n<meta property=\"og:image\" content=\"https:\/\/swixed.ch\/wp-content\/uploads\/products\/mir-spirodoc-02.png\" \/>\n\t<meta property=\"og:image:width\" content=\"600\" \/>\n\t<meta property=\"og:image:height\" content=\"600\" \/>\n\t<meta property=\"og:image:type\" content=\"image\/png\" \/>\n<meta name=\"twitter:card\" content=\"summary_large_image\" \/>\n<meta name=\"twitter:label1\" content=\"Tempo di lettura stimato\" \/>\n\t<meta name=\"twitter:data1\" content=\"2 minuti\" \/>\n<script type=\"application\/ld+json\" class=\"yoast-schema-graph\">{\"@context\":\"https:\\\/\\\/schema.org\",\"@graph\":[{\"@type\":\"WebPage\",\"@id\":\"https:\\\/\\\/swixed.ch\\\/it\\\/prodotto\\\/sed90005\\\/\",\"url\":\"https:\\\/\\\/swixed.ch\\\/it\\\/prodotto\\\/sed90005\\\/\",\"name\":\"Mir Spirodoc - Spirometro portatile con touch screen e memoria integrata | Swixed SA\",\"isPartOf\":{\"@id\":\"https:\\\/\\\/swixed.ch\\\/it\\\/#website\"},\"primaryImageOfPage\":{\"@id\":\"https:\\\/\\\/swixed.ch\\\/it\\\/prodotto\\\/sed90005\\\/#primaryimage\"},\"image\":{\"@id\":\"https:\\\/\\\/swixed.ch\\\/it\\\/prodotto\\\/sed90005\\\/#primaryimage\"},\"thumbnailUrl\":\"https:\\\/\\\/swixed.ch\\\/wp-content\\\/uploads\\\/products\\\/mir-spirodoc-02.png\",\"datePublished\":\"2023-01-02T16:20:07+00:00\",\"dateModified\":\"2026-01-06T18:13:00+00:00\",\"description\":\"Mir Spirodoc \u00e8 lo spirometro portatile pi\u00f9 completo della gamma. Pu\u00f2 essere utilizzato senza o con una connessione alla porta USB del computer.\",\"breadcrumb\":{\"@id\":\"https:\\\/\\\/swixed.ch\\\/it\\\/prodotto\\\/sed90005\\\/#breadcrumb\"},\"inLanguage\":\"it-IT\",\"potentialAction\":[{\"@type\":\"ReadAction\",\"target\":[\"https:\\\/\\\/swixed.ch\\\/it\\\/prodotto\\\/sed90005\\\/\"]}]},{\"@type\":\"ImageObject\",\"inLanguage\":\"it-IT\",\"@id\":\"https:\\\/\\\/swixed.ch\\\/it\\\/prodotto\\\/sed90005\\\/#primaryimage\",\"url\":\"https:\\\/\\\/swixed.ch\\\/wp-content\\\/uploads\\\/products\\\/mir-spirodoc-02.png\",\"contentUrl\":\"https:\\\/\\\/swixed.ch\\\/wp-content\\\/uploads\\\/products\\\/mir-spirodoc-02.png\",\"width\":600,\"height\":600,\"caption\":\"Spirometro Mir Spirodoc\"},{\"@type\":\"BreadcrumbList\",\"@id\":\"https:\\\/\\\/swixed.ch\\\/it\\\/prodotto\\\/sed90005\\\/#breadcrumb\",\"itemListElement\":[{\"@type\":\"ListItem\",\"position\":1,\"name\":\"Home\",\"item\":\"https:\\\/\\\/swixed.ch\\\/it\\\/home\\\/\"},{\"@type\":\"ListItem\",\"position\":2,\"name\":\"Negozio\",\"item\":\"https:\\\/\\\/swixed.ch\\\/it\\\/shop\\\/\"},{\"@type\":\"ListItem\",\"position\":3,\"name\":\"Mir Spirodoc &#8211; Spirometro portatile con touch screen e memoria integrata\"}]},{\"@type\":\"WebSite\",\"@id\":\"https:\\\/\\\/swixed.ch\\\/it\\\/#website\",\"url\":\"https:\\\/\\\/swixed.ch\\\/it\\\/\",\"name\":\"Swixed SA\",\"description\":\"Dispositivi elettronici\",\"publisher\":{\"@id\":\"https:\\\/\\\/swixed.ch\\\/it\\\/#organization\"},\"potentialAction\":[{\"@type\":\"SearchAction\",\"target\":{\"@type\":\"EntryPoint\",\"urlTemplate\":\"https:\\\/\\\/swixed.ch\\\/it\\\/?s={search_term_string}\"},\"query-input\":{\"@type\":\"PropertyValueSpecification\",\"valueRequired\":true,\"valueName\":\"search_term_string\"}}],\"inLanguage\":\"it-IT\"},{\"@type\":\"Organization\",\"@id\":\"https:\\\/\\\/swixed.ch\\\/it\\\/#organization\",\"name\":\"Swixed SA\",\"url\":\"https:\\\/\\\/swixed.ch\\\/it\\\/\",\"logo\":{\"@type\":\"ImageObject\",\"inLanguage\":\"it-IT\",\"@id\":\"https:\\\/\\\/swixed.ch\\\/it\\\/#\\\/schema\\\/logo\\\/image\\\/\",\"url\":\"https:\\\/\\\/swixed.ch\\\/wp-content\\\/uploads\\\/logos\\\/swixed-logo-lite.png\",\"contentUrl\":\"https:\\\/\\\/swixed.ch\\\/wp-content\\\/uploads\\\/logos\\\/swixed-logo-lite.png\",\"width\":696,\"height\":696,\"caption\":\"Swixed SA\"},\"image\":{\"@id\":\"https:\\\/\\\/swixed.ch\\\/it\\\/#\\\/schema\\\/logo\\\/image\\\/\"},\"sameAs\":[\"https:\\\/\\\/www.facebook.com\\\/swixed\",\"https:\\\/\\\/www.linkedin.com\\\/company\\\/swixed\",\"https:\\\/\\\/www.youtube.com\\\/@swixedsa\"],\"description\":\"Swixed SA est une entreprise suisse bas\u00e9e \u00e0 Gen\u00e8ve, sp\u00e9cialis\u00e9e dans la vente, la location et la maintenance d\u2019appareils m\u00e9dicaux professionnels, tels que d\u00e9fibrillateurs AED, \u00e9lectrocardiographes, moniteurs patient et dispositifs de diagnostic.\",\"email\":\"infoshop@swixed.ch\",\"telephone\":\"+41 22 566 11 95\",\"legalName\":\"Swixed SA\",\"foundingDate\":\"2021-03-01\",\"numberOfEmployees\":{\"@type\":\"QuantitativeValue\",\"minValue\":\"1\",\"maxValue\":\"10\"}}]}<\/script>\n<!-- \/ Yoast SEO Premium plugin. -->","yoast_head_json":{"title":"Mir Spirodoc - Spirometro portatile con touch screen e memoria integrata | Swixed SA","description":"Mir Spirodoc \u00e8 lo spirometro portatile pi\u00f9 completo della gamma. Pu\u00f2 essere utilizzato senza o con una connessione alla porta USB del computer.","robots":{"index":"index","follow":"follow","max-snippet":"max-snippet:-1","max-image-preview":"max-image-preview:large","max-video-preview":"max-video-preview:-1"},"canonical":"https:\/\/swixed.ch\/it\/prodotto\/sed90005\/","og_locale":"it_IT","og_type":"article","og_title":"Mir Spirodoc - Spirometro portatile con touch screen e memoria integrata","og_description":"Mir Spirodoc \u00e8 lo spirometro portatile pi\u00f9 completo della gamma. Pu\u00f2 essere utilizzato senza o con una connessione alla porta USB del computer.","og_url":"https:\/\/swixed.ch\/it\/prodotto\/sed90005\/","og_site_name":"Swixed SA","article_publisher":"https:\/\/www.facebook.com\/swixed","article_modified_time":"2026-01-06T18:13:00+00:00","og_image":[{"width":600,"height":600,"url":"https:\/\/swixed.ch\/wp-content\/uploads\/products\/mir-spirodoc-02.png","type":"image\/png"}],"twitter_card":"summary_large_image","twitter_misc":{"Tempo di lettura stimato":"2 minuti"},"schema":{"@context":"https:\/\/schema.org","@graph":[{"@type":"WebPage","@id":"https:\/\/swixed.ch\/it\/prodotto\/sed90005\/","url":"https:\/\/swixed.ch\/it\/prodotto\/sed90005\/","name":"Mir Spirodoc - Spirometro portatile con touch screen e memoria integrata | Swixed SA","isPartOf":{"@id":"https:\/\/swixed.ch\/it\/#website"},"primaryImageOfPage":{"@id":"https:\/\/swixed.ch\/it\/prodotto\/sed90005\/#primaryimage"},"image":{"@id":"https:\/\/swixed.ch\/it\/prodotto\/sed90005\/#primaryimage"},"thumbnailUrl":"https:\/\/swixed.ch\/wp-content\/uploads\/products\/mir-spirodoc-02.png","datePublished":"2023-01-02T16:20:07+00:00","dateModified":"2026-01-06T18:13:00+00:00","description":"Mir Spirodoc \u00e8 lo spirometro portatile pi\u00f9 completo della gamma. Pu\u00f2 essere utilizzato senza o con una connessione alla porta USB del computer.","breadcrumb":{"@id":"https:\/\/swixed.ch\/it\/prodotto\/sed90005\/#breadcrumb"},"inLanguage":"it-IT","potentialAction":[{"@type":"ReadAction","target":["https:\/\/swixed.ch\/it\/prodotto\/sed90005\/"]}]},{"@type":"ImageObject","inLanguage":"it-IT","@id":"https:\/\/swixed.ch\/it\/prodotto\/sed90005\/#primaryimage","url":"https:\/\/swixed.ch\/wp-content\/uploads\/products\/mir-spirodoc-02.png","contentUrl":"https:\/\/swixed.ch\/wp-content\/uploads\/products\/mir-spirodoc-02.png","width":600,"height":600,"caption":"Spirometro Mir Spirodoc"},{"@type":"BreadcrumbList","@id":"https:\/\/swixed.ch\/it\/prodotto\/sed90005\/#breadcrumb","itemListElement":[{"@type":"ListItem","position":1,"name":"Home","item":"https:\/\/swixed.ch\/it\/home\/"},{"@type":"ListItem","position":2,"name":"Negozio","item":"https:\/\/swixed.ch\/it\/shop\/"},{"@type":"ListItem","position":3,"name":"Mir Spirodoc &#8211; Spirometro portatile con touch screen e memoria integrata"}]},{"@type":"WebSite","@id":"https:\/\/swixed.ch\/it\/#website","url":"https:\/\/swixed.ch\/it\/","name":"Swixed SA","description":"Dispositivi elettronici","publisher":{"@id":"https:\/\/swixed.ch\/it\/#organization"},"potentialAction":[{"@type":"SearchAction","target":{"@type":"EntryPoint","urlTemplate":"https:\/\/swixed.ch\/it\/?s={search_term_string}"},"query-input":{"@type":"PropertyValueSpecification","valueRequired":true,"valueName":"search_term_string"}}],"inLanguage":"it-IT"},{"@type":"Organization","@id":"https:\/\/swixed.ch\/it\/#organization","name":"Swixed SA","url":"https:\/\/swixed.ch\/it\/","logo":{"@type":"ImageObject","inLanguage":"it-IT","@id":"https:\/\/swixed.ch\/it\/#\/schema\/logo\/image\/","url":"https:\/\/swixed.ch\/wp-content\/uploads\/logos\/swixed-logo-lite.png","contentUrl":"https:\/\/swixed.ch\/wp-content\/uploads\/logos\/swixed-logo-lite.png","width":696,"height":696,"caption":"Swixed SA"},"image":{"@id":"https:\/\/swixed.ch\/it\/#\/schema\/logo\/image\/"},"sameAs":["https:\/\/www.facebook.com\/swixed","https:\/\/www.linkedin.com\/company\/swixed","https:\/\/www.youtube.com\/@swixedsa"],"description":"Swixed SA est une entreprise suisse bas\u00e9e \u00e0 Gen\u00e8ve, sp\u00e9cialis\u00e9e dans la vente, la location et la maintenance d\u2019appareils m\u00e9dicaux professionnels, tels que d\u00e9fibrillateurs AED, \u00e9lectrocardiographes, moniteurs patient et dispositifs de diagnostic.","email":"infoshop@swixed.ch","telephone":"+41 22 566 11 95","legalName":"Swixed SA","foundingDate":"2021-03-01","numberOfEmployees":{"@type":"QuantitativeValue","minValue":"1","maxValue":"10"}}]}},"_links":{"self":[{"href":"https:\/\/swixed.ch\/it\/wp-json\/wp\/v2\/product\/35872","targetHints":{"allow":["GET"]}}],"collection":[{"href":"https:\/\/swixed.ch\/it\/wp-json\/wp\/v2\/product"}],"about":[{"href":"https:\/\/swixed.ch\/it\/wp-json\/wp\/v2\/types\/product"}],"version-history":[{"count":0,"href":"https:\/\/swixed.ch\/it\/wp-json\/wp\/v2\/product\/35872\/revisions"}],"wp:featuredmedia":[{"embeddable":true,"href":"https:\/\/swixed.ch\/it\/wp-json\/wp\/v2\/media\/30032"}],"wp:attachment":[{"href":"https:\/\/swixed.ch\/it\/wp-json\/wp\/v2\/media?parent=35872"}],"wp:term":[{"taxonomy":"product_brand","embeddable":true,"href":"https:\/\/swixed.ch\/it\/wp-json\/wp\/v2\/product_brand?post=35872"},{"taxonomy":"product_cat","embeddable":true,"href":"https:\/\/swixed.ch\/it\/wp-json\/wp\/v2\/product_cat?post=35872"},{"taxonomy":"product_tag","embeddable":true,"href":"https:\/\/swixed.ch\/it\/wp-json\/wp\/v2\/product_tag?post=35872"}],"curies":[{"name":"wp","href":"https:\/\/api.w.org\/{rel}","templated":true}]}}