{"id":36004,"date":"2023-01-04T17:23:35","date_gmt":"2023-01-04T15:23:35","guid":{"rendered":"https:\/\/swixed.com\/produit\/mir-spirolab-nuovo-spirometro-ossimetria\/"},"modified":"2026-03-18T02:53:55","modified_gmt":"2026-03-18T01:53:55","slug":"sed90008","status":"publish","type":"product","link":"https:\/\/swixed.ch\/it\/prodotto\/sed90008\/","title":{"rendered":"Mir Spirolab New &#8211; Dispositivo portatile con touch screen e stampante integrata"},"content":{"rendered":"\t\t<div data-elementor-type=\"product-post\" data-elementor-id=\"36004\" class=\"elementor elementor-36004 elementor-17168\" data-elementor-post-type=\"product\">\n\t\t\t\t\t\t<section class=\"elementor-section elementor-top-section elementor-element elementor-element-566dfe8 elementor-section-boxed elementor-section-height-default elementor-section-height-default\" data-id=\"566dfe8\" data-element_type=\"section\" data-e-type=\"section\">\n\t\t\t\t\t\t<div class=\"elementor-container elementor-column-gap-default\">\n\t\t\t\t\t<div class=\"elementor-column elementor-col-100 elementor-top-column elementor-element elementor-element-2c4618e\" data-id=\"2c4618e\" data-element_type=\"column\" data-e-type=\"column\">\n\t\t\t<div class=\"elementor-widget-wrap elementor-element-populated\">\n\t\t\t\t\t\t<div class=\"elementor-element elementor-element-57fea7d elementor-widget elementor-widget-heading\" data-id=\"57fea7d\" data-element_type=\"widget\" data-e-type=\"widget\" data-widget_type=\"heading.default\">\n\t\t\t\t\t<h2 class=\"elementor-heading-title elementor-size-default\">Descrizione di MIR Spirolab New<\/h2>\t\t\t\t<\/div>\n\t\t\t\t<div class=\"elementor-element elementor-element-e0a279c elementor-widget elementor-widget-text-editor\" data-id=\"e0a279c\" data-element_type=\"widget\" data-e-type=\"widget\" data-widget_type=\"text-editor.default\">\n\t\t\t\t\t\t\t\t\t<p>Lo spirometro <strong>Spirolab New <\/strong>di Mir \u00e8 lo<strong> spirometro portatile da tavolo della gamma<\/strong>.<br>Pu\u00f2 essere utilizzato sia in modo indipendente che con una connessione diretta a un computer. Infatti, grazie alla <strong>batteria integrata<\/strong> e al <strong>touch screen<\/strong> <b>da 7 pollici<\/b>, puoi eseguire i <strong>test spirometrici senza essere collegato al<\/strong> software WinspiroPro. Puoi <strong>leggere i risultati direttamente sullo schermo dello<\/strong> Spirolab e, se lo desideri, stamparli con la <b>stampante integrata<\/b>.   <strong>I dati<\/strong> possono anche essere <strong>trasferiti al software WinspiroPro<\/strong> in un secondo momento.<\/p><p>Se vuoi utilizzare Spirolab New direttamente con il software WinspiroPro, basta <strong>collegarlo direttamente<\/strong> al computer <strong>tramite il cavo USB o il Bluetooth<\/strong>. I valori dei test saranno direttamente visibili e salvati sul tuo PC. <\/p><p>Come tutti gli spirometri MIR, lo Spirolab New esegue <strong>una correzione BTPS <\/strong>(regolatore di temperatura). Ci\u00f2 significa che i valori misurati non sono influenzati dalle variazioni di temperatura dell&#8217;ambiente esterno. Tutti gli spirometri Mir sono <strong>certificati ATS (American Thoracic Standard)<\/strong>.  <\/p>\t\t\t\t\t\t\t\t<\/div>\n\t\t\t\t<div class=\"elementor-element elementor-element-db49250 elementor-widget elementor-widget-heading\" data-id=\"db49250\" data-element_type=\"widget\" data-e-type=\"widget\" data-widget_type=\"heading.default\">\n\t\t\t\t\t<h4 class=\"elementor-heading-title elementor-size-default\">Opzione ossimetria<\/h4>\t\t\t\t<\/div>\n\t\t\t\t<div class=\"elementor-element elementor-element-7e121c4 elementor-widget elementor-widget-text-editor\" data-id=\"7e121c4\" data-element_type=\"widget\" data-e-type=\"widget\" data-widget_type=\"text-editor.default\">\n\t\t\t\t\t\t\t\t\t<p>Per quanto riguarda l&#8217;<strong>ossimetria<\/strong>, Spirolab New funziona come la spirometria. Il dispositivo <strong>funziona a batteria e registra i dati dell&#8217;ossimetria<\/strong> grazie alla sua <strong>grande capacit\u00e0 di memoria<\/strong>. I dati possono essere visualizzati direttamente sullo schermo di Spirobank II o trasferiti al software WinspiroPro per generare un report. Se il dispositivo \u00e8 collegato direttamente a WinspiroPro durante il test, i dati possono essere visualizzati e memorizzati nel software.   <\/p>\t\t\t\t\t\t\t\t<\/div>\n\t\t\t\t<div class=\"elementor-element elementor-element-8827e28 elementor-widget elementor-widget-heading\" data-id=\"8827e28\" data-element_type=\"widget\" data-e-type=\"widget\" data-widget_type=\"heading.default\">\n\t\t\t\t\t<h2 class=\"elementor-heading-title elementor-size-default\">Turbine per Spirolab<\/h2>\t\t\t\t<\/div>\n\t\t\t\t<div class=\"elementor-element elementor-element-469f2d0 elementor-widget elementor-widget-text-editor\" data-id=\"469f2d0\" data-element_type=\"widget\" data-e-type=\"widget\" data-widget_type=\"text-editor.default\">\n\t\t\t\t\t\t\t\t\t<div class=\"elementor-element elementor-element-30a608f elementor-widget elementor-widget-text-editor\" data-id=\"30a608f\" data-element_type=\"widget\" data-widget_type=\"text-editor.default\"><div class=\"elementor-widget-container\"><div class=\"elementor-text-editor elementor-clearfix\"><p><strong>Spirolab New<\/strong> pu\u00f2 essere utilizzato sia con una turbina riutilizzabile che con <a href=\"https:\/\/swixed.com\/shop\/sed91000\/\">turbine monouso<\/a>. Tuttavia, l&#8217;uso di <strong>turbine monouso \u00e8 fortemente consigliato<\/strong>. In questo modo si evita il rischio di contaminazione tra i pazienti e si risparmiano diverse ore di pulizia e disinfezione della turbina riutilizzabile.  <\/p><\/div><\/div><\/div>\t\t\t\t\t\t\t\t<\/div>\n\t\t\t\t<div class=\"elementor-element elementor-element-3a1ebf2 elementor-widget elementor-widget-heading\" data-id=\"3a1ebf2\" data-element_type=\"widget\" data-e-type=\"widget\" data-widget_type=\"heading.default\">\n\t\t\t\t\t<h2 class=\"elementor-heading-title elementor-size-default\">Valori che possono essere misurati<\/h2>\t\t\t\t<\/div>\n\t\t\t\t<div class=\"elementor-element elementor-element-6aa2587 elementor-widget elementor-widget-heading\" data-id=\"6aa2587\" data-element_type=\"widget\" data-e-type=\"widget\" data-widget_type=\"heading.default\">\n\t\t\t\t\t<h4 class=\"elementor-heading-title elementor-size-default\">Spirometria<\/h4>\t\t\t\t<\/div>\n\t\t\t\t<div class=\"elementor-element elementor-element-0b6bdb6 elementor-widget elementor-widget-text-editor\" data-id=\"0b6bdb6\" data-element_type=\"widget\" data-e-type=\"widget\" data-widget_type=\"text-editor.default\">\n\t\t\t\t\t\t\t\t\t<p><strong>Direttamente sul dispositivo senza connessione:<\/strong><\/p><p>FVC, FEV1, FEV1\/FVC, FEV1\/VC, PEF, FEF25, FEF50, FEF75, FEF25-75, FEF75-85, Et\u00e0 polmonare, Volume di estrapolazione, FET, Tempo al PEF, FEV0,5, FEV0,5\/FVC, FEV0,75, FEV0.75\/FVC, FEV2, FEV2\/FVC, FEV3, FEV3\/FVC, FEV6, FEV1\/FEV6, FIVC, FIV1, FIV1\/FIVC, PIF, FIF25, FIF50, FIF75, FEF50\/FIF50, VC, IVC, IC, ERV, IRV, Rf, VE, VT, tI, tE, VT\/ tI, tE\/tTOT, MVV (misurato), MVV (calcolato)<\/p><p><strong>Su un computer tramite connessione USB al software WinspiroPro:<\/strong><\/p><p>FVC, FEV1, FEV1\/FVC, FEV1\/VC, PEF, FEF25, FEF50, FEF75, FEF25-75, FEF75-85, et\u00e0 polmonare, volume estrapolato, FET, tempo al PEF, FEV0.5, FEV0.5\/FVC, FEV0.75, FEV0.75\/FVC, FEV2, FEV2\/FVC, FEV3, FEV3\/FVC, FEV6, FEV1\/FEV6, FEV1\/PEF, FEV1\/FEV0.5, FIVC, FIV1, FIV1\/FIVC, PIF, FIF25, FIF50, FIF75<\/p>\t\t\t\t\t\t\t\t<\/div>\n\t\t\t\t<div class=\"elementor-element elementor-element-86c7bb0 elementor-widget elementor-widget-heading\" data-id=\"86c7bb0\" data-element_type=\"widget\" data-e-type=\"widget\" data-widget_type=\"heading.default\">\n\t\t\t\t\t<h4 class=\"elementor-heading-title elementor-size-default\">Ossimetria<\/h4>\t\t\t\t<\/div>\n\t\t\t\t<div class=\"elementor-element elementor-element-c8fa24d elementor-widget elementor-widget-text-editor\" data-id=\"c8fa24d\" data-element_type=\"widget\" data-e-type=\"widget\" data-widget_type=\"text-editor.default\">\n\t\t\t\t\t\t\t\t\t<p>SpO2 [Baseline, Min, Max, Mean], Frequenza del polso [Baseline, Min, Max, Mean], T90, T89, T88, T5 , Indice [12s], Eventi SpO2, Eventi Frequenza del polso [Bradicardia, Tachicardia], Eventi SpO2, Eventi Frequenza del polso [Bradicardia, Tachicardia].<\/p>\t\t\t\t\t\t\t\t<\/div>\n\t\t\t\t<div class=\"elementor-element elementor-element-4be0927 elementor-widget elementor-widget-heading\" data-id=\"4be0927\" data-element_type=\"widget\" data-e-type=\"widget\" data-widget_type=\"heading.default\">\n\t\t\t\t\t<h2 class=\"elementor-heading-title elementor-size-default\">Software WinspiroPro<\/h2>\t\t\t\t<\/div>\n\t\t\t\t<div class=\"elementor-element elementor-element-f3d5604 elementor-widget elementor-widget-global elementor-global-32763 elementor-global-16723 elementor-widget-text-editor\" data-id=\"f3d5604\" data-element_type=\"widget\" data-e-type=\"widget\" data-widget_type=\"text-editor.default\">\n\t\t\t\t\t\t\t\t\t<p>WinspiroPro \u00e8 incluso in tutti i modelli di spirometro MIR e offre un&#8217;interfaccia intuitiva che non richiede competenze informatiche avanzate. Le caratteristiche principali includono: <\/p>\n<ul>\n<li>Riepilogo della spirometria del paziente in un&#8217;unica schermata.<\/li>\n<li>Gestione dinamica dei dati e archiviazione dei risultati.<\/li>\n<li>I risultati vengono inviati direttamente via e-mail.<\/li>\n<li>Confronto delle curve spirometriche.<\/li>\n<li>Modalit\u00e0 pediatrica con animazioni.<\/li>\n<li>Aggiornamento automatico e protocollo di provocazione\/dilatazione bronchiale.<\/li>\n<\/ul>\n\t\t\t\t\t\t\t\t<\/div>\n\t\t\t\t<div class=\"elementor-element elementor-element-429117c elementor-widget elementor-widget-heading\" data-id=\"429117c\" data-element_type=\"widget\" data-e-type=\"widget\" data-widget_type=\"heading.default\">\n\t\t\t\t\t<h2 class=\"elementor-heading-title elementor-size-default\">Opzioni<\/h2>\t\t\t\t<\/div>\n\t\t\t\t<div class=\"elementor-element elementor-element-5b4253b elementor-widget elementor-widget-text-editor\" data-id=\"5b4253b\" data-element_type=\"widget\" data-e-type=\"widget\" data-widget_type=\"text-editor.default\">\n\t\t\t\t\t\t\t\t\t<p>Lo spirometro Spirolab New pu\u00f2 essere acquistato anche <a href=\"\/shop\/sed90007\/\">senza l&#8217;opzione ossimetrica<\/a>.<\/p>\t\t\t\t\t\t\t\t<\/div>\n\t\t\t\t\t<\/div>\n\t\t<\/div>\n\t\t\t\t\t<\/div>\n\t\t<\/section>\n\t\t\t\t<\/div>\n\t\t","protected":false},"excerpt":{"rendered":"<p>Mir Spirolab New \u00e8 un dispositivo portatile da tavolo con un touch screen a colori da 7 pollici. Funziona con una batteria integrata e ha una stampante incorporata. Il dispositivo \u00e8 dotato di connessioni USB e Bluetooth per il trasferimento e l&#8217;archiviazione dei dati con il software WinspiroPro. Il suo design compatto lo rende adatto all&#8217;uso professionale in diversi ambienti. Certificato CE.    <\/p>\n","protected":false},"featured_media":30680,"template":"","meta":{"_acf_changed":false},"product_brand":[],"product_cat":[1565,1568],"product_tag":[1601,1599,1600,1595,1597],"class_list":{"0":"post-36004","1":"product","2":"type-product","3":"status-publish","4":"has-post-thumbnail","6":"product_cat-spirometri","7":"product_cat-apparecchi-spirometri","8":"product_tag-flussometro","9":"product_tag-fvc-it","10":"product_tag-specchio","11":"product_tag-spirometria","12":"product_tag-spirometro","14":"first","15":"outofstock","16":"taxable","17":"shipping-taxable","18":"product-type-variable","19":"has-default-attributes"},"acf":[],"yoast_head":"<!-- This site is optimized with the Yoast SEO Premium plugin v27.4 (Yoast SEO v27.4) - https:\/\/yoast.com\/product\/yoast-seo-premium-wordpress\/ -->\n<title>Mir Spirolab New - Dispositivo portatile con touch screen e stampante integrata | Swixed SA<\/title>\n<meta name=\"description\" content=\"Spirolab New \u00e8 lo spirometro portatile da tavolo di Mir. Pu\u00f2 funzionare e stampare autonomamente o essere collegato a WinspiroPro su un PC.\" \/>\n<meta name=\"robots\" content=\"index, follow, max-snippet:-1, max-image-preview:large, max-video-preview:-1\" \/>\n<link rel=\"canonical\" href=\"https:\/\/swixed.ch\/it\/prodotto\/sed90008\/\" \/>\n<meta property=\"og:locale\" content=\"it_IT\" \/>\n<meta property=\"og:type\" content=\"article\" \/>\n<meta property=\"og:title\" content=\"Mir Spirolab New - Dispositivo portatile con touch screen e stampante integrata\" \/>\n<meta property=\"og:description\" content=\"Spirolab New \u00e8 lo spirometro portatile da tavolo di Mir. Pu\u00f2 funzionare e stampare autonomamente o essere collegato a WinspiroPro su un PC.\" \/>\n<meta property=\"og:url\" content=\"https:\/\/swixed.ch\/it\/prodotto\/sed90008\/\" \/>\n<meta property=\"og:site_name\" content=\"Swixed SA\" \/>\n<meta property=\"article:publisher\" content=\"https:\/\/www.facebook.com\/swixed\" \/>\n<meta property=\"article:modified_time\" content=\"2026-03-18T01:53:55+00:00\" \/>\n<meta property=\"og:image\" content=\"https:\/\/swixed.ch\/wp-content\/uploads\/products\/mir-spirolab-new-oxy-01.png\" \/>\n\t<meta property=\"og:image:width\" content=\"600\" \/>\n\t<meta property=\"og:image:height\" content=\"600\" \/>\n\t<meta property=\"og:image:type\" content=\"image\/png\" \/>\n<meta name=\"twitter:card\" content=\"summary_large_image\" \/>\n<meta name=\"twitter:label1\" content=\"Tempo di lettura stimato\" \/>\n\t<meta name=\"twitter:data1\" content=\"3 minuti\" \/>\n<script type=\"application\/ld+json\" class=\"yoast-schema-graph\">{\"@context\":\"https:\\\/\\\/schema.org\",\"@graph\":[{\"@type\":\"WebPage\",\"@id\":\"https:\\\/\\\/swixed.ch\\\/it\\\/prodotto\\\/sed90008\\\/\",\"url\":\"https:\\\/\\\/swixed.ch\\\/it\\\/prodotto\\\/sed90008\\\/\",\"name\":\"Mir Spirolab New - Dispositivo portatile con touch screen e stampante integrata | Swixed SA\",\"isPartOf\":{\"@id\":\"https:\\\/\\\/swixed.ch\\\/it\\\/#website\"},\"primaryImageOfPage\":{\"@id\":\"https:\\\/\\\/swixed.ch\\\/it\\\/prodotto\\\/sed90008\\\/#primaryimage\"},\"image\":{\"@id\":\"https:\\\/\\\/swixed.ch\\\/it\\\/prodotto\\\/sed90008\\\/#primaryimage\"},\"thumbnailUrl\":\"https:\\\/\\\/swixed.ch\\\/wp-content\\\/uploads\\\/products\\\/mir-spirolab-new-oxy-01.png\",\"datePublished\":\"2023-01-04T15:23:35+00:00\",\"dateModified\":\"2026-03-18T01:53:55+00:00\",\"description\":\"Spirolab New \u00e8 lo spirometro portatile da tavolo di Mir. Pu\u00f2 funzionare e stampare autonomamente o essere collegato a WinspiroPro su un PC.\",\"breadcrumb\":{\"@id\":\"https:\\\/\\\/swixed.ch\\\/it\\\/prodotto\\\/sed90008\\\/#breadcrumb\"},\"inLanguage\":\"it-IT\",\"potentialAction\":[{\"@type\":\"ReadAction\",\"target\":[\"https:\\\/\\\/swixed.ch\\\/it\\\/prodotto\\\/sed90008\\\/\"]}]},{\"@type\":\"ImageObject\",\"inLanguage\":\"it-IT\",\"@id\":\"https:\\\/\\\/swixed.ch\\\/it\\\/prodotto\\\/sed90008\\\/#primaryimage\",\"url\":\"https:\\\/\\\/swixed.ch\\\/wp-content\\\/uploads\\\/products\\\/mir-spirolab-new-oxy-01.png\",\"contentUrl\":\"https:\\\/\\\/swixed.ch\\\/wp-content\\\/uploads\\\/products\\\/mir-spirolab-new-oxy-01.png\",\"width\":600,\"height\":600,\"caption\":\"Mir Spirolab Nuovo Spirometro + Ossimetria\"},{\"@type\":\"BreadcrumbList\",\"@id\":\"https:\\\/\\\/swixed.ch\\\/it\\\/prodotto\\\/sed90008\\\/#breadcrumb\",\"itemListElement\":[{\"@type\":\"ListItem\",\"position\":1,\"name\":\"Home\",\"item\":\"https:\\\/\\\/swixed.ch\\\/it\\\/home\\\/\"},{\"@type\":\"ListItem\",\"position\":2,\"name\":\"Negozio\",\"item\":\"https:\\\/\\\/swixed.ch\\\/it\\\/shop\\\/\"},{\"@type\":\"ListItem\",\"position\":3,\"name\":\"Mir Spirolab New &#8211; Dispositivo portatile con touch screen e stampante integrata\"}]},{\"@type\":\"WebSite\",\"@id\":\"https:\\\/\\\/swixed.ch\\\/it\\\/#website\",\"url\":\"https:\\\/\\\/swixed.ch\\\/it\\\/\",\"name\":\"Swixed SA\",\"description\":\"Dispositivi elettronici\",\"publisher\":{\"@id\":\"https:\\\/\\\/swixed.ch\\\/it\\\/#organization\"},\"potentialAction\":[{\"@type\":\"SearchAction\",\"target\":{\"@type\":\"EntryPoint\",\"urlTemplate\":\"https:\\\/\\\/swixed.ch\\\/it\\\/?s={search_term_string}\"},\"query-input\":{\"@type\":\"PropertyValueSpecification\",\"valueRequired\":true,\"valueName\":\"search_term_string\"}}],\"inLanguage\":\"it-IT\"},{\"@type\":\"Organization\",\"@id\":\"https:\\\/\\\/swixed.ch\\\/it\\\/#organization\",\"name\":\"Swixed SA\",\"url\":\"https:\\\/\\\/swixed.ch\\\/it\\\/\",\"logo\":{\"@type\":\"ImageObject\",\"inLanguage\":\"it-IT\",\"@id\":\"https:\\\/\\\/swixed.ch\\\/it\\\/#\\\/schema\\\/logo\\\/image\\\/\",\"url\":\"https:\\\/\\\/swixed.ch\\\/wp-content\\\/uploads\\\/logos\\\/swixed-logo-lite.png\",\"contentUrl\":\"https:\\\/\\\/swixed.ch\\\/wp-content\\\/uploads\\\/logos\\\/swixed-logo-lite.png\",\"width\":696,\"height\":696,\"caption\":\"Swixed SA\"},\"image\":{\"@id\":\"https:\\\/\\\/swixed.ch\\\/it\\\/#\\\/schema\\\/logo\\\/image\\\/\"},\"sameAs\":[\"https:\\\/\\\/www.facebook.com\\\/swixed\",\"https:\\\/\\\/www.linkedin.com\\\/company\\\/swixed\",\"https:\\\/\\\/www.youtube.com\\\/@swixedsa\"],\"description\":\"Swixed SA est une entreprise suisse bas\u00e9e \u00e0 Gen\u00e8ve, sp\u00e9cialis\u00e9e dans la vente, la location et la maintenance d\u2019appareils m\u00e9dicaux professionnels, tels que d\u00e9fibrillateurs AED, \u00e9lectrocardiographes, moniteurs patient et dispositifs de diagnostic.\",\"email\":\"infoshop@swixed.ch\",\"telephone\":\"+41 22 566 11 95\",\"legalName\":\"Swixed SA\",\"foundingDate\":\"2021-03-01\",\"numberOfEmployees\":{\"@type\":\"QuantitativeValue\",\"minValue\":\"1\",\"maxValue\":\"10\"}}]}<\/script>\n<!-- \/ Yoast SEO Premium plugin. -->","yoast_head_json":{"title":"Mir Spirolab New - Dispositivo portatile con touch screen e stampante integrata | Swixed SA","description":"Spirolab New \u00e8 lo spirometro portatile da tavolo di Mir. Pu\u00f2 funzionare e stampare autonomamente o essere collegato a WinspiroPro su un PC.","robots":{"index":"index","follow":"follow","max-snippet":"max-snippet:-1","max-image-preview":"max-image-preview:large","max-video-preview":"max-video-preview:-1"},"canonical":"https:\/\/swixed.ch\/it\/prodotto\/sed90008\/","og_locale":"it_IT","og_type":"article","og_title":"Mir Spirolab New - Dispositivo portatile con touch screen e stampante integrata","og_description":"Spirolab New \u00e8 lo spirometro portatile da tavolo di Mir. Pu\u00f2 funzionare e stampare autonomamente o essere collegato a WinspiroPro su un PC.","og_url":"https:\/\/swixed.ch\/it\/prodotto\/sed90008\/","og_site_name":"Swixed SA","article_publisher":"https:\/\/www.facebook.com\/swixed","article_modified_time":"2026-03-18T01:53:55+00:00","og_image":[{"width":600,"height":600,"url":"https:\/\/swixed.ch\/wp-content\/uploads\/products\/mir-spirolab-new-oxy-01.png","type":"image\/png"}],"twitter_card":"summary_large_image","twitter_misc":{"Tempo di lettura stimato":"3 minuti"},"schema":{"@context":"https:\/\/schema.org","@graph":[{"@type":"WebPage","@id":"https:\/\/swixed.ch\/it\/prodotto\/sed90008\/","url":"https:\/\/swixed.ch\/it\/prodotto\/sed90008\/","name":"Mir Spirolab New - Dispositivo portatile con touch screen e stampante integrata | Swixed SA","isPartOf":{"@id":"https:\/\/swixed.ch\/it\/#website"},"primaryImageOfPage":{"@id":"https:\/\/swixed.ch\/it\/prodotto\/sed90008\/#primaryimage"},"image":{"@id":"https:\/\/swixed.ch\/it\/prodotto\/sed90008\/#primaryimage"},"thumbnailUrl":"https:\/\/swixed.ch\/wp-content\/uploads\/products\/mir-spirolab-new-oxy-01.png","datePublished":"2023-01-04T15:23:35+00:00","dateModified":"2026-03-18T01:53:55+00:00","description":"Spirolab New \u00e8 lo spirometro portatile da tavolo di Mir. Pu\u00f2 funzionare e stampare autonomamente o essere collegato a WinspiroPro su un PC.","breadcrumb":{"@id":"https:\/\/swixed.ch\/it\/prodotto\/sed90008\/#breadcrumb"},"inLanguage":"it-IT","potentialAction":[{"@type":"ReadAction","target":["https:\/\/swixed.ch\/it\/prodotto\/sed90008\/"]}]},{"@type":"ImageObject","inLanguage":"it-IT","@id":"https:\/\/swixed.ch\/it\/prodotto\/sed90008\/#primaryimage","url":"https:\/\/swixed.ch\/wp-content\/uploads\/products\/mir-spirolab-new-oxy-01.png","contentUrl":"https:\/\/swixed.ch\/wp-content\/uploads\/products\/mir-spirolab-new-oxy-01.png","width":600,"height":600,"caption":"Mir Spirolab Nuovo Spirometro + Ossimetria"},{"@type":"BreadcrumbList","@id":"https:\/\/swixed.ch\/it\/prodotto\/sed90008\/#breadcrumb","itemListElement":[{"@type":"ListItem","position":1,"name":"Home","item":"https:\/\/swixed.ch\/it\/home\/"},{"@type":"ListItem","position":2,"name":"Negozio","item":"https:\/\/swixed.ch\/it\/shop\/"},{"@type":"ListItem","position":3,"name":"Mir Spirolab New &#8211; Dispositivo portatile con touch screen e stampante integrata"}]},{"@type":"WebSite","@id":"https:\/\/swixed.ch\/it\/#website","url":"https:\/\/swixed.ch\/it\/","name":"Swixed SA","description":"Dispositivi elettronici","publisher":{"@id":"https:\/\/swixed.ch\/it\/#organization"},"potentialAction":[{"@type":"SearchAction","target":{"@type":"EntryPoint","urlTemplate":"https:\/\/swixed.ch\/it\/?s={search_term_string}"},"query-input":{"@type":"PropertyValueSpecification","valueRequired":true,"valueName":"search_term_string"}}],"inLanguage":"it-IT"},{"@type":"Organization","@id":"https:\/\/swixed.ch\/it\/#organization","name":"Swixed SA","url":"https:\/\/swixed.ch\/it\/","logo":{"@type":"ImageObject","inLanguage":"it-IT","@id":"https:\/\/swixed.ch\/it\/#\/schema\/logo\/image\/","url":"https:\/\/swixed.ch\/wp-content\/uploads\/logos\/swixed-logo-lite.png","contentUrl":"https:\/\/swixed.ch\/wp-content\/uploads\/logos\/swixed-logo-lite.png","width":696,"height":696,"caption":"Swixed SA"},"image":{"@id":"https:\/\/swixed.ch\/it\/#\/schema\/logo\/image\/"},"sameAs":["https:\/\/www.facebook.com\/swixed","https:\/\/www.linkedin.com\/company\/swixed","https:\/\/www.youtube.com\/@swixedsa"],"description":"Swixed SA est une entreprise suisse bas\u00e9e \u00e0 Gen\u00e8ve, sp\u00e9cialis\u00e9e dans la vente, la location et la maintenance d\u2019appareils m\u00e9dicaux professionnels, tels que d\u00e9fibrillateurs AED, \u00e9lectrocardiographes, moniteurs patient et dispositifs de diagnostic.","email":"infoshop@swixed.ch","telephone":"+41 22 566 11 95","legalName":"Swixed SA","foundingDate":"2021-03-01","numberOfEmployees":{"@type":"QuantitativeValue","minValue":"1","maxValue":"10"}}]}},"_links":{"self":[{"href":"https:\/\/swixed.ch\/it\/wp-json\/wp\/v2\/product\/36004","targetHints":{"allow":["GET"]}}],"collection":[{"href":"https:\/\/swixed.ch\/it\/wp-json\/wp\/v2\/product"}],"about":[{"href":"https:\/\/swixed.ch\/it\/wp-json\/wp\/v2\/types\/product"}],"version-history":[{"count":0,"href":"https:\/\/swixed.ch\/it\/wp-json\/wp\/v2\/product\/36004\/revisions"}],"wp:featuredmedia":[{"embeddable":true,"href":"https:\/\/swixed.ch\/it\/wp-json\/wp\/v2\/media\/30680"}],"wp:attachment":[{"href":"https:\/\/swixed.ch\/it\/wp-json\/wp\/v2\/media?parent=36004"}],"wp:term":[{"taxonomy":"product_brand","embeddable":true,"href":"https:\/\/swixed.ch\/it\/wp-json\/wp\/v2\/product_brand?post=36004"},{"taxonomy":"product_cat","embeddable":true,"href":"https:\/\/swixed.ch\/it\/wp-json\/wp\/v2\/product_cat?post=36004"},{"taxonomy":"product_tag","embeddable":true,"href":"https:\/\/swixed.ch\/it\/wp-json\/wp\/v2\/product_tag?post=36004"}],"curies":[{"name":"wp","href":"https:\/\/api.w.org\/{rel}","templated":true}]}}