{"id":36005,"date":"2023-03-15T19:33:29","date_gmt":"2023-03-15T18:33:29","guid":{"rendered":"https:\/\/swixed.com\/produit\/di-seconda-mano-defibrillatore-cardiac-science-g5\/"},"modified":"2026-04-19T19:13:40","modified_gmt":"2026-04-19T18:13:40","slug":"sed30016","status":"publish","type":"product","link":"https:\/\/swixed.ch\/it\/prodotto\/sed30016\/","title":{"rendered":"Defibrillatore usato Cardiac Science Powerheart G5 automatico"},"content":{"rendered":"\t\t<div data-elementor-type=\"product-post\" data-elementor-id=\"36005\" class=\"elementor elementor-36005 elementor-18658\" data-elementor-post-type=\"product\">\n\t\t\t\t<div class=\"elementor-element elementor-element-2987dd8 e-con-full e-flex e-con e-parent\" data-id=\"2987dd8\" data-element_type=\"container\" data-e-type=\"container\">\n\t\t<div class=\"elementor-element elementor-element-2fab4b0 e-con-full e-flex e-con e-child\" data-id=\"2fab4b0\" data-element_type=\"container\" data-e-type=\"container\">\n\t\t\t\t<div class=\"elementor-element elementor-element-43484fb elementor-widget elementor-widget-heading\" data-id=\"43484fb\" data-element_type=\"widget\" data-e-type=\"widget\" data-widget_type=\"heading.default\">\n\t\t\t\t\t<h2 class=\"elementor-heading-title elementor-size-default\">Presentazione generale<\/h2>\t\t\t\t<\/div>\n\t\t\t\t<div class=\"elementor-element elementor-element-9412bd3 elementor-widget elementor-widget-text-editor\" data-id=\"9412bd3\" data-element_type=\"widget\" data-e-type=\"widget\" data-widget_type=\"text-editor.default\">\n\t\t\t\t\t\t\t\t\tIl defibrillatore automatico Powerheart G5 di Cardiac Science di seconda mano soddisfa i requisiti degli ambienti professionali e comunitari. Combina un design robusto, un&#8217;interfaccia guidata e un funzionamento completamente automatizzato. Il dispositivo analizza il ritmo cardiaco e attiva automaticamente lo shock quando le condizioni tecniche lo consentono, senza alcuna azione manuale.  \n\nInoltre, Powerheart G5 esegue autotest giornalieri, settimanali e mensili. Questi controlli verificano continuamente le condizioni della batteria, degli elettrodi e dei componenti interni. In questo modo, gli utenti possono identificare rapidamente lo stato operativo del dispositivo.  \n\nInfine, questa versione di seconda mano viene sottoposta a un&#8217;ispezione tecnica completa prima di essere immessa sul mercato. Il team fornisce ogni dispositivo con nuovi materiali di consumo, consentendo l&#8217;installazione immediata in conformit\u00e0 con i requisiti applicabili. \t\t\t\t\t\t\t\t<\/div>\n\t\t\t\t<div class=\"elementor-element elementor-element-27031e2 elementor-widget elementor-widget-heading\" data-id=\"27031e2\" data-element_type=\"widget\" data-e-type=\"widget\" data-widget_type=\"heading.default\">\n\t\t\t\t\t<h2 class=\"elementor-heading-title elementor-size-default\">Specifiche tecniche e configurazione fornite<\/h2>\t\t\t\t<\/div>\n\t\t\t\t<div class=\"elementor-element elementor-element-0a75941 elementor-widget elementor-widget-text-editor\" data-id=\"0a75941\" data-element_type=\"widget\" data-e-type=\"widget\" data-widget_type=\"text-editor.default\">\n\t\t\t\t\t\t\t\t\t<p>Il defibrillatore automatico Cardiac Science G5 si distingue per la sua configurazione chiara e funzionale. Le istruzioni vocali e il metronomo integrato supportano ogni fase del processo. Inoltre, il dispositivo pu\u00f2 essere utilizzato in pi\u00f9 lingue, grazie alla selezione diretta delle lingue integrate.  <\/p><p>Caratteristiche principali:<\/p><ul><li>Funzionamento automatico con analisi del ritmo integrata<\/li><li>Istruzioni vocali chiare e metronomo udibile<\/li><li>Autotest automatici programmati<\/li><li>Compatibilit\u00e0 con elettrodi pediatrici (commutazione automatica)<\/li><li>Batteria nuova e di lunga durata<\/li><li>Nuovi elettrodi per adulti inclusi<\/li><\/ul><p><br>Inoltre, il dispositivo viene fornito con tutti i componenti necessari per l&#8217;installazione. Non \u00e8 quindi necessaria alcuna configurazione aggiuntiva prima dell&#8217;installazione in loco. <\/p>\t\t\t\t\t\t\t\t<\/div>\n\t\t\t\t<div class=\"elementor-element elementor-element-d13dd27 elementor-widget elementor-widget-heading\" data-id=\"d13dd27\" data-element_type=\"widget\" data-e-type=\"widget\" data-widget_type=\"heading.default\">\n\t\t\t\t\t<h2 class=\"elementor-heading-title elementor-size-default\">Utilizzo, conformit\u00e0 e raccomandazioni<\/h2>\t\t\t\t<\/div>\n\t\t\t\t<div class=\"elementor-element elementor-element-e41b386 elementor-widget elementor-widget-text-editor\" data-id=\"e41b386\" data-element_type=\"widget\" data-e-type=\"widget\" data-widget_type=\"text-editor.default\">\n\t\t\t\t\t\t\t\t\t<p>Il Powerheart G5 automatico \u00e8 conforme al Regolamento (UE) 2017\/745 sui dispositivi medici e soddisfa i pi\u00f9 severi standard internazionali.<br>Esegue autotest completi in modo autonomo, garantendo la sua disponibilit\u00e0 in ogni momento.<br>Per mantenere prestazioni ottimali, si raccomanda di controllare annualmente il dispositivo e di sostituire regolarmente la batteria e gli elettrodi, secondo le istruzioni del produttore.<br>Inoltre, questo modello \u00e8 conforme ai requisiti di sicurezza IEC 60601-1 e segue le direttive emanate dall&#8217;UFSP e da Swissmedic.<br>Di conseguenza, gli utenti beneficiano di un dispositivo affidabile, conforme e pronto a intervenire in ogni circostanza.<\/p><p>\t\t<div data-elementor-type=\"widget\" data-elementor-id=\"59086\" class=\"elementor elementor-59086 elementor-59083 elementor-59083\" data-elementor-post-type=\"elementor_library\">\n\t\t\t\t\t\t<div class=\"elementor-element elementor-element-59083 elementor-widget elementor-widget-text-editor\" data-id=\"59083\" data-element_type=\"widget\" data-e-type=\"widget\" data-widget_type=\"text-editor.default\">\n\t\t\t\t\t\t\t\t\t<p>Per maggiori informazioni, consulta :<\/p><ul><li><a href=\"https:\/\/www.swissmedic.ch\" target=\"_blank\" rel=\"noopener\">Swissmedic<\/a><\/li><li><a href=\"https:\/\/www.bag.admin.ch\" target=\"_blank\" rel=\"noopener\">Ufficio federale della sanit\u00e0 pubblica (UFSP)<\/a><\/li><li><a href=\"https:\/\/www.switec.info\" target=\"_blank\" rel=\"noopener\">Centro d&#8217;informazione svizzero per le norme tecniche (Switec)<\/a><\/li><li><a href=\"https:\/\/www.fedlex.admin.ch\/eli\/cc\/2020\/552\/\" target=\"_blank\" rel=\"noopener\">Ordinanza sui dispositivi medici (ODim o MedDO)<\/a><\/li><\/ul><p><br>I nostri dispositivi medici hanno un rappresentante autorizzato in Svizzera (CH-REP), in conformit\u00e0 con l&#8217;attuale legislazione svizzera sui dispositivi medici.<\/p>\t\t\t\t\t\t\t\t<\/div>\n\t\t\t\t<\/div>\n\t\t<br>Clicca qui per prenotare la <a href=\"https:\/\/swixed.ch\/it\/prodotto\/sed94000\/\">manutenzione periodica<\/a>.<\/p>\t\t\t\t\t\t\t\t<\/div>\n\t\t\t\t<div class=\"elementor-element elementor-element-521ebe0 elementor-widget elementor-widget-heading\" data-id=\"521ebe0\" data-element_type=\"widget\" data-e-type=\"widget\" data-widget_type=\"heading.default\">\n\t\t\t\t\t<h2 class=\"elementor-heading-title elementor-size-default\">Contenuto<\/h2>\t\t\t\t<\/div>\n\t\t\t\t<div class=\"elementor-element elementor-element-98fafa9 elementor-widget elementor-widget-text-editor\" data-id=\"98fafa9\" data-element_type=\"widget\" data-e-type=\"widget\" data-widget_type=\"text-editor.default\">\n\t\t\t\t\t\t\t\t\t<ul><li>1 defibrillatore automatico Cardiac Science G5 di seconda mano<\/li><li>Lingua: francese \/ inglese<\/li><li>Nuova batteria<\/li><li>Coppia di nuovi elettrodi per adulti<\/li><li>Testato e garantito per 2 anni dall&#8217;acquisto<\/li><\/ul>\t\t\t\t\t\t\t\t<\/div>\n\t\t\t\t<\/div>\n\t\t\t\t<\/div>\n\t\t\t\t<\/div>\n\t\t","protected":false},"excerpt":{"rendered":"<p>Il Cardiac Science Powerheart G5 \u00e8 un defibrillatore automatico di seconda mano progettato per essere utilizzato in ambienti pubblici e professionali. Ogni unit\u00e0 viene ispezionata e testata secondo procedure tecniche definite prima di essere immessa sul mercato. L&#8217;unit\u00e0 viene fornita con una batteria e degli elettrodi nuovi, oltre agli accessori essenziali. Certificata CE e con una garanzia di 2 anni, \u00e8 progettata per l&#8217;utilizzo da parte di utenti che non hanno una formazione medica precedente e da parte di operatori sanitari.   <\/p>\n","protected":false},"featured_media":57578,"template":"","meta":{"_acf_changed":false},"product_brand":[2126],"product_cat":[1763,1470,1471,1694],"product_tag":[3760,7332,1548,7089,2863,2610,7427,7358,7426,4295],"class_list":{"0":"post-36005","1":"product","2":"type-product","3":"status-publish","4":"has-post-thumbnail","6":"product_brand-cardiac-science-it","7":"product_cat-apparecchiature-d-occasione","8":"product_cat-defibrillatori","9":"product_cat-apparecchi-defibrillatori","10":"product_cat-occasioni","11":"product_tag-attrezzature-mediche","12":"product_tag-attrezzature-mediche-svizzere","13":"product_tag-defibrillatore-automatico","14":"product_tag-defibrillatore-aed","15":"product_tag-defibrillatore-professionale","16":"product_tag-defibrillatore-usato","17":"product_tag-dispositivo-medico-certificato","18":"product_tag-powerheart-g5","19":"product_tag-scienza-cardiaca-dae","20":"product_tag-scienza-cardiaca-g5","21":"product_shipping_class-spedizione-gratuita","23":"first","24":"outofstock","25":"taxable","26":"shipping-taxable","27":"product-type-simple"},"acf":[],"yoast_head":"<!-- This site is optimized with the Yoast SEO Premium plugin v27.4 (Yoast SEO v27.4) - https:\/\/yoast.com\/product\/yoast-seo-premium-wordpress\/ -->\n<title>Defibrillatore automatico Cardiac Science G5 | Swixed SA di seconda mano<\/title>\n<meta name=\"description\" content=\"Defibrillatore automatico Cardiac Science G5 usato, ispezionato e fornito con batteria ed elettrodi nuovi, in conformit\u00e0 con gli attuali requisiti svizzeri.\" \/>\n<meta name=\"robots\" content=\"index, follow, max-snippet:-1, max-image-preview:large, max-video-preview:-1\" \/>\n<link rel=\"canonical\" href=\"https:\/\/swixed.ch\/it\/prodotto\/sed30016\/\" \/>\n<meta property=\"og:locale\" content=\"it_IT\" \/>\n<meta property=\"og:type\" content=\"article\" \/>\n<meta property=\"og:title\" content=\"Defibrillatore usato Cardiac Science Powerheart G5 automatico\" \/>\n<meta property=\"og:description\" content=\"Defibrillatore automatico Cardiac Science G5 usato, ispezionato e fornito con batteria ed elettrodi nuovi, in conformit\u00e0 con gli attuali requisiti svizzeri.\" \/>\n<meta property=\"og:url\" content=\"https:\/\/swixed.ch\/it\/prodotto\/sed30016\/\" \/>\n<meta property=\"og:site_name\" content=\"Swixed SA\" \/>\n<meta property=\"article:publisher\" content=\"https:\/\/www.facebook.com\/swixed\" \/>\n<meta property=\"article:modified_time\" content=\"2026-04-19T18:13:40+00:00\" \/>\n<meta property=\"og:image\" content=\"https:\/\/swixed.ch\/wp-content\/uploads\/2025\/12\/SED30016-01.png\" \/>\n\t<meta property=\"og:image:width\" content=\"600\" \/>\n\t<meta property=\"og:image:height\" content=\"600\" \/>\n\t<meta property=\"og:image:type\" content=\"image\/png\" \/>\n<meta name=\"twitter:card\" content=\"summary_large_image\" \/>\n<meta name=\"twitter:label1\" content=\"Tempo di lettura stimato\" \/>\n\t<meta name=\"twitter:data1\" content=\"2 minuti\" \/>\n<script type=\"application\/ld+json\" class=\"yoast-schema-graph\">{\"@context\":\"https:\\\/\\\/schema.org\",\"@graph\":[{\"@type\":\"WebPage\",\"@id\":\"https:\\\/\\\/swixed.ch\\\/it\\\/prodotto\\\/sed30016\\\/\",\"url\":\"https:\\\/\\\/swixed.ch\\\/it\\\/prodotto\\\/sed30016\\\/\",\"name\":\"Defibrillatore automatico Cardiac Science G5 | Swixed SA di seconda mano\",\"isPartOf\":{\"@id\":\"https:\\\/\\\/swixed.ch\\\/it\\\/#website\"},\"primaryImageOfPage\":{\"@id\":\"https:\\\/\\\/swixed.ch\\\/it\\\/prodotto\\\/sed30016\\\/#primaryimage\"},\"image\":{\"@id\":\"https:\\\/\\\/swixed.ch\\\/it\\\/prodotto\\\/sed30016\\\/#primaryimage\"},\"thumbnailUrl\":\"https:\\\/\\\/swixed.ch\\\/wp-content\\\/uploads\\\/2025\\\/12\\\/SED30016-01.png\",\"datePublished\":\"2023-03-15T18:33:29+00:00\",\"dateModified\":\"2026-04-19T18:13:40+00:00\",\"description\":\"Defibrillatore automatico Cardiac Science G5 usato, ispezionato e fornito con batteria ed elettrodi nuovi, in conformit\u00e0 con gli attuali requisiti svizzeri.\",\"breadcrumb\":{\"@id\":\"https:\\\/\\\/swixed.ch\\\/it\\\/prodotto\\\/sed30016\\\/#breadcrumb\"},\"inLanguage\":\"it-IT\",\"potentialAction\":[{\"@type\":\"ReadAction\",\"target\":[\"https:\\\/\\\/swixed.ch\\\/it\\\/prodotto\\\/sed30016\\\/\"]}]},{\"@type\":\"ImageObject\",\"inLanguage\":\"it-IT\",\"@id\":\"https:\\\/\\\/swixed.ch\\\/it\\\/prodotto\\\/sed30016\\\/#primaryimage\",\"url\":\"https:\\\/\\\/swixed.ch\\\/wp-content\\\/uploads\\\/2025\\\/12\\\/SED30016-01.png\",\"contentUrl\":\"https:\\\/\\\/swixed.ch\\\/wp-content\\\/uploads\\\/2025\\\/12\\\/SED30016-01.png\",\"width\":600,\"height\":600,\"caption\":\"SED30016\"},{\"@type\":\"BreadcrumbList\",\"@id\":\"https:\\\/\\\/swixed.ch\\\/it\\\/prodotto\\\/sed30016\\\/#breadcrumb\",\"itemListElement\":[{\"@type\":\"ListItem\",\"position\":1,\"name\":\"Home\",\"item\":\"https:\\\/\\\/swixed.ch\\\/it\\\/home\\\/\"},{\"@type\":\"ListItem\",\"position\":2,\"name\":\"Negozio\",\"item\":\"https:\\\/\\\/swixed.ch\\\/it\\\/shop\\\/\"},{\"@type\":\"ListItem\",\"position\":3,\"name\":\"Defibrillatore usato Cardiac Science Powerheart G5 automatico\"}]},{\"@type\":\"WebSite\",\"@id\":\"https:\\\/\\\/swixed.ch\\\/it\\\/#website\",\"url\":\"https:\\\/\\\/swixed.ch\\\/it\\\/\",\"name\":\"Swixed SA\",\"description\":\"Dispositivi elettronici\",\"publisher\":{\"@id\":\"https:\\\/\\\/swixed.ch\\\/it\\\/#organization\"},\"potentialAction\":[{\"@type\":\"SearchAction\",\"target\":{\"@type\":\"EntryPoint\",\"urlTemplate\":\"https:\\\/\\\/swixed.ch\\\/it\\\/?s={search_term_string}\"},\"query-input\":{\"@type\":\"PropertyValueSpecification\",\"valueRequired\":true,\"valueName\":\"search_term_string\"}}],\"inLanguage\":\"it-IT\"},{\"@type\":\"Organization\",\"@id\":\"https:\\\/\\\/swixed.ch\\\/it\\\/#organization\",\"name\":\"Swixed SA\",\"url\":\"https:\\\/\\\/swixed.ch\\\/it\\\/\",\"logo\":{\"@type\":\"ImageObject\",\"inLanguage\":\"it-IT\",\"@id\":\"https:\\\/\\\/swixed.ch\\\/it\\\/#\\\/schema\\\/logo\\\/image\\\/\",\"url\":\"https:\\\/\\\/swixed.ch\\\/wp-content\\\/uploads\\\/logos\\\/swixed-logo-lite.png\",\"contentUrl\":\"https:\\\/\\\/swixed.ch\\\/wp-content\\\/uploads\\\/logos\\\/swixed-logo-lite.png\",\"width\":696,\"height\":696,\"caption\":\"Swixed SA\"},\"image\":{\"@id\":\"https:\\\/\\\/swixed.ch\\\/it\\\/#\\\/schema\\\/logo\\\/image\\\/\"},\"sameAs\":[\"https:\\\/\\\/www.facebook.com\\\/swixed\",\"https:\\\/\\\/www.linkedin.com\\\/company\\\/swixed\",\"https:\\\/\\\/www.youtube.com\\\/@swixedsa\"],\"description\":\"Swixed SA est une entreprise suisse bas\u00e9e \u00e0 Gen\u00e8ve, sp\u00e9cialis\u00e9e dans la vente, la location et la maintenance d\u2019appareils m\u00e9dicaux professionnels, tels que d\u00e9fibrillateurs AED, \u00e9lectrocardiographes, moniteurs patient et dispositifs de diagnostic.\",\"email\":\"infoshop@swixed.ch\",\"telephone\":\"+41 22 566 11 95\",\"legalName\":\"Swixed SA\",\"foundingDate\":\"2021-03-01\",\"numberOfEmployees\":{\"@type\":\"QuantitativeValue\",\"minValue\":\"1\",\"maxValue\":\"10\"}}]}<\/script>\n<!-- \/ Yoast SEO Premium plugin. -->","yoast_head_json":{"title":"Defibrillatore automatico Cardiac Science G5 | Swixed SA di seconda mano","description":"Defibrillatore automatico Cardiac Science G5 usato, ispezionato e fornito con batteria ed elettrodi nuovi, in conformit\u00e0 con gli attuali requisiti svizzeri.","robots":{"index":"index","follow":"follow","max-snippet":"max-snippet:-1","max-image-preview":"max-image-preview:large","max-video-preview":"max-video-preview:-1"},"canonical":"https:\/\/swixed.ch\/it\/prodotto\/sed30016\/","og_locale":"it_IT","og_type":"article","og_title":"Defibrillatore usato Cardiac Science Powerheart G5 automatico","og_description":"Defibrillatore automatico Cardiac Science G5 usato, ispezionato e fornito con batteria ed elettrodi nuovi, in conformit\u00e0 con gli attuali requisiti svizzeri.","og_url":"https:\/\/swixed.ch\/it\/prodotto\/sed30016\/","og_site_name":"Swixed SA","article_publisher":"https:\/\/www.facebook.com\/swixed","article_modified_time":"2026-04-19T18:13:40+00:00","og_image":[{"width":600,"height":600,"url":"https:\/\/swixed.ch\/wp-content\/uploads\/2025\/12\/SED30016-01.png","type":"image\/png"}],"twitter_card":"summary_large_image","twitter_misc":{"Tempo di lettura stimato":"2 minuti"},"schema":{"@context":"https:\/\/schema.org","@graph":[{"@type":"WebPage","@id":"https:\/\/swixed.ch\/it\/prodotto\/sed30016\/","url":"https:\/\/swixed.ch\/it\/prodotto\/sed30016\/","name":"Defibrillatore automatico Cardiac Science G5 | Swixed SA di seconda mano","isPartOf":{"@id":"https:\/\/swixed.ch\/it\/#website"},"primaryImageOfPage":{"@id":"https:\/\/swixed.ch\/it\/prodotto\/sed30016\/#primaryimage"},"image":{"@id":"https:\/\/swixed.ch\/it\/prodotto\/sed30016\/#primaryimage"},"thumbnailUrl":"https:\/\/swixed.ch\/wp-content\/uploads\/2025\/12\/SED30016-01.png","datePublished":"2023-03-15T18:33:29+00:00","dateModified":"2026-04-19T18:13:40+00:00","description":"Defibrillatore automatico Cardiac Science G5 usato, ispezionato e fornito con batteria ed elettrodi nuovi, in conformit\u00e0 con gli attuali requisiti svizzeri.","breadcrumb":{"@id":"https:\/\/swixed.ch\/it\/prodotto\/sed30016\/#breadcrumb"},"inLanguage":"it-IT","potentialAction":[{"@type":"ReadAction","target":["https:\/\/swixed.ch\/it\/prodotto\/sed30016\/"]}]},{"@type":"ImageObject","inLanguage":"it-IT","@id":"https:\/\/swixed.ch\/it\/prodotto\/sed30016\/#primaryimage","url":"https:\/\/swixed.ch\/wp-content\/uploads\/2025\/12\/SED30016-01.png","contentUrl":"https:\/\/swixed.ch\/wp-content\/uploads\/2025\/12\/SED30016-01.png","width":600,"height":600,"caption":"SED30016"},{"@type":"BreadcrumbList","@id":"https:\/\/swixed.ch\/it\/prodotto\/sed30016\/#breadcrumb","itemListElement":[{"@type":"ListItem","position":1,"name":"Home","item":"https:\/\/swixed.ch\/it\/home\/"},{"@type":"ListItem","position":2,"name":"Negozio","item":"https:\/\/swixed.ch\/it\/shop\/"},{"@type":"ListItem","position":3,"name":"Defibrillatore usato Cardiac Science Powerheart G5 automatico"}]},{"@type":"WebSite","@id":"https:\/\/swixed.ch\/it\/#website","url":"https:\/\/swixed.ch\/it\/","name":"Swixed SA","description":"Dispositivi elettronici","publisher":{"@id":"https:\/\/swixed.ch\/it\/#organization"},"potentialAction":[{"@type":"SearchAction","target":{"@type":"EntryPoint","urlTemplate":"https:\/\/swixed.ch\/it\/?s={search_term_string}"},"query-input":{"@type":"PropertyValueSpecification","valueRequired":true,"valueName":"search_term_string"}}],"inLanguage":"it-IT"},{"@type":"Organization","@id":"https:\/\/swixed.ch\/it\/#organization","name":"Swixed SA","url":"https:\/\/swixed.ch\/it\/","logo":{"@type":"ImageObject","inLanguage":"it-IT","@id":"https:\/\/swixed.ch\/it\/#\/schema\/logo\/image\/","url":"https:\/\/swixed.ch\/wp-content\/uploads\/logos\/swixed-logo-lite.png","contentUrl":"https:\/\/swixed.ch\/wp-content\/uploads\/logos\/swixed-logo-lite.png","width":696,"height":696,"caption":"Swixed SA"},"image":{"@id":"https:\/\/swixed.ch\/it\/#\/schema\/logo\/image\/"},"sameAs":["https:\/\/www.facebook.com\/swixed","https:\/\/www.linkedin.com\/company\/swixed","https:\/\/www.youtube.com\/@swixedsa"],"description":"Swixed SA est une entreprise suisse bas\u00e9e \u00e0 Gen\u00e8ve, sp\u00e9cialis\u00e9e dans la vente, la location et la maintenance d\u2019appareils m\u00e9dicaux professionnels, tels que d\u00e9fibrillateurs AED, \u00e9lectrocardiographes, moniteurs patient et dispositifs de diagnostic.","email":"infoshop@swixed.ch","telephone":"+41 22 566 11 95","legalName":"Swixed SA","foundingDate":"2021-03-01","numberOfEmployees":{"@type":"QuantitativeValue","minValue":"1","maxValue":"10"}}]}},"_links":{"self":[{"href":"https:\/\/swixed.ch\/it\/wp-json\/wp\/v2\/product\/36005","targetHints":{"allow":["GET"]}}],"collection":[{"href":"https:\/\/swixed.ch\/it\/wp-json\/wp\/v2\/product"}],"about":[{"href":"https:\/\/swixed.ch\/it\/wp-json\/wp\/v2\/types\/product"}],"version-history":[{"count":1,"href":"https:\/\/swixed.ch\/it\/wp-json\/wp\/v2\/product\/36005\/revisions"}],"predecessor-version":[{"id":62871,"href":"https:\/\/swixed.ch\/it\/wp-json\/wp\/v2\/product\/36005\/revisions\/62871"}],"wp:featuredmedia":[{"embeddable":true,"href":"https:\/\/swixed.ch\/it\/wp-json\/wp\/v2\/media\/57578"}],"wp:attachment":[{"href":"https:\/\/swixed.ch\/it\/wp-json\/wp\/v2\/media?parent=36005"}],"wp:term":[{"taxonomy":"product_brand","embeddable":true,"href":"https:\/\/swixed.ch\/it\/wp-json\/wp\/v2\/product_brand?post=36005"},{"taxonomy":"product_cat","embeddable":true,"href":"https:\/\/swixed.ch\/it\/wp-json\/wp\/v2\/product_cat?post=36005"},{"taxonomy":"product_tag","embeddable":true,"href":"https:\/\/swixed.ch\/it\/wp-json\/wp\/v2\/product_tag?post=36005"}],"curies":[{"name":"wp","href":"https:\/\/api.w.org\/{rel}","templated":true}]}}