{"id":36018,"date":"2023-07-01T14:17:46","date_gmt":"2023-07-01T13:17:46","guid":{"rendered":"https:\/\/swixed.com\/produit\/sfigmomanometro-edan-sa-10-per-24-ore\/"},"modified":"2026-04-21T06:41:45","modified_gmt":"2026-04-21T05:41:45","slug":"sed63011","status":"publish","type":"product","link":"https:\/\/swixed.ch\/it\/prodotto\/sed63011\/","title":{"rendered":"Sfigmomanometro Edan SA-10 con monitoraggio Remler 24 ore"},"content":{"rendered":"\t\t<div data-elementor-type=\"product-post\" data-elementor-id=\"36018\" class=\"elementor elementor-36018 elementor-20644\" data-elementor-post-type=\"product\">\n\t\t\t\t\t\t<section class=\"elementor-section elementor-top-section elementor-element elementor-element-834d306 elementor-section-boxed elementor-section-height-default elementor-section-height-default\" data-id=\"834d306\" data-element_type=\"section\" data-e-type=\"section\">\n\t\t\t\t\t\t<div class=\"elementor-container elementor-column-gap-default\">\n\t\t\t\t\t<div class=\"elementor-column elementor-col-100 elementor-top-column elementor-element elementor-element-085465e\" data-id=\"085465e\" data-element_type=\"column\" data-e-type=\"column\">\n\t\t\t<div class=\"elementor-widget-wrap elementor-element-populated\">\n\t\t\t\t\t\t<div class=\"elementor-element elementor-element-0684e71 elementor-widget elementor-widget-heading\" data-id=\"0684e71\" data-element_type=\"widget\" data-e-type=\"widget\" data-widget_type=\"heading.default\">\n\t\t\t\t\t<h2 class=\"elementor-heading-title elementor-size-default\">Descrizione<\/h2>\t\t\t\t<\/div>\n\t\t\t\t\t<\/div>\n\t\t<\/div>\n\t\t\t\t\t<\/div>\n\t\t<\/section>\n\t\t\t\t<section class=\"elementor-section elementor-top-section elementor-element elementor-element-c0f3979 elementor-section-boxed elementor-section-height-default elementor-section-height-default\" data-id=\"c0f3979\" data-element_type=\"section\" data-e-type=\"section\">\n\t\t\t\t\t\t<div class=\"elementor-container elementor-column-gap-default\">\n\t\t\t\t\t<div class=\"elementor-column elementor-col-100 elementor-top-column elementor-element elementor-element-6e68e75\" data-id=\"6e68e75\" data-element_type=\"column\" data-e-type=\"column\">\n\t\t\t<div class=\"elementor-widget-wrap elementor-element-populated\">\n\t\t\t\t\t\t<div class=\"elementor-element elementor-element-3376bb3 elementor-widget elementor-widget-text-editor\" data-id=\"3376bb3\" data-element_type=\"widget\" data-e-type=\"widget\" data-widget_type=\"text-editor.default\">\n\t\t\t\t\t\t\t\t\t<p>Il misuratore di pressione ambulatoriale Edan SA-10, spesso chiamato remler o ABPM (Ambulatory Blood Pressure Monitor), \u00e8 un dispositivo medico all&#8217;avanguardia che consente di monitorare la pressione sanguigna in modo continuo per un periodo di 24 ore. \u00c8 progettato per adulti e bambini di et\u00e0 superiore ai 12 anni e fornisce misurazioni accurate della pressione arteriosa sistolica e diastolica. <\/p>\t\t\t\t\t\t\t\t<\/div>\n\t\t\t\t<div class=\"elementor-element elementor-element-5ca0cdb elementor-widget elementor-widget-heading\" data-id=\"5ca0cdb\" data-element_type=\"widget\" data-e-type=\"widget\" data-widget_type=\"heading.default\">\n\t\t\t\t\t<h2 class=\"elementor-heading-title elementor-size-default\">Caratteristiche principali<\/h2>\t\t\t\t<\/div>\n\t\t\t\t<div class=\"elementor-element elementor-element-52b8e4f elementor-widget elementor-widget-text-editor\" data-id=\"52b8e4f\" data-element_type=\"widget\" data-e-type=\"widget\" data-widget_type=\"text-editor.default\">\n\t\t\t\t\t\t\t\t\t<ul><li><strong>Design compatto:<\/strong> con dimensioni di soli 10,6 x 6,2 x 2,7 cm e un peso di 160 grammi, l&#8217;SA-10 \u00e8 facile da trasportare e da usare nella vita di tutti i giorni. Viene fornito con una custodia per un comodo trasporto, sia con una cinghia da cintura che con una tracolla. <\/li><li><strong>Capacit\u00e0 di memoria:<\/strong> la memoria interna del dispositivo pu\u00f2 memorizzare fino a 300 risultati di misurazione, garantendo un&#8217;analisi approfondita dei dati raccolti nell&#8217;arco di 24 ore.<\/li><li><strong>Misurazioni personalizzabili:<\/strong> puoi definire intervalli di misurazione e orari individuali per le modalit\u00e0 giorno e notte. \u00c8 disponibile anche un programma standard automatico per registrare la pressione sanguigna e la frequenza cardiaca in modo continuo. <\/li><\/ul>\t\t\t\t\t\t\t\t<\/div>\n\t\t\t\t<div class=\"elementor-element elementor-element-5c0b70d elementor-widget elementor-widget-heading\" data-id=\"5c0b70d\" data-element_type=\"widget\" data-e-type=\"widget\" data-widget_type=\"heading.default\">\n\t\t\t\t\t<h2 class=\"elementor-heading-title elementor-size-default\">Software di analisi<\/h2>\t\t\t\t<\/div>\n\t\t\t\t<div class=\"elementor-element elementor-element-28b4e6d elementor-widget elementor-widget-text-editor\" data-id=\"28b4e6d\" data-element_type=\"widget\" data-e-type=\"widget\" data-widget_type=\"text-editor.default\">\n\t\t\t\t\t\t\t\t\t<p>Il misuratore di pressione Edan SA-10 \u00e8 dotato di un software di analisi facile da usare e compatibile con Windows che ti permette di :<\/p><ul><li>Crea profili di pressione sanguigna (BP) per il giorno e per la notte.<\/li><li>Stabilire le correlazioni tra le misure.<\/li><li>Visualizza istogrammi e grafici settoriali.<\/li><li>Analizza la variabilit\u00e0 e genera statistiche dettagliate.<\/li><\/ul>\t\t\t\t\t\t\t\t<\/div>\n\t\t\t\t<div class=\"elementor-element elementor-element-fe03c52 elementor-widget elementor-widget-heading\" data-id=\"fe03c52\" data-element_type=\"widget\" data-e-type=\"widget\" data-widget_type=\"heading.default\">\n\t\t\t\t\t<h2 class=\"elementor-heading-title elementor-size-default\">Contenuto<\/h2>\t\t\t\t<\/div>\n\t\t\t\t<div class=\"elementor-element elementor-element-5638f42 elementor-widget elementor-widget-text-editor\" data-id=\"5638f42\" data-element_type=\"widget\" data-e-type=\"widget\" data-widget_type=\"text-editor.default\">\n\t\t\t\t\t\t\t\t\t<ul><li>Monitor della pressione sanguigna Edan SA-10 remler 24 ore su 24<\/li><li>Software di valutazione per Windows<\/li><li>Cavo di connessione USB<\/li><li>2 batterie LR6 (non ricaricabili)<\/li><li>Tasca a banana con cinturino<\/li><li>Polsino per circonferenza braccio da 22 a 32 cm<\/li><\/ul><p><em><strong>Nota:<\/strong> questo \u00e8 un dispositivo medico progettato per monitorare la pressione sanguigna. Un uso corretto \u00e8 essenziale per ottenere risultati affidabili. <\/em><\/p>\t\t\t\t\t\t\t\t<\/div>\n\t\t\t\t\t<\/div>\n\t\t<\/div>\n\t\t\t\t\t<\/div>\n\t\t<\/section>\n\t\t\t\t<\/div>\n\t\t","protected":false},"excerpt":{"rendered":"<p>Il misuratore ambulatoriale di pressione sanguigna Edan SA-10, o 24h remler, misura continuamente la pressione sanguigna in adulti e bambini a partire dai 12 anni. Compatto e portatile, \u00e8 dotato di un software di analisi intuitivo e di trasferimento dati via USB per una facile valutazione. <\/p>\n","protected":false},"featured_media":31572,"template":"","meta":{"_acf_changed":false},"product_brand":[2082],"product_cat":[1110,1100],"product_tag":[5635,3395,2739,5629,3008,5637,5639,5634,5633,5630,5636,5631,5628,5632,5638],"class_list":{"0":"post-36018","1":"product","2":"type-product","3":"status-publish","4":"has-post-thumbnail","6":"product_brand-edan-it","7":"product_cat-sfigmomanometri-elettronici","8":"product_cat-tensiometri","9":"product_tag-analisi-dei-dati","10":"product_tag-apparecchiature-mediche","11":"product_tag-dispositivi-medici","12":"product_tag-edan-sa-10-it","13":"product_tag-misurazione-della-pressione-sanguigna","14":"product_tag-monitoraggio-arterioso","15":"product_tag-polsino-regolabile","16":"product_tag-pressione-diastolica","17":"product_tag-pressione-sistolica","18":"product_tag-remler-24h-it","19":"product_tag-software-di-valutazione","20":"product_tag-sorveglianza-24-ore-su-24","21":"product_tag-tensiometro-ambulatoriale","22":"product_tag-tensiometro-digitale","23":"product_tag-tensiometro-portatile","24":"product_shipping_class-spedizione-gratuita","26":"first","27":"instock","28":"sale","29":"taxable","30":"shipping-taxable","31":"purchasable","32":"product-type-simple"},"acf":[],"yoast_head":"<!-- This site is optimized with the Yoast SEO Premium plugin v27.4 (Yoast SEO v27.4) - https:\/\/yoast.com\/product\/yoast-seo-premium-wordpress\/ -->\n<title>Sfigmomanometro Edan SA-10 con monitoraggio Remler 24 ore | Swixed SA<\/title>\n<meta name=\"description\" content=\"Controlla la tua pressione sanguigna 24 ore su 24 con il misuratore di pressione Edan SA-10. Compatto e facile da usare, \u00e8 semplice analizzare i dati.\" \/>\n<meta name=\"robots\" content=\"index, follow, max-snippet:-1, max-image-preview:large, max-video-preview:-1\" \/>\n<link rel=\"canonical\" href=\"https:\/\/swixed.ch\/it\/prodotto\/sed63011\/\" \/>\n<meta property=\"og:locale\" content=\"it_IT\" \/>\n<meta property=\"og:type\" content=\"article\" \/>\n<meta property=\"og:title\" content=\"Sfigmomanometro Edan SA-10 con monitoraggio Remler 24 ore\" \/>\n<meta property=\"og:description\" content=\"Controlla la tua pressione sanguigna 24 ore su 24 con il misuratore di pressione Edan SA-10. Compatto e facile da usare, \u00e8 semplice analizzare i dati.\" \/>\n<meta property=\"og:url\" content=\"https:\/\/swixed.ch\/it\/prodotto\/sed63011\/\" \/>\n<meta property=\"og:site_name\" content=\"Swixed SA\" \/>\n<meta property=\"article:publisher\" content=\"https:\/\/www.facebook.com\/swixed\" \/>\n<meta property=\"article:modified_time\" content=\"2026-04-21T05:41:45+00:00\" \/>\n<meta property=\"og:image\" content=\"https:\/\/swixed.ch\/wp-content\/uploads\/products\/edan-sa-10-01a.png\" \/>\n\t<meta property=\"og:image:width\" content=\"600\" \/>\n\t<meta property=\"og:image:height\" content=\"600\" \/>\n\t<meta property=\"og:image:type\" content=\"image\/png\" \/>\n<meta name=\"twitter:card\" content=\"summary_large_image\" \/>\n<meta name=\"twitter:label1\" content=\"Tempo di lettura stimato\" \/>\n\t<meta name=\"twitter:data1\" content=\"1 minuto\" \/>\n<script type=\"application\/ld+json\" class=\"yoast-schema-graph\">{\"@context\":\"https:\\\/\\\/schema.org\",\"@graph\":[{\"@type\":\"WebPage\",\"@id\":\"https:\\\/\\\/swixed.ch\\\/it\\\/prodotto\\\/sed63011\\\/\",\"url\":\"https:\\\/\\\/swixed.ch\\\/it\\\/prodotto\\\/sed63011\\\/\",\"name\":\"Sfigmomanometro Edan SA-10 con monitoraggio Remler 24 ore | Swixed SA\",\"isPartOf\":{\"@id\":\"https:\\\/\\\/swixed.ch\\\/it\\\/#website\"},\"primaryImageOfPage\":{\"@id\":\"https:\\\/\\\/swixed.ch\\\/it\\\/prodotto\\\/sed63011\\\/#primaryimage\"},\"image\":{\"@id\":\"https:\\\/\\\/swixed.ch\\\/it\\\/prodotto\\\/sed63011\\\/#primaryimage\"},\"thumbnailUrl\":\"https:\\\/\\\/swixed.ch\\\/wp-content\\\/uploads\\\/products\\\/edan-sa-10-01a.png\",\"datePublished\":\"2023-07-01T13:17:46+00:00\",\"dateModified\":\"2026-04-21T05:41:45+00:00\",\"description\":\"Controlla la tua pressione sanguigna 24 ore su 24 con il misuratore di pressione Edan SA-10. Compatto e facile da usare, \u00e8 semplice analizzare i dati.\",\"breadcrumb\":{\"@id\":\"https:\\\/\\\/swixed.ch\\\/it\\\/prodotto\\\/sed63011\\\/#breadcrumb\"},\"inLanguage\":\"it-IT\",\"potentialAction\":[{\"@type\":\"ReadAction\",\"target\":[\"https:\\\/\\\/swixed.ch\\\/it\\\/prodotto\\\/sed63011\\\/\"]}]},{\"@type\":\"ImageObject\",\"inLanguage\":\"it-IT\",\"@id\":\"https:\\\/\\\/swixed.ch\\\/it\\\/prodotto\\\/sed63011\\\/#primaryimage\",\"url\":\"https:\\\/\\\/swixed.ch\\\/wp-content\\\/uploads\\\/products\\\/edan-sa-10-01a.png\",\"contentUrl\":\"https:\\\/\\\/swixed.ch\\\/wp-content\\\/uploads\\\/products\\\/edan-sa-10-01a.png\",\"width\":600,\"height\":600,\"caption\":\"Sfigmomanometro Edan SA-10 per le 24 ore\"},{\"@type\":\"BreadcrumbList\",\"@id\":\"https:\\\/\\\/swixed.ch\\\/it\\\/prodotto\\\/sed63011\\\/#breadcrumb\",\"itemListElement\":[{\"@type\":\"ListItem\",\"position\":1,\"name\":\"Home\",\"item\":\"https:\\\/\\\/swixed.ch\\\/it\\\/home\\\/\"},{\"@type\":\"ListItem\",\"position\":2,\"name\":\"Negozio\",\"item\":\"https:\\\/\\\/swixed.ch\\\/it\\\/shop\\\/\"},{\"@type\":\"ListItem\",\"position\":3,\"name\":\"Sfigmomanometro Edan SA-10 con monitoraggio Remler 24 ore\"}]},{\"@type\":\"WebSite\",\"@id\":\"https:\\\/\\\/swixed.ch\\\/it\\\/#website\",\"url\":\"https:\\\/\\\/swixed.ch\\\/it\\\/\",\"name\":\"Swixed SA\",\"description\":\"Dispositivi elettronici\",\"publisher\":{\"@id\":\"https:\\\/\\\/swixed.ch\\\/it\\\/#organization\"},\"potentialAction\":[{\"@type\":\"SearchAction\",\"target\":{\"@type\":\"EntryPoint\",\"urlTemplate\":\"https:\\\/\\\/swixed.ch\\\/it\\\/?s={search_term_string}\"},\"query-input\":{\"@type\":\"PropertyValueSpecification\",\"valueRequired\":true,\"valueName\":\"search_term_string\"}}],\"inLanguage\":\"it-IT\"},{\"@type\":\"Organization\",\"@id\":\"https:\\\/\\\/swixed.ch\\\/it\\\/#organization\",\"name\":\"Swixed SA\",\"url\":\"https:\\\/\\\/swixed.ch\\\/it\\\/\",\"logo\":{\"@type\":\"ImageObject\",\"inLanguage\":\"it-IT\",\"@id\":\"https:\\\/\\\/swixed.ch\\\/it\\\/#\\\/schema\\\/logo\\\/image\\\/\",\"url\":\"https:\\\/\\\/swixed.ch\\\/wp-content\\\/uploads\\\/logos\\\/swixed-logo-lite.png\",\"contentUrl\":\"https:\\\/\\\/swixed.ch\\\/wp-content\\\/uploads\\\/logos\\\/swixed-logo-lite.png\",\"width\":696,\"height\":696,\"caption\":\"Swixed SA\"},\"image\":{\"@id\":\"https:\\\/\\\/swixed.ch\\\/it\\\/#\\\/schema\\\/logo\\\/image\\\/\"},\"sameAs\":[\"https:\\\/\\\/www.facebook.com\\\/swixed\",\"https:\\\/\\\/www.linkedin.com\\\/company\\\/swixed\",\"https:\\\/\\\/www.youtube.com\\\/@swixedsa\"],\"description\":\"Swixed SA est une entreprise suisse bas\u00e9e \u00e0 Gen\u00e8ve, sp\u00e9cialis\u00e9e dans la vente, la location et la maintenance d\u2019appareils m\u00e9dicaux professionnels, tels que d\u00e9fibrillateurs AED, \u00e9lectrocardiographes, moniteurs patient et dispositifs de diagnostic.\",\"email\":\"infoshop@swixed.ch\",\"telephone\":\"+41 22 566 11 95\",\"legalName\":\"Swixed SA\",\"foundingDate\":\"2021-03-01\",\"numberOfEmployees\":{\"@type\":\"QuantitativeValue\",\"minValue\":\"1\",\"maxValue\":\"10\"}}]}<\/script>\n<!-- \/ Yoast SEO Premium plugin. -->","yoast_head_json":{"title":"Sfigmomanometro Edan SA-10 con monitoraggio Remler 24 ore | Swixed SA","description":"Controlla la tua pressione sanguigna 24 ore su 24 con il misuratore di pressione Edan SA-10. Compatto e facile da usare, \u00e8 semplice analizzare i dati.","robots":{"index":"index","follow":"follow","max-snippet":"max-snippet:-1","max-image-preview":"max-image-preview:large","max-video-preview":"max-video-preview:-1"},"canonical":"https:\/\/swixed.ch\/it\/prodotto\/sed63011\/","og_locale":"it_IT","og_type":"article","og_title":"Sfigmomanometro Edan SA-10 con monitoraggio Remler 24 ore","og_description":"Controlla la tua pressione sanguigna 24 ore su 24 con il misuratore di pressione Edan SA-10. Compatto e facile da usare, \u00e8 semplice analizzare i dati.","og_url":"https:\/\/swixed.ch\/it\/prodotto\/sed63011\/","og_site_name":"Swixed SA","article_publisher":"https:\/\/www.facebook.com\/swixed","article_modified_time":"2026-04-21T05:41:45+00:00","og_image":[{"width":600,"height":600,"url":"https:\/\/swixed.ch\/wp-content\/uploads\/products\/edan-sa-10-01a.png","type":"image\/png"}],"twitter_card":"summary_large_image","twitter_misc":{"Tempo di lettura stimato":"1 minuto"},"schema":{"@context":"https:\/\/schema.org","@graph":[{"@type":"WebPage","@id":"https:\/\/swixed.ch\/it\/prodotto\/sed63011\/","url":"https:\/\/swixed.ch\/it\/prodotto\/sed63011\/","name":"Sfigmomanometro Edan SA-10 con monitoraggio Remler 24 ore | Swixed SA","isPartOf":{"@id":"https:\/\/swixed.ch\/it\/#website"},"primaryImageOfPage":{"@id":"https:\/\/swixed.ch\/it\/prodotto\/sed63011\/#primaryimage"},"image":{"@id":"https:\/\/swixed.ch\/it\/prodotto\/sed63011\/#primaryimage"},"thumbnailUrl":"https:\/\/swixed.ch\/wp-content\/uploads\/products\/edan-sa-10-01a.png","datePublished":"2023-07-01T13:17:46+00:00","dateModified":"2026-04-21T05:41:45+00:00","description":"Controlla la tua pressione sanguigna 24 ore su 24 con il misuratore di pressione Edan SA-10. Compatto e facile da usare, \u00e8 semplice analizzare i dati.","breadcrumb":{"@id":"https:\/\/swixed.ch\/it\/prodotto\/sed63011\/#breadcrumb"},"inLanguage":"it-IT","potentialAction":[{"@type":"ReadAction","target":["https:\/\/swixed.ch\/it\/prodotto\/sed63011\/"]}]},{"@type":"ImageObject","inLanguage":"it-IT","@id":"https:\/\/swixed.ch\/it\/prodotto\/sed63011\/#primaryimage","url":"https:\/\/swixed.ch\/wp-content\/uploads\/products\/edan-sa-10-01a.png","contentUrl":"https:\/\/swixed.ch\/wp-content\/uploads\/products\/edan-sa-10-01a.png","width":600,"height":600,"caption":"Sfigmomanometro Edan SA-10 per le 24 ore"},{"@type":"BreadcrumbList","@id":"https:\/\/swixed.ch\/it\/prodotto\/sed63011\/#breadcrumb","itemListElement":[{"@type":"ListItem","position":1,"name":"Home","item":"https:\/\/swixed.ch\/it\/home\/"},{"@type":"ListItem","position":2,"name":"Negozio","item":"https:\/\/swixed.ch\/it\/shop\/"},{"@type":"ListItem","position":3,"name":"Sfigmomanometro Edan SA-10 con monitoraggio Remler 24 ore"}]},{"@type":"WebSite","@id":"https:\/\/swixed.ch\/it\/#website","url":"https:\/\/swixed.ch\/it\/","name":"Swixed SA","description":"Dispositivi elettronici","publisher":{"@id":"https:\/\/swixed.ch\/it\/#organization"},"potentialAction":[{"@type":"SearchAction","target":{"@type":"EntryPoint","urlTemplate":"https:\/\/swixed.ch\/it\/?s={search_term_string}"},"query-input":{"@type":"PropertyValueSpecification","valueRequired":true,"valueName":"search_term_string"}}],"inLanguage":"it-IT"},{"@type":"Organization","@id":"https:\/\/swixed.ch\/it\/#organization","name":"Swixed SA","url":"https:\/\/swixed.ch\/it\/","logo":{"@type":"ImageObject","inLanguage":"it-IT","@id":"https:\/\/swixed.ch\/it\/#\/schema\/logo\/image\/","url":"https:\/\/swixed.ch\/wp-content\/uploads\/logos\/swixed-logo-lite.png","contentUrl":"https:\/\/swixed.ch\/wp-content\/uploads\/logos\/swixed-logo-lite.png","width":696,"height":696,"caption":"Swixed SA"},"image":{"@id":"https:\/\/swixed.ch\/it\/#\/schema\/logo\/image\/"},"sameAs":["https:\/\/www.facebook.com\/swixed","https:\/\/www.linkedin.com\/company\/swixed","https:\/\/www.youtube.com\/@swixedsa"],"description":"Swixed SA est une entreprise suisse bas\u00e9e \u00e0 Gen\u00e8ve, sp\u00e9cialis\u00e9e dans la vente, la location et la maintenance d\u2019appareils m\u00e9dicaux professionnels, tels que d\u00e9fibrillateurs AED, \u00e9lectrocardiographes, moniteurs patient et dispositifs de diagnostic.","email":"infoshop@swixed.ch","telephone":"+41 22 566 11 95","legalName":"Swixed SA","foundingDate":"2021-03-01","numberOfEmployees":{"@type":"QuantitativeValue","minValue":"1","maxValue":"10"}}]}},"_links":{"self":[{"href":"https:\/\/swixed.ch\/it\/wp-json\/wp\/v2\/product\/36018","targetHints":{"allow":["GET"]}}],"collection":[{"href":"https:\/\/swixed.ch\/it\/wp-json\/wp\/v2\/product"}],"about":[{"href":"https:\/\/swixed.ch\/it\/wp-json\/wp\/v2\/types\/product"}],"version-history":[{"count":1,"href":"https:\/\/swixed.ch\/it\/wp-json\/wp\/v2\/product\/36018\/revisions"}],"predecessor-version":[{"id":63061,"href":"https:\/\/swixed.ch\/it\/wp-json\/wp\/v2\/product\/36018\/revisions\/63061"}],"wp:featuredmedia":[{"embeddable":true,"href":"https:\/\/swixed.ch\/it\/wp-json\/wp\/v2\/media\/31572"}],"wp:attachment":[{"href":"https:\/\/swixed.ch\/it\/wp-json\/wp\/v2\/media?parent=36018"}],"wp:term":[{"taxonomy":"product_brand","embeddable":true,"href":"https:\/\/swixed.ch\/it\/wp-json\/wp\/v2\/product_brand?post=36018"},{"taxonomy":"product_cat","embeddable":true,"href":"https:\/\/swixed.ch\/it\/wp-json\/wp\/v2\/product_cat?post=36018"},{"taxonomy":"product_tag","embeddable":true,"href":"https:\/\/swixed.ch\/it\/wp-json\/wp\/v2\/product_tag?post=36018"}],"curies":[{"name":"wp","href":"https:\/\/api.w.org\/{rel}","templated":true}]}}