{"id":36048,"date":"2023-03-15T16:43:40","date_gmt":"2023-03-15T15:43:40","guid":{"rendered":"https:\/\/swixed.com\/produit\/di-seconda-mano-defibrillatore-semiautomatico-schiller-fred-easy-life\/"},"modified":"2026-04-19T19:09:58","modified_gmt":"2026-04-19T18:09:58","slug":"sed30014","status":"publish","type":"product","link":"https:\/\/swixed.ch\/it\/prodotto\/sed30014\/","title":{"rendered":"Defibrillatore usato Schiller Fred Easy Life semiautomatico"},"content":{"rendered":"\t\t<div data-elementor-type=\"product-post\" data-elementor-id=\"36048\" class=\"elementor elementor-36048 elementor-18629\" data-elementor-post-type=\"product\">\n\t\t\t\t<div class=\"elementor-element elementor-element-8135410 e-con-full e-flex e-con e-parent\" data-id=\"8135410\" data-element_type=\"container\" data-e-type=\"container\">\n\t\t<div class=\"elementor-element elementor-element-2b83c20 e-con-full e-flex e-con e-child\" data-id=\"2b83c20\" data-element_type=\"container\" data-e-type=\"container\">\n\t\t\t\t<div class=\"elementor-element elementor-element-2a6c657 elementor-widget elementor-widget-heading\" data-id=\"2a6c657\" data-element_type=\"widget\" data-e-type=\"widget\" data-widget_type=\"heading.default\">\n\t\t\t\t\t<h2 class=\"elementor-heading-title elementor-size-default\">Presentazione generale<\/h2>\t\t\t\t<\/div>\n\t\t\t\t<div class=\"elementor-element elementor-element-02b1e0d elementor-widget elementor-widget-text-editor\" data-id=\"02b1e0d\" data-element_type=\"widget\" data-e-type=\"widget\" data-widget_type=\"text-editor.default\">\n\t\t\t\t\t\t\t\t\tIl defibrillatore semiautomatico DAE Schiller FRED Easy Life di seconda mano \u00e8 progettato per un uso strutturato in ambienti professionali o pubblici. Il dispositivo analizza automaticamente il ritmo cardiaco e fornisce istruzioni chiare, sia visivamente che acusticamente. \n\nInoltre, una guida vocale accompagna ogni fase di utilizzo, rendendo pi\u00f9 facile capire cosa si deve fare. Allo stesso tempo, il metronomo integrato indica regolarmente il ritmo delle compressioni toraciche. Di conseguenza, questo defibrillatore pu\u00f2 essere facilmente integrato nei sistemi di sicurezza esistenti, rispettando una logica di utilizzo standardizzata e coerente.  \t\t\t\t\t\t\t\t<\/div>\n\t\t\t\t<div class=\"elementor-element elementor-element-1f24965 elementor-widget elementor-widget-heading\" data-id=\"1f24965\" data-element_type=\"widget\" data-e-type=\"widget\" data-widget_type=\"heading.default\">\n\t\t\t\t\t<h2 class=\"elementor-heading-title elementor-size-default\">Specifiche tecniche e configurazione fornite<\/h2>\t\t\t\t<\/div>\n\t\t\t\t<div class=\"elementor-element elementor-element-6b75e59 elementor-widget elementor-widget-text-editor\" data-id=\"6b75e59\" data-element_type=\"widget\" data-e-type=\"widget\" data-widget_type=\"text-editor.default\">\n\t\t\t\t\t\t\t\t\t<p>Il defibrillatore DAE Schiller FRED Easy Life viene fornito con una configurazione completa e pronta all&#8217;uso. Infatti, ogni componente fornito soddisfa i criteri di compatibilit\u00e0 e validit\u00e0 definiti.<br>Inoltre, il dispositivo esegue automaticamente degli autotest giornalieri per indicare il suo stato di funzionamento. <\/p><p>Configurazione inclusa:<\/p><ul><li>Defibrillatore Schiller FRED Easy Life (lingua tedesca)<\/li><li>Batteria nuova valida fino a febbraio 2030<\/li><li>Nuovi elettrodi per adulti validi fino a luglio 2026<\/li><li>Custodia dedicata per il trasporto<\/li><li>Nuovo kit Defisign (rasoio, forbici e accessori)<\/li><\/ul><p><br>Di conseguenza, l&#8217;utente dispone immediatamente di un pacchetto coerente, senza bisogno di aggiunte prima della messa in funzione.<\/p>\t\t\t\t\t\t\t\t<\/div>\n\t\t\t\t<div class=\"elementor-element elementor-element-39d213a elementor-widget elementor-widget-heading\" data-id=\"39d213a\" data-element_type=\"widget\" data-e-type=\"widget\" data-widget_type=\"heading.default\">\n\t\t\t\t\t<h2 class=\"elementor-heading-title elementor-size-default\">Utilizzo, conformit\u00e0 e raccomandazioni<\/h2>\t\t\t\t<\/div>\n\t\t\t\t<div class=\"elementor-element elementor-element-86fdc78 elementor-widget elementor-widget-text-editor\" data-id=\"86fdc78\" data-element_type=\"widget\" data-e-type=\"widget\" data-widget_type=\"text-editor.default\">\n\t\t\t\t\t\t\t\t\t<p>Il defibrillatore DAE Schiller FRED Easy Life rientra nel quadro normativo svizzero applicabile ai dispositivi medici. In quanto tale, il suo utilizzo e la sua disponibilit\u00e0 devono essere conformi ai requisiti definiti dall&#8217;Ufficio Federale della Sanit\u00e0 Pubblica e da Swissmedic.<br>Il dispositivo rientra anche nel campo di applicazione dell&#8217;Ordinanza svizzera sui dispositivi medici (MedDO), che regola la conformit\u00e0, la tracciabilit\u00e0 e il monitoraggio tecnico dei dispositivi medici in Svizzera. <\/p><p>Di conseguenza, \u00e8 necessaria una manutenzione regolare per garantire che l&#8217;apparecchiatura funzioni correttamente e rimanga conforme alle normative nel tempo.<\/p><p>\t\t<div data-elementor-type=\"widget\" data-elementor-id=\"59086\" class=\"elementor elementor-59086 elementor-59083 elementor-59083\" data-elementor-post-type=\"elementor_library\">\n\t\t\t\t\t\t<div class=\"elementor-element elementor-element-59083 elementor-widget elementor-widget-text-editor\" data-id=\"59083\" data-element_type=\"widget\" data-e-type=\"widget\" data-widget_type=\"text-editor.default\">\n\t\t\t\t\t\t\t\t\t<p>Per maggiori informazioni, consulta :<\/p><ul><li><a href=\"https:\/\/www.swissmedic.ch\" target=\"_blank\" rel=\"noopener\">Swissmedic<\/a><\/li><li><a href=\"https:\/\/www.bag.admin.ch\" target=\"_blank\" rel=\"noopener\">Ufficio federale della sanit\u00e0 pubblica (UFSP)<\/a><\/li><li><a href=\"https:\/\/www.switec.info\" target=\"_blank\" rel=\"noopener\">Centro d&#8217;informazione svizzero per le norme tecniche (Switec)<\/a><\/li><li><a href=\"https:\/\/www.fedlex.admin.ch\/eli\/cc\/2020\/552\/\" target=\"_blank\" rel=\"noopener\">Ordinanza sui dispositivi medici (ODim o MedDO)<\/a><\/li><\/ul><p><br>I nostri dispositivi medici hanno un rappresentante autorizzato in Svizzera (CH-REP), in conformit\u00e0 con l&#8217;attuale legislazione svizzera sui dispositivi medici.<\/p>\t\t\t\t\t\t\t\t<\/div>\n\t\t\t\t<\/div>\n\t\t<br>Clicca qui per prenotare la <a href=\"https:\/\/swixed.ch\/it\/prodotto\/sed94000\/\">manutenzione periodica<\/a>.<\/p>\t\t\t\t\t\t\t\t<\/div>\n\t\t\t\t<div class=\"elementor-element elementor-element-6567549 elementor-widget elementor-widget-heading\" data-id=\"6567549\" data-element_type=\"widget\" data-e-type=\"widget\" data-widget_type=\"heading.default\">\n\t\t\t\t\t<h2 class=\"elementor-heading-title elementor-size-default\">Contenuto<\/h2>\t\t\t\t<\/div>\n\t\t\t\t<div class=\"elementor-element elementor-element-93d0c30 elementor-widget elementor-widget-text-editor\" data-id=\"93d0c30\" data-element_type=\"widget\" data-e-type=\"widget\" data-widget_type=\"text-editor.default\">\n\t\t\t\t\t\t\t\t\t<ul><li>1 Defibrillatore Schiller FRED Easy Life usato.<\/li><li>Lingua tedesca.<\/li><li>Batteria nuova.<\/li><li>Nuovi elettrodi per adulti.<\/li><li>Custodia per il trasporto.<\/li><li>Kit Defisign nuovo di zecca (rasoio, forbici, ecc.).<\/li><li>Garanzia di 2 anni dall&#8217;acquisto.<\/li><\/ul>\t\t\t\t\t\t\t\t<\/div>\n\t\t\t\t<\/div>\n\t\t\t\t<\/div>\n\t\t\t\t<\/div>\n\t\t","protected":false},"excerpt":{"rendered":"<p>Lo Schiller FRED Easy Life \u00e8 un defibrillatore semiautomatico di seconda mano progettato per essere utilizzato in ambienti pubblici e professionali. \u00c8 dotato di un&#8217;interfaccia vocale e visiva, di un metronomo integrato, di nuovi elettrodi e di una nuova batteria. Ogni dispositivo viene testato secondo procedure tecniche definite prima di essere immesso sul mercato. Certificato CE e con una garanzia di 2 anni, \u00e8 progettato per essere utilizzato da utenti che non hanno una formazione medica precedente e da operatori sanitari.   <\/p>\n","protected":false},"featured_media":57636,"template":"","meta":{"_acf_changed":false},"product_brand":[2180],"product_cat":[1763,1470,1471,1694],"product_tag":[7462,4766,7460,7459,7461,2863,7463,4859,2610,4346],"class_list":{"0":"post-36048","1":"product","2":"type-product","3":"status-publish","4":"has-post-thumbnail","6":"product_brand-schiller-it","7":"product_cat-apparecchiature-d-occasione","8":"product_cat-defibrillatori","9":"product_cat-apparecchi-defibrillatori","10":"product_cat-occasioni","11":"product_tag-attrezzature-mediche-certificate","12":"product_tag-attrezzature-mediche-di-emergenza","13":"product_tag-dae-automatico-2","14":"product_tag-defibrillatore-automatico-dae","15":"product_tag-defibrillatore-automatico-esterno","16":"product_tag-defibrillatore-professionale","17":"product_tag-defibrillatore-pronto-alluso","18":"product_tag-defibrillatore-schiller","19":"product_tag-defibrillatore-usato","20":"product_tag-schiller-fred-easy-it","21":"product_shipping_class-spedizione-gratuita","23":"first","24":"outofstock","25":"taxable","26":"shipping-taxable","27":"product-type-simple"},"acf":[],"yoast_head":"<!-- This site is optimized with the Yoast SEO Premium plugin v27.4 (Yoast SEO v27.4) - https:\/\/yoast.com\/product\/yoast-seo-premium-wordpress\/ -->\n<title>Defibrillatore DAE Schiller FRED Easy Life di seconda mano | Swixed SA<\/title>\n<meta name=\"description\" content=\"Defibrillatore DAE semiautomatico Schiller FRED Easy Life usato, testato, fornito con batteria ed elettrodi nuovi.\" \/>\n<meta name=\"robots\" content=\"index, follow, max-snippet:-1, max-image-preview:large, max-video-preview:-1\" \/>\n<link rel=\"canonical\" href=\"https:\/\/swixed.ch\/it\/prodotto\/sed30014\/\" \/>\n<meta property=\"og:locale\" content=\"it_IT\" \/>\n<meta property=\"og:type\" content=\"article\" \/>\n<meta property=\"og:title\" content=\"Defibrillatore usato Schiller Fred Easy Life semiautomatico\" \/>\n<meta property=\"og:description\" content=\"Defibrillatore DAE semiautomatico Schiller FRED Easy Life usato, testato, fornito con batteria ed elettrodi nuovi.\" \/>\n<meta property=\"og:url\" content=\"https:\/\/swixed.ch\/it\/prodotto\/sed30014\/\" \/>\n<meta property=\"og:site_name\" content=\"Swixed SA\" \/>\n<meta property=\"article:publisher\" content=\"https:\/\/www.facebook.com\/swixed\" \/>\n<meta property=\"article:modified_time\" content=\"2026-04-19T18:09:58+00:00\" \/>\n<meta property=\"og:image\" content=\"https:\/\/swixed.ch\/wp-content\/uploads\/2026\/01\/SED30014-01.png\" \/>\n\t<meta property=\"og:image:width\" content=\"600\" \/>\n\t<meta property=\"og:image:height\" content=\"600\" \/>\n\t<meta property=\"og:image:type\" content=\"image\/png\" \/>\n<meta name=\"twitter:card\" content=\"summary_large_image\" \/>\n<meta name=\"twitter:label1\" content=\"Tempo di lettura stimato\" \/>\n\t<meta name=\"twitter:data1\" content=\"2 minuti\" \/>\n<script type=\"application\/ld+json\" class=\"yoast-schema-graph\">{\"@context\":\"https:\\\/\\\/schema.org\",\"@graph\":[{\"@type\":\"WebPage\",\"@id\":\"https:\\\/\\\/swixed.ch\\\/it\\\/prodotto\\\/sed30014\\\/\",\"url\":\"https:\\\/\\\/swixed.ch\\\/it\\\/prodotto\\\/sed30014\\\/\",\"name\":\"Defibrillatore DAE Schiller FRED Easy Life di seconda mano | Swixed SA\",\"isPartOf\":{\"@id\":\"https:\\\/\\\/swixed.ch\\\/it\\\/#website\"},\"primaryImageOfPage\":{\"@id\":\"https:\\\/\\\/swixed.ch\\\/it\\\/prodotto\\\/sed30014\\\/#primaryimage\"},\"image\":{\"@id\":\"https:\\\/\\\/swixed.ch\\\/it\\\/prodotto\\\/sed30014\\\/#primaryimage\"},\"thumbnailUrl\":\"https:\\\/\\\/swixed.ch\\\/wp-content\\\/uploads\\\/2026\\\/01\\\/SED30014-01.png\",\"datePublished\":\"2023-03-15T15:43:40+00:00\",\"dateModified\":\"2026-04-19T18:09:58+00:00\",\"description\":\"Defibrillatore DAE semiautomatico Schiller FRED Easy Life usato, testato, fornito con batteria ed elettrodi nuovi.\",\"breadcrumb\":{\"@id\":\"https:\\\/\\\/swixed.ch\\\/it\\\/prodotto\\\/sed30014\\\/#breadcrumb\"},\"inLanguage\":\"it-IT\",\"potentialAction\":[{\"@type\":\"ReadAction\",\"target\":[\"https:\\\/\\\/swixed.ch\\\/it\\\/prodotto\\\/sed30014\\\/\"]}]},{\"@type\":\"ImageObject\",\"inLanguage\":\"it-IT\",\"@id\":\"https:\\\/\\\/swixed.ch\\\/it\\\/prodotto\\\/sed30014\\\/#primaryimage\",\"url\":\"https:\\\/\\\/swixed.ch\\\/wp-content\\\/uploads\\\/2026\\\/01\\\/SED30014-01.png\",\"contentUrl\":\"https:\\\/\\\/swixed.ch\\\/wp-content\\\/uploads\\\/2026\\\/01\\\/SED30014-01.png\",\"width\":600,\"height\":600,\"caption\":\"SED30014\"},{\"@type\":\"BreadcrumbList\",\"@id\":\"https:\\\/\\\/swixed.ch\\\/it\\\/prodotto\\\/sed30014\\\/#breadcrumb\",\"itemListElement\":[{\"@type\":\"ListItem\",\"position\":1,\"name\":\"Home\",\"item\":\"https:\\\/\\\/swixed.ch\\\/it\\\/home\\\/\"},{\"@type\":\"ListItem\",\"position\":2,\"name\":\"Negozio\",\"item\":\"https:\\\/\\\/swixed.ch\\\/it\\\/shop\\\/\"},{\"@type\":\"ListItem\",\"position\":3,\"name\":\"Defibrillatore usato Schiller Fred Easy Life semiautomatico\"}]},{\"@type\":\"WebSite\",\"@id\":\"https:\\\/\\\/swixed.ch\\\/it\\\/#website\",\"url\":\"https:\\\/\\\/swixed.ch\\\/it\\\/\",\"name\":\"Swixed SA\",\"description\":\"Dispositivi elettronici\",\"publisher\":{\"@id\":\"https:\\\/\\\/swixed.ch\\\/it\\\/#organization\"},\"potentialAction\":[{\"@type\":\"SearchAction\",\"target\":{\"@type\":\"EntryPoint\",\"urlTemplate\":\"https:\\\/\\\/swixed.ch\\\/it\\\/?s={search_term_string}\"},\"query-input\":{\"@type\":\"PropertyValueSpecification\",\"valueRequired\":true,\"valueName\":\"search_term_string\"}}],\"inLanguage\":\"it-IT\"},{\"@type\":\"Organization\",\"@id\":\"https:\\\/\\\/swixed.ch\\\/it\\\/#organization\",\"name\":\"Swixed SA\",\"url\":\"https:\\\/\\\/swixed.ch\\\/it\\\/\",\"logo\":{\"@type\":\"ImageObject\",\"inLanguage\":\"it-IT\",\"@id\":\"https:\\\/\\\/swixed.ch\\\/it\\\/#\\\/schema\\\/logo\\\/image\\\/\",\"url\":\"https:\\\/\\\/swixed.ch\\\/wp-content\\\/uploads\\\/logos\\\/swixed-logo-lite.png\",\"contentUrl\":\"https:\\\/\\\/swixed.ch\\\/wp-content\\\/uploads\\\/logos\\\/swixed-logo-lite.png\",\"width\":696,\"height\":696,\"caption\":\"Swixed SA\"},\"image\":{\"@id\":\"https:\\\/\\\/swixed.ch\\\/it\\\/#\\\/schema\\\/logo\\\/image\\\/\"},\"sameAs\":[\"https:\\\/\\\/www.facebook.com\\\/swixed\",\"https:\\\/\\\/www.linkedin.com\\\/company\\\/swixed\",\"https:\\\/\\\/www.youtube.com\\\/@swixedsa\"],\"description\":\"Swixed SA est une entreprise suisse bas\u00e9e \u00e0 Gen\u00e8ve, sp\u00e9cialis\u00e9e dans la vente, la location et la maintenance d\u2019appareils m\u00e9dicaux professionnels, tels que d\u00e9fibrillateurs AED, \u00e9lectrocardiographes, moniteurs patient et dispositifs de diagnostic.\",\"email\":\"infoshop@swixed.ch\",\"telephone\":\"+41 22 566 11 95\",\"legalName\":\"Swixed SA\",\"foundingDate\":\"2021-03-01\",\"numberOfEmployees\":{\"@type\":\"QuantitativeValue\",\"minValue\":\"1\",\"maxValue\":\"10\"}}]}<\/script>\n<!-- \/ Yoast SEO Premium plugin. -->","yoast_head_json":{"title":"Defibrillatore DAE Schiller FRED Easy Life di seconda mano | Swixed SA","description":"Defibrillatore DAE semiautomatico Schiller FRED Easy Life usato, testato, fornito con batteria ed elettrodi nuovi.","robots":{"index":"index","follow":"follow","max-snippet":"max-snippet:-1","max-image-preview":"max-image-preview:large","max-video-preview":"max-video-preview:-1"},"canonical":"https:\/\/swixed.ch\/it\/prodotto\/sed30014\/","og_locale":"it_IT","og_type":"article","og_title":"Defibrillatore usato Schiller Fred Easy Life semiautomatico","og_description":"Defibrillatore DAE semiautomatico Schiller FRED Easy Life usato, testato, fornito con batteria ed elettrodi nuovi.","og_url":"https:\/\/swixed.ch\/it\/prodotto\/sed30014\/","og_site_name":"Swixed SA","article_publisher":"https:\/\/www.facebook.com\/swixed","article_modified_time":"2026-04-19T18:09:58+00:00","og_image":[{"width":600,"height":600,"url":"https:\/\/swixed.ch\/wp-content\/uploads\/2026\/01\/SED30014-01.png","type":"image\/png"}],"twitter_card":"summary_large_image","twitter_misc":{"Tempo di lettura stimato":"2 minuti"},"schema":{"@context":"https:\/\/schema.org","@graph":[{"@type":"WebPage","@id":"https:\/\/swixed.ch\/it\/prodotto\/sed30014\/","url":"https:\/\/swixed.ch\/it\/prodotto\/sed30014\/","name":"Defibrillatore DAE Schiller FRED Easy Life di seconda mano | Swixed SA","isPartOf":{"@id":"https:\/\/swixed.ch\/it\/#website"},"primaryImageOfPage":{"@id":"https:\/\/swixed.ch\/it\/prodotto\/sed30014\/#primaryimage"},"image":{"@id":"https:\/\/swixed.ch\/it\/prodotto\/sed30014\/#primaryimage"},"thumbnailUrl":"https:\/\/swixed.ch\/wp-content\/uploads\/2026\/01\/SED30014-01.png","datePublished":"2023-03-15T15:43:40+00:00","dateModified":"2026-04-19T18:09:58+00:00","description":"Defibrillatore DAE semiautomatico Schiller FRED Easy Life usato, testato, fornito con batteria ed elettrodi nuovi.","breadcrumb":{"@id":"https:\/\/swixed.ch\/it\/prodotto\/sed30014\/#breadcrumb"},"inLanguage":"it-IT","potentialAction":[{"@type":"ReadAction","target":["https:\/\/swixed.ch\/it\/prodotto\/sed30014\/"]}]},{"@type":"ImageObject","inLanguage":"it-IT","@id":"https:\/\/swixed.ch\/it\/prodotto\/sed30014\/#primaryimage","url":"https:\/\/swixed.ch\/wp-content\/uploads\/2026\/01\/SED30014-01.png","contentUrl":"https:\/\/swixed.ch\/wp-content\/uploads\/2026\/01\/SED30014-01.png","width":600,"height":600,"caption":"SED30014"},{"@type":"BreadcrumbList","@id":"https:\/\/swixed.ch\/it\/prodotto\/sed30014\/#breadcrumb","itemListElement":[{"@type":"ListItem","position":1,"name":"Home","item":"https:\/\/swixed.ch\/it\/home\/"},{"@type":"ListItem","position":2,"name":"Negozio","item":"https:\/\/swixed.ch\/it\/shop\/"},{"@type":"ListItem","position":3,"name":"Defibrillatore usato Schiller Fred Easy Life semiautomatico"}]},{"@type":"WebSite","@id":"https:\/\/swixed.ch\/it\/#website","url":"https:\/\/swixed.ch\/it\/","name":"Swixed SA","description":"Dispositivi elettronici","publisher":{"@id":"https:\/\/swixed.ch\/it\/#organization"},"potentialAction":[{"@type":"SearchAction","target":{"@type":"EntryPoint","urlTemplate":"https:\/\/swixed.ch\/it\/?s={search_term_string}"},"query-input":{"@type":"PropertyValueSpecification","valueRequired":true,"valueName":"search_term_string"}}],"inLanguage":"it-IT"},{"@type":"Organization","@id":"https:\/\/swixed.ch\/it\/#organization","name":"Swixed SA","url":"https:\/\/swixed.ch\/it\/","logo":{"@type":"ImageObject","inLanguage":"it-IT","@id":"https:\/\/swixed.ch\/it\/#\/schema\/logo\/image\/","url":"https:\/\/swixed.ch\/wp-content\/uploads\/logos\/swixed-logo-lite.png","contentUrl":"https:\/\/swixed.ch\/wp-content\/uploads\/logos\/swixed-logo-lite.png","width":696,"height":696,"caption":"Swixed SA"},"image":{"@id":"https:\/\/swixed.ch\/it\/#\/schema\/logo\/image\/"},"sameAs":["https:\/\/www.facebook.com\/swixed","https:\/\/www.linkedin.com\/company\/swixed","https:\/\/www.youtube.com\/@swixedsa"],"description":"Swixed SA est une entreprise suisse bas\u00e9e \u00e0 Gen\u00e8ve, sp\u00e9cialis\u00e9e dans la vente, la location et la maintenance d\u2019appareils m\u00e9dicaux professionnels, tels que d\u00e9fibrillateurs AED, \u00e9lectrocardiographes, moniteurs patient et dispositifs de diagnostic.","email":"infoshop@swixed.ch","telephone":"+41 22 566 11 95","legalName":"Swixed SA","foundingDate":"2021-03-01","numberOfEmployees":{"@type":"QuantitativeValue","minValue":"1","maxValue":"10"}}]}},"_links":{"self":[{"href":"https:\/\/swixed.ch\/it\/wp-json\/wp\/v2\/product\/36048","targetHints":{"allow":["GET"]}}],"collection":[{"href":"https:\/\/swixed.ch\/it\/wp-json\/wp\/v2\/product"}],"about":[{"href":"https:\/\/swixed.ch\/it\/wp-json\/wp\/v2\/types\/product"}],"version-history":[{"count":1,"href":"https:\/\/swixed.ch\/it\/wp-json\/wp\/v2\/product\/36048\/revisions"}],"predecessor-version":[{"id":62865,"href":"https:\/\/swixed.ch\/it\/wp-json\/wp\/v2\/product\/36048\/revisions\/62865"}],"wp:featuredmedia":[{"embeddable":true,"href":"https:\/\/swixed.ch\/it\/wp-json\/wp\/v2\/media\/57636"}],"wp:attachment":[{"href":"https:\/\/swixed.ch\/it\/wp-json\/wp\/v2\/media?parent=36048"}],"wp:term":[{"taxonomy":"product_brand","embeddable":true,"href":"https:\/\/swixed.ch\/it\/wp-json\/wp\/v2\/product_brand?post=36048"},{"taxonomy":"product_cat","embeddable":true,"href":"https:\/\/swixed.ch\/it\/wp-json\/wp\/v2\/product_cat?post=36048"},{"taxonomy":"product_tag","embeddable":true,"href":"https:\/\/swixed.ch\/it\/wp-json\/wp\/v2\/product_tag?post=36048"}],"curies":[{"name":"wp","href":"https:\/\/api.w.org\/{rel}","templated":true}]}}