{"id":36061,"date":"2023-02-03T12:32:10","date_gmt":"2023-02-03T11:32:10","guid":{"rendered":"https:\/\/swixed.com\/produit\/video-colposcopio-edan-c6a-con-stativo-su-ruote\/"},"modified":"2026-04-20T20:41:53","modified_gmt":"2026-04-20T19:41:53","slug":"sed54001","status":"publish","type":"product","link":"https:\/\/swixed.ch\/it\/prodotto\/sed54001\/","title":{"rendered":"Colposcopio Edan C6A con base su ruote e braccio articolato"},"content":{"rendered":"\t\t<div data-elementor-type=\"product-post\" data-elementor-id=\"36061\" class=\"elementor elementor-36061 elementor-18295\" data-elementor-post-type=\"product\">\n\t\t\t\t\t\t<section class=\"elementor-section elementor-top-section elementor-element elementor-element-566dfe8 elementor-section-boxed elementor-section-height-default elementor-section-height-default\" data-id=\"566dfe8\" data-element_type=\"section\" data-e-type=\"section\">\n\t\t\t\t\t\t<div class=\"elementor-container elementor-column-gap-default\">\n\t\t\t\t\t<div class=\"elementor-column elementor-col-100 elementor-top-column elementor-element elementor-element-2c4618e\" data-id=\"2c4618e\" data-element_type=\"column\" data-e-type=\"column\">\n\t\t\t<div class=\"elementor-widget-wrap elementor-element-populated\">\n\t\t\t\t\t\t<div class=\"elementor-element elementor-element-57fea7d elementor-widget elementor-widget-heading\" data-id=\"57fea7d\" data-element_type=\"widget\" data-e-type=\"widget\" data-widget_type=\"heading.default\">\n\t\t\t\t\t<h2 class=\"elementor-heading-title elementor-size-default\">Descrizione<\/h2>\t\t\t\t<\/div>\n\t\t\t\t<div class=\"elementor-element elementor-element-01d4a13 elementor-widget elementor-widget-text-editor\" data-id=\"01d4a13\" data-element_type=\"widget\" data-e-type=\"widget\" data-widget_type=\"text-editor.default\">\n\t\t\t\t\t\t\t\t\t<p>Il colposcopio video Edan C6A \u00e8 stato appositamente progettato per fornire immagini di qualit\u00e0 eccezionale grazie alla telecamera ad alta risoluzione e al sistema di illuminazione a LED, garantendo esami ginecologici accurati e dettagliati. Il filtro verde elettronico integrato consente una migliore visualizzazione dei vasi sanguigni, facilitando la diagnosi. Il dispositivo \u00e8 ideale per esaminare i tessuti della vagina, della cervice e dei genitali esterni.  <\/p><p>Questo modello \u00e8 dotato di una robusta base su ruote con braccio articolato, che garantisce una stabilit\u00e0 ottimale e una flessibilit\u00e0 di posizionamento senza la necessit\u00e0 di complesse regolazioni. Offre una migliore manovrabilit\u00e0 rispetto alla versione con cavalletto verticale, con una regolazione fluida della fotocamera per scatti perfetti senza dover spostare la base. Inoltre, \u00e8 disponibile con un ripiano integrato per il laptop.  <\/p><p>L&#8217;interruttore a pedale in dotazione consente di acquisire le immagini senza toccare la telecamera, riducendo al minimo il rischio di interferenze durante gli esami. Il colposcopio C6A \u00e8 compatto, poco ingombrante e perfettamente adatto alle esigenze degli studi medici. <\/p>\t\t\t\t\t\t\t\t<\/div>\n\t\t\t\t<div class=\"elementor-element elementor-element-d5b54fc elementor-widget elementor-widget-heading\" data-id=\"d5b54fc\" data-element_type=\"widget\" data-e-type=\"widget\" data-widget_type=\"heading.default\">\n\t\t\t\t\t<h2 class=\"elementor-heading-title elementor-size-default\">Software di valutazione R-way<\/h2>\t\t\t\t<\/div>\n\t\t\t\t<div class=\"elementor-element elementor-element-e0a279c elementor-widget elementor-widget-text-editor\" data-id=\"e0a279c\" data-element_type=\"widget\" data-e-type=\"widget\" data-widget_type=\"text-editor.default\">\n\t\t\t\t\t\t\t\t\t<p>Il colposcopio Edan C6A si collega facilmente a un computer tramite un cavo USB. Viene fornito con il software R-way, che consente di registrare i dati del paziente, creare report completi, salvare i risultati in formato PDF e archiviare le immagini in formato JPEG. Il software offre anche la possibilit\u00e0 di visualizzare le immagini in tempo reale, facilitando l&#8217;analisi e il monitoraggio dei pazienti.  <\/p>\t\t\t\t\t\t\t\t<\/div>\n\t\t\t\t<div class=\"elementor-element elementor-element-2a23b12 elementor-widget elementor-widget-heading\" data-id=\"2a23b12\" data-element_type=\"widget\" data-e-type=\"widget\" data-widget_type=\"heading.default\">\n\t\t\t\t\t<h2 class=\"elementor-heading-title elementor-size-default\">Caratteristiche speciali<\/h2>\t\t\t\t<\/div>\n\t\t\t\t<div class=\"elementor-element elementor-element-8e7af8c elementor-widget elementor-widget-text-editor\" data-id=\"8e7af8c\" data-element_type=\"widget\" data-e-type=\"widget\" data-widget_type=\"text-editor.default\">\n\t\t\t\t\t\t\t\t\t<ul><li><strong>Ingrandimento<\/strong>: fino a 50x<\/li><li><strong>Distanza di lavoro<\/strong>: da 20 a 30 cm<\/li><li><strong>Messa a fuoco<\/strong>: automatica e manuale<\/li><li><strong>Bilanciamento del bianco<\/strong>: automatico e manuale<\/li><li><strong>Luce bianca<\/strong>: 3 livelli regolabili<\/li><li><strong>Filtro verde elettronico<\/strong>: 3 livelli regolabili<\/li><li><strong>Visualizzazione in tempo reale dell&#8217;ingrandimento<\/strong><\/li><\/ul>\t\t\t\t\t\t\t\t<\/div>\n\t\t\t\t<div class=\"elementor-element elementor-element-416f967 elementor-widget elementor-widget-heading\" data-id=\"416f967\" data-element_type=\"widget\" data-e-type=\"widget\" data-widget_type=\"heading.default\">\n\t\t\t\t\t<h2 class=\"elementor-heading-title elementor-size-default\">Contenuto<\/h2>\t\t\t\t<\/div>\n\t\t\t\t<div class=\"elementor-element elementor-element-1f13cf8 elementor-widget elementor-widget-text-editor\" data-id=\"1f13cf8\" data-element_type=\"widget\" data-e-type=\"widget\" data-widget_type=\"text-editor.default\">\n\t\t\t\t\t\t\t\t\t<ul><li>Telecamera Edan C6A<\/li><li>Base su ruote con braccio articolato regolabile<\/li><li>Scatto dell&#8217;otturatore a pedale<\/li><li>Coperchio antipolvere dell&#8217;obiettivo<\/li><li>Software di valutazione R-way per PC<\/li><li>Manuale d&#8217;uso.<\/li><\/ul>\t\t\t\t\t\t\t\t<\/div>\n\t\t\t\t\t<\/div>\n\t\t<\/div>\n\t\t\t\t\t<\/div>\n\t\t<\/section>\n\t\t\t\t<\/div>\n\t\t","protected":false},"excerpt":{"rendered":"<p>Il colposcopio video Edan C6A con supporto su ruote e braccio articolato \u00e8 progettato per fornire immagini ad alta risoluzione ed esami ginecologici accurati. L&#8217;illuminazione a LED e il filtro verde elettronico consentono di visualizzare chiaramente i vasi sanguigni e i tessuti. Ideale per l&#8217;uso in ufficio, questo modello \u00e8 dotato di un braccio articolato per un posizionamento fluido e stabile.  <\/p>\n","protected":false},"featured_media":30948,"template":"","meta":{"_acf_changed":false},"product_brand":[2082],"product_cat":[1827,1828],"product_tag":[],"class_list":{"0":"post-36061","1":"product","2":"type-product","3":"status-publish","4":"has-post-thumbnail","6":"product_brand-edan-it","7":"product_cat-colposcopi","8":"product_cat-apparecchi-colposcopi","10":"first","11":"instock","12":"sale","13":"taxable","14":"shipping-taxable","15":"purchasable","16":"product-type-simple"},"acf":[],"yoast_head":"<!-- This site is optimized with the Yoast SEO Premium plugin v27.4 (Yoast SEO v27.4) - https:\/\/yoast.com\/product\/yoast-seo-premium-wordpress\/ -->\n<title>Colposcopio Edan C6A con base su ruote e braccio articolato | Swixed SA<\/title>\n<meta name=\"description\" content=\"Colposcopio video Edan C6A con supporto su ruote e braccio articolato. Alta precisione, illuminazione a LED e filtro verde per immagini colposcopiche ottimali.\" \/>\n<meta name=\"robots\" content=\"index, follow, max-snippet:-1, max-image-preview:large, max-video-preview:-1\" \/>\n<link rel=\"canonical\" href=\"https:\/\/swixed.ch\/it\/prodotto\/sed54001\/\" \/>\n<meta property=\"og:locale\" content=\"it_IT\" \/>\n<meta property=\"og:type\" content=\"article\" \/>\n<meta property=\"og:title\" content=\"Colposcopio Edan C6A con base su ruote e braccio articolato\" \/>\n<meta property=\"og:description\" content=\"Colposcopio video Edan C6A con supporto su ruote e braccio articolato. Alta precisione, illuminazione a LED e filtro verde per immagini colposcopiche ottimali.\" \/>\n<meta property=\"og:url\" content=\"https:\/\/swixed.ch\/it\/prodotto\/sed54001\/\" \/>\n<meta property=\"og:site_name\" content=\"Swixed SA\" \/>\n<meta property=\"article:publisher\" content=\"https:\/\/www.facebook.com\/swixed\" \/>\n<meta property=\"article:modified_time\" content=\"2026-04-20T19:41:53+00:00\" \/>\n<meta property=\"og:image\" content=\"https:\/\/swixed.ch\/wp-content\/uploads\/products\/edan-support-bras-pivotant-c6a-01.png\" \/>\n\t<meta property=\"og:image:width\" content=\"600\" \/>\n\t<meta property=\"og:image:height\" content=\"600\" \/>\n\t<meta property=\"og:image:type\" content=\"image\/png\" \/>\n<meta name=\"twitter:card\" content=\"summary_large_image\" \/>\n<meta name=\"twitter:label1\" content=\"Tempo di lettura stimato\" \/>\n\t<meta name=\"twitter:data1\" content=\"1 minuto\" \/>\n<script type=\"application\/ld+json\" class=\"yoast-schema-graph\">{\"@context\":\"https:\\\/\\\/schema.org\",\"@graph\":[{\"@type\":\"WebPage\",\"@id\":\"https:\\\/\\\/swixed.ch\\\/it\\\/prodotto\\\/sed54001\\\/\",\"url\":\"https:\\\/\\\/swixed.ch\\\/it\\\/prodotto\\\/sed54001\\\/\",\"name\":\"Colposcopio Edan C6A con base su ruote e braccio articolato | Swixed SA\",\"isPartOf\":{\"@id\":\"https:\\\/\\\/swixed.ch\\\/it\\\/#website\"},\"primaryImageOfPage\":{\"@id\":\"https:\\\/\\\/swixed.ch\\\/it\\\/prodotto\\\/sed54001\\\/#primaryimage\"},\"image\":{\"@id\":\"https:\\\/\\\/swixed.ch\\\/it\\\/prodotto\\\/sed54001\\\/#primaryimage\"},\"thumbnailUrl\":\"https:\\\/\\\/swixed.ch\\\/wp-content\\\/uploads\\\/products\\\/edan-support-bras-pivotant-c6a-01.png\",\"datePublished\":\"2023-02-03T11:32:10+00:00\",\"dateModified\":\"2026-04-20T19:41:53+00:00\",\"description\":\"Colposcopio video Edan C6A con supporto su ruote e braccio articolato. Alta precisione, illuminazione a LED e filtro verde per immagini colposcopiche ottimali.\",\"breadcrumb\":{\"@id\":\"https:\\\/\\\/swixed.ch\\\/it\\\/prodotto\\\/sed54001\\\/#breadcrumb\"},\"inLanguage\":\"it-IT\",\"potentialAction\":[{\"@type\":\"ReadAction\",\"target\":[\"https:\\\/\\\/swixed.ch\\\/it\\\/prodotto\\\/sed54001\\\/\"]}]},{\"@type\":\"ImageObject\",\"inLanguage\":\"it-IT\",\"@id\":\"https:\\\/\\\/swixed.ch\\\/it\\\/prodotto\\\/sed54001\\\/#primaryimage\",\"url\":\"https:\\\/\\\/swixed.ch\\\/wp-content\\\/uploads\\\/products\\\/edan-support-bras-pivotant-c6a-01.png\",\"contentUrl\":\"https:\\\/\\\/swixed.ch\\\/wp-content\\\/uploads\\\/products\\\/edan-support-bras-pivotant-c6a-01.png\",\"width\":600,\"height\":600,\"caption\":\"Video colposcopio Edan C6A con stativo su ruote\"},{\"@type\":\"BreadcrumbList\",\"@id\":\"https:\\\/\\\/swixed.ch\\\/it\\\/prodotto\\\/sed54001\\\/#breadcrumb\",\"itemListElement\":[{\"@type\":\"ListItem\",\"position\":1,\"name\":\"Home\",\"item\":\"https:\\\/\\\/swixed.ch\\\/it\\\/home\\\/\"},{\"@type\":\"ListItem\",\"position\":2,\"name\":\"Negozio\",\"item\":\"https:\\\/\\\/swixed.ch\\\/it\\\/shop\\\/\"},{\"@type\":\"ListItem\",\"position\":3,\"name\":\"Colposcopio Edan C6A con base su ruote e braccio articolato\"}]},{\"@type\":\"WebSite\",\"@id\":\"https:\\\/\\\/swixed.ch\\\/it\\\/#website\",\"url\":\"https:\\\/\\\/swixed.ch\\\/it\\\/\",\"name\":\"Swixed SA\",\"description\":\"Dispositivi elettronici\",\"publisher\":{\"@id\":\"https:\\\/\\\/swixed.ch\\\/it\\\/#organization\"},\"potentialAction\":[{\"@type\":\"SearchAction\",\"target\":{\"@type\":\"EntryPoint\",\"urlTemplate\":\"https:\\\/\\\/swixed.ch\\\/it\\\/?s={search_term_string}\"},\"query-input\":{\"@type\":\"PropertyValueSpecification\",\"valueRequired\":true,\"valueName\":\"search_term_string\"}}],\"inLanguage\":\"it-IT\"},{\"@type\":\"Organization\",\"@id\":\"https:\\\/\\\/swixed.ch\\\/it\\\/#organization\",\"name\":\"Swixed SA\",\"url\":\"https:\\\/\\\/swixed.ch\\\/it\\\/\",\"logo\":{\"@type\":\"ImageObject\",\"inLanguage\":\"it-IT\",\"@id\":\"https:\\\/\\\/swixed.ch\\\/it\\\/#\\\/schema\\\/logo\\\/image\\\/\",\"url\":\"https:\\\/\\\/swixed.ch\\\/wp-content\\\/uploads\\\/logos\\\/swixed-logo-lite.png\",\"contentUrl\":\"https:\\\/\\\/swixed.ch\\\/wp-content\\\/uploads\\\/logos\\\/swixed-logo-lite.png\",\"width\":696,\"height\":696,\"caption\":\"Swixed SA\"},\"image\":{\"@id\":\"https:\\\/\\\/swixed.ch\\\/it\\\/#\\\/schema\\\/logo\\\/image\\\/\"},\"sameAs\":[\"https:\\\/\\\/www.facebook.com\\\/swixed\",\"https:\\\/\\\/www.linkedin.com\\\/company\\\/swixed\",\"https:\\\/\\\/www.youtube.com\\\/@swixedsa\"],\"description\":\"Swixed SA est une entreprise suisse bas\u00e9e \u00e0 Gen\u00e8ve, sp\u00e9cialis\u00e9e dans la vente, la location et la maintenance d\u2019appareils m\u00e9dicaux professionnels, tels que d\u00e9fibrillateurs AED, \u00e9lectrocardiographes, moniteurs patient et dispositifs de diagnostic.\",\"email\":\"infoshop@swixed.ch\",\"telephone\":\"+41 22 566 11 95\",\"legalName\":\"Swixed SA\",\"foundingDate\":\"2021-03-01\",\"numberOfEmployees\":{\"@type\":\"QuantitativeValue\",\"minValue\":\"1\",\"maxValue\":\"10\"}}]}<\/script>\n<!-- \/ Yoast SEO Premium plugin. -->","yoast_head_json":{"title":"Colposcopio Edan C6A con base su ruote e braccio articolato | Swixed SA","description":"Colposcopio video Edan C6A con supporto su ruote e braccio articolato. Alta precisione, illuminazione a LED e filtro verde per immagini colposcopiche ottimali.","robots":{"index":"index","follow":"follow","max-snippet":"max-snippet:-1","max-image-preview":"max-image-preview:large","max-video-preview":"max-video-preview:-1"},"canonical":"https:\/\/swixed.ch\/it\/prodotto\/sed54001\/","og_locale":"it_IT","og_type":"article","og_title":"Colposcopio Edan C6A con base su ruote e braccio articolato","og_description":"Colposcopio video Edan C6A con supporto su ruote e braccio articolato. Alta precisione, illuminazione a LED e filtro verde per immagini colposcopiche ottimali.","og_url":"https:\/\/swixed.ch\/it\/prodotto\/sed54001\/","og_site_name":"Swixed SA","article_publisher":"https:\/\/www.facebook.com\/swixed","article_modified_time":"2026-04-20T19:41:53+00:00","og_image":[{"width":600,"height":600,"url":"https:\/\/swixed.ch\/wp-content\/uploads\/products\/edan-support-bras-pivotant-c6a-01.png","type":"image\/png"}],"twitter_card":"summary_large_image","twitter_misc":{"Tempo di lettura stimato":"1 minuto"},"schema":{"@context":"https:\/\/schema.org","@graph":[{"@type":"WebPage","@id":"https:\/\/swixed.ch\/it\/prodotto\/sed54001\/","url":"https:\/\/swixed.ch\/it\/prodotto\/sed54001\/","name":"Colposcopio Edan C6A con base su ruote e braccio articolato | Swixed SA","isPartOf":{"@id":"https:\/\/swixed.ch\/it\/#website"},"primaryImageOfPage":{"@id":"https:\/\/swixed.ch\/it\/prodotto\/sed54001\/#primaryimage"},"image":{"@id":"https:\/\/swixed.ch\/it\/prodotto\/sed54001\/#primaryimage"},"thumbnailUrl":"https:\/\/swixed.ch\/wp-content\/uploads\/products\/edan-support-bras-pivotant-c6a-01.png","datePublished":"2023-02-03T11:32:10+00:00","dateModified":"2026-04-20T19:41:53+00:00","description":"Colposcopio video Edan C6A con supporto su ruote e braccio articolato. Alta precisione, illuminazione a LED e filtro verde per immagini colposcopiche ottimali.","breadcrumb":{"@id":"https:\/\/swixed.ch\/it\/prodotto\/sed54001\/#breadcrumb"},"inLanguage":"it-IT","potentialAction":[{"@type":"ReadAction","target":["https:\/\/swixed.ch\/it\/prodotto\/sed54001\/"]}]},{"@type":"ImageObject","inLanguage":"it-IT","@id":"https:\/\/swixed.ch\/it\/prodotto\/sed54001\/#primaryimage","url":"https:\/\/swixed.ch\/wp-content\/uploads\/products\/edan-support-bras-pivotant-c6a-01.png","contentUrl":"https:\/\/swixed.ch\/wp-content\/uploads\/products\/edan-support-bras-pivotant-c6a-01.png","width":600,"height":600,"caption":"Video colposcopio Edan C6A con stativo su ruote"},{"@type":"BreadcrumbList","@id":"https:\/\/swixed.ch\/it\/prodotto\/sed54001\/#breadcrumb","itemListElement":[{"@type":"ListItem","position":1,"name":"Home","item":"https:\/\/swixed.ch\/it\/home\/"},{"@type":"ListItem","position":2,"name":"Negozio","item":"https:\/\/swixed.ch\/it\/shop\/"},{"@type":"ListItem","position":3,"name":"Colposcopio Edan C6A con base su ruote e braccio articolato"}]},{"@type":"WebSite","@id":"https:\/\/swixed.ch\/it\/#website","url":"https:\/\/swixed.ch\/it\/","name":"Swixed SA","description":"Dispositivi elettronici","publisher":{"@id":"https:\/\/swixed.ch\/it\/#organization"},"potentialAction":[{"@type":"SearchAction","target":{"@type":"EntryPoint","urlTemplate":"https:\/\/swixed.ch\/it\/?s={search_term_string}"},"query-input":{"@type":"PropertyValueSpecification","valueRequired":true,"valueName":"search_term_string"}}],"inLanguage":"it-IT"},{"@type":"Organization","@id":"https:\/\/swixed.ch\/it\/#organization","name":"Swixed SA","url":"https:\/\/swixed.ch\/it\/","logo":{"@type":"ImageObject","inLanguage":"it-IT","@id":"https:\/\/swixed.ch\/it\/#\/schema\/logo\/image\/","url":"https:\/\/swixed.ch\/wp-content\/uploads\/logos\/swixed-logo-lite.png","contentUrl":"https:\/\/swixed.ch\/wp-content\/uploads\/logos\/swixed-logo-lite.png","width":696,"height":696,"caption":"Swixed SA"},"image":{"@id":"https:\/\/swixed.ch\/it\/#\/schema\/logo\/image\/"},"sameAs":["https:\/\/www.facebook.com\/swixed","https:\/\/www.linkedin.com\/company\/swixed","https:\/\/www.youtube.com\/@swixedsa"],"description":"Swixed SA est une entreprise suisse bas\u00e9e \u00e0 Gen\u00e8ve, sp\u00e9cialis\u00e9e dans la vente, la location et la maintenance d\u2019appareils m\u00e9dicaux professionnels, tels que d\u00e9fibrillateurs AED, \u00e9lectrocardiographes, moniteurs patient et dispositifs de diagnostic.","email":"infoshop@swixed.ch","telephone":"+41 22 566 11 95","legalName":"Swixed SA","foundingDate":"2021-03-01","numberOfEmployees":{"@type":"QuantitativeValue","minValue":"1","maxValue":"10"}}]}},"_links":{"self":[{"href":"https:\/\/swixed.ch\/it\/wp-json\/wp\/v2\/product\/36061","targetHints":{"allow":["GET"]}}],"collection":[{"href":"https:\/\/swixed.ch\/it\/wp-json\/wp\/v2\/product"}],"about":[{"href":"https:\/\/swixed.ch\/it\/wp-json\/wp\/v2\/types\/product"}],"version-history":[{"count":1,"href":"https:\/\/swixed.ch\/it\/wp-json\/wp\/v2\/product\/36061\/revisions"}],"predecessor-version":[{"id":63003,"href":"https:\/\/swixed.ch\/it\/wp-json\/wp\/v2\/product\/36061\/revisions\/63003"}],"wp:featuredmedia":[{"embeddable":true,"href":"https:\/\/swixed.ch\/it\/wp-json\/wp\/v2\/media\/30948"}],"wp:attachment":[{"href":"https:\/\/swixed.ch\/it\/wp-json\/wp\/v2\/media?parent=36061"}],"wp:term":[{"taxonomy":"product_brand","embeddable":true,"href":"https:\/\/swixed.ch\/it\/wp-json\/wp\/v2\/product_brand?post=36061"},{"taxonomy":"product_cat","embeddable":true,"href":"https:\/\/swixed.ch\/it\/wp-json\/wp\/v2\/product_cat?post=36061"},{"taxonomy":"product_tag","embeddable":true,"href":"https:\/\/swixed.ch\/it\/wp-json\/wp\/v2\/product_tag?post=36061"}],"curies":[{"name":"wp","href":"https:\/\/api.w.org\/{rel}","templated":true}]}}