{"id":36065,"date":"2023-06-27T13:39:38","date_gmt":"2023-06-27T11:39:38","guid":{"rendered":"https:\/\/swixed.com\/produit\/concentratore-di-ossigeno-portatile-scaleo-horizon-p5\/"},"modified":"2026-03-25T23:17:14","modified_gmt":"2026-03-25T22:17:14","slug":"sed92000","status":"publish","type":"product","link":"https:\/\/swixed.ch\/it\/prodotto\/sed92000\/","title":{"rendered":"Scaleo Horizon P5 &#8211; Concentratore di ossigeno portatile compatto da 2,5 kg"},"content":{"rendered":"\t\t<div data-elementor-type=\"product-post\" data-elementor-id=\"36065\" class=\"elementor elementor-36065 elementor-20518\" data-elementor-post-type=\"product\">\n\t\t\t\t\t\t<section class=\"elementor-section elementor-top-section elementor-element elementor-element-566dfe8 elementor-section-boxed elementor-section-height-default elementor-section-height-default\" data-id=\"566dfe8\" data-element_type=\"section\" data-e-type=\"section\">\n\t\t\t\t\t\t<div class=\"elementor-container elementor-column-gap-default\">\n\t\t\t\t\t<div class=\"elementor-column elementor-col-100 elementor-top-column elementor-element elementor-element-2c4618e\" data-id=\"2c4618e\" data-element_type=\"column\" data-e-type=\"column\">\n\t\t\t<div class=\"elementor-widget-wrap elementor-element-populated\">\n\t\t\t\t\t\t<div class=\"elementor-element elementor-element-57fea7d elementor-widget elementor-widget-heading\" data-id=\"57fea7d\" data-element_type=\"widget\" data-e-type=\"widget\" data-widget_type=\"heading.default\">\n\t\t\t\t\t<h2 class=\"elementor-heading-title elementor-size-default\">Concentratore di ossigeno Horizon S5 da 5 litri<\/h2>\t\t\t\t<\/div>\n\t\t\t\t<div class=\"elementor-element elementor-element-e0a279c elementor-widget elementor-widget-text-editor\" data-id=\"e0a279c\" data-element_type=\"widget\" data-e-type=\"widget\" data-widget_type=\"text-editor.default\">\n\t\t\t\t\t\t\t\t\t<p>La gamma Horizon si amplia con il nuovo <strong>concentratore di ossigeno portatile P5<\/strong>. Sviluppato esclusivamente dagli ingegneri di Scaleo Medical, \u00e8 <strong>prodotto in Francia.<\/strong> <\/p><p>L&#8217;Horizon P5 \u00e8 stato progettato per equipaggiare i pazienti con insufficienza respiratoria che desiderano <strong>un comfort per le attivit\u00e0 quotidiane, sia all&#8217;interno che all&#8217;esterno.<\/strong><\/p>\t\t\t\t\t\t\t\t<\/div>\n\t\t\t\t<div class=\"elementor-element elementor-element-584965d elementor-widget elementor-widget-heading\" data-id=\"584965d\" data-element_type=\"widget\" data-e-type=\"widget\" data-widget_type=\"heading.default\">\n\t\t\t\t\t<h2 class=\"elementor-heading-title elementor-size-default\">Concentratore silenzioso e leggero<\/h2>\t\t\t\t<\/div>\n\t\t\t\t<div class=\"elementor-element elementor-element-8e42f52 elementor-widget elementor-widget-text-editor\" data-id=\"8e42f52\" data-element_type=\"widget\" data-e-type=\"widget\" data-widget_type=\"text-editor.default\">\n\t\t\t\t\t\t\t\t\t<p>Il concentratore di ossigeno Horizon P5 \u00e8 compatto e leggero. <strong>Pesa solo 2,5 kg e pu\u00f2 essere tenuto a tracolla<\/strong> grazie alla borsa inclusa. Nonostante le dimensioni ridotte, questo concentratore garantisce un dosaggio preciso.  <\/p><p>Il livello di rumorosit\u00e0 del concentratore Horizon P5 <strong>non supera i 44 decibel<\/strong> all&#8217;impostazione 2. Di conseguenza, \u00e8 discreto e occupa pochissimo spazio. Inoltre, pu\u00f2 essere<strong> utilizzato sia a casa che negli istituti<\/strong>. Oppure in auto, in aereo e in altri ambienti mobili.   <\/p>\t\t\t\t\t\t\t\t<\/div>\n\t\t\t\t<div class=\"elementor-element elementor-element-e9a5332 elementor-widget elementor-widget-heading\" data-id=\"e9a5332\" data-element_type=\"widget\" data-e-type=\"widget\" data-widget_type=\"heading.default\">\n\t\t\t\t\t<h2 class=\"elementor-heading-title elementor-size-default\">Dispositivo connesso con batteria di lunga durata<\/h2>\t\t\t\t<\/div>\n\t\t\t\t<div class=\"elementor-element elementor-element-c07f4d9 elementor-widget elementor-widget-text-editor\" data-id=\"c07f4d9\" data-element_type=\"widget\" data-e-type=\"widget\" data-widget_type=\"text-editor.default\">\n\t\t\t\t\t\t\t\t\t<p>Il concentratore di ossigeno Hrizon P5 \u00e8 collegato via Bluetooth all&#8217;applicazione MyHorizon. Quest&#8217;ultima fornisce anche un monitoraggio in tempo reale del suo utilizzo e del suo funzionamento. L&#8217;Horizon P5 \u00e8 disponibile con due tipi di batteria, che offrono diversi livelli di autonomia:  <\/p><p><strong>Batteria singola a 8 celle<\/strong><\/p><ul><li>Tempo di ricarica della batteria: fino a 2,5 ore<\/li><li>Durata della batteria: fino a 3 ore<\/li><\/ul><p><strong>Doppia batteria a 16 celle<\/strong><\/p><ul><li>Tempo di ricarica della batteria: fino a 4,5 ore<\/li><li>Durata della batteria: fino a 5,5 ore<\/li><\/ul><p>Infine, \u00e8 possibile acquistare batterie aggiuntive per ottenere un&#8217;autonomia ancora maggiore.<\/p>\t\t\t\t\t\t\t\t<\/div>\n\t\t\t\t<div class=\"elementor-element elementor-element-308759b elementor-widget elementor-widget-heading\" data-id=\"308759b\" data-element_type=\"widget\" data-e-type=\"widget\" data-widget_type=\"heading.default\">\n\t\t\t\t\t<h2 class=\"elementor-heading-title elementor-size-default\">Contenuto<\/h2>\t\t\t\t<\/div>\n\t\t\t\t<div class=\"elementor-element elementor-element-2e602e9 elementor-widget elementor-widget-text-editor\" data-id=\"2e602e9\" data-element_type=\"widget\" data-e-type=\"widget\" data-widget_type=\"text-editor.default\">\n\t\t\t\t\t\t\t\t\t<ul><li><p>Hub Horizon P5<\/p><\/li><li><p>Manuale d&#8217;uso<\/p><\/li><li><p>Batteria (a scelta tra 8 o 16 celle)<\/p><\/li><li>Cannula nasale<\/li><li>Filtri<\/li><li>Cavo di alimentazione<\/li><\/ul>\t\t\t\t\t\t\t\t<\/div>\n\t\t\t\t\t<\/div>\n\t\t<\/div>\n\t\t\t\t\t<\/div>\n\t\t<\/section>\n\t\t\t\t<\/div>\n\t\t","protected":false},"excerpt":{"rendered":"<p>Il concentratore di ossigeno portatile Scaleo Horizon P5 \u00e8 un&#8217;unit\u00e0 compatta e leggera che pesa 2,5 kg. Pu\u00f2 essere trasportato facilmente grazie alla borsa da trasporto inclusa. Offre un dosaggio preciso e un&#8217;autonomia fino a 5,5 ore, a seconda della batteria utilizzata. Progettato in Francia da Scaleo Medical.   <\/p>\n","protected":false},"featured_media":61583,"template":"","meta":{"_acf_changed":false},"product_brand":[2102],"product_cat":[1802,1832],"product_tag":[1812,1811,1807,1808,1806,1813,1810,1809],"class_list":{"0":"post-36065","1":"product","2":"type-product","3":"status-publish","4":"has-post-thumbnail","6":"product_brand-scaleo-medical-it","7":"product_cat-concentratori-d-ossigeno","8":"product_cat-apparecchi-concentratori-d-ossigeno","9":"product_tag-asma-it","10":"product_tag-bpco-it","11":"product_tag-concentratore-d-ossigeno","12":"product_tag-orizzontes5","13":"product_tag-ossigenoterapia","14":"product_tag-respirofacile","15":"product_tag-saluterespiratorio","16":"product_tag-scaleomedical-it","18":"first","19":"instock","20":"sale","21":"taxable","22":"shipping-taxable","23":"purchasable","24":"product-type-variable","25":"has-default-attributes"},"acf":[],"yoast_head":"<!-- This site is optimized with the Yoast SEO Premium plugin v27.4 (Yoast SEO v27.4) - https:\/\/yoast.com\/product\/yoast-seo-premium-wordpress\/ -->\n<title>Scaleo Horizon P5 - Concentratore di ossigeno portatile compatto da 2,5 kg | Swixed SA<\/title>\n<meta name=\"description\" content=\"Il concentratore di ossigeno portatile Horizon P5 di Scaleo Medical \u00e8 uno dei concentratori pi\u00f9 silenziosi sul mercato.\" \/>\n<meta name=\"robots\" content=\"index, follow, max-snippet:-1, max-image-preview:large, max-video-preview:-1\" \/>\n<link rel=\"canonical\" href=\"https:\/\/swixed.ch\/it\/prodotto\/sed92000\/\" \/>\n<meta property=\"og:locale\" content=\"it_IT\" \/>\n<meta property=\"og:type\" content=\"article\" \/>\n<meta property=\"og:title\" content=\"Scaleo Horizon P5 - Concentratore di ossigeno portatile compatto da 2,5 kg\" \/>\n<meta property=\"og:description\" content=\"Il concentratore di ossigeno portatile Horizon P5 di Scaleo Medical \u00e8 uno dei concentratori pi\u00f9 silenziosi sul mercato.\" \/>\n<meta property=\"og:url\" content=\"https:\/\/swixed.ch\/it\/prodotto\/sed92000\/\" \/>\n<meta property=\"og:site_name\" content=\"Swixed SA\" \/>\n<meta property=\"article:publisher\" content=\"https:\/\/www.facebook.com\/swixed\" \/>\n<meta property=\"article:modified_time\" content=\"2026-03-25T22:17:14+00:00\" \/>\n<meta property=\"og:image\" content=\"https:\/\/swixed.ch\/wp-content\/uploads\/products\/scaleo-medical-horizon-p5-01a.png\" \/>\n\t<meta property=\"og:image:width\" content=\"600\" \/>\n\t<meta property=\"og:image:height\" content=\"600\" \/>\n\t<meta property=\"og:image:type\" content=\"image\/png\" \/>\n<meta name=\"twitter:card\" content=\"summary_large_image\" \/>\n<meta name=\"twitter:label1\" content=\"Tempo di lettura stimato\" \/>\n\t<meta name=\"twitter:data1\" content=\"1 minuto\" \/>\n<script type=\"application\/ld+json\" class=\"yoast-schema-graph\">{\"@context\":\"https:\\\/\\\/schema.org\",\"@graph\":[{\"@type\":\"WebPage\",\"@id\":\"https:\\\/\\\/swixed.ch\\\/it\\\/prodotto\\\/sed92000\\\/\",\"url\":\"https:\\\/\\\/swixed.ch\\\/it\\\/prodotto\\\/sed92000\\\/\",\"name\":\"Scaleo Horizon P5 - Concentratore di ossigeno portatile compatto da 2,5 kg | Swixed SA\",\"isPartOf\":{\"@id\":\"https:\\\/\\\/swixed.ch\\\/it\\\/#website\"},\"primaryImageOfPage\":{\"@id\":\"https:\\\/\\\/swixed.ch\\\/it\\\/prodotto\\\/sed92000\\\/#primaryimage\"},\"image\":{\"@id\":\"https:\\\/\\\/swixed.ch\\\/it\\\/prodotto\\\/sed92000\\\/#primaryimage\"},\"thumbnailUrl\":\"https:\\\/\\\/swixed.ch\\\/wp-content\\\/uploads\\\/products\\\/scaleo-medical-horizon-p5-01a.png\",\"datePublished\":\"2023-06-27T11:39:38+00:00\",\"dateModified\":\"2026-03-25T22:17:14+00:00\",\"description\":\"Il concentratore di ossigeno portatile Horizon P5 di Scaleo Medical \u00e8 uno dei concentratori pi\u00f9 silenziosi sul mercato.\",\"breadcrumb\":{\"@id\":\"https:\\\/\\\/swixed.ch\\\/it\\\/prodotto\\\/sed92000\\\/#breadcrumb\"},\"inLanguage\":\"it-IT\",\"potentialAction\":[{\"@type\":\"ReadAction\",\"target\":[\"https:\\\/\\\/swixed.ch\\\/it\\\/prodotto\\\/sed92000\\\/\"]}]},{\"@type\":\"ImageObject\",\"inLanguage\":\"it-IT\",\"@id\":\"https:\\\/\\\/swixed.ch\\\/it\\\/prodotto\\\/sed92000\\\/#primaryimage\",\"url\":\"https:\\\/\\\/swixed.ch\\\/wp-content\\\/uploads\\\/products\\\/scaleo-medical-horizon-p5-01a.png\",\"contentUrl\":\"https:\\\/\\\/swixed.ch\\\/wp-content\\\/uploads\\\/products\\\/scaleo-medical-horizon-p5-01a.png\",\"width\":600,\"height\":600,\"caption\":\"Scaleo Horizon P5\"},{\"@type\":\"BreadcrumbList\",\"@id\":\"https:\\\/\\\/swixed.ch\\\/it\\\/prodotto\\\/sed92000\\\/#breadcrumb\",\"itemListElement\":[{\"@type\":\"ListItem\",\"position\":1,\"name\":\"Home\",\"item\":\"https:\\\/\\\/swixed.ch\\\/it\\\/home\\\/\"},{\"@type\":\"ListItem\",\"position\":2,\"name\":\"Negozio\",\"item\":\"https:\\\/\\\/swixed.ch\\\/it\\\/shop\\\/\"},{\"@type\":\"ListItem\",\"position\":3,\"name\":\"Scaleo Horizon P5 &#8211; Concentratore di ossigeno portatile compatto da 2,5 kg\"}]},{\"@type\":\"WebSite\",\"@id\":\"https:\\\/\\\/swixed.ch\\\/it\\\/#website\",\"url\":\"https:\\\/\\\/swixed.ch\\\/it\\\/\",\"name\":\"Swixed SA\",\"description\":\"Dispositivi elettronici\",\"publisher\":{\"@id\":\"https:\\\/\\\/swixed.ch\\\/it\\\/#organization\"},\"potentialAction\":[{\"@type\":\"SearchAction\",\"target\":{\"@type\":\"EntryPoint\",\"urlTemplate\":\"https:\\\/\\\/swixed.ch\\\/it\\\/?s={search_term_string}\"},\"query-input\":{\"@type\":\"PropertyValueSpecification\",\"valueRequired\":true,\"valueName\":\"search_term_string\"}}],\"inLanguage\":\"it-IT\"},{\"@type\":\"Organization\",\"@id\":\"https:\\\/\\\/swixed.ch\\\/it\\\/#organization\",\"name\":\"Swixed SA\",\"url\":\"https:\\\/\\\/swixed.ch\\\/it\\\/\",\"logo\":{\"@type\":\"ImageObject\",\"inLanguage\":\"it-IT\",\"@id\":\"https:\\\/\\\/swixed.ch\\\/it\\\/#\\\/schema\\\/logo\\\/image\\\/\",\"url\":\"https:\\\/\\\/swixed.ch\\\/wp-content\\\/uploads\\\/logos\\\/swixed-logo-lite.png\",\"contentUrl\":\"https:\\\/\\\/swixed.ch\\\/wp-content\\\/uploads\\\/logos\\\/swixed-logo-lite.png\",\"width\":696,\"height\":696,\"caption\":\"Swixed SA\"},\"image\":{\"@id\":\"https:\\\/\\\/swixed.ch\\\/it\\\/#\\\/schema\\\/logo\\\/image\\\/\"},\"sameAs\":[\"https:\\\/\\\/www.facebook.com\\\/swixed\",\"https:\\\/\\\/www.linkedin.com\\\/company\\\/swixed\",\"https:\\\/\\\/www.youtube.com\\\/@swixedsa\"],\"description\":\"Swixed SA est une entreprise suisse bas\u00e9e \u00e0 Gen\u00e8ve, sp\u00e9cialis\u00e9e dans la vente, la location et la maintenance d\u2019appareils m\u00e9dicaux professionnels, tels que d\u00e9fibrillateurs AED, \u00e9lectrocardiographes, moniteurs patient et dispositifs de diagnostic.\",\"email\":\"infoshop@swixed.ch\",\"telephone\":\"+41 22 566 11 95\",\"legalName\":\"Swixed SA\",\"foundingDate\":\"2021-03-01\",\"numberOfEmployees\":{\"@type\":\"QuantitativeValue\",\"minValue\":\"1\",\"maxValue\":\"10\"}}]}<\/script>\n<!-- \/ Yoast SEO Premium plugin. -->","yoast_head_json":{"title":"Scaleo Horizon P5 - Concentratore di ossigeno portatile compatto da 2,5 kg | Swixed SA","description":"Il concentratore di ossigeno portatile Horizon P5 di Scaleo Medical \u00e8 uno dei concentratori pi\u00f9 silenziosi sul mercato.","robots":{"index":"index","follow":"follow","max-snippet":"max-snippet:-1","max-image-preview":"max-image-preview:large","max-video-preview":"max-video-preview:-1"},"canonical":"https:\/\/swixed.ch\/it\/prodotto\/sed92000\/","og_locale":"it_IT","og_type":"article","og_title":"Scaleo Horizon P5 - Concentratore di ossigeno portatile compatto da 2,5 kg","og_description":"Il concentratore di ossigeno portatile Horizon P5 di Scaleo Medical \u00e8 uno dei concentratori pi\u00f9 silenziosi sul mercato.","og_url":"https:\/\/swixed.ch\/it\/prodotto\/sed92000\/","og_site_name":"Swixed SA","article_publisher":"https:\/\/www.facebook.com\/swixed","article_modified_time":"2026-03-25T22:17:14+00:00","og_image":[{"width":600,"height":600,"url":"https:\/\/swixed.ch\/wp-content\/uploads\/products\/scaleo-medical-horizon-p5-01a.png","type":"image\/png"}],"twitter_card":"summary_large_image","twitter_misc":{"Tempo di lettura stimato":"1 minuto"},"schema":{"@context":"https:\/\/schema.org","@graph":[{"@type":"WebPage","@id":"https:\/\/swixed.ch\/it\/prodotto\/sed92000\/","url":"https:\/\/swixed.ch\/it\/prodotto\/sed92000\/","name":"Scaleo Horizon P5 - Concentratore di ossigeno portatile compatto da 2,5 kg | Swixed SA","isPartOf":{"@id":"https:\/\/swixed.ch\/it\/#website"},"primaryImageOfPage":{"@id":"https:\/\/swixed.ch\/it\/prodotto\/sed92000\/#primaryimage"},"image":{"@id":"https:\/\/swixed.ch\/it\/prodotto\/sed92000\/#primaryimage"},"thumbnailUrl":"https:\/\/swixed.ch\/wp-content\/uploads\/products\/scaleo-medical-horizon-p5-01a.png","datePublished":"2023-06-27T11:39:38+00:00","dateModified":"2026-03-25T22:17:14+00:00","description":"Il concentratore di ossigeno portatile Horizon P5 di Scaleo Medical \u00e8 uno dei concentratori pi\u00f9 silenziosi sul mercato.","breadcrumb":{"@id":"https:\/\/swixed.ch\/it\/prodotto\/sed92000\/#breadcrumb"},"inLanguage":"it-IT","potentialAction":[{"@type":"ReadAction","target":["https:\/\/swixed.ch\/it\/prodotto\/sed92000\/"]}]},{"@type":"ImageObject","inLanguage":"it-IT","@id":"https:\/\/swixed.ch\/it\/prodotto\/sed92000\/#primaryimage","url":"https:\/\/swixed.ch\/wp-content\/uploads\/products\/scaleo-medical-horizon-p5-01a.png","contentUrl":"https:\/\/swixed.ch\/wp-content\/uploads\/products\/scaleo-medical-horizon-p5-01a.png","width":600,"height":600,"caption":"Scaleo Horizon P5"},{"@type":"BreadcrumbList","@id":"https:\/\/swixed.ch\/it\/prodotto\/sed92000\/#breadcrumb","itemListElement":[{"@type":"ListItem","position":1,"name":"Home","item":"https:\/\/swixed.ch\/it\/home\/"},{"@type":"ListItem","position":2,"name":"Negozio","item":"https:\/\/swixed.ch\/it\/shop\/"},{"@type":"ListItem","position":3,"name":"Scaleo Horizon P5 &#8211; Concentratore di ossigeno portatile compatto da 2,5 kg"}]},{"@type":"WebSite","@id":"https:\/\/swixed.ch\/it\/#website","url":"https:\/\/swixed.ch\/it\/","name":"Swixed SA","description":"Dispositivi elettronici","publisher":{"@id":"https:\/\/swixed.ch\/it\/#organization"},"potentialAction":[{"@type":"SearchAction","target":{"@type":"EntryPoint","urlTemplate":"https:\/\/swixed.ch\/it\/?s={search_term_string}"},"query-input":{"@type":"PropertyValueSpecification","valueRequired":true,"valueName":"search_term_string"}}],"inLanguage":"it-IT"},{"@type":"Organization","@id":"https:\/\/swixed.ch\/it\/#organization","name":"Swixed SA","url":"https:\/\/swixed.ch\/it\/","logo":{"@type":"ImageObject","inLanguage":"it-IT","@id":"https:\/\/swixed.ch\/it\/#\/schema\/logo\/image\/","url":"https:\/\/swixed.ch\/wp-content\/uploads\/logos\/swixed-logo-lite.png","contentUrl":"https:\/\/swixed.ch\/wp-content\/uploads\/logos\/swixed-logo-lite.png","width":696,"height":696,"caption":"Swixed SA"},"image":{"@id":"https:\/\/swixed.ch\/it\/#\/schema\/logo\/image\/"},"sameAs":["https:\/\/www.facebook.com\/swixed","https:\/\/www.linkedin.com\/company\/swixed","https:\/\/www.youtube.com\/@swixedsa"],"description":"Swixed SA est une entreprise suisse bas\u00e9e \u00e0 Gen\u00e8ve, sp\u00e9cialis\u00e9e dans la vente, la location et la maintenance d\u2019appareils m\u00e9dicaux professionnels, tels que d\u00e9fibrillateurs AED, \u00e9lectrocardiographes, moniteurs patient et dispositifs de diagnostic.","email":"infoshop@swixed.ch","telephone":"+41 22 566 11 95","legalName":"Swixed SA","foundingDate":"2021-03-01","numberOfEmployees":{"@type":"QuantitativeValue","minValue":"1","maxValue":"10"}}]}},"_links":{"self":[{"href":"https:\/\/swixed.ch\/it\/wp-json\/wp\/v2\/product\/36065","targetHints":{"allow":["GET"]}}],"collection":[{"href":"https:\/\/swixed.ch\/it\/wp-json\/wp\/v2\/product"}],"about":[{"href":"https:\/\/swixed.ch\/it\/wp-json\/wp\/v2\/types\/product"}],"version-history":[{"count":0,"href":"https:\/\/swixed.ch\/it\/wp-json\/wp\/v2\/product\/36065\/revisions"}],"wp:featuredmedia":[{"embeddable":true,"href":"https:\/\/swixed.ch\/it\/wp-json\/wp\/v2\/media\/61583"}],"wp:attachment":[{"href":"https:\/\/swixed.ch\/it\/wp-json\/wp\/v2\/media?parent=36065"}],"wp:term":[{"taxonomy":"product_brand","embeddable":true,"href":"https:\/\/swixed.ch\/it\/wp-json\/wp\/v2\/product_brand?post=36065"},{"taxonomy":"product_cat","embeddable":true,"href":"https:\/\/swixed.ch\/it\/wp-json\/wp\/v2\/product_cat?post=36065"},{"taxonomy":"product_tag","embeddable":true,"href":"https:\/\/swixed.ch\/it\/wp-json\/wp\/v2\/product_tag?post=36065"}],"curies":[{"name":"wp","href":"https:\/\/api.w.org\/{rel}","templated":true}]}}