{"id":36095,"date":"2023-06-27T11:11:17","date_gmt":"2023-06-27T09:11:17","guid":{"rendered":"https:\/\/swixed.com\/produit\/concentratore-di-ossigeno-scaleo-horizon-s5\/"},"modified":"2026-03-17T07:29:07","modified_gmt":"2026-03-17T06:29:07","slug":"sed92001","status":"publish","type":"product","link":"https:\/\/swixed.ch\/it\/prodotto\/sed92001\/","title":{"rendered":"Scaleo Horizon S5 &#8211; Concentratore di ossigeno fisso 5 L\/min"},"content":{"rendered":"\t\t<div data-elementor-type=\"product-post\" data-elementor-id=\"36095\" class=\"elementor elementor-36095 elementor-20489\" data-elementor-post-type=\"product\">\n\t\t\t\t\t\t<section class=\"elementor-section elementor-top-section elementor-element elementor-element-566dfe8 elementor-section-boxed elementor-section-height-default elementor-section-height-default\" data-id=\"566dfe8\" data-element_type=\"section\" data-e-type=\"section\">\n\t\t\t\t\t\t<div class=\"elementor-container elementor-column-gap-default\">\n\t\t\t\t\t<div class=\"elementor-column elementor-col-100 elementor-top-column elementor-element elementor-element-2c4618e\" data-id=\"2c4618e\" data-element_type=\"column\" data-e-type=\"column\">\n\t\t\t<div class=\"elementor-widget-wrap elementor-element-populated\">\n\t\t\t\t\t\t<div class=\"elementor-element elementor-element-57fea7d elementor-widget elementor-widget-heading\" data-id=\"57fea7d\" data-element_type=\"widget\" data-e-type=\"widget\" data-widget_type=\"heading.default\">\n\t\t\t\t\t<h2 class=\"elementor-heading-title elementor-size-default\">Descrizione<\/h2>\t\t\t\t<\/div>\n\t\t\t\t<div class=\"elementor-element elementor-element-e0a279c elementor-widget elementor-widget-text-editor\" data-id=\"e0a279c\" data-element_type=\"widget\" data-e-type=\"widget\" data-widget_type=\"text-editor.default\">\n\t\t\t\t\t\t\t\t\t<p>Il concentratore di ossigeno Horizon S5, sviluppato da Scaleo Medical, si distingue per il suo design compatto e per il funzionamento ultra-silenzioso (45 dB), indipendentemente dalla portata di ossigeno. In grado di erogare fino a 5 litri di ossigeno al minuto con una purezza del 93% (\u00b1 3%), \u00e8 la scelta ideale per i pazienti che necessitano di ossigenoterapia domiciliare. <\/p>\t\t\t\t\t\t\t\t<\/div>\n\t\t\t\t<div class=\"elementor-element elementor-element-35216ac elementor-widget elementor-widget-heading\" data-id=\"35216ac\" data-element_type=\"widget\" data-e-type=\"widget\" data-widget_type=\"heading.default\">\n\t\t\t\t\t<h2 class=\"elementor-heading-title elementor-size-default\">Caratteristiche principali<\/h2>\t\t\t\t<\/div>\n\t\t\t\t<div class=\"elementor-element elementor-element-dd18746 elementor-widget elementor-widget-text-editor\" data-id=\"dd18746\" data-element_type=\"widget\" data-e-type=\"widget\" data-widget_type=\"text-editor.default\">\n\t\t\t\t\t\t\t\t\t<ul><li><strong>Silenzioso e leggero:<\/strong> con soli 45dB di rumore e un peso di soli 15kg, \u00e8 pi\u00f9 leggero della maggior parte dei concentratori da 5L, che pesano tra i 20 e i 25kg. \u00c8 facile da spostare grazie alle sue ruote girevoli. <\/li><li><strong>Affidabilit\u00e0 continua:<\/strong> progettato per funzionare 24 ore su 24, 7 giorni su 7, offre prestazioni affidabili grazie all&#8217;ossigenazione costante.<\/li><li><strong>Funzionamento intuitivo:<\/strong> il concentratore \u00e8 facile da usare, con impostazioni accessibili a tutti, garantendo un controllo preciso del flusso di ossigeno.<\/li><li><strong>Maggiore sicurezza: \u00e8<\/strong> dotato di un ugello in alluminio e di un interruttore automatico che lo protegge da eventuali malfunzionamenti elettrici, garantendo la sicurezza del paziente.<\/li><\/ul><p>Questo concentratore combina semplicit\u00e0, affidabilit\u00e0 e adattabilit\u00e0, rendendolo ideale per l&#8217;assistenza a domicilio o in strutture sanitarie.<\/p>\t\t\t\t\t\t\t\t<\/div>\n\t\t\t\t<div class=\"elementor-element elementor-element-6e0178f elementor-widget elementor-widget-heading\" data-id=\"6e0178f\" data-element_type=\"widget\" data-e-type=\"widget\" data-widget_type=\"heading.default\">\n\t\t\t\t\t<h2 class=\"elementor-heading-title elementor-size-default\">Contenuto<\/h2>\t\t\t\t<\/div>\n\t\t\t\t<div class=\"elementor-element elementor-element-d8fd9a6 elementor-widget elementor-widget-text-editor\" data-id=\"d8fd9a6\" data-element_type=\"widget\" data-e-type=\"widget\" data-widget_type=\"text-editor.default\">\n\t\t\t\t\t\t\t\t\t<ul><li>Hub Horizon S5<\/li><li>Manuale d&#8217;uso<\/li><li>Umidificatore<\/li><li>Tubo di collegamento per umidificatore<\/li><li>Cannula nasale<\/li><li>Filtri<\/li><\/ul>\t\t\t\t\t\t\t\t<\/div>\n\t\t\t\t\t<\/div>\n\t\t<\/div>\n\t\t\t\t\t<\/div>\n\t\t<\/section>\n\t\t\t\t<\/div>\n\t\t","protected":false},"excerpt":{"rendered":"<p>Il concentratore di ossigeno Horizon S5 di Scaleo Medical, ultra-silenzioso (45 dB), eroga fino a 5 litri di ossigeno al minuto. Compatto, leggero e affidabile, \u00e8 ideale per l&#8217;uso domestico. <\/p>\n","protected":false},"featured_media":31348,"template":"","meta":{"_acf_changed":false},"product_brand":[2102],"product_cat":[1832,1802],"product_tag":[2936,2938,2939,2928,2930,2932,2942,2937,2933,2935,2934,2941,2929,2940,2931],"class_list":{"0":"post-36095","1":"product","2":"type-product","3":"status-publish","4":"has-post-thumbnail","6":"product_brand-scaleo-medical-it","7":"product_cat-apparecchi-concentratori-d-ossigeno","8":"product_cat-concentratori-d-ossigeno","9":"product_tag-assistenza-respiratoria","10":"product_tag-concentratore-di-ossigeno-5l","11":"product_tag-concentratore-di-ossigeno-compatto","12":"product_tag-concentratore-di-ossigeno-domestico","13":"product_tag-concentratore-silenzioso-da-5l","14":"product_tag-dispositivo-per-ossigeno-leggero","15":"product_tag-dispositivo-silenzioso-per-lossigeno","16":"product_tag-hub-affidabile-24-ore-su-24-7-giorni-su-7","17":"product_tag-hub-portatile","18":"product_tag-macchina-per-lossigeno-da-5l","19":"product_tag-ossigeno-medico-a-domicilio","20":"product_tag-ossigeno-per-uso-domestico","21":"product_tag-ossigenoterapia-a-domicilio","22":"product_tag-purificatore-di-ossigeno-per-uso-medico","23":"product_tag-scaleo-medical-horizon-s5-it","25":"first","26":"instock","27":"sale","28":"taxable","29":"shipping-taxable","30":"purchasable","31":"product-type-simple"},"acf":[],"yoast_head":"<!-- This site is optimized with the Yoast SEO Premium plugin v27.4 (Yoast SEO v27.4) - https:\/\/yoast.com\/product\/yoast-seo-premium-wordpress\/ -->\n<title>Scaleo Horizon S5 - Concentratore di ossigeno fisso 5 L\/min | Swixed SA<\/title>\n<meta name=\"description\" content=\"Il concentratore di ossigeno Scaleo Horizon S5 eroga fino a 5 L\/min di ossigeno puro, \u00e8 compatto, silenzioso e ideale per l&#039;ossigenoterapia domiciliare.\" \/>\n<meta name=\"robots\" content=\"index, follow, max-snippet:-1, max-image-preview:large, max-video-preview:-1\" \/>\n<link rel=\"canonical\" href=\"https:\/\/swixed.ch\/it\/prodotto\/sed92001\/\" \/>\n<meta property=\"og:locale\" content=\"it_IT\" \/>\n<meta property=\"og:type\" content=\"article\" \/>\n<meta property=\"og:title\" content=\"Scaleo Horizon S5 - Concentratore di ossigeno fisso 5 L\/min\" \/>\n<meta property=\"og:description\" content=\"Il concentratore di ossigeno Scaleo Horizon S5 eroga fino a 5 L\/min di ossigeno puro, \u00e8 compatto, silenzioso e ideale per l&#039;ossigenoterapia domiciliare.\" \/>\n<meta property=\"og:url\" content=\"https:\/\/swixed.ch\/it\/prodotto\/sed92001\/\" \/>\n<meta property=\"og:site_name\" content=\"Swixed SA\" \/>\n<meta property=\"article:publisher\" content=\"https:\/\/www.facebook.com\/swixed\" \/>\n<meta property=\"article:modified_time\" content=\"2026-03-17T06:29:07+00:00\" \/>\n<meta property=\"og:image\" content=\"https:\/\/swixed.ch\/wp-content\/uploads\/products\/scaleo-medical-horizon-s5-01a.png\" \/>\n\t<meta property=\"og:image:width\" content=\"600\" \/>\n\t<meta property=\"og:image:height\" content=\"600\" \/>\n\t<meta property=\"og:image:type\" content=\"image\/png\" \/>\n<meta name=\"twitter:card\" content=\"summary_large_image\" \/>\n<meta name=\"twitter:label1\" content=\"Tempo di lettura stimato\" \/>\n\t<meta name=\"twitter:data1\" content=\"1 minuto\" \/>\n<script type=\"application\/ld+json\" class=\"yoast-schema-graph\">{\"@context\":\"https:\\\/\\\/schema.org\",\"@graph\":[{\"@type\":\"WebPage\",\"@id\":\"https:\\\/\\\/swixed.ch\\\/it\\\/prodotto\\\/sed92001\\\/\",\"url\":\"https:\\\/\\\/swixed.ch\\\/it\\\/prodotto\\\/sed92001\\\/\",\"name\":\"Scaleo Horizon S5 - Concentratore di ossigeno fisso 5 L\\\/min | Swixed SA\",\"isPartOf\":{\"@id\":\"https:\\\/\\\/swixed.ch\\\/it\\\/#website\"},\"primaryImageOfPage\":{\"@id\":\"https:\\\/\\\/swixed.ch\\\/it\\\/prodotto\\\/sed92001\\\/#primaryimage\"},\"image\":{\"@id\":\"https:\\\/\\\/swixed.ch\\\/it\\\/prodotto\\\/sed92001\\\/#primaryimage\"},\"thumbnailUrl\":\"https:\\\/\\\/swixed.ch\\\/wp-content\\\/uploads\\\/products\\\/scaleo-medical-horizon-s5-01a.png\",\"datePublished\":\"2023-06-27T09:11:17+00:00\",\"dateModified\":\"2026-03-17T06:29:07+00:00\",\"description\":\"Il concentratore di ossigeno Scaleo Horizon S5 eroga fino a 5 L\\\/min di ossigeno puro, \u00e8 compatto, silenzioso e ideale per l'ossigenoterapia domiciliare.\",\"breadcrumb\":{\"@id\":\"https:\\\/\\\/swixed.ch\\\/it\\\/prodotto\\\/sed92001\\\/#breadcrumb\"},\"inLanguage\":\"it-IT\",\"potentialAction\":[{\"@type\":\"ReadAction\",\"target\":[\"https:\\\/\\\/swixed.ch\\\/it\\\/prodotto\\\/sed92001\\\/\"]}]},{\"@type\":\"ImageObject\",\"inLanguage\":\"it-IT\",\"@id\":\"https:\\\/\\\/swixed.ch\\\/it\\\/prodotto\\\/sed92001\\\/#primaryimage\",\"url\":\"https:\\\/\\\/swixed.ch\\\/wp-content\\\/uploads\\\/products\\\/scaleo-medical-horizon-s5-01a.png\",\"contentUrl\":\"https:\\\/\\\/swixed.ch\\\/wp-content\\\/uploads\\\/products\\\/scaleo-medical-horizon-s5-01a.png\",\"width\":600,\"height\":600,\"caption\":\"Concentratore di ossigeno Scaleo Horizon S5\"},{\"@type\":\"BreadcrumbList\",\"@id\":\"https:\\\/\\\/swixed.ch\\\/it\\\/prodotto\\\/sed92001\\\/#breadcrumb\",\"itemListElement\":[{\"@type\":\"ListItem\",\"position\":1,\"name\":\"Home\",\"item\":\"https:\\\/\\\/swixed.ch\\\/it\\\/home\\\/\"},{\"@type\":\"ListItem\",\"position\":2,\"name\":\"Negozio\",\"item\":\"https:\\\/\\\/swixed.ch\\\/it\\\/shop\\\/\"},{\"@type\":\"ListItem\",\"position\":3,\"name\":\"Scaleo Horizon S5 &#8211; Concentratore di ossigeno fisso 5 L\\\/min\"}]},{\"@type\":\"WebSite\",\"@id\":\"https:\\\/\\\/swixed.ch\\\/it\\\/#website\",\"url\":\"https:\\\/\\\/swixed.ch\\\/it\\\/\",\"name\":\"Swixed SA\",\"description\":\"Dispositivi elettronici\",\"publisher\":{\"@id\":\"https:\\\/\\\/swixed.ch\\\/it\\\/#organization\"},\"potentialAction\":[{\"@type\":\"SearchAction\",\"target\":{\"@type\":\"EntryPoint\",\"urlTemplate\":\"https:\\\/\\\/swixed.ch\\\/it\\\/?s={search_term_string}\"},\"query-input\":{\"@type\":\"PropertyValueSpecification\",\"valueRequired\":true,\"valueName\":\"search_term_string\"}}],\"inLanguage\":\"it-IT\"},{\"@type\":\"Organization\",\"@id\":\"https:\\\/\\\/swixed.ch\\\/it\\\/#organization\",\"name\":\"Swixed SA\",\"url\":\"https:\\\/\\\/swixed.ch\\\/it\\\/\",\"logo\":{\"@type\":\"ImageObject\",\"inLanguage\":\"it-IT\",\"@id\":\"https:\\\/\\\/swixed.ch\\\/it\\\/#\\\/schema\\\/logo\\\/image\\\/\",\"url\":\"https:\\\/\\\/swixed.ch\\\/wp-content\\\/uploads\\\/logos\\\/swixed-logo-lite.png\",\"contentUrl\":\"https:\\\/\\\/swixed.ch\\\/wp-content\\\/uploads\\\/logos\\\/swixed-logo-lite.png\",\"width\":696,\"height\":696,\"caption\":\"Swixed SA\"},\"image\":{\"@id\":\"https:\\\/\\\/swixed.ch\\\/it\\\/#\\\/schema\\\/logo\\\/image\\\/\"},\"sameAs\":[\"https:\\\/\\\/www.facebook.com\\\/swixed\",\"https:\\\/\\\/www.linkedin.com\\\/company\\\/swixed\",\"https:\\\/\\\/www.youtube.com\\\/@swixedsa\"],\"description\":\"Swixed SA est une entreprise suisse bas\u00e9e \u00e0 Gen\u00e8ve, sp\u00e9cialis\u00e9e dans la vente, la location et la maintenance d\u2019appareils m\u00e9dicaux professionnels, tels que d\u00e9fibrillateurs AED, \u00e9lectrocardiographes, moniteurs patient et dispositifs de diagnostic.\",\"email\":\"infoshop@swixed.ch\",\"telephone\":\"+41 22 566 11 95\",\"legalName\":\"Swixed SA\",\"foundingDate\":\"2021-03-01\",\"numberOfEmployees\":{\"@type\":\"QuantitativeValue\",\"minValue\":\"1\",\"maxValue\":\"10\"}}]}<\/script>\n<!-- \/ Yoast SEO Premium plugin. -->","yoast_head_json":{"title":"Scaleo Horizon S5 - Concentratore di ossigeno fisso 5 L\/min | Swixed SA","description":"Il concentratore di ossigeno Scaleo Horizon S5 eroga fino a 5 L\/min di ossigeno puro, \u00e8 compatto, silenzioso e ideale per l'ossigenoterapia domiciliare.","robots":{"index":"index","follow":"follow","max-snippet":"max-snippet:-1","max-image-preview":"max-image-preview:large","max-video-preview":"max-video-preview:-1"},"canonical":"https:\/\/swixed.ch\/it\/prodotto\/sed92001\/","og_locale":"it_IT","og_type":"article","og_title":"Scaleo Horizon S5 - Concentratore di ossigeno fisso 5 L\/min","og_description":"Il concentratore di ossigeno Scaleo Horizon S5 eroga fino a 5 L\/min di ossigeno puro, \u00e8 compatto, silenzioso e ideale per l'ossigenoterapia domiciliare.","og_url":"https:\/\/swixed.ch\/it\/prodotto\/sed92001\/","og_site_name":"Swixed SA","article_publisher":"https:\/\/www.facebook.com\/swixed","article_modified_time":"2026-03-17T06:29:07+00:00","og_image":[{"width":600,"height":600,"url":"https:\/\/swixed.ch\/wp-content\/uploads\/products\/scaleo-medical-horizon-s5-01a.png","type":"image\/png"}],"twitter_card":"summary_large_image","twitter_misc":{"Tempo di lettura stimato":"1 minuto"},"schema":{"@context":"https:\/\/schema.org","@graph":[{"@type":"WebPage","@id":"https:\/\/swixed.ch\/it\/prodotto\/sed92001\/","url":"https:\/\/swixed.ch\/it\/prodotto\/sed92001\/","name":"Scaleo Horizon S5 - Concentratore di ossigeno fisso 5 L\/min | Swixed SA","isPartOf":{"@id":"https:\/\/swixed.ch\/it\/#website"},"primaryImageOfPage":{"@id":"https:\/\/swixed.ch\/it\/prodotto\/sed92001\/#primaryimage"},"image":{"@id":"https:\/\/swixed.ch\/it\/prodotto\/sed92001\/#primaryimage"},"thumbnailUrl":"https:\/\/swixed.ch\/wp-content\/uploads\/products\/scaleo-medical-horizon-s5-01a.png","datePublished":"2023-06-27T09:11:17+00:00","dateModified":"2026-03-17T06:29:07+00:00","description":"Il concentratore di ossigeno Scaleo Horizon S5 eroga fino a 5 L\/min di ossigeno puro, \u00e8 compatto, silenzioso e ideale per l'ossigenoterapia domiciliare.","breadcrumb":{"@id":"https:\/\/swixed.ch\/it\/prodotto\/sed92001\/#breadcrumb"},"inLanguage":"it-IT","potentialAction":[{"@type":"ReadAction","target":["https:\/\/swixed.ch\/it\/prodotto\/sed92001\/"]}]},{"@type":"ImageObject","inLanguage":"it-IT","@id":"https:\/\/swixed.ch\/it\/prodotto\/sed92001\/#primaryimage","url":"https:\/\/swixed.ch\/wp-content\/uploads\/products\/scaleo-medical-horizon-s5-01a.png","contentUrl":"https:\/\/swixed.ch\/wp-content\/uploads\/products\/scaleo-medical-horizon-s5-01a.png","width":600,"height":600,"caption":"Concentratore di ossigeno Scaleo Horizon S5"},{"@type":"BreadcrumbList","@id":"https:\/\/swixed.ch\/it\/prodotto\/sed92001\/#breadcrumb","itemListElement":[{"@type":"ListItem","position":1,"name":"Home","item":"https:\/\/swixed.ch\/it\/home\/"},{"@type":"ListItem","position":2,"name":"Negozio","item":"https:\/\/swixed.ch\/it\/shop\/"},{"@type":"ListItem","position":3,"name":"Scaleo Horizon S5 &#8211; Concentratore di ossigeno fisso 5 L\/min"}]},{"@type":"WebSite","@id":"https:\/\/swixed.ch\/it\/#website","url":"https:\/\/swixed.ch\/it\/","name":"Swixed SA","description":"Dispositivi elettronici","publisher":{"@id":"https:\/\/swixed.ch\/it\/#organization"},"potentialAction":[{"@type":"SearchAction","target":{"@type":"EntryPoint","urlTemplate":"https:\/\/swixed.ch\/it\/?s={search_term_string}"},"query-input":{"@type":"PropertyValueSpecification","valueRequired":true,"valueName":"search_term_string"}}],"inLanguage":"it-IT"},{"@type":"Organization","@id":"https:\/\/swixed.ch\/it\/#organization","name":"Swixed SA","url":"https:\/\/swixed.ch\/it\/","logo":{"@type":"ImageObject","inLanguage":"it-IT","@id":"https:\/\/swixed.ch\/it\/#\/schema\/logo\/image\/","url":"https:\/\/swixed.ch\/wp-content\/uploads\/logos\/swixed-logo-lite.png","contentUrl":"https:\/\/swixed.ch\/wp-content\/uploads\/logos\/swixed-logo-lite.png","width":696,"height":696,"caption":"Swixed SA"},"image":{"@id":"https:\/\/swixed.ch\/it\/#\/schema\/logo\/image\/"},"sameAs":["https:\/\/www.facebook.com\/swixed","https:\/\/www.linkedin.com\/company\/swixed","https:\/\/www.youtube.com\/@swixedsa"],"description":"Swixed SA est une entreprise suisse bas\u00e9e \u00e0 Gen\u00e8ve, sp\u00e9cialis\u00e9e dans la vente, la location et la maintenance d\u2019appareils m\u00e9dicaux professionnels, tels que d\u00e9fibrillateurs AED, \u00e9lectrocardiographes, moniteurs patient et dispositifs de diagnostic.","email":"infoshop@swixed.ch","telephone":"+41 22 566 11 95","legalName":"Swixed SA","foundingDate":"2021-03-01","numberOfEmployees":{"@type":"QuantitativeValue","minValue":"1","maxValue":"10"}}]}},"_links":{"self":[{"href":"https:\/\/swixed.ch\/it\/wp-json\/wp\/v2\/product\/36095","targetHints":{"allow":["GET"]}}],"collection":[{"href":"https:\/\/swixed.ch\/it\/wp-json\/wp\/v2\/product"}],"about":[{"href":"https:\/\/swixed.ch\/it\/wp-json\/wp\/v2\/types\/product"}],"version-history":[{"count":0,"href":"https:\/\/swixed.ch\/it\/wp-json\/wp\/v2\/product\/36095\/revisions"}],"wp:featuredmedia":[{"embeddable":true,"href":"https:\/\/swixed.ch\/it\/wp-json\/wp\/v2\/media\/31348"}],"wp:attachment":[{"href":"https:\/\/swixed.ch\/it\/wp-json\/wp\/v2\/media?parent=36095"}],"wp:term":[{"taxonomy":"product_brand","embeddable":true,"href":"https:\/\/swixed.ch\/it\/wp-json\/wp\/v2\/product_brand?post=36095"},{"taxonomy":"product_cat","embeddable":true,"href":"https:\/\/swixed.ch\/it\/wp-json\/wp\/v2\/product_cat?post=36095"},{"taxonomy":"product_tag","embeddable":true,"href":"https:\/\/swixed.ch\/it\/wp-json\/wp\/v2\/product_tag?post=36095"}],"curies":[{"name":"wp","href":"https:\/\/api.w.org\/{rel}","templated":true}]}}