{"id":36164,"date":"2023-07-02T02:27:17","date_gmt":"2023-07-02T01:27:17","guid":{"rendered":"https:\/\/swixed.com\/produit\/ossimetro-edan-h10\/"},"modified":"2026-04-21T06:50:42","modified_gmt":"2026-04-21T05:50:42","slug":"sed70004","status":"publish","type":"product","link":"https:\/\/swixed.ch\/it\/prodotto\/sed70004\/","title":{"rendered":"Pulsossimetro Edan H10"},"content":{"rendered":"\t\t<div data-elementor-type=\"product-post\" data-elementor-id=\"36164\" class=\"elementor elementor-36164 elementor-20676\" data-elementor-post-type=\"product\">\n\t\t\t\t<div class=\"elementor-element elementor-element-106bc1e e-con-full e-flex e-con e-parent\" data-id=\"106bc1e\" data-element_type=\"container\" data-e-type=\"container\">\n\t\t<div class=\"elementor-element elementor-element-3f54f04 e-con-full e-flex e-con e-child\" data-id=\"3f54f04\" data-element_type=\"container\" data-e-type=\"container\">\n\t\t\t\t<div class=\"elementor-element elementor-element-c5ce916 elementor-widget elementor-widget-heading\" data-id=\"c5ce916\" data-element_type=\"widget\" data-e-type=\"widget\" data-widget_type=\"heading.default\">\n\t\t\t\t\t<h2 class=\"elementor-heading-title elementor-size-default\">Caratteristiche principali<\/h2>\t\t\t\t<\/div>\n\t\t\t\t<div class=\"elementor-element elementor-element-d5231aa elementor-widget elementor-widget-text-editor\" data-id=\"d5231aa\" data-element_type=\"widget\" data-e-type=\"widget\" data-widget_type=\"text-editor.default\">\n\t\t\t\t\t\t\t\t\t<p>Il pulsossimetro Edan H10 \u00e8 compatto, facile da leggere e semplice da usare. Grazie al suo formato fingertip, il dispositivo consente di effettuare misurazioni rapide senza bisogno di installazioni complesse. Inoltre, il suo schermo a colori visualizza chiaramente tutti i dati essenziali su un&#8217;unica interfaccia.  <\/p><p>Inoltre, il dispositivo funziona con un unico pulsante multifunzione. Questo design riduce le manipolazioni inutili e migliora la facilit\u00e0 d&#8217;uso. Inoltre, i dieci livelli di illuminazione regolabile assicurano che la lettura si adatti alle mutevoli condizioni di luce.  <\/p><p>Specifiche tecniche principali:<\/p><ul><li>Misurazione della saturazione di ossigeno (SpO2) dal 35% al 99<\/li><li>Misura la frequenza cardiaca da 30 a 240 BPM<\/li><li>Display digitale e pletismogramma<\/li><li>Display con luminosit\u00e0 regolabile (10 livelli)<\/li><li>Spegnimento automatico dopo 8 secondi di inattivit\u00e0<\/li><\/ul>\t\t\t\t\t\t\t\t<\/div>\n\t\t\t\t<div class=\"elementor-element elementor-element-339c9d9 elementor-widget elementor-widget-heading\" data-id=\"339c9d9\" data-element_type=\"widget\" data-e-type=\"widget\" data-widget_type=\"heading.default\">\n\t\t\t\t\t<h2 class=\"elementor-heading-title elementor-size-default\">Caratteristiche<\/h2>\t\t\t\t<\/div>\n\t\t\t\t<div class=\"elementor-element elementor-element-24505a8 elementor-widget elementor-widget-text-editor\" data-id=\"24505a8\" data-element_type=\"widget\" data-e-type=\"widget\" data-widget_type=\"text-editor.default\">\n\t\t\t\t\t\t\t\t\t<p>In secondo luogo, Edan H10 incorpora una serie di funzioni per un uso regolare e controllato. Il sistema di spegnimento automatico limita il consumo di energia e prolunga il tempo di funzionamento. Inoltre, l&#8217;indicatore di batteria scarica informa l&#8217;utente prima di qualsiasi interruzione.  <\/p><p>Di conseguenza, il dispositivo funziona con due batterie alcaline AAA, fornite con l&#8217;ossimetro. Questa alimentazione standard semplifica la sostituzione ed elimina la necessit\u00e0 di caricabatterie speciali. Infine, il peso ridotto e le dimensioni compatte lo rendono facile da trasportare in una borsa medica o in un kit di emergenza.  <\/p><p>Queste caratteristiche rendono l&#8217;ossimetro compatibile con un&#8217;ampia gamma di utilizzi, pur mantenendo un approccio tecnico neutrale e non personalizzato.<\/p>\t\t\t\t\t\t\t\t<\/div>\n\t\t\t\t<div class=\"elementor-element elementor-element-054ba6b elementor-widget elementor-widget-heading\" data-id=\"054ba6b\" data-element_type=\"widget\" data-e-type=\"widget\" data-widget_type=\"heading.default\">\n\t\t\t\t\t<h2 class=\"elementor-heading-title elementor-size-default\">Utilizzo e quadro normativo in Svizzera<\/h2>\t\t\t\t<\/div>\n\t\t\t\t<div class=\"elementor-element elementor-element-6627a1f elementor-widget elementor-widget-text-editor\" data-id=\"6627a1f\" data-element_type=\"widget\" data-e-type=\"widget\" data-widget_type=\"text-editor.default\">\n\t\t\t\t\t\t\t\t\t<p>In Svizzera, i pulsossimetri rientrano nella normativa applicabile ai dispositivi medici. In quanto tali, vengono commercializzati e utilizzati all&#8217;interno di un quadro normativo specifico. In particolare, i requisiti di conformit\u00e0 derivano dall&#8217;ordinanza sui dispositivi medici (MedDO), che recepisce le norme europee a livello nazionale.  <\/p><p>Swissmedic \u00e8 responsabile della sorveglianza del mercato e degli obblighi dei produttori, mentre l&#8217;Ufficio federale della sanit\u00e0 pubblica \u00e8 responsabile dell&#8217;informazione sulla salute pubblica. Questi enti regolano l&#8217;uso dei dispositivi medici senza formulare indicazioni cliniche individuali. <br>\t\t<div data-elementor-type=\"widget\" data-elementor-id=\"59086\" class=\"elementor elementor-59086 elementor-59083 elementor-59083\" data-elementor-post-type=\"elementor_library\">\n\t\t\t\t\t\t<div class=\"elementor-element elementor-element-59083 elementor-widget elementor-widget-text-editor\" data-id=\"59083\" data-element_type=\"widget\" data-e-type=\"widget\" data-widget_type=\"text-editor.default\">\n\t\t\t\t\t\t\t\t\t<p>Per maggiori informazioni, consulta :<\/p><ul><li><a href=\"https:\/\/www.swissmedic.ch\" target=\"_blank\" rel=\"noopener\">Swissmedic<\/a><\/li><li><a href=\"https:\/\/www.bag.admin.ch\" target=\"_blank\" rel=\"noopener\">Ufficio federale della sanit\u00e0 pubblica (UFSP)<\/a><\/li><li><a href=\"https:\/\/www.switec.info\" target=\"_blank\" rel=\"noopener\">Centro d&#8217;informazione svizzero per le norme tecniche (Switec)<\/a><\/li><li><a href=\"https:\/\/www.fedlex.admin.ch\/eli\/cc\/2020\/552\/\" target=\"_blank\" rel=\"noopener\">Ordinanza sui dispositivi medici (ODim o MedDO)<\/a><\/li><\/ul><p><br>I nostri dispositivi medici hanno un rappresentante autorizzato in Svizzera (CH-REP), in conformit\u00e0 con l&#8217;attuale legislazione svizzera sui dispositivi medici.<\/p>\t\t\t\t\t\t\t\t<\/div>\n\t\t\t\t<\/div>\n\t\t<br><br>Clicca qui per prenotare la <a href=\"https:\/\/swixed.ch\/it\/prodotto\/sed94005\/\">manutenzione periodica<\/a>.<\/p>\t\t\t\t\t\t\t\t<\/div>\n\t\t\t\t<div class=\"elementor-element elementor-element-9b84d9c elementor-widget elementor-widget-heading\" data-id=\"9b84d9c\" data-element_type=\"widget\" data-e-type=\"widget\" data-widget_type=\"heading.default\">\n\t\t\t\t\t<h2 class=\"elementor-heading-title elementor-size-default\">Contenuto<\/h2>\t\t\t\t<\/div>\n\t\t\t\t<div class=\"elementor-element elementor-element-2d8780e elementor-widget elementor-widget-text-editor\" data-id=\"2d8780e\" data-element_type=\"widget\" data-e-type=\"widget\" data-widget_type=\"text-editor.default\">\n\t\t\t\t\t\t\t\t\t<p>Il pulsossimetro Edan H10 viene fornito pronto all&#8217;uso con i seguenti componenti:<\/p><ul><li>1 pulsossimetro Edan H10<\/li><li>2 batterie alcaline AAA da 1,5 V<\/li><li>Documentazione per l&#8217;utente<\/li><li>2 anni di garanzia del produttore<\/li><\/ul>\t\t\t\t\t\t\t\t<\/div>\n\t\t\t\t<\/div>\n\t\t\t\t<\/div>\n\t\t\t\t<\/div>\n\t\t","protected":false},"excerpt":{"rendered":"<p>L&#8217;Edan H10 \u00e8 un pulsossimetro digitale compatto con un display grafico per le informazioni operative. Il dispositivo \u00e8 alimentato a batteria e dispone di una funzione di spegnimento automatico per ottimizzare la gestione dell&#8217;energia. Certificato CE e conforme alle specifiche tecniche del produttore, \u00e8 destinato all&#8217;uso in ambienti professionali e istituzionali.  <\/p>\n","protected":false},"featured_media":58418,"template":"","meta":{"_acf_changed":false},"product_brand":[2082],"product_cat":[1144,1146],"product_tag":[7770,7752,7769,7747,7750,7745,7751,7581,7746,1148],"class_list":{"0":"post-36164","1":"product","2":"type-product","3":"status-publish","4":"has-post-thumbnail","6":"product_brand-edan-it","7":"product_cat-pulsossimetri","8":"product_cat-apparecchi-pulsossimetri","9":"product_tag-allarme-visivo","10":"product_tag-arresto-automatico","11":"product_tag-basso-consumo-energetico","12":"product_tag-dimensioni-compatte","13":"product_tag-display-oled","14":"product_tag-hr","15":"product_tag-indicatore-di-perfusione-pi","16":"product_tag-misurazione-non-invasiva","17":"product_tag-pulsossimetro-da-dito","18":"product_tag-spo2-it","19":"product_shipping_class-spedizione-gratuita","21":"first","22":"instock","23":"sale","24":"taxable","25":"shipping-taxable","26":"purchasable","27":"product-type-simple"},"acf":[],"yoast_head":"<!-- This site is optimized with the Yoast SEO Premium plugin v27.4 (Yoast SEO v27.4) - https:\/\/yoast.com\/product\/yoast-seo-premium-wordpress\/ -->\n<title>Pulsossimetro digitale compatto Edan H10 | Swixed SA<\/title>\n<meta name=\"description\" content=\"L&#039;ossimetro da dito EDAN H10 \u00e8 progettato per il monitoraggio continuo o occasionale della saturazione arteriosa e della frequenza cardiaca.\" \/>\n<meta name=\"robots\" content=\"index, follow, max-snippet:-1, max-image-preview:large, max-video-preview:-1\" \/>\n<link rel=\"canonical\" href=\"https:\/\/swixed.ch\/it\/prodotto\/sed70004\/\" \/>\n<meta property=\"og:locale\" content=\"it_IT\" \/>\n<meta property=\"og:type\" content=\"article\" \/>\n<meta property=\"og:title\" content=\"Pulsossimetro Edan H10\" \/>\n<meta property=\"og:description\" content=\"L&#039;ossimetro da dito EDAN H10 \u00e8 progettato per il monitoraggio continuo o occasionale della saturazione arteriosa e della frequenza cardiaca.\" \/>\n<meta property=\"og:url\" content=\"https:\/\/swixed.ch\/it\/prodotto\/sed70004\/\" \/>\n<meta property=\"og:site_name\" content=\"Swixed SA\" \/>\n<meta property=\"article:publisher\" content=\"https:\/\/www.facebook.com\/swixed\" \/>\n<meta property=\"article:modified_time\" content=\"2026-04-21T05:50:42+00:00\" \/>\n<meta property=\"og:image\" content=\"https:\/\/swixed.ch\/wp-content\/uploads\/2026\/01\/SED70004-01.png\" \/>\n\t<meta property=\"og:image:width\" content=\"600\" \/>\n\t<meta property=\"og:image:height\" content=\"600\" \/>\n\t<meta property=\"og:image:type\" content=\"image\/png\" \/>\n<meta name=\"twitter:card\" content=\"summary_large_image\" \/>\n<meta name=\"twitter:label1\" content=\"Tempo di lettura stimato\" \/>\n\t<meta name=\"twitter:data1\" content=\"2 minuti\" \/>\n<script type=\"application\/ld+json\" class=\"yoast-schema-graph\">{\"@context\":\"https:\\\/\\\/schema.org\",\"@graph\":[{\"@type\":\"WebPage\",\"@id\":\"https:\\\/\\\/swixed.ch\\\/it\\\/prodotto\\\/sed70004\\\/\",\"url\":\"https:\\\/\\\/swixed.ch\\\/it\\\/prodotto\\\/sed70004\\\/\",\"name\":\"Pulsossimetro digitale compatto Edan H10 | Swixed SA\",\"isPartOf\":{\"@id\":\"https:\\\/\\\/swixed.ch\\\/it\\\/#website\"},\"primaryImageOfPage\":{\"@id\":\"https:\\\/\\\/swixed.ch\\\/it\\\/prodotto\\\/sed70004\\\/#primaryimage\"},\"image\":{\"@id\":\"https:\\\/\\\/swixed.ch\\\/it\\\/prodotto\\\/sed70004\\\/#primaryimage\"},\"thumbnailUrl\":\"https:\\\/\\\/swixed.ch\\\/wp-content\\\/uploads\\\/2026\\\/01\\\/SED70004-01.png\",\"datePublished\":\"2023-07-02T01:27:17+00:00\",\"dateModified\":\"2026-04-21T05:50:42+00:00\",\"description\":\"L'ossimetro da dito EDAN H10 \u00e8 progettato per il monitoraggio continuo o occasionale della saturazione arteriosa e della frequenza cardiaca.\",\"breadcrumb\":{\"@id\":\"https:\\\/\\\/swixed.ch\\\/it\\\/prodotto\\\/sed70004\\\/#breadcrumb\"},\"inLanguage\":\"it-IT\",\"potentialAction\":[{\"@type\":\"ReadAction\",\"target\":[\"https:\\\/\\\/swixed.ch\\\/it\\\/prodotto\\\/sed70004\\\/\"]}]},{\"@type\":\"ImageObject\",\"inLanguage\":\"it-IT\",\"@id\":\"https:\\\/\\\/swixed.ch\\\/it\\\/prodotto\\\/sed70004\\\/#primaryimage\",\"url\":\"https:\\\/\\\/swixed.ch\\\/wp-content\\\/uploads\\\/2026\\\/01\\\/SED70004-01.png\",\"contentUrl\":\"https:\\\/\\\/swixed.ch\\\/wp-content\\\/uploads\\\/2026\\\/01\\\/SED70004-01.png\",\"width\":600,\"height\":600,\"caption\":\"SED70004\"},{\"@type\":\"BreadcrumbList\",\"@id\":\"https:\\\/\\\/swixed.ch\\\/it\\\/prodotto\\\/sed70004\\\/#breadcrumb\",\"itemListElement\":[{\"@type\":\"ListItem\",\"position\":1,\"name\":\"Home\",\"item\":\"https:\\\/\\\/swixed.ch\\\/it\\\/home\\\/\"},{\"@type\":\"ListItem\",\"position\":2,\"name\":\"Negozio\",\"item\":\"https:\\\/\\\/swixed.ch\\\/it\\\/shop\\\/\"},{\"@type\":\"ListItem\",\"position\":3,\"name\":\"Pulsossimetro Edan H10\"}]},{\"@type\":\"WebSite\",\"@id\":\"https:\\\/\\\/swixed.ch\\\/it\\\/#website\",\"url\":\"https:\\\/\\\/swixed.ch\\\/it\\\/\",\"name\":\"Swixed SA\",\"description\":\"Dispositivi elettronici\",\"publisher\":{\"@id\":\"https:\\\/\\\/swixed.ch\\\/it\\\/#organization\"},\"potentialAction\":[{\"@type\":\"SearchAction\",\"target\":{\"@type\":\"EntryPoint\",\"urlTemplate\":\"https:\\\/\\\/swixed.ch\\\/it\\\/?s={search_term_string}\"},\"query-input\":{\"@type\":\"PropertyValueSpecification\",\"valueRequired\":true,\"valueName\":\"search_term_string\"}}],\"inLanguage\":\"it-IT\"},{\"@type\":\"Organization\",\"@id\":\"https:\\\/\\\/swixed.ch\\\/it\\\/#organization\",\"name\":\"Swixed SA\",\"url\":\"https:\\\/\\\/swixed.ch\\\/it\\\/\",\"logo\":{\"@type\":\"ImageObject\",\"inLanguage\":\"it-IT\",\"@id\":\"https:\\\/\\\/swixed.ch\\\/it\\\/#\\\/schema\\\/logo\\\/image\\\/\",\"url\":\"https:\\\/\\\/swixed.ch\\\/wp-content\\\/uploads\\\/logos\\\/swixed-logo-lite.png\",\"contentUrl\":\"https:\\\/\\\/swixed.ch\\\/wp-content\\\/uploads\\\/logos\\\/swixed-logo-lite.png\",\"width\":696,\"height\":696,\"caption\":\"Swixed SA\"},\"image\":{\"@id\":\"https:\\\/\\\/swixed.ch\\\/it\\\/#\\\/schema\\\/logo\\\/image\\\/\"},\"sameAs\":[\"https:\\\/\\\/www.facebook.com\\\/swixed\",\"https:\\\/\\\/www.linkedin.com\\\/company\\\/swixed\",\"https:\\\/\\\/www.youtube.com\\\/@swixedsa\"],\"description\":\"Swixed SA est une entreprise suisse bas\u00e9e \u00e0 Gen\u00e8ve, sp\u00e9cialis\u00e9e dans la vente, la location et la maintenance d\u2019appareils m\u00e9dicaux professionnels, tels que d\u00e9fibrillateurs AED, \u00e9lectrocardiographes, moniteurs patient et dispositifs de diagnostic.\",\"email\":\"infoshop@swixed.ch\",\"telephone\":\"+41 22 566 11 95\",\"legalName\":\"Swixed SA\",\"foundingDate\":\"2021-03-01\",\"numberOfEmployees\":{\"@type\":\"QuantitativeValue\",\"minValue\":\"1\",\"maxValue\":\"10\"}}]}<\/script>\n<!-- \/ Yoast SEO Premium plugin. -->","yoast_head_json":{"title":"Pulsossimetro digitale compatto Edan H10 | Swixed SA","description":"L'ossimetro da dito EDAN H10 \u00e8 progettato per il monitoraggio continuo o occasionale della saturazione arteriosa e della frequenza cardiaca.","robots":{"index":"index","follow":"follow","max-snippet":"max-snippet:-1","max-image-preview":"max-image-preview:large","max-video-preview":"max-video-preview:-1"},"canonical":"https:\/\/swixed.ch\/it\/prodotto\/sed70004\/","og_locale":"it_IT","og_type":"article","og_title":"Pulsossimetro Edan H10","og_description":"L'ossimetro da dito EDAN H10 \u00e8 progettato per il monitoraggio continuo o occasionale della saturazione arteriosa e della frequenza cardiaca.","og_url":"https:\/\/swixed.ch\/it\/prodotto\/sed70004\/","og_site_name":"Swixed SA","article_publisher":"https:\/\/www.facebook.com\/swixed","article_modified_time":"2026-04-21T05:50:42+00:00","og_image":[{"width":600,"height":600,"url":"https:\/\/swixed.ch\/wp-content\/uploads\/2026\/01\/SED70004-01.png","type":"image\/png"}],"twitter_card":"summary_large_image","twitter_misc":{"Tempo di lettura stimato":"2 minuti"},"schema":{"@context":"https:\/\/schema.org","@graph":[{"@type":"WebPage","@id":"https:\/\/swixed.ch\/it\/prodotto\/sed70004\/","url":"https:\/\/swixed.ch\/it\/prodotto\/sed70004\/","name":"Pulsossimetro digitale compatto Edan H10 | Swixed SA","isPartOf":{"@id":"https:\/\/swixed.ch\/it\/#website"},"primaryImageOfPage":{"@id":"https:\/\/swixed.ch\/it\/prodotto\/sed70004\/#primaryimage"},"image":{"@id":"https:\/\/swixed.ch\/it\/prodotto\/sed70004\/#primaryimage"},"thumbnailUrl":"https:\/\/swixed.ch\/wp-content\/uploads\/2026\/01\/SED70004-01.png","datePublished":"2023-07-02T01:27:17+00:00","dateModified":"2026-04-21T05:50:42+00:00","description":"L'ossimetro da dito EDAN H10 \u00e8 progettato per il monitoraggio continuo o occasionale della saturazione arteriosa e della frequenza cardiaca.","breadcrumb":{"@id":"https:\/\/swixed.ch\/it\/prodotto\/sed70004\/#breadcrumb"},"inLanguage":"it-IT","potentialAction":[{"@type":"ReadAction","target":["https:\/\/swixed.ch\/it\/prodotto\/sed70004\/"]}]},{"@type":"ImageObject","inLanguage":"it-IT","@id":"https:\/\/swixed.ch\/it\/prodotto\/sed70004\/#primaryimage","url":"https:\/\/swixed.ch\/wp-content\/uploads\/2026\/01\/SED70004-01.png","contentUrl":"https:\/\/swixed.ch\/wp-content\/uploads\/2026\/01\/SED70004-01.png","width":600,"height":600,"caption":"SED70004"},{"@type":"BreadcrumbList","@id":"https:\/\/swixed.ch\/it\/prodotto\/sed70004\/#breadcrumb","itemListElement":[{"@type":"ListItem","position":1,"name":"Home","item":"https:\/\/swixed.ch\/it\/home\/"},{"@type":"ListItem","position":2,"name":"Negozio","item":"https:\/\/swixed.ch\/it\/shop\/"},{"@type":"ListItem","position":3,"name":"Pulsossimetro Edan H10"}]},{"@type":"WebSite","@id":"https:\/\/swixed.ch\/it\/#website","url":"https:\/\/swixed.ch\/it\/","name":"Swixed SA","description":"Dispositivi elettronici","publisher":{"@id":"https:\/\/swixed.ch\/it\/#organization"},"potentialAction":[{"@type":"SearchAction","target":{"@type":"EntryPoint","urlTemplate":"https:\/\/swixed.ch\/it\/?s={search_term_string}"},"query-input":{"@type":"PropertyValueSpecification","valueRequired":true,"valueName":"search_term_string"}}],"inLanguage":"it-IT"},{"@type":"Organization","@id":"https:\/\/swixed.ch\/it\/#organization","name":"Swixed SA","url":"https:\/\/swixed.ch\/it\/","logo":{"@type":"ImageObject","inLanguage":"it-IT","@id":"https:\/\/swixed.ch\/it\/#\/schema\/logo\/image\/","url":"https:\/\/swixed.ch\/wp-content\/uploads\/logos\/swixed-logo-lite.png","contentUrl":"https:\/\/swixed.ch\/wp-content\/uploads\/logos\/swixed-logo-lite.png","width":696,"height":696,"caption":"Swixed SA"},"image":{"@id":"https:\/\/swixed.ch\/it\/#\/schema\/logo\/image\/"},"sameAs":["https:\/\/www.facebook.com\/swixed","https:\/\/www.linkedin.com\/company\/swixed","https:\/\/www.youtube.com\/@swixedsa"],"description":"Swixed SA est une entreprise suisse bas\u00e9e \u00e0 Gen\u00e8ve, sp\u00e9cialis\u00e9e dans la vente, la location et la maintenance d\u2019appareils m\u00e9dicaux professionnels, tels que d\u00e9fibrillateurs AED, \u00e9lectrocardiographes, moniteurs patient et dispositifs de diagnostic.","email":"infoshop@swixed.ch","telephone":"+41 22 566 11 95","legalName":"Swixed SA","foundingDate":"2021-03-01","numberOfEmployees":{"@type":"QuantitativeValue","minValue":"1","maxValue":"10"}}]}},"_links":{"self":[{"href":"https:\/\/swixed.ch\/it\/wp-json\/wp\/v2\/product\/36164","targetHints":{"allow":["GET"]}}],"collection":[{"href":"https:\/\/swixed.ch\/it\/wp-json\/wp\/v2\/product"}],"about":[{"href":"https:\/\/swixed.ch\/it\/wp-json\/wp\/v2\/types\/product"}],"version-history":[{"count":0,"href":"https:\/\/swixed.ch\/it\/wp-json\/wp\/v2\/product\/36164\/revisions"}],"wp:featuredmedia":[{"embeddable":true,"href":"https:\/\/swixed.ch\/it\/wp-json\/wp\/v2\/media\/58418"}],"wp:attachment":[{"href":"https:\/\/swixed.ch\/it\/wp-json\/wp\/v2\/media?parent=36164"}],"wp:term":[{"taxonomy":"product_brand","embeddable":true,"href":"https:\/\/swixed.ch\/it\/wp-json\/wp\/v2\/product_brand?post=36164"},{"taxonomy":"product_cat","embeddable":true,"href":"https:\/\/swixed.ch\/it\/wp-json\/wp\/v2\/product_cat?post=36164"},{"taxonomy":"product_tag","embeddable":true,"href":"https:\/\/swixed.ch\/it\/wp-json\/wp\/v2\/product_tag?post=36164"}],"curies":[{"name":"wp","href":"https:\/\/api.w.org\/{rel}","templated":true}]}}