{"id":36265,"date":"2023-09-14T21:39:07","date_gmt":"2023-09-14T19:39:07","guid":{"rendered":"https:\/\/swixed.com\/produit\/misuratore-di-picco-di-flusso-per-adulti-rossmax-pf120a\/"},"modified":"2026-03-25T23:29:01","modified_gmt":"2026-03-25T22:29:01","slug":"sed95005","status":"publish","type":"product","link":"https:\/\/swixed.ch\/it\/prodotto\/sed95005\/","title":{"rendered":"Flussimetro per adulti Rossmax Peak-Flow PF120A"},"content":{"rendered":"\t\t<div data-elementor-type=\"product-post\" data-elementor-id=\"36265\" class=\"elementor elementor-36265 elementor-26324\" data-elementor-post-type=\"product\">\n\t\t\t\t\t\t<section class=\"elementor-section elementor-top-section elementor-element elementor-element-834d306 elementor-section-boxed elementor-section-height-default elementor-section-height-default\" data-id=\"834d306\" data-element_type=\"section\" data-e-type=\"section\">\n\t\t\t\t\t\t<div class=\"elementor-container elementor-column-gap-default\">\n\t\t\t\t\t<div class=\"elementor-column elementor-col-100 elementor-top-column elementor-element elementor-element-085465e\" data-id=\"085465e\" data-element_type=\"column\" data-e-type=\"column\">\n\t\t\t<div class=\"elementor-widget-wrap elementor-element-populated\">\n\t\t\t\t\t\t<div class=\"elementor-element elementor-element-0684e71 elementor-widget elementor-widget-heading\" data-id=\"0684e71\" data-element_type=\"widget\" data-e-type=\"widget\" data-widget_type=\"heading.default\">\n\t\t\t\t\t<h2 class=\"elementor-heading-title elementor-size-default\">Descrizione del misuratore di portata di picco<\/h2>\t\t\t\t<\/div>\n\t\t\t\t\t<\/div>\n\t\t<\/div>\n\t\t\t\t\t<\/div>\n\t\t<\/section>\n\t\t\t\t<section class=\"elementor-section elementor-top-section elementor-element elementor-element-bbbff69 elementor-section-boxed elementor-section-height-default elementor-section-height-default\" data-id=\"bbbff69\" data-element_type=\"section\" data-e-type=\"section\">\n\t\t\t\t\t\t<div class=\"elementor-container elementor-column-gap-default\">\n\t\t\t\t\t<div class=\"elementor-column elementor-col-100 elementor-top-column elementor-element elementor-element-df88c60\" data-id=\"df88c60\" data-element_type=\"column\" data-e-type=\"column\">\n\t\t\t<div class=\"elementor-widget-wrap elementor-element-populated\">\n\t\t\t\t\t\t<div class=\"elementor-element elementor-element-181dedd elementor-widget elementor-widget-text-editor\" data-id=\"181dedd\" data-element_type=\"widget\" data-e-type=\"widget\" data-widget_type=\"text-editor.default\">\n\t\t\t\t\t\t\t\t\t<p>Compatto, leggero, portatile e lavabile, il <strong>misuratore di picco Rossmax PF120A<\/strong>, noto anche come<strong> Peak Flow<\/strong>, \u00e8 un dispositivo compatto, leggero e facilmente trasportabile. Offre un modo semplice e veloce per misurare<strong> il flusso di picco espiratorio<\/strong> (PEF) nei <strong>pazienti adulti<\/strong>. Sia in ambulatorio che a casa.  <\/p><div class=\"message\"><div class=\"content\" tabindex=\"0\"><div class=\"ac-container ac-adaptiveCard\"><div class=\"ac-textBlock\"><p>Quando il paziente soffia nel misuratore di picco di flusso, un cursore si sposta in base all&#8217;intensit\u00e0 del respiro. Il valore del PEF pu\u00f2 essere letto direttamente su una scala graduata integrata nel dispositivo. Questo valore viene confrontato con il valore teorico normale del PEF, che dipende da una serie di fattori. Tra questi, l&#8217;altezza, l&#8217;et\u00e0 e il sesso. Un PEF troppo basso pu\u00f2 indicare problemi respiratori (come l&#8217;asma o la BPCO) o un trattamento broncodilatatore inappropriato.    <\/p><p>\u00c8 importante <strong>notare che la sola misurazione del PEF non \u00e8 sufficiente per diagnosticare la BPCO<\/strong>. Una diagnosi di questo tipo richiede anche la misurazione del volume espiratorio forzato in 1 secondo (FEV1) e dell&#8217;indice di Tiffeneau (rapporto tra FEV1 e capacit\u00e0 vitale CV). Questi dati si ottengono con uno spirometro elettronico, non con un misuratore di picchi di flusso.  <\/p><p>I dati sono facili da leggere e il flussimetro \u00e8 dotato di 3 zone. Ha un <strong>intervallo di misurazione del flusso di picco compreso tra 60 e 800 L\/min.<\/strong> <\/p><p>Questo misuratore di picco di flusso pu\u00f2 essere utilizzato per un singolo paziente o per pi\u00f9 pazienti adulti<strong>. I <a href=\"http:\/\/swixed.com\/produit\/sed95006\/\">puntali in cartone con diametro esterno di 30 mm<\/a> sono venduti separatamente.<\/strong><\/p><\/div><\/div><\/div><\/div>\t\t\t\t\t\t\t\t<\/div>\n\t\t\t\t\t<\/div>\n\t\t<\/div>\n\t\t\t\t\t<\/div>\n\t\t<\/section>\n\t\t\t\t<\/div>\n\t\t","protected":false},"excerpt":{"rendered":"<p><span class=\"\">Compatto, leggero, portatile e lavabile, <\/span>il <strong>misuratore di picco Rossmax PF120A<\/strong>, noto anche come<strong> Peak Flow<\/strong>, \u00e8 un dispositivo compatto, leggero e facilmente trasportabile. Offre un modo semplice e veloce per misurare<strong> il flusso di picco espiratorio<\/strong> (PEF) nei <strong>pazienti adulti<\/strong>. Sia in ambulatorio che a casa. <\/p>\n","protected":false},"featured_media":31436,"template":"","meta":{"_acf_changed":false},"product_brand":[2175],"product_cat":[1568,1565],"product_tag":[1852,1853,1595,1597],"class_list":{"0":"post-36265","1":"product","2":"type-product","3":"status-publish","4":"has-post-thumbnail","6":"product_brand-rossmax-it","7":"product_cat-apparecchi-spirometri","8":"product_cat-spirometri","9":"product_tag-flusso-di-picco","10":"product_tag-misuratore-di-picco-di-flusso","11":"product_tag-spirometria","12":"product_tag-spirometro","14":"first","15":"outofstock","16":"taxable","17":"shipping-taxable","18":"product-type-simple"},"acf":[],"yoast_head":"<!-- This site is optimized with the Yoast SEO Premium plugin v27.4 (Yoast SEO v27.4) - https:\/\/yoast.com\/product\/yoast-seo-premium-wordpress\/ -->\n<title>Flussimetro per adulti Rossmax Peak-Flow PF120A | Swixed SA<\/title>\n<meta name=\"description\" content=\"Il misuratore di picco Rossmax PF120A, noto anche come Peak Flow, \u00e8 un dispositivo compatto, leggero e facilmente trasportabile.\" \/>\n<meta name=\"robots\" content=\"index, follow, max-snippet:-1, max-image-preview:large, max-video-preview:-1\" \/>\n<link rel=\"canonical\" href=\"https:\/\/swixed.ch\/it\/prodotto\/sed95005\/\" \/>\n<meta property=\"og:locale\" content=\"it_IT\" \/>\n<meta property=\"og:type\" content=\"article\" \/>\n<meta property=\"og:title\" content=\"Flussimetro per adulti Rossmax Peak-Flow PF120A\" \/>\n<meta property=\"og:description\" content=\"Il misuratore di picco Rossmax PF120A, noto anche come Peak Flow, \u00e8 un dispositivo compatto, leggero e facilmente trasportabile.\" \/>\n<meta property=\"og:url\" content=\"https:\/\/swixed.ch\/it\/prodotto\/sed95005\/\" \/>\n<meta property=\"og:site_name\" content=\"Swixed SA\" \/>\n<meta property=\"article:publisher\" content=\"https:\/\/www.facebook.com\/swixed\" \/>\n<meta property=\"article:modified_time\" content=\"2026-03-25T22:29:01+00:00\" \/>\n<meta property=\"og:image\" content=\"https:\/\/swixed.ch\/wp-content\/uploads\/products\/rossmax-peak-flow-pf120a-01.png\" \/>\n\t<meta property=\"og:image:width\" content=\"600\" \/>\n\t<meta property=\"og:image:height\" content=\"600\" \/>\n\t<meta property=\"og:image:type\" content=\"image\/png\" \/>\n<meta name=\"twitter:card\" content=\"summary_large_image\" \/>\n<meta name=\"twitter:label1\" content=\"Tempo di lettura stimato\" \/>\n\t<meta name=\"twitter:data1\" content=\"1 minuto\" \/>\n<script type=\"application\/ld+json\" class=\"yoast-schema-graph\">{\"@context\":\"https:\\\/\\\/schema.org\",\"@graph\":[{\"@type\":\"WebPage\",\"@id\":\"https:\\\/\\\/swixed.ch\\\/it\\\/prodotto\\\/sed95005\\\/\",\"url\":\"https:\\\/\\\/swixed.ch\\\/it\\\/prodotto\\\/sed95005\\\/\",\"name\":\"Flussimetro per adulti Rossmax Peak-Flow PF120A | Swixed SA\",\"isPartOf\":{\"@id\":\"https:\\\/\\\/swixed.ch\\\/it\\\/#website\"},\"primaryImageOfPage\":{\"@id\":\"https:\\\/\\\/swixed.ch\\\/it\\\/prodotto\\\/sed95005\\\/#primaryimage\"},\"image\":{\"@id\":\"https:\\\/\\\/swixed.ch\\\/it\\\/prodotto\\\/sed95005\\\/#primaryimage\"},\"thumbnailUrl\":\"https:\\\/\\\/swixed.ch\\\/wp-content\\\/uploads\\\/products\\\/rossmax-peak-flow-pf120a-01.png\",\"datePublished\":\"2023-09-14T19:39:07+00:00\",\"dateModified\":\"2026-03-25T22:29:01+00:00\",\"description\":\"Il misuratore di picco Rossmax PF120A, noto anche come Peak Flow, \u00e8 un dispositivo compatto, leggero e facilmente trasportabile.\",\"breadcrumb\":{\"@id\":\"https:\\\/\\\/swixed.ch\\\/it\\\/prodotto\\\/sed95005\\\/#breadcrumb\"},\"inLanguage\":\"it-IT\",\"potentialAction\":[{\"@type\":\"ReadAction\",\"target\":[\"https:\\\/\\\/swixed.ch\\\/it\\\/prodotto\\\/sed95005\\\/\"]}]},{\"@type\":\"ImageObject\",\"inLanguage\":\"it-IT\",\"@id\":\"https:\\\/\\\/swixed.ch\\\/it\\\/prodotto\\\/sed95005\\\/#primaryimage\",\"url\":\"https:\\\/\\\/swixed.ch\\\/wp-content\\\/uploads\\\/products\\\/rossmax-peak-flow-pf120a-01.png\",\"contentUrl\":\"https:\\\/\\\/swixed.ch\\\/wp-content\\\/uploads\\\/products\\\/rossmax-peak-flow-pf120a-01.png\",\"width\":600,\"height\":600,\"caption\":\"Misuratore di picco per adulti Rossmax PF120A\"},{\"@type\":\"BreadcrumbList\",\"@id\":\"https:\\\/\\\/swixed.ch\\\/it\\\/prodotto\\\/sed95005\\\/#breadcrumb\",\"itemListElement\":[{\"@type\":\"ListItem\",\"position\":1,\"name\":\"Home\",\"item\":\"https:\\\/\\\/swixed.ch\\\/it\\\/home\\\/\"},{\"@type\":\"ListItem\",\"position\":2,\"name\":\"Negozio\",\"item\":\"https:\\\/\\\/swixed.ch\\\/it\\\/shop\\\/\"},{\"@type\":\"ListItem\",\"position\":3,\"name\":\"Flussimetro per adulti Rossmax Peak-Flow PF120A\"}]},{\"@type\":\"WebSite\",\"@id\":\"https:\\\/\\\/swixed.ch\\\/it\\\/#website\",\"url\":\"https:\\\/\\\/swixed.ch\\\/it\\\/\",\"name\":\"Swixed SA\",\"description\":\"Dispositivi elettronici\",\"publisher\":{\"@id\":\"https:\\\/\\\/swixed.ch\\\/it\\\/#organization\"},\"potentialAction\":[{\"@type\":\"SearchAction\",\"target\":{\"@type\":\"EntryPoint\",\"urlTemplate\":\"https:\\\/\\\/swixed.ch\\\/it\\\/?s={search_term_string}\"},\"query-input\":{\"@type\":\"PropertyValueSpecification\",\"valueRequired\":true,\"valueName\":\"search_term_string\"}}],\"inLanguage\":\"it-IT\"},{\"@type\":\"Organization\",\"@id\":\"https:\\\/\\\/swixed.ch\\\/it\\\/#organization\",\"name\":\"Swixed SA\",\"url\":\"https:\\\/\\\/swixed.ch\\\/it\\\/\",\"logo\":{\"@type\":\"ImageObject\",\"inLanguage\":\"it-IT\",\"@id\":\"https:\\\/\\\/swixed.ch\\\/it\\\/#\\\/schema\\\/logo\\\/image\\\/\",\"url\":\"https:\\\/\\\/swixed.ch\\\/wp-content\\\/uploads\\\/logos\\\/swixed-logo-lite.png\",\"contentUrl\":\"https:\\\/\\\/swixed.ch\\\/wp-content\\\/uploads\\\/logos\\\/swixed-logo-lite.png\",\"width\":696,\"height\":696,\"caption\":\"Swixed SA\"},\"image\":{\"@id\":\"https:\\\/\\\/swixed.ch\\\/it\\\/#\\\/schema\\\/logo\\\/image\\\/\"},\"sameAs\":[\"https:\\\/\\\/www.facebook.com\\\/swixed\",\"https:\\\/\\\/www.linkedin.com\\\/company\\\/swixed\",\"https:\\\/\\\/www.youtube.com\\\/@swixedsa\"],\"description\":\"Swixed SA est une entreprise suisse bas\u00e9e \u00e0 Gen\u00e8ve, sp\u00e9cialis\u00e9e dans la vente, la location et la maintenance d\u2019appareils m\u00e9dicaux professionnels, tels que d\u00e9fibrillateurs AED, \u00e9lectrocardiographes, moniteurs patient et dispositifs de diagnostic.\",\"email\":\"infoshop@swixed.ch\",\"telephone\":\"+41 22 566 11 95\",\"legalName\":\"Swixed SA\",\"foundingDate\":\"2021-03-01\",\"numberOfEmployees\":{\"@type\":\"QuantitativeValue\",\"minValue\":\"1\",\"maxValue\":\"10\"}}]}<\/script>\n<!-- \/ Yoast SEO Premium plugin. -->","yoast_head_json":{"title":"Flussimetro per adulti Rossmax Peak-Flow PF120A | Swixed SA","description":"Il misuratore di picco Rossmax PF120A, noto anche come Peak Flow, \u00e8 un dispositivo compatto, leggero e facilmente trasportabile.","robots":{"index":"index","follow":"follow","max-snippet":"max-snippet:-1","max-image-preview":"max-image-preview:large","max-video-preview":"max-video-preview:-1"},"canonical":"https:\/\/swixed.ch\/it\/prodotto\/sed95005\/","og_locale":"it_IT","og_type":"article","og_title":"Flussimetro per adulti Rossmax Peak-Flow PF120A","og_description":"Il misuratore di picco Rossmax PF120A, noto anche come Peak Flow, \u00e8 un dispositivo compatto, leggero e facilmente trasportabile.","og_url":"https:\/\/swixed.ch\/it\/prodotto\/sed95005\/","og_site_name":"Swixed SA","article_publisher":"https:\/\/www.facebook.com\/swixed","article_modified_time":"2026-03-25T22:29:01+00:00","og_image":[{"width":600,"height":600,"url":"https:\/\/swixed.ch\/wp-content\/uploads\/products\/rossmax-peak-flow-pf120a-01.png","type":"image\/png"}],"twitter_card":"summary_large_image","twitter_misc":{"Tempo di lettura stimato":"1 minuto"},"schema":{"@context":"https:\/\/schema.org","@graph":[{"@type":"WebPage","@id":"https:\/\/swixed.ch\/it\/prodotto\/sed95005\/","url":"https:\/\/swixed.ch\/it\/prodotto\/sed95005\/","name":"Flussimetro per adulti Rossmax Peak-Flow PF120A | Swixed SA","isPartOf":{"@id":"https:\/\/swixed.ch\/it\/#website"},"primaryImageOfPage":{"@id":"https:\/\/swixed.ch\/it\/prodotto\/sed95005\/#primaryimage"},"image":{"@id":"https:\/\/swixed.ch\/it\/prodotto\/sed95005\/#primaryimage"},"thumbnailUrl":"https:\/\/swixed.ch\/wp-content\/uploads\/products\/rossmax-peak-flow-pf120a-01.png","datePublished":"2023-09-14T19:39:07+00:00","dateModified":"2026-03-25T22:29:01+00:00","description":"Il misuratore di picco Rossmax PF120A, noto anche come Peak Flow, \u00e8 un dispositivo compatto, leggero e facilmente trasportabile.","breadcrumb":{"@id":"https:\/\/swixed.ch\/it\/prodotto\/sed95005\/#breadcrumb"},"inLanguage":"it-IT","potentialAction":[{"@type":"ReadAction","target":["https:\/\/swixed.ch\/it\/prodotto\/sed95005\/"]}]},{"@type":"ImageObject","inLanguage":"it-IT","@id":"https:\/\/swixed.ch\/it\/prodotto\/sed95005\/#primaryimage","url":"https:\/\/swixed.ch\/wp-content\/uploads\/products\/rossmax-peak-flow-pf120a-01.png","contentUrl":"https:\/\/swixed.ch\/wp-content\/uploads\/products\/rossmax-peak-flow-pf120a-01.png","width":600,"height":600,"caption":"Misuratore di picco per adulti Rossmax PF120A"},{"@type":"BreadcrumbList","@id":"https:\/\/swixed.ch\/it\/prodotto\/sed95005\/#breadcrumb","itemListElement":[{"@type":"ListItem","position":1,"name":"Home","item":"https:\/\/swixed.ch\/it\/home\/"},{"@type":"ListItem","position":2,"name":"Negozio","item":"https:\/\/swixed.ch\/it\/shop\/"},{"@type":"ListItem","position":3,"name":"Flussimetro per adulti Rossmax Peak-Flow PF120A"}]},{"@type":"WebSite","@id":"https:\/\/swixed.ch\/it\/#website","url":"https:\/\/swixed.ch\/it\/","name":"Swixed SA","description":"Dispositivi elettronici","publisher":{"@id":"https:\/\/swixed.ch\/it\/#organization"},"potentialAction":[{"@type":"SearchAction","target":{"@type":"EntryPoint","urlTemplate":"https:\/\/swixed.ch\/it\/?s={search_term_string}"},"query-input":{"@type":"PropertyValueSpecification","valueRequired":true,"valueName":"search_term_string"}}],"inLanguage":"it-IT"},{"@type":"Organization","@id":"https:\/\/swixed.ch\/it\/#organization","name":"Swixed SA","url":"https:\/\/swixed.ch\/it\/","logo":{"@type":"ImageObject","inLanguage":"it-IT","@id":"https:\/\/swixed.ch\/it\/#\/schema\/logo\/image\/","url":"https:\/\/swixed.ch\/wp-content\/uploads\/logos\/swixed-logo-lite.png","contentUrl":"https:\/\/swixed.ch\/wp-content\/uploads\/logos\/swixed-logo-lite.png","width":696,"height":696,"caption":"Swixed SA"},"image":{"@id":"https:\/\/swixed.ch\/it\/#\/schema\/logo\/image\/"},"sameAs":["https:\/\/www.facebook.com\/swixed","https:\/\/www.linkedin.com\/company\/swixed","https:\/\/www.youtube.com\/@swixedsa"],"description":"Swixed SA est une entreprise suisse bas\u00e9e \u00e0 Gen\u00e8ve, sp\u00e9cialis\u00e9e dans la vente, la location et la maintenance d\u2019appareils m\u00e9dicaux professionnels, tels que d\u00e9fibrillateurs AED, \u00e9lectrocardiographes, moniteurs patient et dispositifs de diagnostic.","email":"infoshop@swixed.ch","telephone":"+41 22 566 11 95","legalName":"Swixed SA","foundingDate":"2021-03-01","numberOfEmployees":{"@type":"QuantitativeValue","minValue":"1","maxValue":"10"}}]}},"_links":{"self":[{"href":"https:\/\/swixed.ch\/it\/wp-json\/wp\/v2\/product\/36265","targetHints":{"allow":["GET"]}}],"collection":[{"href":"https:\/\/swixed.ch\/it\/wp-json\/wp\/v2\/product"}],"about":[{"href":"https:\/\/swixed.ch\/it\/wp-json\/wp\/v2\/types\/product"}],"version-history":[{"count":0,"href":"https:\/\/swixed.ch\/it\/wp-json\/wp\/v2\/product\/36265\/revisions"}],"wp:featuredmedia":[{"embeddable":true,"href":"https:\/\/swixed.ch\/it\/wp-json\/wp\/v2\/media\/31436"}],"wp:attachment":[{"href":"https:\/\/swixed.ch\/it\/wp-json\/wp\/v2\/media?parent=36265"}],"wp:term":[{"taxonomy":"product_brand","embeddable":true,"href":"https:\/\/swixed.ch\/it\/wp-json\/wp\/v2\/product_brand?post=36265"},{"taxonomy":"product_cat","embeddable":true,"href":"https:\/\/swixed.ch\/it\/wp-json\/wp\/v2\/product_cat?post=36265"},{"taxonomy":"product_tag","embeddable":true,"href":"https:\/\/swixed.ch\/it\/wp-json\/wp\/v2\/product_tag?post=36265"}],"curies":[{"name":"wp","href":"https:\/\/api.w.org\/{rel}","templated":true}]}}