{"id":36293,"date":"2023-09-13T11:46:08","date_gmt":"2023-09-13T09:46:08","guid":{"rendered":"https:\/\/swixed.com\/produit\/schiller-cardiovit-at-1-g2-ecg-a-riposo-con-opzione-di-interpretazione\/"},"modified":"2026-03-17T07:29:59","modified_gmt":"2026-03-17T06:29:59","slug":"sed10012","status":"publish","type":"product","link":"https:\/\/swixed.ch\/it\/prodotto\/sed10012\/","title":{"rendered":"Elettrocardiografo Schiller Cardiovit AT-1 G2 per ECG a riposo"},"content":{"rendered":"\t\t<div data-elementor-type=\"product-post\" data-elementor-id=\"36293\" class=\"elementor elementor-36293 elementor-26190\" data-elementor-post-type=\"product\">\n\t\t\t\t<div class=\"elementor-element elementor-element-448134c e-con-full e-flex e-con e-parent\" data-id=\"448134c\" data-element_type=\"container\" data-e-type=\"container\">\n\t\t<div class=\"elementor-element elementor-element-884a623 e-con-full e-flex e-con e-child\" data-id=\"884a623\" data-element_type=\"container\" data-e-type=\"container\">\n\t\t\t\t<div class=\"elementor-element elementor-element-e8d5f72 elementor-widget elementor-widget-heading\" data-id=\"e8d5f72\" data-element_type=\"widget\" data-e-type=\"widget\" data-widget_type=\"heading.default\">\n\t\t\t\t\t<h2 class=\"elementor-heading-title elementor-size-default\">Caratteristiche principali<\/h2>\t\t\t\t<\/div>\n\t\t\t\t<div class=\"elementor-element elementor-element-96ba6a5 elementor-widget elementor-widget-text-editor\" data-id=\"96ba6a5\" data-element_type=\"widget\" data-e-type=\"widget\" data-widget_type=\"text-editor.default\">\n\t\t\t\t\t\t\t\t\t<p>Lo Schiller Cardiovit AT-1 G2 offre un&#8217;acquisizione ECG stabile e riproducibile grazie all&#8217;elaborazione ottimizzata del segnale digitale. La sua architettura compatta lo rende facilmente integrabile in diversi ambienti medici. Infine, la stampante termica integrata velocizza la restituzione immediata degli esami.  <\/p><p>Specifiche tecniche principali:<\/p><ul><li>Acquisizione dell&#8217;ECG a riposo su 12 derivazioni simultanee<\/li><li>Stampa termica integrata, formato carta standard<\/li><li>Batteria ricaricabile per l&#8217;utilizzo in modalit\u00e0 stand-alone<\/li><li>Compatto e portatile<\/li><li>Design robusto per un uso regolare<\/li><\/ul><p><br>Questa apparecchiatura soddisfa le esigenze tecniche delle strutture mediche che cercano una soluzione ECG affidabile e duratura.<\/p>\t\t\t\t\t\t\t\t<\/div>\n\t\t\t\t<div class=\"elementor-element elementor-element-af1f77b elementor-widget elementor-widget-heading\" data-id=\"af1f77b\" data-element_type=\"widget\" data-e-type=\"widget\" data-widget_type=\"heading.default\">\n\t\t\t\t\t<h2 class=\"elementor-heading-title elementor-size-default\">Funzionamento e design tecnico<\/h2>\t\t\t\t<\/div>\n\t\t\t\t<div class=\"elementor-element elementor-element-3cac958 elementor-widget elementor-widget-text-editor\" data-id=\"3cac958\" data-element_type=\"widget\" data-e-type=\"widget\" data-widget_type=\"text-editor.default\">\n\t\t\t\t\t\t\t\t\t<p>Da un lato, il Cardiovit AT-1 G2 automatizza le misurazioni ECG essenziali per garantire una lettura coerente dei tracciati. Dall&#8217;altro lato, il software integrato elabora i complessi QRS e genera un&#8217;interpretazione algoritmica standardizzata, lasciando l&#8217;output sotto il controllo dell&#8217;utente. <\/p><p>Inoltre, il dispositivo consente :<\/p><ul><li>Registrazione di esami ECG<\/li><li>Copiare percorsi a velocit\u00e0 diverse<\/li><li>Adattare i parametri di stampa<\/li><li>Utilizzo per pazienti adulti e pediatrici<\/li><\/ul><p><br>Queste caratteristiche facilitano la gestione quotidiana degli esami ECG a riposo, senza dover ricorrere a complessi software esterni.<\/p>\t\t\t\t\t\t\t\t<\/div>\n\t\t\t\t<div class=\"elementor-element elementor-element-b2b65cf elementor-widget elementor-widget-heading\" data-id=\"b2b65cf\" data-element_type=\"widget\" data-e-type=\"widget\" data-widget_type=\"heading.default\">\n\t\t\t\t\t<h2 class=\"elementor-heading-title elementor-size-default\">Utilizzo, conformit\u00e0 e raccomandazioni<\/h2>\t\t\t\t<\/div>\n\t\t\t\t<div class=\"elementor-element elementor-element-300cb13 elementor-widget elementor-widget-text-editor\" data-id=\"300cb13\" data-element_type=\"widget\" data-e-type=\"widget\" data-widget_type=\"text-editor.default\">\n\t\t\t\t\t\t\t\t\t<p>In Svizzera, l&#8217;uso di un elettrocardiografo come il Cardiovit AT-1 G2 rientra nell&#8217;ambito dei dispositivi medici soggetti a rigidi requisiti normativi. In particolare, gli apparecchi ECG devono essere conformi agli obblighi stabiliti dall&#8217;Ufficio Federale della Sanit\u00e0 Pubblica e dall&#8217;Ordinanza sui Dispositivi Medici (ODim \/ MedDO).<br>Inoltre, la sorveglianza del mercato e la conformit\u00e0 dei dispositivi sono di competenza di Swissmedic, mentre i riferimenti tecnici si basano su standard armonizzati accessibili tramite il Centro d&#8217;Informazione Svizzero per le Regole Tecniche.<br>Questo elettrocardiografo fa quindi parte di un quadro normativo chiaro che rispetta i requisiti applicabili ai dispositivi ECG utilizzati in Svizzera. <br>\t\t<div data-elementor-type=\"widget\" data-elementor-id=\"59086\" class=\"elementor elementor-59086 elementor-59083 elementor-59083\" data-elementor-post-type=\"elementor_library\">\n\t\t\t\t\t\t<div class=\"elementor-element elementor-element-59083 elementor-widget elementor-widget-text-editor\" data-id=\"59083\" data-element_type=\"widget\" data-e-type=\"widget\" data-widget_type=\"text-editor.default\">\n\t\t\t\t\t\t\t\t\t<p>Per maggiori informazioni, consulta :<\/p><ul><li><a href=\"https:\/\/www.swissmedic.ch\" target=\"_blank\" rel=\"noopener\">Swissmedic<\/a><\/li><li><a href=\"https:\/\/www.bag.admin.ch\" target=\"_blank\" rel=\"noopener\">Ufficio federale della sanit\u00e0 pubblica (UFSP)<\/a><\/li><li><a href=\"https:\/\/www.switec.info\" target=\"_blank\" rel=\"noopener\">Centro d&#8217;informazione svizzero per le norme tecniche (Switec)<\/a><\/li><li><a href=\"https:\/\/www.fedlex.admin.ch\/eli\/cc\/2020\/552\/\" target=\"_blank\" rel=\"noopener\">Ordinanza sui dispositivi medici (ODim o MedDO)<\/a><\/li><\/ul><p><br>I nostri dispositivi medici hanno un rappresentante autorizzato in Svizzera (CH-REP), in conformit\u00e0 con l&#8217;attuale legislazione svizzera sui dispositivi medici.<\/p>\t\t\t\t\t\t\t\t<\/div>\n\t\t\t\t<\/div>\n\t\t<br>Clicca qui per prenotare la <a href=\"https:\/\/swixed.ch\/it\/prodotto\/sed94001\/\">manutenzione periodica<\/a>.<\/p>\t\t\t\t\t\t\t\t<\/div>\n\t\t\t\t<div class=\"elementor-element elementor-element-ff27780 elementor-widget elementor-widget-heading\" data-id=\"ff27780\" data-element_type=\"widget\" data-e-type=\"widget\" data-widget_type=\"heading.default\">\n\t\t\t\t\t<h2 class=\"elementor-heading-title elementor-size-default\">Contenuti ECG Schiller Cardiovit AT-1 G2<\/h2>\t\t\t\t<\/div>\n\t\t\t\t<div class=\"elementor-element elementor-element-36edb3f elementor-widget elementor-widget-text-editor\" data-id=\"36edb3f\" data-element_type=\"widget\" data-e-type=\"widget\" data-widget_type=\"text-editor.default\">\n\t\t\t\t\t\t\t\t\t<p>La consegna standard include tutti gli accessori necessari per la messa in funzione immediata:<\/p><ul><li>Elettrocardiografo Schiller Cardiovit AT-1 G2<\/li><li>Cavo paziente a 10 fili con connettori a banana<\/li><li>Elettrodi precordiali (6 pere)<\/li><li>Elettrodi per arti (4 clip)<\/li><li>Tubo di gel<\/li><li>Cavo di rete<\/li><li>Carta termica (1 pacchetto)<\/li><li>Manuale d&#8217;uso<\/li><\/ul><p><br>Ci\u00f2 significa che l&#8217;apparecchiatura arriva pronta all&#8217;uso, senza la necessit\u00e0 di accessori aggiuntivi per gli esami ECG a riposo.<\/p>\t\t\t\t\t\t\t\t<\/div>\n\t\t\t\t<\/div>\n\t\t\t\t<\/div>\n\t\t\t\t<\/div>\n\t\t","protected":false},"excerpt":{"rendered":"<p>Lo Schiller Cardiovit AT-1 G2 \u00e8 un elettrocardiografo ECG a riposo compatto, progettato per l&#8217;acquisizione simultanea di segnali a 12 canali in ambienti professionali. \u00c8 dotato di uno schermo a colori e di una stampante termica integrata per il tracciamento diretto. Certificato CE, il dispositivo \u00e8 compatibile con la gamma di accessori per ECG Schiller e pu\u00f2 essere integrato nelle infrastrutture tecniche esistenti.  <\/p>\n","protected":false},"featured_media":60598,"template":"","meta":{"_acf_changed":false},"product_brand":[2180],"product_cat":[975,966],"product_tag":[7709,7704,2364,7784,7711,7713,6044,7739,7714,7741],"class_list":{"0":"post-36293","1":"product","2":"type-product","3":"status-publish","4":"has-post-thumbnail","6":"product_brand-schiller-it","7":"product_cat-ecg-da-riposo","8":"product_cat-elettrocardiografi","9":"product_tag-acquisizione-dellecg","10":"product_tag-ecg-12d","11":"product_tag-ecg-a-riposo","12":"product_tag-ecg-compatto","13":"product_tag-ecg-con-cavo","14":"product_tag-ecg-diagnostico","15":"product_tag-ecg-portatile","16":"product_tag-ecg-stand-alone","17":"product_tag-esame-ecg","18":"product_tag-stampante-ecg","20":"first","21":"instock","22":"sale","23":"taxable","24":"shipping-taxable","25":"purchasable","26":"product-type-simple"},"acf":[],"yoast_head":"<!-- This site is optimized with the Yoast SEO Premium plugin v27.4 (Yoast SEO v27.4) - https:\/\/yoast.com\/product\/yoast-seo-premium-wordpress\/ -->\n<title>Elettrocardiografo Schiller Cardiovit AT-1 G2 per ECG a riposo | Swixed SA<\/title>\n<meta name=\"description\" content=\"Elettrocardiografo Schiller Cardiovit AT-1 G2 a 12 derivazioni con interpretazione integrata, stampa termica e dimensioni compatte.\" \/>\n<meta name=\"robots\" content=\"index, follow, max-snippet:-1, max-image-preview:large, max-video-preview:-1\" \/>\n<link rel=\"canonical\" href=\"https:\/\/swixed.ch\/it\/prodotto\/sed10012\/\" \/>\n<meta property=\"og:locale\" content=\"it_IT\" \/>\n<meta property=\"og:type\" content=\"article\" \/>\n<meta property=\"og:title\" content=\"Elettrocardiografo Schiller Cardiovit AT-1 G2 per ECG a riposo\" \/>\n<meta property=\"og:description\" content=\"Elettrocardiografo Schiller Cardiovit AT-1 G2 a 12 derivazioni con interpretazione integrata, stampa termica e dimensioni compatte.\" \/>\n<meta property=\"og:url\" content=\"https:\/\/swixed.ch\/it\/prodotto\/sed10012\/\" \/>\n<meta property=\"og:site_name\" content=\"Swixed SA\" \/>\n<meta property=\"article:publisher\" content=\"https:\/\/www.facebook.com\/swixed\" \/>\n<meta property=\"article:modified_time\" content=\"2026-03-17T06:29:59+00:00\" \/>\n<meta property=\"og:image\" content=\"https:\/\/swixed.ch\/wp-content\/uploads\/2026\/01\/SED10012-01.png\" \/>\n\t<meta property=\"og:image:width\" content=\"600\" \/>\n\t<meta property=\"og:image:height\" content=\"600\" \/>\n\t<meta property=\"og:image:type\" content=\"image\/png\" \/>\n<meta name=\"twitter:card\" content=\"summary_large_image\" \/>\n<meta name=\"twitter:label1\" content=\"Tempo di lettura stimato\" \/>\n\t<meta name=\"twitter:data1\" content=\"2 minuti\" \/>\n<script type=\"application\/ld+json\" class=\"yoast-schema-graph\">{\"@context\":\"https:\\\/\\\/schema.org\",\"@graph\":[{\"@type\":\"WebPage\",\"@id\":\"https:\\\/\\\/swixed.ch\\\/it\\\/prodotto\\\/sed10012\\\/\",\"url\":\"https:\\\/\\\/swixed.ch\\\/it\\\/prodotto\\\/sed10012\\\/\",\"name\":\"Elettrocardiografo Schiller Cardiovit AT-1 G2 per ECG a riposo | Swixed SA\",\"isPartOf\":{\"@id\":\"https:\\\/\\\/swixed.ch\\\/it\\\/#website\"},\"primaryImageOfPage\":{\"@id\":\"https:\\\/\\\/swixed.ch\\\/it\\\/prodotto\\\/sed10012\\\/#primaryimage\"},\"image\":{\"@id\":\"https:\\\/\\\/swixed.ch\\\/it\\\/prodotto\\\/sed10012\\\/#primaryimage\"},\"thumbnailUrl\":\"https:\\\/\\\/swixed.ch\\\/wp-content\\\/uploads\\\/2026\\\/01\\\/SED10012-01.png\",\"datePublished\":\"2023-09-13T09:46:08+00:00\",\"dateModified\":\"2026-03-17T06:29:59+00:00\",\"description\":\"Elettrocardiografo Schiller Cardiovit AT-1 G2 a 12 derivazioni con interpretazione integrata, stampa termica e dimensioni compatte.\",\"breadcrumb\":{\"@id\":\"https:\\\/\\\/swixed.ch\\\/it\\\/prodotto\\\/sed10012\\\/#breadcrumb\"},\"inLanguage\":\"it-IT\",\"potentialAction\":[{\"@type\":\"ReadAction\",\"target\":[\"https:\\\/\\\/swixed.ch\\\/it\\\/prodotto\\\/sed10012\\\/\"]}]},{\"@type\":\"ImageObject\",\"inLanguage\":\"it-IT\",\"@id\":\"https:\\\/\\\/swixed.ch\\\/it\\\/prodotto\\\/sed10012\\\/#primaryimage\",\"url\":\"https:\\\/\\\/swixed.ch\\\/wp-content\\\/uploads\\\/2026\\\/01\\\/SED10012-01.png\",\"contentUrl\":\"https:\\\/\\\/swixed.ch\\\/wp-content\\\/uploads\\\/2026\\\/01\\\/SED10012-01.png\",\"width\":600,\"height\":600,\"caption\":\"SED10012\"},{\"@type\":\"BreadcrumbList\",\"@id\":\"https:\\\/\\\/swixed.ch\\\/it\\\/prodotto\\\/sed10012\\\/#breadcrumb\",\"itemListElement\":[{\"@type\":\"ListItem\",\"position\":1,\"name\":\"Home\",\"item\":\"https:\\\/\\\/swixed.ch\\\/it\\\/home\\\/\"},{\"@type\":\"ListItem\",\"position\":2,\"name\":\"Negozio\",\"item\":\"https:\\\/\\\/swixed.ch\\\/it\\\/shop\\\/\"},{\"@type\":\"ListItem\",\"position\":3,\"name\":\"Elettrocardiografo Schiller Cardiovit AT-1 G2 per ECG a riposo\"}]},{\"@type\":\"WebSite\",\"@id\":\"https:\\\/\\\/swixed.ch\\\/it\\\/#website\",\"url\":\"https:\\\/\\\/swixed.ch\\\/it\\\/\",\"name\":\"Swixed SA\",\"description\":\"Dispositivi elettronici\",\"publisher\":{\"@id\":\"https:\\\/\\\/swixed.ch\\\/it\\\/#organization\"},\"potentialAction\":[{\"@type\":\"SearchAction\",\"target\":{\"@type\":\"EntryPoint\",\"urlTemplate\":\"https:\\\/\\\/swixed.ch\\\/it\\\/?s={search_term_string}\"},\"query-input\":{\"@type\":\"PropertyValueSpecification\",\"valueRequired\":true,\"valueName\":\"search_term_string\"}}],\"inLanguage\":\"it-IT\"},{\"@type\":\"Organization\",\"@id\":\"https:\\\/\\\/swixed.ch\\\/it\\\/#organization\",\"name\":\"Swixed SA\",\"url\":\"https:\\\/\\\/swixed.ch\\\/it\\\/\",\"logo\":{\"@type\":\"ImageObject\",\"inLanguage\":\"it-IT\",\"@id\":\"https:\\\/\\\/swixed.ch\\\/it\\\/#\\\/schema\\\/logo\\\/image\\\/\",\"url\":\"https:\\\/\\\/swixed.ch\\\/wp-content\\\/uploads\\\/logos\\\/swixed-logo-lite.png\",\"contentUrl\":\"https:\\\/\\\/swixed.ch\\\/wp-content\\\/uploads\\\/logos\\\/swixed-logo-lite.png\",\"width\":696,\"height\":696,\"caption\":\"Swixed SA\"},\"image\":{\"@id\":\"https:\\\/\\\/swixed.ch\\\/it\\\/#\\\/schema\\\/logo\\\/image\\\/\"},\"sameAs\":[\"https:\\\/\\\/www.facebook.com\\\/swixed\",\"https:\\\/\\\/www.linkedin.com\\\/company\\\/swixed\",\"https:\\\/\\\/www.youtube.com\\\/@swixedsa\"],\"description\":\"Swixed SA est une entreprise suisse bas\u00e9e \u00e0 Gen\u00e8ve, sp\u00e9cialis\u00e9e dans la vente, la location et la maintenance d\u2019appareils m\u00e9dicaux professionnels, tels que d\u00e9fibrillateurs AED, \u00e9lectrocardiographes, moniteurs patient et dispositifs de diagnostic.\",\"email\":\"infoshop@swixed.ch\",\"telephone\":\"+41 22 566 11 95\",\"legalName\":\"Swixed SA\",\"foundingDate\":\"2021-03-01\",\"numberOfEmployees\":{\"@type\":\"QuantitativeValue\",\"minValue\":\"1\",\"maxValue\":\"10\"}}]}<\/script>\n<!-- \/ Yoast SEO Premium plugin. -->","yoast_head_json":{"title":"Elettrocardiografo Schiller Cardiovit AT-1 G2 per ECG a riposo | Swixed SA","description":"Elettrocardiografo Schiller Cardiovit AT-1 G2 a 12 derivazioni con interpretazione integrata, stampa termica e dimensioni compatte.","robots":{"index":"index","follow":"follow","max-snippet":"max-snippet:-1","max-image-preview":"max-image-preview:large","max-video-preview":"max-video-preview:-1"},"canonical":"https:\/\/swixed.ch\/it\/prodotto\/sed10012\/","og_locale":"it_IT","og_type":"article","og_title":"Elettrocardiografo Schiller Cardiovit AT-1 G2 per ECG a riposo","og_description":"Elettrocardiografo Schiller Cardiovit AT-1 G2 a 12 derivazioni con interpretazione integrata, stampa termica e dimensioni compatte.","og_url":"https:\/\/swixed.ch\/it\/prodotto\/sed10012\/","og_site_name":"Swixed SA","article_publisher":"https:\/\/www.facebook.com\/swixed","article_modified_time":"2026-03-17T06:29:59+00:00","og_image":[{"width":600,"height":600,"url":"https:\/\/swixed.ch\/wp-content\/uploads\/2026\/01\/SED10012-01.png","type":"image\/png"}],"twitter_card":"summary_large_image","twitter_misc":{"Tempo di lettura stimato":"2 minuti"},"schema":{"@context":"https:\/\/schema.org","@graph":[{"@type":"WebPage","@id":"https:\/\/swixed.ch\/it\/prodotto\/sed10012\/","url":"https:\/\/swixed.ch\/it\/prodotto\/sed10012\/","name":"Elettrocardiografo Schiller Cardiovit AT-1 G2 per ECG a riposo | Swixed SA","isPartOf":{"@id":"https:\/\/swixed.ch\/it\/#website"},"primaryImageOfPage":{"@id":"https:\/\/swixed.ch\/it\/prodotto\/sed10012\/#primaryimage"},"image":{"@id":"https:\/\/swixed.ch\/it\/prodotto\/sed10012\/#primaryimage"},"thumbnailUrl":"https:\/\/swixed.ch\/wp-content\/uploads\/2026\/01\/SED10012-01.png","datePublished":"2023-09-13T09:46:08+00:00","dateModified":"2026-03-17T06:29:59+00:00","description":"Elettrocardiografo Schiller Cardiovit AT-1 G2 a 12 derivazioni con interpretazione integrata, stampa termica e dimensioni compatte.","breadcrumb":{"@id":"https:\/\/swixed.ch\/it\/prodotto\/sed10012\/#breadcrumb"},"inLanguage":"it-IT","potentialAction":[{"@type":"ReadAction","target":["https:\/\/swixed.ch\/it\/prodotto\/sed10012\/"]}]},{"@type":"ImageObject","inLanguage":"it-IT","@id":"https:\/\/swixed.ch\/it\/prodotto\/sed10012\/#primaryimage","url":"https:\/\/swixed.ch\/wp-content\/uploads\/2026\/01\/SED10012-01.png","contentUrl":"https:\/\/swixed.ch\/wp-content\/uploads\/2026\/01\/SED10012-01.png","width":600,"height":600,"caption":"SED10012"},{"@type":"BreadcrumbList","@id":"https:\/\/swixed.ch\/it\/prodotto\/sed10012\/#breadcrumb","itemListElement":[{"@type":"ListItem","position":1,"name":"Home","item":"https:\/\/swixed.ch\/it\/home\/"},{"@type":"ListItem","position":2,"name":"Negozio","item":"https:\/\/swixed.ch\/it\/shop\/"},{"@type":"ListItem","position":3,"name":"Elettrocardiografo Schiller Cardiovit AT-1 G2 per ECG a riposo"}]},{"@type":"WebSite","@id":"https:\/\/swixed.ch\/it\/#website","url":"https:\/\/swixed.ch\/it\/","name":"Swixed SA","description":"Dispositivi elettronici","publisher":{"@id":"https:\/\/swixed.ch\/it\/#organization"},"potentialAction":[{"@type":"SearchAction","target":{"@type":"EntryPoint","urlTemplate":"https:\/\/swixed.ch\/it\/?s={search_term_string}"},"query-input":{"@type":"PropertyValueSpecification","valueRequired":true,"valueName":"search_term_string"}}],"inLanguage":"it-IT"},{"@type":"Organization","@id":"https:\/\/swixed.ch\/it\/#organization","name":"Swixed SA","url":"https:\/\/swixed.ch\/it\/","logo":{"@type":"ImageObject","inLanguage":"it-IT","@id":"https:\/\/swixed.ch\/it\/#\/schema\/logo\/image\/","url":"https:\/\/swixed.ch\/wp-content\/uploads\/logos\/swixed-logo-lite.png","contentUrl":"https:\/\/swixed.ch\/wp-content\/uploads\/logos\/swixed-logo-lite.png","width":696,"height":696,"caption":"Swixed SA"},"image":{"@id":"https:\/\/swixed.ch\/it\/#\/schema\/logo\/image\/"},"sameAs":["https:\/\/www.facebook.com\/swixed","https:\/\/www.linkedin.com\/company\/swixed","https:\/\/www.youtube.com\/@swixedsa"],"description":"Swixed SA est une entreprise suisse bas\u00e9e \u00e0 Gen\u00e8ve, sp\u00e9cialis\u00e9e dans la vente, la location et la maintenance d\u2019appareils m\u00e9dicaux professionnels, tels que d\u00e9fibrillateurs AED, \u00e9lectrocardiographes, moniteurs patient et dispositifs de diagnostic.","email":"infoshop@swixed.ch","telephone":"+41 22 566 11 95","legalName":"Swixed SA","foundingDate":"2021-03-01","numberOfEmployees":{"@type":"QuantitativeValue","minValue":"1","maxValue":"10"}}]}},"_links":{"self":[{"href":"https:\/\/swixed.ch\/it\/wp-json\/wp\/v2\/product\/36293","targetHints":{"allow":["GET"]}}],"collection":[{"href":"https:\/\/swixed.ch\/it\/wp-json\/wp\/v2\/product"}],"about":[{"href":"https:\/\/swixed.ch\/it\/wp-json\/wp\/v2\/types\/product"}],"version-history":[{"count":0,"href":"https:\/\/swixed.ch\/it\/wp-json\/wp\/v2\/product\/36293\/revisions"}],"wp:featuredmedia":[{"embeddable":true,"href":"https:\/\/swixed.ch\/it\/wp-json\/wp\/v2\/media\/60598"}],"wp:attachment":[{"href":"https:\/\/swixed.ch\/it\/wp-json\/wp\/v2\/media?parent=36293"}],"wp:term":[{"taxonomy":"product_brand","embeddable":true,"href":"https:\/\/swixed.ch\/it\/wp-json\/wp\/v2\/product_brand?post=36293"},{"taxonomy":"product_cat","embeddable":true,"href":"https:\/\/swixed.ch\/it\/wp-json\/wp\/v2\/product_cat?post=36293"},{"taxonomy":"product_tag","embeddable":true,"href":"https:\/\/swixed.ch\/it\/wp-json\/wp\/v2\/product_tag?post=36293"}],"curies":[{"name":"wp","href":"https:\/\/api.w.org\/{rel}","templated":true}]}}