{"id":36337,"date":"2023-10-03T13:11:42","date_gmt":"2023-10-03T11:11:42","guid":{"rendered":"https:\/\/swixed.com\/produit\/termometro-braun-thermoscan-7-irt6520\/"},"modified":"2025-12-28T21:04:30","modified_gmt":"2025-12-28T20:04:30","slug":"sed75301","status":"publish","type":"product","link":"https:\/\/swixed.ch\/it\/prodotto\/sed75301\/","title":{"rendered":"Braun Thermoscan 7 IRT6520 &#8211; Termometro auricolare a infrarossi"},"content":{"rendered":"\t\t<div data-elementor-type=\"product-post\" data-elementor-id=\"36337\" class=\"elementor elementor-36337 elementor-26629\" data-elementor-post-type=\"product\">\n\t\t\t\t\t\t<section class=\"elementor-section elementor-top-section elementor-element elementor-element-834d306 elementor-section-boxed elementor-section-height-default elementor-section-height-default\" data-id=\"834d306\" data-element_type=\"section\" data-e-type=\"section\">\n\t\t\t\t\t\t<div class=\"elementor-container elementor-column-gap-default\">\n\t\t\t\t\t<div class=\"elementor-column elementor-col-100 elementor-top-column elementor-element elementor-element-085465e\" data-id=\"085465e\" data-element_type=\"column\" data-e-type=\"column\">\n\t\t\t<div class=\"elementor-widget-wrap elementor-element-populated\">\n\t\t\t\t\t\t<div class=\"elementor-element elementor-element-0684e71 elementor-widget elementor-widget-heading\" data-id=\"0684e71\" data-element_type=\"widget\" data-e-type=\"widget\" data-widget_type=\"heading.default\">\n\t\t\t\t\t<h2 class=\"elementor-heading-title elementor-size-default\">Descrizione<\/h2>\t\t\t\t<\/div>\n\t\t\t\t\t<\/div>\n\t\t<\/div>\n\t\t\t\t\t<\/div>\n\t\t<\/section>\n\t\t\t\t<section class=\"elementor-section elementor-top-section elementor-element elementor-element-bbbff69 elementor-section-boxed elementor-section-height-default elementor-section-height-default\" data-id=\"bbbff69\" data-element_type=\"section\" data-e-type=\"section\">\n\t\t\t\t\t\t<div class=\"elementor-container elementor-column-gap-default\">\n\t\t\t\t\t<div class=\"elementor-column elementor-col-100 elementor-top-column elementor-element elementor-element-df88c60\" data-id=\"df88c60\" data-element_type=\"column\" data-e-type=\"column\">\n\t\t\t<div class=\"elementor-widget-wrap elementor-element-populated\">\n\t\t\t\t\t\t<div class=\"elementor-element elementor-element-181dedd elementor-widget elementor-widget-text-editor\" data-id=\"181dedd\" data-element_type=\"widget\" data-e-type=\"widget\" data-widget_type=\"text-editor.default\">\n\t\t\t\t\t\t\t\t\t<p>Braun ThermoScan 7 \u00e8 un termometro con una tecnologia innovativa. Permette di<strong>regolare l&#8217;indicazione della febbre in base all&#8217;et\u00e0.<\/strong><\/p><p>Poich\u00e9 la febbre oscilla in base all&#8217;et\u00e0 del bambino, la <strong>tecnologia brevettata Age Precision<\/strong> fornisce una <strong>lettura pi\u00f9 accurata della temperatura<\/strong>. \u00c8 sufficiente determinare l&#8217;et\u00e0 del bambino prima di misurargli la temperatura.<\/p><p>Il termometro a infrarossi Braun IRT 6520<strong>rileva il calore infrarosso emesso dal timpano<\/strong> e dal tessuto circostante. Il tutto in <strong>un solo secondo<\/strong>. La punta della sonda viene preriscaldata a una temperatura vicina a quella del corpo umano. Per garantire una misurazione accurata.<\/p><p>Il <strong>display si illumina con colori diversi<\/strong> a seconda della temperatura (verde: temperatura normale; giallo: temperatura elevata; rosso: temperatura molto elevata).<\/p><p>Inoltre, gli <strong>intervalli di temperatura sono adattati all&#8217;et\u00e0 del paziente<\/strong>:<\/p><ul><li>0-3 mesi: temperatura normale tra 35,8 e 37,4\u00b0C; temperatura molto alta sopra i 37,4\u00b0C.<\/li><li>Da 3 a 36 mesi: temperatura normale tra 35,4 e 37,6\u00b0C; temperatura elevata tra 37,6 e 38,5\u00b0C; temperatura molto elevata oltre i 38,5\u00b0C.<\/li><li>Oltre i 36 mesi: temperatura normale tra 35,4 e 37,7\u00b0C; temperatura elevata tra 37,7 e 39,4\u00b0C; temperatura molto elevata oltre i 39,4\u00b0C.<\/li><\/ul><p>Lo schermo LCD del Thermoscan 7 \u00e8 dotato di illuminazione notturna, per facilitare le misurazioni in condizioni di scarsa illuminazione.<\/p><p>Questo termometro ha una <strong>memoria in grado di memorizzare le ultime 9 misurazioni <\/strong>. Dispone inoltre di una <strong>funzione di illuminazione notturna<\/strong>.<\/p>\t\t\t\t\t\t\t\t<\/div>\n\t\t\t\t<div class=\"elementor-element elementor-element-a79eb34 elementor-widget elementor-widget-heading\" data-id=\"a79eb34\" data-element_type=\"widget\" data-e-type=\"widget\" data-widget_type=\"heading.default\">\n\t\t\t\t\t<h2 class=\"elementor-heading-title elementor-size-default\">Contenuto del Thermoscan 7<\/h2>\t\t\t\t<\/div>\n\t\t\t\t<div class=\"elementor-element elementor-element-72edc71 elementor-widget elementor-widget-text-editor\" data-id=\"72edc71\" data-element_type=\"widget\" data-e-type=\"widget\" data-widget_type=\"text-editor.default\">\n\t\t\t\t\t\t\t\t\t<ul><li>Termometro Thermoscan 7<\/li><li>Batterie AA da 1,5 volt (x2)<\/li><li>Cappuccio di protezione<\/li><li>Puntali monouso (x21)<\/li><li>Istruzioni per l&#8217;uso<\/li><\/ul>\t\t\t\t\t\t\t\t<\/div>\n\t\t\t\t\t<\/div>\n\t\t<\/div>\n\t\t\t\t\t<\/div>\n\t\t<\/section>\n\t\t\t\t<\/div>\n\t\t","protected":false},"excerpt":{"rendered":"<p>Braun Thermoscan 7 \u00e8 un termometro auricolare a infrarossi con tecnologia Age Precision, che adatta la lettura della febbre in base all\u2019et\u00e0. Basta selezionare l\u2019et\u00e0 del bambino per ottenere una misurazione pi\u00f9 precisa. Il dispositivo rileva il calore infrarosso dal timpano in un solo secondo. La punta preriscaldata assicura una maggiore precisione. Adatto a neonati, bambini e adulti.    <\/p>\n","protected":false},"featured_media":31528,"template":"","meta":{"_acf_changed":false},"product_brand":[2123],"product_cat":[1071,1073],"product_tag":[1889,1887,1077,1884],"class_list":{"0":"post-36337","1":"product","2":"type-product","3":"status-publish","4":"has-post-thumbnail","6":"product_brand-braun-it","7":"product_cat-termometri-it","8":"product_cat-apparecchi-termometri","9":"product_tag-diagnostica-it","10":"product_tag-temperatura-it","11":"product_tag-temperatura-dellorecchio","12":"product_tag-termometro-it","14":"first","15":"instock","16":"sale","17":"taxable","18":"shipping-taxable","19":"purchasable","20":"product-type-simple"},"acf":[],"yoast_head":"<!-- This site is optimized with the Yoast SEO Premium plugin v27.4 (Yoast SEO v27.4) - https:\/\/yoast.com\/product\/yoast-seo-premium-wordpress\/ -->\n<title>Braun Thermoscan 7 IRT6520 - Termometro auricolare a infrarossi | Swixed SA<\/title>\n<meta name=\"description\" content=\"Braun ThermoScan 7 \u00e8 un termometro con una tecnologia innovativa che regola la lettura della febbre in base all&#039;et\u00e0.\" \/>\n<meta name=\"robots\" content=\"index, follow, max-snippet:-1, max-image-preview:large, max-video-preview:-1\" \/>\n<link rel=\"canonical\" href=\"https:\/\/swixed.ch\/it\/prodotto\/sed75301\/\" \/>\n<meta property=\"og:locale\" content=\"it_IT\" \/>\n<meta property=\"og:type\" content=\"article\" \/>\n<meta property=\"og:title\" content=\"Braun Thermoscan 7 IRT6520 - Termometro auricolare a infrarossi\" \/>\n<meta property=\"og:description\" content=\"Braun ThermoScan 7 \u00e8 un termometro con una tecnologia innovativa che regola la lettura della febbre in base all&#039;et\u00e0.\" \/>\n<meta property=\"og:url\" content=\"https:\/\/swixed.ch\/it\/prodotto\/sed75301\/\" \/>\n<meta property=\"og:site_name\" content=\"Swixed SA\" \/>\n<meta property=\"article:publisher\" content=\"https:\/\/www.facebook.com\/swixed\" \/>\n<meta property=\"article:modified_time\" content=\"2025-12-28T20:04:30+00:00\" \/>\n<meta property=\"og:image\" content=\"https:\/\/swixed.ch\/wp-content\/uploads\/products\/braun-thermoscan-7-irt-6520-01.png\" \/>\n\t<meta property=\"og:image:width\" content=\"600\" \/>\n\t<meta property=\"og:image:height\" content=\"600\" \/>\n\t<meta property=\"og:image:type\" content=\"image\/png\" \/>\n<meta name=\"twitter:card\" content=\"summary_large_image\" \/>\n<meta name=\"twitter:label1\" content=\"Tempo di lettura stimato\" \/>\n\t<meta name=\"twitter:data1\" content=\"1 minuto\" \/>\n<script type=\"application\/ld+json\" class=\"yoast-schema-graph\">{\"@context\":\"https:\\\/\\\/schema.org\",\"@graph\":[{\"@type\":\"WebPage\",\"@id\":\"https:\\\/\\\/swixed.ch\\\/it\\\/prodotto\\\/sed75301\\\/\",\"url\":\"https:\\\/\\\/swixed.ch\\\/it\\\/prodotto\\\/sed75301\\\/\",\"name\":\"Braun Thermoscan 7 IRT6520 - Termometro auricolare a infrarossi | Swixed SA\",\"isPartOf\":{\"@id\":\"https:\\\/\\\/swixed.ch\\\/it\\\/#website\"},\"primaryImageOfPage\":{\"@id\":\"https:\\\/\\\/swixed.ch\\\/it\\\/prodotto\\\/sed75301\\\/#primaryimage\"},\"image\":{\"@id\":\"https:\\\/\\\/swixed.ch\\\/it\\\/prodotto\\\/sed75301\\\/#primaryimage\"},\"thumbnailUrl\":\"https:\\\/\\\/swixed.ch\\\/wp-content\\\/uploads\\\/products\\\/braun-thermoscan-7-irt-6520-01.png\",\"datePublished\":\"2023-10-03T11:11:42+00:00\",\"dateModified\":\"2025-12-28T20:04:30+00:00\",\"description\":\"Braun ThermoScan 7 \u00e8 un termometro con una tecnologia innovativa che regola la lettura della febbre in base all'et\u00e0.\",\"breadcrumb\":{\"@id\":\"https:\\\/\\\/swixed.ch\\\/it\\\/prodotto\\\/sed75301\\\/#breadcrumb\"},\"inLanguage\":\"it-IT\",\"potentialAction\":[{\"@type\":\"ReadAction\",\"target\":[\"https:\\\/\\\/swixed.ch\\\/it\\\/prodotto\\\/sed75301\\\/\"]}]},{\"@type\":\"ImageObject\",\"inLanguage\":\"it-IT\",\"@id\":\"https:\\\/\\\/swixed.ch\\\/it\\\/prodotto\\\/sed75301\\\/#primaryimage\",\"url\":\"https:\\\/\\\/swixed.ch\\\/wp-content\\\/uploads\\\/products\\\/braun-thermoscan-7-irt-6520-01.png\",\"contentUrl\":\"https:\\\/\\\/swixed.ch\\\/wp-content\\\/uploads\\\/products\\\/braun-thermoscan-7-irt-6520-01.png\",\"width\":600,\"height\":600,\"caption\":\"Termometro Braun Thermoscan 7 IRT6520\"},{\"@type\":\"BreadcrumbList\",\"@id\":\"https:\\\/\\\/swixed.ch\\\/it\\\/prodotto\\\/sed75301\\\/#breadcrumb\",\"itemListElement\":[{\"@type\":\"ListItem\",\"position\":1,\"name\":\"Home\",\"item\":\"https:\\\/\\\/swixed.ch\\\/it\\\/home\\\/\"},{\"@type\":\"ListItem\",\"position\":2,\"name\":\"Negozio\",\"item\":\"https:\\\/\\\/swixed.ch\\\/it\\\/shop\\\/\"},{\"@type\":\"ListItem\",\"position\":3,\"name\":\"Braun Thermoscan 7 IRT6520 &#8211; Termometro auricolare a infrarossi\"}]},{\"@type\":\"WebSite\",\"@id\":\"https:\\\/\\\/swixed.ch\\\/it\\\/#website\",\"url\":\"https:\\\/\\\/swixed.ch\\\/it\\\/\",\"name\":\"Swixed SA\",\"description\":\"Dispositivi elettronici\",\"publisher\":{\"@id\":\"https:\\\/\\\/swixed.ch\\\/it\\\/#organization\"},\"potentialAction\":[{\"@type\":\"SearchAction\",\"target\":{\"@type\":\"EntryPoint\",\"urlTemplate\":\"https:\\\/\\\/swixed.ch\\\/it\\\/?s={search_term_string}\"},\"query-input\":{\"@type\":\"PropertyValueSpecification\",\"valueRequired\":true,\"valueName\":\"search_term_string\"}}],\"inLanguage\":\"it-IT\"},{\"@type\":\"Organization\",\"@id\":\"https:\\\/\\\/swixed.ch\\\/it\\\/#organization\",\"name\":\"Swixed SA\",\"url\":\"https:\\\/\\\/swixed.ch\\\/it\\\/\",\"logo\":{\"@type\":\"ImageObject\",\"inLanguage\":\"it-IT\",\"@id\":\"https:\\\/\\\/swixed.ch\\\/it\\\/#\\\/schema\\\/logo\\\/image\\\/\",\"url\":\"https:\\\/\\\/swixed.ch\\\/wp-content\\\/uploads\\\/logos\\\/swixed-logo-lite.png\",\"contentUrl\":\"https:\\\/\\\/swixed.ch\\\/wp-content\\\/uploads\\\/logos\\\/swixed-logo-lite.png\",\"width\":696,\"height\":696,\"caption\":\"Swixed SA\"},\"image\":{\"@id\":\"https:\\\/\\\/swixed.ch\\\/it\\\/#\\\/schema\\\/logo\\\/image\\\/\"},\"sameAs\":[\"https:\\\/\\\/www.facebook.com\\\/swixed\",\"https:\\\/\\\/www.linkedin.com\\\/company\\\/swixed\",\"https:\\\/\\\/www.youtube.com\\\/@swixedsa\"],\"description\":\"Swixed SA est une entreprise suisse bas\u00e9e \u00e0 Gen\u00e8ve, sp\u00e9cialis\u00e9e dans la vente, la location et la maintenance d\u2019appareils m\u00e9dicaux professionnels, tels que d\u00e9fibrillateurs AED, \u00e9lectrocardiographes, moniteurs patient et dispositifs de diagnostic.\",\"email\":\"infoshop@swixed.ch\",\"telephone\":\"+41 22 566 11 95\",\"legalName\":\"Swixed SA\",\"foundingDate\":\"2021-03-01\",\"numberOfEmployees\":{\"@type\":\"QuantitativeValue\",\"minValue\":\"1\",\"maxValue\":\"10\"}}]}<\/script>\n<!-- \/ Yoast SEO Premium plugin. -->","yoast_head_json":{"title":"Braun Thermoscan 7 IRT6520 - Termometro auricolare a infrarossi | Swixed SA","description":"Braun ThermoScan 7 \u00e8 un termometro con una tecnologia innovativa che regola la lettura della febbre in base all'et\u00e0.","robots":{"index":"index","follow":"follow","max-snippet":"max-snippet:-1","max-image-preview":"max-image-preview:large","max-video-preview":"max-video-preview:-1"},"canonical":"https:\/\/swixed.ch\/it\/prodotto\/sed75301\/","og_locale":"it_IT","og_type":"article","og_title":"Braun Thermoscan 7 IRT6520 - Termometro auricolare a infrarossi","og_description":"Braun ThermoScan 7 \u00e8 un termometro con una tecnologia innovativa che regola la lettura della febbre in base all'et\u00e0.","og_url":"https:\/\/swixed.ch\/it\/prodotto\/sed75301\/","og_site_name":"Swixed SA","article_publisher":"https:\/\/www.facebook.com\/swixed","article_modified_time":"2025-12-28T20:04:30+00:00","og_image":[{"width":600,"height":600,"url":"https:\/\/swixed.ch\/wp-content\/uploads\/products\/braun-thermoscan-7-irt-6520-01.png","type":"image\/png"}],"twitter_card":"summary_large_image","twitter_misc":{"Tempo di lettura stimato":"1 minuto"},"schema":{"@context":"https:\/\/schema.org","@graph":[{"@type":"WebPage","@id":"https:\/\/swixed.ch\/it\/prodotto\/sed75301\/","url":"https:\/\/swixed.ch\/it\/prodotto\/sed75301\/","name":"Braun Thermoscan 7 IRT6520 - Termometro auricolare a infrarossi | Swixed SA","isPartOf":{"@id":"https:\/\/swixed.ch\/it\/#website"},"primaryImageOfPage":{"@id":"https:\/\/swixed.ch\/it\/prodotto\/sed75301\/#primaryimage"},"image":{"@id":"https:\/\/swixed.ch\/it\/prodotto\/sed75301\/#primaryimage"},"thumbnailUrl":"https:\/\/swixed.ch\/wp-content\/uploads\/products\/braun-thermoscan-7-irt-6520-01.png","datePublished":"2023-10-03T11:11:42+00:00","dateModified":"2025-12-28T20:04:30+00:00","description":"Braun ThermoScan 7 \u00e8 un termometro con una tecnologia innovativa che regola la lettura della febbre in base all'et\u00e0.","breadcrumb":{"@id":"https:\/\/swixed.ch\/it\/prodotto\/sed75301\/#breadcrumb"},"inLanguage":"it-IT","potentialAction":[{"@type":"ReadAction","target":["https:\/\/swixed.ch\/it\/prodotto\/sed75301\/"]}]},{"@type":"ImageObject","inLanguage":"it-IT","@id":"https:\/\/swixed.ch\/it\/prodotto\/sed75301\/#primaryimage","url":"https:\/\/swixed.ch\/wp-content\/uploads\/products\/braun-thermoscan-7-irt-6520-01.png","contentUrl":"https:\/\/swixed.ch\/wp-content\/uploads\/products\/braun-thermoscan-7-irt-6520-01.png","width":600,"height":600,"caption":"Termometro Braun Thermoscan 7 IRT6520"},{"@type":"BreadcrumbList","@id":"https:\/\/swixed.ch\/it\/prodotto\/sed75301\/#breadcrumb","itemListElement":[{"@type":"ListItem","position":1,"name":"Home","item":"https:\/\/swixed.ch\/it\/home\/"},{"@type":"ListItem","position":2,"name":"Negozio","item":"https:\/\/swixed.ch\/it\/shop\/"},{"@type":"ListItem","position":3,"name":"Braun Thermoscan 7 IRT6520 &#8211; Termometro auricolare a infrarossi"}]},{"@type":"WebSite","@id":"https:\/\/swixed.ch\/it\/#website","url":"https:\/\/swixed.ch\/it\/","name":"Swixed SA","description":"Dispositivi elettronici","publisher":{"@id":"https:\/\/swixed.ch\/it\/#organization"},"potentialAction":[{"@type":"SearchAction","target":{"@type":"EntryPoint","urlTemplate":"https:\/\/swixed.ch\/it\/?s={search_term_string}"},"query-input":{"@type":"PropertyValueSpecification","valueRequired":true,"valueName":"search_term_string"}}],"inLanguage":"it-IT"},{"@type":"Organization","@id":"https:\/\/swixed.ch\/it\/#organization","name":"Swixed SA","url":"https:\/\/swixed.ch\/it\/","logo":{"@type":"ImageObject","inLanguage":"it-IT","@id":"https:\/\/swixed.ch\/it\/#\/schema\/logo\/image\/","url":"https:\/\/swixed.ch\/wp-content\/uploads\/logos\/swixed-logo-lite.png","contentUrl":"https:\/\/swixed.ch\/wp-content\/uploads\/logos\/swixed-logo-lite.png","width":696,"height":696,"caption":"Swixed SA"},"image":{"@id":"https:\/\/swixed.ch\/it\/#\/schema\/logo\/image\/"},"sameAs":["https:\/\/www.facebook.com\/swixed","https:\/\/www.linkedin.com\/company\/swixed","https:\/\/www.youtube.com\/@swixedsa"],"description":"Swixed SA est une entreprise suisse bas\u00e9e \u00e0 Gen\u00e8ve, sp\u00e9cialis\u00e9e dans la vente, la location et la maintenance d\u2019appareils m\u00e9dicaux professionnels, tels que d\u00e9fibrillateurs AED, \u00e9lectrocardiographes, moniteurs patient et dispositifs de diagnostic.","email":"infoshop@swixed.ch","telephone":"+41 22 566 11 95","legalName":"Swixed SA","foundingDate":"2021-03-01","numberOfEmployees":{"@type":"QuantitativeValue","minValue":"1","maxValue":"10"}}]}},"_links":{"self":[{"href":"https:\/\/swixed.ch\/it\/wp-json\/wp\/v2\/product\/36337","targetHints":{"allow":["GET"]}}],"collection":[{"href":"https:\/\/swixed.ch\/it\/wp-json\/wp\/v2\/product"}],"about":[{"href":"https:\/\/swixed.ch\/it\/wp-json\/wp\/v2\/types\/product"}],"version-history":[{"count":0,"href":"https:\/\/swixed.ch\/it\/wp-json\/wp\/v2\/product\/36337\/revisions"}],"wp:featuredmedia":[{"embeddable":true,"href":"https:\/\/swixed.ch\/it\/wp-json\/wp\/v2\/media\/31528"}],"wp:attachment":[{"href":"https:\/\/swixed.ch\/it\/wp-json\/wp\/v2\/media?parent=36337"}],"wp:term":[{"taxonomy":"product_brand","embeddable":true,"href":"https:\/\/swixed.ch\/it\/wp-json\/wp\/v2\/product_brand?post=36337"},{"taxonomy":"product_cat","embeddable":true,"href":"https:\/\/swixed.ch\/it\/wp-json\/wp\/v2\/product_cat?post=36337"},{"taxonomy":"product_tag","embeddable":true,"href":"https:\/\/swixed.ch\/it\/wp-json\/wp\/v2\/product_tag?post=36337"}],"curies":[{"name":"wp","href":"https:\/\/api.w.org\/{rel}","templated":true}]}}