{"id":36364,"date":"2023-09-20T10:51:49","date_gmt":"2023-09-20T09:51:49","guid":{"rendered":"https:\/\/swixed.com\/produit\/ecg-digitale-a-riposo-schiller-cs104-ms12-blu\/"},"modified":"2026-03-25T22:52:24","modified_gmt":"2026-03-25T21:52:24","slug":"sed10013","status":"publish","type":"product","link":"https:\/\/swixed.ch\/it\/prodotto\/sed10013\/","title":{"rendered":"Elettrocardiografo Schiller CS104 MS12 Blue ECG a riposo"},"content":{"rendered":"\t\t<div data-elementor-type=\"product-post\" data-elementor-id=\"36364\" class=\"elementor elementor-36364 elementor-26466\" data-elementor-post-type=\"product\">\n\t\t\t\t<div class=\"elementor-element elementor-element-ddee778 e-con-full e-flex e-con e-parent\" data-id=\"ddee778\" data-element_type=\"container\" data-e-type=\"container\">\n\t\t<div class=\"elementor-element elementor-element-901c1bc e-con-full e-flex e-con e-child\" data-id=\"901c1bc\" data-element_type=\"container\" data-e-type=\"container\">\n\t\t\t\t<div class=\"elementor-element elementor-element-efeb59e elementor-widget elementor-widget-heading\" data-id=\"efeb59e\" data-element_type=\"widget\" data-e-type=\"widget\" data-widget_type=\"heading.default\">\n\t\t\t\t\t<h2 class=\"elementor-heading-title elementor-size-default\">Caratteristiche principali<\/h2>\t\t\t\t<\/div>\n\t\t\t\t<div class=\"elementor-element elementor-element-7c56180 elementor-widget elementor-widget-text-editor\" data-id=\"7c56180\" data-element_type=\"widget\" data-e-type=\"widget\" data-widget_type=\"text-editor.default\">\n\t\t\t\t\t\t\t\t\t<p>L&#8217;elettrocardiografo Schiller CS104 MS12 Blue combina compattezza, connettivit\u00e0 e affidabilit\u00e0 per l&#8217;acquisizione di ECG a riposo. In primo luogo, la sua custodia leggera da 115 g migliora la mobilit\u00e0 durante gli esami. In secondo luogo, la comunicazione Bluetooth riduce l&#8217;ingombro dei cavi, semplificando l&#8217;installazione. Inoltre, lo schermo OLED ad alta luminosit\u00e0 ti permette di controllare direttamente lo stato del dispositivo prima di ogni registrazione.   <\/p><p>Caratteristiche tecniche principali:<\/p><ul><li>Elettrocardiografo digitale ECG a riposo<\/li><li>Trasmissione dati via Bluetooth<\/li><li>Display OLED integrato per il controllo del dispositivo<\/li><li>Funzionamento del PC Windows<\/li><li>Batteria a basso consumo con modalit\u00e0 di risparmio energetico<\/li><\/ul><p><br>Ci\u00f2 significa che il dispositivo pu\u00f2 essere facilmente integrato in un&#8217;organizzazione lavorativa strutturata, mantenendo un approccio neutrale e tecnico.<\/p>\t\t\t\t\t\t\t\t<\/div>\n\t\t\t\t<div class=\"elementor-element elementor-element-a0f7a76 elementor-widget elementor-widget-heading\" data-id=\"a0f7a76\" data-element_type=\"widget\" data-e-type=\"widget\" data-widget_type=\"heading.default\">\n\t\t\t\t\t<h2 class=\"elementor-heading-title elementor-size-default\">Funzionamento e design tecnico<\/h2>\t\t\t\t<\/div>\n\t\t\t\t<div class=\"elementor-element elementor-element-23d4f9d elementor-widget elementor-widget-text-editor\" data-id=\"23d4f9d\" data-element_type=\"widget\" data-e-type=\"widget\" data-widget_type=\"text-editor.default\">\n\t\t\t\t\t\t\t\t\t<p>Il sistema ECG CS104 MS12 Blue funziona in combinazione con un software di acquisizione dedicato installato su un PC. Gli esami ECG possono essere visualizzati, salvati ed esportati in formato PDF. Inoltre, i tracciati possono essere stampati con una stampante standard, facilitando la gestione dei documenti.  <\/p><p>Inoltre, il software assicura :<\/p><ul><li>Acquisizione in tempo reale di ECG a riposo<\/li><li>Archiviazione strutturata delle registrazioni<\/li><li>Esportazione dei dati per una successiva consultazione<\/li><li>Compatibilit\u00e0 con i sistemi Windows 7, 8, 10 e 11 Pro<\/li><\/ul><p><br>In questo modo, la soluzione consente di utilizzare i dati ECG in modo chiaro e razionale, senza dipendere da piattaforme esterne.<\/p>\t\t\t\t\t\t\t\t<\/div>\n\t\t\t\t<div class=\"elementor-element elementor-element-2a6ff99 elementor-widget elementor-widget-heading\" data-id=\"2a6ff99\" data-element_type=\"widget\" data-e-type=\"widget\" data-widget_type=\"heading.default\">\n\t\t\t\t\t<h2 class=\"elementor-heading-title elementor-size-default\">Utilizzo, conformit\u00e0 e raccomandazioni<\/h2>\t\t\t\t<\/div>\n\t\t\t\t<div class=\"elementor-element elementor-element-a0ff408 elementor-widget elementor-widget-text-editor\" data-id=\"a0ff408\" data-element_type=\"widget\" data-e-type=\"widget\" data-widget_type=\"text-editor.default\">\n\t\t\t\t\t\t\t\t\t<p>L&#8217;elettrocardiografo Schiller CS104 MS12 Blue \u00e8 destinato all&#8217;uso in conformit\u00e0 al quadro normativo svizzero applicabile ai dispositivi medici. In quanto tale, il suo utilizzo rientra nei requisiti definiti dall&#8217;Ufficio Federale della Sanit\u00e0 Pubblica, che sovrintende alla supervisione generale del sistema sanitario. I dispositivi ECG rientrano anche nelle competenze di Swissmedic, l&#8217;autorit\u00e0 responsabile del monitoraggio del mercato dei dispositivi medici.  <\/p><p>Inoltre, l&#8217;applicazione dell&#8217;Ordinanza sui Dispositivi Medici (ODim \/ MedDO) garantisce l&#8217;allineamento con i requisiti legali svizzeri ed europei. In questo modo, l&#8217;integrazione di questo ECG in un ambiente professionale si basa su un quadro normativo chiaramente definito. <br>\t\t<div data-elementor-type=\"widget\" data-elementor-id=\"59086\" class=\"elementor elementor-59086 elementor-59083 elementor-59083\" data-elementor-post-type=\"elementor_library\">\n\t\t\t\t\t\t<div class=\"elementor-element elementor-element-59083 elementor-widget elementor-widget-text-editor\" data-id=\"59083\" data-element_type=\"widget\" data-e-type=\"widget\" data-widget_type=\"text-editor.default\">\n\t\t\t\t\t\t\t\t\t<p>Per maggiori informazioni, consulta :<\/p><ul><li><a href=\"https:\/\/www.swissmedic.ch\" target=\"_blank\" rel=\"noopener\">Swissmedic<\/a><\/li><li><a href=\"https:\/\/www.bag.admin.ch\" target=\"_blank\" rel=\"noopener\">Ufficio federale della sanit\u00e0 pubblica (UFSP)<\/a><\/li><li><a href=\"https:\/\/www.switec.info\" target=\"_blank\" rel=\"noopener\">Centro d&#8217;informazione svizzero per le norme tecniche (Switec)<\/a><\/li><li><a href=\"https:\/\/www.fedlex.admin.ch\/eli\/cc\/2020\/552\/\" target=\"_blank\" rel=\"noopener\">Ordinanza sui dispositivi medici (ODim o MedDO)<\/a><\/li><\/ul><p><br>I nostri dispositivi medici hanno un rappresentante autorizzato in Svizzera (CH-REP), in conformit\u00e0 con l&#8217;attuale legislazione svizzera sui dispositivi medici.<\/p>\t\t\t\t\t\t\t\t<\/div>\n\t\t\t\t<\/div>\n\t\t<br>Clicca qui per prenotare la <a href=\"https:\/\/swixed.ch\/it\/prodotto\/sed94001\/\">manutenzione periodica<\/a>.<\/p>\t\t\t\t\t\t\t\t<\/div>\n\t\t\t\t<div class=\"elementor-element elementor-element-c95d221 elementor-widget elementor-widget-heading\" data-id=\"c95d221\" data-element_type=\"widget\" data-e-type=\"widget\" data-widget_type=\"heading.default\">\n\t\t\t\t\t<h2 class=\"elementor-heading-title elementor-size-default\">Contenuto<\/h2>\t\t\t\t<\/div>\n\t\t\t\t<div class=\"elementor-element elementor-element-9998454 elementor-widget elementor-widget-text-editor\" data-id=\"9998454\" data-element_type=\"widget\" data-e-type=\"widget\" data-widget_type=\"text-editor.default\">\n\t\t\t\t\t\t\t\t\t<p>Il prodotto viene fornito con i seguenti elementi per garantire una messa in funzione completa:<\/p><ul><li>Schiller MS12 Scatola ECG blu<\/li><li>Cavo paziente unipolare a 10 conduttori con connettori a banana<\/li><li>Chiave Bluetooth<\/li><li>2 batterie ricaricabili<\/li><li>Caricatore per batterie ricaricabili<\/li><li>Software Sema Solo ECG per PC Windows<\/li><\/ul><p><br>Di conseguenza, il pacchetto fornisce tutti i componenti necessari per il funzionamento tecnico del sistema ECG non appena viene ricevuto.<\/p>\t\t\t\t\t\t\t\t<\/div>\n\t\t\t\t<\/div>\n\t\t\t\t<\/div>\n\t\t\t\t<\/div>\n\t\t","protected":false},"excerpt":{"rendered":"<p>Lo Schiller CS104 MS12 Blue \u00e8 un elettrocardiografo digitale compatto con ECG a riposo, progettato per acquisire segnali a 12 canali tramite una connessione Bluetooth con un computer. Il dispositivo \u00e8 dotato di un involucro leggero e di un cavo paziente flessibile per una facile installazione tecnica. I dati vengono trasmessi in modalit\u00e0 wireless a una workstation compatibile per la visualizzazione, la registrazione e l&#8217;archiviazione. Certificato CE, \u00e8 compatibile con la gamma di software ECG Schiller ed \u00e8 progettato per un uso professionale computerizzato.   <\/p>\n","protected":false},"featured_media":60562,"template":"","meta":{"_acf_changed":false},"product_brand":[2180],"product_cat":[975,966],"product_tag":[7709,7704,2364,3662,7784,7711,7713,7708,7714,3611],"class_list":{"0":"post-36364","1":"product","2":"type-product","3":"status-publish","4":"has-post-thumbnail","6":"product_brand-schiller-it","7":"product_cat-ecg-da-riposo","8":"product_cat-elettrocardiografi","9":"product_tag-acquisizione-dellecg","10":"product_tag-ecg-12d","11":"product_tag-ecg-a-riposo","12":"product_tag-ecg-bluetooth-it-2","13":"product_tag-ecg-compatto","14":"product_tag-ecg-con-cavo","15":"product_tag-ecg-diagnostico","16":"product_tag-ecg-pc","17":"product_tag-esame-ecg","18":"product_tag-software-ecg-it","20":"first","21":"outofstock","22":"sale","23":"taxable","24":"shipping-taxable","25":"purchasable","26":"product-type-variable","27":"has-default-attributes"},"acf":[],"yoast_head":"<!-- This site is optimized with the Yoast SEO Premium plugin v27.4 (Yoast SEO v27.4) - https:\/\/yoast.com\/product\/yoast-seo-premium-wordpress\/ -->\n<title>Schiller CS104 MS12 Elettrocardiografo ECG a riposo blu |% Swixed SA%<\/title>\n<meta name=\"description\" content=\"Elettrocardiografo ECG a riposo Schiller CS104 MS12 Blue con Bluetooth, schermo OLED e software per PC Windows per l&#039;acquisizione e l&#039;archiviazione di ECG.\" \/>\n<meta name=\"robots\" content=\"index, follow, max-snippet:-1, max-image-preview:large, max-video-preview:-1\" \/>\n<link rel=\"canonical\" href=\"https:\/\/swixed.ch\/it\/prodotto\/sed10013\/\" \/>\n<meta property=\"og:locale\" content=\"it_IT\" \/>\n<meta property=\"og:type\" content=\"article\" \/>\n<meta property=\"og:title\" content=\"Elettrocardiografo Schiller CS104 MS12 Blue ECG a riposo\" \/>\n<meta property=\"og:description\" content=\"Elettrocardiografo ECG a riposo Schiller CS104 MS12 Blue con Bluetooth, schermo OLED e software per PC Windows per l&#039;acquisizione e l&#039;archiviazione di ECG.\" \/>\n<meta property=\"og:url\" content=\"https:\/\/swixed.ch\/it\/prodotto\/sed10013\/\" \/>\n<meta property=\"og:site_name\" content=\"Swixed SA\" \/>\n<meta property=\"article:publisher\" content=\"https:\/\/www.facebook.com\/swixed\" \/>\n<meta property=\"article:modified_time\" content=\"2026-03-25T21:52:24+00:00\" \/>\n<meta property=\"og:image\" content=\"https:\/\/swixed.ch\/wp-content\/uploads\/2026\/01\/SED10013-01.png\" \/>\n\t<meta property=\"og:image:width\" content=\"600\" \/>\n\t<meta property=\"og:image:height\" content=\"600\" \/>\n\t<meta property=\"og:image:type\" content=\"image\/png\" \/>\n<meta name=\"twitter:card\" content=\"summary_large_image\" \/>\n<meta name=\"twitter:label1\" content=\"Tempo di lettura stimato\" \/>\n\t<meta name=\"twitter:data1\" content=\"2 minuti\" \/>\n<script type=\"application\/ld+json\" class=\"yoast-schema-graph\">{\"@context\":\"https:\\\/\\\/schema.org\",\"@graph\":[{\"@type\":\"WebPage\",\"@id\":\"https:\\\/\\\/swixed.ch\\\/it\\\/prodotto\\\/sed10013\\\/\",\"url\":\"https:\\\/\\\/swixed.ch\\\/it\\\/prodotto\\\/sed10013\\\/\",\"name\":\"Schiller CS104 MS12 Elettrocardiografo ECG a riposo blu |% Swixed SA%\",\"isPartOf\":{\"@id\":\"https:\\\/\\\/swixed.ch\\\/it\\\/#website\"},\"primaryImageOfPage\":{\"@id\":\"https:\\\/\\\/swixed.ch\\\/it\\\/prodotto\\\/sed10013\\\/#primaryimage\"},\"image\":{\"@id\":\"https:\\\/\\\/swixed.ch\\\/it\\\/prodotto\\\/sed10013\\\/#primaryimage\"},\"thumbnailUrl\":\"https:\\\/\\\/swixed.ch\\\/wp-content\\\/uploads\\\/2026\\\/01\\\/SED10013-01.png\",\"datePublished\":\"2023-09-20T09:51:49+00:00\",\"dateModified\":\"2026-03-25T21:52:24+00:00\",\"description\":\"Elettrocardiografo ECG a riposo Schiller CS104 MS12 Blue con Bluetooth, schermo OLED e software per PC Windows per l'acquisizione e l'archiviazione di ECG.\",\"breadcrumb\":{\"@id\":\"https:\\\/\\\/swixed.ch\\\/it\\\/prodotto\\\/sed10013\\\/#breadcrumb\"},\"inLanguage\":\"it-IT\",\"potentialAction\":[{\"@type\":\"ReadAction\",\"target\":[\"https:\\\/\\\/swixed.ch\\\/it\\\/prodotto\\\/sed10013\\\/\"]}]},{\"@type\":\"ImageObject\",\"inLanguage\":\"it-IT\",\"@id\":\"https:\\\/\\\/swixed.ch\\\/it\\\/prodotto\\\/sed10013\\\/#primaryimage\",\"url\":\"https:\\\/\\\/swixed.ch\\\/wp-content\\\/uploads\\\/2026\\\/01\\\/SED10013-01.png\",\"contentUrl\":\"https:\\\/\\\/swixed.ch\\\/wp-content\\\/uploads\\\/2026\\\/01\\\/SED10013-01.png\",\"width\":600,\"height\":600,\"caption\":\"SED10013\"},{\"@type\":\"BreadcrumbList\",\"@id\":\"https:\\\/\\\/swixed.ch\\\/it\\\/prodotto\\\/sed10013\\\/#breadcrumb\",\"itemListElement\":[{\"@type\":\"ListItem\",\"position\":1,\"name\":\"Home\",\"item\":\"https:\\\/\\\/swixed.ch\\\/it\\\/home\\\/\"},{\"@type\":\"ListItem\",\"position\":2,\"name\":\"Negozio\",\"item\":\"https:\\\/\\\/swixed.ch\\\/it\\\/shop\\\/\"},{\"@type\":\"ListItem\",\"position\":3,\"name\":\"Elettrocardiografo Schiller CS104 MS12 Blue ECG a riposo\"}]},{\"@type\":\"WebSite\",\"@id\":\"https:\\\/\\\/swixed.ch\\\/it\\\/#website\",\"url\":\"https:\\\/\\\/swixed.ch\\\/it\\\/\",\"name\":\"Swixed SA\",\"description\":\"Dispositivi elettronici\",\"publisher\":{\"@id\":\"https:\\\/\\\/swixed.ch\\\/it\\\/#organization\"},\"potentialAction\":[{\"@type\":\"SearchAction\",\"target\":{\"@type\":\"EntryPoint\",\"urlTemplate\":\"https:\\\/\\\/swixed.ch\\\/it\\\/?s={search_term_string}\"},\"query-input\":{\"@type\":\"PropertyValueSpecification\",\"valueRequired\":true,\"valueName\":\"search_term_string\"}}],\"inLanguage\":\"it-IT\"},{\"@type\":\"Organization\",\"@id\":\"https:\\\/\\\/swixed.ch\\\/it\\\/#organization\",\"name\":\"Swixed SA\",\"url\":\"https:\\\/\\\/swixed.ch\\\/it\\\/\",\"logo\":{\"@type\":\"ImageObject\",\"inLanguage\":\"it-IT\",\"@id\":\"https:\\\/\\\/swixed.ch\\\/it\\\/#\\\/schema\\\/logo\\\/image\\\/\",\"url\":\"https:\\\/\\\/swixed.ch\\\/wp-content\\\/uploads\\\/logos\\\/swixed-logo-lite.png\",\"contentUrl\":\"https:\\\/\\\/swixed.ch\\\/wp-content\\\/uploads\\\/logos\\\/swixed-logo-lite.png\",\"width\":696,\"height\":696,\"caption\":\"Swixed SA\"},\"image\":{\"@id\":\"https:\\\/\\\/swixed.ch\\\/it\\\/#\\\/schema\\\/logo\\\/image\\\/\"},\"sameAs\":[\"https:\\\/\\\/www.facebook.com\\\/swixed\",\"https:\\\/\\\/www.linkedin.com\\\/company\\\/swixed\",\"https:\\\/\\\/www.youtube.com\\\/@swixedsa\"],\"description\":\"Swixed SA est une entreprise suisse bas\u00e9e \u00e0 Gen\u00e8ve, sp\u00e9cialis\u00e9e dans la vente, la location et la maintenance d\u2019appareils m\u00e9dicaux professionnels, tels que d\u00e9fibrillateurs AED, \u00e9lectrocardiographes, moniteurs patient et dispositifs de diagnostic.\",\"email\":\"infoshop@swixed.ch\",\"telephone\":\"+41 22 566 11 95\",\"legalName\":\"Swixed SA\",\"foundingDate\":\"2021-03-01\",\"numberOfEmployees\":{\"@type\":\"QuantitativeValue\",\"minValue\":\"1\",\"maxValue\":\"10\"}}]}<\/script>\n<!-- \/ Yoast SEO Premium plugin. -->","yoast_head_json":{"title":"Schiller CS104 MS12 Elettrocardiografo ECG a riposo blu |% Swixed SA%","description":"Elettrocardiografo ECG a riposo Schiller CS104 MS12 Blue con Bluetooth, schermo OLED e software per PC Windows per l'acquisizione e l'archiviazione di ECG.","robots":{"index":"index","follow":"follow","max-snippet":"max-snippet:-1","max-image-preview":"max-image-preview:large","max-video-preview":"max-video-preview:-1"},"canonical":"https:\/\/swixed.ch\/it\/prodotto\/sed10013\/","og_locale":"it_IT","og_type":"article","og_title":"Elettrocardiografo Schiller CS104 MS12 Blue ECG a riposo","og_description":"Elettrocardiografo ECG a riposo Schiller CS104 MS12 Blue con Bluetooth, schermo OLED e software per PC Windows per l'acquisizione e l'archiviazione di ECG.","og_url":"https:\/\/swixed.ch\/it\/prodotto\/sed10013\/","og_site_name":"Swixed SA","article_publisher":"https:\/\/www.facebook.com\/swixed","article_modified_time":"2026-03-25T21:52:24+00:00","og_image":[{"width":600,"height":600,"url":"https:\/\/swixed.ch\/wp-content\/uploads\/2026\/01\/SED10013-01.png","type":"image\/png"}],"twitter_card":"summary_large_image","twitter_misc":{"Tempo di lettura stimato":"2 minuti"},"schema":{"@context":"https:\/\/schema.org","@graph":[{"@type":"WebPage","@id":"https:\/\/swixed.ch\/it\/prodotto\/sed10013\/","url":"https:\/\/swixed.ch\/it\/prodotto\/sed10013\/","name":"Schiller CS104 MS12 Elettrocardiografo ECG a riposo blu |% Swixed SA%","isPartOf":{"@id":"https:\/\/swixed.ch\/it\/#website"},"primaryImageOfPage":{"@id":"https:\/\/swixed.ch\/it\/prodotto\/sed10013\/#primaryimage"},"image":{"@id":"https:\/\/swixed.ch\/it\/prodotto\/sed10013\/#primaryimage"},"thumbnailUrl":"https:\/\/swixed.ch\/wp-content\/uploads\/2026\/01\/SED10013-01.png","datePublished":"2023-09-20T09:51:49+00:00","dateModified":"2026-03-25T21:52:24+00:00","description":"Elettrocardiografo ECG a riposo Schiller CS104 MS12 Blue con Bluetooth, schermo OLED e software per PC Windows per l'acquisizione e l'archiviazione di ECG.","breadcrumb":{"@id":"https:\/\/swixed.ch\/it\/prodotto\/sed10013\/#breadcrumb"},"inLanguage":"it-IT","potentialAction":[{"@type":"ReadAction","target":["https:\/\/swixed.ch\/it\/prodotto\/sed10013\/"]}]},{"@type":"ImageObject","inLanguage":"it-IT","@id":"https:\/\/swixed.ch\/it\/prodotto\/sed10013\/#primaryimage","url":"https:\/\/swixed.ch\/wp-content\/uploads\/2026\/01\/SED10013-01.png","contentUrl":"https:\/\/swixed.ch\/wp-content\/uploads\/2026\/01\/SED10013-01.png","width":600,"height":600,"caption":"SED10013"},{"@type":"BreadcrumbList","@id":"https:\/\/swixed.ch\/it\/prodotto\/sed10013\/#breadcrumb","itemListElement":[{"@type":"ListItem","position":1,"name":"Home","item":"https:\/\/swixed.ch\/it\/home\/"},{"@type":"ListItem","position":2,"name":"Negozio","item":"https:\/\/swixed.ch\/it\/shop\/"},{"@type":"ListItem","position":3,"name":"Elettrocardiografo Schiller CS104 MS12 Blue ECG a riposo"}]},{"@type":"WebSite","@id":"https:\/\/swixed.ch\/it\/#website","url":"https:\/\/swixed.ch\/it\/","name":"Swixed SA","description":"Dispositivi elettronici","publisher":{"@id":"https:\/\/swixed.ch\/it\/#organization"},"potentialAction":[{"@type":"SearchAction","target":{"@type":"EntryPoint","urlTemplate":"https:\/\/swixed.ch\/it\/?s={search_term_string}"},"query-input":{"@type":"PropertyValueSpecification","valueRequired":true,"valueName":"search_term_string"}}],"inLanguage":"it-IT"},{"@type":"Organization","@id":"https:\/\/swixed.ch\/it\/#organization","name":"Swixed SA","url":"https:\/\/swixed.ch\/it\/","logo":{"@type":"ImageObject","inLanguage":"it-IT","@id":"https:\/\/swixed.ch\/it\/#\/schema\/logo\/image\/","url":"https:\/\/swixed.ch\/wp-content\/uploads\/logos\/swixed-logo-lite.png","contentUrl":"https:\/\/swixed.ch\/wp-content\/uploads\/logos\/swixed-logo-lite.png","width":696,"height":696,"caption":"Swixed SA"},"image":{"@id":"https:\/\/swixed.ch\/it\/#\/schema\/logo\/image\/"},"sameAs":["https:\/\/www.facebook.com\/swixed","https:\/\/www.linkedin.com\/company\/swixed","https:\/\/www.youtube.com\/@swixedsa"],"description":"Swixed SA est une entreprise suisse bas\u00e9e \u00e0 Gen\u00e8ve, sp\u00e9cialis\u00e9e dans la vente, la location et la maintenance d\u2019appareils m\u00e9dicaux professionnels, tels que d\u00e9fibrillateurs AED, \u00e9lectrocardiographes, moniteurs patient et dispositifs de diagnostic.","email":"infoshop@swixed.ch","telephone":"+41 22 566 11 95","legalName":"Swixed SA","foundingDate":"2021-03-01","numberOfEmployees":{"@type":"QuantitativeValue","minValue":"1","maxValue":"10"}}]}},"_links":{"self":[{"href":"https:\/\/swixed.ch\/it\/wp-json\/wp\/v2\/product\/36364","targetHints":{"allow":["GET"]}}],"collection":[{"href":"https:\/\/swixed.ch\/it\/wp-json\/wp\/v2\/product"}],"about":[{"href":"https:\/\/swixed.ch\/it\/wp-json\/wp\/v2\/types\/product"}],"version-history":[{"count":0,"href":"https:\/\/swixed.ch\/it\/wp-json\/wp\/v2\/product\/36364\/revisions"}],"wp:featuredmedia":[{"embeddable":true,"href":"https:\/\/swixed.ch\/it\/wp-json\/wp\/v2\/media\/60562"}],"wp:attachment":[{"href":"https:\/\/swixed.ch\/it\/wp-json\/wp\/v2\/media?parent=36364"}],"wp:term":[{"taxonomy":"product_brand","embeddable":true,"href":"https:\/\/swixed.ch\/it\/wp-json\/wp\/v2\/product_brand?post=36364"},{"taxonomy":"product_cat","embeddable":true,"href":"https:\/\/swixed.ch\/it\/wp-json\/wp\/v2\/product_cat?post=36364"},{"taxonomy":"product_tag","embeddable":true,"href":"https:\/\/swixed.ch\/it\/wp-json\/wp\/v2\/product_tag?post=36364"}],"curies":[{"name":"wp","href":"https:\/\/api.w.org\/{rel}","templated":true}]}}