{"id":43784,"date":"2024-07-02T14:19:05","date_gmt":"2024-07-02T13:19:05","guid":{"rendered":"https:\/\/swixed.com\/?post_type=product&#038;p=43784"},"modified":"2026-01-31T19:16:42","modified_gmt":"2026-01-31T18:16:42","slug":"sed95014","status":"publish","type":"product","link":"https:\/\/swixed.ch\/it\/prodotto\/sed95014\/","title":{"rendered":"Spengler Peak-Flow &#8211; Misuratore meccanico di picco di flusso per adulti con area di lettura colorata"},"content":{"rendered":"\t\t<div data-elementor-type=\"product-post\" data-elementor-id=\"43784\" class=\"elementor elementor-43784 elementor-43780\" data-elementor-post-type=\"product\">\n\t\t\t\t\t\t<section class=\"elementor-section elementor-top-section elementor-element elementor-element-834d306 elementor-section-boxed elementor-section-height-default elementor-section-height-default\" data-id=\"834d306\" data-element_type=\"section\" data-e-type=\"section\">\n\t\t\t\t\t\t<div class=\"elementor-container elementor-column-gap-default\">\n\t\t\t\t\t<div class=\"elementor-column elementor-col-100 elementor-top-column elementor-element elementor-element-085465e\" data-id=\"085465e\" data-element_type=\"column\" data-e-type=\"column\">\n\t\t\t<div class=\"elementor-widget-wrap elementor-element-populated\">\n\t\t\t\t\t\t<div class=\"elementor-element elementor-element-0684e71 elementor-widget elementor-widget-heading\" data-id=\"0684e71\" data-element_type=\"widget\" data-e-type=\"widget\" data-widget_type=\"heading.default\">\n\t\t\t\t\t<h2 class=\"elementor-heading-title elementor-size-default\">Descrizione del misuratore di portata di picco<\/h2>\t\t\t\t<\/div>\n\t\t\t\t\t<\/div>\n\t\t<\/div>\n\t\t\t\t\t<\/div>\n\t\t<\/section>\n\t\t\t\t<section class=\"elementor-section elementor-top-section elementor-element elementor-element-bbbff69 elementor-section-boxed elementor-section-height-default elementor-section-height-default\" data-id=\"bbbff69\" data-element_type=\"section\" data-e-type=\"section\">\n\t\t\t\t\t\t<div class=\"elementor-container elementor-column-gap-default\">\n\t\t\t\t\t<div class=\"elementor-column elementor-col-100 elementor-top-column elementor-element elementor-element-df88c60\" data-id=\"df88c60\" data-element_type=\"column\" data-e-type=\"column\">\n\t\t\t<div class=\"elementor-widget-wrap elementor-element-populated\">\n\t\t\t\t\t\t<div class=\"elementor-element elementor-element-181dedd elementor-widget elementor-widget-text-editor\" data-id=\"181dedd\" data-element_type=\"widget\" data-e-type=\"widget\" data-widget_type=\"text-editor.default\">\n\t\t\t\t\t\t\t\t\t<p>Il <strong>Peak Flow Spengler<\/strong> \u00e8 un dispositivo medico progettato per <strong>prevenire e monitorare l&#8217;asma in adulti e bambini<\/strong>. Misura meccanicamente il <strong>picco di flusso espiratorio (PEF),<\/strong> che corrisponde all&#8217;istante in cui il respiro \u00e8 pi\u00f9 potente durante l&#8217;espirazione. Questo flussimetro all&#8217;avanguardia \u00e8 <strong>preciso, robusto e ambulante<\/strong>. Questo lo rende uno strumento essenziale per i pazienti affetti da asma che devono monitorare la propria capacit\u00e0 respiratoria. Infatti, la maggior parte dei pazienti asmatici deve misurare il proprio PEF almeno due volte al giorno.  <\/p><p>Ecco come usare il misuratore di picco di flusso:<\/p><ol><li>Riporta il cursore a zero.<\/li><li>Inspira il pi\u00f9 profondamente possibile attraverso la bocca.<\/li><li>Metti la bocca intorno al bocchino del dispositivo, premendo bene le labbra per evitare perdite.<\/li><li>Espira con la massima forza e velocit\u00e0 possibile.<\/li><li>Nota la posizione del cursore sulla scala.<\/li><li>Ripeti queste operazioni tre volte per assicurarti che le misure siano coerenti.<\/li><li>Conserva la misura pi\u00f9 alta come valore EPD.<\/li><\/ol><p>Lo Spengler Peak Flow presenta anche una<strong> scala a colori accanto alla scala graduata<\/strong>. Sono state definite tre zone:<\/p><ul><li>Verde: asma controllata<\/li><li>Arancione: asma non controllata<\/li><li>Rosso: emergenza<\/li><\/ul><p>Questa scala indicativa permette all&#8217;utente di collocare meglio i risultati delle sue misurazioni in relazione ai valori normali di PEF.<\/p><p>Quando il misuratore di flusso di picco viene utilizzato da pi\u00f9 pazienti, si raccomanda di utilizzare puntali di cartone monouso per evitare qualsiasi rischio di contaminazione incrociata.<\/p>\t\t\t\t\t\t\t\t<\/div>\n\t\t\t\t\t<\/div>\n\t\t<\/div>\n\t\t\t\t\t<\/div>\n\t\t<\/section>\n\t\t\t\t<\/div>\n\t\t","protected":false},"excerpt":{"rendered":"<p>Il misuratore Spengler Peak-Flow \u00e8 un dispositivo meccanico progettato per rilevare il valore massimo del flusso espiratorio (PEF) negli utenti adulti. Presenta una scala graduata con zone colorate per una rapida interpretazione visiva. Compatto, leggero e privo di componenti elettronici, \u00e8 facile da utilizzare. Fornito con boccaglio, istruzioni multilingue e tabella di riferimento. Dispositivo certificato CE, destinato ad applicazioni tecniche in ambito professionale.    <\/p>\n","protected":false},"featured_media":43788,"template":"","meta":{"_acf_changed":false},"product_brand":[2227],"product_cat":[1565,1568],"product_tag":[1852,1853,1595,1597],"class_list":{"0":"post-43784","1":"product","2":"type-product","3":"status-publish","4":"has-post-thumbnail","6":"product_brand-spengler-it","7":"product_cat-spirometri","8":"product_cat-apparecchi-spirometri","9":"product_tag-flusso-di-picco","10":"product_tag-misuratore-di-picco-di-flusso","11":"product_tag-spirometria","12":"product_tag-spirometro","14":"first","15":"instock","16":"sale","17":"taxable","18":"shipping-taxable","19":"purchasable","20":"product-type-simple"},"acf":[],"yoast_head":"<!-- This site is optimized with the Yoast SEO Premium plugin v27.4 (Yoast SEO v27.4) - https:\/\/yoast.com\/product\/yoast-seo-premium-wordpress\/ -->\n<title>Spengler Peak-Flow - Misuratore meccanico di picco di flusso per adulti con area di lettura colorata | Swixed SA<\/title>\n<meta name=\"description\" content=\"Il Peak Flow Spengler \u00e8 un dispositivo medico progettato per prevenire e monitorare l&#039;asma in adulti e bambini. % %\" \/>\n<meta name=\"robots\" content=\"index, follow, max-snippet:-1, max-image-preview:large, max-video-preview:-1\" \/>\n<link rel=\"canonical\" href=\"https:\/\/swixed.ch\/it\/prodotto\/sed95014\/\" \/>\n<meta property=\"og:locale\" content=\"it_IT\" \/>\n<meta property=\"og:type\" content=\"article\" \/>\n<meta property=\"og:title\" content=\"Spengler Peak-Flow - Misuratore meccanico di picco di flusso per adulti con area di lettura colorata\" \/>\n<meta property=\"og:description\" content=\"Il Peak Flow Spengler \u00e8 un dispositivo medico progettato per prevenire e monitorare l&#039;asma in adulti e bambini. % %\" \/>\n<meta property=\"og:url\" content=\"https:\/\/swixed.ch\/it\/prodotto\/sed95014\/\" \/>\n<meta property=\"og:site_name\" content=\"Swixed SA\" \/>\n<meta property=\"article:publisher\" content=\"https:\/\/www.facebook.com\/swixed\" \/>\n<meta property=\"article:modified_time\" content=\"2026-01-31T18:16:42+00:00\" \/>\n<meta property=\"og:image\" content=\"https:\/\/swixed.ch\/wp-content\/uploads\/products\/spengler-peak-flow-meter-01.png\" \/>\n\t<meta property=\"og:image:width\" content=\"600\" \/>\n\t<meta property=\"og:image:height\" content=\"600\" \/>\n\t<meta property=\"og:image:type\" content=\"image\/png\" \/>\n<meta name=\"twitter:card\" content=\"summary_large_image\" \/>\n<meta name=\"twitter:label1\" content=\"Tempo di lettura stimato\" \/>\n\t<meta name=\"twitter:data1\" content=\"1 minuto\" \/>\n<script type=\"application\/ld+json\" class=\"yoast-schema-graph\">{\"@context\":\"https:\\\/\\\/schema.org\",\"@graph\":[{\"@type\":\"WebPage\",\"@id\":\"https:\\\/\\\/swixed.ch\\\/it\\\/prodotto\\\/sed95014\\\/\",\"url\":\"https:\\\/\\\/swixed.ch\\\/it\\\/prodotto\\\/sed95014\\\/\",\"name\":\"Spengler Peak-Flow - Misuratore meccanico di picco di flusso per adulti con area di lettura colorata | Swixed SA\",\"isPartOf\":{\"@id\":\"https:\\\/\\\/swixed.ch\\\/it\\\/#website\"},\"primaryImageOfPage\":{\"@id\":\"https:\\\/\\\/swixed.ch\\\/it\\\/prodotto\\\/sed95014\\\/#primaryimage\"},\"image\":{\"@id\":\"https:\\\/\\\/swixed.ch\\\/it\\\/prodotto\\\/sed95014\\\/#primaryimage\"},\"thumbnailUrl\":\"https:\\\/\\\/swixed.ch\\\/wp-content\\\/uploads\\\/products\\\/spengler-peak-flow-meter-01.png\",\"datePublished\":\"2024-07-02T13:19:05+00:00\",\"dateModified\":\"2026-01-31T18:16:42+00:00\",\"description\":\"Il Peak Flow Spengler \u00e8 un dispositivo medico progettato per prevenire e monitorare l'asma in adulti e bambini. % %\",\"breadcrumb\":{\"@id\":\"https:\\\/\\\/swixed.ch\\\/it\\\/prodotto\\\/sed95014\\\/#breadcrumb\"},\"inLanguage\":\"it-IT\",\"potentialAction\":[{\"@type\":\"ReadAction\",\"target\":[\"https:\\\/\\\/swixed.ch\\\/it\\\/prodotto\\\/sed95014\\\/\"]}]},{\"@type\":\"ImageObject\",\"inLanguage\":\"it-IT\",\"@id\":\"https:\\\/\\\/swixed.ch\\\/it\\\/prodotto\\\/sed95014\\\/#primaryimage\",\"url\":\"https:\\\/\\\/swixed.ch\\\/wp-content\\\/uploads\\\/products\\\/spengler-peak-flow-meter-01.png\",\"contentUrl\":\"https:\\\/\\\/swixed.ch\\\/wp-content\\\/uploads\\\/products\\\/spengler-peak-flow-meter-01.png\",\"width\":600,\"height\":600,\"caption\":\"misuratore di portata di picco spengler 01\"},{\"@type\":\"BreadcrumbList\",\"@id\":\"https:\\\/\\\/swixed.ch\\\/it\\\/prodotto\\\/sed95014\\\/#breadcrumb\",\"itemListElement\":[{\"@type\":\"ListItem\",\"position\":1,\"name\":\"Home\",\"item\":\"https:\\\/\\\/swixed.ch\\\/it\\\/home\\\/\"},{\"@type\":\"ListItem\",\"position\":2,\"name\":\"Negozio\",\"item\":\"https:\\\/\\\/swixed.ch\\\/it\\\/shop\\\/\"},{\"@type\":\"ListItem\",\"position\":3,\"name\":\"Spengler Peak-Flow &#8211; Misuratore meccanico di picco di flusso per adulti con area di lettura colorata\"}]},{\"@type\":\"WebSite\",\"@id\":\"https:\\\/\\\/swixed.ch\\\/it\\\/#website\",\"url\":\"https:\\\/\\\/swixed.ch\\\/it\\\/\",\"name\":\"Swixed SA\",\"description\":\"Dispositivi elettronici\",\"publisher\":{\"@id\":\"https:\\\/\\\/swixed.ch\\\/it\\\/#organization\"},\"potentialAction\":[{\"@type\":\"SearchAction\",\"target\":{\"@type\":\"EntryPoint\",\"urlTemplate\":\"https:\\\/\\\/swixed.ch\\\/it\\\/?s={search_term_string}\"},\"query-input\":{\"@type\":\"PropertyValueSpecification\",\"valueRequired\":true,\"valueName\":\"search_term_string\"}}],\"inLanguage\":\"it-IT\"},{\"@type\":\"Organization\",\"@id\":\"https:\\\/\\\/swixed.ch\\\/it\\\/#organization\",\"name\":\"Swixed SA\",\"url\":\"https:\\\/\\\/swixed.ch\\\/it\\\/\",\"logo\":{\"@type\":\"ImageObject\",\"inLanguage\":\"it-IT\",\"@id\":\"https:\\\/\\\/swixed.ch\\\/it\\\/#\\\/schema\\\/logo\\\/image\\\/\",\"url\":\"https:\\\/\\\/swixed.ch\\\/wp-content\\\/uploads\\\/logos\\\/swixed-logo-lite.png\",\"contentUrl\":\"https:\\\/\\\/swixed.ch\\\/wp-content\\\/uploads\\\/logos\\\/swixed-logo-lite.png\",\"width\":696,\"height\":696,\"caption\":\"Swixed SA\"},\"image\":{\"@id\":\"https:\\\/\\\/swixed.ch\\\/it\\\/#\\\/schema\\\/logo\\\/image\\\/\"},\"sameAs\":[\"https:\\\/\\\/www.facebook.com\\\/swixed\",\"https:\\\/\\\/www.linkedin.com\\\/company\\\/swixed\",\"https:\\\/\\\/www.youtube.com\\\/@swixedsa\"],\"description\":\"Swixed SA est une entreprise suisse bas\u00e9e \u00e0 Gen\u00e8ve, sp\u00e9cialis\u00e9e dans la vente, la location et la maintenance d\u2019appareils m\u00e9dicaux professionnels, tels que d\u00e9fibrillateurs AED, \u00e9lectrocardiographes, moniteurs patient et dispositifs de diagnostic.\",\"email\":\"infoshop@swixed.ch\",\"telephone\":\"+41 22 566 11 95\",\"legalName\":\"Swixed SA\",\"foundingDate\":\"2021-03-01\",\"numberOfEmployees\":{\"@type\":\"QuantitativeValue\",\"minValue\":\"1\",\"maxValue\":\"10\"}}]}<\/script>\n<!-- \/ Yoast SEO Premium plugin. -->","yoast_head_json":{"title":"Spengler Peak-Flow - Misuratore meccanico di picco di flusso per adulti con area di lettura colorata | Swixed SA","description":"Il Peak Flow Spengler \u00e8 un dispositivo medico progettato per prevenire e monitorare l'asma in adulti e bambini. % %","robots":{"index":"index","follow":"follow","max-snippet":"max-snippet:-1","max-image-preview":"max-image-preview:large","max-video-preview":"max-video-preview:-1"},"canonical":"https:\/\/swixed.ch\/it\/prodotto\/sed95014\/","og_locale":"it_IT","og_type":"article","og_title":"Spengler Peak-Flow - Misuratore meccanico di picco di flusso per adulti con area di lettura colorata","og_description":"Il Peak Flow Spengler \u00e8 un dispositivo medico progettato per prevenire e monitorare l'asma in adulti e bambini. % %","og_url":"https:\/\/swixed.ch\/it\/prodotto\/sed95014\/","og_site_name":"Swixed SA","article_publisher":"https:\/\/www.facebook.com\/swixed","article_modified_time":"2026-01-31T18:16:42+00:00","og_image":[{"width":600,"height":600,"url":"https:\/\/swixed.ch\/wp-content\/uploads\/products\/spengler-peak-flow-meter-01.png","type":"image\/png"}],"twitter_card":"summary_large_image","twitter_misc":{"Tempo di lettura stimato":"1 minuto"},"schema":{"@context":"https:\/\/schema.org","@graph":[{"@type":"WebPage","@id":"https:\/\/swixed.ch\/it\/prodotto\/sed95014\/","url":"https:\/\/swixed.ch\/it\/prodotto\/sed95014\/","name":"Spengler Peak-Flow - Misuratore meccanico di picco di flusso per adulti con area di lettura colorata | Swixed SA","isPartOf":{"@id":"https:\/\/swixed.ch\/it\/#website"},"primaryImageOfPage":{"@id":"https:\/\/swixed.ch\/it\/prodotto\/sed95014\/#primaryimage"},"image":{"@id":"https:\/\/swixed.ch\/it\/prodotto\/sed95014\/#primaryimage"},"thumbnailUrl":"https:\/\/swixed.ch\/wp-content\/uploads\/products\/spengler-peak-flow-meter-01.png","datePublished":"2024-07-02T13:19:05+00:00","dateModified":"2026-01-31T18:16:42+00:00","description":"Il Peak Flow Spengler \u00e8 un dispositivo medico progettato per prevenire e monitorare l'asma in adulti e bambini. % %","breadcrumb":{"@id":"https:\/\/swixed.ch\/it\/prodotto\/sed95014\/#breadcrumb"},"inLanguage":"it-IT","potentialAction":[{"@type":"ReadAction","target":["https:\/\/swixed.ch\/it\/prodotto\/sed95014\/"]}]},{"@type":"ImageObject","inLanguage":"it-IT","@id":"https:\/\/swixed.ch\/it\/prodotto\/sed95014\/#primaryimage","url":"https:\/\/swixed.ch\/wp-content\/uploads\/products\/spengler-peak-flow-meter-01.png","contentUrl":"https:\/\/swixed.ch\/wp-content\/uploads\/products\/spengler-peak-flow-meter-01.png","width":600,"height":600,"caption":"misuratore di portata di picco spengler 01"},{"@type":"BreadcrumbList","@id":"https:\/\/swixed.ch\/it\/prodotto\/sed95014\/#breadcrumb","itemListElement":[{"@type":"ListItem","position":1,"name":"Home","item":"https:\/\/swixed.ch\/it\/home\/"},{"@type":"ListItem","position":2,"name":"Negozio","item":"https:\/\/swixed.ch\/it\/shop\/"},{"@type":"ListItem","position":3,"name":"Spengler Peak-Flow &#8211; Misuratore meccanico di picco di flusso per adulti con area di lettura colorata"}]},{"@type":"WebSite","@id":"https:\/\/swixed.ch\/it\/#website","url":"https:\/\/swixed.ch\/it\/","name":"Swixed SA","description":"Dispositivi elettronici","publisher":{"@id":"https:\/\/swixed.ch\/it\/#organization"},"potentialAction":[{"@type":"SearchAction","target":{"@type":"EntryPoint","urlTemplate":"https:\/\/swixed.ch\/it\/?s={search_term_string}"},"query-input":{"@type":"PropertyValueSpecification","valueRequired":true,"valueName":"search_term_string"}}],"inLanguage":"it-IT"},{"@type":"Organization","@id":"https:\/\/swixed.ch\/it\/#organization","name":"Swixed SA","url":"https:\/\/swixed.ch\/it\/","logo":{"@type":"ImageObject","inLanguage":"it-IT","@id":"https:\/\/swixed.ch\/it\/#\/schema\/logo\/image\/","url":"https:\/\/swixed.ch\/wp-content\/uploads\/logos\/swixed-logo-lite.png","contentUrl":"https:\/\/swixed.ch\/wp-content\/uploads\/logos\/swixed-logo-lite.png","width":696,"height":696,"caption":"Swixed SA"},"image":{"@id":"https:\/\/swixed.ch\/it\/#\/schema\/logo\/image\/"},"sameAs":["https:\/\/www.facebook.com\/swixed","https:\/\/www.linkedin.com\/company\/swixed","https:\/\/www.youtube.com\/@swixedsa"],"description":"Swixed SA est une entreprise suisse bas\u00e9e \u00e0 Gen\u00e8ve, sp\u00e9cialis\u00e9e dans la vente, la location et la maintenance d\u2019appareils m\u00e9dicaux professionnels, tels que d\u00e9fibrillateurs AED, \u00e9lectrocardiographes, moniteurs patient et dispositifs de diagnostic.","email":"infoshop@swixed.ch","telephone":"+41 22 566 11 95","legalName":"Swixed SA","foundingDate":"2021-03-01","numberOfEmployees":{"@type":"QuantitativeValue","minValue":"1","maxValue":"10"}}]}},"_links":{"self":[{"href":"https:\/\/swixed.ch\/it\/wp-json\/wp\/v2\/product\/43784","targetHints":{"allow":["GET"]}}],"collection":[{"href":"https:\/\/swixed.ch\/it\/wp-json\/wp\/v2\/product"}],"about":[{"href":"https:\/\/swixed.ch\/it\/wp-json\/wp\/v2\/types\/product"}],"version-history":[{"count":0,"href":"https:\/\/swixed.ch\/it\/wp-json\/wp\/v2\/product\/43784\/revisions"}],"wp:featuredmedia":[{"embeddable":true,"href":"https:\/\/swixed.ch\/it\/wp-json\/wp\/v2\/media\/43788"}],"wp:attachment":[{"href":"https:\/\/swixed.ch\/it\/wp-json\/wp\/v2\/media?parent=43784"}],"wp:term":[{"taxonomy":"product_brand","embeddable":true,"href":"https:\/\/swixed.ch\/it\/wp-json\/wp\/v2\/product_brand?post=43784"},{"taxonomy":"product_cat","embeddable":true,"href":"https:\/\/swixed.ch\/it\/wp-json\/wp\/v2\/product_cat?post=43784"},{"taxonomy":"product_tag","embeddable":true,"href":"https:\/\/swixed.ch\/it\/wp-json\/wp\/v2\/product_tag?post=43784"}],"curies":[{"name":"wp","href":"https:\/\/api.w.org\/{rel}","templated":true}]}}