{"id":43807,"date":"2024-07-03T11:21:46","date_gmt":"2024-07-03T10:21:46","guid":{"rendered":"https:\/\/swixed.com\/?post_type=product&#038;p=43807"},"modified":"2026-02-03T22:17:36","modified_gmt":"2026-02-03T21:17:36","slug":"sed14012","status":"publish","type":"product","link":"https:\/\/swixed.ch\/it\/prodotto\/sed14012\/","title":{"rendered":"Carrello con rotelle per ECG Schiller Cardiovit AT-102 \/ AT-102 G2"},"content":{"rendered":"\t\t<div data-elementor-type=\"product-post\" data-elementor-id=\"43807\" class=\"elementor elementor-43807 elementor-43803\" data-elementor-post-type=\"product\">\n\t\t\t\t<div class=\"elementor-element elementor-element-4dd358c e-con-full e-flex e-con e-parent\" data-id=\"4dd358c\" data-element_type=\"container\" data-e-type=\"container\">\n\t\t<div class=\"elementor-element elementor-element-3ab347d e-con-full e-flex e-con e-child\" data-id=\"3ab347d\" data-element_type=\"container\" data-e-type=\"container\">\n\t\t\t\t<div class=\"elementor-element elementor-element-4e9ca79 elementor-widget elementor-widget-heading\" data-id=\"4e9ca79\" data-element_type=\"widget\" data-e-type=\"widget\" data-widget_type=\"heading.default\">\n\t\t\t\t\t<h2 class=\"elementor-heading-title elementor-size-default\">Caratteristiche principali<\/h2>\t\t\t\t<\/div>\n\t\t\t\t<div class=\"elementor-element elementor-element-0c426f8 elementor-widget elementor-widget-text-editor\" data-id=\"0c426f8\" data-element_type=\"widget\" data-e-type=\"widget\" data-widget_type=\"text-editor.default\">\n\t\t\t\t\t\t\t\t\t<p>Il carrello su ruote Schiller per ECG Cardiovit AT-102 e AT-102 G2 combina stabilit\u00e0, mobilit\u00e0 e design funzionale. La sua struttura in metallo garantisce una stabilit\u00e0 duratura, mentre la base su ruote lo rende facile da spostare frequentemente negli ambienti medici. Inoltre, grazie all&#8217;altezza di lavoro standardizzata, pu\u00f2 essere utilizzato in modo coerente in diversi ambienti professionali.  <\/p><p>Caratteristiche principali:<\/p><ul><li>Console in acciaio con maniglia in ABS<\/li><li>Colonna in alluminio con supporto integrato<\/li><li>51,5 \u00d7 51,5 cm base a rotelle<\/li><li>Quattro rotelle con freno, diametro 10 cm<\/li><li>Tre passacavi ABS integrati<\/li><\/ul><p><br>Di conseguenza, l&#8217;intero sistema contribuisce a una chiara organizzazione del materiale ECG, mantenendo una mobilit\u00e0 controllata.<\/p>\t\t\t\t\t\t\t\t<\/div>\n\t\t\t\t<div class=\"elementor-element elementor-element-9a8f0f6 elementor-widget elementor-widget-heading\" data-id=\"9a8f0f6\" data-element_type=\"widget\" data-e-type=\"widget\" data-widget_type=\"heading.default\">\n\t\t\t\t\t<h2 class=\"elementor-heading-title elementor-size-default\">Caratteristiche<\/h2>\t\t\t\t<\/div>\n\t\t\t\t<div class=\"elementor-element elementor-element-495a869 elementor-widget elementor-widget-text-editor\" data-id=\"495a869\" data-element_type=\"widget\" data-e-type=\"widget\" data-widget_type=\"text-editor.default\">\n\t\t\t\t\t\t\t\t\t<p>Questo carrello \u00e8 stato progettato per ottimizzare l&#8217;installazione e il posizionamento degli elettrocardiografi Schiller compatibili. Il cestino in policarbonato regolabile in altezza permette di riporre gli accessori essenziali, come cavi ed elettrodi, proprio accanto all&#8217;unit\u00e0. Inoltre, la struttura aperta facilita l&#8217;accesso rapido alle apparecchiature, senza doverle maneggiare in modo complesso.  <\/p><p>Caratteristiche funzionali:<\/p><ul><li>Cestino incorporato con carico massimo di 5 kg<\/li><li>Dimensioni del cestino: 35 \u00d7 25 \u00d7 10,5 cm<\/li><li>Altezza di lavoro circa 96 cm<\/li><li>Progettato per i flussi di lavoro medici<\/li><\/ul><p><br>Di conseguenza, questo carrello favorisce un uso razionale dello spazio e un flusso fluido dei materiali.<\/p>\t\t\t\t\t\t\t\t<\/div>\n\t\t\t\t<div class=\"elementor-element elementor-element-9eb2bec elementor-widget elementor-widget-heading\" data-id=\"9eb2bec\" data-element_type=\"widget\" data-e-type=\"widget\" data-widget_type=\"heading.default\">\n\t\t\t\t\t<h2 class=\"elementor-heading-title elementor-size-default\">Utilizzo, conformit\u00e0 e raccomandazioni<\/h2>\t\t\t\t<\/div>\n\t\t\t\t<div class=\"elementor-element elementor-element-a701408 elementor-widget elementor-widget-text-editor\" data-id=\"a701408\" data-element_type=\"widget\" data-e-type=\"widget\" data-widget_type=\"text-editor.default\">\n\t\t\t\t\t\t\t\t\t<p>Il carrello Schiller \u00e8 destinato all&#8217;uso professionale come accessorio per i dispositivi medici diagnostici. In Svizzera, gli accessori per ECG rientrano nel quadro normativo definito dall&#8217;Ufficio Federale della Sanit\u00e0 Pubblica, che pubblica informazioni generali sul loro utilizzo. Infine, il Centro Svizzero di Informazione sui Regolamenti Tecnici fornisce utili risorse tecniche per i professionisti.  <br>\t\t<div data-elementor-type=\"widget\" data-elementor-id=\"60301\" class=\"elementor elementor-60301 elementor-60240 elementor-60240\" data-elementor-post-type=\"elementor_library\">\n\t\t\t\t\t\t<div class=\"elementor-element elementor-element-60240 elementor-widget elementor-widget-text-editor\" data-id=\"60240\" data-element_type=\"widget\" data-e-type=\"widget\" data-widget_type=\"text-editor.default\">\n\t\t\t\t\t\t\t\t\t<p>Per maggiori informazioni, consulta :<\/p><ul><li><a href=\"https:\/\/www.bag.admin.ch\" target=\"_blank\" rel=\"noopener\">Ufficio federale della sanit\u00e0 pubblica (UFSP)<\/a><\/li><li><a href=\"https:\/\/www.switec.info\" target=\"_blank\" rel=\"noopener\">Centro d&#8217;informazione svizzero per le norme tecniche (Switec)<\/a><\/li><\/ul><p><br>I nostri dispositivi medici hanno un rappresentante autorizzato in Svizzera (CH-REP), in conformit\u00e0 con l&#8217;attuale legislazione svizzera sui dispositivi medici.<\/p>\t\t\t\t\t\t\t\t<\/div>\n\t\t\t\t<\/div>\n\t\t<\/p>\t\t\t\t\t\t\t\t<\/div>\n\t\t\t\t<div class=\"elementor-element elementor-element-fb600c9 elementor-widget elementor-widget-heading\" data-id=\"fb600c9\" data-element_type=\"widget\" data-e-type=\"widget\" data-widget_type=\"heading.default\">\n\t\t\t\t\t<h2 class=\"elementor-heading-title elementor-size-default\">Contenuto<\/h2>\t\t\t\t<\/div>\n\t\t\t\t<div class=\"elementor-element elementor-element-6cbacf0 elementor-widget elementor-widget-text-editor\" data-id=\"6cbacf0\" data-element_type=\"widget\" data-e-type=\"widget\" data-widget_type=\"text-editor.default\">\n\t\t\t\t\t\t\t\t\t<p>Il carrello su ruote Schiller \u00e8 un supporto mobile per gli elettrocardiografi Cardiovit AT-102 e AT-102 G2. Combina una console stabile, un cestino portaoggetti integrato e una base con ruote con freno, per facilitare l&#8217;organizzazione e lo spostamento delle apparecchiature ECG in ambienti medici professionali. <\/p><p>Contenuto della confezione :<\/p><ul><li>Carrello Schiller su ruote per ECG Cardiovit AT-102 \/ AT-102 G2<\/li><li>Cestino portaoggetti integrato<\/li><li>Istruzioni per l&#8217;uso<\/li><\/ul>\t\t\t\t\t\t\t\t<\/div>\n\t\t\t\t<\/div>\n\t\t\t\t<\/div>\n\t\t\t\t<\/div>\n\t\t","protected":false},"excerpt":{"rendered":"<p>Il carrello per ECG Schiller \u00e8 un supporto mobile progettato per gli elettrocardiografi Cardiovit AT-102 e AT-102 G2. La sua struttura in acciaio e alluminio garantisce una stabilit\u00e0 adatta all&#8217;uso professionale. Inoltre, il cestino integrato permette di riporre in modo organizzato gli accessori. Grazie alle ruote con freno, questo carrello consente di spostare facilmente le apparecchiature in diversi ambienti medici, ottimizzando l&#8217;organizzazione dello spazio di lavoro.   <\/p>\n","protected":false},"featured_media":61919,"template":"","meta":{"_acf_changed":false},"product_brand":[2180],"product_cat":[1197,966],"product_tag":[4490,3760,5184,4428,4424,7843,7839,6743,7838,7837],"class_list":{"0":"post-43807","1":"product","2":"type-product","3":"status-publish","4":"has-post-thumbnail","6":"product_brand-schiller-it","7":"product_cat-accessori-elettrocardiografi","8":"product_cat-elettrocardiografi","9":"product_tag-accessorio-ecg","10":"product_tag-attrezzature-mediche","11":"product_tag-carrello-a-ruote","12":"product_tag-carrello-medico","13":"product_tag-carrello-per-ecg","14":"product_tag-compatibile-con-schiller","15":"product_tag-installazione-dellecg","16":"product_tag-manutenzione-dellecg","17":"product_tag-mobili-medici","18":"product_tag-supporto-ecg","20":"first","21":"instock","22":"taxable","23":"shipping-taxable","24":"purchasable","25":"product-type-simple"},"acf":[],"yoast_head":"<!-- This site is optimized with the Yoast SEO Premium plugin v27.4 (Yoast SEO v27.4) - https:\/\/yoast.com\/product\/yoast-seo-premium-wordpress\/ -->\n<title>Carrello ECG Schiller Cardiovit AT-102 \/ G2 | Swixed SA su ruote<\/title>\n<meta name=\"description\" content=\"Carrello su ruote Schiller progettato per ECG Cardiovit AT-102 e AT-102 G2, struttura robusta, cestino e mobilit\u00e0 adatta agli ambienti medici.\" \/>\n<meta name=\"robots\" content=\"index, follow, max-snippet:-1, max-image-preview:large, max-video-preview:-1\" \/>\n<link rel=\"canonical\" href=\"https:\/\/swixed.ch\/it\/prodotto\/sed14012\/\" \/>\n<meta property=\"og:locale\" content=\"it_IT\" \/>\n<meta property=\"og:type\" content=\"article\" \/>\n<meta property=\"og:title\" content=\"Carrello con rotelle per ECG Schiller Cardiovit AT-102 \/ AT-102 G2\" \/>\n<meta property=\"og:description\" content=\"Carrello su ruote Schiller progettato per ECG Cardiovit AT-102 e AT-102 G2, struttura robusta, cestino e mobilit\u00e0 adatta agli ambienti medici.\" \/>\n<meta property=\"og:url\" content=\"https:\/\/swixed.ch\/it\/prodotto\/sed14012\/\" \/>\n<meta property=\"og:site_name\" content=\"Swixed SA\" \/>\n<meta property=\"article:publisher\" content=\"https:\/\/www.facebook.com\/swixed\" \/>\n<meta property=\"article:modified_time\" content=\"2026-02-03T21:17:36+00:00\" \/>\n<meta property=\"og:image\" content=\"https:\/\/swixed.ch\/wp-content\/uploads\/2026\/02\/SED14012-01.png\" \/>\n\t<meta property=\"og:image:width\" content=\"600\" \/>\n\t<meta property=\"og:image:height\" content=\"600\" \/>\n\t<meta property=\"og:image:type\" content=\"image\/png\" \/>\n<meta name=\"twitter:card\" content=\"summary_large_image\" \/>\n<meta name=\"twitter:label1\" content=\"Tempo di lettura stimato\" \/>\n\t<meta name=\"twitter:data1\" content=\"2 minuti\" \/>\n<script type=\"application\/ld+json\" class=\"yoast-schema-graph\">{\"@context\":\"https:\\\/\\\/schema.org\",\"@graph\":[{\"@type\":\"WebPage\",\"@id\":\"https:\\\/\\\/swixed.ch\\\/it\\\/prodotto\\\/sed14012\\\/\",\"url\":\"https:\\\/\\\/swixed.ch\\\/it\\\/prodotto\\\/sed14012\\\/\",\"name\":\"Carrello ECG Schiller Cardiovit AT-102 \\\/ G2 | Swixed SA su ruote\",\"isPartOf\":{\"@id\":\"https:\\\/\\\/swixed.ch\\\/it\\\/#website\"},\"primaryImageOfPage\":{\"@id\":\"https:\\\/\\\/swixed.ch\\\/it\\\/prodotto\\\/sed14012\\\/#primaryimage\"},\"image\":{\"@id\":\"https:\\\/\\\/swixed.ch\\\/it\\\/prodotto\\\/sed14012\\\/#primaryimage\"},\"thumbnailUrl\":\"https:\\\/\\\/swixed.ch\\\/wp-content\\\/uploads\\\/2026\\\/02\\\/SED14012-01.png\",\"datePublished\":\"2024-07-03T10:21:46+00:00\",\"dateModified\":\"2026-02-03T21:17:36+00:00\",\"description\":\"Carrello su ruote Schiller progettato per ECG Cardiovit AT-102 e AT-102 G2, struttura robusta, cestino e mobilit\u00e0 adatta agli ambienti medici.\",\"breadcrumb\":{\"@id\":\"https:\\\/\\\/swixed.ch\\\/it\\\/prodotto\\\/sed14012\\\/#breadcrumb\"},\"inLanguage\":\"it-IT\",\"potentialAction\":[{\"@type\":\"ReadAction\",\"target\":[\"https:\\\/\\\/swixed.ch\\\/it\\\/prodotto\\\/sed14012\\\/\"]}]},{\"@type\":\"ImageObject\",\"inLanguage\":\"it-IT\",\"@id\":\"https:\\\/\\\/swixed.ch\\\/it\\\/prodotto\\\/sed14012\\\/#primaryimage\",\"url\":\"https:\\\/\\\/swixed.ch\\\/wp-content\\\/uploads\\\/2026\\\/02\\\/SED14012-01.png\",\"contentUrl\":\"https:\\\/\\\/swixed.ch\\\/wp-content\\\/uploads\\\/2026\\\/02\\\/SED14012-01.png\",\"width\":600,\"height\":600,\"caption\":\"SED14012\"},{\"@type\":\"BreadcrumbList\",\"@id\":\"https:\\\/\\\/swixed.ch\\\/it\\\/prodotto\\\/sed14012\\\/#breadcrumb\",\"itemListElement\":[{\"@type\":\"ListItem\",\"position\":1,\"name\":\"Home\",\"item\":\"https:\\\/\\\/swixed.ch\\\/it\\\/home\\\/\"},{\"@type\":\"ListItem\",\"position\":2,\"name\":\"Negozio\",\"item\":\"https:\\\/\\\/swixed.ch\\\/it\\\/shop\\\/\"},{\"@type\":\"ListItem\",\"position\":3,\"name\":\"Carrello con rotelle per ECG Schiller Cardiovit AT-102 \\\/ AT-102 G2\"}]},{\"@type\":\"WebSite\",\"@id\":\"https:\\\/\\\/swixed.ch\\\/it\\\/#website\",\"url\":\"https:\\\/\\\/swixed.ch\\\/it\\\/\",\"name\":\"Swixed SA\",\"description\":\"Dispositivi elettronici\",\"publisher\":{\"@id\":\"https:\\\/\\\/swixed.ch\\\/it\\\/#organization\"},\"potentialAction\":[{\"@type\":\"SearchAction\",\"target\":{\"@type\":\"EntryPoint\",\"urlTemplate\":\"https:\\\/\\\/swixed.ch\\\/it\\\/?s={search_term_string}\"},\"query-input\":{\"@type\":\"PropertyValueSpecification\",\"valueRequired\":true,\"valueName\":\"search_term_string\"}}],\"inLanguage\":\"it-IT\"},{\"@type\":\"Organization\",\"@id\":\"https:\\\/\\\/swixed.ch\\\/it\\\/#organization\",\"name\":\"Swixed SA\",\"url\":\"https:\\\/\\\/swixed.ch\\\/it\\\/\",\"logo\":{\"@type\":\"ImageObject\",\"inLanguage\":\"it-IT\",\"@id\":\"https:\\\/\\\/swixed.ch\\\/it\\\/#\\\/schema\\\/logo\\\/image\\\/\",\"url\":\"https:\\\/\\\/swixed.ch\\\/wp-content\\\/uploads\\\/logos\\\/swixed-logo-lite.png\",\"contentUrl\":\"https:\\\/\\\/swixed.ch\\\/wp-content\\\/uploads\\\/logos\\\/swixed-logo-lite.png\",\"width\":696,\"height\":696,\"caption\":\"Swixed SA\"},\"image\":{\"@id\":\"https:\\\/\\\/swixed.ch\\\/it\\\/#\\\/schema\\\/logo\\\/image\\\/\"},\"sameAs\":[\"https:\\\/\\\/www.facebook.com\\\/swixed\",\"https:\\\/\\\/www.linkedin.com\\\/company\\\/swixed\",\"https:\\\/\\\/www.youtube.com\\\/@swixedsa\"],\"description\":\"Swixed SA est une entreprise suisse bas\u00e9e \u00e0 Gen\u00e8ve, sp\u00e9cialis\u00e9e dans la vente, la location et la maintenance d\u2019appareils m\u00e9dicaux professionnels, tels que d\u00e9fibrillateurs AED, \u00e9lectrocardiographes, moniteurs patient et dispositifs de diagnostic.\",\"email\":\"infoshop@swixed.ch\",\"telephone\":\"+41 22 566 11 95\",\"legalName\":\"Swixed SA\",\"foundingDate\":\"2021-03-01\",\"numberOfEmployees\":{\"@type\":\"QuantitativeValue\",\"minValue\":\"1\",\"maxValue\":\"10\"}}]}<\/script>\n<!-- \/ Yoast SEO Premium plugin. -->","yoast_head_json":{"title":"Carrello ECG Schiller Cardiovit AT-102 \/ G2 | Swixed SA su ruote","description":"Carrello su ruote Schiller progettato per ECG Cardiovit AT-102 e AT-102 G2, struttura robusta, cestino e mobilit\u00e0 adatta agli ambienti medici.","robots":{"index":"index","follow":"follow","max-snippet":"max-snippet:-1","max-image-preview":"max-image-preview:large","max-video-preview":"max-video-preview:-1"},"canonical":"https:\/\/swixed.ch\/it\/prodotto\/sed14012\/","og_locale":"it_IT","og_type":"article","og_title":"Carrello con rotelle per ECG Schiller Cardiovit AT-102 \/ AT-102 G2","og_description":"Carrello su ruote Schiller progettato per ECG Cardiovit AT-102 e AT-102 G2, struttura robusta, cestino e mobilit\u00e0 adatta agli ambienti medici.","og_url":"https:\/\/swixed.ch\/it\/prodotto\/sed14012\/","og_site_name":"Swixed SA","article_publisher":"https:\/\/www.facebook.com\/swixed","article_modified_time":"2026-02-03T21:17:36+00:00","og_image":[{"width":600,"height":600,"url":"https:\/\/swixed.ch\/wp-content\/uploads\/2026\/02\/SED14012-01.png","type":"image\/png"}],"twitter_card":"summary_large_image","twitter_misc":{"Tempo di lettura stimato":"2 minuti"},"schema":{"@context":"https:\/\/schema.org","@graph":[{"@type":"WebPage","@id":"https:\/\/swixed.ch\/it\/prodotto\/sed14012\/","url":"https:\/\/swixed.ch\/it\/prodotto\/sed14012\/","name":"Carrello ECG Schiller Cardiovit AT-102 \/ G2 | Swixed SA su ruote","isPartOf":{"@id":"https:\/\/swixed.ch\/it\/#website"},"primaryImageOfPage":{"@id":"https:\/\/swixed.ch\/it\/prodotto\/sed14012\/#primaryimage"},"image":{"@id":"https:\/\/swixed.ch\/it\/prodotto\/sed14012\/#primaryimage"},"thumbnailUrl":"https:\/\/swixed.ch\/wp-content\/uploads\/2026\/02\/SED14012-01.png","datePublished":"2024-07-03T10:21:46+00:00","dateModified":"2026-02-03T21:17:36+00:00","description":"Carrello su ruote Schiller progettato per ECG Cardiovit AT-102 e AT-102 G2, struttura robusta, cestino e mobilit\u00e0 adatta agli ambienti medici.","breadcrumb":{"@id":"https:\/\/swixed.ch\/it\/prodotto\/sed14012\/#breadcrumb"},"inLanguage":"it-IT","potentialAction":[{"@type":"ReadAction","target":["https:\/\/swixed.ch\/it\/prodotto\/sed14012\/"]}]},{"@type":"ImageObject","inLanguage":"it-IT","@id":"https:\/\/swixed.ch\/it\/prodotto\/sed14012\/#primaryimage","url":"https:\/\/swixed.ch\/wp-content\/uploads\/2026\/02\/SED14012-01.png","contentUrl":"https:\/\/swixed.ch\/wp-content\/uploads\/2026\/02\/SED14012-01.png","width":600,"height":600,"caption":"SED14012"},{"@type":"BreadcrumbList","@id":"https:\/\/swixed.ch\/it\/prodotto\/sed14012\/#breadcrumb","itemListElement":[{"@type":"ListItem","position":1,"name":"Home","item":"https:\/\/swixed.ch\/it\/home\/"},{"@type":"ListItem","position":2,"name":"Negozio","item":"https:\/\/swixed.ch\/it\/shop\/"},{"@type":"ListItem","position":3,"name":"Carrello con rotelle per ECG Schiller Cardiovit AT-102 \/ AT-102 G2"}]},{"@type":"WebSite","@id":"https:\/\/swixed.ch\/it\/#website","url":"https:\/\/swixed.ch\/it\/","name":"Swixed SA","description":"Dispositivi elettronici","publisher":{"@id":"https:\/\/swixed.ch\/it\/#organization"},"potentialAction":[{"@type":"SearchAction","target":{"@type":"EntryPoint","urlTemplate":"https:\/\/swixed.ch\/it\/?s={search_term_string}"},"query-input":{"@type":"PropertyValueSpecification","valueRequired":true,"valueName":"search_term_string"}}],"inLanguage":"it-IT"},{"@type":"Organization","@id":"https:\/\/swixed.ch\/it\/#organization","name":"Swixed SA","url":"https:\/\/swixed.ch\/it\/","logo":{"@type":"ImageObject","inLanguage":"it-IT","@id":"https:\/\/swixed.ch\/it\/#\/schema\/logo\/image\/","url":"https:\/\/swixed.ch\/wp-content\/uploads\/logos\/swixed-logo-lite.png","contentUrl":"https:\/\/swixed.ch\/wp-content\/uploads\/logos\/swixed-logo-lite.png","width":696,"height":696,"caption":"Swixed SA"},"image":{"@id":"https:\/\/swixed.ch\/it\/#\/schema\/logo\/image\/"},"sameAs":["https:\/\/www.facebook.com\/swixed","https:\/\/www.linkedin.com\/company\/swixed","https:\/\/www.youtube.com\/@swixedsa"],"description":"Swixed SA est une entreprise suisse bas\u00e9e \u00e0 Gen\u00e8ve, sp\u00e9cialis\u00e9e dans la vente, la location et la maintenance d\u2019appareils m\u00e9dicaux professionnels, tels que d\u00e9fibrillateurs AED, \u00e9lectrocardiographes, moniteurs patient et dispositifs de diagnostic.","email":"infoshop@swixed.ch","telephone":"+41 22 566 11 95","legalName":"Swixed SA","foundingDate":"2021-03-01","numberOfEmployees":{"@type":"QuantitativeValue","minValue":"1","maxValue":"10"}}]}},"_links":{"self":[{"href":"https:\/\/swixed.ch\/it\/wp-json\/wp\/v2\/product\/43807","targetHints":{"allow":["GET"]}}],"collection":[{"href":"https:\/\/swixed.ch\/it\/wp-json\/wp\/v2\/product"}],"about":[{"href":"https:\/\/swixed.ch\/it\/wp-json\/wp\/v2\/types\/product"}],"version-history":[{"count":0,"href":"https:\/\/swixed.ch\/it\/wp-json\/wp\/v2\/product\/43807\/revisions"}],"wp:featuredmedia":[{"embeddable":true,"href":"https:\/\/swixed.ch\/it\/wp-json\/wp\/v2\/media\/61919"}],"wp:attachment":[{"href":"https:\/\/swixed.ch\/it\/wp-json\/wp\/v2\/media?parent=43807"}],"wp:term":[{"taxonomy":"product_brand","embeddable":true,"href":"https:\/\/swixed.ch\/it\/wp-json\/wp\/v2\/product_brand?post=43807"},{"taxonomy":"product_cat","embeddable":true,"href":"https:\/\/swixed.ch\/it\/wp-json\/wp\/v2\/product_cat?post=43807"},{"taxonomy":"product_tag","embeddable":true,"href":"https:\/\/swixed.ch\/it\/wp-json\/wp\/v2\/product_tag?post=43807"}],"curies":[{"name":"wp","href":"https:\/\/api.w.org\/{rel}","templated":true}]}}