{"id":53772,"date":"2025-10-15T18:40:38","date_gmt":"2025-10-15T17:40:38","guid":{"rendered":"https:\/\/swixed.com\/?post_type=product&#038;p=53772"},"modified":"2026-04-20T18:55:38","modified_gmt":"2026-04-20T17:55:38","slug":"sed34019","status":"publish","type":"product","link":"https:\/\/swixed.ch\/it\/prodotto\/sed34019\/","title":{"rendered":"Kit di pronto soccorso DefiSign per accessori DAE"},"content":{"rendered":"\t\t<div data-elementor-type=\"product-post\" data-elementor-id=\"53772\" class=\"elementor elementor-53772 elementor-53768\" data-elementor-post-type=\"product\">\n\t\t\t\t<div class=\"elementor-element elementor-element-608a657 e-con-full e-flex e-con e-parent\" data-id=\"608a657\" data-element_type=\"container\" data-e-type=\"container\">\n\t\t<div class=\"elementor-element elementor-element-bbe6cb6 e-con-full e-flex e-con e-child\" data-id=\"bbe6cb6\" data-element_type=\"container\" data-e-type=\"container\">\n\t\t\t\t<div class=\"elementor-element elementor-element-32e38b6 elementor-widget elementor-widget-heading\" data-id=\"32e38b6\" data-element_type=\"widget\" data-e-type=\"widget\" data-widget_type=\"heading.default\">\n\t\t\t\t\t<h2 class=\"elementor-heading-title elementor-size-default\">Presentazione generale<\/h2>\t\t\t\t<\/div>\n\t\t\t\t<div class=\"elementor-element elementor-element-ab8848a elementor-widget elementor-widget-text-editor\" data-id=\"ab8848a\" data-element_type=\"widget\" data-e-type=\"widget\" data-widget_type=\"text-editor.default\">\n\t\t\t\t\t\t\t\t\t<p>Questo kit di primo soccorso Defisign per defibrillatori (DAE) contiene tutti gli accessori necessari per intervenire in modo rapido e sicuro in caso di arresto cardiaco. Progettato per accompagnare l&#8217;uso di un DAE, prepara efficacemente la vittima prima dell&#8217;applicazione degli elettrodi e della rianimazione. <\/p><p>Il kit comprende una maschera bocca a bocca con valvola di non ritorno per una ventilazione igienica, forbici di emergenza Lister per una rapida liberazione del torace, guanti in vinile monouso per la protezione del soccorritore e un rasoio monouso per garantire un&#8217;adesione ottimale degli elettrodi alla pelle. Per disinfettare le mani si usano impacchi sterili a base di alcol, mentre per asciugare la pelle o rimuovere i peli dopo la rasatura si usa un asciugamano di carta assorbente. <\/p><p>Indispensabile nei luoghi pubblici, nelle aziende, negli esercizi aperti al pubblico, nei palazzetti dello sport o nelle comunit\u00e0, questo kit di pronto intervento ottimizza le possibilit\u00e0 di successo durante la rianimazione cardiopolmonare e garantisce un uso corretto ed efficace del defibrillatore.<\/p>\t\t\t\t\t\t\t\t<\/div>\n\t\t\t\t<div class=\"elementor-element elementor-element-ca1bd53 elementor-widget elementor-widget-heading\" data-id=\"ca1bd53\" data-element_type=\"widget\" data-e-type=\"widget\" data-widget_type=\"heading.default\">\n\t\t\t\t\t<h2 class=\"elementor-heading-title elementor-size-default\">Caratteristiche tecniche e organizzazione delle attrezzature<\/h2>\t\t\t\t<\/div>\n\t\t\t\t<div class=\"elementor-element elementor-element-d73fccf elementor-widget elementor-widget-text-editor\" data-id=\"d73fccf\" data-element_type=\"widget\" data-e-type=\"widget\" data-widget_type=\"text-editor.default\">\n\t\t\t\t\t\t\t\t\t<p>Questo kit di pronto soccorso presenta una serie di elementi pensati per organizzare il contenuto in modo chiaro. I punti seguenti riassumono le sue caratteristiche principali: <\/p><ul><li>Struttura semirigida con imbottitura antishock<\/li><li>Apertura con zip a due vie<\/li><li>Scomparti interni per guanti e piccoli accessori<\/li><li>Strisce di supporto per stabilizzare gli oggetti<\/li><li>Tessuto resistente all&#8217;usura e agli schizzi<\/li><li>Formato compatibile con gli accessori associati a molti DAE<\/li><\/ul><p><br>Grazie a questa organizzazione, l&#8217;attrezzatura rimane ordinata e facile da identificare. Ci\u00f2 significa che i team possono preparare rapidamente ci\u00f2 di cui hanno bisogno. <\/p>\t\t\t\t\t\t\t\t<\/div>\n\t\t\t\t<div class=\"elementor-element elementor-element-edab8f2 elementor-widget elementor-widget-heading\" data-id=\"edab8f2\" data-element_type=\"widget\" data-e-type=\"widget\" data-widget_type=\"heading.default\">\n\t\t\t\t\t<h2 class=\"elementor-heading-title elementor-size-default\">Utilizzo e conformit\u00e0<\/h2>\t\t\t\t<\/div>\n\t\t\t\t<div class=\"elementor-element elementor-element-a2ef763 elementor-widget elementor-widget-text-editor\" data-id=\"a2ef763\" data-element_type=\"widget\" data-e-type=\"widget\" data-widget_type=\"text-editor.default\">\n\t\t\t\t\t\t\t\t\t<p>L&#8217;utilizzo di una cassetta di pronto soccorso richiede alcuni semplici controlli. Un&#8217;ispezione regolare aiuta a mantenere il contenuto in ordine. \u00c8 consigliabile controllare lo stato delle chiusure, la pulizia interna e l&#8217;aspetto degli scomparti.  <\/p><p>In Svizzera, diversi enti pubblicano linee guida sulla qualit\u00e0 e sulla sicurezza. L&#8217;Ufficio federale della sanit\u00e0 pubblica (UFSP) fornisce utili raccomandazioni. Anche il Centro Svizzero di Informazione sulle Normative Tecniche (Switec) fornisce risorse sugli standard attuali. Questi riferimenti aiutano ad armonizzare l&#8217;organizzazione dei materiali associati ai dispositivi medici.   <\/p><p>Sebbene questo kit non sia un dispositivo medico secondo la definizione del MedDO, la manutenzione \u00e8 comunque importante. Gli utenti possono anche consultare il servizio di manutenzione Swixed per le altre apparecchiature collegate al DAE. <br>\t\t<div data-elementor-type=\"widget\" data-elementor-id=\"60305\" class=\"elementor elementor-60305 elementor-60263 elementor-60263\" data-elementor-post-type=\"elementor_library\">\n\t\t\t\t\t\t<div class=\"elementor-element elementor-element-60263 elementor-widget elementor-widget-text-editor\" data-id=\"60263\" data-element_type=\"widget\" data-e-type=\"widget\" data-widget_type=\"text-editor.default\">\n\t\t\t\t\t\t\t\t\t<p>Per maggiori informazioni, consulta :<\/p><ul><li><a href=\"https:\/\/www.bag.admin.ch\" target=\"_blank\" rel=\"noopener\">Ufficio federale della sanit\u00e0 pubblica (UFSP)<\/a><\/li><li><a href=\"https:\/\/www.switec.info\" target=\"_blank\" rel=\"noopener\">Centro d&#8217;informazione svizzero per le norme tecniche (Switec)<\/a><\/li><li><a href=\"https:\/\/www.seco.admin.ch\/\" target=\"_blank\" rel=\"noopener\">Igiene sul lavoro (SECO)<\/a><\/li><\/ul><p><br>I nostri dispositivi medici hanno un rappresentante autorizzato in Svizzera (CH-REP), in conformit\u00e0 con l&#8217;attuale legislazione svizzera sui dispositivi medici.<\/p>\t\t\t\t\t\t\t\t<\/div>\n\t\t\t\t<\/div>\n\t\t<br>Clicca qui per prenotare la <a href=\"https:\/\/swixed.ch\/it\/prodotto\/sed94000\/\">manutenzione periodica<\/a> del tuo defibrillatore.<\/p>\t\t\t\t\t\t\t\t<\/div>\n\t\t\t\t<div class=\"elementor-element elementor-element-5c73a99 elementor-widget elementor-widget-heading\" data-id=\"5c73a99\" data-element_type=\"widget\" data-e-type=\"widget\" data-widget_type=\"heading.default\">\n\t\t\t\t\t<h2 class=\"elementor-heading-title elementor-size-default\">Contenuto della cassetta di pronto soccorso<\/h2>\t\t\t\t<\/div>\n\t\t\t\t<div class=\"elementor-element elementor-element-dc7e931 elementor-widget elementor-widget-text-editor\" data-id=\"dc7e931\" data-element_type=\"widget\" data-e-type=\"widget\" data-widget_type=\"text-editor.default\">\n\t\t\t\t\t\t\t\t\t<ul><li>1 maschera di rianimazione bocca a bocca con valvola di non ritorno, che ti permette di effettuare insufflazioni in totale sicurezza, senza il contatto diretto con la bocca della vittima.<\/li><li>1 paio di forbici da pronto soccorso Lister, ideali per tagliare rapidamente gli indumenti (giacca, maglione, camicia) e liberare il torace per facilitare l&#8217;inserimento degli elettrodi del defibrillatore.<\/li><li data-start=\"551\" data-end=\"666\">1 paio di guanti in vinile monouso per la protezione igienica durante le operazioni di soccorso.<\/li><li data-start=\"669\" data-end=\"875\">1 rasoio monouso a doppia lama in plastica, appositamente studiato per radere il torso di persone molto pelose e garantire un contatto ottimale e una migliore adesione degli elettrodi alla pelle.<\/li><li data-start=\"878\" data-end=\"1020\">1 bustina contenente 2 impacchi sterili impregnati di alcol per una rapida disinfezione delle mani prima o dopo un intervento chirurgico.<\/li><li data-start=\"1021\" data-end=\"1201\"><p data-start=\"1023\" data-end=\"1201\">1 asciugamano di carta assorbente di grandi dimensioni, utilizzato per eliminare il sudore, asciugare la pelle di una vittima bagnata o appena uscita dall&#8217;acqua o rimuovere i capelli dopo la rasatura.<\/p><\/li><\/ul><p>Per ulteriori attrezzature, consulta gli altri <a href=\"https:\/\/swixed.ch\/it\/categoria-prodotto\/defibrillatori\/accessori-defibrillatori\/\">accessori per DAE<\/a> disponibili su Swixed.<\/p>\t\t\t\t\t\t\t\t<\/div>\n\t\t\t\t<\/div>\n\t\t\t\t<\/div>\n\t\t\t\t<\/div>\n\t\t","protected":false},"excerpt":{"rendered":"<p>Il kit di pronto soccorso DefiSign \u00e8 una borsa progettata per contenere gli accessori dei defibrillatori DAE compatibili. Consente di organizzare e proteggere gli oggetti pi\u00f9 comuni utilizzati con un dispositivo DAE. Il prodotto viene fornito senza il dispositivo e non \u00e8 un dispositivo medico autonomo. \u00c8 destinato all&#8217;uso in ambienti pubblici e professionali.   <\/p>\n","protected":false},"featured_media":58619,"template":"","meta":{"_acf_changed":false},"product_brand":[2144],"product_cat":[1525,1470],"product_tag":[7246,7250,7253,7245,7247,7251,7249,7252,7244,7248],"class_list":{"0":"post-53772","1":"product","2":"type-product","3":"status-publish","4":"has-post-thumbnail","6":"product_brand-defisign-it","7":"product_cat-accessori-defibrillatori","8":"product_cat-defibrillatori","9":"product_tag-accessori-per-dae","10":"product_tag-accessori-per-defibrillatori","11":"product_tag-attrezzatura-di-primo-soccorso-2","12":"product_tag-borsa-defisign","13":"product_tag-borsa-di-pronto-soccorso","14":"product_tag-borsa-di-pronto-soccorso-professionale","15":"product_tag-borsa-per-la-conservazione-del-dae","16":"product_tag-borsa-resistente-allacqua","17":"product_tag-kit-di-pronto-soccorso-2","18":"product_tag-kit-medico-vuoto","20":"first","21":"instock","22":"taxable","23":"shipping-taxable","24":"purchasable","25":"product-type-simple"},"acf":[],"yoast_head":"<!-- This site is optimized with the Yoast SEO Premium plugin v27.4 (Yoast SEO v27.4) - https:\/\/yoast.com\/product\/yoast-seo-premium-wordpress\/ -->\n<title>Kit di primo soccorso DefiSign per DAE | Swixed SA<\/title>\n<meta name=\"description\" content=\"Kit di primo soccorso Defisign per defibrillatore, contenente tutti gli accessori necessari per intervenire in caso di arresto cardiaco.\" \/>\n<meta name=\"robots\" content=\"index, follow, max-snippet:-1, max-image-preview:large, max-video-preview:-1\" \/>\n<link rel=\"canonical\" href=\"https:\/\/swixed.ch\/it\/prodotto\/sed34019\/\" \/>\n<meta property=\"og:locale\" content=\"it_IT\" \/>\n<meta property=\"og:type\" content=\"article\" \/>\n<meta property=\"og:title\" content=\"Kit di pronto soccorso DefiSign per accessori DAE\" \/>\n<meta property=\"og:description\" content=\"Kit di primo soccorso Defisign per defibrillatore, contenente tutti gli accessori necessari per intervenire in caso di arresto cardiaco.\" \/>\n<meta property=\"og:url\" content=\"https:\/\/swixed.ch\/it\/prodotto\/sed34019\/\" \/>\n<meta property=\"og:site_name\" content=\"Swixed SA\" \/>\n<meta property=\"article:publisher\" content=\"https:\/\/www.facebook.com\/swixed\" \/>\n<meta property=\"article:modified_time\" content=\"2026-04-20T17:55:38+00:00\" \/>\n<meta property=\"og:image\" content=\"https:\/\/swixed.ch\/wp-content\/uploads\/2026\/01\/SED34019-01.png\" \/>\n\t<meta property=\"og:image:width\" content=\"600\" \/>\n\t<meta property=\"og:image:height\" content=\"600\" \/>\n\t<meta property=\"og:image:type\" content=\"image\/png\" \/>\n<meta name=\"twitter:card\" content=\"summary_large_image\" \/>\n<meta name=\"twitter:label1\" content=\"Tempo di lettura stimato\" \/>\n\t<meta name=\"twitter:data1\" content=\"2 minuti\" \/>\n<script type=\"application\/ld+json\" class=\"yoast-schema-graph\">{\"@context\":\"https:\\\/\\\/schema.org\",\"@graph\":[{\"@type\":\"WebPage\",\"@id\":\"https:\\\/\\\/swixed.ch\\\/it\\\/prodotto\\\/sed34019\\\/\",\"url\":\"https:\\\/\\\/swixed.ch\\\/it\\\/prodotto\\\/sed34019\\\/\",\"name\":\"Kit di primo soccorso DefiSign per DAE | Swixed SA\",\"isPartOf\":{\"@id\":\"https:\\\/\\\/swixed.ch\\\/it\\\/#website\"},\"primaryImageOfPage\":{\"@id\":\"https:\\\/\\\/swixed.ch\\\/it\\\/prodotto\\\/sed34019\\\/#primaryimage\"},\"image\":{\"@id\":\"https:\\\/\\\/swixed.ch\\\/it\\\/prodotto\\\/sed34019\\\/#primaryimage\"},\"thumbnailUrl\":\"https:\\\/\\\/swixed.ch\\\/wp-content\\\/uploads\\\/2026\\\/01\\\/SED34019-01.png\",\"datePublished\":\"2025-10-15T17:40:38+00:00\",\"dateModified\":\"2026-04-20T17:55:38+00:00\",\"description\":\"Kit di primo soccorso Defisign per defibrillatore, contenente tutti gli accessori necessari per intervenire in caso di arresto cardiaco.\",\"breadcrumb\":{\"@id\":\"https:\\\/\\\/swixed.ch\\\/it\\\/prodotto\\\/sed34019\\\/#breadcrumb\"},\"inLanguage\":\"it-IT\",\"potentialAction\":[{\"@type\":\"ReadAction\",\"target\":[\"https:\\\/\\\/swixed.ch\\\/it\\\/prodotto\\\/sed34019\\\/\"]}]},{\"@type\":\"ImageObject\",\"inLanguage\":\"it-IT\",\"@id\":\"https:\\\/\\\/swixed.ch\\\/it\\\/prodotto\\\/sed34019\\\/#primaryimage\",\"url\":\"https:\\\/\\\/swixed.ch\\\/wp-content\\\/uploads\\\/2026\\\/01\\\/SED34019-01.png\",\"contentUrl\":\"https:\\\/\\\/swixed.ch\\\/wp-content\\\/uploads\\\/2026\\\/01\\\/SED34019-01.png\",\"width\":600,\"height\":600,\"caption\":\"SED34019\"},{\"@type\":\"BreadcrumbList\",\"@id\":\"https:\\\/\\\/swixed.ch\\\/it\\\/prodotto\\\/sed34019\\\/#breadcrumb\",\"itemListElement\":[{\"@type\":\"ListItem\",\"position\":1,\"name\":\"Home\",\"item\":\"https:\\\/\\\/swixed.ch\\\/it\\\/home\\\/\"},{\"@type\":\"ListItem\",\"position\":2,\"name\":\"Negozio\",\"item\":\"https:\\\/\\\/swixed.ch\\\/it\\\/shop\\\/\"},{\"@type\":\"ListItem\",\"position\":3,\"name\":\"Kit di pronto soccorso DefiSign per accessori DAE\"}]},{\"@type\":\"WebSite\",\"@id\":\"https:\\\/\\\/swixed.ch\\\/it\\\/#website\",\"url\":\"https:\\\/\\\/swixed.ch\\\/it\\\/\",\"name\":\"Swixed SA\",\"description\":\"Dispositivi elettronici\",\"publisher\":{\"@id\":\"https:\\\/\\\/swixed.ch\\\/it\\\/#organization\"},\"potentialAction\":[{\"@type\":\"SearchAction\",\"target\":{\"@type\":\"EntryPoint\",\"urlTemplate\":\"https:\\\/\\\/swixed.ch\\\/it\\\/?s={search_term_string}\"},\"query-input\":{\"@type\":\"PropertyValueSpecification\",\"valueRequired\":true,\"valueName\":\"search_term_string\"}}],\"inLanguage\":\"it-IT\"},{\"@type\":\"Organization\",\"@id\":\"https:\\\/\\\/swixed.ch\\\/it\\\/#organization\",\"name\":\"Swixed SA\",\"url\":\"https:\\\/\\\/swixed.ch\\\/it\\\/\",\"logo\":{\"@type\":\"ImageObject\",\"inLanguage\":\"it-IT\",\"@id\":\"https:\\\/\\\/swixed.ch\\\/it\\\/#\\\/schema\\\/logo\\\/image\\\/\",\"url\":\"https:\\\/\\\/swixed.ch\\\/wp-content\\\/uploads\\\/logos\\\/swixed-logo-lite.png\",\"contentUrl\":\"https:\\\/\\\/swixed.ch\\\/wp-content\\\/uploads\\\/logos\\\/swixed-logo-lite.png\",\"width\":696,\"height\":696,\"caption\":\"Swixed SA\"},\"image\":{\"@id\":\"https:\\\/\\\/swixed.ch\\\/it\\\/#\\\/schema\\\/logo\\\/image\\\/\"},\"sameAs\":[\"https:\\\/\\\/www.facebook.com\\\/swixed\",\"https:\\\/\\\/www.linkedin.com\\\/company\\\/swixed\",\"https:\\\/\\\/www.youtube.com\\\/@swixedsa\"],\"description\":\"Swixed SA est une entreprise suisse bas\u00e9e \u00e0 Gen\u00e8ve, sp\u00e9cialis\u00e9e dans la vente, la location et la maintenance d\u2019appareils m\u00e9dicaux professionnels, tels que d\u00e9fibrillateurs AED, \u00e9lectrocardiographes, moniteurs patient et dispositifs de diagnostic.\",\"email\":\"infoshop@swixed.ch\",\"telephone\":\"+41 22 566 11 95\",\"legalName\":\"Swixed SA\",\"foundingDate\":\"2021-03-01\",\"numberOfEmployees\":{\"@type\":\"QuantitativeValue\",\"minValue\":\"1\",\"maxValue\":\"10\"}}]}<\/script>\n<!-- \/ Yoast SEO Premium plugin. -->","yoast_head_json":{"title":"Kit di primo soccorso DefiSign per DAE | Swixed SA","description":"Kit di primo soccorso Defisign per defibrillatore, contenente tutti gli accessori necessari per intervenire in caso di arresto cardiaco.","robots":{"index":"index","follow":"follow","max-snippet":"max-snippet:-1","max-image-preview":"max-image-preview:large","max-video-preview":"max-video-preview:-1"},"canonical":"https:\/\/swixed.ch\/it\/prodotto\/sed34019\/","og_locale":"it_IT","og_type":"article","og_title":"Kit di pronto soccorso DefiSign per accessori DAE","og_description":"Kit di primo soccorso Defisign per defibrillatore, contenente tutti gli accessori necessari per intervenire in caso di arresto cardiaco.","og_url":"https:\/\/swixed.ch\/it\/prodotto\/sed34019\/","og_site_name":"Swixed SA","article_publisher":"https:\/\/www.facebook.com\/swixed","article_modified_time":"2026-04-20T17:55:38+00:00","og_image":[{"width":600,"height":600,"url":"https:\/\/swixed.ch\/wp-content\/uploads\/2026\/01\/SED34019-01.png","type":"image\/png"}],"twitter_card":"summary_large_image","twitter_misc":{"Tempo di lettura stimato":"2 minuti"},"schema":{"@context":"https:\/\/schema.org","@graph":[{"@type":"WebPage","@id":"https:\/\/swixed.ch\/it\/prodotto\/sed34019\/","url":"https:\/\/swixed.ch\/it\/prodotto\/sed34019\/","name":"Kit di primo soccorso DefiSign per DAE | Swixed SA","isPartOf":{"@id":"https:\/\/swixed.ch\/it\/#website"},"primaryImageOfPage":{"@id":"https:\/\/swixed.ch\/it\/prodotto\/sed34019\/#primaryimage"},"image":{"@id":"https:\/\/swixed.ch\/it\/prodotto\/sed34019\/#primaryimage"},"thumbnailUrl":"https:\/\/swixed.ch\/wp-content\/uploads\/2026\/01\/SED34019-01.png","datePublished":"2025-10-15T17:40:38+00:00","dateModified":"2026-04-20T17:55:38+00:00","description":"Kit di primo soccorso Defisign per defibrillatore, contenente tutti gli accessori necessari per intervenire in caso di arresto cardiaco.","breadcrumb":{"@id":"https:\/\/swixed.ch\/it\/prodotto\/sed34019\/#breadcrumb"},"inLanguage":"it-IT","potentialAction":[{"@type":"ReadAction","target":["https:\/\/swixed.ch\/it\/prodotto\/sed34019\/"]}]},{"@type":"ImageObject","inLanguage":"it-IT","@id":"https:\/\/swixed.ch\/it\/prodotto\/sed34019\/#primaryimage","url":"https:\/\/swixed.ch\/wp-content\/uploads\/2026\/01\/SED34019-01.png","contentUrl":"https:\/\/swixed.ch\/wp-content\/uploads\/2026\/01\/SED34019-01.png","width":600,"height":600,"caption":"SED34019"},{"@type":"BreadcrumbList","@id":"https:\/\/swixed.ch\/it\/prodotto\/sed34019\/#breadcrumb","itemListElement":[{"@type":"ListItem","position":1,"name":"Home","item":"https:\/\/swixed.ch\/it\/home\/"},{"@type":"ListItem","position":2,"name":"Negozio","item":"https:\/\/swixed.ch\/it\/shop\/"},{"@type":"ListItem","position":3,"name":"Kit di pronto soccorso DefiSign per accessori DAE"}]},{"@type":"WebSite","@id":"https:\/\/swixed.ch\/it\/#website","url":"https:\/\/swixed.ch\/it\/","name":"Swixed SA","description":"Dispositivi elettronici","publisher":{"@id":"https:\/\/swixed.ch\/it\/#organization"},"potentialAction":[{"@type":"SearchAction","target":{"@type":"EntryPoint","urlTemplate":"https:\/\/swixed.ch\/it\/?s={search_term_string}"},"query-input":{"@type":"PropertyValueSpecification","valueRequired":true,"valueName":"search_term_string"}}],"inLanguage":"it-IT"},{"@type":"Organization","@id":"https:\/\/swixed.ch\/it\/#organization","name":"Swixed SA","url":"https:\/\/swixed.ch\/it\/","logo":{"@type":"ImageObject","inLanguage":"it-IT","@id":"https:\/\/swixed.ch\/it\/#\/schema\/logo\/image\/","url":"https:\/\/swixed.ch\/wp-content\/uploads\/logos\/swixed-logo-lite.png","contentUrl":"https:\/\/swixed.ch\/wp-content\/uploads\/logos\/swixed-logo-lite.png","width":696,"height":696,"caption":"Swixed SA"},"image":{"@id":"https:\/\/swixed.ch\/it\/#\/schema\/logo\/image\/"},"sameAs":["https:\/\/www.facebook.com\/swixed","https:\/\/www.linkedin.com\/company\/swixed","https:\/\/www.youtube.com\/@swixedsa"],"description":"Swixed SA est une entreprise suisse bas\u00e9e \u00e0 Gen\u00e8ve, sp\u00e9cialis\u00e9e dans la vente, la location et la maintenance d\u2019appareils m\u00e9dicaux professionnels, tels que d\u00e9fibrillateurs AED, \u00e9lectrocardiographes, moniteurs patient et dispositifs de diagnostic.","email":"infoshop@swixed.ch","telephone":"+41 22 566 11 95","legalName":"Swixed SA","foundingDate":"2021-03-01","numberOfEmployees":{"@type":"QuantitativeValue","minValue":"1","maxValue":"10"}}]}},"_links":{"self":[{"href":"https:\/\/swixed.ch\/it\/wp-json\/wp\/v2\/product\/53772","targetHints":{"allow":["GET"]}}],"collection":[{"href":"https:\/\/swixed.ch\/it\/wp-json\/wp\/v2\/product"}],"about":[{"href":"https:\/\/swixed.ch\/it\/wp-json\/wp\/v2\/types\/product"}],"version-history":[{"count":1,"href":"https:\/\/swixed.ch\/it\/wp-json\/wp\/v2\/product\/53772\/revisions"}],"predecessor-version":[{"id":62960,"href":"https:\/\/swixed.ch\/it\/wp-json\/wp\/v2\/product\/53772\/revisions\/62960"}],"wp:featuredmedia":[{"embeddable":true,"href":"https:\/\/swixed.ch\/it\/wp-json\/wp\/v2\/media\/58619"}],"wp:attachment":[{"href":"https:\/\/swixed.ch\/it\/wp-json\/wp\/v2\/media?parent=53772"}],"wp:term":[{"taxonomy":"product_brand","embeddable":true,"href":"https:\/\/swixed.ch\/it\/wp-json\/wp\/v2\/product_brand?post=53772"},{"taxonomy":"product_cat","embeddable":true,"href":"https:\/\/swixed.ch\/it\/wp-json\/wp\/v2\/product_cat?post=53772"},{"taxonomy":"product_tag","embeddable":true,"href":"https:\/\/swixed.ch\/it\/wp-json\/wp\/v2\/product_tag?post=53772"}],"curies":[{"name":"wp","href":"https:\/\/api.w.org\/{rel}","templated":true}]}}