{"id":53808,"date":"2025-10-16T18:33:38","date_gmt":"2025-10-16T17:33:38","guid":{"rendered":"https:\/\/swixed.com\/?post_type=product&#038;p=53808"},"modified":"2026-04-20T18:57:27","modified_gmt":"2026-04-20T17:57:27","slug":"sed34020","status":"publish","type":"product","link":"https:\/\/swixed.ch\/it\/prodotto\/sed34020\/","title":{"rendered":"Borsa da trasporto per DAE Schiller FRED Easy \/ Easy Life"},"content":{"rendered":"\t\t<div data-elementor-type=\"product-post\" data-elementor-id=\"53808\" class=\"elementor elementor-53808 elementor-53804\" data-elementor-post-type=\"product\">\n\t\t\t\t<div class=\"elementor-element elementor-element-b5221ca e-con-full e-flex e-con e-parent\" data-id=\"b5221ca\" data-element_type=\"container\" data-e-type=\"container\">\n\t\t<div class=\"elementor-element elementor-element-987c519 e-con-full e-flex e-con e-child\" data-id=\"987c519\" data-element_type=\"container\" data-e-type=\"container\">\n\t\t\t\t<div class=\"elementor-element elementor-element-b05c173 elementor-widget elementor-widget-heading\" data-id=\"b05c173\" data-element_type=\"widget\" data-e-type=\"widget\" data-widget_type=\"heading.default\">\n\t\t\t\t\t<h2 class=\"elementor-heading-title elementor-size-default\">Presentazione generale<\/h2>\t\t\t\t<\/div>\n\t\t\t\t<div class=\"elementor-element elementor-element-ee6e897 elementor-widget elementor-widget-text-editor\" data-id=\"ee6e897\" data-element_type=\"widget\" data-e-type=\"widget\" data-widget_type=\"text-editor.default\">\n\t\t\t\t\t\t\t\t\t<p>La valigetta Schiller \u00e8 stata progettata per proteggere e trasportare un defibrillatore DAE in ambienti professionali, pubblici o privati. Grazie al suo design robusto e funzionale, consente un rapido accesso al dispositivo e offre spazio per gli accessori essenziali di primo soccorso. Questa soluzione garantisce una chiara visibilit\u00e0 della spia luminosa del dispositivo e ne promuove l&#8217;utilizzo in linea con le buone pratiche di sicurezza raccomandate dall&#8217;UFSP. Inoltre, si integra perfettamente in un sistema di manutenzione preventiva o di pronto intervento.   <\/p>\t\t\t\t\t\t\t\t<\/div>\n\t\t\t\t<div class=\"elementor-element elementor-element-620a77f elementor-widget elementor-widget-heading\" data-id=\"620a77f\" data-element_type=\"widget\" data-e-type=\"widget\" data-widget_type=\"heading.default\">\n\t\t\t\t\t<h2 class=\"elementor-heading-title elementor-size-default\">Specifiche tecniche principali<\/h2>\t\t\t\t<\/div>\n\t\t\t\t<div class=\"elementor-element elementor-element-ac4489f elementor-widget elementor-widget-text-editor\" data-id=\"ac4489f\" data-element_type=\"widget\" data-e-type=\"widget\" data-widget_type=\"text-editor.default\">\n\t\t\t\t\t\t\t\t\t<p>I principali vantaggi della borsa sono numerosi, tra cui :<\/p><ul><li>Robusto, leggero e resistente agli schizzi,<\/li><li>Tasca frontale con zip per gli accessori (elettrodi, guanti, forbici),<\/li><li>Apertura rapida in velcro per un accesso immediato al defibrillatore,<\/li><li>Una finestra trasparente per controllare il LED di disponibilit\u00e0 senza aprire la custodia,<\/li><li>Una tracolla regolabile per un trasporto confortevole,<\/li><li>Un portello di accesso per la batteria e i connettori,<\/li><li>Un segnale di colore rosso con logo AED visibile.<\/li><\/ul><p><br>Di conseguenza, queste caratteristiche facilitano la manutenzione e prolungano la vita del dispositivo nell&#8217;uso professionale. Inoltre, soddisfano i requisiti di sicurezza delle apparecchiature mediche di emergenza. <\/p>\t\t\t\t\t\t\t\t<\/div>\n\t\t\t\t<div class=\"elementor-element elementor-element-4992c3d elementor-widget elementor-widget-heading\" data-id=\"4992c3d\" data-element_type=\"widget\" data-e-type=\"widget\" data-widget_type=\"heading.default\">\n\t\t\t\t\t<h2 class=\"elementor-heading-title elementor-size-default\">Compatibilit\u00e0 e usi<\/h2>\t\t\t\t<\/div>\n\t\t\t\t<div class=\"elementor-element elementor-element-8493676 elementor-widget elementor-widget-text-editor\" data-id=\"8493676\" data-element_type=\"widget\" data-e-type=\"widget\" data-widget_type=\"text-editor.default\">\n\t\t\t\t\t\t\t\t\t<p>La borsa \u00e8 compatibile con i modelli Schiller Fred Easy e Fred Easy Life, nonch\u00e9 con le loro versioni da allenamento. Tuttavia, non \u00e8 adatta al modello Fred Easy G2, secondo le specifiche dei rivenditori autorizzati.<br>In pratica, protegge il dispositivo da urti e polvere, garantendo al contempo una portabilit\u00e0 ottimale per eventi, allenamenti o interventi di emergenza. Inoltre, il suo design compatto lo rende facile da riporre in un armadio a muro o in un veicolo di emergenza.  <\/p><p>Per saperne di pi\u00f9 sui defibrillatori, <a href=\"https:\/\/swixed.ch\/it\/categoria-prodotto\/defibrillatori\/\">visita la nostra pagina dedicata ai modelli di DAE<\/a>.<\/p>\t\t\t\t\t\t\t\t<\/div>\n\t\t\t\t<div class=\"elementor-element elementor-element-a150b21 elementor-widget elementor-widget-heading\" data-id=\"a150b21\" data-element_type=\"widget\" data-e-type=\"widget\" data-widget_type=\"heading.default\">\n\t\t\t\t\t<h2 class=\"elementor-heading-title elementor-size-default\">Utilizzo e conformit\u00e0<\/h2>\t\t\t\t<\/div>\n\t\t\t\t<div class=\"elementor-element elementor-element-a8d4760 elementor-widget elementor-widget-text-editor\" data-id=\"a8d4760\" data-element_type=\"widget\" data-e-type=\"widget\" data-widget_type=\"text-editor.default\">\n\t\t\t\t\t\t\t\t\t<p>Per garantire un utilizzo sicuro e duraturo, segui queste raccomandazioni:<\/p><ol><li>Posiziona il defibrillatore nella tasca principale, con il LED visibile attraverso la finestra.<\/li><li>Quindi regola la tracolla in base alla taglia dell&#8217;utente per un comfort ottimale.<\/li><li>Riponi gli accessori nella tasca anteriore per averli sempre a portata di mano.<\/li><li>Accedi alla batteria o ai connettori attraverso l&#8217;apposito sportello, senza rimuovere la custodia.<\/li><li>Infine, controlla regolarmente le condizioni del velcro e delle cuciture per mantenere la sicurezza.<\/li><\/ol><p>Questi semplici passi aiutano a mantenere il tuo apparecchio in perfette condizioni e quindi a soddisfare i requisiti di manutenzione preventiva raccomandati dalla norma EN 60601-2-4.<br>\t\t<div data-elementor-type=\"widget\" data-elementor-id=\"60301\" class=\"elementor elementor-60301 elementor-60240 elementor-60240\" data-elementor-post-type=\"elementor_library\">\n\t\t\t\t\t\t<div class=\"elementor-element elementor-element-60240 elementor-widget elementor-widget-text-editor\" data-id=\"60240\" data-element_type=\"widget\" data-e-type=\"widget\" data-widget_type=\"text-editor.default\">\n\t\t\t\t\t\t\t\t\t<p>Per maggiori informazioni, consulta :<\/p><ul><li><a href=\"https:\/\/www.bag.admin.ch\" target=\"_blank\" rel=\"noopener\">Ufficio federale della sanit\u00e0 pubblica (UFSP)<\/a><\/li><li><a href=\"https:\/\/www.switec.info\" target=\"_blank\" rel=\"noopener\">Centro d&#8217;informazione svizzero per le norme tecniche (Switec)<\/a><\/li><\/ul><p><br>I nostri dispositivi medici hanno un rappresentante autorizzato in Svizzera (CH-REP), in conformit\u00e0 con l&#8217;attuale legislazione svizzera sui dispositivi medici.<\/p>\t\t\t\t\t\t\t\t<\/div>\n\t\t\t\t<\/div>\n\t\t<br>Clicca qui per prenotare la <a href=\"https:\/\/swixed.ch\/it\/prodotto\/sed94000\/\">manutenzione regolare<\/a> del tuo defibrillatore.<\/p>\t\t\t\t\t\t\t\t<\/div>\n\t\t\t\t<div class=\"elementor-element elementor-element-ee56cd3 elementor-widget elementor-widget-heading\" data-id=\"ee56cd3\" data-element_type=\"widget\" data-e-type=\"widget\" data-widget_type=\"heading.default\">\n\t\t\t\t\t<h2 class=\"elementor-heading-title elementor-size-default\">Accessori aggiuntivi<\/h2>\t\t\t\t<\/div>\n\t\t\t\t<div class=\"elementor-element elementor-element-486980e elementor-widget elementor-widget-text-editor\" data-id=\"486980e\" data-element_type=\"widget\" data-e-type=\"widget\" data-widget_type=\"text-editor.default\">\n\t\t\t\t\t\t\t\t\t<p>Per un outfit completo e conforme, abbina questa borsa con :<\/p><ul><li>Elettrodi di ricambio Schiller,<\/li><li>una batteria originale del DAE,<\/li><li>una cassetta di pronto soccorso conforme alle raccomandazioni europee.<\/li><\/ul><p><br>L&#8217;intero sistema garantisce un funzionamento efficiente, sia sul posto di lavoro che in luoghi pubblici. Questi accessori facilitano anche la regolare manutenzione dell&#8217;apparecchiatura, un elemento essenziale per garantirne l&#8217;affidabilit\u00e0. <\/p>\t\t\t\t\t\t\t\t<\/div>\n\t\t\t\t<\/div>\n\t\t\t\t<\/div>\n\t\t\t\t<\/div>\n\t\t","protected":false},"excerpt":{"rendered":"<p>La custodia Schiller \u00e8 stata progettata per conservare e trasportare i defibrillatori DAE FRED Easy e FRED Easy Life. Protegge il dispositivo dagli urti e lo rende facile da maneggiare durante gli spostamenti. Il design consente l&#8217;accesso visivo all&#8217;indicatore di pronto soccorso senza dover rimuovere il defibrillatore. Questo accessorio \u00e8 compatibile con le versioni da allenamento e non \u00e8 adatto al modello FRED Easy G2.   <\/p>\n","protected":false},"featured_media":58670,"template":"","meta":{"_acf_changed":false},"product_brand":[2180],"product_cat":[1525,1470],"product_tag":[7280,7285,2677,7283,7282,7275,7276,7279,7284,4346],"class_list":{"0":"post-53808","1":"product","2":"type-product","3":"status-publish","4":"has-post-thumbnail","6":"product_brand-schiller-it","7":"product_cat-accessori-defibrillatori","8":"product_cat-defibrillatori","9":"product_tag-accessorio-per-defibrillatore","10":"product_tag-apparecchiature-mediche-schiller","11":"product_tag-attrezzatura-di-primo-soccorso","12":"product_tag-borsa-dae-professionale","13":"product_tag-borsa-medica","14":"product_tag-borsa-per-defibrillatore","15":"product_tag-borsa-per-il-trasporto-del-dae","16":"product_tag-fred-easy-life","17":"product_tag-protezione-del-defibrillatore","18":"product_tag-schiller-fred-easy-it","20":"first","21":"instock","22":"taxable","23":"shipping-taxable","24":"purchasable","25":"product-type-simple"},"acf":[],"yoast_head":"<!-- This site is optimized with the Yoast SEO Premium plugin v27.4 (Yoast SEO v27.4) - https:\/\/yoast.com\/product\/yoast-seo-premium-wordpress\/ -->\n<title>Custodia per il trasporto del defibrillatore DAE Schiller | Swixed SA<\/title>\n<meta name=\"description\" content=\"Custodia Schiller per il trasporto del defibrillatore AED Fred Easy e Easy Life. Design robusto, compatibilit\u00e0 certificata secondo la norma EN 60601-2-4.\" \/>\n<meta name=\"robots\" content=\"index, follow, max-snippet:-1, max-image-preview:large, max-video-preview:-1\" \/>\n<link rel=\"canonical\" href=\"https:\/\/swixed.ch\/it\/prodotto\/sed34020\/\" \/>\n<meta property=\"og:locale\" content=\"it_IT\" \/>\n<meta property=\"og:type\" content=\"article\" \/>\n<meta property=\"og:title\" content=\"Borsa da trasporto per DAE Schiller FRED Easy \/ Easy Life\" \/>\n<meta property=\"og:description\" content=\"Custodia Schiller per il trasporto del defibrillatore AED Fred Easy e Easy Life. Design robusto, compatibilit\u00e0 certificata secondo la norma EN 60601-2-4.\" \/>\n<meta property=\"og:url\" content=\"https:\/\/swixed.ch\/it\/prodotto\/sed34020\/\" \/>\n<meta property=\"og:site_name\" content=\"Swixed SA\" \/>\n<meta property=\"article:publisher\" content=\"https:\/\/www.facebook.com\/swixed\" \/>\n<meta property=\"article:modified_time\" content=\"2026-04-20T17:57:27+00:00\" \/>\n<meta property=\"og:image\" content=\"https:\/\/swixed.ch\/wp-content\/uploads\/2026\/01\/SED34020-01.png\" \/>\n\t<meta property=\"og:image:width\" content=\"600\" \/>\n\t<meta property=\"og:image:height\" content=\"600\" \/>\n\t<meta property=\"og:image:type\" content=\"image\/png\" \/>\n<meta name=\"twitter:card\" content=\"summary_large_image\" \/>\n<meta name=\"twitter:label1\" content=\"Tempo di lettura stimato\" \/>\n\t<meta name=\"twitter:data1\" content=\"3 minuti\" \/>\n<script type=\"application\/ld+json\" class=\"yoast-schema-graph\">{\"@context\":\"https:\\\/\\\/schema.org\",\"@graph\":[{\"@type\":\"WebPage\",\"@id\":\"https:\\\/\\\/swixed.ch\\\/it\\\/prodotto\\\/sed34020\\\/\",\"url\":\"https:\\\/\\\/swixed.ch\\\/it\\\/prodotto\\\/sed34020\\\/\",\"name\":\"Custodia per il trasporto del defibrillatore DAE Schiller | Swixed SA\",\"isPartOf\":{\"@id\":\"https:\\\/\\\/swixed.ch\\\/it\\\/#website\"},\"primaryImageOfPage\":{\"@id\":\"https:\\\/\\\/swixed.ch\\\/it\\\/prodotto\\\/sed34020\\\/#primaryimage\"},\"image\":{\"@id\":\"https:\\\/\\\/swixed.ch\\\/it\\\/prodotto\\\/sed34020\\\/#primaryimage\"},\"thumbnailUrl\":\"https:\\\/\\\/swixed.ch\\\/wp-content\\\/uploads\\\/2026\\\/01\\\/SED34020-01.png\",\"datePublished\":\"2025-10-16T17:33:38+00:00\",\"dateModified\":\"2026-04-20T17:57:27+00:00\",\"description\":\"Custodia Schiller per il trasporto del defibrillatore AED Fred Easy e Easy Life. Design robusto, compatibilit\u00e0 certificata secondo la norma EN 60601-2-4.\",\"breadcrumb\":{\"@id\":\"https:\\\/\\\/swixed.ch\\\/it\\\/prodotto\\\/sed34020\\\/#breadcrumb\"},\"inLanguage\":\"it-IT\",\"potentialAction\":[{\"@type\":\"ReadAction\",\"target\":[\"https:\\\/\\\/swixed.ch\\\/it\\\/prodotto\\\/sed34020\\\/\"]}]},{\"@type\":\"ImageObject\",\"inLanguage\":\"it-IT\",\"@id\":\"https:\\\/\\\/swixed.ch\\\/it\\\/prodotto\\\/sed34020\\\/#primaryimage\",\"url\":\"https:\\\/\\\/swixed.ch\\\/wp-content\\\/uploads\\\/2026\\\/01\\\/SED34020-01.png\",\"contentUrl\":\"https:\\\/\\\/swixed.ch\\\/wp-content\\\/uploads\\\/2026\\\/01\\\/SED34020-01.png\",\"width\":600,\"height\":600,\"caption\":\"SED34020\"},{\"@type\":\"BreadcrumbList\",\"@id\":\"https:\\\/\\\/swixed.ch\\\/it\\\/prodotto\\\/sed34020\\\/#breadcrumb\",\"itemListElement\":[{\"@type\":\"ListItem\",\"position\":1,\"name\":\"Home\",\"item\":\"https:\\\/\\\/swixed.ch\\\/it\\\/home\\\/\"},{\"@type\":\"ListItem\",\"position\":2,\"name\":\"Negozio\",\"item\":\"https:\\\/\\\/swixed.ch\\\/it\\\/shop\\\/\"},{\"@type\":\"ListItem\",\"position\":3,\"name\":\"Borsa da trasporto per DAE Schiller FRED Easy \\\/ Easy Life\"}]},{\"@type\":\"WebSite\",\"@id\":\"https:\\\/\\\/swixed.ch\\\/it\\\/#website\",\"url\":\"https:\\\/\\\/swixed.ch\\\/it\\\/\",\"name\":\"Swixed SA\",\"description\":\"Dispositivi elettronici\",\"publisher\":{\"@id\":\"https:\\\/\\\/swixed.ch\\\/it\\\/#organization\"},\"potentialAction\":[{\"@type\":\"SearchAction\",\"target\":{\"@type\":\"EntryPoint\",\"urlTemplate\":\"https:\\\/\\\/swixed.ch\\\/it\\\/?s={search_term_string}\"},\"query-input\":{\"@type\":\"PropertyValueSpecification\",\"valueRequired\":true,\"valueName\":\"search_term_string\"}}],\"inLanguage\":\"it-IT\"},{\"@type\":\"Organization\",\"@id\":\"https:\\\/\\\/swixed.ch\\\/it\\\/#organization\",\"name\":\"Swixed SA\",\"url\":\"https:\\\/\\\/swixed.ch\\\/it\\\/\",\"logo\":{\"@type\":\"ImageObject\",\"inLanguage\":\"it-IT\",\"@id\":\"https:\\\/\\\/swixed.ch\\\/it\\\/#\\\/schema\\\/logo\\\/image\\\/\",\"url\":\"https:\\\/\\\/swixed.ch\\\/wp-content\\\/uploads\\\/logos\\\/swixed-logo-lite.png\",\"contentUrl\":\"https:\\\/\\\/swixed.ch\\\/wp-content\\\/uploads\\\/logos\\\/swixed-logo-lite.png\",\"width\":696,\"height\":696,\"caption\":\"Swixed SA\"},\"image\":{\"@id\":\"https:\\\/\\\/swixed.ch\\\/it\\\/#\\\/schema\\\/logo\\\/image\\\/\"},\"sameAs\":[\"https:\\\/\\\/www.facebook.com\\\/swixed\",\"https:\\\/\\\/www.linkedin.com\\\/company\\\/swixed\",\"https:\\\/\\\/www.youtube.com\\\/@swixedsa\"],\"description\":\"Swixed SA est une entreprise suisse bas\u00e9e \u00e0 Gen\u00e8ve, sp\u00e9cialis\u00e9e dans la vente, la location et la maintenance d\u2019appareils m\u00e9dicaux professionnels, tels que d\u00e9fibrillateurs AED, \u00e9lectrocardiographes, moniteurs patient et dispositifs de diagnostic.\",\"email\":\"infoshop@swixed.ch\",\"telephone\":\"+41 22 566 11 95\",\"legalName\":\"Swixed SA\",\"foundingDate\":\"2021-03-01\",\"numberOfEmployees\":{\"@type\":\"QuantitativeValue\",\"minValue\":\"1\",\"maxValue\":\"10\"}}]}<\/script>\n<!-- \/ Yoast SEO Premium plugin. -->","yoast_head_json":{"title":"Custodia per il trasporto del defibrillatore DAE Schiller | Swixed SA","description":"Custodia Schiller per il trasporto del defibrillatore AED Fred Easy e Easy Life. Design robusto, compatibilit\u00e0 certificata secondo la norma EN 60601-2-4.","robots":{"index":"index","follow":"follow","max-snippet":"max-snippet:-1","max-image-preview":"max-image-preview:large","max-video-preview":"max-video-preview:-1"},"canonical":"https:\/\/swixed.ch\/it\/prodotto\/sed34020\/","og_locale":"it_IT","og_type":"article","og_title":"Borsa da trasporto per DAE Schiller FRED Easy \/ Easy Life","og_description":"Custodia Schiller per il trasporto del defibrillatore AED Fred Easy e Easy Life. Design robusto, compatibilit\u00e0 certificata secondo la norma EN 60601-2-4.","og_url":"https:\/\/swixed.ch\/it\/prodotto\/sed34020\/","og_site_name":"Swixed SA","article_publisher":"https:\/\/www.facebook.com\/swixed","article_modified_time":"2026-04-20T17:57:27+00:00","og_image":[{"width":600,"height":600,"url":"https:\/\/swixed.ch\/wp-content\/uploads\/2026\/01\/SED34020-01.png","type":"image\/png"}],"twitter_card":"summary_large_image","twitter_misc":{"Tempo di lettura stimato":"3 minuti"},"schema":{"@context":"https:\/\/schema.org","@graph":[{"@type":"WebPage","@id":"https:\/\/swixed.ch\/it\/prodotto\/sed34020\/","url":"https:\/\/swixed.ch\/it\/prodotto\/sed34020\/","name":"Custodia per il trasporto del defibrillatore DAE Schiller | Swixed SA","isPartOf":{"@id":"https:\/\/swixed.ch\/it\/#website"},"primaryImageOfPage":{"@id":"https:\/\/swixed.ch\/it\/prodotto\/sed34020\/#primaryimage"},"image":{"@id":"https:\/\/swixed.ch\/it\/prodotto\/sed34020\/#primaryimage"},"thumbnailUrl":"https:\/\/swixed.ch\/wp-content\/uploads\/2026\/01\/SED34020-01.png","datePublished":"2025-10-16T17:33:38+00:00","dateModified":"2026-04-20T17:57:27+00:00","description":"Custodia Schiller per il trasporto del defibrillatore AED Fred Easy e Easy Life. Design robusto, compatibilit\u00e0 certificata secondo la norma EN 60601-2-4.","breadcrumb":{"@id":"https:\/\/swixed.ch\/it\/prodotto\/sed34020\/#breadcrumb"},"inLanguage":"it-IT","potentialAction":[{"@type":"ReadAction","target":["https:\/\/swixed.ch\/it\/prodotto\/sed34020\/"]}]},{"@type":"ImageObject","inLanguage":"it-IT","@id":"https:\/\/swixed.ch\/it\/prodotto\/sed34020\/#primaryimage","url":"https:\/\/swixed.ch\/wp-content\/uploads\/2026\/01\/SED34020-01.png","contentUrl":"https:\/\/swixed.ch\/wp-content\/uploads\/2026\/01\/SED34020-01.png","width":600,"height":600,"caption":"SED34020"},{"@type":"BreadcrumbList","@id":"https:\/\/swixed.ch\/it\/prodotto\/sed34020\/#breadcrumb","itemListElement":[{"@type":"ListItem","position":1,"name":"Home","item":"https:\/\/swixed.ch\/it\/home\/"},{"@type":"ListItem","position":2,"name":"Negozio","item":"https:\/\/swixed.ch\/it\/shop\/"},{"@type":"ListItem","position":3,"name":"Borsa da trasporto per DAE Schiller FRED Easy \/ Easy Life"}]},{"@type":"WebSite","@id":"https:\/\/swixed.ch\/it\/#website","url":"https:\/\/swixed.ch\/it\/","name":"Swixed SA","description":"Dispositivi elettronici","publisher":{"@id":"https:\/\/swixed.ch\/it\/#organization"},"potentialAction":[{"@type":"SearchAction","target":{"@type":"EntryPoint","urlTemplate":"https:\/\/swixed.ch\/it\/?s={search_term_string}"},"query-input":{"@type":"PropertyValueSpecification","valueRequired":true,"valueName":"search_term_string"}}],"inLanguage":"it-IT"},{"@type":"Organization","@id":"https:\/\/swixed.ch\/it\/#organization","name":"Swixed SA","url":"https:\/\/swixed.ch\/it\/","logo":{"@type":"ImageObject","inLanguage":"it-IT","@id":"https:\/\/swixed.ch\/it\/#\/schema\/logo\/image\/","url":"https:\/\/swixed.ch\/wp-content\/uploads\/logos\/swixed-logo-lite.png","contentUrl":"https:\/\/swixed.ch\/wp-content\/uploads\/logos\/swixed-logo-lite.png","width":696,"height":696,"caption":"Swixed SA"},"image":{"@id":"https:\/\/swixed.ch\/it\/#\/schema\/logo\/image\/"},"sameAs":["https:\/\/www.facebook.com\/swixed","https:\/\/www.linkedin.com\/company\/swixed","https:\/\/www.youtube.com\/@swixedsa"],"description":"Swixed SA est une entreprise suisse bas\u00e9e \u00e0 Gen\u00e8ve, sp\u00e9cialis\u00e9e dans la vente, la location et la maintenance d\u2019appareils m\u00e9dicaux professionnels, tels que d\u00e9fibrillateurs AED, \u00e9lectrocardiographes, moniteurs patient et dispositifs de diagnostic.","email":"infoshop@swixed.ch","telephone":"+41 22 566 11 95","legalName":"Swixed SA","foundingDate":"2021-03-01","numberOfEmployees":{"@type":"QuantitativeValue","minValue":"1","maxValue":"10"}}]}},"_links":{"self":[{"href":"https:\/\/swixed.ch\/it\/wp-json\/wp\/v2\/product\/53808","targetHints":{"allow":["GET"]}}],"collection":[{"href":"https:\/\/swixed.ch\/it\/wp-json\/wp\/v2\/product"}],"about":[{"href":"https:\/\/swixed.ch\/it\/wp-json\/wp\/v2\/types\/product"}],"version-history":[{"count":1,"href":"https:\/\/swixed.ch\/it\/wp-json\/wp\/v2\/product\/53808\/revisions"}],"predecessor-version":[{"id":62963,"href":"https:\/\/swixed.ch\/it\/wp-json\/wp\/v2\/product\/53808\/revisions\/62963"}],"wp:featuredmedia":[{"embeddable":true,"href":"https:\/\/swixed.ch\/it\/wp-json\/wp\/v2\/media\/58670"}],"wp:attachment":[{"href":"https:\/\/swixed.ch\/it\/wp-json\/wp\/v2\/media?parent=53808"}],"wp:term":[{"taxonomy":"product_brand","embeddable":true,"href":"https:\/\/swixed.ch\/it\/wp-json\/wp\/v2\/product_brand?post=53808"},{"taxonomy":"product_cat","embeddable":true,"href":"https:\/\/swixed.ch\/it\/wp-json\/wp\/v2\/product_cat?post=53808"},{"taxonomy":"product_tag","embeddable":true,"href":"https:\/\/swixed.ch\/it\/wp-json\/wp\/v2\/product_tag?post=53808"}],"curies":[{"name":"wp","href":"https:\/\/api.w.org\/{rel}","templated":true}]}}