{"id":53831,"date":"2025-10-17T17:37:25","date_gmt":"2025-10-17T15:37:25","guid":{"rendered":"https:\/\/swixed.com\/?post_type=product&#038;p=53831"},"modified":"2026-01-16T16:56:20","modified_gmt":"2026-01-16T15:56:20","slug":"sed95019","status":"publish","type":"product","link":"https:\/\/swixed.ch\/it\/prodotto\/sed95019\/","title":{"rendered":"Weber &amp; Weber Rotolo medico pratico di ovatta di cellulosa"},"content":{"rendered":"\t\t<div data-elementor-type=\"product-post\" data-elementor-id=\"53831\" class=\"elementor elementor-53831 elementor-53827\" data-elementor-post-type=\"product\">\n\t\t\t\t<div class=\"elementor-element elementor-element-7136b6d e-con-full e-flex e-con e-parent\" data-id=\"7136b6d\" data-element_type=\"container\" data-e-type=\"container\">\n\t\t<div class=\"elementor-element elementor-element-fb5ef51 e-con-full e-flex e-con e-child\" data-id=\"fb5ef51\" data-element_type=\"container\" data-e-type=\"container\">\n\t\t\t\t<div class=\"elementor-element elementor-element-24034d3 elementor-widget elementor-widget-heading\" data-id=\"24034d3\" data-element_type=\"widget\" data-e-type=\"widget\" data-widget_type=\"heading.default\">\n\t\t\t\t\t<h2 class=\"elementor-heading-title elementor-size-default\">Presentazione dell'Albo medico pratico<\/h2>\t\t\t\t<\/div>\n\t\t\t\t<div class=\"elementor-element elementor-element-d37c2b4 elementor-widget elementor-widget-text-editor\" data-id=\"d37c2b4\" data-element_type=\"widget\" data-e-type=\"widget\" data-widget_type=\"text-editor.default\">\n\t\t\t\t\t\t\t\t\t<p>Il rotolo medico Practical di Weber &amp; Weber \u00e8 una soluzione semplice per proteggere i tavoli da visita. Grazie alla sua ovatta di cellulosa assorbente, mantiene la superficie pulita tra un utilizzo e l&#8217;altro. Inoltre, le sue diverse larghezze &#8211; da 38 cm a 70 cm &#8211; lo rendono compatibile con la maggior parte delle superfici. Le versioni bianca, verde e azzurra aiutano anche a organizzare le aree di cura.<br>Questo rende il rotolo adatto a un&#8217;ampia gamma di ambienti professionali, come studi medici, centri di fisioterapia e saloni di bellezza. Il formato leggero e le fustelle regolari lo rendono facile da maneggiare ogni giorno.    <\/p>\t\t\t\t\t\t\t\t<\/div>\n\t\t\t\t<div class=\"elementor-element elementor-element-0c1b474 elementor-widget elementor-widget-heading\" data-id=\"0c1b474\" data-element_type=\"widget\" data-e-type=\"widget\" data-widget_type=\"heading.default\">\n\t\t\t\t\t<h2 class=\"elementor-heading-title elementor-size-default\">Specifiche tecniche e varianti disponibili<\/h2>\t\t\t\t<\/div>\n\t\t\t\t<div class=\"elementor-element elementor-element-ae8fea2 elementor-widget elementor-widget-text-editor\" data-id=\"ae8fea2\" data-element_type=\"widget\" data-e-type=\"widget\" data-widget_type=\"text-editor.default\">\n\t\t\t\t\t\t\t\t\t<p>Il rotolo Practical \u00e8 disponibile in diverse misure per adattarsi a diversi utilizzi. Tutte le versioni sono lunghe 50 m, ma la larghezza varia a seconda delle esigenze: 38, 50, 60 o 70 cm. Il prodotto \u00e8 disponibile anche nei colori bianco, verde o azzurro. I pretagli regolari consentono una rapida sostituzione, semplificando la preparazione del tavolo.   <\/p><p>Caratteristiche principali:<\/p><ul><li>ovatta di cellulosa in due strati<\/li><li>pratici pretagli<\/li><li>ampia scelta di larghezze<\/li><li>lunghezza standard di 50 m<\/li><li>diversi colori disponibili<\/li><li>compatibile con la maggior parte dei supporti a rullo<\/li><\/ul><p><br>Di conseguenza, \u00e8 facile da integrare in un&#8217;ampia gamma di ambienti professionali.<\/p>\t\t\t\t\t\t\t\t<\/div>\n\t\t\t\t<div class=\"elementor-element elementor-element-5814665 elementor-widget elementor-widget-heading\" data-id=\"5814665\" data-element_type=\"widget\" data-e-type=\"widget\" data-widget_type=\"heading.default\">\n\t\t\t\t\t<h2 class=\"elementor-heading-title elementor-size-default\">Consigli per l'installazione e la manutenzione<\/h2>\t\t\t\t<\/div>\n\t\t\t\t<div class=\"elementor-element elementor-element-8390051 elementor-widget elementor-widget-text-editor\" data-id=\"8390051\" data-element_type=\"widget\" data-e-type=\"widget\" data-widget_type=\"text-editor.default\">\n\t\t\t\t\t\t\t\t\t<p>Per garantire una buona igiene, \u00e8 consigliabile sostituire regolarmente il rullo d&#8217;esame. Questa pratica \u00e8 in linea con le raccomandazioni generali pubblicate da enti pubblici come l&#8217;Ufficio Federale della Sanit\u00e0 Pubblica (UFSP) e il Centro Svizzero di Informazione sulle Norme Tecniche (Switec). Queste istituzioni sottolineano che la protezione delle superfici aiuta a mantenere un ambiente pulito.  <br>\t\t<div data-elementor-type=\"widget\" data-elementor-id=\"60305\" class=\"elementor elementor-60305 elementor-60263 elementor-60263\" data-elementor-post-type=\"elementor_library\">\n\t\t\t\t\t\t<div class=\"elementor-element elementor-element-60263 elementor-widget elementor-widget-text-editor\" data-id=\"60263\" data-element_type=\"widget\" data-e-type=\"widget\" data-widget_type=\"text-editor.default\">\n\t\t\t\t\t\t\t\t\t<p>Per maggiori informazioni, consulta :<\/p><ul><li><a href=\"https:\/\/www.bag.admin.ch\" target=\"_blank\" rel=\"noopener\">Ufficio federale della sanit\u00e0 pubblica (UFSP)<\/a><\/li><li><a href=\"https:\/\/www.switec.info\" target=\"_blank\" rel=\"noopener\">Centro d&#8217;informazione svizzero per le norme tecniche (Switec)<\/a><\/li><li><a href=\"https:\/\/www.seco.admin.ch\/\" target=\"_blank\" rel=\"noopener\">Igiene sul lavoro (SECO)<\/a><\/li><\/ul><p><br>I nostri dispositivi medici hanno un rappresentante autorizzato in Svizzera (CH-REP), in conformit\u00e0 con l&#8217;attuale legislazione svizzera sui dispositivi medici.<\/p>\t\t\t\t\t\t\t\t<\/div>\n\t\t\t\t<\/div>\n\t\t<br>Clicca qui per vedere altri <a href=\"https:\/\/swixed.ch\/it\/categoria-prodotto\/materiale-vario\/lenzuoli-per-lettino-medico\/\">fogli d&#8217;esame<\/a>.<\/p>\t\t\t\t\t\t\t\t<\/div>\n\t\t\t\t<\/div>\n\t\t\t\t<\/div>\n\t\t\t\t<\/div>\n\t\t","protected":false},"excerpt":{"rendered":"<p>Il rotolo medico Weber &amp; Weber Practical \u00e8 un foglio per esami in ovatta di cellulosa progettato per proteggere le superfici delle apparecchiature. \u00c8 disponibile in un&#8217;ampia gamma di larghezze e colori ed \u00e8 dotato di pretagli regolari per facilitare l&#8217;uso e la sostituzione. Il materiale assorbente aiuta a mantenere una superficie pulita tra un utilizzo e l&#8217;altro. Questo prodotto \u00e8 stato progettato per una serie di applicazioni professionali.   <\/p>\n","protected":false},"featured_media":58681,"template":"","meta":{"_acf_changed":false},"product_brand":[7205],"product_cat":[1863,7068],"product_tag":[4123,7673,7675,7674,7677,7672,7679,7671,7676,7678],"class_list":{"0":"post-53831","1":"product","2":"type-product","3":"status-publish","4":"has-post-thumbnail","6":"product_brand-weber-weber-it","7":"product_cat-materiale-vario","8":"product_cat-lenzuoli-per-lettino-medico","9":"product_tag-attrezzature-mediche-it","10":"product_tag-carta-desame","11":"product_tag-igiene-del-lavoro","12":"product_tag-materiali-di-consumo-medicali-2","13":"product_tag-ovatta-di-cellulosa","14":"product_tag-rotolo-medico","15":"product_tag-rotolo-pretagliato","16":"product_tag-scheda-desame","17":"product_tag-tavolo-desame","18":"product_tag-uso-medico","20":"first","21":"instock","22":"taxable","23":"shipping-taxable","24":"purchasable","25":"product-type-variable","26":"has-default-attributes"},"acf":[],"yoast_head":"<!-- This site is optimized with the Yoast SEO Premium plugin v27.4 (Yoast SEO v27.4) - https:\/\/yoast.com\/product\/yoast-seo-premium-wordpress\/ -->\n<title>Rotolo medico Weber &amp; Weber Drappo pratico d&#039;esame | Swixed SA<\/title>\n<meta name=\"description\" content=\"Rotolo per esami in ovatta di cellulosa, disponibile in diverse misure e colori. Progettato per proteggere in modo affidabile e igienico i tavoli da visita.\" \/>\n<meta name=\"robots\" content=\"index, follow, max-snippet:-1, max-image-preview:large, max-video-preview:-1\" \/>\n<link rel=\"canonical\" href=\"https:\/\/swixed.ch\/it\/prodotto\/sed95019\/\" \/>\n<meta property=\"og:locale\" content=\"it_IT\" \/>\n<meta property=\"og:type\" content=\"article\" \/>\n<meta property=\"og:title\" content=\"Weber &amp; Weber Rotolo medico pratico di ovatta di cellulosa\" \/>\n<meta property=\"og:description\" content=\"Rotolo per esami in ovatta di cellulosa, disponibile in diverse misure e colori. Progettato per proteggere in modo affidabile e igienico i tavoli da visita.\" \/>\n<meta property=\"og:url\" content=\"https:\/\/swixed.ch\/it\/prodotto\/sed95019\/\" \/>\n<meta property=\"og:site_name\" content=\"Swixed SA\" \/>\n<meta property=\"article:publisher\" content=\"https:\/\/www.facebook.com\/swixed\" \/>\n<meta property=\"article:modified_time\" content=\"2026-01-16T15:56:20+00:00\" \/>\n<meta property=\"og:image\" content=\"https:\/\/swixed.ch\/wp-content\/uploads\/2026\/01\/SED95019-01.png\" \/>\n\t<meta property=\"og:image:width\" content=\"600\" \/>\n\t<meta property=\"og:image:height\" content=\"600\" \/>\n\t<meta property=\"og:image:type\" content=\"image\/png\" \/>\n<meta name=\"twitter:card\" content=\"summary_large_image\" \/>\n<meta name=\"twitter:label1\" content=\"Tempo di lettura stimato\" \/>\n\t<meta name=\"twitter:data1\" content=\"2 minuti\" \/>\n<script type=\"application\/ld+json\" class=\"yoast-schema-graph\">{\"@context\":\"https:\\\/\\\/schema.org\",\"@graph\":[{\"@type\":\"WebPage\",\"@id\":\"https:\\\/\\\/swixed.ch\\\/it\\\/prodotto\\\/sed95019\\\/\",\"url\":\"https:\\\/\\\/swixed.ch\\\/it\\\/prodotto\\\/sed95019\\\/\",\"name\":\"Rotolo medico Weber & Weber Drappo pratico d'esame | Swixed SA\",\"isPartOf\":{\"@id\":\"https:\\\/\\\/swixed.ch\\\/it\\\/#website\"},\"primaryImageOfPage\":{\"@id\":\"https:\\\/\\\/swixed.ch\\\/it\\\/prodotto\\\/sed95019\\\/#primaryimage\"},\"image\":{\"@id\":\"https:\\\/\\\/swixed.ch\\\/it\\\/prodotto\\\/sed95019\\\/#primaryimage\"},\"thumbnailUrl\":\"https:\\\/\\\/swixed.ch\\\/wp-content\\\/uploads\\\/2026\\\/01\\\/SED95019-01.png\",\"datePublished\":\"2025-10-17T15:37:25+00:00\",\"dateModified\":\"2026-01-16T15:56:20+00:00\",\"description\":\"Rotolo per esami in ovatta di cellulosa, disponibile in diverse misure e colori. Progettato per proteggere in modo affidabile e igienico i tavoli da visita.\",\"breadcrumb\":{\"@id\":\"https:\\\/\\\/swixed.ch\\\/it\\\/prodotto\\\/sed95019\\\/#breadcrumb\"},\"inLanguage\":\"it-IT\",\"potentialAction\":[{\"@type\":\"ReadAction\",\"target\":[\"https:\\\/\\\/swixed.ch\\\/it\\\/prodotto\\\/sed95019\\\/\"]}]},{\"@type\":\"ImageObject\",\"inLanguage\":\"it-IT\",\"@id\":\"https:\\\/\\\/swixed.ch\\\/it\\\/prodotto\\\/sed95019\\\/#primaryimage\",\"url\":\"https:\\\/\\\/swixed.ch\\\/wp-content\\\/uploads\\\/2026\\\/01\\\/SED95019-01.png\",\"contentUrl\":\"https:\\\/\\\/swixed.ch\\\/wp-content\\\/uploads\\\/2026\\\/01\\\/SED95019-01.png\",\"width\":600,\"height\":600,\"caption\":\"SED95019\"},{\"@type\":\"BreadcrumbList\",\"@id\":\"https:\\\/\\\/swixed.ch\\\/it\\\/prodotto\\\/sed95019\\\/#breadcrumb\",\"itemListElement\":[{\"@type\":\"ListItem\",\"position\":1,\"name\":\"Home\",\"item\":\"https:\\\/\\\/swixed.ch\\\/it\\\/home\\\/\"},{\"@type\":\"ListItem\",\"position\":2,\"name\":\"Negozio\",\"item\":\"https:\\\/\\\/swixed.ch\\\/it\\\/shop\\\/\"},{\"@type\":\"ListItem\",\"position\":3,\"name\":\"Weber &amp; Weber Rotolo medico pratico di ovatta di cellulosa\"}]},{\"@type\":\"WebSite\",\"@id\":\"https:\\\/\\\/swixed.ch\\\/it\\\/#website\",\"url\":\"https:\\\/\\\/swixed.ch\\\/it\\\/\",\"name\":\"Swixed SA\",\"description\":\"Dispositivi elettronici\",\"publisher\":{\"@id\":\"https:\\\/\\\/swixed.ch\\\/it\\\/#organization\"},\"potentialAction\":[{\"@type\":\"SearchAction\",\"target\":{\"@type\":\"EntryPoint\",\"urlTemplate\":\"https:\\\/\\\/swixed.ch\\\/it\\\/?s={search_term_string}\"},\"query-input\":{\"@type\":\"PropertyValueSpecification\",\"valueRequired\":true,\"valueName\":\"search_term_string\"}}],\"inLanguage\":\"it-IT\"},{\"@type\":\"Organization\",\"@id\":\"https:\\\/\\\/swixed.ch\\\/it\\\/#organization\",\"name\":\"Swixed SA\",\"url\":\"https:\\\/\\\/swixed.ch\\\/it\\\/\",\"logo\":{\"@type\":\"ImageObject\",\"inLanguage\":\"it-IT\",\"@id\":\"https:\\\/\\\/swixed.ch\\\/it\\\/#\\\/schema\\\/logo\\\/image\\\/\",\"url\":\"https:\\\/\\\/swixed.ch\\\/wp-content\\\/uploads\\\/logos\\\/swixed-logo-lite.png\",\"contentUrl\":\"https:\\\/\\\/swixed.ch\\\/wp-content\\\/uploads\\\/logos\\\/swixed-logo-lite.png\",\"width\":696,\"height\":696,\"caption\":\"Swixed SA\"},\"image\":{\"@id\":\"https:\\\/\\\/swixed.ch\\\/it\\\/#\\\/schema\\\/logo\\\/image\\\/\"},\"sameAs\":[\"https:\\\/\\\/www.facebook.com\\\/swixed\",\"https:\\\/\\\/www.linkedin.com\\\/company\\\/swixed\",\"https:\\\/\\\/www.youtube.com\\\/@swixedsa\"],\"description\":\"Swixed SA est une entreprise suisse bas\u00e9e \u00e0 Gen\u00e8ve, sp\u00e9cialis\u00e9e dans la vente, la location et la maintenance d\u2019appareils m\u00e9dicaux professionnels, tels que d\u00e9fibrillateurs AED, \u00e9lectrocardiographes, moniteurs patient et dispositifs de diagnostic.\",\"email\":\"infoshop@swixed.ch\",\"telephone\":\"+41 22 566 11 95\",\"legalName\":\"Swixed SA\",\"foundingDate\":\"2021-03-01\",\"numberOfEmployees\":{\"@type\":\"QuantitativeValue\",\"minValue\":\"1\",\"maxValue\":\"10\"}}]}<\/script>\n<!-- \/ Yoast SEO Premium plugin. -->","yoast_head_json":{"title":"Rotolo medico Weber & Weber Drappo pratico d'esame | Swixed SA","description":"Rotolo per esami in ovatta di cellulosa, disponibile in diverse misure e colori. Progettato per proteggere in modo affidabile e igienico i tavoli da visita.","robots":{"index":"index","follow":"follow","max-snippet":"max-snippet:-1","max-image-preview":"max-image-preview:large","max-video-preview":"max-video-preview:-1"},"canonical":"https:\/\/swixed.ch\/it\/prodotto\/sed95019\/","og_locale":"it_IT","og_type":"article","og_title":"Weber &amp; Weber Rotolo medico pratico di ovatta di cellulosa","og_description":"Rotolo per esami in ovatta di cellulosa, disponibile in diverse misure e colori. Progettato per proteggere in modo affidabile e igienico i tavoli da visita.","og_url":"https:\/\/swixed.ch\/it\/prodotto\/sed95019\/","og_site_name":"Swixed SA","article_publisher":"https:\/\/www.facebook.com\/swixed","article_modified_time":"2026-01-16T15:56:20+00:00","og_image":[{"width":600,"height":600,"url":"https:\/\/swixed.ch\/wp-content\/uploads\/2026\/01\/SED95019-01.png","type":"image\/png"}],"twitter_card":"summary_large_image","twitter_misc":{"Tempo di lettura stimato":"2 minuti"},"schema":{"@context":"https:\/\/schema.org","@graph":[{"@type":"WebPage","@id":"https:\/\/swixed.ch\/it\/prodotto\/sed95019\/","url":"https:\/\/swixed.ch\/it\/prodotto\/sed95019\/","name":"Rotolo medico Weber & Weber Drappo pratico d'esame | Swixed SA","isPartOf":{"@id":"https:\/\/swixed.ch\/it\/#website"},"primaryImageOfPage":{"@id":"https:\/\/swixed.ch\/it\/prodotto\/sed95019\/#primaryimage"},"image":{"@id":"https:\/\/swixed.ch\/it\/prodotto\/sed95019\/#primaryimage"},"thumbnailUrl":"https:\/\/swixed.ch\/wp-content\/uploads\/2026\/01\/SED95019-01.png","datePublished":"2025-10-17T15:37:25+00:00","dateModified":"2026-01-16T15:56:20+00:00","description":"Rotolo per esami in ovatta di cellulosa, disponibile in diverse misure e colori. Progettato per proteggere in modo affidabile e igienico i tavoli da visita.","breadcrumb":{"@id":"https:\/\/swixed.ch\/it\/prodotto\/sed95019\/#breadcrumb"},"inLanguage":"it-IT","potentialAction":[{"@type":"ReadAction","target":["https:\/\/swixed.ch\/it\/prodotto\/sed95019\/"]}]},{"@type":"ImageObject","inLanguage":"it-IT","@id":"https:\/\/swixed.ch\/it\/prodotto\/sed95019\/#primaryimage","url":"https:\/\/swixed.ch\/wp-content\/uploads\/2026\/01\/SED95019-01.png","contentUrl":"https:\/\/swixed.ch\/wp-content\/uploads\/2026\/01\/SED95019-01.png","width":600,"height":600,"caption":"SED95019"},{"@type":"BreadcrumbList","@id":"https:\/\/swixed.ch\/it\/prodotto\/sed95019\/#breadcrumb","itemListElement":[{"@type":"ListItem","position":1,"name":"Home","item":"https:\/\/swixed.ch\/it\/home\/"},{"@type":"ListItem","position":2,"name":"Negozio","item":"https:\/\/swixed.ch\/it\/shop\/"},{"@type":"ListItem","position":3,"name":"Weber &amp; Weber Rotolo medico pratico di ovatta di cellulosa"}]},{"@type":"WebSite","@id":"https:\/\/swixed.ch\/it\/#website","url":"https:\/\/swixed.ch\/it\/","name":"Swixed SA","description":"Dispositivi elettronici","publisher":{"@id":"https:\/\/swixed.ch\/it\/#organization"},"potentialAction":[{"@type":"SearchAction","target":{"@type":"EntryPoint","urlTemplate":"https:\/\/swixed.ch\/it\/?s={search_term_string}"},"query-input":{"@type":"PropertyValueSpecification","valueRequired":true,"valueName":"search_term_string"}}],"inLanguage":"it-IT"},{"@type":"Organization","@id":"https:\/\/swixed.ch\/it\/#organization","name":"Swixed SA","url":"https:\/\/swixed.ch\/it\/","logo":{"@type":"ImageObject","inLanguage":"it-IT","@id":"https:\/\/swixed.ch\/it\/#\/schema\/logo\/image\/","url":"https:\/\/swixed.ch\/wp-content\/uploads\/logos\/swixed-logo-lite.png","contentUrl":"https:\/\/swixed.ch\/wp-content\/uploads\/logos\/swixed-logo-lite.png","width":696,"height":696,"caption":"Swixed SA"},"image":{"@id":"https:\/\/swixed.ch\/it\/#\/schema\/logo\/image\/"},"sameAs":["https:\/\/www.facebook.com\/swixed","https:\/\/www.linkedin.com\/company\/swixed","https:\/\/www.youtube.com\/@swixedsa"],"description":"Swixed SA est une entreprise suisse bas\u00e9e \u00e0 Gen\u00e8ve, sp\u00e9cialis\u00e9e dans la vente, la location et la maintenance d\u2019appareils m\u00e9dicaux professionnels, tels que d\u00e9fibrillateurs AED, \u00e9lectrocardiographes, moniteurs patient et dispositifs de diagnostic.","email":"infoshop@swixed.ch","telephone":"+41 22 566 11 95","legalName":"Swixed SA","foundingDate":"2021-03-01","numberOfEmployees":{"@type":"QuantitativeValue","minValue":"1","maxValue":"10"}}]}},"_links":{"self":[{"href":"https:\/\/swixed.ch\/it\/wp-json\/wp\/v2\/product\/53831","targetHints":{"allow":["GET"]}}],"collection":[{"href":"https:\/\/swixed.ch\/it\/wp-json\/wp\/v2\/product"}],"about":[{"href":"https:\/\/swixed.ch\/it\/wp-json\/wp\/v2\/types\/product"}],"version-history":[{"count":0,"href":"https:\/\/swixed.ch\/it\/wp-json\/wp\/v2\/product\/53831\/revisions"}],"wp:featuredmedia":[{"embeddable":true,"href":"https:\/\/swixed.ch\/it\/wp-json\/wp\/v2\/media\/58681"}],"wp:attachment":[{"href":"https:\/\/swixed.ch\/it\/wp-json\/wp\/v2\/media?parent=53831"}],"wp:term":[{"taxonomy":"product_brand","embeddable":true,"href":"https:\/\/swixed.ch\/it\/wp-json\/wp\/v2\/product_brand?post=53831"},{"taxonomy":"product_cat","embeddable":true,"href":"https:\/\/swixed.ch\/it\/wp-json\/wp\/v2\/product_cat?post=53831"},{"taxonomy":"product_tag","embeddable":true,"href":"https:\/\/swixed.ch\/it\/wp-json\/wp\/v2\/product_tag?post=53831"}],"curies":[{"name":"wp","href":"https:\/\/api.w.org\/{rel}","templated":true}]}}