{"id":53907,"date":"2025-10-18T19:47:26","date_gmt":"2025-10-18T17:47:26","guid":{"rendered":"https:\/\/swixed.com\/?post_type=product&#038;p=53907"},"modified":"2026-01-15T23:20:31","modified_gmt":"2026-01-15T22:20:31","slug":"sed95017","status":"publish","type":"product","link":"https:\/\/swixed.ch\/it\/prodotto\/sed95017\/","title":{"rendered":"Bilancia elettronica Seca 803"},"content":{"rendered":"\t\t<div data-elementor-type=\"product-post\" data-elementor-id=\"53907\" class=\"elementor elementor-53907 elementor-53898\" data-elementor-post-type=\"product\">\n\t\t\t\t<div class=\"elementor-element elementor-element-4b2c072 e-con-full e-flex e-con e-parent\" data-id=\"4b2c072\" data-element_type=\"container\" data-e-type=\"container\">\n\t\t<div class=\"elementor-element elementor-element-99ee43b e-con-full e-flex e-con e-child\" data-id=\"99ee43b\" data-element_type=\"container\" data-e-type=\"container\">\n\t\t\t\t<div class=\"elementor-element elementor-element-d4c988c elementor-widget elementor-widget-heading\" data-id=\"d4c988c\" data-element_type=\"widget\" data-e-type=\"widget\" data-widget_type=\"heading.default\">\n\t\t\t\t\t<h2 class=\"elementor-heading-title elementor-size-default\">Utilizzo versatile e design robusto<\/h2>\t\t\t\t<\/div>\n\t\t\t\t<div class=\"elementor-element elementor-element-e9b972c elementor-widget elementor-widget-text-editor\" data-id=\"e9b972c\" data-element_type=\"widget\" data-e-type=\"widget\" data-widget_type=\"text-editor.default\">\n\t\t\t\t\t\t\t\t\t<p>La bilancia elettronica Seca 803 \u00e8 stata progettata per fornire misurazioni affidabili e stabili. Pu\u00f2 essere utilizzata in studi medici, centri benessere e uffici. Tuttavia, il suo design sottile e la sua facilit\u00e0 d&#8217;uso la rendono pratica anche per l&#8217;uso domestico. Inoltre, la sua piattaforma antiscivolo e la base rinforzata assicurano un&#8217;eccellente stabilit\u00e0 in ogni sessione di pesata.   <\/p><p>Il display LCD da 28 mm, con le sue grandi cifre, \u00e8 veloce e facile da leggere. In questo modo misurare il tuo peso diventa un gioco da ragazzi, senza alcuno sforzo visivo. La capacit\u00e0 di 150 kg e la graduazione di 100 g garantiscono una precisione costante e non medica. Inoltre, la funzione Auto-HOLD mantiene il peso visualizzato per alcuni secondi dopo la pesata, rendendo ancora pi\u00f9 facile l&#8217;utilizzo.   <\/p><p>Inoltre, il Seca 803 si avvia e si spegne automaticamente, prolungando la durata della batteria. Il peso ridotto di circa 1,5 kg e le dimensioni compatte (315 \u00d7 325 \u00d7 35 mm) lo rendono facile da trasportare. Grazie a queste caratteristiche, si adatta perfettamente a qualsiasi ambiente professionale o privato. Infine, il suo design discreto e le finiture accurate lo rendono affidabile, stabile e duraturo.   <\/p>\t\t\t\t\t\t\t\t<\/div>\n\t\t\t\t<div class=\"elementor-element elementor-element-362b986 elementor-widget elementor-widget-heading\" data-id=\"362b986\" data-element_type=\"widget\" data-e-type=\"widget\" data-widget_type=\"heading.default\">\n\t\t\t\t\t<h2 class=\"elementor-heading-title elementor-size-default\">Specifiche tecniche<\/h2>\t\t\t\t<\/div>\n\t\t\t\t<div class=\"elementor-element elementor-element-c3266bf elementor-widget elementor-widget-text-editor\" data-id=\"c3266bf\" data-element_type=\"widget\" data-e-type=\"widget\" data-widget_type=\"text-editor.default\">\n\t\t\t\t\t\t\t\t\t<p>La Seca 803 combina precisione e semplicit\u00e0. La sua portata massima di 150 kg soddisfa le esigenze pi\u00f9 comuni, mentre la scala da 100 g garantisce una lettura accurata. Inoltre, la sua piattaforma piatta e antiscivolo con rivestimento in gomma bicomponente garantisce una sicurezza ottimale durante ogni utilizzo.  <\/p><p>Il dispositivo \u00e8 dotato di un ampio display LCD che ne facilita la lettura, anche in ambienti poco illuminati. Inoltre, la funzione Auto-HOLD mantiene il valore del peso per alcuni secondi prima di spegnersi automaticamente, per evitare qualsiasi confusione. L&#8217;alimentazione \u00e8 fornita da quattro batterie AAA per un funzionamento affidabile e prolungato.  <\/p><p>Grazie al suo design compatto, questo modello si adatta a tutti i tipi di terreno. La sua leggerezza lo rende facile da spostare, rendendolo uno strumento versatile. Inoltre, i materiali di alta qualit\u00e0 utilizzati garantiscono una lunga durata, anche in caso di utilizzo professionale. Infine, la Seca 803 \u00e8 conforme agli standard europei per gli strumenti di pesatura elettronica.   <\/p>\t\t\t\t\t\t\t\t<\/div>\n\t\t\t\t<div class=\"elementor-element elementor-element-d396447 elementor-widget elementor-widget-heading\" data-id=\"d396447\" data-element_type=\"widget\" data-e-type=\"widget\" data-widget_type=\"heading.default\">\n\t\t\t\t\t<h2 class=\"elementor-heading-title elementor-size-default\">Vantaggi per l'uso professionale e privato<\/h2>\t\t\t\t<\/div>\n\t\t\t\t<div class=\"elementor-element elementor-element-13c7bc3 elementor-widget elementor-widget-text-editor\" data-id=\"13c7bc3\" data-element_type=\"widget\" data-e-type=\"widget\" data-widget_type=\"text-editor.default\">\n\t\t\t\t\t\t\t\t\t<ul><li>Vassoio antiscivolo per una stabilit\u00e0 garantita.<\/li><li>Lettore di peso veloce e di facile lettura, ottimo per un accesso rapido.<\/li><li>Design sottile e leggero, facile da trasportare in un ambiente multiuso.<\/li><li>La capacit\u00e0 di 150 kg copre la maggior parte degli usi standard.<\/li><\/ul>\t\t\t\t\t\t\t\t<\/div>\n\t\t\t\t<div class=\"elementor-element elementor-element-fbbf99f elementor-widget elementor-widget-heading\" data-id=\"fbbf99f\" data-element_type=\"widget\" data-e-type=\"widget\" data-widget_type=\"heading.default\">\n\t\t\t\t\t<h2 class=\"elementor-heading-title elementor-size-default\">Uso, conformit\u00e0 e manutenzione<\/h2>\t\t\t\t<\/div>\n\t\t\t\t<div class=\"elementor-element elementor-element-c7a3c3a elementor-widget elementor-widget-text-editor\" data-id=\"c7a3c3a\" data-element_type=\"widget\" data-e-type=\"widget\" data-widget_type=\"text-editor.default\">\n\t\t\t\t\t\t\t\t\t<p>La bilancia elettronica Seca 803 soddisfa i requisiti di sicurezza e qualit\u00e0 svizzeri ed europei. In Svizzera, le normative relative agli strumenti di misura sono supervisionate da diversi enti pubblici. Il Centro Svizzero di Informazione sulle Regole Tecniche (Switec) pubblica gli standard armonizzati applicabili agli strumenti di misura, mentre l&#8217;Ufficio Federale della Sanit\u00e0 Pubblica (UFSP) definisce le raccomandazioni per l&#8217;utilizzo delle apparecchiature in ambito sanitario o di prevenzione.  <br>\t\t<div data-elementor-type=\"widget\" data-elementor-id=\"60301\" class=\"elementor elementor-60301 elementor-60240 elementor-60240\" data-elementor-post-type=\"elementor_library\">\n\t\t\t\t\t\t<div class=\"elementor-element elementor-element-60240 elementor-widget elementor-widget-text-editor\" data-id=\"60240\" data-element_type=\"widget\" data-e-type=\"widget\" data-widget_type=\"text-editor.default\">\n\t\t\t\t\t\t\t\t\t<p>Per maggiori informazioni, consulta :<\/p><ul><li><a href=\"https:\/\/www.bag.admin.ch\" target=\"_blank\" rel=\"noopener\">Ufficio federale della sanit\u00e0 pubblica (UFSP)<\/a><\/li><li><a href=\"https:\/\/www.switec.info\" target=\"_blank\" rel=\"noopener\">Centro d&#8217;informazione svizzero per le norme tecniche (Switec)<\/a><\/li><\/ul><p><br>I nostri dispositivi medici hanno un rappresentante autorizzato in Svizzera (CH-REP), in conformit\u00e0 con l&#8217;attuale legislazione svizzera sui dispositivi medici.<\/p>\t\t\t\t\t\t\t\t<\/div>\n\t\t\t\t<\/div>\n\t\t<br>Clicca qui per altri modelli di <a href=\"https:\/\/swixed.ch\/it\/categoria-prodotto\/materiale-vario\/bilancie-persapersone\/\">bilance pesapersone<\/a>.<\/p><p>Per garantire prestazioni ottimali, ti consigliamo di :<\/p><ul><li>controlla regolarmente la stabilit\u00e0 della piattaforma,<\/li><li>per sostituire le batterie quando il display lo indica,<\/li><li>pulisci la superficie con un panno umido (senza prodotti abrasivi).<\/li><\/ul>\t\t\t\t\t\t\t\t<\/div>\n\t\t\t\t<\/div>\n\t\t\t\t<\/div>\n\t\t\t\t<\/div>\n\t\t","protected":false},"excerpt":{"rendered":"<p>La Seca 803 \u00e8 una bilancia pesapersone elettronica dal design compatto e robusto. Ha una piattaforma stabile e antiscivolo e un display LCD per leggere le informazioni operative. Funziona con batterie AAA e ha una funzione di spegnimento automatico. \u00c8 conforme alle specifiche tecniche del produttore ed \u00e8 progettata per l&#8217;uso in ambienti professionali e istituzionali.   <\/p>\n","protected":false},"featured_media":58656,"template":"","meta":{"_acf_changed":false},"product_brand":[2183],"product_cat":[1863,2215],"product_tag":[7291,7290,7288,7287,7289,6168,7293,7286,7294,7292],"class_list":{"0":"post-53907","1":"product","2":"type-product","3":"status-publish","4":"has-post-thumbnail","6":"product_brand-seca-it","7":"product_cat-materiale-vario","8":"product_cat-bilancie-persapersone","9":"product_tag-150-kg","10":"product_tag-bilancia-di-precisione","11":"product_tag-bilancia-digitale","12":"product_tag-bilancia-elettronica-da-bagno","13":"product_tag-bilancia-pesapersone-professionale","14":"product_tag-display-lcd","15":"product_tag-equilibrio-seca","16":"product_tag-seca-803","17":"product_tag-strumento-di-misura-2","18":"product_tag-vassoio-antiscivolo","20":"first","21":"instock","22":"taxable","23":"shipping-taxable","24":"purchasable","25":"product-type-simple"},"acf":[],"yoast_head":"<!-- This site is optimized with the Yoast SEO Premium plugin v27.4 (Yoast SEO v27.4) - https:\/\/yoast.com\/product\/yoast-seo-premium-wordpress\/ -->\n<title>Bilancia pesapersone elettronica Seca 803 da 150 kg | Swixed SA<\/title>\n<meta name=\"description\" content=\"Bilancia pesapersone elettronica Seca 803, portata 150 kg, display LCD di facile lettura e superficie antiscivolo. Ideale per uso professionale o privato.\" \/>\n<meta name=\"robots\" content=\"index, follow, max-snippet:-1, max-image-preview:large, max-video-preview:-1\" \/>\n<link rel=\"canonical\" href=\"https:\/\/swixed.ch\/it\/prodotto\/sed95017\/\" \/>\n<meta property=\"og:locale\" content=\"it_IT\" \/>\n<meta property=\"og:type\" content=\"article\" \/>\n<meta property=\"og:title\" content=\"Bilancia elettronica Seca 803\" \/>\n<meta property=\"og:description\" content=\"Bilancia pesapersone elettronica Seca 803, portata 150 kg, display LCD di facile lettura e superficie antiscivolo. Ideale per uso professionale o privato.\" \/>\n<meta property=\"og:url\" content=\"https:\/\/swixed.ch\/it\/prodotto\/sed95017\/\" \/>\n<meta property=\"og:site_name\" content=\"Swixed SA\" \/>\n<meta property=\"article:publisher\" content=\"https:\/\/www.facebook.com\/swixed\" \/>\n<meta property=\"article:modified_time\" content=\"2026-01-15T22:20:31+00:00\" \/>\n<meta property=\"og:image\" content=\"https:\/\/swixed.ch\/wp-content\/uploads\/2026\/01\/SED95017-01.png\" \/>\n\t<meta property=\"og:image:width\" content=\"600\" \/>\n\t<meta property=\"og:image:height\" content=\"600\" \/>\n\t<meta property=\"og:image:type\" content=\"image\/png\" \/>\n<meta name=\"twitter:card\" content=\"summary_large_image\" \/>\n<meta name=\"twitter:label1\" content=\"Tempo di lettura stimato\" \/>\n\t<meta name=\"twitter:data1\" content=\"3 minuti\" \/>\n<script type=\"application\/ld+json\" class=\"yoast-schema-graph\">{\"@context\":\"https:\\\/\\\/schema.org\",\"@graph\":[{\"@type\":\"WebPage\",\"@id\":\"https:\\\/\\\/swixed.ch\\\/it\\\/prodotto\\\/sed95017\\\/\",\"url\":\"https:\\\/\\\/swixed.ch\\\/it\\\/prodotto\\\/sed95017\\\/\",\"name\":\"Bilancia pesapersone elettronica Seca 803 da 150 kg | Swixed SA\",\"isPartOf\":{\"@id\":\"https:\\\/\\\/swixed.ch\\\/it\\\/#website\"},\"primaryImageOfPage\":{\"@id\":\"https:\\\/\\\/swixed.ch\\\/it\\\/prodotto\\\/sed95017\\\/#primaryimage\"},\"image\":{\"@id\":\"https:\\\/\\\/swixed.ch\\\/it\\\/prodotto\\\/sed95017\\\/#primaryimage\"},\"thumbnailUrl\":\"https:\\\/\\\/swixed.ch\\\/wp-content\\\/uploads\\\/2026\\\/01\\\/SED95017-01.png\",\"datePublished\":\"2025-10-18T17:47:26+00:00\",\"dateModified\":\"2026-01-15T22:20:31+00:00\",\"description\":\"Bilancia pesapersone elettronica Seca 803, portata 150 kg, display LCD di facile lettura e superficie antiscivolo. Ideale per uso professionale o privato.\",\"breadcrumb\":{\"@id\":\"https:\\\/\\\/swixed.ch\\\/it\\\/prodotto\\\/sed95017\\\/#breadcrumb\"},\"inLanguage\":\"it-IT\",\"potentialAction\":[{\"@type\":\"ReadAction\",\"target\":[\"https:\\\/\\\/swixed.ch\\\/it\\\/prodotto\\\/sed95017\\\/\"]}]},{\"@type\":\"ImageObject\",\"inLanguage\":\"it-IT\",\"@id\":\"https:\\\/\\\/swixed.ch\\\/it\\\/prodotto\\\/sed95017\\\/#primaryimage\",\"url\":\"https:\\\/\\\/swixed.ch\\\/wp-content\\\/uploads\\\/2026\\\/01\\\/SED95017-01.png\",\"contentUrl\":\"https:\\\/\\\/swixed.ch\\\/wp-content\\\/uploads\\\/2026\\\/01\\\/SED95017-01.png\",\"width\":600,\"height\":600,\"caption\":\"SED95017\"},{\"@type\":\"BreadcrumbList\",\"@id\":\"https:\\\/\\\/swixed.ch\\\/it\\\/prodotto\\\/sed95017\\\/#breadcrumb\",\"itemListElement\":[{\"@type\":\"ListItem\",\"position\":1,\"name\":\"Home\",\"item\":\"https:\\\/\\\/swixed.ch\\\/it\\\/home\\\/\"},{\"@type\":\"ListItem\",\"position\":2,\"name\":\"Negozio\",\"item\":\"https:\\\/\\\/swixed.ch\\\/it\\\/shop\\\/\"},{\"@type\":\"ListItem\",\"position\":3,\"name\":\"Bilancia elettronica Seca 803\"}]},{\"@type\":\"WebSite\",\"@id\":\"https:\\\/\\\/swixed.ch\\\/it\\\/#website\",\"url\":\"https:\\\/\\\/swixed.ch\\\/it\\\/\",\"name\":\"Swixed SA\",\"description\":\"Dispositivi elettronici\",\"publisher\":{\"@id\":\"https:\\\/\\\/swixed.ch\\\/it\\\/#organization\"},\"potentialAction\":[{\"@type\":\"SearchAction\",\"target\":{\"@type\":\"EntryPoint\",\"urlTemplate\":\"https:\\\/\\\/swixed.ch\\\/it\\\/?s={search_term_string}\"},\"query-input\":{\"@type\":\"PropertyValueSpecification\",\"valueRequired\":true,\"valueName\":\"search_term_string\"}}],\"inLanguage\":\"it-IT\"},{\"@type\":\"Organization\",\"@id\":\"https:\\\/\\\/swixed.ch\\\/it\\\/#organization\",\"name\":\"Swixed SA\",\"url\":\"https:\\\/\\\/swixed.ch\\\/it\\\/\",\"logo\":{\"@type\":\"ImageObject\",\"inLanguage\":\"it-IT\",\"@id\":\"https:\\\/\\\/swixed.ch\\\/it\\\/#\\\/schema\\\/logo\\\/image\\\/\",\"url\":\"https:\\\/\\\/swixed.ch\\\/wp-content\\\/uploads\\\/logos\\\/swixed-logo-lite.png\",\"contentUrl\":\"https:\\\/\\\/swixed.ch\\\/wp-content\\\/uploads\\\/logos\\\/swixed-logo-lite.png\",\"width\":696,\"height\":696,\"caption\":\"Swixed SA\"},\"image\":{\"@id\":\"https:\\\/\\\/swixed.ch\\\/it\\\/#\\\/schema\\\/logo\\\/image\\\/\"},\"sameAs\":[\"https:\\\/\\\/www.facebook.com\\\/swixed\",\"https:\\\/\\\/www.linkedin.com\\\/company\\\/swixed\",\"https:\\\/\\\/www.youtube.com\\\/@swixedsa\"],\"description\":\"Swixed SA est une entreprise suisse bas\u00e9e \u00e0 Gen\u00e8ve, sp\u00e9cialis\u00e9e dans la vente, la location et la maintenance d\u2019appareils m\u00e9dicaux professionnels, tels que d\u00e9fibrillateurs AED, \u00e9lectrocardiographes, moniteurs patient et dispositifs de diagnostic.\",\"email\":\"infoshop@swixed.ch\",\"telephone\":\"+41 22 566 11 95\",\"legalName\":\"Swixed SA\",\"foundingDate\":\"2021-03-01\",\"numberOfEmployees\":{\"@type\":\"QuantitativeValue\",\"minValue\":\"1\",\"maxValue\":\"10\"}}]}<\/script>\n<!-- \/ Yoast SEO Premium plugin. -->","yoast_head_json":{"title":"Bilancia pesapersone elettronica Seca 803 da 150 kg | Swixed SA","description":"Bilancia pesapersone elettronica Seca 803, portata 150 kg, display LCD di facile lettura e superficie antiscivolo. Ideale per uso professionale o privato.","robots":{"index":"index","follow":"follow","max-snippet":"max-snippet:-1","max-image-preview":"max-image-preview:large","max-video-preview":"max-video-preview:-1"},"canonical":"https:\/\/swixed.ch\/it\/prodotto\/sed95017\/","og_locale":"it_IT","og_type":"article","og_title":"Bilancia elettronica Seca 803","og_description":"Bilancia pesapersone elettronica Seca 803, portata 150 kg, display LCD di facile lettura e superficie antiscivolo. Ideale per uso professionale o privato.","og_url":"https:\/\/swixed.ch\/it\/prodotto\/sed95017\/","og_site_name":"Swixed SA","article_publisher":"https:\/\/www.facebook.com\/swixed","article_modified_time":"2026-01-15T22:20:31+00:00","og_image":[{"width":600,"height":600,"url":"https:\/\/swixed.ch\/wp-content\/uploads\/2026\/01\/SED95017-01.png","type":"image\/png"}],"twitter_card":"summary_large_image","twitter_misc":{"Tempo di lettura stimato":"3 minuti"},"schema":{"@context":"https:\/\/schema.org","@graph":[{"@type":"WebPage","@id":"https:\/\/swixed.ch\/it\/prodotto\/sed95017\/","url":"https:\/\/swixed.ch\/it\/prodotto\/sed95017\/","name":"Bilancia pesapersone elettronica Seca 803 da 150 kg | Swixed SA","isPartOf":{"@id":"https:\/\/swixed.ch\/it\/#website"},"primaryImageOfPage":{"@id":"https:\/\/swixed.ch\/it\/prodotto\/sed95017\/#primaryimage"},"image":{"@id":"https:\/\/swixed.ch\/it\/prodotto\/sed95017\/#primaryimage"},"thumbnailUrl":"https:\/\/swixed.ch\/wp-content\/uploads\/2026\/01\/SED95017-01.png","datePublished":"2025-10-18T17:47:26+00:00","dateModified":"2026-01-15T22:20:31+00:00","description":"Bilancia pesapersone elettronica Seca 803, portata 150 kg, display LCD di facile lettura e superficie antiscivolo. Ideale per uso professionale o privato.","breadcrumb":{"@id":"https:\/\/swixed.ch\/it\/prodotto\/sed95017\/#breadcrumb"},"inLanguage":"it-IT","potentialAction":[{"@type":"ReadAction","target":["https:\/\/swixed.ch\/it\/prodotto\/sed95017\/"]}]},{"@type":"ImageObject","inLanguage":"it-IT","@id":"https:\/\/swixed.ch\/it\/prodotto\/sed95017\/#primaryimage","url":"https:\/\/swixed.ch\/wp-content\/uploads\/2026\/01\/SED95017-01.png","contentUrl":"https:\/\/swixed.ch\/wp-content\/uploads\/2026\/01\/SED95017-01.png","width":600,"height":600,"caption":"SED95017"},{"@type":"BreadcrumbList","@id":"https:\/\/swixed.ch\/it\/prodotto\/sed95017\/#breadcrumb","itemListElement":[{"@type":"ListItem","position":1,"name":"Home","item":"https:\/\/swixed.ch\/it\/home\/"},{"@type":"ListItem","position":2,"name":"Negozio","item":"https:\/\/swixed.ch\/it\/shop\/"},{"@type":"ListItem","position":3,"name":"Bilancia elettronica Seca 803"}]},{"@type":"WebSite","@id":"https:\/\/swixed.ch\/it\/#website","url":"https:\/\/swixed.ch\/it\/","name":"Swixed SA","description":"Dispositivi elettronici","publisher":{"@id":"https:\/\/swixed.ch\/it\/#organization"},"potentialAction":[{"@type":"SearchAction","target":{"@type":"EntryPoint","urlTemplate":"https:\/\/swixed.ch\/it\/?s={search_term_string}"},"query-input":{"@type":"PropertyValueSpecification","valueRequired":true,"valueName":"search_term_string"}}],"inLanguage":"it-IT"},{"@type":"Organization","@id":"https:\/\/swixed.ch\/it\/#organization","name":"Swixed SA","url":"https:\/\/swixed.ch\/it\/","logo":{"@type":"ImageObject","inLanguage":"it-IT","@id":"https:\/\/swixed.ch\/it\/#\/schema\/logo\/image\/","url":"https:\/\/swixed.ch\/wp-content\/uploads\/logos\/swixed-logo-lite.png","contentUrl":"https:\/\/swixed.ch\/wp-content\/uploads\/logos\/swixed-logo-lite.png","width":696,"height":696,"caption":"Swixed SA"},"image":{"@id":"https:\/\/swixed.ch\/it\/#\/schema\/logo\/image\/"},"sameAs":["https:\/\/www.facebook.com\/swixed","https:\/\/www.linkedin.com\/company\/swixed","https:\/\/www.youtube.com\/@swixedsa"],"description":"Swixed SA est une entreprise suisse bas\u00e9e \u00e0 Gen\u00e8ve, sp\u00e9cialis\u00e9e dans la vente, la location et la maintenance d\u2019appareils m\u00e9dicaux professionnels, tels que d\u00e9fibrillateurs AED, \u00e9lectrocardiographes, moniteurs patient et dispositifs de diagnostic.","email":"infoshop@swixed.ch","telephone":"+41 22 566 11 95","legalName":"Swixed SA","foundingDate":"2021-03-01","numberOfEmployees":{"@type":"QuantitativeValue","minValue":"1","maxValue":"10"}}]}},"_links":{"self":[{"href":"https:\/\/swixed.ch\/it\/wp-json\/wp\/v2\/product\/53907","targetHints":{"allow":["GET"]}}],"collection":[{"href":"https:\/\/swixed.ch\/it\/wp-json\/wp\/v2\/product"}],"about":[{"href":"https:\/\/swixed.ch\/it\/wp-json\/wp\/v2\/types\/product"}],"version-history":[{"count":0,"href":"https:\/\/swixed.ch\/it\/wp-json\/wp\/v2\/product\/53907\/revisions"}],"wp:featuredmedia":[{"embeddable":true,"href":"https:\/\/swixed.ch\/it\/wp-json\/wp\/v2\/media\/58656"}],"wp:attachment":[{"href":"https:\/\/swixed.ch\/it\/wp-json\/wp\/v2\/media?parent=53907"}],"wp:term":[{"taxonomy":"product_brand","embeddable":true,"href":"https:\/\/swixed.ch\/it\/wp-json\/wp\/v2\/product_brand?post=53907"},{"taxonomy":"product_cat","embeddable":true,"href":"https:\/\/swixed.ch\/it\/wp-json\/wp\/v2\/product_cat?post=53907"},{"taxonomy":"product_tag","embeddable":true,"href":"https:\/\/swixed.ch\/it\/wp-json\/wp\/v2\/product_tag?post=53907"}],"curies":[{"name":"wp","href":"https:\/\/api.w.org\/{rel}","templated":true}]}}