{"id":53945,"date":"2025-10-18T20:11:14","date_gmt":"2025-10-18T18:11:14","guid":{"rendered":"https:\/\/swixed.com\/?post_type=product&#038;p=53945"},"modified":"2026-01-15T22:06:24","modified_gmt":"2026-01-15T21:06:24","slug":"sed20010","status":"publish","type":"product","link":"https:\/\/swixed.ch\/it\/prodotto\/sed20010\/","title":{"rendered":"Monitor dei segni vitali GIMA PC-300"},"content":{"rendered":"\t\t<div data-elementor-type=\"product-post\" data-elementor-id=\"53945\" class=\"elementor elementor-53945 elementor-53925\" data-elementor-post-type=\"product\">\n\t\t\t\t<div class=\"elementor-element elementor-element-9161897 e-con-full e-flex e-con e-parent\" data-id=\"9161897\" data-element_type=\"container\" data-e-type=\"container\">\n\t\t<div class=\"elementor-element elementor-element-60283af e-con-full e-flex e-con e-child\" data-id=\"60283af\" data-element_type=\"container\" data-e-type=\"container\">\n\t\t\t\t<div class=\"elementor-element elementor-element-112cbc3 elementor-widget elementor-widget-heading\" data-id=\"112cbc3\" data-element_type=\"widget\" data-e-type=\"widget\" data-widget_type=\"heading.default\">\n\t\t\t\t\t<h2 class=\"elementor-heading-title elementor-size-default\">Presentazione generale<\/h2>\t\t\t\t<\/div>\n\t\t\t\t<div class=\"elementor-element elementor-element-2de1a4d elementor-widget elementor-widget-text-editor\" data-id=\"2de1a4d\" data-element_type=\"widget\" data-e-type=\"widget\" data-widget_type=\"text-editor.default\">\n\t\t\t\t\t\t\t\t\t<p>Il GIMA PC-300 \u00e8 un monitor professionale per il monitoraggio continuo dei segni vitali.<br>Visualizza e registra simultaneamente diversi parametri fisiologici, tra cui la saturazione di ossigeno (SpO\u2082), la pressione sanguigna non invasiva (NIBP), l&#8217;elettrocardiogramma (ECG) e la temperatura corporea.<br>Inoltre, le sue dimensioni compatte e il suo design robusto lo rendono facile da integrare in qualsiasi ambiente medico, sia esso uno studio, un pronto soccorso o una clinica.<br>Grazie all&#8217;interfaccia chiara e allo schermo a colori ad alta risoluzione, la lettura dei dati \u00e8 rapida e intuitiva.<\/p>\t\t\t\t\t\t\t\t<\/div>\n\t\t\t\t<div class=\"elementor-element elementor-element-be34362 elementor-widget elementor-widget-heading\" data-id=\"be34362\" data-element_type=\"widget\" data-e-type=\"widget\" data-widget_type=\"heading.default\">\n\t\t\t\t\t<h3 class=\"elementor-heading-title elementor-size-default\">Specifiche tecniche principali<\/h3>\t\t\t\t<\/div>\n\t\t\t\t<div class=\"elementor-element elementor-element-21ad3af elementor-widget elementor-widget-text-editor\" data-id=\"21ad3af\" data-element_type=\"widget\" data-e-type=\"widget\" data-widget_type=\"text-editor.default\">\n\t\t\t\t\t\t\t\t\t<p>Il GIMA PC-300 offre un&#8217;elevata affidabilit\u00e0 ed \u00e8 stato progettato sia per l&#8217;uso clinico intensivo che per l&#8217;uso domestico.<br>In questo modo soddisfa le esigenze quotidiane degli operatori sanitari, pur rimanendo semplice da configurare. \u00c8 adatto anche all&#8217;uso domestico.<br>Le principali caratteristiche tecniche includono: <\/p><ul><li>Display a colori TFT da 8 pollici ad alta risoluzione<\/li><li>Misurazioni simultanee: SpO\u2082, NIBP, ECG, temperatura<\/li><li>Memoria interna con memorizzazione dei dati del paziente<\/li><li>Porta USB per trasferimenti e aggiornamenti<\/li><li>Allarmi visivi e acustici configurabili<\/li><li>Batteria al litio incorporata (tempo di funzionamento \u2248 4 h)<\/li><li>Maniglia di trasporto ergonomica<\/li><li>Conforme agli standard medici EN 60601-1 e EN 60601-2-49<\/li><\/ul><p>In breve, queste caratteristiche garantiscono un funzionamento preciso, stabile e duraturo, anche in ambienti difficili come ospedali o EMS.<\/p>\t\t\t\t\t\t\t\t<\/div>\n\t\t\t\t<div class=\"elementor-element elementor-element-97cfecd elementor-widget elementor-widget-heading\" data-id=\"97cfecd\" data-element_type=\"widget\" data-e-type=\"widget\" data-widget_type=\"heading.default\">\n\t\t\t\t\t<h2 class=\"elementor-heading-title elementor-size-default\">Uso, conformit\u00e0 e manutenzione<\/h2>\t\t\t\t<\/div>\n\t\t\t\t<div class=\"elementor-element elementor-element-e859538 elementor-widget elementor-widget-text-editor\" data-id=\"e859538\" data-element_type=\"widget\" data-e-type=\"widget\" data-widget_type=\"text-editor.default\">\n\t\t\t\t\t\t\t\t\t<p>Il PC-300 \u00e8 conforme alle direttive europee sui dispositivi medici e ai relativi standard elettrici.<br>Soddisfa i requisiti di sicurezza previsti per il monitoraggio fisiologico.<br>Grazie alla sua autonomia e alla sua robustezza, pu\u00f2 essere utilizzato in modo continuativo durante il trattamento o il trasporto.<br>\u00c8 adatto a cliniche, studi medici, EMS e ospedali.<br>Per garantire misurazioni affidabili, si raccomanda una manutenzione regolare.<br>Questo include il controllo dei sensori e la verifica dell&#8217;accuratezza, in conformit\u00e0 con gli standard di Swissmedic e dell&#8217;Ufficio Federale della Sanit\u00e0 Pubblica (UFSP).<br>Questo assicura che il dispositivo sia sempre pronto all&#8217;uso e rispetti i requisiti di sicurezza.<\/p><p>\t\t<div data-elementor-type=\"widget\" data-elementor-id=\"59086\" class=\"elementor elementor-59086 elementor-59083 elementor-59083\" data-elementor-post-type=\"elementor_library\">\n\t\t\t\t\t\t<div class=\"elementor-element elementor-element-59083 elementor-widget elementor-widget-text-editor\" data-id=\"59083\" data-element_type=\"widget\" data-e-type=\"widget\" data-widget_type=\"text-editor.default\">\n\t\t\t\t\t\t\t\t\t<p>Per maggiori informazioni, consulta :<\/p><ul><li><a href=\"https:\/\/www.swissmedic.ch\" target=\"_blank\" rel=\"noopener\">Swissmedic<\/a><\/li><li><a href=\"https:\/\/www.bag.admin.ch\" target=\"_blank\" rel=\"noopener\">Ufficio federale della sanit\u00e0 pubblica (UFSP)<\/a><\/li><li><a href=\"https:\/\/www.switec.info\" target=\"_blank\" rel=\"noopener\">Centro d&#8217;informazione svizzero per le norme tecniche (Switec)<\/a><\/li><li><a href=\"https:\/\/www.fedlex.admin.ch\/eli\/cc\/2020\/552\/\" target=\"_blank\" rel=\"noopener\">Ordinanza sui dispositivi medici (ODim o MedDO)<\/a><\/li><\/ul><p><br>I nostri dispositivi medici hanno un rappresentante autorizzato in Svizzera (CH-REP), in conformit\u00e0 con l&#8217;attuale legislazione svizzera sui dispositivi medici.<\/p>\t\t\t\t\t\t\t\t<\/div>\n\t\t\t\t<\/div>\n\t\t<br>Clicca qui per altri modelli di <a href=\"https:\/\/swixed.ch\/it\/categoria-prodotto\/monitor-pazienti\/\">monitor multiparametrici<\/a>.<br>Clicca qui per prenotare la <a href=\"\/maintenance\/sed94006\">manutenzione periodica<\/a>.<\/p><p>Questo dispositivo non sostituisce una diagnosi medica; \u00e8 destinato all&#8217;uso professionale per il monitoraggio fisiologico.<\/p>\t\t\t\t\t\t\t\t<\/div>\n\t\t\t\t<div class=\"elementor-element elementor-element-8068e97 elementor-widget elementor-widget-heading\" data-id=\"8068e97\" data-element_type=\"widget\" data-e-type=\"widget\" data-widget_type=\"heading.default\">\n\t\t\t\t\t<h3 class=\"elementor-heading-title elementor-size-default\">Vantaggi e punti di forza<\/h3>\t\t\t\t<\/div>\n\t\t\t\t<div class=\"elementor-element elementor-element-8f209cd elementor-widget elementor-widget-text-editor\" data-id=\"8f209cd\" data-element_type=\"widget\" data-e-type=\"widget\" data-widget_type=\"text-editor.default\">\n\t\t\t\t\t\t\t\t\t<ul><li>Design compatto e leggero<\/li><li>Interfaccia semplice e intuitiva<\/li><li>Lettura chiara delle curve ECG e dei valori numerici<\/li><li>Durata della batteria per uso mobile<\/li><li>Dati esportabili per il monitoraggio e l&#8217;archiviazione<\/li><li>Manutenzione semplice e componenti professionali<\/li><li>Elevati standard di sicurezza in conformit\u00e0 alla norma EN 60601<\/li><\/ul><p><br>Di conseguenza, il GIMA PC-300 \u00e8 adatto sia a piccole strutture che a strutture ospedaliere pi\u00f9 complesse.<\/p>\t\t\t\t\t\t\t\t<\/div>\n\t\t\t\t<div class=\"elementor-element elementor-element-b67c77a elementor-widget elementor-widget-heading\" data-id=\"b67c77a\" data-element_type=\"widget\" data-e-type=\"widget\" data-widget_type=\"heading.default\">\n\t\t\t\t\t<h3 class=\"elementor-heading-title elementor-size-default\">Consigli per l'integrazione e compatibilit\u00e0<\/h3>\t\t\t\t<\/div>\n\t\t\t\t<div class=\"elementor-element elementor-element-92d76f4 elementor-widget elementor-widget-text-editor\" data-id=\"92d76f4\" data-element_type=\"widget\" data-e-type=\"widget\" data-widget_type=\"text-editor.default\">\n\t\t\t\t\t\t\t\t\t<p>Il GIMA PC-300 pu\u00f2 essere combinato con altre apparecchiature diagnostiche come <a href=\"https:\/\/swixed.ch\/it\/categoria-prodotto\/elettrocardiografi\/\">elettrocardiografi<\/a>, <a href=\"https:\/\/swixed.ch\/it\/categoria-prodotto\/tensiometri\/\">misuratori elettronici della pressione sanguigna<\/a> o <a href=\"https:\/\/swixed.ch\/it\/categoria-prodotto\/defibrillatori\/\">defibrillatori DAE<\/a>, consentendo una gestione completa del paziente all&#8217;interno dello stesso ambiente di cura.<br>In questo modo, consente un monitoraggio completo del paziente all&#8217;interno dello stesso ambiente di cura.<br>Inoltre, la sua compatibilit\u00e0 rafforza la continuit\u00e0 delle apparecchiature mediche utilizzate e facilita la gestione dei dati.<br>Infine, questa versatilit\u00e0 garantisce un&#8217;integrazione senza problemi nei protocolli stabiliti.<\/p>\t\t\t\t\t\t\t\t<\/div>\n\t\t\t\t<div class=\"elementor-element elementor-element-b7f9616 elementor-widget elementor-widget-heading\" data-id=\"b7f9616\" data-element_type=\"widget\" data-e-type=\"widget\" data-widget_type=\"heading.default\">\n\t\t\t\t\t<h3 class=\"elementor-heading-title elementor-size-default\">Contenuto<\/h3>\t\t\t\t<\/div>\n\t\t\t\t<div class=\"elementor-element elementor-element-8f024f3 elementor-widget elementor-widget-text-editor\" data-id=\"8f024f3\" data-element_type=\"widget\" data-e-type=\"widget\" data-widget_type=\"text-editor.default\">\n\t\t\t\t\t\t\t\t\t<ul><li>Monitor dei segni vitali GIMA PC-300<\/li><li>Cavo paziente per ECG a 3 o 5 derivazioni<\/li><li>Bracciale NIBP per adulti con tubo<\/li><li>Sensore SpO\u2082 per adulti<\/li><li>Sensore di temperatura<\/li><li>Adattatore di rete e batteria al litio ricaricabile<\/li><li>Manuale utente multilingue<\/li><\/ul><p><br>Il pacchetto include tutto il necessario per la messa in funzione immediata.<\/p>\t\t\t\t\t\t\t\t<\/div>\n\t\t\t\t<\/div>\n\t\t\t\t<\/div>\n\t\t\t\t<\/div>\n\t\t","protected":false},"excerpt":{"rendered":"<p>Il monitor multiparametrico Gima PC-300 \u00e8 un dispositivo medico portatile progettato per monitorare i segni vitali. Misura la saturazione di ossigeno, la frequenza cardiaca, la pressione sanguigna e la temperatura corporea. Compatto, preciso e facile da usare, \u00e8 ideale per l&#8217;utilizzo in strutture sanitarie, studi medici e assistenza domiciliare.  <\/p>\n","protected":false},"featured_media":58708,"template":"","meta":{"_acf_changed":false},"product_brand":[7200],"product_cat":[1367,1093],"product_tag":[7650,7657,7649,3708,1371,7648,7647,7651,3703,1148],"class_list":{"0":"post-53945","1":"product","2":"type-product","3":"status-publish","4":"has-post-thumbnail","6":"product_brand-gima-it","7":"product_cat-apparecchi-monitor-pazienti","8":"product_cat-monitor-pazienti","9":"product_tag-allarmi-fisiologici","10":"product_tag-funzionamento-autonomo","11":"product_tag-memoria-del-paziente","12":"product_tag-monitor-portatile","13":"product_tag-nibp-it","14":"product_tag-oscillometrico","15":"product_tag-pr","16":"product_tag-pulsossimetria","17":"product_tag-schermo-a-colori","18":"product_tag-spo2-it","19":"product_shipping_class-spedizione-gratuita","21":"first","22":"instock","23":"taxable","24":"shipping-taxable","25":"purchasable","26":"product-type-variable","27":"has-default-attributes"},"acf":[],"yoast_head":"<!-- This site is optimized with the Yoast SEO Premium plugin v27.4 (Yoast SEO v27.4) - https:\/\/yoast.com\/product\/yoast-seo-premium-wordpress\/ -->\n<title>Monitor dei segni vitali GIMA PC-300 | Swixed SA<\/title>\n<meta name=\"description\" content=\"Monitor dei segni vitali GIMA PC-300, schermo a colori ad alta risoluzione, misura SpO\u2082, NIBP, ECG e temperatura, progettato per uso professionale.\" \/>\n<meta name=\"robots\" content=\"index, follow, max-snippet:-1, max-image-preview:large, max-video-preview:-1\" \/>\n<link rel=\"canonical\" href=\"https:\/\/swixed.ch\/it\/prodotto\/sed20010\/\" \/>\n<meta property=\"og:locale\" content=\"it_IT\" \/>\n<meta property=\"og:type\" content=\"article\" \/>\n<meta property=\"og:title\" content=\"Monitor dei segni vitali GIMA PC-300\" \/>\n<meta property=\"og:description\" content=\"Monitor dei segni vitali GIMA PC-300, schermo a colori ad alta risoluzione, misura SpO\u2082, NIBP, ECG e temperatura, progettato per uso professionale.\" \/>\n<meta property=\"og:url\" content=\"https:\/\/swixed.ch\/it\/prodotto\/sed20010\/\" \/>\n<meta property=\"og:site_name\" content=\"Swixed SA\" \/>\n<meta property=\"article:publisher\" content=\"https:\/\/www.facebook.com\/swixed\" \/>\n<meta property=\"article:modified_time\" content=\"2026-01-15T21:06:24+00:00\" \/>\n<meta property=\"og:image\" content=\"https:\/\/swixed.ch\/wp-content\/uploads\/2026\/01\/SED20010-01.png\" \/>\n\t<meta property=\"og:image:width\" content=\"600\" \/>\n\t<meta property=\"og:image:height\" content=\"600\" \/>\n\t<meta property=\"og:image:type\" content=\"image\/png\" \/>\n<meta name=\"twitter:card\" content=\"summary_large_image\" \/>\n<meta name=\"twitter:label1\" content=\"Tempo di lettura stimato\" \/>\n\t<meta name=\"twitter:data1\" content=\"4 minuti\" \/>\n<script type=\"application\/ld+json\" class=\"yoast-schema-graph\">{\"@context\":\"https:\\\/\\\/schema.org\",\"@graph\":[{\"@type\":\"WebPage\",\"@id\":\"https:\\\/\\\/swixed.ch\\\/it\\\/prodotto\\\/sed20010\\\/\",\"url\":\"https:\\\/\\\/swixed.ch\\\/it\\\/prodotto\\\/sed20010\\\/\",\"name\":\"Monitor dei segni vitali GIMA PC-300 | Swixed SA\",\"isPartOf\":{\"@id\":\"https:\\\/\\\/swixed.ch\\\/it\\\/#website\"},\"primaryImageOfPage\":{\"@id\":\"https:\\\/\\\/swixed.ch\\\/it\\\/prodotto\\\/sed20010\\\/#primaryimage\"},\"image\":{\"@id\":\"https:\\\/\\\/swixed.ch\\\/it\\\/prodotto\\\/sed20010\\\/#primaryimage\"},\"thumbnailUrl\":\"https:\\\/\\\/swixed.ch\\\/wp-content\\\/uploads\\\/2026\\\/01\\\/SED20010-01.png\",\"datePublished\":\"2025-10-18T18:11:14+00:00\",\"dateModified\":\"2026-01-15T21:06:24+00:00\",\"description\":\"Monitor dei segni vitali GIMA PC-300, schermo a colori ad alta risoluzione, misura SpO\u2082, NIBP, ECG e temperatura, progettato per uso professionale.\",\"breadcrumb\":{\"@id\":\"https:\\\/\\\/swixed.ch\\\/it\\\/prodotto\\\/sed20010\\\/#breadcrumb\"},\"inLanguage\":\"it-IT\",\"potentialAction\":[{\"@type\":\"ReadAction\",\"target\":[\"https:\\\/\\\/swixed.ch\\\/it\\\/prodotto\\\/sed20010\\\/\"]}]},{\"@type\":\"ImageObject\",\"inLanguage\":\"it-IT\",\"@id\":\"https:\\\/\\\/swixed.ch\\\/it\\\/prodotto\\\/sed20010\\\/#primaryimage\",\"url\":\"https:\\\/\\\/swixed.ch\\\/wp-content\\\/uploads\\\/2026\\\/01\\\/SED20010-01.png\",\"contentUrl\":\"https:\\\/\\\/swixed.ch\\\/wp-content\\\/uploads\\\/2026\\\/01\\\/SED20010-01.png\",\"width\":600,\"height\":600,\"caption\":\"SED20010\"},{\"@type\":\"BreadcrumbList\",\"@id\":\"https:\\\/\\\/swixed.ch\\\/it\\\/prodotto\\\/sed20010\\\/#breadcrumb\",\"itemListElement\":[{\"@type\":\"ListItem\",\"position\":1,\"name\":\"Home\",\"item\":\"https:\\\/\\\/swixed.ch\\\/it\\\/home\\\/\"},{\"@type\":\"ListItem\",\"position\":2,\"name\":\"Negozio\",\"item\":\"https:\\\/\\\/swixed.ch\\\/it\\\/shop\\\/\"},{\"@type\":\"ListItem\",\"position\":3,\"name\":\"Monitor dei segni vitali GIMA PC-300\"}]},{\"@type\":\"WebSite\",\"@id\":\"https:\\\/\\\/swixed.ch\\\/it\\\/#website\",\"url\":\"https:\\\/\\\/swixed.ch\\\/it\\\/\",\"name\":\"Swixed SA\",\"description\":\"Dispositivi elettronici\",\"publisher\":{\"@id\":\"https:\\\/\\\/swixed.ch\\\/it\\\/#organization\"},\"potentialAction\":[{\"@type\":\"SearchAction\",\"target\":{\"@type\":\"EntryPoint\",\"urlTemplate\":\"https:\\\/\\\/swixed.ch\\\/it\\\/?s={search_term_string}\"},\"query-input\":{\"@type\":\"PropertyValueSpecification\",\"valueRequired\":true,\"valueName\":\"search_term_string\"}}],\"inLanguage\":\"it-IT\"},{\"@type\":\"Organization\",\"@id\":\"https:\\\/\\\/swixed.ch\\\/it\\\/#organization\",\"name\":\"Swixed SA\",\"url\":\"https:\\\/\\\/swixed.ch\\\/it\\\/\",\"logo\":{\"@type\":\"ImageObject\",\"inLanguage\":\"it-IT\",\"@id\":\"https:\\\/\\\/swixed.ch\\\/it\\\/#\\\/schema\\\/logo\\\/image\\\/\",\"url\":\"https:\\\/\\\/swixed.ch\\\/wp-content\\\/uploads\\\/logos\\\/swixed-logo-lite.png\",\"contentUrl\":\"https:\\\/\\\/swixed.ch\\\/wp-content\\\/uploads\\\/logos\\\/swixed-logo-lite.png\",\"width\":696,\"height\":696,\"caption\":\"Swixed SA\"},\"image\":{\"@id\":\"https:\\\/\\\/swixed.ch\\\/it\\\/#\\\/schema\\\/logo\\\/image\\\/\"},\"sameAs\":[\"https:\\\/\\\/www.facebook.com\\\/swixed\",\"https:\\\/\\\/www.linkedin.com\\\/company\\\/swixed\",\"https:\\\/\\\/www.youtube.com\\\/@swixedsa\"],\"description\":\"Swixed SA est une entreprise suisse bas\u00e9e \u00e0 Gen\u00e8ve, sp\u00e9cialis\u00e9e dans la vente, la location et la maintenance d\u2019appareils m\u00e9dicaux professionnels, tels que d\u00e9fibrillateurs AED, \u00e9lectrocardiographes, moniteurs patient et dispositifs de diagnostic.\",\"email\":\"infoshop@swixed.ch\",\"telephone\":\"+41 22 566 11 95\",\"legalName\":\"Swixed SA\",\"foundingDate\":\"2021-03-01\",\"numberOfEmployees\":{\"@type\":\"QuantitativeValue\",\"minValue\":\"1\",\"maxValue\":\"10\"}}]}<\/script>\n<!-- \/ Yoast SEO Premium plugin. -->","yoast_head_json":{"title":"Monitor dei segni vitali GIMA PC-300 | Swixed SA","description":"Monitor dei segni vitali GIMA PC-300, schermo a colori ad alta risoluzione, misura SpO\u2082, NIBP, ECG e temperatura, progettato per uso professionale.","robots":{"index":"index","follow":"follow","max-snippet":"max-snippet:-1","max-image-preview":"max-image-preview:large","max-video-preview":"max-video-preview:-1"},"canonical":"https:\/\/swixed.ch\/it\/prodotto\/sed20010\/","og_locale":"it_IT","og_type":"article","og_title":"Monitor dei segni vitali GIMA PC-300","og_description":"Monitor dei segni vitali GIMA PC-300, schermo a colori ad alta risoluzione, misura SpO\u2082, NIBP, ECG e temperatura, progettato per uso professionale.","og_url":"https:\/\/swixed.ch\/it\/prodotto\/sed20010\/","og_site_name":"Swixed SA","article_publisher":"https:\/\/www.facebook.com\/swixed","article_modified_time":"2026-01-15T21:06:24+00:00","og_image":[{"width":600,"height":600,"url":"https:\/\/swixed.ch\/wp-content\/uploads\/2026\/01\/SED20010-01.png","type":"image\/png"}],"twitter_card":"summary_large_image","twitter_misc":{"Tempo di lettura stimato":"4 minuti"},"schema":{"@context":"https:\/\/schema.org","@graph":[{"@type":"WebPage","@id":"https:\/\/swixed.ch\/it\/prodotto\/sed20010\/","url":"https:\/\/swixed.ch\/it\/prodotto\/sed20010\/","name":"Monitor dei segni vitali GIMA PC-300 | Swixed SA","isPartOf":{"@id":"https:\/\/swixed.ch\/it\/#website"},"primaryImageOfPage":{"@id":"https:\/\/swixed.ch\/it\/prodotto\/sed20010\/#primaryimage"},"image":{"@id":"https:\/\/swixed.ch\/it\/prodotto\/sed20010\/#primaryimage"},"thumbnailUrl":"https:\/\/swixed.ch\/wp-content\/uploads\/2026\/01\/SED20010-01.png","datePublished":"2025-10-18T18:11:14+00:00","dateModified":"2026-01-15T21:06:24+00:00","description":"Monitor dei segni vitali GIMA PC-300, schermo a colori ad alta risoluzione, misura SpO\u2082, NIBP, ECG e temperatura, progettato per uso professionale.","breadcrumb":{"@id":"https:\/\/swixed.ch\/it\/prodotto\/sed20010\/#breadcrumb"},"inLanguage":"it-IT","potentialAction":[{"@type":"ReadAction","target":["https:\/\/swixed.ch\/it\/prodotto\/sed20010\/"]}]},{"@type":"ImageObject","inLanguage":"it-IT","@id":"https:\/\/swixed.ch\/it\/prodotto\/sed20010\/#primaryimage","url":"https:\/\/swixed.ch\/wp-content\/uploads\/2026\/01\/SED20010-01.png","contentUrl":"https:\/\/swixed.ch\/wp-content\/uploads\/2026\/01\/SED20010-01.png","width":600,"height":600,"caption":"SED20010"},{"@type":"BreadcrumbList","@id":"https:\/\/swixed.ch\/it\/prodotto\/sed20010\/#breadcrumb","itemListElement":[{"@type":"ListItem","position":1,"name":"Home","item":"https:\/\/swixed.ch\/it\/home\/"},{"@type":"ListItem","position":2,"name":"Negozio","item":"https:\/\/swixed.ch\/it\/shop\/"},{"@type":"ListItem","position":3,"name":"Monitor dei segni vitali GIMA PC-300"}]},{"@type":"WebSite","@id":"https:\/\/swixed.ch\/it\/#website","url":"https:\/\/swixed.ch\/it\/","name":"Swixed SA","description":"Dispositivi elettronici","publisher":{"@id":"https:\/\/swixed.ch\/it\/#organization"},"potentialAction":[{"@type":"SearchAction","target":{"@type":"EntryPoint","urlTemplate":"https:\/\/swixed.ch\/it\/?s={search_term_string}"},"query-input":{"@type":"PropertyValueSpecification","valueRequired":true,"valueName":"search_term_string"}}],"inLanguage":"it-IT"},{"@type":"Organization","@id":"https:\/\/swixed.ch\/it\/#organization","name":"Swixed SA","url":"https:\/\/swixed.ch\/it\/","logo":{"@type":"ImageObject","inLanguage":"it-IT","@id":"https:\/\/swixed.ch\/it\/#\/schema\/logo\/image\/","url":"https:\/\/swixed.ch\/wp-content\/uploads\/logos\/swixed-logo-lite.png","contentUrl":"https:\/\/swixed.ch\/wp-content\/uploads\/logos\/swixed-logo-lite.png","width":696,"height":696,"caption":"Swixed SA"},"image":{"@id":"https:\/\/swixed.ch\/it\/#\/schema\/logo\/image\/"},"sameAs":["https:\/\/www.facebook.com\/swixed","https:\/\/www.linkedin.com\/company\/swixed","https:\/\/www.youtube.com\/@swixedsa"],"description":"Swixed SA est une entreprise suisse bas\u00e9e \u00e0 Gen\u00e8ve, sp\u00e9cialis\u00e9e dans la vente, la location et la maintenance d\u2019appareils m\u00e9dicaux professionnels, tels que d\u00e9fibrillateurs AED, \u00e9lectrocardiographes, moniteurs patient et dispositifs de diagnostic.","email":"infoshop@swixed.ch","telephone":"+41 22 566 11 95","legalName":"Swixed SA","foundingDate":"2021-03-01","numberOfEmployees":{"@type":"QuantitativeValue","minValue":"1","maxValue":"10"}}]}},"_links":{"self":[{"href":"https:\/\/swixed.ch\/it\/wp-json\/wp\/v2\/product\/53945","targetHints":{"allow":["GET"]}}],"collection":[{"href":"https:\/\/swixed.ch\/it\/wp-json\/wp\/v2\/product"}],"about":[{"href":"https:\/\/swixed.ch\/it\/wp-json\/wp\/v2\/types\/product"}],"version-history":[{"count":0,"href":"https:\/\/swixed.ch\/it\/wp-json\/wp\/v2\/product\/53945\/revisions"}],"wp:featuredmedia":[{"embeddable":true,"href":"https:\/\/swixed.ch\/it\/wp-json\/wp\/v2\/media\/58708"}],"wp:attachment":[{"href":"https:\/\/swixed.ch\/it\/wp-json\/wp\/v2\/media?parent=53945"}],"wp:term":[{"taxonomy":"product_brand","embeddable":true,"href":"https:\/\/swixed.ch\/it\/wp-json\/wp\/v2\/product_brand?post=53945"},{"taxonomy":"product_cat","embeddable":true,"href":"https:\/\/swixed.ch\/it\/wp-json\/wp\/v2\/product_cat?post=53945"},{"taxonomy":"product_tag","embeddable":true,"href":"https:\/\/swixed.ch\/it\/wp-json\/wp\/v2\/product_tag?post=53945"}],"curies":[{"name":"wp","href":"https:\/\/api.w.org\/{rel}","templated":true}]}}