{"id":55422,"date":"2025-11-15T01:07:30","date_gmt":"2025-11-15T00:07:30","guid":{"rendered":"https:\/\/swixed.com\/?post_type=product&#038;p=55422"},"modified":"2026-01-16T02:14:49","modified_gmt":"2026-01-16T01:14:49","slug":"sed95023","status":"publish","type":"product","link":"https:\/\/swixed.ch\/it\/prodotto\/sed95023\/","title":{"rendered":"Supporto per infusione cromato Provita Medical I-N41121"},"content":{"rendered":"\t\t<div data-elementor-type=\"product-post\" data-elementor-id=\"55422\" class=\"elementor elementor-55422 elementor-55418\" data-elementor-post-type=\"product\">\n\t\t\t\t<div class=\"elementor-element elementor-element-553803c e-con-full e-flex e-con e-parent\" data-id=\"553803c\" data-element_type=\"container\" data-e-type=\"container\">\n\t\t<div class=\"elementor-element elementor-element-a2b502b e-con-full e-flex e-con e-child\" data-id=\"a2b502b\" data-element_type=\"container\" data-e-type=\"container\">\n\t\t\t\t<div class=\"elementor-element elementor-element-b910561 elementor-widget elementor-widget-heading\" data-id=\"b910561\" data-element_type=\"widget\" data-e-type=\"widget\" data-widget_type=\"heading.default\">\n\t\t\t\t\t<h2 class=\"elementor-heading-title elementor-size-default\">Specifiche tecniche<\/h2>\t\t\t\t<\/div>\n\t\t\t\t<div class=\"elementor-element elementor-element-21304a4 elementor-widget elementor-widget-text-editor\" data-id=\"21304a4\" data-element_type=\"widget\" data-e-type=\"widget\" data-widget_type=\"text-editor.default\">\n\t\t\t\t\t\t\t\t\t<p>Il supporto per infusione Provita I-N41121 ha una struttura in acciaio cromato facile da pulire e adatta a un uso regolare. Questa finitura limita la corrosione e semplifica la manutenzione quotidiana. Inoltre, l&#8217;altezza della colonna centrale pu\u00f2 essere regolata in modo fluido, facilitando l&#8217;adattamento rapido alle diverse situazioni di cura.<br>La base a cinque gambe garantisce una maggiore stabilit\u00e0, anche nelle aree ad alto traffico. Le doppie ruote garantiscono un movimento fluido e silenzioso. Due ruote sono dotate di un sistema di bloccaggio per mantenere lo stand in posizione fissa quando necessario. Infine, ognuno dei quattro ganci pu\u00f2 supportare fino a due chilogrammi, un peso tipico degli ambienti medici. Il diametro della base e il peso del telaio contribuiscono a garantire un buon equilibrio quando si appendono borse o bottiglie.      <\/p><p>Caratteristiche principali:<\/p><ul><li>Struttura in acciaio cromato, superficie liscia per una facile pulizia<\/li><li>Altezza regolabile da 1,26 m a 2,13 m<\/li><li>Base a 5 gambe con ruote doppie da 50 mm<\/li><li>2 ruote bloccabili con conducibilit\u00e0 elettrica DIN EN 60601<\/li><li>4 ganci di sicurezza (max. 2 kg ciascuno)<\/li><li>Peso circa 4 kg, diametro della base 63,5 cm<\/li><\/ul>\t\t\t\t\t\t\t\t<\/div>\n\t\t\t\t<div class=\"elementor-element elementor-element-df22249 elementor-widget elementor-widget-heading\" data-id=\"df22249\" data-element_type=\"widget\" data-e-type=\"widget\" data-widget_type=\"heading.default\">\n\t\t\t\t\t<h2 class=\"elementor-heading-title elementor-size-default\">Utilizzo, compatibilit\u00e0 e aree di applicazione<\/h2>\t\t\t\t<\/div>\n\t\t\t\t<div class=\"elementor-element elementor-element-613c7ce elementor-widget elementor-widget-text-editor\" data-id=\"613c7ce\" data-element_type=\"widget\" data-e-type=\"widget\" data-widget_type=\"text-editor.default\">\n\t\t\t\t\t\t\t\t\t<p>Questo modello \u00e8 adatto a un&#8217;ampia gamma di ambienti, poich\u00e9 \u00e8 stabile, mobile e di facile manutenzione. Si adatta facilmente a ospedali, cliniche e studi medici. Grazie alla sua base a 5 gambe, rimane stabile in movimento, anche quando vengono posizionati diversi dispositivi sui ganci. Le doppie rotelle migliorano la manovrabilit\u00e0, rendendo facile l&#8217;utilizzo in corridoi stretti o locali tecnici. Inoltre, il supporto per infusione rimane compatibile con pompe per infusione, pompe a siringa e sacche standard, a patto che vengano rispettati i limiti di carico.    <\/p><p>Per ulteriori informazioni sugli accessori correlati, consulta la categoria interna Attrezzature varie (link interno). Infine, questo supporto pu\u00f2 essere utilizzato nelle aree di assistenza domiciliare, a patto che l&#8217;utente rispetti le istruzioni di sicurezza e manutenzione. <\/p><p>Puoi consultare la nostra pagina dedicata ai <a href=\"https:\/\/swixed.ch\/it\/categoria-prodotto\/materiale-vario\/aste-porta-flebo\/\">supporti per infusione e alle soluzioni associate<\/a>.<\/p>\t\t\t\t\t\t\t\t<\/div>\n\t\t\t\t<div class=\"elementor-element elementor-element-368c1aa elementor-widget elementor-widget-heading\" data-id=\"368c1aa\" data-element_type=\"widget\" data-e-type=\"widget\" data-widget_type=\"heading.default\">\n\t\t\t\t\t<h2 class=\"elementor-heading-title elementor-size-default\">Uso, conformit\u00e0 e manutenzione<\/h2>\t\t\t\t<\/div>\n\t\t\t\t<div class=\"elementor-element elementor-element-5069beb elementor-widget elementor-widget-text-editor\" data-id=\"5069beb\" data-element_type=\"widget\" data-e-type=\"widget\" data-widget_type=\"text-editor.default\">\n\t\t\t\t\t\t\t\t\t<p>L&#8217;I-N41121 \u00e8 veloce da installare, poich\u00e9 le rotelle e la base sono gi\u00e0 pronte all&#8217;uso. Una volta assemblato, l&#8217;utente pu\u00f2 regolare l&#8217;altezza con una sola mano, rendendolo facile da adattare alle diverse situazioni di cura. Tuttavia, \u00e8 importante bloccare le due rotelle quando il supporto deve rimanere fermo. In termini di conformit\u00e0, si applicano diversi riferimenti ufficiali.<br>Inoltre, l&#8217;UFSP pubblica raccomandazioni relative alle attrezzature utilizzate nelle strutture svizzere. Anche Switec fornisce la documentazione svizzera sugli standard tecnici. Infine, la norma DIN EN 60601 rimane utile per gli elementi conduttivi o legati all&#8217;elettromedicina. Per mantenere lo stand in buone condizioni, ti consigliamo di controllare regolarmente le rotelle, i ganci e la stabilit\u00e0 generale.      <br>\t\t<div data-elementor-type=\"widget\" data-elementor-id=\"60301\" class=\"elementor elementor-60301 elementor-60240 elementor-60240\" data-elementor-post-type=\"elementor_library\">\n\t\t\t\t\t\t<div class=\"elementor-element elementor-element-60240 elementor-widget elementor-widget-text-editor\" data-id=\"60240\" data-element_type=\"widget\" data-e-type=\"widget\" data-widget_type=\"text-editor.default\">\n\t\t\t\t\t\t\t\t\t<p>Per maggiori informazioni, consulta :<\/p><ul><li><a href=\"https:\/\/www.bag.admin.ch\" target=\"_blank\" rel=\"noopener\">Ufficio federale della sanit\u00e0 pubblica (UFSP)<\/a><\/li><li><a href=\"https:\/\/www.switec.info\" target=\"_blank\" rel=\"noopener\">Centro d&#8217;informazione svizzero per le norme tecniche (Switec)<\/a><\/li><\/ul><p><br>I nostri dispositivi medici hanno un rappresentante autorizzato in Svizzera (CH-REP), in conformit\u00e0 con l&#8217;attuale legislazione svizzera sui dispositivi medici.<\/p>\t\t\t\t\t\t\t\t<\/div>\n\t\t\t\t<\/div>\n\t\t<br>Ecco le raccomandazioni per la manutenzione:<\/p><ul><li>Ispezione periodica delle rotelle e del sistema di bloccaggio<\/li><li>Controllare l&#8217;integrit\u00e0 dei ganci e del telaio<\/li><li>Pulizia regolare con soluzioni compatibili<\/li><li>Ispezione della stabilit\u00e0 generale e dei punti di fissaggio<\/li><\/ul>\t\t\t\t\t\t\t\t<\/div>\n\t\t\t\t<\/div>\n\t\t\t\t<\/div>\n\t\t\t\t<\/div>\n\t\t","protected":false},"excerpt":{"rendered":"<p>Provita Medical I-N41121 \u00e8 un supporto per infusione in acciaio cromato con una stabile base a cinque stelle. L&#8217;altezza regolabile permette di adattarsi a diverse situazioni di installazione. Il modello \u00e8 dotato di doppie rotelle per facilitare gli spostamenti e di ganci per contenere i contenitori. \u00c8 conforme ai requisiti tecnici pertinenti ed \u00e8 progettato per ambienti professionali e istituzionali.   <\/p>\n","protected":false},"featured_media":58643,"template":"","meta":{"_acf_changed":false},"product_brand":[7307],"product_cat":[1863,7073],"product_tag":[7320,7317,7322,7371,7370,7319,7316,7314,7372,7369],"class_list":{"0":"post-55422","1":"product","2":"type-product","3":"status-publish","4":"has-post-thumbnail","6":"product_brand-provita-medical","7":"product_cat-materiale-vario","8":"product_cat-aste-porta-flebo","9":"product_tag-accessorio-per-infusione","10":"product_tag-attrezzature-ospedaliere-2","11":"product_tag-attrezzature-per-la-cura","12":"product_tag-base-a-5-piedi","13":"product_tag-piede-medico-mobile","14":"product_tag-piede-regolabile","15":"product_tag-provita-medical","16":"product_tag-supporto-allinfusione","17":"product_tag-supporto-medico-cromato","18":"product_tag-supporto-per-infusione-cromato","20":"first","21":"instock","22":"taxable","23":"shipping-taxable","24":"purchasable","25":"product-type-simple"},"acf":[],"yoast_head":"<!-- This site is optimized with the Yoast SEO Premium plugin v27.4 (Yoast SEO v27.4) - https:\/\/yoast.com\/product\/yoast-seo-premium-wordpress\/ -->\n<title>Provita I-N41121 supporto per infusione cromato, 5 gambe |% Swixed SA%<\/title>\n<meta name=\"description\" content=\"Provita I-N41121 supporto per infusione in acciaio cromato, base a 5 gambe e altezza regolabile. Stabile, mobile e conforme agli standard tecnici.\" \/>\n<meta name=\"robots\" content=\"index, follow, max-snippet:-1, max-image-preview:large, max-video-preview:-1\" \/>\n<link rel=\"canonical\" href=\"https:\/\/swixed.ch\/it\/prodotto\/sed95023\/\" \/>\n<meta property=\"og:locale\" content=\"it_IT\" \/>\n<meta property=\"og:type\" content=\"article\" \/>\n<meta property=\"og:title\" content=\"Supporto per infusione cromato Provita Medical I-N41121\" \/>\n<meta property=\"og:description\" content=\"Provita I-N41121 supporto per infusione in acciaio cromato, base a 5 gambe e altezza regolabile. Stabile, mobile e conforme agli standard tecnici.\" \/>\n<meta property=\"og:url\" content=\"https:\/\/swixed.ch\/it\/prodotto\/sed95023\/\" \/>\n<meta property=\"og:site_name\" content=\"Swixed SA\" \/>\n<meta property=\"article:publisher\" content=\"https:\/\/www.facebook.com\/swixed\" \/>\n<meta property=\"article:modified_time\" content=\"2026-01-16T01:14:49+00:00\" \/>\n<meta property=\"og:image\" content=\"https:\/\/swixed.ch\/wp-content\/uploads\/2026\/01\/SED95023-01.png\" \/>\n\t<meta property=\"og:image:width\" content=\"600\" \/>\n\t<meta property=\"og:image:height\" content=\"600\" \/>\n\t<meta property=\"og:image:type\" content=\"image\/png\" \/>\n<meta name=\"twitter:card\" content=\"summary_large_image\" \/>\n<meta name=\"twitter:label1\" content=\"Tempo di lettura stimato\" \/>\n\t<meta name=\"twitter:data1\" content=\"3 minuti\" \/>\n<script type=\"application\/ld+json\" class=\"yoast-schema-graph\">{\"@context\":\"https:\\\/\\\/schema.org\",\"@graph\":[{\"@type\":\"WebPage\",\"@id\":\"https:\\\/\\\/swixed.ch\\\/it\\\/prodotto\\\/sed95023\\\/\",\"url\":\"https:\\\/\\\/swixed.ch\\\/it\\\/prodotto\\\/sed95023\\\/\",\"name\":\"Provita I-N41121 supporto per infusione cromato, 5 gambe |% Swixed SA%\",\"isPartOf\":{\"@id\":\"https:\\\/\\\/swixed.ch\\\/it\\\/#website\"},\"primaryImageOfPage\":{\"@id\":\"https:\\\/\\\/swixed.ch\\\/it\\\/prodotto\\\/sed95023\\\/#primaryimage\"},\"image\":{\"@id\":\"https:\\\/\\\/swixed.ch\\\/it\\\/prodotto\\\/sed95023\\\/#primaryimage\"},\"thumbnailUrl\":\"https:\\\/\\\/swixed.ch\\\/wp-content\\\/uploads\\\/2026\\\/01\\\/SED95023-01.png\",\"datePublished\":\"2025-11-15T00:07:30+00:00\",\"dateModified\":\"2026-01-16T01:14:49+00:00\",\"description\":\"Provita I-N41121 supporto per infusione in acciaio cromato, base a 5 gambe e altezza regolabile. Stabile, mobile e conforme agli standard tecnici.\",\"breadcrumb\":{\"@id\":\"https:\\\/\\\/swixed.ch\\\/it\\\/prodotto\\\/sed95023\\\/#breadcrumb\"},\"inLanguage\":\"it-IT\",\"potentialAction\":[{\"@type\":\"ReadAction\",\"target\":[\"https:\\\/\\\/swixed.ch\\\/it\\\/prodotto\\\/sed95023\\\/\"]}]},{\"@type\":\"ImageObject\",\"inLanguage\":\"it-IT\",\"@id\":\"https:\\\/\\\/swixed.ch\\\/it\\\/prodotto\\\/sed95023\\\/#primaryimage\",\"url\":\"https:\\\/\\\/swixed.ch\\\/wp-content\\\/uploads\\\/2026\\\/01\\\/SED95023-01.png\",\"contentUrl\":\"https:\\\/\\\/swixed.ch\\\/wp-content\\\/uploads\\\/2026\\\/01\\\/SED95023-01.png\",\"width\":600,\"height\":600,\"caption\":\"SED95023\"},{\"@type\":\"BreadcrumbList\",\"@id\":\"https:\\\/\\\/swixed.ch\\\/it\\\/prodotto\\\/sed95023\\\/#breadcrumb\",\"itemListElement\":[{\"@type\":\"ListItem\",\"position\":1,\"name\":\"Home\",\"item\":\"https:\\\/\\\/swixed.ch\\\/it\\\/home\\\/\"},{\"@type\":\"ListItem\",\"position\":2,\"name\":\"Negozio\",\"item\":\"https:\\\/\\\/swixed.ch\\\/it\\\/shop\\\/\"},{\"@type\":\"ListItem\",\"position\":3,\"name\":\"Supporto per infusione cromato Provita Medical I-N41121\"}]},{\"@type\":\"WebSite\",\"@id\":\"https:\\\/\\\/swixed.ch\\\/it\\\/#website\",\"url\":\"https:\\\/\\\/swixed.ch\\\/it\\\/\",\"name\":\"Swixed SA\",\"description\":\"Dispositivi elettronici\",\"publisher\":{\"@id\":\"https:\\\/\\\/swixed.ch\\\/it\\\/#organization\"},\"potentialAction\":[{\"@type\":\"SearchAction\",\"target\":{\"@type\":\"EntryPoint\",\"urlTemplate\":\"https:\\\/\\\/swixed.ch\\\/it\\\/?s={search_term_string}\"},\"query-input\":{\"@type\":\"PropertyValueSpecification\",\"valueRequired\":true,\"valueName\":\"search_term_string\"}}],\"inLanguage\":\"it-IT\"},{\"@type\":\"Organization\",\"@id\":\"https:\\\/\\\/swixed.ch\\\/it\\\/#organization\",\"name\":\"Swixed SA\",\"url\":\"https:\\\/\\\/swixed.ch\\\/it\\\/\",\"logo\":{\"@type\":\"ImageObject\",\"inLanguage\":\"it-IT\",\"@id\":\"https:\\\/\\\/swixed.ch\\\/it\\\/#\\\/schema\\\/logo\\\/image\\\/\",\"url\":\"https:\\\/\\\/swixed.ch\\\/wp-content\\\/uploads\\\/logos\\\/swixed-logo-lite.png\",\"contentUrl\":\"https:\\\/\\\/swixed.ch\\\/wp-content\\\/uploads\\\/logos\\\/swixed-logo-lite.png\",\"width\":696,\"height\":696,\"caption\":\"Swixed SA\"},\"image\":{\"@id\":\"https:\\\/\\\/swixed.ch\\\/it\\\/#\\\/schema\\\/logo\\\/image\\\/\"},\"sameAs\":[\"https:\\\/\\\/www.facebook.com\\\/swixed\",\"https:\\\/\\\/www.linkedin.com\\\/company\\\/swixed\",\"https:\\\/\\\/www.youtube.com\\\/@swixedsa\"],\"description\":\"Swixed SA est une entreprise suisse bas\u00e9e \u00e0 Gen\u00e8ve, sp\u00e9cialis\u00e9e dans la vente, la location et la maintenance d\u2019appareils m\u00e9dicaux professionnels, tels que d\u00e9fibrillateurs AED, \u00e9lectrocardiographes, moniteurs patient et dispositifs de diagnostic.\",\"email\":\"infoshop@swixed.ch\",\"telephone\":\"+41 22 566 11 95\",\"legalName\":\"Swixed SA\",\"foundingDate\":\"2021-03-01\",\"numberOfEmployees\":{\"@type\":\"QuantitativeValue\",\"minValue\":\"1\",\"maxValue\":\"10\"}}]}<\/script>\n<!-- \/ Yoast SEO Premium plugin. -->","yoast_head_json":{"title":"Provita I-N41121 supporto per infusione cromato, 5 gambe |% Swixed SA%","description":"Provita I-N41121 supporto per infusione in acciaio cromato, base a 5 gambe e altezza regolabile. Stabile, mobile e conforme agli standard tecnici.","robots":{"index":"index","follow":"follow","max-snippet":"max-snippet:-1","max-image-preview":"max-image-preview:large","max-video-preview":"max-video-preview:-1"},"canonical":"https:\/\/swixed.ch\/it\/prodotto\/sed95023\/","og_locale":"it_IT","og_type":"article","og_title":"Supporto per infusione cromato Provita Medical I-N41121","og_description":"Provita I-N41121 supporto per infusione in acciaio cromato, base a 5 gambe e altezza regolabile. Stabile, mobile e conforme agli standard tecnici.","og_url":"https:\/\/swixed.ch\/it\/prodotto\/sed95023\/","og_site_name":"Swixed SA","article_publisher":"https:\/\/www.facebook.com\/swixed","article_modified_time":"2026-01-16T01:14:49+00:00","og_image":[{"width":600,"height":600,"url":"https:\/\/swixed.ch\/wp-content\/uploads\/2026\/01\/SED95023-01.png","type":"image\/png"}],"twitter_card":"summary_large_image","twitter_misc":{"Tempo di lettura stimato":"3 minuti"},"schema":{"@context":"https:\/\/schema.org","@graph":[{"@type":"WebPage","@id":"https:\/\/swixed.ch\/it\/prodotto\/sed95023\/","url":"https:\/\/swixed.ch\/it\/prodotto\/sed95023\/","name":"Provita I-N41121 supporto per infusione cromato, 5 gambe |% Swixed SA%","isPartOf":{"@id":"https:\/\/swixed.ch\/it\/#website"},"primaryImageOfPage":{"@id":"https:\/\/swixed.ch\/it\/prodotto\/sed95023\/#primaryimage"},"image":{"@id":"https:\/\/swixed.ch\/it\/prodotto\/sed95023\/#primaryimage"},"thumbnailUrl":"https:\/\/swixed.ch\/wp-content\/uploads\/2026\/01\/SED95023-01.png","datePublished":"2025-11-15T00:07:30+00:00","dateModified":"2026-01-16T01:14:49+00:00","description":"Provita I-N41121 supporto per infusione in acciaio cromato, base a 5 gambe e altezza regolabile. Stabile, mobile e conforme agli standard tecnici.","breadcrumb":{"@id":"https:\/\/swixed.ch\/it\/prodotto\/sed95023\/#breadcrumb"},"inLanguage":"it-IT","potentialAction":[{"@type":"ReadAction","target":["https:\/\/swixed.ch\/it\/prodotto\/sed95023\/"]}]},{"@type":"ImageObject","inLanguage":"it-IT","@id":"https:\/\/swixed.ch\/it\/prodotto\/sed95023\/#primaryimage","url":"https:\/\/swixed.ch\/wp-content\/uploads\/2026\/01\/SED95023-01.png","contentUrl":"https:\/\/swixed.ch\/wp-content\/uploads\/2026\/01\/SED95023-01.png","width":600,"height":600,"caption":"SED95023"},{"@type":"BreadcrumbList","@id":"https:\/\/swixed.ch\/it\/prodotto\/sed95023\/#breadcrumb","itemListElement":[{"@type":"ListItem","position":1,"name":"Home","item":"https:\/\/swixed.ch\/it\/home\/"},{"@type":"ListItem","position":2,"name":"Negozio","item":"https:\/\/swixed.ch\/it\/shop\/"},{"@type":"ListItem","position":3,"name":"Supporto per infusione cromato Provita Medical I-N41121"}]},{"@type":"WebSite","@id":"https:\/\/swixed.ch\/it\/#website","url":"https:\/\/swixed.ch\/it\/","name":"Swixed SA","description":"Dispositivi elettronici","publisher":{"@id":"https:\/\/swixed.ch\/it\/#organization"},"potentialAction":[{"@type":"SearchAction","target":{"@type":"EntryPoint","urlTemplate":"https:\/\/swixed.ch\/it\/?s={search_term_string}"},"query-input":{"@type":"PropertyValueSpecification","valueRequired":true,"valueName":"search_term_string"}}],"inLanguage":"it-IT"},{"@type":"Organization","@id":"https:\/\/swixed.ch\/it\/#organization","name":"Swixed SA","url":"https:\/\/swixed.ch\/it\/","logo":{"@type":"ImageObject","inLanguage":"it-IT","@id":"https:\/\/swixed.ch\/it\/#\/schema\/logo\/image\/","url":"https:\/\/swixed.ch\/wp-content\/uploads\/logos\/swixed-logo-lite.png","contentUrl":"https:\/\/swixed.ch\/wp-content\/uploads\/logos\/swixed-logo-lite.png","width":696,"height":696,"caption":"Swixed SA"},"image":{"@id":"https:\/\/swixed.ch\/it\/#\/schema\/logo\/image\/"},"sameAs":["https:\/\/www.facebook.com\/swixed","https:\/\/www.linkedin.com\/company\/swixed","https:\/\/www.youtube.com\/@swixedsa"],"description":"Swixed SA est une entreprise suisse bas\u00e9e \u00e0 Gen\u00e8ve, sp\u00e9cialis\u00e9e dans la vente, la location et la maintenance d\u2019appareils m\u00e9dicaux professionnels, tels que d\u00e9fibrillateurs AED, \u00e9lectrocardiographes, moniteurs patient et dispositifs de diagnostic.","email":"infoshop@swixed.ch","telephone":"+41 22 566 11 95","legalName":"Swixed SA","foundingDate":"2021-03-01","numberOfEmployees":{"@type":"QuantitativeValue","minValue":"1","maxValue":"10"}}]}},"_links":{"self":[{"href":"https:\/\/swixed.ch\/it\/wp-json\/wp\/v2\/product\/55422","targetHints":{"allow":["GET"]}}],"collection":[{"href":"https:\/\/swixed.ch\/it\/wp-json\/wp\/v2\/product"}],"about":[{"href":"https:\/\/swixed.ch\/it\/wp-json\/wp\/v2\/types\/product"}],"version-history":[{"count":0,"href":"https:\/\/swixed.ch\/it\/wp-json\/wp\/v2\/product\/55422\/revisions"}],"wp:featuredmedia":[{"embeddable":true,"href":"https:\/\/swixed.ch\/it\/wp-json\/wp\/v2\/media\/58643"}],"wp:attachment":[{"href":"https:\/\/swixed.ch\/it\/wp-json\/wp\/v2\/media?parent=55422"}],"wp:term":[{"taxonomy":"product_brand","embeddable":true,"href":"https:\/\/swixed.ch\/it\/wp-json\/wp\/v2\/product_brand?post=55422"},{"taxonomy":"product_cat","embeddable":true,"href":"https:\/\/swixed.ch\/it\/wp-json\/wp\/v2\/product_cat?post=55422"},{"taxonomy":"product_tag","embeddable":true,"href":"https:\/\/swixed.ch\/it\/wp-json\/wp\/v2\/product_tag?post=55422"}],"curies":[{"name":"wp","href":"https:\/\/api.w.org\/{rel}","templated":true}]}}