{"id":58497,"date":"2026-01-08T21:02:08","date_gmt":"2026-01-08T20:02:08","guid":{"rendered":"https:\/\/swixed.ch\/?post_type=product&#038;p=58497"},"modified":"2026-04-21T06:51:09","modified_gmt":"2026-04-21T05:51:09","slug":"sed70005","status":"publish","type":"product","link":"https:\/\/swixed.ch\/it\/prodotto\/sed70005\/","title":{"rendered":"Pulsossimetro GIMA OXY 3"},"content":{"rendered":"\t\t<div data-elementor-type=\"product-post\" data-elementor-id=\"58497\" class=\"elementor elementor-58497 elementor-58495\" data-elementor-post-type=\"product\">\n\t\t\t\t<div class=\"elementor-element elementor-element-106bc1e e-con-full e-flex e-con e-parent\" data-id=\"106bc1e\" data-element_type=\"container\" data-e-type=\"container\">\n\t\t<div class=\"elementor-element elementor-element-3f54f04 e-con-full e-flex e-con e-child\" data-id=\"3f54f04\" data-element_type=\"container\" data-e-type=\"container\">\n\t\t\t\t<div class=\"elementor-element elementor-element-c5ce916 elementor-widget elementor-widget-heading\" data-id=\"c5ce916\" data-element_type=\"widget\" data-e-type=\"widget\" data-widget_type=\"heading.default\">\n\t\t\t\t\t<h2 class=\"elementor-heading-title elementor-size-default\">Caratteristiche principali<\/h2>\t\t\t\t<\/div>\n\t\t\t\t<div class=\"elementor-element elementor-element-d5231aa elementor-widget elementor-widget-text-editor\" data-id=\"d5231aa\" data-element_type=\"widget\" data-e-type=\"widget\" data-widget_type=\"text-editor.default\">\n\t\t\t\t\t\t\t\t\t<p>Il pulsossimetro GIMA OXY 3 \u00e8 compatto e leggero, quindi facile da trasportare e da riporre. In secondo luogo, la sua struttura si adatta a diverse morfologie di dita, dai bambini agli adulti, grazie a una clip regolabile e stabile. Inoltre, la morbida imbottitura in silicone all&#8217;interno migliora il comfort di posizionamento e fornisce una superficie antiscivolo. Infine, il morsetto rimane forte e non invasivo, mantenendo il dito in posizione senza esercitare una compressione eccessiva.   <\/p><p>Caratteristiche principali :<\/p><ul><li>Dimensioni compatte e peso ridotto<\/li><li>Adattato alle dita di bambini e adulti<\/li><li>Imbottitura in silicone morbida e antiscivolo<\/li><li>Pinza robusta, non invasiva e non compressiva<\/li><\/ul>\t\t\t\t\t\t\t\t<\/div>\n\t\t\t\t<div class=\"elementor-element elementor-element-339c9d9 elementor-widget elementor-widget-heading\" data-id=\"339c9d9\" data-element_type=\"widget\" data-e-type=\"widget\" data-widget_type=\"heading.default\">\n\t\t\t\t\t<h2 class=\"elementor-heading-title elementor-size-default\">Caratteristiche<\/h2>\t\t\t\t<\/div>\n\t\t\t\t<div class=\"elementor-element elementor-element-24505a8 elementor-widget elementor-widget-text-editor\" data-id=\"24505a8\" data-element_type=\"widget\" data-e-type=\"widget\" data-widget_type=\"text-editor.default\">\n\t\t\t\t\t\t\t\t\t<p>Da un lato, il GIMA OXY 3 visualizza chiaramente i parametri misurati grazie a uno schermo regolabile in quattro direzioni, che migliora la leggibilit\u00e0 a seconda dell&#8217;angolo di osservazione. In secondo luogo, l&#8217;interfaccia visiva visualizza contemporaneamente la saturazione dell&#8217;ossigeno (SpO2), la forma d&#8217;onda SpO2, la frequenza del polso e il relativo grafico. Inoltre, il dispositivo indica il livello di carica della batteria per facilitare la gestione dell&#8217;energia. Infine, la funzione di spegnimento automatico limita il consumo di energia quando il dispositivo non viene pi\u00f9 utilizzato.   <\/p><p>Funzioni integrate:<\/p><ul><li>Visualizzazione della forma d&#8217;onda della SpO2, del polso e della SpO2<\/li><li>Grafico degli impulsi in tempo reale<\/li><li>Schermo regolabile in 4 direzioni<\/li><li>Indicatore di carica della batteria<\/li><li>Spegnimento automatico per risparmiare energia<\/li><\/ul>\t\t\t\t\t\t\t\t<\/div>\n\t\t\t\t<div class=\"elementor-element elementor-element-054ba6b elementor-widget elementor-widget-heading\" data-id=\"054ba6b\" data-element_type=\"widget\" data-e-type=\"widget\" data-widget_type=\"heading.default\">\n\t\t\t\t\t<h2 class=\"elementor-heading-title elementor-size-default\">Utilizzo e quadro normativo in Svizzera<\/h2>\t\t\t\t<\/div>\n\t\t\t\t<div class=\"elementor-element elementor-element-6627a1f elementor-widget elementor-widget-text-editor\" data-id=\"6627a1f\" data-element_type=\"widget\" data-e-type=\"widget\" data-widget_type=\"text-editor.default\">\n\t\t\t\t\t\t\t\t\t<p>In Svizzera, il pulsossimetro GIMA OXY 3 rientra nella categoria dei dispositivi medici non invasivi progettati per misurare i parametri fisiologici. In quanto tale, la sua commercializzazione e il suo utilizzo rientrano nel quadro normativo definito da Swissmedic e dall&#8217;ordinanza sui dispositivi medici (MedDO). <br>Inoltre, informazioni generali sulla salute pubblica e raccomandazioni istituzionali sono disponibili presso l&#8217;Ufficio federale della sanit\u00e0 pubblica (UFSP).<br>Infine, per gli aspetti relativi ai regolamenti tecnici applicabili, il Centro Svizzero di Informazione sui Regolamenti Tecnici (Switec) \u00e8 un&#8217;ulteriore fonte di riferimento.<\/p><p>In questo contesto, il dispositivo pu\u00f2 essere integrato in ambienti conformi agli attuali requisiti svizzeri, senza rivendicare alcuna funzione di diagnostica medica.<br>\t\t<div data-elementor-type=\"widget\" data-elementor-id=\"59086\" class=\"elementor elementor-59086 elementor-59083 elementor-59083\" data-elementor-post-type=\"elementor_library\">\n\t\t\t\t\t\t<div class=\"elementor-element elementor-element-59083 elementor-widget elementor-widget-text-editor\" data-id=\"59083\" data-element_type=\"widget\" data-e-type=\"widget\" data-widget_type=\"text-editor.default\">\n\t\t\t\t\t\t\t\t\t<p>Per maggiori informazioni, consulta :<\/p><ul><li><a href=\"https:\/\/www.swissmedic.ch\" target=\"_blank\" rel=\"noopener\">Swissmedic<\/a><\/li><li><a href=\"https:\/\/www.bag.admin.ch\" target=\"_blank\" rel=\"noopener\">Ufficio federale della sanit\u00e0 pubblica (UFSP)<\/a><\/li><li><a href=\"https:\/\/www.switec.info\" target=\"_blank\" rel=\"noopener\">Centro d&#8217;informazione svizzero per le norme tecniche (Switec)<\/a><\/li><li><a href=\"https:\/\/www.fedlex.admin.ch\/eli\/cc\/2020\/552\/\" target=\"_blank\" rel=\"noopener\">Ordinanza sui dispositivi medici (ODim o MedDO)<\/a><\/li><\/ul><p><br>I nostri dispositivi medici hanno un rappresentante autorizzato in Svizzera (CH-REP), in conformit\u00e0 con l&#8217;attuale legislazione svizzera sui dispositivi medici.<\/p>\t\t\t\t\t\t\t\t<\/div>\n\t\t\t\t<\/div>\n\t\t<br><br>Clicca qui per prenotare la <a href=\"https:\/\/swixed.ch\/it\/prodotto\/sed94005\/\">manutenzione periodica<\/a>.<\/p>\t\t\t\t\t\t\t\t<\/div>\n\t\t\t\t<div class=\"elementor-element elementor-element-9b84d9c elementor-widget elementor-widget-heading\" data-id=\"9b84d9c\" data-element_type=\"widget\" data-e-type=\"widget\" data-widget_type=\"heading.default\">\n\t\t\t\t\t<h2 class=\"elementor-heading-title elementor-size-default\">Contenuto<\/h2>\t\t\t\t<\/div>\n\t\t\t\t<div class=\"elementor-element elementor-element-2d8780e elementor-widget elementor-widget-text-editor\" data-id=\"2d8780e\" data-element_type=\"widget\" data-e-type=\"widget\" data-widget_type=\"text-editor.default\">\n\t\t\t\t\t\t\t\t\t<p>Il pulsossimetro GIMA OXY 3 viene fornito pronto all&#8217;uso con i seguenti componenti:<\/p><ul><li>1 pulsossimetro GIMA OXY 3<\/li><li>2 batterie AAA<\/li><li>1 cinghia di trasporto<\/li><li>Documentazione del produttore<\/li><\/ul>\t\t\t\t\t\t\t\t<\/div>\n\t\t\t\t<\/div>\n\t\t\t\t<\/div>\n\t\t\t\t<\/div>\n\t\t","protected":false},"excerpt":{"rendered":"<p>Il GIMA OXY 3 \u00e8 un pulsossimetro digitale compatto e portatile. \u00c8 dotato di uno schermo OLED regolabile che visualizza le informazioni operative in forma numerica e grafica. Il dispositivo ha una funzione di spegnimento automatico ed \u00e8 alimentato a batteria per un uso prolungato. Certificato CE e conforme alle specifiche tecniche del produttore, \u00e8 destinato all&#8217;uso in ambienti professionali e istituzionali.<\/p>\n","protected":false},"featured_media":58500,"template":"","meta":{"_acf_changed":false},"product_brand":[7200],"product_cat":[1144,1146],"product_tag":[7769,7747,7777,7778,7745,7749,7581,7746,7748,1148],"class_list":{"0":"post-58497","1":"product","2":"type-product","3":"status-publish","4":"has-post-thumbnail","6":"product_brand-gima-it","7":"product_cat-pulsossimetri","8":"product_cat-apparecchi-pulsossimetri","9":"product_tag-basso-consumo-energetico","10":"product_tag-dimensioni-compatte","11":"product_tag-display-a-led","12":"product_tag-funzione-di-arresto-automatico","13":"product_tag-hr","14":"product_tag-indicatore-della-batteria","15":"product_tag-misurazione-non-invasiva","16":"product_tag-pulsossimetro-da-dito","17":"product_tag-riproduzione-istantanea","18":"product_tag-spo2-it","19":"product_shipping_class-spedizione-gratuita","21":"first","22":"instock","23":"taxable","24":"shipping-taxable","25":"purchasable","26":"product-type-simple"},"acf":[],"yoast_head":"<!-- This site is optimized with the Yoast SEO Premium plugin v27.4 (Yoast SEO v27.4) - https:\/\/yoast.com\/product\/yoast-seo-premium-wordpress\/ -->\n<title>Pulsossimetro GIMA OXY 3 - Misurazione della SpO2 e del polso | Swixed SA<\/title>\n<meta name=\"description\" content=\"Pulsossimetro GIMA OXY 3 con schermo OLED a colori, misurazione della SpO2 e della frequenza cardiaca, dimensioni compatte, spegnimento automatico e display regolabile.\" \/>\n<meta name=\"robots\" content=\"index, follow, max-snippet:-1, max-image-preview:large, max-video-preview:-1\" \/>\n<link rel=\"canonical\" href=\"https:\/\/swixed.ch\/it\/prodotto\/sed70005\/\" \/>\n<meta property=\"og:locale\" content=\"it_IT\" \/>\n<meta property=\"og:type\" content=\"article\" \/>\n<meta property=\"og:title\" content=\"Pulsossimetro GIMA OXY 3\" \/>\n<meta property=\"og:description\" content=\"Pulsossimetro GIMA OXY 3 con schermo OLED a colori, misurazione della SpO2 e della frequenza cardiaca, dimensioni compatte, spegnimento automatico e display regolabile.\" \/>\n<meta property=\"og:url\" content=\"https:\/\/swixed.ch\/it\/prodotto\/sed70005\/\" \/>\n<meta property=\"og:site_name\" content=\"Swixed SA\" \/>\n<meta property=\"article:publisher\" content=\"https:\/\/www.facebook.com\/swixed\" \/>\n<meta property=\"article:modified_time\" content=\"2026-04-21T05:51:09+00:00\" \/>\n<meta property=\"og:image\" content=\"https:\/\/swixed.ch\/wp-content\/uploads\/2026\/01\/SED72007-01.png\" \/>\n\t<meta property=\"og:image:width\" content=\"600\" \/>\n\t<meta property=\"og:image:height\" content=\"600\" \/>\n\t<meta property=\"og:image:type\" content=\"image\/png\" \/>\n<meta name=\"twitter:card\" content=\"summary_large_image\" \/>\n<meta name=\"twitter:label1\" content=\"Tempo di lettura stimato\" \/>\n\t<meta name=\"twitter:data1\" content=\"2 minuti\" \/>\n<script type=\"application\/ld+json\" class=\"yoast-schema-graph\">{\"@context\":\"https:\\\/\\\/schema.org\",\"@graph\":[{\"@type\":\"WebPage\",\"@id\":\"https:\\\/\\\/swixed.ch\\\/it\\\/prodotto\\\/sed70005\\\/\",\"url\":\"https:\\\/\\\/swixed.ch\\\/it\\\/prodotto\\\/sed70005\\\/\",\"name\":\"Pulsossimetro GIMA OXY 3 - Misurazione della SpO2 e del polso | Swixed SA\",\"isPartOf\":{\"@id\":\"https:\\\/\\\/swixed.ch\\\/it\\\/#website\"},\"primaryImageOfPage\":{\"@id\":\"https:\\\/\\\/swixed.ch\\\/it\\\/prodotto\\\/sed70005\\\/#primaryimage\"},\"image\":{\"@id\":\"https:\\\/\\\/swixed.ch\\\/it\\\/prodotto\\\/sed70005\\\/#primaryimage\"},\"thumbnailUrl\":\"https:\\\/\\\/swixed.ch\\\/wp-content\\\/uploads\\\/2026\\\/01\\\/SED72007-01.png\",\"datePublished\":\"2026-01-08T20:02:08+00:00\",\"dateModified\":\"2026-04-21T05:51:09+00:00\",\"description\":\"Pulsossimetro GIMA OXY 3 con schermo OLED a colori, misurazione della SpO2 e della frequenza cardiaca, dimensioni compatte, spegnimento automatico e display regolabile.\",\"breadcrumb\":{\"@id\":\"https:\\\/\\\/swixed.ch\\\/it\\\/prodotto\\\/sed70005\\\/#breadcrumb\"},\"inLanguage\":\"it-IT\",\"potentialAction\":[{\"@type\":\"ReadAction\",\"target\":[\"https:\\\/\\\/swixed.ch\\\/it\\\/prodotto\\\/sed70005\\\/\"]}]},{\"@type\":\"ImageObject\",\"inLanguage\":\"it-IT\",\"@id\":\"https:\\\/\\\/swixed.ch\\\/it\\\/prodotto\\\/sed70005\\\/#primaryimage\",\"url\":\"https:\\\/\\\/swixed.ch\\\/wp-content\\\/uploads\\\/2026\\\/01\\\/SED72007-01.png\",\"contentUrl\":\"https:\\\/\\\/swixed.ch\\\/wp-content\\\/uploads\\\/2026\\\/01\\\/SED72007-01.png\",\"width\":600,\"height\":600,\"caption\":\"SED72007\"},{\"@type\":\"BreadcrumbList\",\"@id\":\"https:\\\/\\\/swixed.ch\\\/it\\\/prodotto\\\/sed70005\\\/#breadcrumb\",\"itemListElement\":[{\"@type\":\"ListItem\",\"position\":1,\"name\":\"Home\",\"item\":\"https:\\\/\\\/swixed.ch\\\/it\\\/home\\\/\"},{\"@type\":\"ListItem\",\"position\":2,\"name\":\"Negozio\",\"item\":\"https:\\\/\\\/swixed.ch\\\/it\\\/shop\\\/\"},{\"@type\":\"ListItem\",\"position\":3,\"name\":\"Pulsossimetro GIMA OXY 3\"}]},{\"@type\":\"WebSite\",\"@id\":\"https:\\\/\\\/swixed.ch\\\/it\\\/#website\",\"url\":\"https:\\\/\\\/swixed.ch\\\/it\\\/\",\"name\":\"Swixed SA\",\"description\":\"Dispositivi elettronici\",\"publisher\":{\"@id\":\"https:\\\/\\\/swixed.ch\\\/it\\\/#organization\"},\"potentialAction\":[{\"@type\":\"SearchAction\",\"target\":{\"@type\":\"EntryPoint\",\"urlTemplate\":\"https:\\\/\\\/swixed.ch\\\/it\\\/?s={search_term_string}\"},\"query-input\":{\"@type\":\"PropertyValueSpecification\",\"valueRequired\":true,\"valueName\":\"search_term_string\"}}],\"inLanguage\":\"it-IT\"},{\"@type\":\"Organization\",\"@id\":\"https:\\\/\\\/swixed.ch\\\/it\\\/#organization\",\"name\":\"Swixed SA\",\"url\":\"https:\\\/\\\/swixed.ch\\\/it\\\/\",\"logo\":{\"@type\":\"ImageObject\",\"inLanguage\":\"it-IT\",\"@id\":\"https:\\\/\\\/swixed.ch\\\/it\\\/#\\\/schema\\\/logo\\\/image\\\/\",\"url\":\"https:\\\/\\\/swixed.ch\\\/wp-content\\\/uploads\\\/logos\\\/swixed-logo-lite.png\",\"contentUrl\":\"https:\\\/\\\/swixed.ch\\\/wp-content\\\/uploads\\\/logos\\\/swixed-logo-lite.png\",\"width\":696,\"height\":696,\"caption\":\"Swixed SA\"},\"image\":{\"@id\":\"https:\\\/\\\/swixed.ch\\\/it\\\/#\\\/schema\\\/logo\\\/image\\\/\"},\"sameAs\":[\"https:\\\/\\\/www.facebook.com\\\/swixed\",\"https:\\\/\\\/www.linkedin.com\\\/company\\\/swixed\",\"https:\\\/\\\/www.youtube.com\\\/@swixedsa\"],\"description\":\"Swixed SA est une entreprise suisse bas\u00e9e \u00e0 Gen\u00e8ve, sp\u00e9cialis\u00e9e dans la vente, la location et la maintenance d\u2019appareils m\u00e9dicaux professionnels, tels que d\u00e9fibrillateurs AED, \u00e9lectrocardiographes, moniteurs patient et dispositifs de diagnostic.\",\"email\":\"infoshop@swixed.ch\",\"telephone\":\"+41 22 566 11 95\",\"legalName\":\"Swixed SA\",\"foundingDate\":\"2021-03-01\",\"numberOfEmployees\":{\"@type\":\"QuantitativeValue\",\"minValue\":\"1\",\"maxValue\":\"10\"}}]}<\/script>\n<!-- \/ Yoast SEO Premium plugin. -->","yoast_head_json":{"title":"Pulsossimetro GIMA OXY 3 - Misurazione della SpO2 e del polso | Swixed SA","description":"Pulsossimetro GIMA OXY 3 con schermo OLED a colori, misurazione della SpO2 e della frequenza cardiaca, dimensioni compatte, spegnimento automatico e display regolabile.","robots":{"index":"index","follow":"follow","max-snippet":"max-snippet:-1","max-image-preview":"max-image-preview:large","max-video-preview":"max-video-preview:-1"},"canonical":"https:\/\/swixed.ch\/it\/prodotto\/sed70005\/","og_locale":"it_IT","og_type":"article","og_title":"Pulsossimetro GIMA OXY 3","og_description":"Pulsossimetro GIMA OXY 3 con schermo OLED a colori, misurazione della SpO2 e della frequenza cardiaca, dimensioni compatte, spegnimento automatico e display regolabile.","og_url":"https:\/\/swixed.ch\/it\/prodotto\/sed70005\/","og_site_name":"Swixed SA","article_publisher":"https:\/\/www.facebook.com\/swixed","article_modified_time":"2026-04-21T05:51:09+00:00","og_image":[{"width":600,"height":600,"url":"https:\/\/swixed.ch\/wp-content\/uploads\/2026\/01\/SED72007-01.png","type":"image\/png"}],"twitter_card":"summary_large_image","twitter_misc":{"Tempo di lettura stimato":"2 minuti"},"schema":{"@context":"https:\/\/schema.org","@graph":[{"@type":"WebPage","@id":"https:\/\/swixed.ch\/it\/prodotto\/sed70005\/","url":"https:\/\/swixed.ch\/it\/prodotto\/sed70005\/","name":"Pulsossimetro GIMA OXY 3 - Misurazione della SpO2 e del polso | Swixed SA","isPartOf":{"@id":"https:\/\/swixed.ch\/it\/#website"},"primaryImageOfPage":{"@id":"https:\/\/swixed.ch\/it\/prodotto\/sed70005\/#primaryimage"},"image":{"@id":"https:\/\/swixed.ch\/it\/prodotto\/sed70005\/#primaryimage"},"thumbnailUrl":"https:\/\/swixed.ch\/wp-content\/uploads\/2026\/01\/SED72007-01.png","datePublished":"2026-01-08T20:02:08+00:00","dateModified":"2026-04-21T05:51:09+00:00","description":"Pulsossimetro GIMA OXY 3 con schermo OLED a colori, misurazione della SpO2 e della frequenza cardiaca, dimensioni compatte, spegnimento automatico e display regolabile.","breadcrumb":{"@id":"https:\/\/swixed.ch\/it\/prodotto\/sed70005\/#breadcrumb"},"inLanguage":"it-IT","potentialAction":[{"@type":"ReadAction","target":["https:\/\/swixed.ch\/it\/prodotto\/sed70005\/"]}]},{"@type":"ImageObject","inLanguage":"it-IT","@id":"https:\/\/swixed.ch\/it\/prodotto\/sed70005\/#primaryimage","url":"https:\/\/swixed.ch\/wp-content\/uploads\/2026\/01\/SED72007-01.png","contentUrl":"https:\/\/swixed.ch\/wp-content\/uploads\/2026\/01\/SED72007-01.png","width":600,"height":600,"caption":"SED72007"},{"@type":"BreadcrumbList","@id":"https:\/\/swixed.ch\/it\/prodotto\/sed70005\/#breadcrumb","itemListElement":[{"@type":"ListItem","position":1,"name":"Home","item":"https:\/\/swixed.ch\/it\/home\/"},{"@type":"ListItem","position":2,"name":"Negozio","item":"https:\/\/swixed.ch\/it\/shop\/"},{"@type":"ListItem","position":3,"name":"Pulsossimetro GIMA OXY 3"}]},{"@type":"WebSite","@id":"https:\/\/swixed.ch\/it\/#website","url":"https:\/\/swixed.ch\/it\/","name":"Swixed SA","description":"Dispositivi elettronici","publisher":{"@id":"https:\/\/swixed.ch\/it\/#organization"},"potentialAction":[{"@type":"SearchAction","target":{"@type":"EntryPoint","urlTemplate":"https:\/\/swixed.ch\/it\/?s={search_term_string}"},"query-input":{"@type":"PropertyValueSpecification","valueRequired":true,"valueName":"search_term_string"}}],"inLanguage":"it-IT"},{"@type":"Organization","@id":"https:\/\/swixed.ch\/it\/#organization","name":"Swixed SA","url":"https:\/\/swixed.ch\/it\/","logo":{"@type":"ImageObject","inLanguage":"it-IT","@id":"https:\/\/swixed.ch\/it\/#\/schema\/logo\/image\/","url":"https:\/\/swixed.ch\/wp-content\/uploads\/logos\/swixed-logo-lite.png","contentUrl":"https:\/\/swixed.ch\/wp-content\/uploads\/logos\/swixed-logo-lite.png","width":696,"height":696,"caption":"Swixed SA"},"image":{"@id":"https:\/\/swixed.ch\/it\/#\/schema\/logo\/image\/"},"sameAs":["https:\/\/www.facebook.com\/swixed","https:\/\/www.linkedin.com\/company\/swixed","https:\/\/www.youtube.com\/@swixedsa"],"description":"Swixed SA est une entreprise suisse bas\u00e9e \u00e0 Gen\u00e8ve, sp\u00e9cialis\u00e9e dans la vente, la location et la maintenance d\u2019appareils m\u00e9dicaux professionnels, tels que d\u00e9fibrillateurs AED, \u00e9lectrocardiographes, moniteurs patient et dispositifs de diagnostic.","email":"infoshop@swixed.ch","telephone":"+41 22 566 11 95","legalName":"Swixed SA","foundingDate":"2021-03-01","numberOfEmployees":{"@type":"QuantitativeValue","minValue":"1","maxValue":"10"}}]}},"_links":{"self":[{"href":"https:\/\/swixed.ch\/it\/wp-json\/wp\/v2\/product\/58497","targetHints":{"allow":["GET"]}}],"collection":[{"href":"https:\/\/swixed.ch\/it\/wp-json\/wp\/v2\/product"}],"about":[{"href":"https:\/\/swixed.ch\/it\/wp-json\/wp\/v2\/types\/product"}],"version-history":[{"count":0,"href":"https:\/\/swixed.ch\/it\/wp-json\/wp\/v2\/product\/58497\/revisions"}],"wp:featuredmedia":[{"embeddable":true,"href":"https:\/\/swixed.ch\/it\/wp-json\/wp\/v2\/media\/58500"}],"wp:attachment":[{"href":"https:\/\/swixed.ch\/it\/wp-json\/wp\/v2\/media?parent=58497"}],"wp:term":[{"taxonomy":"product_brand","embeddable":true,"href":"https:\/\/swixed.ch\/it\/wp-json\/wp\/v2\/product_brand?post=58497"},{"taxonomy":"product_cat","embeddable":true,"href":"https:\/\/swixed.ch\/it\/wp-json\/wp\/v2\/product_cat?post=58497"},{"taxonomy":"product_tag","embeddable":true,"href":"https:\/\/swixed.ch\/it\/wp-json\/wp\/v2\/product_tag?post=58497"}],"curies":[{"name":"wp","href":"https:\/\/api.w.org\/{rel}","templated":true}]}}