{"id":60059,"date":"2026-01-13T19:54:39","date_gmt":"2026-01-13T18:54:39","guid":{"rendered":"https:\/\/swixed.ch\/?post_type=product&#038;p=60059"},"modified":"2026-01-25T20:05:02","modified_gmt":"2026-01-25T19:05:02","slug":"sed20009","status":"publish","type":"product","link":"https:\/\/swixed.ch\/it\/prodotto\/sed20009\/","title":{"rendered":"Monitor dei segni vitali Edan M3A"},"content":{"rendered":"\t\t<div data-elementor-type=\"product-post\" data-elementor-id=\"60059\" class=\"elementor elementor-60059 elementor-60057\" data-elementor-post-type=\"product\">\n\t\t\t\t<div class=\"elementor-element elementor-element-1a05a7b e-con-full e-flex e-con e-parent\" data-id=\"1a05a7b\" data-element_type=\"container\" data-e-type=\"container\">\n\t\t<div class=\"elementor-element elementor-element-b8f9f68 e-con-full e-flex e-con e-child\" data-id=\"b8f9f68\" data-element_type=\"container\" data-e-type=\"container\">\n\t\t<div class=\"elementor-element elementor-element-9b7bbb6 e-con-full e-flex e-con e-child\" data-id=\"9b7bbb6\" data-element_type=\"container\" data-e-type=\"container\" data-settings=\"{&quot;background_background&quot;:&quot;classic&quot;}\">\n\t\t\t\t<div class=\"elementor-element elementor-element-87c9458 elementor-widget elementor-widget-heading\" data-id=\"87c9458\" data-element_type=\"widget\" data-e-type=\"widget\" data-widget_type=\"heading.default\">\n\t\t\t\t\t<h3 class=\"elementor-heading-title elementor-size-default\">Alternative disponibili per questo monitor dei segni vitali<\/h3>\t\t\t\t<\/div>\n\t\t<div class=\"elementor-element elementor-element-37350db e-con-full e-flex e-con e-child\" data-id=\"37350db\" data-element_type=\"container\" data-e-type=\"container\">\n\t\t\t\t<div class=\"elementor-element elementor-element-7185e0f elementor-widget elementor-widget-eael-woo-product-list\" data-id=\"7185e0f\" data-element_type=\"widget\" data-e-type=\"widget\" data-widget_type=\"eael-woo-product-list.default\">\n\t\t\t\t\t\n        <div class=\"eael-product-list-wrapper preset-1\">\n            <div class=\"eael-product-list-body woocommerce\">\n                <div class=\"eael-product-list-container\">\n                    <div class=\"eael-post-appender\">\n                        <div class=\"product post-34240 type-product status-publish has-post-thumbnail product_brand-edan-it product_cat-monitor-pazienti product_cat-apparecchi-monitor-pazienti product_tag-memoria-del-paziente product_tag-monitor-portatile product_tag-nibp-it product_tag-oscillometrico product_tag-pr product_tag-pulsossimetria product_tag-schermo-a-colori product_tag-spo2-it product_tag-temp product_tag-termometria-dellorecchio product_shipping_class-spedizione-gratuita first instock sale taxable shipping-taxable purchasable product-type-variable has-default-attributes\">\n    <div class=\"eael-product-list-item image-alignment-left\">\n                                        <div class=\"eael-product-list-badge-wrap badge-preset-2 badge-alignment-left is-on-sale \">\n                        <p>Promo<\/p>\n                    <\/div>\n                                    \n        <div class=\"eael-product-list-image-wrap\">\n                        \n                                            \n            <a href=\"https:\/\/swixed.ch\/it\/prodotto\/sed20001\/\" class=\"woocommerce-LoopProduct-link woocommerce-loop-product__link\" >\n            \n                <img fetchpriority=\"high\" decoding=\"async\" width=\"600\" height=\"600\" src=\"https:\/\/swixed.ch\/wp-content\/uploads\/products\/edan-im3-03.png\" class=\"attachment-full size-full\" alt=\"Monitor dei segni vitali Edan IM3\" loading=\"eager\" \/>            \n                               \n            <\/a>\n            \n                        <ul class=\"eael-product-list-buttons-on-hover\">\n                                <li class=\"eael-product-list-add-to-cart-button eael-m-0\">\n                    <a href=\"https:\/\/swixed.ch\/it\/prodotto\/sed20001\/\" aria-describedby=\"woocommerce_loop_add_to_cart_link_describedby_34240\" data-quantity=\"1\" class=\"button product_type_variable add_to_cart_button\" data-product_id=\"34240\" data-product_sku=\"SED20001\" aria-label=\"Seleziona le opzioni per &ldquo;Monitor dei segni vitali Edan IM3&rdquo;\" rel=\"nofollow\">Scegli<\/a>\t<span id=\"woocommerce_loop_add_to_cart_link_describedby_34240\" class=\"screen-reader-text\">\n\t\tQuesto prodotto ha pi\u00f9 varianti. Le opzioni possono essere scelte nella pagina del prodotto\t<\/span>\n                <\/li>\n                \n                \n                                <li class=\"eael-product-list-link-button eael-m-0\">\n                    <a href=\"https:\/\/swixed.ch\/it\/prodotto\/sed20001\/\"><i class=\"fas fa-link\"><\/i><\/a>\n                <\/li>\n                            <\/ul>\n                    <\/div>\n\n        <div class=\"eael-product-list-content-wrap\">\n            \n            <div class=\"eael-product-list-content-header \" >\n                                \n                <div class=\"eael-product-list-notice eael-product-list-notice-shiping-free\">\n                     \n                    <p>\n                        <i class=\"fas fa-box\"><\/i>\n                        Monitor multiparametrici                    <\/p>\n                                    <\/div>\n            <\/div>\n            <div class=\"eael-product-list-content-body\">\n                            <h2 class=\"eael-product-list-title\">\n                                <a href=\"https:\/\/swixed.ch\/it\/prodotto\/sed20001\/\" class=\"woocommerce-LoopProduct-link woocommerce-loop-product__link\" target=\"_blank\">\n                    Monitor dei segni vitali Edan IM3                <\/a>\n                            <\/h2>\n        \n                                <div class=\"eael-product-list-excerpt\">\n                    Il monitor per segni vitali Edan IM3 con touch screen da 8 pollici \u00e8 leggero (2,5 kg), ergonomico e versatile....                <\/div>\n                \n                                <h3 class=\"eael-product-list-price\">\n                    Da <ins><span class=\"woocommerce-Price-amount amount\"><span class=\"woocommerce-Price-currencySymbol\">&#067;&#072;&#070;<\/span>&nbsp;1,999.00<\/span><\/ins> <del><span class=\"woocommerce-Price-amount amount\"><span class=\"woocommerce-Price-currencySymbol\">&#067;&#072;&#070;<\/span>&nbsp;2,282.00<\/span><\/del> IVA incl.                <\/h3>\n                            <\/div>\n            <div class=\"eael-product-list-content-footer\">\n                \n                                <div class=\"eael-product-list-buttons\">\n                                        <p class=\"eael-product-list-add-to-cart-button eael-m-0\"><a href=\"https:\/\/swixed.ch\/it\/prodotto\/sed20001\/\" aria-describedby=\"woocommerce_loop_add_to_cart_link_describedby_34240\" data-quantity=\"1\" class=\"button product_type_variable add_to_cart_button\" data-product_id=\"34240\" data-product_sku=\"SED20001\" aria-label=\"Seleziona le opzioni per &ldquo;Monitor dei segni vitali Edan IM3&rdquo;\" rel=\"nofollow\">Scegli<\/a>\t<span id=\"woocommerce_loop_add_to_cart_link_describedby_34240\" class=\"screen-reader-text\">\n\t\tQuesto prodotto ha pi\u00f9 varianti. Le opzioni possono essere scelte nella pagina del prodotto\t<\/span>\n<\/p>\n                    \n                                    <\/div>\n                            <\/div>\n        <\/div>\n    <\/div>\n<\/div>                    <\/div>\n\n                    \n                <\/div>\n            <\/div>\n        <\/div>\n\n\t\t\t\t\t\t<\/div>\n\t\t\t\t<\/div>\n\t\t\t\t<\/div>\n\t\t\t\t<div class=\"elementor-element elementor-element-50de237 elementor-widget elementor-widget-heading\" data-id=\"50de237\" data-element_type=\"widget\" data-e-type=\"widget\" data-widget_type=\"heading.default\">\n\t\t\t\t\t<h2 class=\"elementor-heading-title elementor-size-default\">Presentazione generale<\/h2>\t\t\t\t<\/div>\n\t\t\t\t<div class=\"elementor-element elementor-element-d2a3860 elementor-widget elementor-widget-text-editor\" data-id=\"d2a3860\" data-element_type=\"widget\" data-e-type=\"widget\" data-widget_type=\"text-editor.default\">\n\t\t\t\t\t\t\t\t\t<p>Il monitor dei segni vitali Edan M3A soddisfa le esigenze di monitoraggio clinico standard grazie al suo design compatto e funzionale. In primo luogo, misura in modo non invasivo la pressione sanguigna, la saturazione di ossigeno SpO2 e la frequenza del polso utilizzando un metodo oscillometrico comprovato. In secondo luogo, il suo schermo LCD da 3,5&#8243; visualizza chiaramente i valori misurati, anche in condizioni di utilizzo prolungato.  <\/p><p>La misurazione della temperatura dell&#8217;orecchio \u00e8 disponibile come opzione.<\/p><p>Inoltre, il dispositivo incorpora un sistema di allarme a tre livelli che combina segnali visivi e acustici. In questo modo, le informazioni rimangono leggibili e prioritarie in base alle soglie impostate. Infine, la sua batteria ricaricabile offre fino a 21 ore di autonomia, rendendolo facile da usare in viaggio o in modo continuativo.  <\/p><p>Caratteristiche principali:<\/p><ul><li>Misurazione di SpO2, pressione sanguigna e polso<\/li><li>Schermo LCD a colori da 3,5 pollici<\/li><li>Allarmi visivi e acustici configurabili<\/li><li>Funzionamento automatico o manuale<\/li><li>Memoria interna per la registrazione dei dati<\/li><\/ul>\t\t\t\t\t\t\t\t<\/div>\n\t\t\t\t<div class=\"elementor-element elementor-element-3d6b9f1 elementor-widget elementor-widget-heading\" data-id=\"3d6b9f1\" data-element_type=\"widget\" data-e-type=\"widget\" data-widget_type=\"heading.default\">\n\t\t\t\t\t<h2 class=\"elementor-heading-title elementor-size-default\">Funzionamento e design tecnico<\/h2>\t\t\t\t<\/div>\n\t\t\t\t<div class=\"elementor-element elementor-element-67f5706 elementor-widget elementor-widget-text-editor\" data-id=\"67f5706\" data-element_type=\"widget\" data-e-type=\"widget\" data-widget_type=\"text-editor.default\">\n\t\t\t\t\t\t\t\t\t<p>L&#8217;Edan M3A offre caratteristiche adatte agli ambienti medici professionali. In primo luogo, consente un monitoraggio regolare attraverso cicli di misurazione automatizzati o attivati manualmente. In secondo luogo, gli intervalli di misurazione coprono l&#8217;uso adulto, pediatrico e neonatale, ampliando il suo campo di applicazione.  <\/p><p>Inoltre, la memoria interna conserva i dati essenziali, rendendoli facilmente consultabili in un secondo momento o monitorando le misurazioni. La connettivit\u00e0 LAN consente l&#8217;integrazione nelle infrastrutture di rete esistenti. Infine, il dispositivo funziona a rete o a batteria, migliorando la sua flessibilit\u00e0 operativa.  <\/p>\t\t\t\t\t\t\t\t<\/div>\n\t\t\t\t<div class=\"elementor-element elementor-element-bb24034 elementor-widget elementor-widget-heading\" data-id=\"bb24034\" data-element_type=\"widget\" data-e-type=\"widget\" data-widget_type=\"heading.default\">\n\t\t\t\t\t<h2 class=\"elementor-heading-title elementor-size-default\">Utilizzo, conformit\u00e0 e raccomandazioni<\/h2>\t\t\t\t<\/div>\n\t\t\t\t<div class=\"elementor-element elementor-element-8c86bc5 elementor-widget elementor-widget-text-editor\" data-id=\"8c86bc5\" data-element_type=\"widget\" data-e-type=\"widget\" data-widget_type=\"text-editor.default\">\n\t\t\t\t\t\t\t\t\t<p>In Svizzera, il monitor dei segni vitali Edan M3A \u00e8 classificato come dispositivo medico per il monitoraggio clinico. In quanto tale, il suo utilizzo \u00e8 soggetto ai requisiti definiti dall&#8217;Ufficio Federale della Sanit\u00e0 Pubblica e da Swissmedic. Queste autorit\u00e0 controllano la commercializzazione, la conformit\u00e0 e il monitoraggio dei dispositivi medici.  <\/p><p>Di conseguenza, il dispositivo \u00e8 conforme ai requisiti della normativa svizzera e dell&#8217;Ordinanza sui Dispositivi Medici (ODim o MedDO), oltre che agli standard europei applicabili. Inoltre, le informazioni tecniche sono in linea con le norme di sicurezza e le prestazioni previste per questo tipo di apparecchiatura utilizzata in ambito professionale. <\/p><p>\t\t<div data-elementor-type=\"widget\" data-elementor-id=\"59086\" class=\"elementor elementor-59086 elementor-59083 elementor-59083\" data-elementor-post-type=\"elementor_library\">\n\t\t\t\t\t\t<div class=\"elementor-element elementor-element-59083 elementor-widget elementor-widget-text-editor\" data-id=\"59083\" data-element_type=\"widget\" data-e-type=\"widget\" data-widget_type=\"text-editor.default\">\n\t\t\t\t\t\t\t\t\t<p>Per maggiori informazioni, consulta :<\/p><ul><li><a href=\"https:\/\/www.swissmedic.ch\" target=\"_blank\" rel=\"noopener\">Swissmedic<\/a><\/li><li><a href=\"https:\/\/www.bag.admin.ch\" target=\"_blank\" rel=\"noopener\">Ufficio federale della sanit\u00e0 pubblica (UFSP)<\/a><\/li><li><a href=\"https:\/\/www.switec.info\" target=\"_blank\" rel=\"noopener\">Centro d&#8217;informazione svizzero per le norme tecniche (Switec)<\/a><\/li><li><a href=\"https:\/\/www.fedlex.admin.ch\/eli\/cc\/2020\/552\/\" target=\"_blank\" rel=\"noopener\">Ordinanza sui dispositivi medici (ODim o MedDO)<\/a><\/li><\/ul><p><br>I nostri dispositivi medici hanno un rappresentante autorizzato in Svizzera (CH-REP), in conformit\u00e0 con l&#8217;attuale legislazione svizzera sui dispositivi medici.<\/p>\t\t\t\t\t\t\t\t<\/div>\n\t\t\t\t<\/div>\n\t\t<br>Clicca qui per prenotare la <a href=\"https:\/\/swixed.ch\/it\/prodotto\/sed94006\/\">manutenzione periodica<\/a>.<\/p>\t\t\t\t\t\t\t\t<\/div>\n\t\t\t\t<div class=\"elementor-element elementor-element-32ecea3 elementor-widget elementor-widget-heading\" data-id=\"32ecea3\" data-element_type=\"widget\" data-e-type=\"widget\" data-widget_type=\"heading.default\">\n\t\t\t\t\t<h2 class=\"elementor-heading-title elementor-size-default\">Contenuto<\/h2>\t\t\t\t<\/div>\n\t\t\t\t<div class=\"elementor-element elementor-element-43f2850 elementor-widget elementor-widget-text-editor\" data-id=\"43f2850\" data-element_type=\"widget\" data-e-type=\"widget\" data-widget_type=\"text-editor.default\">\n\t\t\t\t\t\t\t\t\t<p>Il monitor per segni vitali Edan M3A viene consegnato pronto all&#8217;uso con gli accessori necessari per un utilizzo standard. L&#8217;installazione \u00e8 quindi semplice e veloce fin dall&#8217;inizio. <\/p><p>Contenuto standard:<\/p><ul><li>Monitor dei segni vitali Edan M3A<\/li><li>Sensore SpO2 per adulti<\/li><li>Polsino adulto 25-35 cm<\/li><li>Batteria ricaricabile<\/li><li>Termometro auricolare (a seconda della versione scelta)<\/li><li>Copri sonda (a seconda della versione scelta)<\/li><\/ul><p>Per completare un&#8217;installazione clinica, \u00e8 anche possibile combinare questo monitor con altre apparecchiature disponibili in loco per garantire un monitoraggio conforme e a lungo termine.<\/p>\t\t\t\t\t\t\t\t<\/div>\n\t\t\t\t<\/div>\n\t\t\t\t<\/div>\n\t\t\t\t<\/div>\n\t\t","protected":false},"excerpt":{"rendered":"<p>L&#8217;Edan M3A \u00e8 un monitor per segni vitali progettato per essere utilizzato in ambienti professionali e istituzionali. Incorpora moduli di misurazione compatibili, uno schermo a colori e un&#8217;interfaccia di navigazione strutturata. Il dispositivo offre diverse modalit\u00e0 operative configurabili e si basa su metodi di misurazione tecnici conformi alle specifiche del produttore. Certificato CE e CH-REP, \u00e8 destinato all&#8217;uso da parte di operatori qualificati.   <\/p>\n","protected":false},"featured_media":60061,"template":"","meta":{"_acf_changed":false},"product_brand":[2082],"product_cat":[1093,1367],"product_tag":[7659,7650,7649,3708,1371,7648,7647,7651,3703,1148],"class_list":{"0":"post-60059","1":"product","2":"type-product","3":"status-publish","4":"has-post-thumbnail","6":"product_brand-edan-it","7":"product_cat-monitor-pazienti","8":"product_cat-apparecchi-monitor-pazienti","9":"product_tag-alimentazione-di-rete","10":"product_tag-allarmi-fisiologici","11":"product_tag-memoria-del-paziente","12":"product_tag-monitor-portatile","13":"product_tag-nibp-it","14":"product_tag-oscillometrico","15":"product_tag-pr","16":"product_tag-pulsossimetria","17":"product_tag-schermo-a-colori","18":"product_tag-spo2-it","20":"","21":"instock","22":"taxable","23":"shipping-taxable","24":"purchasable","25":"product-type-variable","26":"has-default-attributes"},"acf":[],"yoast_head":"<!-- This site is optimized with the Yoast SEO Premium plugin v27.4 (Yoast SEO v27.4) - https:\/\/yoast.com\/product\/yoast-seo-premium-wordpress\/ -->\n<title>Edan M3A|% Swixed SA monitor dei segni vitali<\/title>\n<meta name=\"description\" content=\"Il monitor dei segni vitali Edan M3A offre un monitoraggio affidabile di SpO2, pressione sanguigna e polso in ambiente clinico.\" \/>\n<meta name=\"robots\" content=\"index, follow, max-snippet:-1, max-image-preview:large, max-video-preview:-1\" \/>\n<link rel=\"canonical\" href=\"https:\/\/swixed.ch\/it\/prodotto\/sed20009\/\" \/>\n<meta property=\"og:locale\" content=\"it_IT\" \/>\n<meta property=\"og:type\" content=\"article\" \/>\n<meta property=\"og:title\" content=\"Monitor dei segni vitali Edan M3A\" \/>\n<meta property=\"og:description\" content=\"Il monitor dei segni vitali Edan M3A offre un monitoraggio affidabile di SpO2, pressione sanguigna e polso in ambiente clinico.\" \/>\n<meta property=\"og:url\" content=\"https:\/\/swixed.ch\/it\/prodotto\/sed20009\/\" \/>\n<meta property=\"og:site_name\" content=\"Swixed SA\" \/>\n<meta property=\"article:publisher\" content=\"https:\/\/www.facebook.com\/swixed\" \/>\n<meta property=\"article:modified_time\" content=\"2026-01-25T19:05:02+00:00\" \/>\n<meta property=\"og:image\" content=\"https:\/\/swixed.ch\/wp-content\/uploads\/2026\/01\/SED20009-01.png\" \/>\n\t<meta property=\"og:image:width\" content=\"600\" \/>\n\t<meta property=\"og:image:height\" content=\"600\" \/>\n\t<meta property=\"og:image:type\" content=\"image\/png\" \/>\n<meta name=\"twitter:card\" content=\"summary_large_image\" \/>\n<meta name=\"twitter:label1\" content=\"Tempo di lettura stimato\" \/>\n\t<meta name=\"twitter:data1\" content=\"3 minuti\" \/>\n<script type=\"application\/ld+json\" class=\"yoast-schema-graph\">{\"@context\":\"https:\\\/\\\/schema.org\",\"@graph\":[{\"@type\":\"WebPage\",\"@id\":\"https:\\\/\\\/swixed.ch\\\/it\\\/prodotto\\\/sed20009\\\/\",\"url\":\"https:\\\/\\\/swixed.ch\\\/it\\\/prodotto\\\/sed20009\\\/\",\"name\":\"Edan M3A|% Swixed SA monitor dei segni vitali\",\"isPartOf\":{\"@id\":\"https:\\\/\\\/swixed.ch\\\/it\\\/#website\"},\"primaryImageOfPage\":{\"@id\":\"https:\\\/\\\/swixed.ch\\\/it\\\/prodotto\\\/sed20009\\\/#primaryimage\"},\"image\":{\"@id\":\"https:\\\/\\\/swixed.ch\\\/it\\\/prodotto\\\/sed20009\\\/#primaryimage\"},\"thumbnailUrl\":\"https:\\\/\\\/swixed.ch\\\/wp-content\\\/uploads\\\/2026\\\/01\\\/SED20009-01.png\",\"datePublished\":\"2026-01-13T18:54:39+00:00\",\"dateModified\":\"2026-01-25T19:05:02+00:00\",\"description\":\"Il monitor dei segni vitali Edan M3A offre un monitoraggio affidabile di SpO2, pressione sanguigna e polso in ambiente clinico.\",\"breadcrumb\":{\"@id\":\"https:\\\/\\\/swixed.ch\\\/it\\\/prodotto\\\/sed20009\\\/#breadcrumb\"},\"inLanguage\":\"it-IT\",\"potentialAction\":[{\"@type\":\"ReadAction\",\"target\":[\"https:\\\/\\\/swixed.ch\\\/it\\\/prodotto\\\/sed20009\\\/\"]}]},{\"@type\":\"ImageObject\",\"inLanguage\":\"it-IT\",\"@id\":\"https:\\\/\\\/swixed.ch\\\/it\\\/prodotto\\\/sed20009\\\/#primaryimage\",\"url\":\"https:\\\/\\\/swixed.ch\\\/wp-content\\\/uploads\\\/2026\\\/01\\\/SED20009-01.png\",\"contentUrl\":\"https:\\\/\\\/swixed.ch\\\/wp-content\\\/uploads\\\/2026\\\/01\\\/SED20009-01.png\",\"width\":600,\"height\":600,\"caption\":\"SED20009\"},{\"@type\":\"BreadcrumbList\",\"@id\":\"https:\\\/\\\/swixed.ch\\\/it\\\/prodotto\\\/sed20009\\\/#breadcrumb\",\"itemListElement\":[{\"@type\":\"ListItem\",\"position\":1,\"name\":\"Home\",\"item\":\"https:\\\/\\\/swixed.ch\\\/it\\\/home\\\/\"},{\"@type\":\"ListItem\",\"position\":2,\"name\":\"Negozio\",\"item\":\"https:\\\/\\\/swixed.ch\\\/it\\\/shop\\\/\"},{\"@type\":\"ListItem\",\"position\":3,\"name\":\"Monitor dei segni vitali Edan M3A\"}]},{\"@type\":\"WebSite\",\"@id\":\"https:\\\/\\\/swixed.ch\\\/it\\\/#website\",\"url\":\"https:\\\/\\\/swixed.ch\\\/it\\\/\",\"name\":\"Swixed SA\",\"description\":\"Dispositivi elettronici\",\"publisher\":{\"@id\":\"https:\\\/\\\/swixed.ch\\\/it\\\/#organization\"},\"potentialAction\":[{\"@type\":\"SearchAction\",\"target\":{\"@type\":\"EntryPoint\",\"urlTemplate\":\"https:\\\/\\\/swixed.ch\\\/it\\\/?s={search_term_string}\"},\"query-input\":{\"@type\":\"PropertyValueSpecification\",\"valueRequired\":true,\"valueName\":\"search_term_string\"}}],\"inLanguage\":\"it-IT\"},{\"@type\":\"Organization\",\"@id\":\"https:\\\/\\\/swixed.ch\\\/it\\\/#organization\",\"name\":\"Swixed SA\",\"url\":\"https:\\\/\\\/swixed.ch\\\/it\\\/\",\"logo\":{\"@type\":\"ImageObject\",\"inLanguage\":\"it-IT\",\"@id\":\"https:\\\/\\\/swixed.ch\\\/it\\\/#\\\/schema\\\/logo\\\/image\\\/\",\"url\":\"https:\\\/\\\/swixed.ch\\\/wp-content\\\/uploads\\\/logos\\\/swixed-logo-lite.png\",\"contentUrl\":\"https:\\\/\\\/swixed.ch\\\/wp-content\\\/uploads\\\/logos\\\/swixed-logo-lite.png\",\"width\":696,\"height\":696,\"caption\":\"Swixed SA\"},\"image\":{\"@id\":\"https:\\\/\\\/swixed.ch\\\/it\\\/#\\\/schema\\\/logo\\\/image\\\/\"},\"sameAs\":[\"https:\\\/\\\/www.facebook.com\\\/swixed\",\"https:\\\/\\\/www.linkedin.com\\\/company\\\/swixed\",\"https:\\\/\\\/www.youtube.com\\\/@swixedsa\"],\"description\":\"Swixed SA est une entreprise suisse bas\u00e9e \u00e0 Gen\u00e8ve, sp\u00e9cialis\u00e9e dans la vente, la location et la maintenance d\u2019appareils m\u00e9dicaux professionnels, tels que d\u00e9fibrillateurs AED, \u00e9lectrocardiographes, moniteurs patient et dispositifs de diagnostic.\",\"email\":\"infoshop@swixed.ch\",\"telephone\":\"+41 22 566 11 95\",\"legalName\":\"Swixed SA\",\"foundingDate\":\"2021-03-01\",\"numberOfEmployees\":{\"@type\":\"QuantitativeValue\",\"minValue\":\"1\",\"maxValue\":\"10\"}}]}<\/script>\n<!-- \/ Yoast SEO Premium plugin. -->","yoast_head_json":{"title":"Edan M3A|% Swixed SA monitor dei segni vitali","description":"Il monitor dei segni vitali Edan M3A offre un monitoraggio affidabile di SpO2, pressione sanguigna e polso in ambiente clinico.","robots":{"index":"index","follow":"follow","max-snippet":"max-snippet:-1","max-image-preview":"max-image-preview:large","max-video-preview":"max-video-preview:-1"},"canonical":"https:\/\/swixed.ch\/it\/prodotto\/sed20009\/","og_locale":"it_IT","og_type":"article","og_title":"Monitor dei segni vitali Edan M3A","og_description":"Il monitor dei segni vitali Edan M3A offre un monitoraggio affidabile di SpO2, pressione sanguigna e polso in ambiente clinico.","og_url":"https:\/\/swixed.ch\/it\/prodotto\/sed20009\/","og_site_name":"Swixed SA","article_publisher":"https:\/\/www.facebook.com\/swixed","article_modified_time":"2026-01-25T19:05:02+00:00","og_image":[{"width":600,"height":600,"url":"https:\/\/swixed.ch\/wp-content\/uploads\/2026\/01\/SED20009-01.png","type":"image\/png"}],"twitter_card":"summary_large_image","twitter_misc":{"Tempo di lettura stimato":"3 minuti"},"schema":{"@context":"https:\/\/schema.org","@graph":[{"@type":"WebPage","@id":"https:\/\/swixed.ch\/it\/prodotto\/sed20009\/","url":"https:\/\/swixed.ch\/it\/prodotto\/sed20009\/","name":"Edan M3A|% Swixed SA monitor dei segni vitali","isPartOf":{"@id":"https:\/\/swixed.ch\/it\/#website"},"primaryImageOfPage":{"@id":"https:\/\/swixed.ch\/it\/prodotto\/sed20009\/#primaryimage"},"image":{"@id":"https:\/\/swixed.ch\/it\/prodotto\/sed20009\/#primaryimage"},"thumbnailUrl":"https:\/\/swixed.ch\/wp-content\/uploads\/2026\/01\/SED20009-01.png","datePublished":"2026-01-13T18:54:39+00:00","dateModified":"2026-01-25T19:05:02+00:00","description":"Il monitor dei segni vitali Edan M3A offre un monitoraggio affidabile di SpO2, pressione sanguigna e polso in ambiente clinico.","breadcrumb":{"@id":"https:\/\/swixed.ch\/it\/prodotto\/sed20009\/#breadcrumb"},"inLanguage":"it-IT","potentialAction":[{"@type":"ReadAction","target":["https:\/\/swixed.ch\/it\/prodotto\/sed20009\/"]}]},{"@type":"ImageObject","inLanguage":"it-IT","@id":"https:\/\/swixed.ch\/it\/prodotto\/sed20009\/#primaryimage","url":"https:\/\/swixed.ch\/wp-content\/uploads\/2026\/01\/SED20009-01.png","contentUrl":"https:\/\/swixed.ch\/wp-content\/uploads\/2026\/01\/SED20009-01.png","width":600,"height":600,"caption":"SED20009"},{"@type":"BreadcrumbList","@id":"https:\/\/swixed.ch\/it\/prodotto\/sed20009\/#breadcrumb","itemListElement":[{"@type":"ListItem","position":1,"name":"Home","item":"https:\/\/swixed.ch\/it\/home\/"},{"@type":"ListItem","position":2,"name":"Negozio","item":"https:\/\/swixed.ch\/it\/shop\/"},{"@type":"ListItem","position":3,"name":"Monitor dei segni vitali Edan M3A"}]},{"@type":"WebSite","@id":"https:\/\/swixed.ch\/it\/#website","url":"https:\/\/swixed.ch\/it\/","name":"Swixed SA","description":"Dispositivi elettronici","publisher":{"@id":"https:\/\/swixed.ch\/it\/#organization"},"potentialAction":[{"@type":"SearchAction","target":{"@type":"EntryPoint","urlTemplate":"https:\/\/swixed.ch\/it\/?s={search_term_string}"},"query-input":{"@type":"PropertyValueSpecification","valueRequired":true,"valueName":"search_term_string"}}],"inLanguage":"it-IT"},{"@type":"Organization","@id":"https:\/\/swixed.ch\/it\/#organization","name":"Swixed SA","url":"https:\/\/swixed.ch\/it\/","logo":{"@type":"ImageObject","inLanguage":"it-IT","@id":"https:\/\/swixed.ch\/it\/#\/schema\/logo\/image\/","url":"https:\/\/swixed.ch\/wp-content\/uploads\/logos\/swixed-logo-lite.png","contentUrl":"https:\/\/swixed.ch\/wp-content\/uploads\/logos\/swixed-logo-lite.png","width":696,"height":696,"caption":"Swixed SA"},"image":{"@id":"https:\/\/swixed.ch\/it\/#\/schema\/logo\/image\/"},"sameAs":["https:\/\/www.facebook.com\/swixed","https:\/\/www.linkedin.com\/company\/swixed","https:\/\/www.youtube.com\/@swixedsa"],"description":"Swixed SA est une entreprise suisse bas\u00e9e \u00e0 Gen\u00e8ve, sp\u00e9cialis\u00e9e dans la vente, la location et la maintenance d\u2019appareils m\u00e9dicaux professionnels, tels que d\u00e9fibrillateurs AED, \u00e9lectrocardiographes, moniteurs patient et dispositifs de diagnostic.","email":"infoshop@swixed.ch","telephone":"+41 22 566 11 95","legalName":"Swixed SA","foundingDate":"2021-03-01","numberOfEmployees":{"@type":"QuantitativeValue","minValue":"1","maxValue":"10"}}]}},"_links":{"self":[{"href":"https:\/\/swixed.ch\/it\/wp-json\/wp\/v2\/product\/60059","targetHints":{"allow":["GET"]}}],"collection":[{"href":"https:\/\/swixed.ch\/it\/wp-json\/wp\/v2\/product"}],"about":[{"href":"https:\/\/swixed.ch\/it\/wp-json\/wp\/v2\/types\/product"}],"version-history":[{"count":0,"href":"https:\/\/swixed.ch\/it\/wp-json\/wp\/v2\/product\/60059\/revisions"}],"wp:featuredmedia":[{"embeddable":true,"href":"https:\/\/swixed.ch\/it\/wp-json\/wp\/v2\/media\/60061"}],"wp:attachment":[{"href":"https:\/\/swixed.ch\/it\/wp-json\/wp\/v2\/media?parent=60059"}],"wp:term":[{"taxonomy":"product_brand","embeddable":true,"href":"https:\/\/swixed.ch\/it\/wp-json\/wp\/v2\/product_brand?post=60059"},{"taxonomy":"product_cat","embeddable":true,"href":"https:\/\/swixed.ch\/it\/wp-json\/wp\/v2\/product_cat?post=60059"},{"taxonomy":"product_tag","embeddable":true,"href":"https:\/\/swixed.ch\/it\/wp-json\/wp\/v2\/product_tag?post=60059"}],"curies":[{"name":"wp","href":"https:\/\/api.w.org\/{rel}","templated":true}]}}