{"id":61776,"date":"2026-02-01T21:59:23","date_gmt":"2026-02-01T20:59:23","guid":{"rendered":"https:\/\/swixed.ch\/?post_type=product&#038;p=61776"},"modified":"2026-04-19T11:31:18","modified_gmt":"2026-04-19T10:31:18","slug":"sed14013","status":"publish","type":"product","link":"https:\/\/swixed.ch\/it\/prodotto\/sed14013\/","title":{"rendered":"Batteria per ECG Cardioline 100L \/ 200L"},"content":{"rendered":"\t\t<div data-elementor-type=\"product-post\" data-elementor-id=\"61776\" class=\"elementor elementor-61776 elementor-61774\" data-elementor-post-type=\"product\">\n\t\t\t\t<div class=\"elementor-element elementor-element-1c8d12e e-con-full e-flex e-con e-parent\" data-id=\"1c8d12e\" data-element_type=\"container\" data-e-type=\"container\">\n\t\t<div class=\"elementor-element elementor-element-363bd6f e-con-full e-flex e-con e-child\" data-id=\"363bd6f\" data-element_type=\"container\" data-e-type=\"container\">\n\t\t\t\t<div class=\"elementor-element elementor-element-b6d3e52 elementor-widget elementor-widget-heading\" data-id=\"b6d3e52\" data-element_type=\"widget\" data-e-type=\"widget\" data-widget_type=\"heading.default\">\n\t\t\t\t\t<h2 class=\"elementor-heading-title elementor-size-default\">Caratteristiche principali<\/h2>\t\t\t\t<\/div>\n\t\t\t\t<div class=\"elementor-element elementor-element-3661e64 elementor-widget elementor-widget-text-editor\" data-id=\"3661e64\" data-element_type=\"widget\" data-e-type=\"widget\" data-widget_type=\"text-editor.default\">\n\t\t\t\t\t\t\t\t\t<p>La batteria ECG Cardioline 100L \/ 200L funge da fonte di alimentazione ricaricabile per gli elettrocardiografi in questione. In quanto tale, consente l&#8217;uso mobile o autonomo dell&#8217;apparecchiatura, a seconda delle condizioni operative definite dal produttore. Inoltre, questa batteria agli ioni di litio \u00e8 adatta solo ai modelli 100L e 200L e non \u00e8 adatta alle versioni 100S o 200S.  <\/p><p>Caratteristiche principali:<\/p><ul><li>Batteria ricaricabile con tecnologia agli ioni di litio<\/li><li>Compatibilit\u00e0 esclusiva con gli ECG Cardioline 100L e 200L<\/li><li>Accessorio separato per le batterie ECG Cardioline 100S e 200S<\/li><li>Progettato per l&#8217;uso professionale<\/li><li>Fornita come batteria di ricambio o di riserva<\/li><\/ul><p>Inoltre, l&#8217;utilizzo di una batteria compatibile contribuisce al corretto funzionamento dell&#8217;elettrocardiografo.<\/p>\t\t\t\t\t\t\t\t<\/div>\n\t\t\t\t<div class=\"elementor-element elementor-element-f174e1d elementor-widget elementor-widget-heading\" data-id=\"f174e1d\" data-element_type=\"widget\" data-e-type=\"widget\" data-widget_type=\"heading.default\">\n\t\t\t\t\t<h2 class=\"elementor-heading-title elementor-size-default\">Utilizzo, conformit\u00e0 e raccomandazioni<\/h2>\t\t\t\t<\/div>\n\t\t\t\t<div class=\"elementor-element elementor-element-eef170d elementor-widget elementor-widget-text-editor\" data-id=\"eef170d\" data-element_type=\"widget\" data-e-type=\"widget\" data-widget_type=\"text-editor.default\">\n\t\t\t\t\t\t\t\t\t<p>Questa batteria viene utilizzata come accessorio per un dispositivo medico, in conformit\u00e0 alle istruzioni del produttore. In Svizzera, gli accessori per ECG rientrano nel quadro normativo definito dall&#8217;Ufficio Federale della Sanit\u00e0 Pubblica, che pubblica informazioni generali sul loro utilizzo. Infine, il Centro Svizzero di Informazione sui Regolamenti Tecnici fornisce utili risorse tecniche per i professionisti.  <br>\t\t<div data-elementor-type=\"widget\" data-elementor-id=\"60301\" class=\"elementor elementor-60301 elementor-60240 elementor-60240\" data-elementor-post-type=\"elementor_library\">\n\t\t\t\t\t\t<div class=\"elementor-element elementor-element-60240 elementor-widget elementor-widget-text-editor\" data-id=\"60240\" data-element_type=\"widget\" data-e-type=\"widget\" data-widget_type=\"text-editor.default\">\n\t\t\t\t\t\t\t\t\t<p>Per maggiori informazioni, consulta :<\/p><ul><li><a href=\"https:\/\/www.bag.admin.ch\" target=\"_blank\" rel=\"noopener\">Ufficio federale della sanit\u00e0 pubblica (UFSP)<\/a><\/li><li><a href=\"https:\/\/www.switec.info\" target=\"_blank\" rel=\"noopener\">Centro d&#8217;informazione svizzero per le norme tecniche (Switec)<\/a><\/li><\/ul><p><br>I nostri dispositivi medici hanno un rappresentante autorizzato in Svizzera (CH-REP), in conformit\u00e0 con l&#8217;attuale legislazione svizzera sui dispositivi medici.<\/p>\t\t\t\t\t\t\t\t<\/div>\n\t\t\t\t<\/div>\n\t\t<\/p>\t\t\t\t\t\t\t\t<\/div>\n\t\t\t\t<div class=\"elementor-element elementor-element-fd79b31 elementor-widget elementor-widget-heading\" data-id=\"fd79b31\" data-element_type=\"widget\" data-e-type=\"widget\" data-widget_type=\"heading.default\">\n\t\t\t\t\t<h2 class=\"elementor-heading-title elementor-size-default\">Contenuto<\/h2>\t\t\t\t<\/div>\n\t\t\t\t<div class=\"elementor-element elementor-element-fbf8938 elementor-widget elementor-widget-text-editor\" data-id=\"fbf8938\" data-element_type=\"widget\" data-e-type=\"widget\" data-widget_type=\"text-editor.default\">\n\t\t\t\t\t\t\t\t\t<p>Questa batteria agli ioni di litio \u00e8 un accessorio progettato per alimentare gli ECG Cardioline 100L e 200L. Pu\u00f2 quindi essere integrata nella manutenzione ordinaria e nel funzionamento dei dispositivi compatibili. <\/p><ul><li>1 \u00d7 Batteria agli ioni di litio per ECG Cardioline 100L e 200L<\/li><\/ul>\t\t\t\t\t\t\t\t<\/div>\n\t\t\t\t<\/div>\n\t\t\t\t<\/div>\n\t\t\t\t<\/div>\n\t\t","protected":false},"excerpt":{"rendered":"<p>Questa batteria agli ioni di litio \u00e8 un accessorio di ricambio per gli elettrocardiografi Cardioline 100L e 200L. Fornisce un&#8217;alimentazione ricaricabile a questi dispositivi, consentendone l&#8217;uso mobile o autonomo secondo le condizioni definite dal produttore. Questo accessorio \u00e8 compatibile solo con i modelli 100L e 200L; non \u00e8 adatto alle versioni 100S o 200S. Fa parte della manutenzione ordinaria dei dispositivi in questione, in un contesto professionale.   <\/p>\n","protected":false},"featured_media":61779,"template":"","meta":{"_acf_changed":false},"product_brand":[7890],"product_cat":[1197,966],"product_tag":[4490,7805,7801,7800,7799,7802,7764,7892,6743,7804],"class_list":{"0":"post-61776","1":"product","2":"type-product","3":"status-publish","4":"has-post-thumbnail","6":"product_brand-cardiolina","7":"product_cat-accessori-elettrocardiografi","8":"product_cat-elettrocardiografi","9":"product_tag-accessorio-ecg","10":"product_tag-alimentatore-portatile","11":"product_tag-alimentazione-ecg","12":"product_tag-batteria-agli-ioni-di-litio","13":"product_tag-batteria-ecg","14":"product_tag-batteria-interna","15":"product_tag-batteria-ricaricabile","16":"product_tag-compatibilita-con-la-cardiolina","17":"product_tag-manutenzione-dellecg","18":"product_tag-pezzo-di-ricambio-per-ecg","20":"first","21":"outofstock","22":"taxable","23":"shipping-taxable","24":"product-type-simple"},"acf":[],"yoast_head":"<!-- This site is optimized with the Yoast SEO Premium plugin v27.4 (Yoast SEO v27.4) - https:\/\/yoast.com\/product\/yoast-seo-premium-wordpress\/ -->\n<title>Batteria ECG Cardioline 100L 200L - Accessorio agli ioni di litio | Swixed SA<\/title>\n<meta name=\"description\" content=\"Batteria di ricambio agli ioni di litio per ECG Cardioline 100L e 200L. Accessorio compatibile, progettato per uso professionale. Consegna in Svizzera.\" \/>\n<meta name=\"robots\" content=\"index, follow, max-snippet:-1, max-image-preview:large, max-video-preview:-1\" \/>\n<link rel=\"canonical\" href=\"https:\/\/swixed.ch\/it\/prodotto\/sed14013\/\" \/>\n<meta property=\"og:locale\" content=\"it_IT\" \/>\n<meta property=\"og:type\" content=\"article\" \/>\n<meta property=\"og:title\" content=\"Batteria per ECG Cardioline 100L \/ 200L\" \/>\n<meta property=\"og:description\" content=\"Batteria di ricambio agli ioni di litio per ECG Cardioline 100L e 200L. Accessorio compatibile, progettato per uso professionale. Consegna in Svizzera.\" \/>\n<meta property=\"og:url\" content=\"https:\/\/swixed.ch\/it\/prodotto\/sed14013\/\" \/>\n<meta property=\"og:site_name\" content=\"Swixed SA\" \/>\n<meta property=\"article:publisher\" content=\"https:\/\/www.facebook.com\/swixed\" \/>\n<meta property=\"article:modified_time\" content=\"2026-04-19T10:31:18+00:00\" \/>\n<meta property=\"og:image\" content=\"https:\/\/swixed.ch\/wp-content\/uploads\/2026\/02\/SED14013-01.png\" \/>\n\t<meta property=\"og:image:width\" content=\"600\" \/>\n\t<meta property=\"og:image:height\" content=\"600\" \/>\n\t<meta property=\"og:image:type\" content=\"image\/png\" \/>\n<meta name=\"twitter:card\" content=\"summary_large_image\" \/>\n<meta name=\"twitter:label1\" content=\"Tempo di lettura stimato\" \/>\n\t<meta name=\"twitter:data1\" content=\"1 minuto\" \/>\n<script type=\"application\/ld+json\" class=\"yoast-schema-graph\">{\"@context\":\"https:\\\/\\\/schema.org\",\"@graph\":[{\"@type\":\"WebPage\",\"@id\":\"https:\\\/\\\/swixed.ch\\\/it\\\/prodotto\\\/sed14013\\\/\",\"url\":\"https:\\\/\\\/swixed.ch\\\/it\\\/prodotto\\\/sed14013\\\/\",\"name\":\"Batteria ECG Cardioline 100L 200L - Accessorio agli ioni di litio | Swixed SA\",\"isPartOf\":{\"@id\":\"https:\\\/\\\/swixed.ch\\\/it\\\/#website\"},\"primaryImageOfPage\":{\"@id\":\"https:\\\/\\\/swixed.ch\\\/it\\\/prodotto\\\/sed14013\\\/#primaryimage\"},\"image\":{\"@id\":\"https:\\\/\\\/swixed.ch\\\/it\\\/prodotto\\\/sed14013\\\/#primaryimage\"},\"thumbnailUrl\":\"https:\\\/\\\/swixed.ch\\\/wp-content\\\/uploads\\\/2026\\\/02\\\/SED14013-01.png\",\"datePublished\":\"2026-02-01T20:59:23+00:00\",\"dateModified\":\"2026-04-19T10:31:18+00:00\",\"description\":\"Batteria di ricambio agli ioni di litio per ECG Cardioline 100L e 200L. Accessorio compatibile, progettato per uso professionale. Consegna in Svizzera.\",\"breadcrumb\":{\"@id\":\"https:\\\/\\\/swixed.ch\\\/it\\\/prodotto\\\/sed14013\\\/#breadcrumb\"},\"inLanguage\":\"it-IT\",\"potentialAction\":[{\"@type\":\"ReadAction\",\"target\":[\"https:\\\/\\\/swixed.ch\\\/it\\\/prodotto\\\/sed14013\\\/\"]}]},{\"@type\":\"ImageObject\",\"inLanguage\":\"it-IT\",\"@id\":\"https:\\\/\\\/swixed.ch\\\/it\\\/prodotto\\\/sed14013\\\/#primaryimage\",\"url\":\"https:\\\/\\\/swixed.ch\\\/wp-content\\\/uploads\\\/2026\\\/02\\\/SED14013-01.png\",\"contentUrl\":\"https:\\\/\\\/swixed.ch\\\/wp-content\\\/uploads\\\/2026\\\/02\\\/SED14013-01.png\",\"width\":600,\"height\":600,\"caption\":\"SED14013\"},{\"@type\":\"BreadcrumbList\",\"@id\":\"https:\\\/\\\/swixed.ch\\\/it\\\/prodotto\\\/sed14013\\\/#breadcrumb\",\"itemListElement\":[{\"@type\":\"ListItem\",\"position\":1,\"name\":\"Home\",\"item\":\"https:\\\/\\\/swixed.ch\\\/it\\\/home\\\/\"},{\"@type\":\"ListItem\",\"position\":2,\"name\":\"Negozio\",\"item\":\"https:\\\/\\\/swixed.ch\\\/it\\\/shop\\\/\"},{\"@type\":\"ListItem\",\"position\":3,\"name\":\"Batteria per ECG Cardioline 100L \\\/ 200L\"}]},{\"@type\":\"WebSite\",\"@id\":\"https:\\\/\\\/swixed.ch\\\/it\\\/#website\",\"url\":\"https:\\\/\\\/swixed.ch\\\/it\\\/\",\"name\":\"Swixed SA\",\"description\":\"Dispositivi elettronici\",\"publisher\":{\"@id\":\"https:\\\/\\\/swixed.ch\\\/it\\\/#organization\"},\"potentialAction\":[{\"@type\":\"SearchAction\",\"target\":{\"@type\":\"EntryPoint\",\"urlTemplate\":\"https:\\\/\\\/swixed.ch\\\/it\\\/?s={search_term_string}\"},\"query-input\":{\"@type\":\"PropertyValueSpecification\",\"valueRequired\":true,\"valueName\":\"search_term_string\"}}],\"inLanguage\":\"it-IT\"},{\"@type\":\"Organization\",\"@id\":\"https:\\\/\\\/swixed.ch\\\/it\\\/#organization\",\"name\":\"Swixed SA\",\"url\":\"https:\\\/\\\/swixed.ch\\\/it\\\/\",\"logo\":{\"@type\":\"ImageObject\",\"inLanguage\":\"it-IT\",\"@id\":\"https:\\\/\\\/swixed.ch\\\/it\\\/#\\\/schema\\\/logo\\\/image\\\/\",\"url\":\"https:\\\/\\\/swixed.ch\\\/wp-content\\\/uploads\\\/logos\\\/swixed-logo-lite.png\",\"contentUrl\":\"https:\\\/\\\/swixed.ch\\\/wp-content\\\/uploads\\\/logos\\\/swixed-logo-lite.png\",\"width\":696,\"height\":696,\"caption\":\"Swixed SA\"},\"image\":{\"@id\":\"https:\\\/\\\/swixed.ch\\\/it\\\/#\\\/schema\\\/logo\\\/image\\\/\"},\"sameAs\":[\"https:\\\/\\\/www.facebook.com\\\/swixed\",\"https:\\\/\\\/www.linkedin.com\\\/company\\\/swixed\",\"https:\\\/\\\/www.youtube.com\\\/@swixedsa\"],\"description\":\"Swixed SA est une entreprise suisse bas\u00e9e \u00e0 Gen\u00e8ve, sp\u00e9cialis\u00e9e dans la vente, la location et la maintenance d\u2019appareils m\u00e9dicaux professionnels, tels que d\u00e9fibrillateurs AED, \u00e9lectrocardiographes, moniteurs patient et dispositifs de diagnostic.\",\"email\":\"infoshop@swixed.ch\",\"telephone\":\"+41 22 566 11 95\",\"legalName\":\"Swixed SA\",\"foundingDate\":\"2021-03-01\",\"numberOfEmployees\":{\"@type\":\"QuantitativeValue\",\"minValue\":\"1\",\"maxValue\":\"10\"}}]}<\/script>\n<!-- \/ Yoast SEO Premium plugin. -->","yoast_head_json":{"title":"Batteria ECG Cardioline 100L 200L - Accessorio agli ioni di litio | Swixed SA","description":"Batteria di ricambio agli ioni di litio per ECG Cardioline 100L e 200L. Accessorio compatibile, progettato per uso professionale. Consegna in Svizzera.","robots":{"index":"index","follow":"follow","max-snippet":"max-snippet:-1","max-image-preview":"max-image-preview:large","max-video-preview":"max-video-preview:-1"},"canonical":"https:\/\/swixed.ch\/it\/prodotto\/sed14013\/","og_locale":"it_IT","og_type":"article","og_title":"Batteria per ECG Cardioline 100L \/ 200L","og_description":"Batteria di ricambio agli ioni di litio per ECG Cardioline 100L e 200L. Accessorio compatibile, progettato per uso professionale. Consegna in Svizzera.","og_url":"https:\/\/swixed.ch\/it\/prodotto\/sed14013\/","og_site_name":"Swixed SA","article_publisher":"https:\/\/www.facebook.com\/swixed","article_modified_time":"2026-04-19T10:31:18+00:00","og_image":[{"width":600,"height":600,"url":"https:\/\/swixed.ch\/wp-content\/uploads\/2026\/02\/SED14013-01.png","type":"image\/png"}],"twitter_card":"summary_large_image","twitter_misc":{"Tempo di lettura stimato":"1 minuto"},"schema":{"@context":"https:\/\/schema.org","@graph":[{"@type":"WebPage","@id":"https:\/\/swixed.ch\/it\/prodotto\/sed14013\/","url":"https:\/\/swixed.ch\/it\/prodotto\/sed14013\/","name":"Batteria ECG Cardioline 100L 200L - Accessorio agli ioni di litio | Swixed SA","isPartOf":{"@id":"https:\/\/swixed.ch\/it\/#website"},"primaryImageOfPage":{"@id":"https:\/\/swixed.ch\/it\/prodotto\/sed14013\/#primaryimage"},"image":{"@id":"https:\/\/swixed.ch\/it\/prodotto\/sed14013\/#primaryimage"},"thumbnailUrl":"https:\/\/swixed.ch\/wp-content\/uploads\/2026\/02\/SED14013-01.png","datePublished":"2026-02-01T20:59:23+00:00","dateModified":"2026-04-19T10:31:18+00:00","description":"Batteria di ricambio agli ioni di litio per ECG Cardioline 100L e 200L. Accessorio compatibile, progettato per uso professionale. Consegna in Svizzera.","breadcrumb":{"@id":"https:\/\/swixed.ch\/it\/prodotto\/sed14013\/#breadcrumb"},"inLanguage":"it-IT","potentialAction":[{"@type":"ReadAction","target":["https:\/\/swixed.ch\/it\/prodotto\/sed14013\/"]}]},{"@type":"ImageObject","inLanguage":"it-IT","@id":"https:\/\/swixed.ch\/it\/prodotto\/sed14013\/#primaryimage","url":"https:\/\/swixed.ch\/wp-content\/uploads\/2026\/02\/SED14013-01.png","contentUrl":"https:\/\/swixed.ch\/wp-content\/uploads\/2026\/02\/SED14013-01.png","width":600,"height":600,"caption":"SED14013"},{"@type":"BreadcrumbList","@id":"https:\/\/swixed.ch\/it\/prodotto\/sed14013\/#breadcrumb","itemListElement":[{"@type":"ListItem","position":1,"name":"Home","item":"https:\/\/swixed.ch\/it\/home\/"},{"@type":"ListItem","position":2,"name":"Negozio","item":"https:\/\/swixed.ch\/it\/shop\/"},{"@type":"ListItem","position":3,"name":"Batteria per ECG Cardioline 100L \/ 200L"}]},{"@type":"WebSite","@id":"https:\/\/swixed.ch\/it\/#website","url":"https:\/\/swixed.ch\/it\/","name":"Swixed SA","description":"Dispositivi elettronici","publisher":{"@id":"https:\/\/swixed.ch\/it\/#organization"},"potentialAction":[{"@type":"SearchAction","target":{"@type":"EntryPoint","urlTemplate":"https:\/\/swixed.ch\/it\/?s={search_term_string}"},"query-input":{"@type":"PropertyValueSpecification","valueRequired":true,"valueName":"search_term_string"}}],"inLanguage":"it-IT"},{"@type":"Organization","@id":"https:\/\/swixed.ch\/it\/#organization","name":"Swixed SA","url":"https:\/\/swixed.ch\/it\/","logo":{"@type":"ImageObject","inLanguage":"it-IT","@id":"https:\/\/swixed.ch\/it\/#\/schema\/logo\/image\/","url":"https:\/\/swixed.ch\/wp-content\/uploads\/logos\/swixed-logo-lite.png","contentUrl":"https:\/\/swixed.ch\/wp-content\/uploads\/logos\/swixed-logo-lite.png","width":696,"height":696,"caption":"Swixed SA"},"image":{"@id":"https:\/\/swixed.ch\/it\/#\/schema\/logo\/image\/"},"sameAs":["https:\/\/www.facebook.com\/swixed","https:\/\/www.linkedin.com\/company\/swixed","https:\/\/www.youtube.com\/@swixedsa"],"description":"Swixed SA est une entreprise suisse bas\u00e9e \u00e0 Gen\u00e8ve, sp\u00e9cialis\u00e9e dans la vente, la location et la maintenance d\u2019appareils m\u00e9dicaux professionnels, tels que d\u00e9fibrillateurs AED, \u00e9lectrocardiographes, moniteurs patient et dispositifs de diagnostic.","email":"infoshop@swixed.ch","telephone":"+41 22 566 11 95","legalName":"Swixed SA","foundingDate":"2021-03-01","numberOfEmployees":{"@type":"QuantitativeValue","minValue":"1","maxValue":"10"}}]}},"_links":{"self":[{"href":"https:\/\/swixed.ch\/it\/wp-json\/wp\/v2\/product\/61776","targetHints":{"allow":["GET"]}}],"collection":[{"href":"https:\/\/swixed.ch\/it\/wp-json\/wp\/v2\/product"}],"about":[{"href":"https:\/\/swixed.ch\/it\/wp-json\/wp\/v2\/types\/product"}],"version-history":[{"count":0,"href":"https:\/\/swixed.ch\/it\/wp-json\/wp\/v2\/product\/61776\/revisions"}],"wp:featuredmedia":[{"embeddable":true,"href":"https:\/\/swixed.ch\/it\/wp-json\/wp\/v2\/media\/61779"}],"wp:attachment":[{"href":"https:\/\/swixed.ch\/it\/wp-json\/wp\/v2\/media?parent=61776"}],"wp:term":[{"taxonomy":"product_brand","embeddable":true,"href":"https:\/\/swixed.ch\/it\/wp-json\/wp\/v2\/product_brand?post=61776"},{"taxonomy":"product_cat","embeddable":true,"href":"https:\/\/swixed.ch\/it\/wp-json\/wp\/v2\/product_cat?post=61776"},{"taxonomy":"product_tag","embeddable":true,"href":"https:\/\/swixed.ch\/it\/wp-json\/wp\/v2\/product_tag?post=61776"}],"curies":[{"name":"wp","href":"https:\/\/api.w.org\/{rel}","templated":true}]}}