{"id":61803,"date":"2026-02-02T07:55:28","date_gmt":"2026-02-02T06:55:28","guid":{"rendered":"https:\/\/swixed.ch\/?post_type=product&#038;p=61803"},"modified":"2026-04-19T13:56:59","modified_gmt":"2026-04-19T12:56:59","slug":"sed14019","status":"publish","type":"product","link":"https:\/\/swixed.ch\/it\/prodotto\/sed14019\/","title":{"rendered":"Cavo paziente con clip per ECG Cardioline"},"content":{"rendered":"\t\t<div data-elementor-type=\"product-post\" data-elementor-id=\"61803\" class=\"elementor elementor-61803 elementor-61801\" data-elementor-post-type=\"product\">\n\t\t\t\t<div class=\"elementor-element elementor-element-1c8d12e e-con-full e-flex e-con e-parent\" data-id=\"1c8d12e\" data-element_type=\"container\" data-e-type=\"container\">\n\t\t<div class=\"elementor-element elementor-element-363bd6f e-con-full e-flex e-con e-child\" data-id=\"363bd6f\" data-element_type=\"container\" data-e-type=\"container\">\n\t\t\t\t<div class=\"elementor-element elementor-element-b6d3e52 elementor-widget elementor-widget-heading\" data-id=\"b6d3e52\" data-element_type=\"widget\" data-e-type=\"widget\" data-widget_type=\"heading.default\">\n\t\t\t\t\t<h2 class=\"elementor-heading-title elementor-size-default\">Caratteristiche principali<\/h2>\t\t\t\t<\/div>\n\t\t\t\t<div class=\"elementor-element elementor-element-3661e64 elementor-widget elementor-widget-text-editor\" data-id=\"3661e64\" data-element_type=\"widget\" data-e-type=\"widget\" data-widget_type=\"text-editor.default\">\n\t\t\t\t\t\t\t\t\t<p>Il cavo paziente Cardioline ECG con clip collega gli elettrodi a un elettrocardiografo compatibile. Raccoglie e trasmette il segnale cardiaco durante una registrazione a 12 derivazioni. Inoltre, i connettori con codice colore consentono di identificare facilmente ogni elettrodo quando lo si collega e il cavo \u00e8 disponibile in due versioni a seconda della configurazione: a banana o a scatto. Pu\u00f2 essere adattato ai diversi tipi di elettrodi disponibili sul mercato.   <\/p><p>Caratteristiche principali:<\/p><ul><li>Compatibilit\u00e0 con ECG Cardioline 100L, 100S, 200L e 200S<\/li><li>Acquisizione dell&#8217;ECG a 12 derivazioni<\/li><li>Connettori per elettrodi con codice colore<\/li><li>Versione con tappi a banana o a scatto<\/li><li>Lunghezza del cavo: 1 metro<\/li><\/ul><p><br>Inoltre, questo accessorio si collega direttamente all&#8217;unit\u00e0, senza alcuna regolazione preliminare. <a href=\"https:\/\/swixed.ch\/it\/categoria-prodotto\/elettrocardiografi\/accessori-elettrocardiografi\/?brand=cardioline\">Clicca qui per vedere tutti gli accessori ECG Cardioline disponibili<\/a>.<\/p>\t\t\t\t\t\t\t\t<\/div>\n\t\t\t\t<div class=\"elementor-element elementor-element-f7b75ab elementor-widget elementor-widget-heading\" data-id=\"f7b75ab\" data-element_type=\"widget\" data-e-type=\"widget\" data-widget_type=\"heading.default\">\n\t\t\t\t\t<h2 class=\"elementor-heading-title elementor-size-default\">Caratteristiche<\/h2>\t\t\t\t<\/div>\n\t\t\t\t<div class=\"elementor-element elementor-element-a87cd59 elementor-widget elementor-widget-text-editor\" data-id=\"a87cd59\" data-element_type=\"widget\" data-e-type=\"widget\" data-widget_type=\"text-editor.default\">\n\t\t\t\t\t\t\t\t\t<p>Il cavo paziente ECG Cardioline con clip trasmette i segnali tra gli elettrodi e l&#8217;unit\u00e0. Ogni connettore \u00e8 dotato di un preciso codice colore che consente di identificare rapidamente ogni elettrocatetere. In questo modo il collegamento \u00e8 facile e veloce, anche nelle situazioni quotidiane.<br>La lunghezza di 1 metro riduce anche l&#8217;ingombro della postazione di lavoro. Allo stesso tempo, offre una portata utile per le consuete posizioni di esame. Inoltre, il cavo \u00e8 disponibile nelle versioni a banana o a scatto, in modo da poter essere utilizzato con diversi tipi di elettrodi.    <\/p><p>Caratteristiche dettagliate:<\/p><ul><li>Trasmissione simultanea di un segnale ECG a 12 canali<\/li><li>Codifica a colori per identificare ogni ramo senza errori<\/li><li>Due tipi di connettore: a banana e a scatto<\/li><li>Lunghezza di 1 metro per le stazioni d&#8217;esame standard<\/li><li>Pronto all&#8217;uso, non \u00e8 necessario il montaggio<\/li><\/ul><p><br>Infine, l&#8217;accessorio non richiede strumenti per essere collegato.<\/p>\t\t\t\t\t\t\t\t<\/div>\n\t\t\t\t<div class=\"elementor-element elementor-element-f174e1d elementor-widget elementor-widget-heading\" data-id=\"f174e1d\" data-element_type=\"widget\" data-e-type=\"widget\" data-widget_type=\"heading.default\">\n\t\t\t\t\t<h2 class=\"elementor-heading-title elementor-size-default\">Utilizzo, conformit\u00e0 e raccomandazioni<\/h2>\t\t\t\t<\/div>\n\t\t\t\t<div class=\"elementor-element elementor-element-eef170d elementor-widget elementor-widget-text-editor\" data-id=\"eef170d\" data-element_type=\"widget\" data-e-type=\"widget\" data-widget_type=\"text-editor.default\">\n\t\t\t\t\t\t\t\t\t<p>Il cavo paziente Cardioline ECG con clip pu\u00f2 essere collegato solo a un elettrocardiografo compatibile. Pertanto, forma un&#8217;unit\u00e0 con un dispositivo medico soggetto alle attuali normative svizzere. <\/p><p>In Svizzera, le norme che regolano i dispositivi medici e i loro accessori sono contenute nell&#8217;Ordinanza sui Dispositivi Medici (ODim \/ MedDO). Swissmedic supervisiona la commercializzazione e il monitoraggio di questi prodotti. Inoltre, l&#8217;Ufficio federale della sanit\u00e0 pubblica (UFSP) fornisce informazioni utili agli operatori sanitari.  <br>\t\t<div data-elementor-type=\"widget\" data-elementor-id=\"60301\" class=\"elementor elementor-60301 elementor-60240 elementor-60240\" data-elementor-post-type=\"elementor_library\">\n\t\t\t\t\t\t<div class=\"elementor-element elementor-element-60240 elementor-widget elementor-widget-text-editor\" data-id=\"60240\" data-element_type=\"widget\" data-e-type=\"widget\" data-widget_type=\"text-editor.default\">\n\t\t\t\t\t\t\t\t\t<p>Per maggiori informazioni, consulta :<\/p><ul><li><a href=\"https:\/\/www.bag.admin.ch\" target=\"_blank\" rel=\"noopener\">Ufficio federale della sanit\u00e0 pubblica (UFSP)<\/a><\/li><li><a href=\"https:\/\/www.switec.info\" target=\"_blank\" rel=\"noopener\">Centro d&#8217;informazione svizzero per le norme tecniche (Switec)<\/a><\/li><\/ul><p><br>I nostri dispositivi medici hanno un rappresentante autorizzato in Svizzera (CH-REP), in conformit\u00e0 con l&#8217;attuale legislazione svizzera sui dispositivi medici.<\/p>\t\t\t\t\t\t\t\t<\/div>\n\t\t\t\t<\/div>\n\t\t<\/p>\t\t\t\t\t\t\t\t<\/div>\n\t\t\t\t<div class=\"elementor-element elementor-element-fd79b31 elementor-widget elementor-widget-heading\" data-id=\"fd79b31\" data-element_type=\"widget\" data-e-type=\"widget\" data-widget_type=\"heading.default\">\n\t\t\t\t\t<h2 class=\"elementor-heading-title elementor-size-default\">Contenuto<\/h2>\t\t\t\t<\/div>\n\t\t\t\t<div class=\"elementor-element elementor-element-fbf8938 elementor-widget elementor-widget-text-editor\" data-id=\"fbf8938\" data-element_type=\"widget\" data-e-type=\"widget\" data-widget_type=\"text-editor.default\">\n\t\t\t\t\t\t\t\t\t<p>Il cavo paziente ECG Cardioline con clip arriva pronto all&#8217;uso. Si collega direttamente a un elettrocardiografo compatibile, senza alcun assemblaggio o regolazione preliminare. Quindi aggiungere questo accessorio a un&#8217;installazione esistente \u00e8 facile e veloce.  <br><br>Contenuto della confezione :<\/p><ul><li>1 \u00d7 cavo paziente con clip per ECG Cardioline, compatibile con i modelli 100L, 100S, 200L e 200S<\/li><\/ul>\t\t\t\t\t\t\t\t<\/div>\n\t\t\t\t<\/div>\n\t\t\t\t<\/div>\n\t\t\t\t<\/div>\n\t\t","protected":false},"excerpt":{"rendered":"<p>Il cavo paziente ECG a pressione Cardioline \u00e8 un accessorio per la registrazione dell&#8217;ECG a 12 derivazioni con i sistemi Cardioline 100L, 100S, 200L e 200S. \u00c8 dotato di connettori per elettrodi a scatto con codice colore. Inoltre, la sua lunghezza di 1,5 metri facilita l&#8217;installazione degli elettrodi in un ambiente professionale e garantisce una connessione affidabile con l&#8217;elettrocardiografo compatibile.  <\/p>\n","protected":false},"featured_media":61806,"template":"","meta":{"_acf_changed":false},"product_brand":[7890],"product_cat":[1197,966],"product_tag":[4490,7709,7830,4483,7821,7822,7894,7823,6743,7804],"class_list":{"0":"post-61803","1":"product","2":"type-product","3":"status-publish","4":"has-post-thumbnail","6":"product_brand-cardiolina","7":"product_cat-accessori-elettrocardiografi","8":"product_cat-elettrocardiografi","9":"product_tag-accessorio-ecg","10":"product_tag-acquisizione-dellecg","11":"product_tag-cavo-di-pressione","12":"product_tag-cavo-ecg","13":"product_tag-cavo-paziente-ecg","14":"product_tag-collegamento-ecg","15":"product_tag-compatibile-con-cardioline","16":"product_tag-connettivita-ecg","17":"product_tag-manutenzione-dellecg","18":"product_tag-pezzo-di-ricambio-per-ecg","20":"first","21":"instock","22":"taxable","23":"shipping-taxable","24":"purchasable","25":"product-type-simple"},"acf":[],"yoast_head":"<!-- This site is optimized with the Yoast SEO Premium plugin v27.4 (Yoast SEO v27.4) - https:\/\/yoast.com\/product\/yoast-seo-premium-wordpress\/ -->\n<title>Cavo paziente a pressione per ECG Cardioline | Swixed SA<\/title>\n<meta name=\"description\" content=\"Cavo per la pressione del paziente per Cardioline ECG compatibile 100L, 100S, 200L e 200S. Accessorio per ECG a 12 derivazioni con connettori colorati.\" \/>\n<meta name=\"robots\" content=\"index, follow, max-snippet:-1, max-image-preview:large, max-video-preview:-1\" \/>\n<link rel=\"canonical\" href=\"https:\/\/swixed.ch\/it\/prodotto\/sed14019\/\" \/>\n<meta property=\"og:locale\" content=\"it_IT\" \/>\n<meta property=\"og:type\" content=\"article\" \/>\n<meta property=\"og:title\" content=\"Cavo paziente con clip per ECG Cardioline\" \/>\n<meta property=\"og:description\" content=\"Cavo per la pressione del paziente per Cardioline ECG compatibile 100L, 100S, 200L e 200S. Accessorio per ECG a 12 derivazioni con connettori colorati.\" \/>\n<meta property=\"og:url\" content=\"https:\/\/swixed.ch\/it\/prodotto\/sed14019\/\" \/>\n<meta property=\"og:site_name\" content=\"Swixed SA\" \/>\n<meta property=\"article:publisher\" content=\"https:\/\/www.facebook.com\/swixed\" \/>\n<meta property=\"article:modified_time\" content=\"2026-04-19T12:56:59+00:00\" \/>\n<meta property=\"og:image\" content=\"https:\/\/swixed.ch\/wp-content\/uploads\/2026\/01\/SED14019-01.png\" \/>\n\t<meta property=\"og:image:width\" content=\"600\" \/>\n\t<meta property=\"og:image:height\" content=\"600\" \/>\n\t<meta property=\"og:image:type\" content=\"image\/png\" \/>\n<meta name=\"twitter:card\" content=\"summary_large_image\" \/>\n<meta name=\"twitter:label1\" content=\"Tempo di lettura stimato\" \/>\n\t<meta name=\"twitter:data1\" content=\"2 minuti\" \/>\n<script type=\"application\/ld+json\" class=\"yoast-schema-graph\">{\"@context\":\"https:\\\/\\\/schema.org\",\"@graph\":[{\"@type\":\"WebPage\",\"@id\":\"https:\\\/\\\/swixed.ch\\\/it\\\/prodotto\\\/sed14019\\\/\",\"url\":\"https:\\\/\\\/swixed.ch\\\/it\\\/prodotto\\\/sed14019\\\/\",\"name\":\"Cavo paziente a pressione per ECG Cardioline | Swixed SA\",\"isPartOf\":{\"@id\":\"https:\\\/\\\/swixed.ch\\\/it\\\/#website\"},\"primaryImageOfPage\":{\"@id\":\"https:\\\/\\\/swixed.ch\\\/it\\\/prodotto\\\/sed14019\\\/#primaryimage\"},\"image\":{\"@id\":\"https:\\\/\\\/swixed.ch\\\/it\\\/prodotto\\\/sed14019\\\/#primaryimage\"},\"thumbnailUrl\":\"https:\\\/\\\/swixed.ch\\\/wp-content\\\/uploads\\\/2026\\\/01\\\/SED14019-01.png\",\"datePublished\":\"2026-02-02T06:55:28+00:00\",\"dateModified\":\"2026-04-19T12:56:59+00:00\",\"description\":\"Cavo per la pressione del paziente per Cardioline ECG compatibile 100L, 100S, 200L e 200S. Accessorio per ECG a 12 derivazioni con connettori colorati.\",\"breadcrumb\":{\"@id\":\"https:\\\/\\\/swixed.ch\\\/it\\\/prodotto\\\/sed14019\\\/#breadcrumb\"},\"inLanguage\":\"it-IT\",\"potentialAction\":[{\"@type\":\"ReadAction\",\"target\":[\"https:\\\/\\\/swixed.ch\\\/it\\\/prodotto\\\/sed14019\\\/\"]}]},{\"@type\":\"ImageObject\",\"inLanguage\":\"it-IT\",\"@id\":\"https:\\\/\\\/swixed.ch\\\/it\\\/prodotto\\\/sed14019\\\/#primaryimage\",\"url\":\"https:\\\/\\\/swixed.ch\\\/wp-content\\\/uploads\\\/2026\\\/01\\\/SED14019-01.png\",\"contentUrl\":\"https:\\\/\\\/swixed.ch\\\/wp-content\\\/uploads\\\/2026\\\/01\\\/SED14019-01.png\",\"width\":600,\"height\":600,\"caption\":\"SED14019\"},{\"@type\":\"BreadcrumbList\",\"@id\":\"https:\\\/\\\/swixed.ch\\\/it\\\/prodotto\\\/sed14019\\\/#breadcrumb\",\"itemListElement\":[{\"@type\":\"ListItem\",\"position\":1,\"name\":\"Home\",\"item\":\"https:\\\/\\\/swixed.ch\\\/it\\\/home\\\/\"},{\"@type\":\"ListItem\",\"position\":2,\"name\":\"Negozio\",\"item\":\"https:\\\/\\\/swixed.ch\\\/it\\\/shop\\\/\"},{\"@type\":\"ListItem\",\"position\":3,\"name\":\"Cavo paziente con clip per ECG Cardioline\"}]},{\"@type\":\"WebSite\",\"@id\":\"https:\\\/\\\/swixed.ch\\\/it\\\/#website\",\"url\":\"https:\\\/\\\/swixed.ch\\\/it\\\/\",\"name\":\"Swixed SA\",\"description\":\"Dispositivi elettronici\",\"publisher\":{\"@id\":\"https:\\\/\\\/swixed.ch\\\/it\\\/#organization\"},\"potentialAction\":[{\"@type\":\"SearchAction\",\"target\":{\"@type\":\"EntryPoint\",\"urlTemplate\":\"https:\\\/\\\/swixed.ch\\\/it\\\/?s={search_term_string}\"},\"query-input\":{\"@type\":\"PropertyValueSpecification\",\"valueRequired\":true,\"valueName\":\"search_term_string\"}}],\"inLanguage\":\"it-IT\"},{\"@type\":\"Organization\",\"@id\":\"https:\\\/\\\/swixed.ch\\\/it\\\/#organization\",\"name\":\"Swixed SA\",\"url\":\"https:\\\/\\\/swixed.ch\\\/it\\\/\",\"logo\":{\"@type\":\"ImageObject\",\"inLanguage\":\"it-IT\",\"@id\":\"https:\\\/\\\/swixed.ch\\\/it\\\/#\\\/schema\\\/logo\\\/image\\\/\",\"url\":\"https:\\\/\\\/swixed.ch\\\/wp-content\\\/uploads\\\/logos\\\/swixed-logo-lite.png\",\"contentUrl\":\"https:\\\/\\\/swixed.ch\\\/wp-content\\\/uploads\\\/logos\\\/swixed-logo-lite.png\",\"width\":696,\"height\":696,\"caption\":\"Swixed SA\"},\"image\":{\"@id\":\"https:\\\/\\\/swixed.ch\\\/it\\\/#\\\/schema\\\/logo\\\/image\\\/\"},\"sameAs\":[\"https:\\\/\\\/www.facebook.com\\\/swixed\",\"https:\\\/\\\/www.linkedin.com\\\/company\\\/swixed\",\"https:\\\/\\\/www.youtube.com\\\/@swixedsa\"],\"description\":\"Swixed SA est une entreprise suisse bas\u00e9e \u00e0 Gen\u00e8ve, sp\u00e9cialis\u00e9e dans la vente, la location et la maintenance d\u2019appareils m\u00e9dicaux professionnels, tels que d\u00e9fibrillateurs AED, \u00e9lectrocardiographes, moniteurs patient et dispositifs de diagnostic.\",\"email\":\"infoshop@swixed.ch\",\"telephone\":\"+41 22 566 11 95\",\"legalName\":\"Swixed SA\",\"foundingDate\":\"2021-03-01\",\"numberOfEmployees\":{\"@type\":\"QuantitativeValue\",\"minValue\":\"1\",\"maxValue\":\"10\"}}]}<\/script>\n<!-- \/ Yoast SEO Premium plugin. -->","yoast_head_json":{"title":"Cavo paziente a pressione per ECG Cardioline | Swixed SA","description":"Cavo per la pressione del paziente per Cardioline ECG compatibile 100L, 100S, 200L e 200S. Accessorio per ECG a 12 derivazioni con connettori colorati.","robots":{"index":"index","follow":"follow","max-snippet":"max-snippet:-1","max-image-preview":"max-image-preview:large","max-video-preview":"max-video-preview:-1"},"canonical":"https:\/\/swixed.ch\/it\/prodotto\/sed14019\/","og_locale":"it_IT","og_type":"article","og_title":"Cavo paziente con clip per ECG Cardioline","og_description":"Cavo per la pressione del paziente per Cardioline ECG compatibile 100L, 100S, 200L e 200S. Accessorio per ECG a 12 derivazioni con connettori colorati.","og_url":"https:\/\/swixed.ch\/it\/prodotto\/sed14019\/","og_site_name":"Swixed SA","article_publisher":"https:\/\/www.facebook.com\/swixed","article_modified_time":"2026-04-19T12:56:59+00:00","og_image":[{"width":600,"height":600,"url":"https:\/\/swixed.ch\/wp-content\/uploads\/2026\/01\/SED14019-01.png","type":"image\/png"}],"twitter_card":"summary_large_image","twitter_misc":{"Tempo di lettura stimato":"2 minuti"},"schema":{"@context":"https:\/\/schema.org","@graph":[{"@type":"WebPage","@id":"https:\/\/swixed.ch\/it\/prodotto\/sed14019\/","url":"https:\/\/swixed.ch\/it\/prodotto\/sed14019\/","name":"Cavo paziente a pressione per ECG Cardioline | Swixed SA","isPartOf":{"@id":"https:\/\/swixed.ch\/it\/#website"},"primaryImageOfPage":{"@id":"https:\/\/swixed.ch\/it\/prodotto\/sed14019\/#primaryimage"},"image":{"@id":"https:\/\/swixed.ch\/it\/prodotto\/sed14019\/#primaryimage"},"thumbnailUrl":"https:\/\/swixed.ch\/wp-content\/uploads\/2026\/01\/SED14019-01.png","datePublished":"2026-02-02T06:55:28+00:00","dateModified":"2026-04-19T12:56:59+00:00","description":"Cavo per la pressione del paziente per Cardioline ECG compatibile 100L, 100S, 200L e 200S. Accessorio per ECG a 12 derivazioni con connettori colorati.","breadcrumb":{"@id":"https:\/\/swixed.ch\/it\/prodotto\/sed14019\/#breadcrumb"},"inLanguage":"it-IT","potentialAction":[{"@type":"ReadAction","target":["https:\/\/swixed.ch\/it\/prodotto\/sed14019\/"]}]},{"@type":"ImageObject","inLanguage":"it-IT","@id":"https:\/\/swixed.ch\/it\/prodotto\/sed14019\/#primaryimage","url":"https:\/\/swixed.ch\/wp-content\/uploads\/2026\/01\/SED14019-01.png","contentUrl":"https:\/\/swixed.ch\/wp-content\/uploads\/2026\/01\/SED14019-01.png","width":600,"height":600,"caption":"SED14019"},{"@type":"BreadcrumbList","@id":"https:\/\/swixed.ch\/it\/prodotto\/sed14019\/#breadcrumb","itemListElement":[{"@type":"ListItem","position":1,"name":"Home","item":"https:\/\/swixed.ch\/it\/home\/"},{"@type":"ListItem","position":2,"name":"Negozio","item":"https:\/\/swixed.ch\/it\/shop\/"},{"@type":"ListItem","position":3,"name":"Cavo paziente con clip per ECG Cardioline"}]},{"@type":"WebSite","@id":"https:\/\/swixed.ch\/it\/#website","url":"https:\/\/swixed.ch\/it\/","name":"Swixed SA","description":"Dispositivi elettronici","publisher":{"@id":"https:\/\/swixed.ch\/it\/#organization"},"potentialAction":[{"@type":"SearchAction","target":{"@type":"EntryPoint","urlTemplate":"https:\/\/swixed.ch\/it\/?s={search_term_string}"},"query-input":{"@type":"PropertyValueSpecification","valueRequired":true,"valueName":"search_term_string"}}],"inLanguage":"it-IT"},{"@type":"Organization","@id":"https:\/\/swixed.ch\/it\/#organization","name":"Swixed SA","url":"https:\/\/swixed.ch\/it\/","logo":{"@type":"ImageObject","inLanguage":"it-IT","@id":"https:\/\/swixed.ch\/it\/#\/schema\/logo\/image\/","url":"https:\/\/swixed.ch\/wp-content\/uploads\/logos\/swixed-logo-lite.png","contentUrl":"https:\/\/swixed.ch\/wp-content\/uploads\/logos\/swixed-logo-lite.png","width":696,"height":696,"caption":"Swixed SA"},"image":{"@id":"https:\/\/swixed.ch\/it\/#\/schema\/logo\/image\/"},"sameAs":["https:\/\/www.facebook.com\/swixed","https:\/\/www.linkedin.com\/company\/swixed","https:\/\/www.youtube.com\/@swixedsa"],"description":"Swixed SA est une entreprise suisse bas\u00e9e \u00e0 Gen\u00e8ve, sp\u00e9cialis\u00e9e dans la vente, la location et la maintenance d\u2019appareils m\u00e9dicaux professionnels, tels que d\u00e9fibrillateurs AED, \u00e9lectrocardiographes, moniteurs patient et dispositifs de diagnostic.","email":"infoshop@swixed.ch","telephone":"+41 22 566 11 95","legalName":"Swixed SA","foundingDate":"2021-03-01","numberOfEmployees":{"@type":"QuantitativeValue","minValue":"1","maxValue":"10"}}]}},"_links":{"self":[{"href":"https:\/\/swixed.ch\/it\/wp-json\/wp\/v2\/product\/61803","targetHints":{"allow":["GET"]}}],"collection":[{"href":"https:\/\/swixed.ch\/it\/wp-json\/wp\/v2\/product"}],"about":[{"href":"https:\/\/swixed.ch\/it\/wp-json\/wp\/v2\/types\/product"}],"version-history":[{"count":1,"href":"https:\/\/swixed.ch\/it\/wp-json\/wp\/v2\/product\/61803\/revisions"}],"predecessor-version":[{"id":62780,"href":"https:\/\/swixed.ch\/it\/wp-json\/wp\/v2\/product\/61803\/revisions\/62780"}],"wp:featuredmedia":[{"embeddable":true,"href":"https:\/\/swixed.ch\/it\/wp-json\/wp\/v2\/media\/61806"}],"wp:attachment":[{"href":"https:\/\/swixed.ch\/it\/wp-json\/wp\/v2\/media?parent=61803"}],"wp:term":[{"taxonomy":"product_brand","embeddable":true,"href":"https:\/\/swixed.ch\/it\/wp-json\/wp\/v2\/product_brand?post=61803"},{"taxonomy":"product_cat","embeddable":true,"href":"https:\/\/swixed.ch\/it\/wp-json\/wp\/v2\/product_cat?post=61803"},{"taxonomy":"product_tag","embeddable":true,"href":"https:\/\/swixed.ch\/it\/wp-json\/wp\/v2\/product_tag?post=61803"}],"curies":[{"name":"wp","href":"https:\/\/api.w.org\/{rel}","templated":true}]}}