{"id":61820,"date":"2026-02-02T18:21:48","date_gmt":"2026-02-02T17:21:48","guid":{"rendered":"https:\/\/swixed.ch\/?post_type=product&#038;p=61820"},"modified":"2026-04-19T11:29:01","modified_gmt":"2026-04-19T10:29:01","slug":"sed14020","status":"publish","type":"product","link":"https:\/\/swixed.ch\/it\/prodotto\/sed14020\/","title":{"rendered":"Cavo paziente con connettore a banana per ECG Cardioline"},"content":{"rendered":"\t\t<div data-elementor-type=\"product-post\" data-elementor-id=\"61820\" class=\"elementor elementor-61820 elementor-61818\" data-elementor-post-type=\"product\">\n\t\t\t\t<div class=\"elementor-element elementor-element-1c8d12e e-con-full e-flex e-con e-parent\" data-id=\"1c8d12e\" data-element_type=\"container\" data-e-type=\"container\">\n\t\t<div class=\"elementor-element elementor-element-363bd6f e-con-full e-flex e-con e-child\" data-id=\"363bd6f\" data-element_type=\"container\" data-e-type=\"container\">\n\t\t\t\t<div class=\"elementor-element elementor-element-b6d3e52 elementor-widget elementor-widget-heading\" data-id=\"b6d3e52\" data-element_type=\"widget\" data-e-type=\"widget\" data-widget_type=\"heading.default\">\n\t\t\t\t\t<h2 class=\"elementor-heading-title elementor-size-default\">Caratteristiche principali<\/h2>\t\t\t\t<\/div>\n\t\t\t\t<div class=\"elementor-element elementor-element-3661e64 elementor-widget elementor-widget-text-editor\" data-id=\"3661e64\" data-element_type=\"widget\" data-e-type=\"widget\" data-widget_type=\"text-editor.default\">\n\t\t\t\t\t\t\t\t\t<p>Questo cavo paziente con spina a banana per ECG Cardioline \u00e8 stato progettato per essere utilizzato con la gamma di elettrocardiografi a riposo Cardioline. Utilizza spine a banana da 4 mm e un connettore IEC. Entrambi sono caratteristiche comuni delle apparecchiature ECG professionali. Inoltre, il suo design privo di lattice soddisfa i requisiti abituali degli ambienti medici e i cavi hanno lunghezze diverse a seconda del loro ruolo. I cavi hanno lunghezze diverse a seconda del loro ruolo, in modo che gli elettrodi possano essere posizionati in modo ordinato e chiaro intorno al paziente.    <\/p><p>Specifiche tecniche:<\/p><ul><li>Cavo paziente a 10 fili per 12 derivazioni ECG<\/li><li>Collegamento tramite connettori a banana da 4 mm<\/li><li>Connettore principale di tipo IEC<\/li><li>Lunghezza del cavo principale: 180 cm<\/li><li>Lunghezza del filo di confine: 120 cm<\/li><li>Lunghezza della sonda precordiale: 70 cm<\/li><li>Design senza lattice<\/li><li>Intervallo di temperatura: da 10\u00b0C a 40\u00b0C<\/li><li>Umidit\u00e0 relativa consentita: dal 25% al 95%.<\/li><\/ul>\t\t\t\t\t\t\t\t<\/div>\n\t\t\t\t<div class=\"elementor-element elementor-element-08b65ef elementor-widget elementor-widget-heading\" data-id=\"08b65ef\" data-element_type=\"widget\" data-e-type=\"widget\" data-widget_type=\"heading.default\">\n\t\t\t\t\t<h2 class=\"elementor-heading-title elementor-size-default\">Caratteristiche<\/h2>\t\t\t\t<\/div>\n\t\t\t\t<div class=\"elementor-element elementor-element-811ab87 elementor-widget elementor-widget-text-editor\" data-id=\"811ab87\" data-element_type=\"widget\" data-e-type=\"widget\" data-widget_type=\"text-editor.default\">\n\t\t\t\t\t\t\t\t\t<p>Questo cavo collega gli elettrodi alla macchina ECG durante gli esami a riposo. \u00c8 compatibile con i modelli Cardioline 100L, 100S, 200L, 200S, 100+, 200+, AR600, AR1200 e AR2100.<br>I suoi 10 fili consentono di ottenere 12 derivazioni ECG contemporaneamente. Inoltre, le spine a banana da 4 mm e il connettore IEC garantiscono la compatibilit\u00e0 con le apparecchiature che utilizzano questi standard. I cavi hanno lunghezze separate per ogni segmento. Questo facilita il posizionamento degli elettrodi e riduce il crossover dei cavi. Infine, la struttura senza lattice \u00e8 ideale per le situazioni in cui il lattice non \u00e8 richiesto.     <\/p><p>Compatibilit\u00e0 confermata con i <a href=\"https:\/\/swixed.ch\/it\/shop\/?brand=cardioline\">prodotti Cardioline<\/a>:<\/p><ul><li>ECG Cardioline 100L e 100S<\/li><li>ECG Cardioline 200L e 200S<\/li><li>ECG Cardioline 100+ e 200+<\/li><li>ECG Cardioline AR600<\/li><li>ECG Cardioline AR1200<\/li><li>ECG Cardioline AR2100<\/li><\/ul>\t\t\t\t\t\t\t\t<\/div>\n\t\t\t\t<div class=\"elementor-element elementor-element-f174e1d elementor-widget elementor-widget-heading\" data-id=\"f174e1d\" data-element_type=\"widget\" data-e-type=\"widget\" data-widget_type=\"heading.default\">\n\t\t\t\t\t<h2 class=\"elementor-heading-title elementor-size-default\">Utilizzo, conformit\u00e0 e raccomandazioni<\/h2>\t\t\t\t<\/div>\n\t\t\t\t<div class=\"elementor-element elementor-element-eef170d elementor-widget elementor-widget-text-editor\" data-id=\"eef170d\" data-element_type=\"widget\" data-e-type=\"widget\" data-widget_type=\"text-editor.default\">\n\t\t\t\t\t\t\t\t\t<p>Questo cavo paziente viene utilizzato come accessorio di un dispositivo medico per la registrazione dei segnali ECG. In Svizzera, questo tipo di accessorio \u00e8 soggetto all&#8217;Ordinanza sui Dispositivi Medici (ODim \/ MedDO). L&#8217;autorit\u00e0 competente \u00e8 Swissmedic. Inoltre, i prodotti di questa gamma hanno un rappresentante autorizzato in Svizzera (CH-REP), in conformit\u00e0 con la legge vigente.   <br>\t\t<div data-elementor-type=\"widget\" data-elementor-id=\"60301\" class=\"elementor elementor-60301 elementor-60240 elementor-60240\" data-elementor-post-type=\"elementor_library\">\n\t\t\t\t\t\t<div class=\"elementor-element elementor-element-60240 elementor-widget elementor-widget-text-editor\" data-id=\"60240\" data-element_type=\"widget\" data-e-type=\"widget\" data-widget_type=\"text-editor.default\">\n\t\t\t\t\t\t\t\t\t<p>Per maggiori informazioni, consulta :<\/p><ul><li><a href=\"https:\/\/www.bag.admin.ch\" target=\"_blank\" rel=\"noopener\">Ufficio federale della sanit\u00e0 pubblica (UFSP)<\/a><\/li><li><a href=\"https:\/\/www.switec.info\" target=\"_blank\" rel=\"noopener\">Centro d&#8217;informazione svizzero per le norme tecniche (Switec)<\/a><\/li><\/ul><p><br>I nostri dispositivi medici hanno un rappresentante autorizzato in Svizzera (CH-REP), in conformit\u00e0 con l&#8217;attuale legislazione svizzera sui dispositivi medici.<\/p>\t\t\t\t\t\t\t\t<\/div>\n\t\t\t\t<\/div>\n\t\t<\/p>\t\t\t\t\t\t\t\t<\/div>\n\t\t\t\t<div class=\"elementor-element elementor-element-fd79b31 elementor-widget elementor-widget-heading\" data-id=\"fd79b31\" data-element_type=\"widget\" data-e-type=\"widget\" data-widget_type=\"heading.default\">\n\t\t\t\t\t<h2 class=\"elementor-heading-title elementor-size-default\">Contenuto<\/h2>\t\t\t\t<\/div>\n\t\t\t\t<div class=\"elementor-element elementor-element-fbf8938 elementor-widget elementor-widget-text-editor\" data-id=\"fbf8938\" data-element_type=\"widget\" data-e-type=\"widget\" data-widget_type=\"text-editor.default\">\n\t\t\t\t\t\t\t\t\t<p>Questo cavo viene fornito pronto all&#8217;uso. \u00c8 adatto agli elettrocardiografi Cardioline elencati sopra. Viene utilizzato per collegare gli elettrodi alla macchina ECG durante gli esami a riposo.  <\/p><p>Contenuto della confezione :<\/p><ul><li>1 \u00d7 cavo paziente ECG con connettori a banana da 4 mm (10 derivazioni \/ 12 derivazioni), compatibile con Cardioline ECG 100L, 100S, 200L, 200S, 100+, 200+, AR600, AR1200 e AR2100<\/li><\/ul>\t\t\t\t\t\t\t\t<\/div>\n\t\t\t\t<\/div>\n\t\t\t\t<\/div>\n\t\t\t\t<\/div>\n\t\t","protected":false},"excerpt":{"rendered":"<p>Questo cavo paziente con connettore a banana \u00e8 un accessorio ECG compatibile con gli elettrocardiografi Cardioline 100L, 100S, 200L, 200S, 100+, 200+, AR600, AR1200 e AR2100. Include 10 derivazioni per 12 derivazioni, connettori a banana da 4 mm e un connettore IEC standard. Il suo design privo di lattice soddisfa i requisiti comuni degli ambienti professionali. Lunghezza principale: 180 cm.   <\/p>\n","protected":false},"featured_media":61826,"template":"","meta":{"_acf_changed":false},"product_brand":[7890],"product_cat":[1197,966],"product_tag":[4490,7709,4483,7821,7822,7894,7823,6743,7804,7824],"class_list":{"0":"post-61820","1":"product","2":"type-product","3":"status-publish","4":"has-post-thumbnail","6":"product_brand-cardiolina","7":"product_cat-accessori-elettrocardiografi","8":"product_cat-elettrocardiografi","9":"product_tag-accessorio-ecg","10":"product_tag-acquisizione-dellecg","11":"product_tag-cavo-ecg","12":"product_tag-cavo-paziente-ecg","13":"product_tag-collegamento-ecg","14":"product_tag-compatibile-con-cardioline","15":"product_tag-connettivita-ecg","16":"product_tag-manutenzione-dellecg","17":"product_tag-pezzo-di-ricambio-per-ecg","18":"product_tag-spine-a-banana-da-4-mm-2","20":"first","21":"instock","22":"taxable","23":"shipping-taxable","24":"purchasable","25":"product-type-simple"},"acf":[],"yoast_head":"<!-- This site is optimized with the Yoast SEO Premium plugin v27.4 (Yoast SEO v27.4) - https:\/\/yoast.com\/product\/yoast-seo-premium-wordpress\/ -->\n<title>Cavo paziente con connettori a banana per ECG Cardioline | Swixed SA<\/title>\n<meta name=\"description\" content=\"Cavo paziente ECG con connettori a banana da 4 mm, compatibile con Cardioline 100L, 200L, AR600 e altri. Connettore IEC, senza lattice, 10 derivazioni per 12 derivazioni.\" \/>\n<meta name=\"robots\" content=\"index, follow, max-snippet:-1, max-image-preview:large, max-video-preview:-1\" \/>\n<link rel=\"canonical\" href=\"https:\/\/swixed.ch\/it\/prodotto\/sed14020\/\" \/>\n<meta property=\"og:locale\" content=\"it_IT\" \/>\n<meta property=\"og:type\" content=\"article\" \/>\n<meta property=\"og:title\" content=\"Cavo paziente con connettore a banana per ECG Cardioline\" \/>\n<meta property=\"og:description\" content=\"Cavo paziente ECG con connettori a banana da 4 mm, compatibile con Cardioline 100L, 200L, AR600 e altri. Connettore IEC, senza lattice, 10 derivazioni per 12 derivazioni.\" \/>\n<meta property=\"og:url\" content=\"https:\/\/swixed.ch\/it\/prodotto\/sed14020\/\" \/>\n<meta property=\"og:site_name\" content=\"Swixed SA\" \/>\n<meta property=\"article:publisher\" content=\"https:\/\/www.facebook.com\/swixed\" \/>\n<meta property=\"article:modified_time\" content=\"2026-04-19T10:29:01+00:00\" \/>\n<meta property=\"og:image\" content=\"https:\/\/swixed.ch\/wp-content\/uploads\/2026\/01\/SED14020-01.png\" \/>\n\t<meta property=\"og:image:width\" content=\"600\" \/>\n\t<meta property=\"og:image:height\" content=\"600\" \/>\n\t<meta property=\"og:image:type\" content=\"image\/png\" \/>\n<meta name=\"twitter:card\" content=\"summary_large_image\" \/>\n<meta name=\"twitter:label1\" content=\"Tempo di lettura stimato\" \/>\n\t<meta name=\"twitter:data1\" content=\"2 minuti\" \/>\n<script type=\"application\/ld+json\" class=\"yoast-schema-graph\">{\"@context\":\"https:\\\/\\\/schema.org\",\"@graph\":[{\"@type\":\"WebPage\",\"@id\":\"https:\\\/\\\/swixed.ch\\\/it\\\/prodotto\\\/sed14020\\\/\",\"url\":\"https:\\\/\\\/swixed.ch\\\/it\\\/prodotto\\\/sed14020\\\/\",\"name\":\"Cavo paziente con connettori a banana per ECG Cardioline | Swixed SA\",\"isPartOf\":{\"@id\":\"https:\\\/\\\/swixed.ch\\\/it\\\/#website\"},\"primaryImageOfPage\":{\"@id\":\"https:\\\/\\\/swixed.ch\\\/it\\\/prodotto\\\/sed14020\\\/#primaryimage\"},\"image\":{\"@id\":\"https:\\\/\\\/swixed.ch\\\/it\\\/prodotto\\\/sed14020\\\/#primaryimage\"},\"thumbnailUrl\":\"https:\\\/\\\/swixed.ch\\\/wp-content\\\/uploads\\\/2026\\\/01\\\/SED14020-01.png\",\"datePublished\":\"2026-02-02T17:21:48+00:00\",\"dateModified\":\"2026-04-19T10:29:01+00:00\",\"description\":\"Cavo paziente ECG con connettori a banana da 4 mm, compatibile con Cardioline 100L, 200L, AR600 e altri. Connettore IEC, senza lattice, 10 derivazioni per 12 derivazioni.\",\"breadcrumb\":{\"@id\":\"https:\\\/\\\/swixed.ch\\\/it\\\/prodotto\\\/sed14020\\\/#breadcrumb\"},\"inLanguage\":\"it-IT\",\"potentialAction\":[{\"@type\":\"ReadAction\",\"target\":[\"https:\\\/\\\/swixed.ch\\\/it\\\/prodotto\\\/sed14020\\\/\"]}]},{\"@type\":\"ImageObject\",\"inLanguage\":\"it-IT\",\"@id\":\"https:\\\/\\\/swixed.ch\\\/it\\\/prodotto\\\/sed14020\\\/#primaryimage\",\"url\":\"https:\\\/\\\/swixed.ch\\\/wp-content\\\/uploads\\\/2026\\\/01\\\/SED14020-01.png\",\"contentUrl\":\"https:\\\/\\\/swixed.ch\\\/wp-content\\\/uploads\\\/2026\\\/01\\\/SED14020-01.png\",\"width\":600,\"height\":600,\"caption\":\"SED14020\"},{\"@type\":\"BreadcrumbList\",\"@id\":\"https:\\\/\\\/swixed.ch\\\/it\\\/prodotto\\\/sed14020\\\/#breadcrumb\",\"itemListElement\":[{\"@type\":\"ListItem\",\"position\":1,\"name\":\"Home\",\"item\":\"https:\\\/\\\/swixed.ch\\\/it\\\/home\\\/\"},{\"@type\":\"ListItem\",\"position\":2,\"name\":\"Negozio\",\"item\":\"https:\\\/\\\/swixed.ch\\\/it\\\/shop\\\/\"},{\"@type\":\"ListItem\",\"position\":3,\"name\":\"Cavo paziente con connettore a banana per ECG Cardioline\"}]},{\"@type\":\"WebSite\",\"@id\":\"https:\\\/\\\/swixed.ch\\\/it\\\/#website\",\"url\":\"https:\\\/\\\/swixed.ch\\\/it\\\/\",\"name\":\"Swixed SA\",\"description\":\"Dispositivi elettronici\",\"publisher\":{\"@id\":\"https:\\\/\\\/swixed.ch\\\/it\\\/#organization\"},\"potentialAction\":[{\"@type\":\"SearchAction\",\"target\":{\"@type\":\"EntryPoint\",\"urlTemplate\":\"https:\\\/\\\/swixed.ch\\\/it\\\/?s={search_term_string}\"},\"query-input\":{\"@type\":\"PropertyValueSpecification\",\"valueRequired\":true,\"valueName\":\"search_term_string\"}}],\"inLanguage\":\"it-IT\"},{\"@type\":\"Organization\",\"@id\":\"https:\\\/\\\/swixed.ch\\\/it\\\/#organization\",\"name\":\"Swixed SA\",\"url\":\"https:\\\/\\\/swixed.ch\\\/it\\\/\",\"logo\":{\"@type\":\"ImageObject\",\"inLanguage\":\"it-IT\",\"@id\":\"https:\\\/\\\/swixed.ch\\\/it\\\/#\\\/schema\\\/logo\\\/image\\\/\",\"url\":\"https:\\\/\\\/swixed.ch\\\/wp-content\\\/uploads\\\/logos\\\/swixed-logo-lite.png\",\"contentUrl\":\"https:\\\/\\\/swixed.ch\\\/wp-content\\\/uploads\\\/logos\\\/swixed-logo-lite.png\",\"width\":696,\"height\":696,\"caption\":\"Swixed SA\"},\"image\":{\"@id\":\"https:\\\/\\\/swixed.ch\\\/it\\\/#\\\/schema\\\/logo\\\/image\\\/\"},\"sameAs\":[\"https:\\\/\\\/www.facebook.com\\\/swixed\",\"https:\\\/\\\/www.linkedin.com\\\/company\\\/swixed\",\"https:\\\/\\\/www.youtube.com\\\/@swixedsa\"],\"description\":\"Swixed SA est une entreprise suisse bas\u00e9e \u00e0 Gen\u00e8ve, sp\u00e9cialis\u00e9e dans la vente, la location et la maintenance d\u2019appareils m\u00e9dicaux professionnels, tels que d\u00e9fibrillateurs AED, \u00e9lectrocardiographes, moniteurs patient et dispositifs de diagnostic.\",\"email\":\"infoshop@swixed.ch\",\"telephone\":\"+41 22 566 11 95\",\"legalName\":\"Swixed SA\",\"foundingDate\":\"2021-03-01\",\"numberOfEmployees\":{\"@type\":\"QuantitativeValue\",\"minValue\":\"1\",\"maxValue\":\"10\"}}]}<\/script>\n<!-- \/ Yoast SEO Premium plugin. -->","yoast_head_json":{"title":"Cavo paziente con connettori a banana per ECG Cardioline | Swixed SA","description":"Cavo paziente ECG con connettori a banana da 4 mm, compatibile con Cardioline 100L, 200L, AR600 e altri. Connettore IEC, senza lattice, 10 derivazioni per 12 derivazioni.","robots":{"index":"index","follow":"follow","max-snippet":"max-snippet:-1","max-image-preview":"max-image-preview:large","max-video-preview":"max-video-preview:-1"},"canonical":"https:\/\/swixed.ch\/it\/prodotto\/sed14020\/","og_locale":"it_IT","og_type":"article","og_title":"Cavo paziente con connettore a banana per ECG Cardioline","og_description":"Cavo paziente ECG con connettori a banana da 4 mm, compatibile con Cardioline 100L, 200L, AR600 e altri. Connettore IEC, senza lattice, 10 derivazioni per 12 derivazioni.","og_url":"https:\/\/swixed.ch\/it\/prodotto\/sed14020\/","og_site_name":"Swixed SA","article_publisher":"https:\/\/www.facebook.com\/swixed","article_modified_time":"2026-04-19T10:29:01+00:00","og_image":[{"width":600,"height":600,"url":"https:\/\/swixed.ch\/wp-content\/uploads\/2026\/01\/SED14020-01.png","type":"image\/png"}],"twitter_card":"summary_large_image","twitter_misc":{"Tempo di lettura stimato":"2 minuti"},"schema":{"@context":"https:\/\/schema.org","@graph":[{"@type":"WebPage","@id":"https:\/\/swixed.ch\/it\/prodotto\/sed14020\/","url":"https:\/\/swixed.ch\/it\/prodotto\/sed14020\/","name":"Cavo paziente con connettori a banana per ECG Cardioline | Swixed SA","isPartOf":{"@id":"https:\/\/swixed.ch\/it\/#website"},"primaryImageOfPage":{"@id":"https:\/\/swixed.ch\/it\/prodotto\/sed14020\/#primaryimage"},"image":{"@id":"https:\/\/swixed.ch\/it\/prodotto\/sed14020\/#primaryimage"},"thumbnailUrl":"https:\/\/swixed.ch\/wp-content\/uploads\/2026\/01\/SED14020-01.png","datePublished":"2026-02-02T17:21:48+00:00","dateModified":"2026-04-19T10:29:01+00:00","description":"Cavo paziente ECG con connettori a banana da 4 mm, compatibile con Cardioline 100L, 200L, AR600 e altri. Connettore IEC, senza lattice, 10 derivazioni per 12 derivazioni.","breadcrumb":{"@id":"https:\/\/swixed.ch\/it\/prodotto\/sed14020\/#breadcrumb"},"inLanguage":"it-IT","potentialAction":[{"@type":"ReadAction","target":["https:\/\/swixed.ch\/it\/prodotto\/sed14020\/"]}]},{"@type":"ImageObject","inLanguage":"it-IT","@id":"https:\/\/swixed.ch\/it\/prodotto\/sed14020\/#primaryimage","url":"https:\/\/swixed.ch\/wp-content\/uploads\/2026\/01\/SED14020-01.png","contentUrl":"https:\/\/swixed.ch\/wp-content\/uploads\/2026\/01\/SED14020-01.png","width":600,"height":600,"caption":"SED14020"},{"@type":"BreadcrumbList","@id":"https:\/\/swixed.ch\/it\/prodotto\/sed14020\/#breadcrumb","itemListElement":[{"@type":"ListItem","position":1,"name":"Home","item":"https:\/\/swixed.ch\/it\/home\/"},{"@type":"ListItem","position":2,"name":"Negozio","item":"https:\/\/swixed.ch\/it\/shop\/"},{"@type":"ListItem","position":3,"name":"Cavo paziente con connettore a banana per ECG Cardioline"}]},{"@type":"WebSite","@id":"https:\/\/swixed.ch\/it\/#website","url":"https:\/\/swixed.ch\/it\/","name":"Swixed SA","description":"Dispositivi elettronici","publisher":{"@id":"https:\/\/swixed.ch\/it\/#organization"},"potentialAction":[{"@type":"SearchAction","target":{"@type":"EntryPoint","urlTemplate":"https:\/\/swixed.ch\/it\/?s={search_term_string}"},"query-input":{"@type":"PropertyValueSpecification","valueRequired":true,"valueName":"search_term_string"}}],"inLanguage":"it-IT"},{"@type":"Organization","@id":"https:\/\/swixed.ch\/it\/#organization","name":"Swixed SA","url":"https:\/\/swixed.ch\/it\/","logo":{"@type":"ImageObject","inLanguage":"it-IT","@id":"https:\/\/swixed.ch\/it\/#\/schema\/logo\/image\/","url":"https:\/\/swixed.ch\/wp-content\/uploads\/logos\/swixed-logo-lite.png","contentUrl":"https:\/\/swixed.ch\/wp-content\/uploads\/logos\/swixed-logo-lite.png","width":696,"height":696,"caption":"Swixed SA"},"image":{"@id":"https:\/\/swixed.ch\/it\/#\/schema\/logo\/image\/"},"sameAs":["https:\/\/www.facebook.com\/swixed","https:\/\/www.linkedin.com\/company\/swixed","https:\/\/www.youtube.com\/@swixedsa"],"description":"Swixed SA est une entreprise suisse bas\u00e9e \u00e0 Gen\u00e8ve, sp\u00e9cialis\u00e9e dans la vente, la location et la maintenance d\u2019appareils m\u00e9dicaux professionnels, tels que d\u00e9fibrillateurs AED, \u00e9lectrocardiographes, moniteurs patient et dispositifs de diagnostic.","email":"infoshop@swixed.ch","telephone":"+41 22 566 11 95","legalName":"Swixed SA","foundingDate":"2021-03-01","numberOfEmployees":{"@type":"QuantitativeValue","minValue":"1","maxValue":"10"}}]}},"_links":{"self":[{"href":"https:\/\/swixed.ch\/it\/wp-json\/wp\/v2\/product\/61820","targetHints":{"allow":["GET"]}}],"collection":[{"href":"https:\/\/swixed.ch\/it\/wp-json\/wp\/v2\/product"}],"about":[{"href":"https:\/\/swixed.ch\/it\/wp-json\/wp\/v2\/types\/product"}],"version-history":[{"count":0,"href":"https:\/\/swixed.ch\/it\/wp-json\/wp\/v2\/product\/61820\/revisions"}],"wp:featuredmedia":[{"embeddable":true,"href":"https:\/\/swixed.ch\/it\/wp-json\/wp\/v2\/media\/61826"}],"wp:attachment":[{"href":"https:\/\/swixed.ch\/it\/wp-json\/wp\/v2\/media?parent=61820"}],"wp:term":[{"taxonomy":"product_brand","embeddable":true,"href":"https:\/\/swixed.ch\/it\/wp-json\/wp\/v2\/product_brand?post=61820"},{"taxonomy":"product_cat","embeddable":true,"href":"https:\/\/swixed.ch\/it\/wp-json\/wp\/v2\/product_cat?post=61820"},{"taxonomy":"product_tag","embeddable":true,"href":"https:\/\/swixed.ch\/it\/wp-json\/wp\/v2\/product_tag?post=61820"}],"curies":[{"name":"wp","href":"https:\/\/api.w.org\/{rel}","templated":true}]}}