{"id":62051,"date":"2026-02-04T07:49:23","date_gmt":"2026-02-04T06:49:23","guid":{"rendered":"https:\/\/swixed.ch\/?post_type=product&#038;p=62051"},"modified":"2026-04-19T11:43:32","modified_gmt":"2026-04-19T10:43:32","slug":"sed14022","status":"publish","type":"product","link":"https:\/\/swixed.ch\/it\/prodotto\/sed14022\/","title":{"rendered":"Carrello con braccio per ECG Cardioline 200L \/ 200S \/ 200+"},"content":{"rendered":"\t\t<div data-elementor-type=\"product-post\" data-elementor-id=\"62051\" class=\"elementor elementor-62051 elementor-62049\" data-elementor-post-type=\"product\">\n\t\t\t\t<div class=\"elementor-element elementor-element-4dd358c e-con-full e-flex e-con e-parent\" data-id=\"4dd358c\" data-element_type=\"container\" data-e-type=\"container\">\n\t\t<div class=\"elementor-element elementor-element-3ab347d e-con-full e-flex e-con e-child\" data-id=\"3ab347d\" data-element_type=\"container\" data-e-type=\"container\">\n\t\t\t\t<div class=\"elementor-element elementor-element-4e9ca79 elementor-widget elementor-widget-heading\" data-id=\"4e9ca79\" data-element_type=\"widget\" data-e-type=\"widget\" data-widget_type=\"heading.default\">\n\t\t\t\t\t<h2 class=\"elementor-heading-title elementor-size-default\">Caratteristiche principali<\/h2>\t\t\t\t<\/div>\n\t\t\t\t<div class=\"elementor-element elementor-element-0c426f8 elementor-widget elementor-widget-text-editor\" data-id=\"0c426f8\" data-element_type=\"widget\" data-e-type=\"widget\" data-widget_type=\"text-editor.default\">\n\t\t\t\t\t\t\t\t\t<p>Il carrello ECG Cardioline con braccio \u00e8 stato progettato per accompagnare i modelli 200L, 200S e 200+ in ambito professionale. \u00c8 stato progettato per garantire una stabilit\u00e0 costante all&#8217;elettrocardiografo, facilitando al contempo l&#8217;organizzazione delle apparecchiature associate. In questo modo, ogni elemento contribuisce a creare una postazione di lavoro strutturata e coerente.  <\/p><p>Inoltre, la presenza di un braccio dedicato al cavo del paziente consente di instradare le connessioni in modo controllato. Inoltre, la base mobile garantisce una mobilit\u00e0 controllata tra le stanze, senza compromettere la sicurezza dell&#8217;apparecchiatura. <\/p><p>Caratteristiche principali:<\/p><ul><li>Compatibilit\u00e0 dedicata con gli ECG Cardioline 200L, 200S e 200+<\/li><li>Braccio di supporto per il cavo del paziente<\/li><li>Vassoio con perno di fissaggio per elettrocardiografo<\/li><li>Cestino integrato per gli accessori<\/li><li>Staffa di alimentazione<\/li><li>Ruote di diversi diametri, due con freno<\/li><\/ul>\t\t\t\t\t\t\t\t<\/div>\n\t\t\t\t<div class=\"elementor-element elementor-element-9a8f0f6 elementor-widget elementor-widget-heading\" data-id=\"9a8f0f6\" data-element_type=\"widget\" data-e-type=\"widget\" data-widget_type=\"heading.default\">\n\t\t\t\t\t<h2 class=\"elementor-heading-title elementor-size-default\">Caratteristiche<\/h2>\t\t\t\t<\/div>\n\t\t\t\t<div class=\"elementor-element elementor-element-495a869 elementor-widget elementor-widget-text-editor\" data-id=\"495a869\" data-element_type=\"widget\" data-e-type=\"widget\" data-widget_type=\"text-editor.default\">\n\t\t\t\t\t\t\t\t\t<p>Questo carrello per ECG funge da supporto mobile e contribuisce alla disposizione ordinata delle apparecchiature. La sua struttura metallica e la sua disposizione facilitano il posizionamento dell&#8217;apparecchiatura all&#8217;altezza giusta. Inoltre, le rotelle lo rendono facile da spostare tra le diverse aree di utilizzo.  <\/p><p>Inoltre, il cestino integrato offre uno spazio dedicato agli accessori per l&#8217;ECG, limitando le manipolazioni inutili. In questo modo, l&#8217;intero sistema contribuisce all&#8217;uso razionale delle apparecchiature Cardioline, senza aggiungere funzioni tecniche specifiche dell&#8217;elettrocardiografo. <\/p><p>Caratteristiche principali :<\/p><ul><li>L&#8217;ECG viene tenuto saldamente sul vassoio superiore<\/li><li>Guida del cavo del paziente tramite un braccio dedicato<\/li><li>Facile da spostare grazie alle ruote girevoli e fisse<\/li><li>Organizzazione centralizzata degli accessori per ECG<\/li><\/ul>\t\t\t\t\t\t\t\t<\/div>\n\t\t\t\t<div class=\"elementor-element elementor-element-9eb2bec elementor-widget elementor-widget-heading\" data-id=\"9eb2bec\" data-element_type=\"widget\" data-e-type=\"widget\" data-widget_type=\"heading.default\">\n\t\t\t\t\t<h2 class=\"elementor-heading-title elementor-size-default\">Utilizzo, conformit\u00e0 e raccomandazioni<\/h2>\t\t\t\t<\/div>\n\t\t\t\t<div class=\"elementor-element elementor-element-a701408 elementor-widget elementor-widget-text-editor\" data-id=\"a701408\" data-element_type=\"widget\" data-e-type=\"widget\" data-widget_type=\"text-editor.default\">\n\t\t\t\t\t\t\t\t\t<p>Il carrello ECG Cardioline con braccio \u00e8 classificato come un dispositivo medico accessorio. In quanto tale, rientra nel quadro normativo svizzero applicabile ai dispositivi e ai loro accessori, senza svolgere alcuna funzione di misurazione o analisi.<br>Inoltre, in Svizzera, gli accessori ECG rientrano nel quadro normativo definito dall&#8217;Ufficio Federale della Sanit\u00e0 Pubblica, che pubblica informazioni generali sul loro utilizzo. Infine, il Centro Svizzero di Informazione sui Regolamenti Tecnici fornisce utili risorse tecniche per i professionisti.  <br>\t\t<div data-elementor-type=\"widget\" data-elementor-id=\"60301\" class=\"elementor elementor-60301 elementor-60240 elementor-60240\" data-elementor-post-type=\"elementor_library\">\n\t\t\t\t\t\t<div class=\"elementor-element elementor-element-60240 elementor-widget elementor-widget-text-editor\" data-id=\"60240\" data-element_type=\"widget\" data-e-type=\"widget\" data-widget_type=\"text-editor.default\">\n\t\t\t\t\t\t\t\t\t<p>Per maggiori informazioni, consulta :<\/p><ul><li><a href=\"https:\/\/www.bag.admin.ch\" target=\"_blank\" rel=\"noopener\">Ufficio federale della sanit\u00e0 pubblica (UFSP)<\/a><\/li><li><a href=\"https:\/\/www.switec.info\" target=\"_blank\" rel=\"noopener\">Centro d&#8217;informazione svizzero per le norme tecniche (Switec)<\/a><\/li><\/ul><p><br>I nostri dispositivi medici hanno un rappresentante autorizzato in Svizzera (CH-REP), in conformit\u00e0 con l&#8217;attuale legislazione svizzera sui dispositivi medici.<\/p>\t\t\t\t\t\t\t\t<\/div>\n\t\t\t\t<\/div>\n\t\t<\/p>\t\t\t\t\t\t\t\t<\/div>\n\t\t\t\t<div class=\"elementor-element elementor-element-fb600c9 elementor-widget elementor-widget-heading\" data-id=\"fb600c9\" data-element_type=\"widget\" data-e-type=\"widget\" data-widget_type=\"heading.default\">\n\t\t\t\t\t<h2 class=\"elementor-heading-title elementor-size-default\">Contenuto<\/h2>\t\t\t\t<\/div>\n\t\t\t\t<div class=\"elementor-element elementor-element-6cbacf0 elementor-widget elementor-widget-text-editor\" data-id=\"6cbacf0\" data-element_type=\"widget\" data-e-type=\"widget\" data-widget_type=\"text-editor.default\">\n\t\t\t\t\t\t\t\t\t<p>Questo carrello ECG Cardioline viene fornito pronto all&#8217;uso, con tutti i componenti necessari per utilizzarlo come supporto mobile per un elettrocardiografo compatibile. Pu\u00f2 essere integrato in un ambiente medico professionale, come complemento diretto della macchina ECG. <\/p><p>Contenuto della confezione :<\/p><ul><li>Carrello con struttura mobile<\/li><li>Braccio di supporto per il cavo del paziente<\/li><li>Vassoio con sistema di fissaggio<\/li><li>Cestino per gli accessori<\/li><li>Staffa di alimentazione<\/li><li>Set di ruote montate<\/li><\/ul>\t\t\t\t\t\t\t\t<\/div>\n\t\t\t\t<\/div>\n\t\t\t\t<\/div>\n\t\t\t\t<\/div>\n\t\t","protected":false},"excerpt":{"rendered":"<p>Il carrello per ECG Cardioline 200L, 200S e 200+ con braccio \u00e8 un accessorio funzionale progettato per l&#8217;installazione mobile di elettrocardiografi compatibili. \u00c8 dotato di una struttura stabile, di un braccio di supporto per il cavo del paziente e di un vassoio sicuro per l&#8217;unit\u00e0. Inoltre, la sua base su ruote lo rende facile da spostare tra le diverse aree di lavoro. In definitiva, consente di organizzare in modo razionale la postazione ECG in un ambiente medico.   <\/p>\n","protected":false},"featured_media":62053,"template":"","meta":{"_acf_changed":false},"product_brand":[7890],"product_cat":[1197,966],"product_tag":[4490,3760,5184,7895,4428,4424,7894,7839,7838,7837],"class_list":{"0":"post-62051","1":"product","2":"type-product","3":"status-publish","4":"has-post-thumbnail","6":"product_brand-cardiolina","7":"product_cat-accessori-elettrocardiografi","8":"product_cat-elettrocardiografi","9":"product_tag-accessorio-ecg","10":"product_tag-attrezzature-mediche","11":"product_tag-carrello-a-ruote","12":"product_tag-carrello-con-braccio","13":"product_tag-carrello-medico","14":"product_tag-carrello-per-ecg","15":"product_tag-compatibile-con-cardioline","16":"product_tag-installazione-dellecg","17":"product_tag-mobili-medici","18":"product_tag-supporto-ecg","20":"first","21":"instock","22":"taxable","23":"shipping-taxable","24":"purchasable","25":"product-type-simple"},"acf":[],"yoast_head":"<!-- This site is optimized with the Yoast SEO Premium plugin v27.4 (Yoast SEO v27.4) - https:\/\/yoast.com\/product\/yoast-seo-premium-wordpress\/ -->\n<title>Carrello con braccio per ECG Cardioline 200L, 200S e 200+ | % Swixed SA<\/title>\n<meta name=\"description\" content=\"Carrello con braccio per gli ECG Cardioline 200L, 200S e 200+, progettato per un posizionamento stabile, una mobilit\u00e0 fluida e un&#039;organizzazione funzionale.\" \/>\n<meta name=\"robots\" content=\"index, follow, max-snippet:-1, max-image-preview:large, max-video-preview:-1\" \/>\n<link rel=\"canonical\" href=\"https:\/\/swixed.ch\/it\/prodotto\/sed14022\/\" \/>\n<meta property=\"og:locale\" content=\"it_IT\" \/>\n<meta property=\"og:type\" content=\"article\" \/>\n<meta property=\"og:title\" content=\"Carrello con braccio per ECG Cardioline 200L \/ 200S \/ 200+\" \/>\n<meta property=\"og:description\" content=\"Carrello con braccio per gli ECG Cardioline 200L, 200S e 200+, progettato per un posizionamento stabile, una mobilit\u00e0 fluida e un&#039;organizzazione funzionale.\" \/>\n<meta property=\"og:url\" content=\"https:\/\/swixed.ch\/it\/prodotto\/sed14022\/\" \/>\n<meta property=\"og:site_name\" content=\"Swixed SA\" \/>\n<meta property=\"article:publisher\" content=\"https:\/\/www.facebook.com\/swixed\" \/>\n<meta property=\"article:modified_time\" content=\"2026-04-19T10:43:32+00:00\" \/>\n<meta property=\"og:image\" content=\"https:\/\/swixed.ch\/wp-content\/uploads\/2026\/01\/SED14022-01.png\" \/>\n\t<meta property=\"og:image:width\" content=\"600\" \/>\n\t<meta property=\"og:image:height\" content=\"600\" \/>\n\t<meta property=\"og:image:type\" content=\"image\/png\" \/>\n<meta name=\"twitter:card\" content=\"summary_large_image\" \/>\n<meta name=\"twitter:label1\" content=\"Tempo di lettura stimato\" \/>\n\t<meta name=\"twitter:data1\" content=\"2 minuti\" \/>\n<script type=\"application\/ld+json\" class=\"yoast-schema-graph\">{\"@context\":\"https:\\\/\\\/schema.org\",\"@graph\":[{\"@type\":\"WebPage\",\"@id\":\"https:\\\/\\\/swixed.ch\\\/it\\\/prodotto\\\/sed14022\\\/\",\"url\":\"https:\\\/\\\/swixed.ch\\\/it\\\/prodotto\\\/sed14022\\\/\",\"name\":\"Carrello con braccio per ECG Cardioline 200L, 200S e 200+ | % Swixed SA\",\"isPartOf\":{\"@id\":\"https:\\\/\\\/swixed.ch\\\/it\\\/#website\"},\"primaryImageOfPage\":{\"@id\":\"https:\\\/\\\/swixed.ch\\\/it\\\/prodotto\\\/sed14022\\\/#primaryimage\"},\"image\":{\"@id\":\"https:\\\/\\\/swixed.ch\\\/it\\\/prodotto\\\/sed14022\\\/#primaryimage\"},\"thumbnailUrl\":\"https:\\\/\\\/swixed.ch\\\/wp-content\\\/uploads\\\/2026\\\/01\\\/SED14022-01.png\",\"datePublished\":\"2026-02-04T06:49:23+00:00\",\"dateModified\":\"2026-04-19T10:43:32+00:00\",\"description\":\"Carrello con braccio per gli ECG Cardioline 200L, 200S e 200+, progettato per un posizionamento stabile, una mobilit\u00e0 fluida e un'organizzazione funzionale.\",\"breadcrumb\":{\"@id\":\"https:\\\/\\\/swixed.ch\\\/it\\\/prodotto\\\/sed14022\\\/#breadcrumb\"},\"inLanguage\":\"it-IT\",\"potentialAction\":[{\"@type\":\"ReadAction\",\"target\":[\"https:\\\/\\\/swixed.ch\\\/it\\\/prodotto\\\/sed14022\\\/\"]}]},{\"@type\":\"ImageObject\",\"inLanguage\":\"it-IT\",\"@id\":\"https:\\\/\\\/swixed.ch\\\/it\\\/prodotto\\\/sed14022\\\/#primaryimage\",\"url\":\"https:\\\/\\\/swixed.ch\\\/wp-content\\\/uploads\\\/2026\\\/01\\\/SED14022-01.png\",\"contentUrl\":\"https:\\\/\\\/swixed.ch\\\/wp-content\\\/uploads\\\/2026\\\/01\\\/SED14022-01.png\",\"width\":600,\"height\":600,\"caption\":\"SED14022\"},{\"@type\":\"BreadcrumbList\",\"@id\":\"https:\\\/\\\/swixed.ch\\\/it\\\/prodotto\\\/sed14022\\\/#breadcrumb\",\"itemListElement\":[{\"@type\":\"ListItem\",\"position\":1,\"name\":\"Home\",\"item\":\"https:\\\/\\\/swixed.ch\\\/it\\\/home\\\/\"},{\"@type\":\"ListItem\",\"position\":2,\"name\":\"Negozio\",\"item\":\"https:\\\/\\\/swixed.ch\\\/it\\\/shop\\\/\"},{\"@type\":\"ListItem\",\"position\":3,\"name\":\"Carrello con braccio per ECG Cardioline 200L \\\/ 200S \\\/ 200+\"}]},{\"@type\":\"WebSite\",\"@id\":\"https:\\\/\\\/swixed.ch\\\/it\\\/#website\",\"url\":\"https:\\\/\\\/swixed.ch\\\/it\\\/\",\"name\":\"Swixed SA\",\"description\":\"Dispositivi elettronici\",\"publisher\":{\"@id\":\"https:\\\/\\\/swixed.ch\\\/it\\\/#organization\"},\"potentialAction\":[{\"@type\":\"SearchAction\",\"target\":{\"@type\":\"EntryPoint\",\"urlTemplate\":\"https:\\\/\\\/swixed.ch\\\/it\\\/?s={search_term_string}\"},\"query-input\":{\"@type\":\"PropertyValueSpecification\",\"valueRequired\":true,\"valueName\":\"search_term_string\"}}],\"inLanguage\":\"it-IT\"},{\"@type\":\"Organization\",\"@id\":\"https:\\\/\\\/swixed.ch\\\/it\\\/#organization\",\"name\":\"Swixed SA\",\"url\":\"https:\\\/\\\/swixed.ch\\\/it\\\/\",\"logo\":{\"@type\":\"ImageObject\",\"inLanguage\":\"it-IT\",\"@id\":\"https:\\\/\\\/swixed.ch\\\/it\\\/#\\\/schema\\\/logo\\\/image\\\/\",\"url\":\"https:\\\/\\\/swixed.ch\\\/wp-content\\\/uploads\\\/logos\\\/swixed-logo-lite.png\",\"contentUrl\":\"https:\\\/\\\/swixed.ch\\\/wp-content\\\/uploads\\\/logos\\\/swixed-logo-lite.png\",\"width\":696,\"height\":696,\"caption\":\"Swixed SA\"},\"image\":{\"@id\":\"https:\\\/\\\/swixed.ch\\\/it\\\/#\\\/schema\\\/logo\\\/image\\\/\"},\"sameAs\":[\"https:\\\/\\\/www.facebook.com\\\/swixed\",\"https:\\\/\\\/www.linkedin.com\\\/company\\\/swixed\",\"https:\\\/\\\/www.youtube.com\\\/@swixedsa\"],\"description\":\"Swixed SA est une entreprise suisse bas\u00e9e \u00e0 Gen\u00e8ve, sp\u00e9cialis\u00e9e dans la vente, la location et la maintenance d\u2019appareils m\u00e9dicaux professionnels, tels que d\u00e9fibrillateurs AED, \u00e9lectrocardiographes, moniteurs patient et dispositifs de diagnostic.\",\"email\":\"infoshop@swixed.ch\",\"telephone\":\"+41 22 566 11 95\",\"legalName\":\"Swixed SA\",\"foundingDate\":\"2021-03-01\",\"numberOfEmployees\":{\"@type\":\"QuantitativeValue\",\"minValue\":\"1\",\"maxValue\":\"10\"}}]}<\/script>\n<!-- \/ Yoast SEO Premium plugin. -->","yoast_head_json":{"title":"Carrello con braccio per ECG Cardioline 200L, 200S e 200+ | % Swixed SA","description":"Carrello con braccio per gli ECG Cardioline 200L, 200S e 200+, progettato per un posizionamento stabile, una mobilit\u00e0 fluida e un'organizzazione funzionale.","robots":{"index":"index","follow":"follow","max-snippet":"max-snippet:-1","max-image-preview":"max-image-preview:large","max-video-preview":"max-video-preview:-1"},"canonical":"https:\/\/swixed.ch\/it\/prodotto\/sed14022\/","og_locale":"it_IT","og_type":"article","og_title":"Carrello con braccio per ECG Cardioline 200L \/ 200S \/ 200+","og_description":"Carrello con braccio per gli ECG Cardioline 200L, 200S e 200+, progettato per un posizionamento stabile, una mobilit\u00e0 fluida e un'organizzazione funzionale.","og_url":"https:\/\/swixed.ch\/it\/prodotto\/sed14022\/","og_site_name":"Swixed SA","article_publisher":"https:\/\/www.facebook.com\/swixed","article_modified_time":"2026-04-19T10:43:32+00:00","og_image":[{"width":600,"height":600,"url":"https:\/\/swixed.ch\/wp-content\/uploads\/2026\/01\/SED14022-01.png","type":"image\/png"}],"twitter_card":"summary_large_image","twitter_misc":{"Tempo di lettura stimato":"2 minuti"},"schema":{"@context":"https:\/\/schema.org","@graph":[{"@type":"WebPage","@id":"https:\/\/swixed.ch\/it\/prodotto\/sed14022\/","url":"https:\/\/swixed.ch\/it\/prodotto\/sed14022\/","name":"Carrello con braccio per ECG Cardioline 200L, 200S e 200+ | % Swixed SA","isPartOf":{"@id":"https:\/\/swixed.ch\/it\/#website"},"primaryImageOfPage":{"@id":"https:\/\/swixed.ch\/it\/prodotto\/sed14022\/#primaryimage"},"image":{"@id":"https:\/\/swixed.ch\/it\/prodotto\/sed14022\/#primaryimage"},"thumbnailUrl":"https:\/\/swixed.ch\/wp-content\/uploads\/2026\/01\/SED14022-01.png","datePublished":"2026-02-04T06:49:23+00:00","dateModified":"2026-04-19T10:43:32+00:00","description":"Carrello con braccio per gli ECG Cardioline 200L, 200S e 200+, progettato per un posizionamento stabile, una mobilit\u00e0 fluida e un'organizzazione funzionale.","breadcrumb":{"@id":"https:\/\/swixed.ch\/it\/prodotto\/sed14022\/#breadcrumb"},"inLanguage":"it-IT","potentialAction":[{"@type":"ReadAction","target":["https:\/\/swixed.ch\/it\/prodotto\/sed14022\/"]}]},{"@type":"ImageObject","inLanguage":"it-IT","@id":"https:\/\/swixed.ch\/it\/prodotto\/sed14022\/#primaryimage","url":"https:\/\/swixed.ch\/wp-content\/uploads\/2026\/01\/SED14022-01.png","contentUrl":"https:\/\/swixed.ch\/wp-content\/uploads\/2026\/01\/SED14022-01.png","width":600,"height":600,"caption":"SED14022"},{"@type":"BreadcrumbList","@id":"https:\/\/swixed.ch\/it\/prodotto\/sed14022\/#breadcrumb","itemListElement":[{"@type":"ListItem","position":1,"name":"Home","item":"https:\/\/swixed.ch\/it\/home\/"},{"@type":"ListItem","position":2,"name":"Negozio","item":"https:\/\/swixed.ch\/it\/shop\/"},{"@type":"ListItem","position":3,"name":"Carrello con braccio per ECG Cardioline 200L \/ 200S \/ 200+"}]},{"@type":"WebSite","@id":"https:\/\/swixed.ch\/it\/#website","url":"https:\/\/swixed.ch\/it\/","name":"Swixed SA","description":"Dispositivi elettronici","publisher":{"@id":"https:\/\/swixed.ch\/it\/#organization"},"potentialAction":[{"@type":"SearchAction","target":{"@type":"EntryPoint","urlTemplate":"https:\/\/swixed.ch\/it\/?s={search_term_string}"},"query-input":{"@type":"PropertyValueSpecification","valueRequired":true,"valueName":"search_term_string"}}],"inLanguage":"it-IT"},{"@type":"Organization","@id":"https:\/\/swixed.ch\/it\/#organization","name":"Swixed SA","url":"https:\/\/swixed.ch\/it\/","logo":{"@type":"ImageObject","inLanguage":"it-IT","@id":"https:\/\/swixed.ch\/it\/#\/schema\/logo\/image\/","url":"https:\/\/swixed.ch\/wp-content\/uploads\/logos\/swixed-logo-lite.png","contentUrl":"https:\/\/swixed.ch\/wp-content\/uploads\/logos\/swixed-logo-lite.png","width":696,"height":696,"caption":"Swixed SA"},"image":{"@id":"https:\/\/swixed.ch\/it\/#\/schema\/logo\/image\/"},"sameAs":["https:\/\/www.facebook.com\/swixed","https:\/\/www.linkedin.com\/company\/swixed","https:\/\/www.youtube.com\/@swixedsa"],"description":"Swixed SA est une entreprise suisse bas\u00e9e \u00e0 Gen\u00e8ve, sp\u00e9cialis\u00e9e dans la vente, la location et la maintenance d\u2019appareils m\u00e9dicaux professionnels, tels que d\u00e9fibrillateurs AED, \u00e9lectrocardiographes, moniteurs patient et dispositifs de diagnostic.","email":"infoshop@swixed.ch","telephone":"+41 22 566 11 95","legalName":"Swixed SA","foundingDate":"2021-03-01","numberOfEmployees":{"@type":"QuantitativeValue","minValue":"1","maxValue":"10"}}]}},"_links":{"self":[{"href":"https:\/\/swixed.ch\/it\/wp-json\/wp\/v2\/product\/62051","targetHints":{"allow":["GET"]}}],"collection":[{"href":"https:\/\/swixed.ch\/it\/wp-json\/wp\/v2\/product"}],"about":[{"href":"https:\/\/swixed.ch\/it\/wp-json\/wp\/v2\/types\/product"}],"version-history":[{"count":0,"href":"https:\/\/swixed.ch\/it\/wp-json\/wp\/v2\/product\/62051\/revisions"}],"wp:featuredmedia":[{"embeddable":true,"href":"https:\/\/swixed.ch\/it\/wp-json\/wp\/v2\/media\/62053"}],"wp:attachment":[{"href":"https:\/\/swixed.ch\/it\/wp-json\/wp\/v2\/media?parent=62051"}],"wp:term":[{"taxonomy":"product_brand","embeddable":true,"href":"https:\/\/swixed.ch\/it\/wp-json\/wp\/v2\/product_brand?post=62051"},{"taxonomy":"product_cat","embeddable":true,"href":"https:\/\/swixed.ch\/it\/wp-json\/wp\/v2\/product_cat?post=62051"},{"taxonomy":"product_tag","embeddable":true,"href":"https:\/\/swixed.ch\/it\/wp-json\/wp\/v2\/product_tag?post=62051"}],"curies":[{"name":"wp","href":"https:\/\/api.w.org\/{rel}","templated":true}]}}