{"id":62392,"date":"2026-02-01T18:08:56","date_gmt":"2026-02-01T17:08:56","guid":{"rendered":"https:\/\/swixed.ch\/?post_type=product&#038;p=62392"},"modified":"2026-04-19T09:00:21","modified_gmt":"2026-04-19T08:00:21","slug":"sed10018","status":"publish","type":"product","link":"https:\/\/swixed.ch\/it\/prodotto\/sed10018\/","title":{"rendered":"Elettrocardiografo ECG a riposo Cardioline 200S"},"content":{"rendered":"\t\t<div data-elementor-type=\"product-post\" data-elementor-id=\"62392\" class=\"elementor elementor-62392 elementor-61694\" data-elementor-post-type=\"product\">\n\t\t\t\t<div class=\"elementor-element elementor-element-43dc955 e-con-full e-flex e-con e-parent\" data-id=\"43dc955\" data-element_type=\"container\" data-e-type=\"container\">\n\t\t<div class=\"elementor-element elementor-element-9c2d3d5 e-con-full e-flex e-con e-child\" data-id=\"9c2d3d5\" data-element_type=\"container\" data-e-type=\"container\">\n\t\t\t\t<div class=\"elementor-element elementor-element-75e125b elementor-widget elementor-widget-heading\" data-id=\"75e125b\" data-element_type=\"widget\" data-e-type=\"widget\" data-widget_type=\"heading.default\">\n\t\t\t\t\t<h2 class=\"elementor-heading-title elementor-size-default\">Caratteristiche principali<\/h2>\t\t\t\t<\/div>\n\t\t\t\t<div class=\"elementor-element elementor-element-589f4cd elementor-widget elementor-widget-text-editor\" data-id=\"589f4cd\" data-element_type=\"widget\" data-e-type=\"widget\" data-widget_type=\"text-editor.default\">\n\t\t\t\t\t\t\t\t\t<p>L&#8217;elettrocardiografo Cardioline 200S registra ECG a riposo a 12 canali con stampa diretta su carta A4. In primo luogo, la chiara interfaccia utente del Cardioline 200S rende facile l&#8217;accesso alle funzioni principali senza bisogno di complesse configurazioni. In secondo luogo, il dispositivo garantisce una rapida acquisizione grazie a un&#8217;architettura elettronica progettata per un uso professionale intensivo. Il dispositivo pu\u00f2 anche esportare gli elettrocardiogrammi direttamente su una chiavetta USB in formato PDF A4.   <\/p><p>Inoltre, lo schermo a colori retroilluminato visualizza fino a 12 tracce in tempo reale, facilitando la lettura delle tracce durante l&#8217;acquisizione. Infine, il suo design europeo privilegia materiali robusti e di facile manutenzione, adatti a un uso regolare. <\/p><p>Caratteristiche principali:<\/p><ul><li>ECG a 12 derivazioni a riposo<\/li><li>Stampa A4 a Z (12, 6 o 3 tracce)<\/li><li>Schermo a colori da 7&#8243; con visualizzazione in tempo reale<\/li><li>Memoria interna per l&#8217;archiviazione degli esami<\/li><li>Funzionamento a rete o a batteria ricaricabile<\/li><\/ul>\t\t\t\t\t\t\t\t<\/div>\n\t\t\t\t<div class=\"elementor-element elementor-element-5e6d4a4 elementor-widget elementor-widget-heading\" data-id=\"5e6d4a4\" data-element_type=\"widget\" data-e-type=\"widget\" data-widget_type=\"heading.default\">\n\t\t\t\t\t<h2 class=\"elementor-heading-title elementor-size-default\">Caratteristiche<\/h2>\t\t\t\t<\/div>\n\t\t\t\t<div class=\"elementor-element elementor-element-72f8bfb elementor-widget elementor-widget-text-editor\" data-id=\"72f8bfb\" data-element_type=\"widget\" data-e-type=\"widget\" data-widget_type=\"text-editor.default\">\n\t\t\t\t\t\t\t\t\t<p>Cardioline 200S incorpora funzioni dedicate alla gestione strutturata degli esami ECG. In primo luogo, il dispositivo acquisisce automaticamente tracciati con misurazioni ECG globali per tutte le derivazioni. In secondo luogo, i dati possono essere esportati in formati standard per una facile archiviazione.  <\/p><p>La connettivit\u00e0 USB, LAN o Wi-Fi consente di integrarlo in un ambiente IT esistente. Inoltre, a seconda della configurazione scelta, \u00e8 possibile aggiungere un&#8217;opzione software basata sull&#8217;algoritmo di Glasgow per l&#8217;analisi e l&#8217;interpretazione dell&#8217;ECG. <\/p><p>Caratteristiche principali :<\/p><ul><li>Acquisizione automatica dell&#8217;ECG<\/li><li>Misurazioni ECG globali calcolate automaticamente<\/li><li>Esportazione degli esami nei formati SCP e PDF<\/li><li>Connettivit\u00e0 USB e di rete (opzionale)<\/li><li>Opzione di analisi e interpretazione dell&#8217;ECG di Glasgow<\/li><\/ul>\t\t\t\t\t\t\t\t<\/div>\n\t\t\t\t<div class=\"elementor-element elementor-element-aa0d545 elementor-widget elementor-widget-heading\" data-id=\"aa0d545\" data-element_type=\"widget\" data-e-type=\"widget\" data-widget_type=\"heading.default\">\n\t\t\t\t\t<h2 class=\"elementor-heading-title elementor-size-default\">Utilizzo, conformit\u00e0 e raccomandazioni<\/h2>\t\t\t\t<\/div>\n\t\t\t\t<div class=\"elementor-element elementor-element-fafb5a1 elementor-widget elementor-widget-text-editor\" data-id=\"fafb5a1\" data-element_type=\"widget\" data-e-type=\"widget\" data-widget_type=\"text-editor.default\">\n\t\t\t\t\t\t\t\t\t<p>La Cardioline 200S viene utilizzata in ambienti professionali fissi, come studi specialistici o strutture mediche. In Svizzera, l&#8217;uso dei dispositivi medici segue un preciso quadro normativo. In particolare, l&#8217;Ufficio Federale della Sanit\u00e0 Pubblica (UFSP) pubblica delle raccomandazioni generali relative all&#8217;utilizzo delle apparecchiature mediche.  <\/p><p>Inoltre, Swissmedic supervisiona la commercializzazione dei dispositivi medici in conformit\u00e0 all&#8217;Ordinanza sui Dispositivi Medici (ODim \/ MedDO). L&#8217;elettrocardiografo rientra quindi in un quadro normativo definito, senza riferimento a un uso clinico specifico. <br>\t\t<div data-elementor-type=\"widget\" data-elementor-id=\"59086\" class=\"elementor elementor-59086 elementor-59083 elementor-59083\" data-elementor-post-type=\"elementor_library\">\n\t\t\t\t\t\t<div class=\"elementor-element elementor-element-59083 elementor-widget elementor-widget-text-editor\" data-id=\"59083\" data-element_type=\"widget\" data-e-type=\"widget\" data-widget_type=\"text-editor.default\">\n\t\t\t\t\t\t\t\t\t<p>Per maggiori informazioni, consulta :<\/p><ul><li><a href=\"https:\/\/www.swissmedic.ch\" target=\"_blank\" rel=\"noopener\">Swissmedic<\/a><\/li><li><a href=\"https:\/\/www.bag.admin.ch\" target=\"_blank\" rel=\"noopener\">Ufficio federale della sanit\u00e0 pubblica (UFSP)<\/a><\/li><li><a href=\"https:\/\/www.switec.info\" target=\"_blank\" rel=\"noopener\">Centro d&#8217;informazione svizzero per le norme tecniche (Switec)<\/a><\/li><li><a href=\"https:\/\/www.fedlex.admin.ch\/eli\/cc\/2020\/552\/\" target=\"_blank\" rel=\"noopener\">Ordinanza sui dispositivi medici (ODim o MedDO)<\/a><\/li><\/ul><p><br>I nostri dispositivi medici hanno un rappresentante autorizzato in Svizzera (CH-REP), in conformit\u00e0 con l&#8217;attuale legislazione svizzera sui dispositivi medici.<\/p>\t\t\t\t\t\t\t\t<\/div>\n\t\t\t\t<\/div>\n\t\t<br>Clicca qui per prenotare la <a href=\"https:\/\/swixed.ch\/it\/prodotto\/sed94001\/\">manutenzione periodica<\/a>.<\/p>\t\t\t\t\t\t\t\t<\/div>\n\t\t\t\t<div class=\"elementor-element elementor-element-eece3a9 elementor-widget elementor-widget-heading\" data-id=\"eece3a9\" data-element_type=\"widget\" data-e-type=\"widget\" data-widget_type=\"heading.default\">\n\t\t\t\t\t<h2 class=\"elementor-heading-title elementor-size-default\">Contenuto<\/h2>\t\t\t\t<\/div>\n\t\t\t\t<div class=\"elementor-element elementor-element-351fa60 elementor-widget elementor-widget-text-editor\" data-id=\"351fa60\" data-element_type=\"widget\" data-e-type=\"widget\" data-widget_type=\"text-editor.default\">\n\t\t\t\t\t\t\t\t\t<p>Cardioline 200S \u00e8 dotato di tutti gli accessori necessari per iniziare subito a lavorare. Da un lato, i contenuti consentono di registrare e stampare gli ECG non appena vengono installati. In secondo luogo, ogni componente corrisponde alle specifiche fornite dal produttore.  <\/p><ul><li>Cardioline 200S con opzione di interpretazione (Algoritmo di Glasgow) o meno, a seconda del modello.<\/li><li>Cavo paziente a 10 fili con connettori a banana<\/li><li>60 elettrodi ECG per spine a banana<\/li><li>10 adattatori per elettrodi a pressione<\/li><li>Carta ECG A4 (210 \u00d7 295 mm) piegata a Z<\/li><li>Coperchio protettivo<\/li><li>Manuale d&#8217;uso<\/li><li>Cavo di alimentazione<\/li><\/ul>\t\t\t\t\t\t\t\t<\/div>\n\t\t\t\t<\/div>\n\t\t\t\t<\/div>\n\t\t\t\t<\/div>\n\t\t","protected":false},"excerpt":{"rendered":"<p>L&#8217;elettrocardiografo Cardioline 200S \u00e8 un ECG a riposo a 12 canali in formato A4. Consente di acquisire, visualizzare, stampare e archiviare gli esami ECG grazie a un&#8217;interfaccia chiara e a una memoria interna dedicata. Inoltre, offre la connettivit\u00e0 di rete per archiviare e gestire i tracciati tramite soluzioni software compatibili. Progettato per l&#8217;uso fisso o a batteria, pu\u00f2 essere integrato in diversi ambienti professionali.   <\/p>\n","protected":false},"featured_media":62396,"template":"","meta":{"_acf_changed":false},"product_brand":[7890],"product_cat":[975,966],"product_tag":[7709,7704,2364,7784,7711,7713,7708,7712,7714,3611],"class_list":{"0":"post-62392","1":"product","2":"type-product","3":"status-publish","4":"has-post-thumbnail","6":"product_brand-cardiolina","7":"product_cat-ecg-da-riposo","8":"product_cat-elettrocardiografi","9":"product_tag-acquisizione-dellecg","10":"product_tag-ecg-12d","11":"product_tag-ecg-a-riposo","12":"product_tag-ecg-compatto","13":"product_tag-ecg-con-cavo","14":"product_tag-ecg-diagnostico","15":"product_tag-ecg-pc","16":"product_tag-ecg-stazionario","17":"product_tag-esame-ecg","18":"product_tag-software-ecg-it","20":"first","21":"instock","22":"taxable","23":"shipping-taxable","24":"purchasable","25":"product-type-variable","26":"has-default-attributes"},"acf":[],"yoast_head":"<!-- This site is optimized with the Yoast SEO Premium plugin v27.4 (Yoast SEO v27.4) - https:\/\/yoast.com\/product\/yoast-seo-premium-wordpress\/ -->\n<title>Cardioline 200S - Elettrocardiografo ECG a riposo in formato A4 | Swixed SA<\/title>\n<meta name=\"description\" content=\"Elettrocardiografo Cardioline 200S a 12 canali, formato A4, stampa diretta, memoria interna e connettivit\u00e0 di rete per la gestione degli ECG.\" \/>\n<meta name=\"robots\" content=\"index, follow, max-snippet:-1, max-image-preview:large, max-video-preview:-1\" \/>\n<link rel=\"canonical\" href=\"https:\/\/swixed.ch\/it\/prodotto\/sed10018\/\" \/>\n<meta property=\"og:locale\" content=\"it_IT\" \/>\n<meta property=\"og:type\" content=\"article\" \/>\n<meta property=\"og:title\" content=\"Elettrocardiografo ECG a riposo Cardioline 200S\" \/>\n<meta property=\"og:description\" content=\"Elettrocardiografo Cardioline 200S a 12 canali, formato A4, stampa diretta, memoria interna e connettivit\u00e0 di rete per la gestione degli ECG.\" \/>\n<meta property=\"og:url\" content=\"https:\/\/swixed.ch\/it\/prodotto\/sed10018\/\" \/>\n<meta property=\"og:site_name\" content=\"Swixed SA\" \/>\n<meta property=\"article:publisher\" content=\"https:\/\/www.facebook.com\/swixed\" \/>\n<meta property=\"article:modified_time\" content=\"2026-04-19T08:00:21+00:00\" \/>\n<meta property=\"og:image\" content=\"https:\/\/swixed.ch\/wp-content\/uploads\/2026\/01\/SED10018-01.png\" \/>\n\t<meta property=\"og:image:width\" content=\"600\" \/>\n\t<meta property=\"og:image:height\" content=\"600\" \/>\n\t<meta property=\"og:image:type\" content=\"image\/png\" \/>\n<meta name=\"twitter:card\" content=\"summary_large_image\" \/>\n<meta name=\"twitter:label1\" content=\"Tempo di lettura stimato\" \/>\n\t<meta name=\"twitter:data1\" content=\"2 minuti\" \/>\n<script type=\"application\/ld+json\" class=\"yoast-schema-graph\">{\"@context\":\"https:\\\/\\\/schema.org\",\"@graph\":[{\"@type\":\"WebPage\",\"@id\":\"https:\\\/\\\/swixed.ch\\\/it\\\/prodotto\\\/sed10018\\\/\",\"url\":\"https:\\\/\\\/swixed.ch\\\/it\\\/prodotto\\\/sed10018\\\/\",\"name\":\"Cardioline 200S - Elettrocardiografo ECG a riposo in formato A4 | Swixed SA\",\"isPartOf\":{\"@id\":\"https:\\\/\\\/swixed.ch\\\/it\\\/#website\"},\"primaryImageOfPage\":{\"@id\":\"https:\\\/\\\/swixed.ch\\\/it\\\/prodotto\\\/sed10018\\\/#primaryimage\"},\"image\":{\"@id\":\"https:\\\/\\\/swixed.ch\\\/it\\\/prodotto\\\/sed10018\\\/#primaryimage\"},\"thumbnailUrl\":\"https:\\\/\\\/swixed.ch\\\/wp-content\\\/uploads\\\/2026\\\/01\\\/SED10018-01.png\",\"datePublished\":\"2026-02-01T17:08:56+00:00\",\"dateModified\":\"2026-04-19T08:00:21+00:00\",\"description\":\"Elettrocardiografo Cardioline 200S a 12 canali, formato A4, stampa diretta, memoria interna e connettivit\u00e0 di rete per la gestione degli ECG.\",\"breadcrumb\":{\"@id\":\"https:\\\/\\\/swixed.ch\\\/it\\\/prodotto\\\/sed10018\\\/#breadcrumb\"},\"inLanguage\":\"it-IT\",\"potentialAction\":[{\"@type\":\"ReadAction\",\"target\":[\"https:\\\/\\\/swixed.ch\\\/it\\\/prodotto\\\/sed10018\\\/\"]}]},{\"@type\":\"ImageObject\",\"inLanguage\":\"it-IT\",\"@id\":\"https:\\\/\\\/swixed.ch\\\/it\\\/prodotto\\\/sed10018\\\/#primaryimage\",\"url\":\"https:\\\/\\\/swixed.ch\\\/wp-content\\\/uploads\\\/2026\\\/01\\\/SED10018-01.png\",\"contentUrl\":\"https:\\\/\\\/swixed.ch\\\/wp-content\\\/uploads\\\/2026\\\/01\\\/SED10018-01.png\",\"width\":600,\"height\":600,\"caption\":\"SED10018\"},{\"@type\":\"BreadcrumbList\",\"@id\":\"https:\\\/\\\/swixed.ch\\\/it\\\/prodotto\\\/sed10018\\\/#breadcrumb\",\"itemListElement\":[{\"@type\":\"ListItem\",\"position\":1,\"name\":\"Home\",\"item\":\"https:\\\/\\\/swixed.ch\\\/it\\\/home\\\/\"},{\"@type\":\"ListItem\",\"position\":2,\"name\":\"Negozio\",\"item\":\"https:\\\/\\\/swixed.ch\\\/it\\\/shop\\\/\"},{\"@type\":\"ListItem\",\"position\":3,\"name\":\"Elettrocardiografo ECG a riposo Cardioline 200S\"}]},{\"@type\":\"WebSite\",\"@id\":\"https:\\\/\\\/swixed.ch\\\/it\\\/#website\",\"url\":\"https:\\\/\\\/swixed.ch\\\/it\\\/\",\"name\":\"Swixed SA\",\"description\":\"Dispositivi elettronici\",\"publisher\":{\"@id\":\"https:\\\/\\\/swixed.ch\\\/it\\\/#organization\"},\"potentialAction\":[{\"@type\":\"SearchAction\",\"target\":{\"@type\":\"EntryPoint\",\"urlTemplate\":\"https:\\\/\\\/swixed.ch\\\/it\\\/?s={search_term_string}\"},\"query-input\":{\"@type\":\"PropertyValueSpecification\",\"valueRequired\":true,\"valueName\":\"search_term_string\"}}],\"inLanguage\":\"it-IT\"},{\"@type\":\"Organization\",\"@id\":\"https:\\\/\\\/swixed.ch\\\/it\\\/#organization\",\"name\":\"Swixed SA\",\"url\":\"https:\\\/\\\/swixed.ch\\\/it\\\/\",\"logo\":{\"@type\":\"ImageObject\",\"inLanguage\":\"it-IT\",\"@id\":\"https:\\\/\\\/swixed.ch\\\/it\\\/#\\\/schema\\\/logo\\\/image\\\/\",\"url\":\"https:\\\/\\\/swixed.ch\\\/wp-content\\\/uploads\\\/logos\\\/swixed-logo-lite.png\",\"contentUrl\":\"https:\\\/\\\/swixed.ch\\\/wp-content\\\/uploads\\\/logos\\\/swixed-logo-lite.png\",\"width\":696,\"height\":696,\"caption\":\"Swixed SA\"},\"image\":{\"@id\":\"https:\\\/\\\/swixed.ch\\\/it\\\/#\\\/schema\\\/logo\\\/image\\\/\"},\"sameAs\":[\"https:\\\/\\\/www.facebook.com\\\/swixed\",\"https:\\\/\\\/www.linkedin.com\\\/company\\\/swixed\",\"https:\\\/\\\/www.youtube.com\\\/@swixedsa\"],\"description\":\"Swixed SA est une entreprise suisse bas\u00e9e \u00e0 Gen\u00e8ve, sp\u00e9cialis\u00e9e dans la vente, la location et la maintenance d\u2019appareils m\u00e9dicaux professionnels, tels que d\u00e9fibrillateurs AED, \u00e9lectrocardiographes, moniteurs patient et dispositifs de diagnostic.\",\"email\":\"infoshop@swixed.ch\",\"telephone\":\"+41 22 566 11 95\",\"legalName\":\"Swixed SA\",\"foundingDate\":\"2021-03-01\",\"numberOfEmployees\":{\"@type\":\"QuantitativeValue\",\"minValue\":\"1\",\"maxValue\":\"10\"}}]}<\/script>\n<!-- \/ Yoast SEO Premium plugin. -->","yoast_head_json":{"title":"Cardioline 200S - Elettrocardiografo ECG a riposo in formato A4 | Swixed SA","description":"Elettrocardiografo Cardioline 200S a 12 canali, formato A4, stampa diretta, memoria interna e connettivit\u00e0 di rete per la gestione degli ECG.","robots":{"index":"index","follow":"follow","max-snippet":"max-snippet:-1","max-image-preview":"max-image-preview:large","max-video-preview":"max-video-preview:-1"},"canonical":"https:\/\/swixed.ch\/it\/prodotto\/sed10018\/","og_locale":"it_IT","og_type":"article","og_title":"Elettrocardiografo ECG a riposo Cardioline 200S","og_description":"Elettrocardiografo Cardioline 200S a 12 canali, formato A4, stampa diretta, memoria interna e connettivit\u00e0 di rete per la gestione degli ECG.","og_url":"https:\/\/swixed.ch\/it\/prodotto\/sed10018\/","og_site_name":"Swixed SA","article_publisher":"https:\/\/www.facebook.com\/swixed","article_modified_time":"2026-04-19T08:00:21+00:00","og_image":[{"width":600,"height":600,"url":"https:\/\/swixed.ch\/wp-content\/uploads\/2026\/01\/SED10018-01.png","type":"image\/png"}],"twitter_card":"summary_large_image","twitter_misc":{"Tempo di lettura stimato":"2 minuti"},"schema":{"@context":"https:\/\/schema.org","@graph":[{"@type":"WebPage","@id":"https:\/\/swixed.ch\/it\/prodotto\/sed10018\/","url":"https:\/\/swixed.ch\/it\/prodotto\/sed10018\/","name":"Cardioline 200S - Elettrocardiografo ECG a riposo in formato A4 | Swixed SA","isPartOf":{"@id":"https:\/\/swixed.ch\/it\/#website"},"primaryImageOfPage":{"@id":"https:\/\/swixed.ch\/it\/prodotto\/sed10018\/#primaryimage"},"image":{"@id":"https:\/\/swixed.ch\/it\/prodotto\/sed10018\/#primaryimage"},"thumbnailUrl":"https:\/\/swixed.ch\/wp-content\/uploads\/2026\/01\/SED10018-01.png","datePublished":"2026-02-01T17:08:56+00:00","dateModified":"2026-04-19T08:00:21+00:00","description":"Elettrocardiografo Cardioline 200S a 12 canali, formato A4, stampa diretta, memoria interna e connettivit\u00e0 di rete per la gestione degli ECG.","breadcrumb":{"@id":"https:\/\/swixed.ch\/it\/prodotto\/sed10018\/#breadcrumb"},"inLanguage":"it-IT","potentialAction":[{"@type":"ReadAction","target":["https:\/\/swixed.ch\/it\/prodotto\/sed10018\/"]}]},{"@type":"ImageObject","inLanguage":"it-IT","@id":"https:\/\/swixed.ch\/it\/prodotto\/sed10018\/#primaryimage","url":"https:\/\/swixed.ch\/wp-content\/uploads\/2026\/01\/SED10018-01.png","contentUrl":"https:\/\/swixed.ch\/wp-content\/uploads\/2026\/01\/SED10018-01.png","width":600,"height":600,"caption":"SED10018"},{"@type":"BreadcrumbList","@id":"https:\/\/swixed.ch\/it\/prodotto\/sed10018\/#breadcrumb","itemListElement":[{"@type":"ListItem","position":1,"name":"Home","item":"https:\/\/swixed.ch\/it\/home\/"},{"@type":"ListItem","position":2,"name":"Negozio","item":"https:\/\/swixed.ch\/it\/shop\/"},{"@type":"ListItem","position":3,"name":"Elettrocardiografo ECG a riposo Cardioline 200S"}]},{"@type":"WebSite","@id":"https:\/\/swixed.ch\/it\/#website","url":"https:\/\/swixed.ch\/it\/","name":"Swixed SA","description":"Dispositivi elettronici","publisher":{"@id":"https:\/\/swixed.ch\/it\/#organization"},"potentialAction":[{"@type":"SearchAction","target":{"@type":"EntryPoint","urlTemplate":"https:\/\/swixed.ch\/it\/?s={search_term_string}"},"query-input":{"@type":"PropertyValueSpecification","valueRequired":true,"valueName":"search_term_string"}}],"inLanguage":"it-IT"},{"@type":"Organization","@id":"https:\/\/swixed.ch\/it\/#organization","name":"Swixed SA","url":"https:\/\/swixed.ch\/it\/","logo":{"@type":"ImageObject","inLanguage":"it-IT","@id":"https:\/\/swixed.ch\/it\/#\/schema\/logo\/image\/","url":"https:\/\/swixed.ch\/wp-content\/uploads\/logos\/swixed-logo-lite.png","contentUrl":"https:\/\/swixed.ch\/wp-content\/uploads\/logos\/swixed-logo-lite.png","width":696,"height":696,"caption":"Swixed SA"},"image":{"@id":"https:\/\/swixed.ch\/it\/#\/schema\/logo\/image\/"},"sameAs":["https:\/\/www.facebook.com\/swixed","https:\/\/www.linkedin.com\/company\/swixed","https:\/\/www.youtube.com\/@swixedsa"],"description":"Swixed SA est une entreprise suisse bas\u00e9e \u00e0 Gen\u00e8ve, sp\u00e9cialis\u00e9e dans la vente, la location et la maintenance d\u2019appareils m\u00e9dicaux professionnels, tels que d\u00e9fibrillateurs AED, \u00e9lectrocardiographes, moniteurs patient et dispositifs de diagnostic.","email":"infoshop@swixed.ch","telephone":"+41 22 566 11 95","legalName":"Swixed SA","foundingDate":"2021-03-01","numberOfEmployees":{"@type":"QuantitativeValue","minValue":"1","maxValue":"10"}}]}},"_links":{"self":[{"href":"https:\/\/swixed.ch\/it\/wp-json\/wp\/v2\/product\/62392","targetHints":{"allow":["GET"]}}],"collection":[{"href":"https:\/\/swixed.ch\/it\/wp-json\/wp\/v2\/product"}],"about":[{"href":"https:\/\/swixed.ch\/it\/wp-json\/wp\/v2\/types\/product"}],"version-history":[{"count":0,"href":"https:\/\/swixed.ch\/it\/wp-json\/wp\/v2\/product\/62392\/revisions"}],"wp:featuredmedia":[{"embeddable":true,"href":"https:\/\/swixed.ch\/it\/wp-json\/wp\/v2\/media\/62396"}],"wp:attachment":[{"href":"https:\/\/swixed.ch\/it\/wp-json\/wp\/v2\/media?parent=62392"}],"wp:term":[{"taxonomy":"product_brand","embeddable":true,"href":"https:\/\/swixed.ch\/it\/wp-json\/wp\/v2\/product_brand?post=62392"},{"taxonomy":"product_cat","embeddable":true,"href":"https:\/\/swixed.ch\/it\/wp-json\/wp\/v2\/product_cat?post=62392"},{"taxonomy":"product_tag","embeddable":true,"href":"https:\/\/swixed.ch\/it\/wp-json\/wp\/v2\/product_tag?post=62392"}],"curies":[{"name":"wp","href":"https:\/\/api.w.org\/{rel}","templated":true}]}}