{"id":64286,"date":"2026-05-02T19:47:07","date_gmt":"2026-05-02T18:47:07","guid":{"rendered":"https:\/\/swixed.ch\/?post_type=product&#038;p=64286"},"modified":"2026-05-12T21:55:04","modified_gmt":"2026-05-12T19:55:04","slug":"carta-per-ecg-edan-se-3-se-301-se-300b-10-pezzi-copie","status":"publish","type":"product","link":"https:\/\/swixed.ch\/it\/prodotto\/carta-per-ecg-edan-se-3-se-301-se-300b-10-pezzi-copie\/","title":{"rendered":"Carta per ECG Edan SE-601 (10 pezzi)"},"content":{"rendered":"\t\t<div data-elementor-type=\"product-post\" data-elementor-id=\"64286\" class=\"elementor elementor-64286 elementor-64284\" data-elementor-post-type=\"product\">\n\t\t\t\t<div class=\"elementor-element elementor-element-0a6b789 e-con-full e-flex e-con e-parent\" data-id=\"0a6b789\" data-element_type=\"container\" data-e-type=\"container\">\n\t\t<div class=\"elementor-element elementor-element-af97cbc e-con-full e-flex e-con e-child\" data-id=\"af97cbc\" data-element_type=\"container\" data-e-type=\"container\">\n\t\t\t\t<div class=\"elementor-element elementor-element-f7afebf elementor-widget elementor-widget-heading\" data-id=\"f7afebf\" data-element_type=\"widget\" data-e-type=\"widget\" data-widget_type=\"heading.default\">\n\t\t\t\t\t<h2 class=\"elementor-heading-title elementor-size-default\">Caratteristiche principali<\/h2>\t\t\t\t<\/div>\n\t\t\t\t<div class=\"elementor-element elementor-element-23b1194 elementor-widget elementor-widget-text-editor\" data-id=\"23b1194\" data-element_type=\"widget\" data-e-type=\"widget\" data-widget_type=\"text-editor.default\">\n\t\t\t\t\t\t\t\t\t<p>La carta per ECG Edan SE-601 \u00e8 un faldone termico con piegatura a Z progettato per gli elettrocardiografi della serie Edan SE-601A, SE-601B e SE-601C. A differenza dei rotoli, questo formato con piegatura a Z consente un cambio rapido e una comoda gestione dei fogli stampati. <\/p><p>Ecco le sue caratteristiche principali:<\/p><ul><li>Formato: piega a Z 110 mm \u00d7 140 mm per foglio<\/li><li>Numero di fogli: 144 fogli per mazzo<\/li><li>Tecnologia: carta termica senza inchiostro<\/li><li>Griglia: scala millimetrica, adatta per la lettura di tracciati ECG<\/li><li>Compatibilit\u00e0: Edan SE-601A, SE-601B, SE-601C<\/li><li>Confezione: scatola da 10 mazzetti<\/li><\/ul><p><br>Inoltre, il formato della piega a Z corrisponde alle specifiche originali della stampante termica incorporata della SE-601. Questo garantisce che la carta scorra senza problemi e che la griglia millimetrata non si sposti. <\/p>\t\t\t\t\t\t\t\t<\/div>\n\t\t\t\t<div class=\"elementor-element elementor-element-0f08e99 elementor-widget elementor-widget-heading\" data-id=\"0f08e99\" data-element_type=\"widget\" data-e-type=\"widget\" data-widget_type=\"heading.default\">\n\t\t\t\t\t<h2 class=\"elementor-heading-title elementor-size-default\">Caratteristiche<\/h2>\t\t\t\t<\/div>\n\t\t\t\t<div class=\"elementor-element elementor-element-a90ea81 elementor-widget elementor-widget-text-editor\" data-id=\"a90ea81\" data-element_type=\"widget\" data-e-type=\"widget\" data-widget_type=\"text-editor.default\">\n\t\t\t\t\t\t\t\t\t<p>Questa carta termica con piegatura a Z produce una linea pulita grazie all&#8217;elevato contrasto tra lo sfondo bianco e le linee stampate. Inoltre, non richiede cartucce d&#8217;inchiostro, quindi non c&#8217;\u00e8 bisogno di preoccuparsi della manutenzione della stampante. <\/p><p>Le caratteristiche principali includono<\/p><ul><li>Stampa termica diretta: attivazione a caldo, non sono necessari materiali di consumo secondari.<\/li><li>Formato Z-fold: fogli pretagliati e piegati a fisarmonica per essere rimossi immediatamente dopo la stampa.<\/li><li>Griglia millimetrica: facilita la lettura degli intervalli e dei valori sul grafico.<\/li><li>Caricamento rapido: il pacco viene inserito direttamente nel vano carta della SE-601.<\/li><li>Compatibilit\u00e0 multivariata: un unico codice di ricambio copre i modelli SE-601A, SE-601B e SE-601C.<\/li><li>Conservazione: conservare lontano da calore, umidit\u00e0 e luce diretta.<\/li><\/ul><p><br>Questo formato \u00e8 quindi adatto sia all&#8217;uso intensivo in ufficio che all&#8217;archiviazione a lungo termine.<\/p>\t\t\t\t\t\t\t\t<\/div>\n\t\t\t\t<div class=\"elementor-element elementor-element-053ee92 elementor-widget elementor-widget-heading\" data-id=\"053ee92\" data-element_type=\"widget\" data-e-type=\"widget\" data-widget_type=\"heading.default\">\n\t\t\t\t\t<h2 class=\"elementor-heading-title elementor-size-default\">Utilizzo e quadro normativo in Svizzera<\/h2>\t\t\t\t<\/div>\n\t\t\t\t<div class=\"elementor-element elementor-element-9766692 elementor-widget elementor-widget-text-editor\" data-id=\"9766692\" data-element_type=\"widget\" data-e-type=\"widget\" data-widget_type=\"text-editor.default\">\n\t\t\t\t\t\t\t\t\t<p>In Svizzera, i materiali di consumo relativi ai dispositivi medici di classe IIb sono soggetti all&#8217;Ordinanza sui dispositivi medici (ODim \/ MedDO). Swissmedic, l&#8217;autorit\u00e0 nazionale responsabile del monitoraggio di questi prodotti, \u00e8 anche responsabile della loro immissione sul mercato. <br><br>Questa carta per ECG \u00e8 un materiale di consumo sostitutivo destinato ai dispositivi Edan SE-601 approvati, che sono a loro volta dispositivi medici di classe IIb. Il suo utilizzo non modifica la classe normativa del dispositivo in questione. <br>\t\t<div data-elementor-type=\"widget\" data-elementor-id=\"59086\" class=\"elementor elementor-59086 elementor-59083 elementor-59083\" data-elementor-post-type=\"elementor_library\">\n\t\t\t\t\t\t<div class=\"elementor-element elementor-element-59083 elementor-widget elementor-widget-text-editor\" data-id=\"59083\" data-element_type=\"widget\" data-e-type=\"widget\" data-widget_type=\"text-editor.default\">\n\t\t\t\t\t\t\t\t\t<p>Per maggiori informazioni, consulta :<\/p><ul><li><a href=\"https:\/\/www.swissmedic.ch\" target=\"_blank\" rel=\"noopener\">Swissmedic<\/a><\/li><li><a href=\"https:\/\/www.bag.admin.ch\" target=\"_blank\" rel=\"noopener\">Ufficio federale della sanit\u00e0 pubblica (UFSP)<\/a><\/li><li><a href=\"https:\/\/www.switec.info\" target=\"_blank\" rel=\"noopener\">Centro d&#8217;informazione svizzero per le norme tecniche (Switec)<\/a><\/li><li><a href=\"https:\/\/www.fedlex.admin.ch\/eli\/cc\/2020\/552\/\" target=\"_blank\" rel=\"noopener\">Ordinanza sui dispositivi medici (ODim o MedDO)<\/a><\/li><\/ul><p><br>I nostri dispositivi medici hanno un rappresentante autorizzato in Svizzera (CH-REP), in conformit\u00e0 con l&#8217;attuale legislazione svizzera sui dispositivi medici.<\/p>\t\t\t\t\t\t\t\t<\/div>\n\t\t\t\t<\/div>\n\t\t<\/p>\t\t\t\t\t\t\t\t<\/div>\n\t\t\t\t<div class=\"elementor-element elementor-element-f2c80d8 elementor-widget elementor-widget-heading\" data-id=\"f2c80d8\" data-element_type=\"widget\" data-e-type=\"widget\" data-widget_type=\"heading.default\">\n\t\t\t\t\t<h2 class=\"elementor-heading-title elementor-size-default\">Contenuto<\/h2>\t\t\t\t<\/div>\n\t\t\t\t<div class=\"elementor-element elementor-element-c93d20b elementor-widget elementor-widget-text-editor\" data-id=\"c93d20b\" data-element_type=\"widget\" data-e-type=\"widget\" data-widget_type=\"text-editor.default\">\n\t\t\t\t\t\t\t\t\t<p>Ogni confezione contiene :<\/p><ul><li>10 pacchi di carta millimetrata termica con piegatura a Z, formato per pacco 110 mm \u00d7 140 mm \u00d7 144 fogli, compatibile con Edan SE-601A, SE-601B, SE-601C<\/li><\/ul>\t\t\t\t\t\t\t\t<\/div>\n\t\t\t\t<\/div>\n\t\t\t\t<\/div>\n\t\t\t\t<\/div>\n\t\t","protected":false},"excerpt":{"rendered":"<p>Carta millimetrata termica per la stampa di elettrocardiogrammi sui dispositivi Edan SE-601. Compatibile con le varianti SE-601A, SE-601B e SE-601C. Formato di piegatura a Z 110 mm \u00d7 140 mm, 144 fogli per pacco. La tecnologia termica garantisce linee pulite e registrazioni di lunga durata. Non sono necessari materiali di consumo a base di inchiostro. Venduto in scatole da 10 mazzi.     <\/p>\n","protected":false},"featured_media":64288,"template":"","meta":{"_acf_changed":false},"product_brand":[2082],"product_cat":[966,1092],"product_tag":[8109,8110,8112,8081,8078,8111,8108,8085,8080,8084],"class_list":{"0":"post-64286","1":"product","2":"type-product","3":"status-publish","4":"has-post-thumbnail","6":"product_brand-edan-it","7":"product_cat-elettrocardiografi","8":"product_cat-consumabili-elettrocardiografi","9":"product_tag-accessorio-se-601","10":"product_tag-carta-ecg-piegata-a-z","11":"product_tag-carta-per-ecg-a-6-canali","12":"product_tag-carta-per-lecg","13":"product_tag-carta-termica-per-ecg","14":"product_tag-fascio-ecg-144-fogli","15":"product_tag-fascio-ecg-da-110-mm","16":"product_tag-materiali-di-consumo-per-ecg-svizzera","17":"product_tag-materiali-di-consumo-per-elettrocardiografi","18":"product_tag-stampa-termica-dellecg","20":"first","21":"instock","22":"taxable","23":"shipping-taxable","24":"purchasable","25":"product-type-simple"},"acf":[],"yoast_head":"<!-- This site is optimized with the Yoast SEO Premium plugin v27.6 (Yoast SEO v27.6) - https:\/\/yoast.com\/product\/yoast-seo-premium-wordpress\/ -->\n<title>Carta ECG Edan SE-601 | Swixed SA<\/title>\n<meta name=\"description\" content=\"Fasci di carta termica ECG 110 x 140 mm, 144 fogli, compatibile con Edan SE-601A, SE-601B e SE-601C. Confezione da 10 pacchi. Consegna in Svizzera.\" \/>\n<meta name=\"robots\" content=\"index, follow, max-snippet:-1, max-image-preview:large, max-video-preview:-1\" \/>\n<link rel=\"canonical\" href=\"https:\/\/swixed.ch\/it\/prodotto\/carta-per-ecg-edan-se-3-se-301-se-300b-10-pezzi-copie\/\" \/>\n<meta property=\"og:locale\" content=\"it_IT\" \/>\n<meta property=\"og:type\" content=\"article\" \/>\n<meta property=\"og:title\" content=\"Carta per ECG Edan SE-601 (10 pezzi)\" \/>\n<meta property=\"og:description\" content=\"Fasci di carta termica ECG 110 x 140 mm, 144 fogli, compatibile con Edan SE-601A, SE-601B e SE-601C. Confezione da 10 pacchi. Consegna in Svizzera.\" \/>\n<meta property=\"og:url\" content=\"https:\/\/swixed.ch\/it\/prodotto\/carta-per-ecg-edan-se-3-se-301-se-300b-10-pezzi-copie\/\" \/>\n<meta property=\"og:site_name\" content=\"Swixed SA\" \/>\n<meta property=\"article:publisher\" content=\"https:\/\/www.facebook.com\/swixed\" \/>\n<meta property=\"article:modified_time\" content=\"2026-05-12T19:55:04+00:00\" \/>\n<meta property=\"og:image\" content=\"https:\/\/swixed.ch\/wp-content\/uploads\/2026\/05\/SED17008-01.png\" \/>\n\t<meta property=\"og:image:width\" content=\"600\" \/>\n\t<meta property=\"og:image:height\" content=\"600\" \/>\n\t<meta property=\"og:image:type\" content=\"image\/png\" \/>\n<meta name=\"twitter:card\" content=\"summary_large_image\" \/>\n<meta name=\"twitter:label1\" content=\"Tempo di lettura stimato\" \/>\n\t<meta name=\"twitter:data1\" content=\"2 minuti\" \/>\n<script type=\"application\/ld+json\" class=\"yoast-schema-graph\">{\"@context\":\"https:\\\/\\\/schema.org\",\"@graph\":[{\"@type\":\"WebPage\",\"@id\":\"https:\\\/\\\/swixed.ch\\\/it\\\/prodotto\\\/carta-per-ecg-edan-se-3-se-301-se-300b-10-pezzi-copie\\\/\",\"url\":\"https:\\\/\\\/swixed.ch\\\/it\\\/prodotto\\\/carta-per-ecg-edan-se-3-se-301-se-300b-10-pezzi-copie\\\/\",\"name\":\"Carta ECG Edan SE-601 | Swixed SA\",\"isPartOf\":{\"@id\":\"https:\\\/\\\/swixed.ch\\\/it\\\/#website\"},\"primaryImageOfPage\":{\"@id\":\"https:\\\/\\\/swixed.ch\\\/it\\\/prodotto\\\/carta-per-ecg-edan-se-3-se-301-se-300b-10-pezzi-copie\\\/#primaryimage\"},\"image\":{\"@id\":\"https:\\\/\\\/swixed.ch\\\/it\\\/prodotto\\\/carta-per-ecg-edan-se-3-se-301-se-300b-10-pezzi-copie\\\/#primaryimage\"},\"thumbnailUrl\":\"https:\\\/\\\/swixed.ch\\\/wp-content\\\/uploads\\\/2026\\\/05\\\/SED17008-01.png\",\"datePublished\":\"2026-05-02T18:47:07+00:00\",\"dateModified\":\"2026-05-12T19:55:04+00:00\",\"description\":\"Fasci di carta termica ECG 110 x 140 mm, 144 fogli, compatibile con Edan SE-601A, SE-601B e SE-601C. Confezione da 10 pacchi. Consegna in Svizzera.\",\"breadcrumb\":{\"@id\":\"https:\\\/\\\/swixed.ch\\\/it\\\/prodotto\\\/carta-per-ecg-edan-se-3-se-301-se-300b-10-pezzi-copie\\\/#breadcrumb\"},\"inLanguage\":\"it-IT\",\"potentialAction\":[{\"@type\":\"ReadAction\",\"target\":[\"https:\\\/\\\/swixed.ch\\\/it\\\/prodotto\\\/carta-per-ecg-edan-se-3-se-301-se-300b-10-pezzi-copie\\\/\"]}]},{\"@type\":\"ImageObject\",\"inLanguage\":\"it-IT\",\"@id\":\"https:\\\/\\\/swixed.ch\\\/it\\\/prodotto\\\/carta-per-ecg-edan-se-3-se-301-se-300b-10-pezzi-copie\\\/#primaryimage\",\"url\":\"https:\\\/\\\/swixed.ch\\\/wp-content\\\/uploads\\\/2026\\\/05\\\/SED17008-01.png\",\"contentUrl\":\"https:\\\/\\\/swixed.ch\\\/wp-content\\\/uploads\\\/2026\\\/05\\\/SED17008-01.png\",\"width\":600,\"height\":600,\"caption\":\"SED17008\"},{\"@type\":\"BreadcrumbList\",\"@id\":\"https:\\\/\\\/swixed.ch\\\/it\\\/prodotto\\\/carta-per-ecg-edan-se-3-se-301-se-300b-10-pezzi-copie\\\/#breadcrumb\",\"itemListElement\":[{\"@type\":\"ListItem\",\"position\":1,\"name\":\"Home\",\"item\":\"https:\\\/\\\/swixed.ch\\\/it\\\/home\\\/\"},{\"@type\":\"ListItem\",\"position\":2,\"name\":\"Negozio\",\"item\":\"https:\\\/\\\/swixed.ch\\\/it\\\/shop\\\/\"},{\"@type\":\"ListItem\",\"position\":3,\"name\":\"Carta per ECG Edan SE-601 (10 pezzi)\"}]},{\"@type\":\"WebSite\",\"@id\":\"https:\\\/\\\/swixed.ch\\\/it\\\/#website\",\"url\":\"https:\\\/\\\/swixed.ch\\\/it\\\/\",\"name\":\"Swixed SA\",\"description\":\"Dispositivi elettronici\",\"publisher\":{\"@id\":\"https:\\\/\\\/swixed.ch\\\/it\\\/#organization\"},\"potentialAction\":[{\"@type\":\"SearchAction\",\"target\":{\"@type\":\"EntryPoint\",\"urlTemplate\":\"https:\\\/\\\/swixed.ch\\\/it\\\/?s={search_term_string}\"},\"query-input\":{\"@type\":\"PropertyValueSpecification\",\"valueRequired\":true,\"valueName\":\"search_term_string\"}}],\"inLanguage\":\"it-IT\"},{\"@type\":\"Organization\",\"@id\":\"https:\\\/\\\/swixed.ch\\\/it\\\/#organization\",\"name\":\"Swixed SA\",\"url\":\"https:\\\/\\\/swixed.ch\\\/it\\\/\",\"logo\":{\"@type\":\"ImageObject\",\"inLanguage\":\"it-IT\",\"@id\":\"https:\\\/\\\/swixed.ch\\\/it\\\/#\\\/schema\\\/logo\\\/image\\\/\",\"url\":\"https:\\\/\\\/swixed.ch\\\/wp-content\\\/uploads\\\/logos\\\/swixed-logo-lite.png\",\"contentUrl\":\"https:\\\/\\\/swixed.ch\\\/wp-content\\\/uploads\\\/logos\\\/swixed-logo-lite.png\",\"width\":696,\"height\":696,\"caption\":\"Swixed SA\"},\"image\":{\"@id\":\"https:\\\/\\\/swixed.ch\\\/it\\\/#\\\/schema\\\/logo\\\/image\\\/\"},\"sameAs\":[\"https:\\\/\\\/www.facebook.com\\\/swixed\",\"https:\\\/\\\/www.linkedin.com\\\/company\\\/swixed\",\"https:\\\/\\\/www.youtube.com\\\/@swixedsa\"],\"description\":\"Swixed SA est une entreprise suisse bas\u00e9e \u00e0 Gen\u00e8ve, sp\u00e9cialis\u00e9e dans la vente, la location et la maintenance d\u2019appareils m\u00e9dicaux professionnels, tels que d\u00e9fibrillateurs AED, \u00e9lectrocardiographes, moniteurs patient et dispositifs de diagnostic.\",\"email\":\"infoshop@swixed.ch\",\"telephone\":\"+41 22 566 11 95\",\"legalName\":\"Swixed SA\",\"foundingDate\":\"2021-03-01\",\"numberOfEmployees\":{\"@type\":\"QuantitativeValue\",\"minValue\":\"1\",\"maxValue\":\"10\"}}]}<\/script>\n<!-- \/ Yoast SEO Premium plugin. -->","yoast_head_json":{"title":"Carta ECG Edan SE-601 | Swixed SA","description":"Fasci di carta termica ECG 110 x 140 mm, 144 fogli, compatibile con Edan SE-601A, SE-601B e SE-601C. Confezione da 10 pacchi. Consegna in Svizzera.","robots":{"index":"index","follow":"follow","max-snippet":"max-snippet:-1","max-image-preview":"max-image-preview:large","max-video-preview":"max-video-preview:-1"},"canonical":"https:\/\/swixed.ch\/it\/prodotto\/carta-per-ecg-edan-se-3-se-301-se-300b-10-pezzi-copie\/","og_locale":"it_IT","og_type":"article","og_title":"Carta per ECG Edan SE-601 (10 pezzi)","og_description":"Fasci di carta termica ECG 110 x 140 mm, 144 fogli, compatibile con Edan SE-601A, SE-601B e SE-601C. Confezione da 10 pacchi. Consegna in Svizzera.","og_url":"https:\/\/swixed.ch\/it\/prodotto\/carta-per-ecg-edan-se-3-se-301-se-300b-10-pezzi-copie\/","og_site_name":"Swixed SA","article_publisher":"https:\/\/www.facebook.com\/swixed","article_modified_time":"2026-05-12T19:55:04+00:00","og_image":[{"width":600,"height":600,"url":"https:\/\/swixed.ch\/wp-content\/uploads\/2026\/05\/SED17008-01.png","type":"image\/png"}],"twitter_card":"summary_large_image","twitter_misc":{"Tempo di lettura stimato":"2 minuti"},"schema":{"@context":"https:\/\/schema.org","@graph":[{"@type":"WebPage","@id":"https:\/\/swixed.ch\/it\/prodotto\/carta-per-ecg-edan-se-3-se-301-se-300b-10-pezzi-copie\/","url":"https:\/\/swixed.ch\/it\/prodotto\/carta-per-ecg-edan-se-3-se-301-se-300b-10-pezzi-copie\/","name":"Carta ECG Edan SE-601 | Swixed SA","isPartOf":{"@id":"https:\/\/swixed.ch\/it\/#website"},"primaryImageOfPage":{"@id":"https:\/\/swixed.ch\/it\/prodotto\/carta-per-ecg-edan-se-3-se-301-se-300b-10-pezzi-copie\/#primaryimage"},"image":{"@id":"https:\/\/swixed.ch\/it\/prodotto\/carta-per-ecg-edan-se-3-se-301-se-300b-10-pezzi-copie\/#primaryimage"},"thumbnailUrl":"https:\/\/swixed.ch\/wp-content\/uploads\/2026\/05\/SED17008-01.png","datePublished":"2026-05-02T18:47:07+00:00","dateModified":"2026-05-12T19:55:04+00:00","description":"Fasci di carta termica ECG 110 x 140 mm, 144 fogli, compatibile con Edan SE-601A, SE-601B e SE-601C. Confezione da 10 pacchi. Consegna in Svizzera.","breadcrumb":{"@id":"https:\/\/swixed.ch\/it\/prodotto\/carta-per-ecg-edan-se-3-se-301-se-300b-10-pezzi-copie\/#breadcrumb"},"inLanguage":"it-IT","potentialAction":[{"@type":"ReadAction","target":["https:\/\/swixed.ch\/it\/prodotto\/carta-per-ecg-edan-se-3-se-301-se-300b-10-pezzi-copie\/"]}]},{"@type":"ImageObject","inLanguage":"it-IT","@id":"https:\/\/swixed.ch\/it\/prodotto\/carta-per-ecg-edan-se-3-se-301-se-300b-10-pezzi-copie\/#primaryimage","url":"https:\/\/swixed.ch\/wp-content\/uploads\/2026\/05\/SED17008-01.png","contentUrl":"https:\/\/swixed.ch\/wp-content\/uploads\/2026\/05\/SED17008-01.png","width":600,"height":600,"caption":"SED17008"},{"@type":"BreadcrumbList","@id":"https:\/\/swixed.ch\/it\/prodotto\/carta-per-ecg-edan-se-3-se-301-se-300b-10-pezzi-copie\/#breadcrumb","itemListElement":[{"@type":"ListItem","position":1,"name":"Home","item":"https:\/\/swixed.ch\/it\/home\/"},{"@type":"ListItem","position":2,"name":"Negozio","item":"https:\/\/swixed.ch\/it\/shop\/"},{"@type":"ListItem","position":3,"name":"Carta per ECG Edan SE-601 (10 pezzi)"}]},{"@type":"WebSite","@id":"https:\/\/swixed.ch\/it\/#website","url":"https:\/\/swixed.ch\/it\/","name":"Swixed SA","description":"Dispositivi elettronici","publisher":{"@id":"https:\/\/swixed.ch\/it\/#organization"},"potentialAction":[{"@type":"SearchAction","target":{"@type":"EntryPoint","urlTemplate":"https:\/\/swixed.ch\/it\/?s={search_term_string}"},"query-input":{"@type":"PropertyValueSpecification","valueRequired":true,"valueName":"search_term_string"}}],"inLanguage":"it-IT"},{"@type":"Organization","@id":"https:\/\/swixed.ch\/it\/#organization","name":"Swixed SA","url":"https:\/\/swixed.ch\/it\/","logo":{"@type":"ImageObject","inLanguage":"it-IT","@id":"https:\/\/swixed.ch\/it\/#\/schema\/logo\/image\/","url":"https:\/\/swixed.ch\/wp-content\/uploads\/logos\/swixed-logo-lite.png","contentUrl":"https:\/\/swixed.ch\/wp-content\/uploads\/logos\/swixed-logo-lite.png","width":696,"height":696,"caption":"Swixed SA"},"image":{"@id":"https:\/\/swixed.ch\/it\/#\/schema\/logo\/image\/"},"sameAs":["https:\/\/www.facebook.com\/swixed","https:\/\/www.linkedin.com\/company\/swixed","https:\/\/www.youtube.com\/@swixedsa"],"description":"Swixed SA est une entreprise suisse bas\u00e9e \u00e0 Gen\u00e8ve, sp\u00e9cialis\u00e9e dans la vente, la location et la maintenance d\u2019appareils m\u00e9dicaux professionnels, tels que d\u00e9fibrillateurs AED, \u00e9lectrocardiographes, moniteurs patient et dispositifs de diagnostic.","email":"infoshop@swixed.ch","telephone":"+41 22 566 11 95","legalName":"Swixed SA","foundingDate":"2021-03-01","numberOfEmployees":{"@type":"QuantitativeValue","minValue":"1","maxValue":"10"}}]}},"_links":{"self":[{"href":"https:\/\/swixed.ch\/it\/wp-json\/wp\/v2\/product\/64286","targetHints":{"allow":["GET"]}}],"collection":[{"href":"https:\/\/swixed.ch\/it\/wp-json\/wp\/v2\/product"}],"about":[{"href":"https:\/\/swixed.ch\/it\/wp-json\/wp\/v2\/types\/product"}],"version-history":[{"count":4,"href":"https:\/\/swixed.ch\/it\/wp-json\/wp\/v2\/product\/64286\/revisions"}],"predecessor-version":[{"id":64421,"href":"https:\/\/swixed.ch\/it\/wp-json\/wp\/v2\/product\/64286\/revisions\/64421"}],"wp:featuredmedia":[{"embeddable":true,"href":"https:\/\/swixed.ch\/it\/wp-json\/wp\/v2\/media\/64288"}],"wp:attachment":[{"href":"https:\/\/swixed.ch\/it\/wp-json\/wp\/v2\/media?parent=64286"}],"wp:term":[{"taxonomy":"product_brand","embeddable":true,"href":"https:\/\/swixed.ch\/it\/wp-json\/wp\/v2\/product_brand?post=64286"},{"taxonomy":"product_cat","embeddable":true,"href":"https:\/\/swixed.ch\/it\/wp-json\/wp\/v2\/product_cat?post=64286"},{"taxonomy":"product_tag","embeddable":true,"href":"https:\/\/swixed.ch\/it\/wp-json\/wp\/v2\/product_tag?post=64286"}],"curies":[{"name":"wp","href":"https:\/\/api.w.org\/{rel}","templated":true}]}}