{"id":64346,"date":"2026-05-03T09:33:24","date_gmt":"2026-05-03T08:33:24","guid":{"rendered":"https:\/\/swixed.ch\/?post_type=product&#038;p=64346"},"modified":"2026-05-12T21:55:07","modified_gmt":"2026-05-12T19:55:07","slug":"carta-per-ecg-edan-se-1200-se-1202-se-12-express-se-1200-express-10-fogli-copie","status":"publish","type":"product","link":"https:\/\/swixed.ch\/it\/prodotto\/carta-per-ecg-edan-se-1200-se-1202-se-12-express-se-1200-express-10-fogli-copie\/","title":{"rendered":"Carta per ECG Schiller AT-102 \/ AT-102+ \/ AT-102 G2 \/ CS-200 Excellence (10 pezzi)"},"content":{"rendered":"\t\t<div data-elementor-type=\"product-post\" data-elementor-id=\"64346\" class=\"elementor elementor-64346 elementor-64344\" data-elementor-post-type=\"product\">\n\t\t\t\t<div class=\"elementor-element elementor-element-0a6b789 e-con-full e-flex e-con e-parent\" data-id=\"0a6b789\" data-element_type=\"container\" data-e-type=\"container\">\n\t\t<div class=\"elementor-element elementor-element-af97cbc e-con-full e-flex e-con e-child\" data-id=\"af97cbc\" data-element_type=\"container\" data-e-type=\"container\">\n\t\t\t\t<div class=\"elementor-element elementor-element-f7afebf elementor-widget elementor-widget-heading\" data-id=\"f7afebf\" data-element_type=\"widget\" data-e-type=\"widget\" data-widget_type=\"heading.default\">\n\t\t\t\t\t<h2 class=\"elementor-heading-title elementor-size-default\">Caratteristiche principali<\/h2>\t\t\t\t<\/div>\n\t\t\t\t<div class=\"elementor-element elementor-element-23b1194 elementor-widget elementor-widget-text-editor\" data-id=\"23b1194\" data-element_type=\"widget\" data-e-type=\"widget\" data-widget_type=\"text-editor.default\">\n\t\t\t\t\t\t\t\t\t<p>La carta per ECG Schiller Cardiovit AT-102 \u00e8 un fascicolo termico standard A4 con piegatura a Z progettato per essere utilizzato con gli elettrocardiografi a 12 canali Schiller Cardiovit AT-102, AT-102+, AT-102 G2 e CS-200 Excellence. Questo formato A4 completo (210 \u00d7 297 mm) si differenzia dal formato mezzo A4 per l&#8217;area di stampa pi\u00f9 ampia, pi\u00f9 adatta alla creazione di grafici multi-derivazione e all&#8217;archiviazione di carta standard. <\/p><p>Ecco le sue caratteristiche principali:<\/p><ul><li>Formato: piega a Z A4 &#8211; 210 mm \u00d7 297 mm per foglio<\/li><li>Numero di fogli: 100 fogli per pacco<\/li><li>Tecnologia: carta termica senza inchiostro, senza BPA (bisfenolo A)<\/li><li>Griglia: scala millimetrica, adatta per la lettura di tracciati ECG<\/li><li>Inserimento: facile ricarica nella stampante termica integrata<\/li><li>Compatibilit\u00e0: Schiller Cardiovit AT-102, AT-102+, AT-102 G2, CS-200 Excellence<\/li><li>Marchio CE: CE0044<\/li><li>Confezione: scatola da 10 mazzetti<\/li><\/ul><p><br>Inoltre, il formato A4 della piega a Z corrisponde alle specifiche originali della stampante termica integrata in questi modelli. Questo garantisce un funzionamento regolare e una stampa senza offset della griglia millimetrata. <\/p>\t\t\t\t\t\t\t\t<\/div>\n\t\t\t\t<div class=\"elementor-element elementor-element-0f08e99 elementor-widget elementor-widget-heading\" data-id=\"0f08e99\" data-element_type=\"widget\" data-e-type=\"widget\" data-widget_type=\"heading.default\">\n\t\t\t\t\t<h2 class=\"elementor-heading-title elementor-size-default\">Caratteristiche<\/h2>\t\t\t\t<\/div>\n\t\t\t\t<div class=\"elementor-element elementor-element-a90ea81 elementor-widget elementor-widget-text-editor\" data-id=\"a90ea81\" data-element_type=\"widget\" data-e-type=\"widget\" data-widget_type=\"text-editor.default\">\n\t\t\t\t\t\t\t\t\t<p>Questa carta termica A4 con piegatura a Z produce una linea pulita grazie all&#8217;elevato contrasto tra lo sfondo bianco e le linee stampate. Inoltre, la formulazione priva di BPA soddisfa i requisiti degli ambienti professionali soggetti a severi standard di sicurezza. <\/p><p>Le caratteristiche principali includono<\/p><ul><li>Stampa termica diretta: attivazione a caldo, non sono necessari materiali di consumo secondari.<\/li><li>Formato A4 con piegatura a Z: fogli prepiegati per una rapida rimozione dopo la stampa<\/li><li>Griglia millimetrica: facilita la lettura e la misurazione dei conduttori sulla traccia.<\/li><li>Senza BPA: formulazione priva di bisfenolo A, adatta agli ambienti di lavoro regolamentati.<\/li><li>Ricarica rapida: il fardello viene inserito direttamente nel vano carta dei modelli compatibili.<\/li><li>Compatibilit\u00e0 con lo stress test: copre anche il sistema CS-200 Excellence per gli ECG da sforzo.<\/li><li>Conservazione: conservare lontano da calore, umidit\u00e0 e luce diretta.<\/li><\/ul><p><br>La carta \u00e8 quindi adatta sia per gli ECG a riposo che per quelli sotto sforzo, per un uso professionale.<\/p>\t\t\t\t\t\t\t\t<\/div>\n\t\t\t\t<div class=\"elementor-element elementor-element-053ee92 elementor-widget elementor-widget-heading\" data-id=\"053ee92\" data-element_type=\"widget\" data-e-type=\"widget\" data-widget_type=\"heading.default\">\n\t\t\t\t\t<h2 class=\"elementor-heading-title elementor-size-default\">Utilizzo e quadro normativo in Svizzera<\/h2>\t\t\t\t<\/div>\n\t\t\t\t<div class=\"elementor-element elementor-element-9766692 elementor-widget elementor-widget-text-editor\" data-id=\"9766692\" data-element_type=\"widget\" data-e-type=\"widget\" data-widget_type=\"text-editor.default\">\n\t\t\t\t\t\t\t\t\t<p>In Svizzera, i materiali di consumo relativi ai dispositivi medici con marchio CE sono soggetti all&#8217;Ordinanza sui Dispositivi Medici (ODim \/ MedDO). La sorveglianza del mercato \u00e8 responsabilit\u00e0 di Swissmedic, l&#8217;autorit\u00e0 nazionale competente. <br><br>Questa carta per ECG \u00e8 un materiale di consumo sostitutivo per gli elettrocardiografi Schiller Cardiovit AT-102, AT-102 G2 e CS-200 Excellence. Ha il marchio CE0044 ed \u00e8 classificata come Im (accessorio con funzione di misurazione). Il suo utilizzo non altera la classe normativa del dispositivo ospite.  <br>\t\t<div data-elementor-type=\"widget\" data-elementor-id=\"59086\" class=\"elementor elementor-59086 elementor-59083 elementor-59083\" data-elementor-post-type=\"elementor_library\">\n\t\t\t\t\t\t<div class=\"elementor-element elementor-element-59083 elementor-widget elementor-widget-text-editor\" data-id=\"59083\" data-element_type=\"widget\" data-e-type=\"widget\" data-widget_type=\"text-editor.default\">\n\t\t\t\t\t\t\t\t\t<p>Per maggiori informazioni, consulta :<\/p><ul><li><a href=\"https:\/\/www.swissmedic.ch\" target=\"_blank\" rel=\"noopener\">Swissmedic<\/a><\/li><li><a href=\"https:\/\/www.bag.admin.ch\" target=\"_blank\" rel=\"noopener\">Ufficio federale della sanit\u00e0 pubblica (UFSP)<\/a><\/li><li><a href=\"https:\/\/www.switec.info\" target=\"_blank\" rel=\"noopener\">Centro d&#8217;informazione svizzero per le norme tecniche (Switec)<\/a><\/li><li><a href=\"https:\/\/www.fedlex.admin.ch\/eli\/cc\/2020\/552\/\" target=\"_blank\" rel=\"noopener\">Ordinanza sui dispositivi medici (ODim o MedDO)<\/a><\/li><\/ul><p><br>I nostri dispositivi medici hanno un rappresentante autorizzato in Svizzera (CH-REP), in conformit\u00e0 con l&#8217;attuale legislazione svizzera sui dispositivi medici.<\/p>\t\t\t\t\t\t\t\t<\/div>\n\t\t\t\t<\/div>\n\t\t<\/p>\t\t\t\t\t\t\t\t<\/div>\n\t\t\t\t<div class=\"elementor-element elementor-element-f2c80d8 elementor-widget elementor-widget-heading\" data-id=\"f2c80d8\" data-element_type=\"widget\" data-e-type=\"widget\" data-widget_type=\"heading.default\">\n\t\t\t\t\t<h2 class=\"elementor-heading-title elementor-size-default\">Contenuto<\/h2>\t\t\t\t<\/div>\n\t\t\t\t<div class=\"elementor-element elementor-element-c93d20b elementor-widget elementor-widget-text-editor\" data-id=\"c93d20b\" data-element_type=\"widget\" data-e-type=\"widget\" data-widget_type=\"text-editor.default\">\n\t\t\t\t\t\t\t\t\t<p>Ogni confezione contiene :<\/p><ul><li>10 pacchi di carta termica con piegatura a Z senza BPA, formato per pacco 210 mm \u00d7 297 mm \u00d7 100 fogli, compatibile con Schiller Cardiovit AT-102, AT-102+, AT-102 G2, CS-200 Excellence<\/li><\/ul>\t\t\t\t\t\t\t\t<\/div>\n\t\t\t\t<\/div>\n\t\t\t\t<\/div>\n\t\t\t\t<\/div>\n\t\t","protected":false},"excerpt":{"rendered":"<p>Fogli di carta termica A4 con piegatura a Z per gli elettrocardiografi Schiller Cardiovit AT-102, AT-102+, AT-102 G2 e CS-200 Excellence. Formato 210 mm \u00d7 297 mm, 100 fogli per mazzo, senza BPA. La tecnologia termica diretta garantisce una linea pulita e registrazioni di lunga durata. Marchio CE0044. Venduto in scatole da 10 mazzetti.    <\/p>\n","protected":false},"featured_media":64348,"template":"","meta":{"_acf_changed":false},"product_brand":[2180],"product_cat":[966,1092],"product_tag":[8146,8110,8138,8081,8078,8147,8136,8085,8080,8148],"class_list":{"0":"post-64346","1":"product","2":"type-product","3":"status-publish","4":"has-post-thumbnail","6":"product_brand-schiller-it","7":"product_cat-elettrocardiografi","8":"product_cat-consumabili-elettrocardiografi","9":"product_tag-accessorio-cardiovit-at-102","10":"product_tag-carta-ecg-piegata-a-z","11":"product_tag-carta-per-ecg-senza-bpa","12":"product_tag-carta-per-lecg","13":"product_tag-carta-termica-per-ecg","14":"product_tag-fascio-ecg-100-fogli","15":"product_tag-fascio-ecg-a4","16":"product_tag-materiali-di-consumo-per-ecg-svizzera","17":"product_tag-materiali-di-consumo-per-elettrocardiografi","18":"product_tag-test-da-sforzo-ecg-cartaceo","20":"first","21":"instock","22":"taxable","23":"shipping-taxable","24":"purchasable","25":"product-type-simple"},"acf":[],"yoast_head":"<!-- This site is optimized with the Yoast SEO Premium plugin v27.6 (Yoast SEO v27.6) - https:\/\/yoast.com\/product\/yoast-seo-premium-wordpress\/ -->\n<title>Carta per ECG Schiller Cardiovit AT-102 \/ AT-102 G2 \/ CS-200 - A4 |% Swixed SA%<\/title>\n<meta name=\"description\" content=\"Fagotto di carta termica per ECG A4 210 x 297 mm, 100 fogli senza BPA. Compatibile con Schiller AT-102, AT-102 G2, CS-200 Excellence. Confezione da 10 pacchi.\" \/>\n<meta name=\"robots\" content=\"index, follow, max-snippet:-1, max-image-preview:large, max-video-preview:-1\" \/>\n<link rel=\"canonical\" href=\"https:\/\/swixed.ch\/it\/prodotto\/carta-per-ecg-edan-se-1200-se-1202-se-12-express-se-1200-express-10-fogli-copie\/\" \/>\n<meta property=\"og:locale\" content=\"it_IT\" \/>\n<meta property=\"og:type\" content=\"article\" \/>\n<meta property=\"og:title\" content=\"Carta per ECG Schiller AT-102 \/ AT-102+ \/ AT-102 G2 \/ CS-200 Excellence (10 pezzi)\" \/>\n<meta property=\"og:description\" content=\"Fagotto di carta termica per ECG A4 210 x 297 mm, 100 fogli senza BPA. Compatibile con Schiller AT-102, AT-102 G2, CS-200 Excellence. Confezione da 10 pacchi.\" \/>\n<meta property=\"og:url\" content=\"https:\/\/swixed.ch\/it\/prodotto\/carta-per-ecg-edan-se-1200-se-1202-se-12-express-se-1200-express-10-fogli-copie\/\" \/>\n<meta property=\"og:site_name\" content=\"Swixed SA\" \/>\n<meta property=\"article:publisher\" content=\"https:\/\/www.facebook.com\/swixed\" \/>\n<meta property=\"article:modified_time\" content=\"2026-05-12T19:55:07+00:00\" \/>\n<meta property=\"og:image\" content=\"https:\/\/swixed.ch\/wp-content\/uploads\/2026\/05\/SED17011-01.png\" \/>\n\t<meta property=\"og:image:width\" content=\"600\" \/>\n\t<meta property=\"og:image:height\" content=\"600\" \/>\n\t<meta property=\"og:image:type\" content=\"image\/png\" \/>\n<meta name=\"twitter:card\" content=\"summary_large_image\" \/>\n<meta name=\"twitter:label1\" content=\"Tempo di lettura stimato\" \/>\n\t<meta name=\"twitter:data1\" content=\"2 minuti\" \/>\n<script type=\"application\/ld+json\" class=\"yoast-schema-graph\">{\"@context\":\"https:\\\/\\\/schema.org\",\"@graph\":[{\"@type\":\"WebPage\",\"@id\":\"https:\\\/\\\/swixed.ch\\\/it\\\/prodotto\\\/carta-per-ecg-edan-se-1200-se-1202-se-12-express-se-1200-express-10-fogli-copie\\\/\",\"url\":\"https:\\\/\\\/swixed.ch\\\/it\\\/prodotto\\\/carta-per-ecg-edan-se-1200-se-1202-se-12-express-se-1200-express-10-fogli-copie\\\/\",\"name\":\"Carta per ECG Schiller Cardiovit AT-102 \\\/ AT-102 G2 \\\/ CS-200 - A4 |% Swixed SA%\",\"isPartOf\":{\"@id\":\"https:\\\/\\\/swixed.ch\\\/it\\\/#website\"},\"primaryImageOfPage\":{\"@id\":\"https:\\\/\\\/swixed.ch\\\/it\\\/prodotto\\\/carta-per-ecg-edan-se-1200-se-1202-se-12-express-se-1200-express-10-fogli-copie\\\/#primaryimage\"},\"image\":{\"@id\":\"https:\\\/\\\/swixed.ch\\\/it\\\/prodotto\\\/carta-per-ecg-edan-se-1200-se-1202-se-12-express-se-1200-express-10-fogli-copie\\\/#primaryimage\"},\"thumbnailUrl\":\"https:\\\/\\\/swixed.ch\\\/wp-content\\\/uploads\\\/2026\\\/05\\\/SED17011-01.png\",\"datePublished\":\"2026-05-03T08:33:24+00:00\",\"dateModified\":\"2026-05-12T19:55:07+00:00\",\"description\":\"Fagotto di carta termica per ECG A4 210 x 297 mm, 100 fogli senza BPA. Compatibile con Schiller AT-102, AT-102 G2, CS-200 Excellence. Confezione da 10 pacchi.\",\"breadcrumb\":{\"@id\":\"https:\\\/\\\/swixed.ch\\\/it\\\/prodotto\\\/carta-per-ecg-edan-se-1200-se-1202-se-12-express-se-1200-express-10-fogli-copie\\\/#breadcrumb\"},\"inLanguage\":\"it-IT\",\"potentialAction\":[{\"@type\":\"ReadAction\",\"target\":[\"https:\\\/\\\/swixed.ch\\\/it\\\/prodotto\\\/carta-per-ecg-edan-se-1200-se-1202-se-12-express-se-1200-express-10-fogli-copie\\\/\"]}]},{\"@type\":\"ImageObject\",\"inLanguage\":\"it-IT\",\"@id\":\"https:\\\/\\\/swixed.ch\\\/it\\\/prodotto\\\/carta-per-ecg-edan-se-1200-se-1202-se-12-express-se-1200-express-10-fogli-copie\\\/#primaryimage\",\"url\":\"https:\\\/\\\/swixed.ch\\\/wp-content\\\/uploads\\\/2026\\\/05\\\/SED17011-01.png\",\"contentUrl\":\"https:\\\/\\\/swixed.ch\\\/wp-content\\\/uploads\\\/2026\\\/05\\\/SED17011-01.png\",\"width\":600,\"height\":600,\"caption\":\"SED17011\"},{\"@type\":\"BreadcrumbList\",\"@id\":\"https:\\\/\\\/swixed.ch\\\/it\\\/prodotto\\\/carta-per-ecg-edan-se-1200-se-1202-se-12-express-se-1200-express-10-fogli-copie\\\/#breadcrumb\",\"itemListElement\":[{\"@type\":\"ListItem\",\"position\":1,\"name\":\"Home\",\"item\":\"https:\\\/\\\/swixed.ch\\\/it\\\/home\\\/\"},{\"@type\":\"ListItem\",\"position\":2,\"name\":\"Negozio\",\"item\":\"https:\\\/\\\/swixed.ch\\\/it\\\/shop\\\/\"},{\"@type\":\"ListItem\",\"position\":3,\"name\":\"Carta per ECG Schiller AT-102 \\\/ AT-102+ \\\/ AT-102 G2 \\\/ CS-200 Excellence (10 pezzi)\"}]},{\"@type\":\"WebSite\",\"@id\":\"https:\\\/\\\/swixed.ch\\\/it\\\/#website\",\"url\":\"https:\\\/\\\/swixed.ch\\\/it\\\/\",\"name\":\"Swixed SA\",\"description\":\"Dispositivi elettronici\",\"publisher\":{\"@id\":\"https:\\\/\\\/swixed.ch\\\/it\\\/#organization\"},\"potentialAction\":[{\"@type\":\"SearchAction\",\"target\":{\"@type\":\"EntryPoint\",\"urlTemplate\":\"https:\\\/\\\/swixed.ch\\\/it\\\/?s={search_term_string}\"},\"query-input\":{\"@type\":\"PropertyValueSpecification\",\"valueRequired\":true,\"valueName\":\"search_term_string\"}}],\"inLanguage\":\"it-IT\"},{\"@type\":\"Organization\",\"@id\":\"https:\\\/\\\/swixed.ch\\\/it\\\/#organization\",\"name\":\"Swixed SA\",\"url\":\"https:\\\/\\\/swixed.ch\\\/it\\\/\",\"logo\":{\"@type\":\"ImageObject\",\"inLanguage\":\"it-IT\",\"@id\":\"https:\\\/\\\/swixed.ch\\\/it\\\/#\\\/schema\\\/logo\\\/image\\\/\",\"url\":\"https:\\\/\\\/swixed.ch\\\/wp-content\\\/uploads\\\/logos\\\/swixed-logo-lite.png\",\"contentUrl\":\"https:\\\/\\\/swixed.ch\\\/wp-content\\\/uploads\\\/logos\\\/swixed-logo-lite.png\",\"width\":696,\"height\":696,\"caption\":\"Swixed SA\"},\"image\":{\"@id\":\"https:\\\/\\\/swixed.ch\\\/it\\\/#\\\/schema\\\/logo\\\/image\\\/\"},\"sameAs\":[\"https:\\\/\\\/www.facebook.com\\\/swixed\",\"https:\\\/\\\/www.linkedin.com\\\/company\\\/swixed\",\"https:\\\/\\\/www.youtube.com\\\/@swixedsa\"],\"description\":\"Swixed SA est une entreprise suisse bas\u00e9e \u00e0 Gen\u00e8ve, sp\u00e9cialis\u00e9e dans la vente, la location et la maintenance d\u2019appareils m\u00e9dicaux professionnels, tels que d\u00e9fibrillateurs AED, \u00e9lectrocardiographes, moniteurs patient et dispositifs de diagnostic.\",\"email\":\"infoshop@swixed.ch\",\"telephone\":\"+41 22 566 11 95\",\"legalName\":\"Swixed SA\",\"foundingDate\":\"2021-03-01\",\"numberOfEmployees\":{\"@type\":\"QuantitativeValue\",\"minValue\":\"1\",\"maxValue\":\"10\"}}]}<\/script>\n<!-- \/ Yoast SEO Premium plugin. -->","yoast_head_json":{"title":"Carta per ECG Schiller Cardiovit AT-102 \/ AT-102 G2 \/ CS-200 - A4 |% Swixed SA%","description":"Fagotto di carta termica per ECG A4 210 x 297 mm, 100 fogli senza BPA. Compatibile con Schiller AT-102, AT-102 G2, CS-200 Excellence. Confezione da 10 pacchi.","robots":{"index":"index","follow":"follow","max-snippet":"max-snippet:-1","max-image-preview":"max-image-preview:large","max-video-preview":"max-video-preview:-1"},"canonical":"https:\/\/swixed.ch\/it\/prodotto\/carta-per-ecg-edan-se-1200-se-1202-se-12-express-se-1200-express-10-fogli-copie\/","og_locale":"it_IT","og_type":"article","og_title":"Carta per ECG Schiller AT-102 \/ AT-102+ \/ AT-102 G2 \/ CS-200 Excellence (10 pezzi)","og_description":"Fagotto di carta termica per ECG A4 210 x 297 mm, 100 fogli senza BPA. Compatibile con Schiller AT-102, AT-102 G2, CS-200 Excellence. Confezione da 10 pacchi.","og_url":"https:\/\/swixed.ch\/it\/prodotto\/carta-per-ecg-edan-se-1200-se-1202-se-12-express-se-1200-express-10-fogli-copie\/","og_site_name":"Swixed SA","article_publisher":"https:\/\/www.facebook.com\/swixed","article_modified_time":"2026-05-12T19:55:07+00:00","og_image":[{"width":600,"height":600,"url":"https:\/\/swixed.ch\/wp-content\/uploads\/2026\/05\/SED17011-01.png","type":"image\/png"}],"twitter_card":"summary_large_image","twitter_misc":{"Tempo di lettura stimato":"2 minuti"},"schema":{"@context":"https:\/\/schema.org","@graph":[{"@type":"WebPage","@id":"https:\/\/swixed.ch\/it\/prodotto\/carta-per-ecg-edan-se-1200-se-1202-se-12-express-se-1200-express-10-fogli-copie\/","url":"https:\/\/swixed.ch\/it\/prodotto\/carta-per-ecg-edan-se-1200-se-1202-se-12-express-se-1200-express-10-fogli-copie\/","name":"Carta per ECG Schiller Cardiovit AT-102 \/ AT-102 G2 \/ CS-200 - A4 |% Swixed SA%","isPartOf":{"@id":"https:\/\/swixed.ch\/it\/#website"},"primaryImageOfPage":{"@id":"https:\/\/swixed.ch\/it\/prodotto\/carta-per-ecg-edan-se-1200-se-1202-se-12-express-se-1200-express-10-fogli-copie\/#primaryimage"},"image":{"@id":"https:\/\/swixed.ch\/it\/prodotto\/carta-per-ecg-edan-se-1200-se-1202-se-12-express-se-1200-express-10-fogli-copie\/#primaryimage"},"thumbnailUrl":"https:\/\/swixed.ch\/wp-content\/uploads\/2026\/05\/SED17011-01.png","datePublished":"2026-05-03T08:33:24+00:00","dateModified":"2026-05-12T19:55:07+00:00","description":"Fagotto di carta termica per ECG A4 210 x 297 mm, 100 fogli senza BPA. Compatibile con Schiller AT-102, AT-102 G2, CS-200 Excellence. Confezione da 10 pacchi.","breadcrumb":{"@id":"https:\/\/swixed.ch\/it\/prodotto\/carta-per-ecg-edan-se-1200-se-1202-se-12-express-se-1200-express-10-fogli-copie\/#breadcrumb"},"inLanguage":"it-IT","potentialAction":[{"@type":"ReadAction","target":["https:\/\/swixed.ch\/it\/prodotto\/carta-per-ecg-edan-se-1200-se-1202-se-12-express-se-1200-express-10-fogli-copie\/"]}]},{"@type":"ImageObject","inLanguage":"it-IT","@id":"https:\/\/swixed.ch\/it\/prodotto\/carta-per-ecg-edan-se-1200-se-1202-se-12-express-se-1200-express-10-fogli-copie\/#primaryimage","url":"https:\/\/swixed.ch\/wp-content\/uploads\/2026\/05\/SED17011-01.png","contentUrl":"https:\/\/swixed.ch\/wp-content\/uploads\/2026\/05\/SED17011-01.png","width":600,"height":600,"caption":"SED17011"},{"@type":"BreadcrumbList","@id":"https:\/\/swixed.ch\/it\/prodotto\/carta-per-ecg-edan-se-1200-se-1202-se-12-express-se-1200-express-10-fogli-copie\/#breadcrumb","itemListElement":[{"@type":"ListItem","position":1,"name":"Home","item":"https:\/\/swixed.ch\/it\/home\/"},{"@type":"ListItem","position":2,"name":"Negozio","item":"https:\/\/swixed.ch\/it\/shop\/"},{"@type":"ListItem","position":3,"name":"Carta per ECG Schiller AT-102 \/ AT-102+ \/ AT-102 G2 \/ CS-200 Excellence (10 pezzi)"}]},{"@type":"WebSite","@id":"https:\/\/swixed.ch\/it\/#website","url":"https:\/\/swixed.ch\/it\/","name":"Swixed SA","description":"Dispositivi elettronici","publisher":{"@id":"https:\/\/swixed.ch\/it\/#organization"},"potentialAction":[{"@type":"SearchAction","target":{"@type":"EntryPoint","urlTemplate":"https:\/\/swixed.ch\/it\/?s={search_term_string}"},"query-input":{"@type":"PropertyValueSpecification","valueRequired":true,"valueName":"search_term_string"}}],"inLanguage":"it-IT"},{"@type":"Organization","@id":"https:\/\/swixed.ch\/it\/#organization","name":"Swixed SA","url":"https:\/\/swixed.ch\/it\/","logo":{"@type":"ImageObject","inLanguage":"it-IT","@id":"https:\/\/swixed.ch\/it\/#\/schema\/logo\/image\/","url":"https:\/\/swixed.ch\/wp-content\/uploads\/logos\/swixed-logo-lite.png","contentUrl":"https:\/\/swixed.ch\/wp-content\/uploads\/logos\/swixed-logo-lite.png","width":696,"height":696,"caption":"Swixed SA"},"image":{"@id":"https:\/\/swixed.ch\/it\/#\/schema\/logo\/image\/"},"sameAs":["https:\/\/www.facebook.com\/swixed","https:\/\/www.linkedin.com\/company\/swixed","https:\/\/www.youtube.com\/@swixedsa"],"description":"Swixed SA est une entreprise suisse bas\u00e9e \u00e0 Gen\u00e8ve, sp\u00e9cialis\u00e9e dans la vente, la location et la maintenance d\u2019appareils m\u00e9dicaux professionnels, tels que d\u00e9fibrillateurs AED, \u00e9lectrocardiographes, moniteurs patient et dispositifs de diagnostic.","email":"infoshop@swixed.ch","telephone":"+41 22 566 11 95","legalName":"Swixed SA","foundingDate":"2021-03-01","numberOfEmployees":{"@type":"QuantitativeValue","minValue":"1","maxValue":"10"}}]}},"_links":{"self":[{"href":"https:\/\/swixed.ch\/it\/wp-json\/wp\/v2\/product\/64346","targetHints":{"allow":["GET"]}}],"collection":[{"href":"https:\/\/swixed.ch\/it\/wp-json\/wp\/v2\/product"}],"about":[{"href":"https:\/\/swixed.ch\/it\/wp-json\/wp\/v2\/types\/product"}],"version-history":[{"count":7,"href":"https:\/\/swixed.ch\/it\/wp-json\/wp\/v2\/product\/64346\/revisions"}],"predecessor-version":[{"id":64559,"href":"https:\/\/swixed.ch\/it\/wp-json\/wp\/v2\/product\/64346\/revisions\/64559"}],"wp:featuredmedia":[{"embeddable":true,"href":"https:\/\/swixed.ch\/it\/wp-json\/wp\/v2\/media\/64348"}],"wp:attachment":[{"href":"https:\/\/swixed.ch\/it\/wp-json\/wp\/v2\/media?parent=64346"}],"wp:term":[{"taxonomy":"product_brand","embeddable":true,"href":"https:\/\/swixed.ch\/it\/wp-json\/wp\/v2\/product_brand?post=64346"},{"taxonomy":"product_cat","embeddable":true,"href":"https:\/\/swixed.ch\/it\/wp-json\/wp\/v2\/product_cat?post=64346"},{"taxonomy":"product_tag","embeddable":true,"href":"https:\/\/swixed.ch\/it\/wp-json\/wp\/v2\/product_tag?post=64346"}],"curies":[{"name":"wp","href":"https:\/\/api.w.org\/{rel}","templated":true}]}}