{"id":64389,"date":"2026-05-03T10:56:45","date_gmt":"2026-05-03T09:56:45","guid":{"rendered":"https:\/\/swixed.ch\/?post_type=product&#038;p=64389"},"modified":"2026-05-12T21:55:10","modified_gmt":"2026-05-12T19:55:10","slug":"carta-per-ecg-cardioline-100l-10-fogli-copie","status":"publish","type":"product","link":"https:\/\/swixed.ch\/it\/prodotto\/carta-per-ecg-cardioline-100l-10-fogli-copie\/","title":{"rendered":"Carta per ECG Cardioline 100S (10 pezzi)"},"content":{"rendered":"\t\t<div data-elementor-type=\"product-post\" data-elementor-id=\"64389\" class=\"elementor elementor-64389 elementor-64388\" data-elementor-post-type=\"product\">\n\t\t\t\t<div class=\"elementor-element elementor-element-0a6b789 e-con-full e-flex e-con e-parent\" data-id=\"0a6b789\" data-element_type=\"container\" data-e-type=\"container\">\n\t\t<div class=\"elementor-element elementor-element-af97cbc e-con-full e-flex e-con e-child\" data-id=\"af97cbc\" data-element_type=\"container\" data-e-type=\"container\">\n\t\t\t\t<div class=\"elementor-element elementor-element-f7afebf elementor-widget elementor-widget-heading\" data-id=\"f7afebf\" data-element_type=\"widget\" data-e-type=\"widget\" data-widget_type=\"heading.default\">\n\t\t\t\t\t<h2 class=\"elementor-heading-title elementor-size-default\">Caratteristiche principali<\/h2>\t\t\t\t<\/div>\n\t\t\t\t<div class=\"elementor-element elementor-element-23b1194 elementor-widget elementor-widget-text-editor\" data-id=\"23b1194\" data-element_type=\"widget\" data-e-type=\"widget\" data-widget_type=\"text-editor.default\">\n\t\t\t\t\t\t\t\t\t<p>La carta ECG Cardioline 100S \u00e8 un faldone termico con piegatura a Z progettato per la stampante integrata dell&#8217;elettrocardiografo a 6 canali Cardioline 100S. A differenza dei formati in rotolo, questo formato a fisarmonica permette di rimuovere rapidamente ogni foglio dopo la stampa. <\/p><p>Ecco le sue caratteristiche principali:<\/p><ul><li>Formato: piega a Z &#8211; 100 mm \u00d7 150 mm per foglio<\/li><li>Numero di fogli: 180 fogli per mazzo<\/li><li>Tecnologia: carta termica senza inchiostro<\/li><li>Griglia: scala millimetrica, adatta per la lettura di tracciati ECG<\/li><li>Compatibilit\u00e0: Cardioline 100S (6 tracce)<\/li><li>Origine: made in Italy<\/li><li>Confezione: scatola da 10 mazzetti<\/li><\/ul><p><br>Inoltre, il formato 100 \u00d7 150 mm \u00e8 quello progettato da Cardioline per questo dispositivo. Questo garantisce che la carta scorra senza problemi e che la griglia millimetrata non si sposti. <\/p>\t\t\t\t\t\t\t\t<\/div>\n\t\t\t\t<div class=\"elementor-element elementor-element-0f08e99 elementor-widget elementor-widget-heading\" data-id=\"0f08e99\" data-element_type=\"widget\" data-e-type=\"widget\" data-widget_type=\"heading.default\">\n\t\t\t\t\t<h2 class=\"elementor-heading-title elementor-size-default\">Caratteristiche<\/h2>\t\t\t\t<\/div>\n\t\t\t\t<div class=\"elementor-element elementor-element-a90ea81 elementor-widget elementor-widget-text-editor\" data-id=\"a90ea81\" data-element_type=\"widget\" data-e-type=\"widget\" data-widget_type=\"text-editor.default\">\n\t\t\t\t\t\t\t\t\t<p>Questa carta termica con piegatura a Z produce una linea pulita grazie al buon contrasto tra lo sfondo bianco e le linee stampate. Inoltre, non avendo cartucce d&#8217;inchiostro, la stampante richiede una manutenzione minima tra un utilizzo e l&#8217;altro. <\/p><p>Ecco le caratteristiche principali:<\/p><ul><li>Stampa termica diretta: attivazione a caldo, non sono necessari altri materiali di consumo.<\/li><li>Formato Z-fold: fogli prepiegati a fisarmonica per essere rimossi immediatamente dopo la stampa.<\/li><li>Griglia millimetrica: facilita la lettura dei valori e degli intervalli sul grafico.<\/li><li>Caricamento rapido: il pacco viene inserito direttamente nel vano carta della 100S.<\/li><li>Made in Italy: carta Cardioline originale, progettata per adattarsi alle specifiche del dispositivo<\/li><li>Conservazione: tieni lontano da calore, umidit\u00e0 e luce diretta.<\/li><\/ul><p><br>Questo rende il formato adatto sia all&#8217;uso quotidiano in ufficio che all&#8217;archiviazione a lungo termine.<\/p>\t\t\t\t\t\t\t\t<\/div>\n\t\t\t\t<div class=\"elementor-element elementor-element-053ee92 elementor-widget elementor-widget-heading\" data-id=\"053ee92\" data-element_type=\"widget\" data-e-type=\"widget\" data-widget_type=\"heading.default\">\n\t\t\t\t\t<h2 class=\"elementor-heading-title elementor-size-default\">Utilizzo e quadro normativo in Svizzera<\/h2>\t\t\t\t<\/div>\n\t\t\t\t<div class=\"elementor-element elementor-element-9766692 elementor-widget elementor-widget-text-editor\" data-id=\"9766692\" data-element_type=\"widget\" data-e-type=\"widget\" data-widget_type=\"text-editor.default\">\n\t\t\t\t\t\t\t\t\t<p>In Svizzera, i materiali di consumo relativi ai dispositivi medici di classe IIa sono soggetti all&#8217;Ordinanza sui dispositivi medici (ODim \/ MedDO). Swissmedic, l&#8217;autorit\u00e0 nazionale responsabile del monitoraggio di questi prodotti, \u00e8 anche responsabile della loro immissione sul mercato. <br><br>Questa carta per ECG \u00e8 un materiale di consumo sostitutivo per Cardioline 100S, un dispositivo di classe IIa con marchio CE. Il suo utilizzo non modifica la classe normativa del dispositivo in questione. <br>\t\t<div data-elementor-type=\"widget\" data-elementor-id=\"59086\" class=\"elementor elementor-59086 elementor-59083 elementor-59083\" data-elementor-post-type=\"elementor_library\">\n\t\t\t\t\t\t<div class=\"elementor-element elementor-element-59083 elementor-widget elementor-widget-text-editor\" data-id=\"59083\" data-element_type=\"widget\" data-e-type=\"widget\" data-widget_type=\"text-editor.default\">\n\t\t\t\t\t\t\t\t\t<p>Per maggiori informazioni, consulta :<\/p><ul><li><a href=\"https:\/\/www.swissmedic.ch\" target=\"_blank\" rel=\"noopener\">Swissmedic<\/a><\/li><li><a href=\"https:\/\/www.bag.admin.ch\" target=\"_blank\" rel=\"noopener\">Ufficio federale della sanit\u00e0 pubblica (UFSP)<\/a><\/li><li><a href=\"https:\/\/www.switec.info\" target=\"_blank\" rel=\"noopener\">Centro d&#8217;informazione svizzero per le norme tecniche (Switec)<\/a><\/li><li><a href=\"https:\/\/www.fedlex.admin.ch\/eli\/cc\/2020\/552\/\" target=\"_blank\" rel=\"noopener\">Ordinanza sui dispositivi medici (ODim o MedDO)<\/a><\/li><\/ul><p><br>I nostri dispositivi medici hanno un rappresentante autorizzato in Svizzera (CH-REP), in conformit\u00e0 con l&#8217;attuale legislazione svizzera sui dispositivi medici.<\/p>\t\t\t\t\t\t\t\t<\/div>\n\t\t\t\t<\/div>\n\t\t<\/p>\t\t\t\t\t\t\t\t<\/div>\n\t\t\t\t<div class=\"elementor-element elementor-element-f2c80d8 elementor-widget elementor-widget-heading\" data-id=\"f2c80d8\" data-element_type=\"widget\" data-e-type=\"widget\" data-widget_type=\"heading.default\">\n\t\t\t\t\t<h2 class=\"elementor-heading-title elementor-size-default\">Contenuto<\/h2>\t\t\t\t<\/div>\n\t\t\t\t<div class=\"elementor-element elementor-element-c93d20b elementor-widget elementor-widget-text-editor\" data-id=\"c93d20b\" data-element_type=\"widget\" data-e-type=\"widget\" data-widget_type=\"text-editor.default\">\n\t\t\t\t\t\t\t\t\t<p>Ogni confezione contiene :<\/p><ul><li>10 mazzi di carta termica con piegatura a Z, formato per mazzo 100 mm \u00d7 150 mm \u00d7 180 fogli, compatibile con Cardioline 100S (6 tracce)<\/li><\/ul>\t\t\t\t\t\t\t\t<\/div>\n\t\t\t\t<\/div>\n\t\t\t\t<\/div>\n\t\t\t\t<\/div>\n\t\t","protected":false},"excerpt":{"rendered":"<p>Fasci di carta termica con piegatura a Z per la stampa di elettrocardiogrammi su macchine Cardioline 100S a 6 canali. Formato 100 mm \u00d7 150 mm, 180 fogli per pacco. La tecnologia termica garantisce una linea pulita e registrazioni di lunga durata. Prodotto in Italia. Non sono necessari materiali di consumo per l&#8217;inchiostro. Venduto in scatole da 10 mazzetti.     <\/p>\n","protected":false},"featured_media":64391,"template":"","meta":{"_acf_changed":false},"product_brand":[7890],"product_cat":[966,1092],"product_tag":[8169,8171,8110,8112,8081,8078,8168,8170,8085,8080],"class_list":{"0":"post-64389","1":"product","2":"type-product","3":"status-publish","4":"has-post-thumbnail","6":"product_brand-cardioline","7":"product_cat-elettrocardiografi","8":"product_cat-consumabili-elettrocardiografi","9":"product_tag-accessorio-100s","10":"product_tag-carta-ecg-italia","11":"product_tag-carta-ecg-piegata-a-z","12":"product_tag-carta-per-ecg-a-6-canali","13":"product_tag-carta-per-lecg","14":"product_tag-carta-termica-per-ecg","15":"product_tag-fascio-ecg-da-100-mm","16":"product_tag-fascio-ecg-da-180-fogli","17":"product_tag-materiali-di-consumo-per-ecg-svizzera","18":"product_tag-materiali-di-consumo-per-elettrocardiografi","20":"first","21":"instock","22":"taxable","23":"shipping-taxable","24":"purchasable","25":"product-type-simple"},"acf":[],"yoast_head":"<!-- This site is optimized with the Yoast SEO Premium plugin v27.6 (Yoast SEO v27.6) - https:\/\/yoast.com\/product\/yoast-seo-premium-wordpress\/ -->\n<title>Carta ECG Cardioline 100S - piegatura a Z 100 x 150 mm | Swixed SA bundle<\/title>\n<meta name=\"description\" content=\"Carta termica con piegatura a Z 100 x 150 mm, 180 fogli, compatibile con Cardioline 100S 6 tracce. Confezione da 10 mazzi. Made in Italy. Svizzera.\" \/>\n<meta name=\"robots\" content=\"index, follow, max-snippet:-1, max-image-preview:large, max-video-preview:-1\" \/>\n<link rel=\"canonical\" href=\"https:\/\/swixed.ch\/it\/prodotto\/carta-per-ecg-cardioline-100l-10-fogli-copie\/\" \/>\n<meta property=\"og:locale\" content=\"it_IT\" \/>\n<meta property=\"og:type\" content=\"article\" \/>\n<meta property=\"og:title\" content=\"Carta per ECG Cardioline 100S (10 pezzi)\" \/>\n<meta property=\"og:description\" content=\"Carta termica con piegatura a Z 100 x 150 mm, 180 fogli, compatibile con Cardioline 100S 6 tracce. Confezione da 10 mazzi. Made in Italy. Svizzera.\" \/>\n<meta property=\"og:url\" content=\"https:\/\/swixed.ch\/it\/prodotto\/carta-per-ecg-cardioline-100l-10-fogli-copie\/\" \/>\n<meta property=\"og:site_name\" content=\"Swixed SA\" \/>\n<meta property=\"article:publisher\" content=\"https:\/\/www.facebook.com\/swixed\" \/>\n<meta property=\"article:modified_time\" content=\"2026-05-12T19:55:10+00:00\" \/>\n<meta property=\"og:image\" content=\"https:\/\/swixed.ch\/wp-content\/uploads\/2026\/05\/SED17013-01.png\" \/>\n\t<meta property=\"og:image:width\" content=\"600\" \/>\n\t<meta property=\"og:image:height\" content=\"600\" \/>\n\t<meta property=\"og:image:type\" content=\"image\/png\" \/>\n<meta name=\"twitter:card\" content=\"summary_large_image\" \/>\n<meta name=\"twitter:label1\" content=\"Tempo di lettura stimato\" \/>\n\t<meta name=\"twitter:data1\" content=\"2 minuti\" \/>\n<script type=\"application\/ld+json\" class=\"yoast-schema-graph\">{\"@context\":\"https:\\\/\\\/schema.org\",\"@graph\":[{\"@type\":\"WebPage\",\"@id\":\"https:\\\/\\\/swixed.ch\\\/it\\\/prodotto\\\/carta-per-ecg-cardioline-100l-10-fogli-copie\\\/\",\"url\":\"https:\\\/\\\/swixed.ch\\\/it\\\/prodotto\\\/carta-per-ecg-cardioline-100l-10-fogli-copie\\\/\",\"name\":\"Carta ECG Cardioline 100S - piegatura a Z 100 x 150 mm | Swixed SA bundle\",\"isPartOf\":{\"@id\":\"https:\\\/\\\/swixed.ch\\\/it\\\/#website\"},\"primaryImageOfPage\":{\"@id\":\"https:\\\/\\\/swixed.ch\\\/it\\\/prodotto\\\/carta-per-ecg-cardioline-100l-10-fogli-copie\\\/#primaryimage\"},\"image\":{\"@id\":\"https:\\\/\\\/swixed.ch\\\/it\\\/prodotto\\\/carta-per-ecg-cardioline-100l-10-fogli-copie\\\/#primaryimage\"},\"thumbnailUrl\":\"https:\\\/\\\/swixed.ch\\\/wp-content\\\/uploads\\\/2026\\\/05\\\/SED17013-01.png\",\"datePublished\":\"2026-05-03T09:56:45+00:00\",\"dateModified\":\"2026-05-12T19:55:10+00:00\",\"description\":\"Carta termica con piegatura a Z 100 x 150 mm, 180 fogli, compatibile con Cardioline 100S 6 tracce. Confezione da 10 mazzi. Made in Italy. Svizzera.\",\"breadcrumb\":{\"@id\":\"https:\\\/\\\/swixed.ch\\\/it\\\/prodotto\\\/carta-per-ecg-cardioline-100l-10-fogli-copie\\\/#breadcrumb\"},\"inLanguage\":\"it-IT\",\"potentialAction\":[{\"@type\":\"ReadAction\",\"target\":[\"https:\\\/\\\/swixed.ch\\\/it\\\/prodotto\\\/carta-per-ecg-cardioline-100l-10-fogli-copie\\\/\"]}]},{\"@type\":\"ImageObject\",\"inLanguage\":\"it-IT\",\"@id\":\"https:\\\/\\\/swixed.ch\\\/it\\\/prodotto\\\/carta-per-ecg-cardioline-100l-10-fogli-copie\\\/#primaryimage\",\"url\":\"https:\\\/\\\/swixed.ch\\\/wp-content\\\/uploads\\\/2026\\\/05\\\/SED17013-01.png\",\"contentUrl\":\"https:\\\/\\\/swixed.ch\\\/wp-content\\\/uploads\\\/2026\\\/05\\\/SED17013-01.png\",\"width\":600,\"height\":600,\"caption\":\"SED17013\"},{\"@type\":\"BreadcrumbList\",\"@id\":\"https:\\\/\\\/swixed.ch\\\/it\\\/prodotto\\\/carta-per-ecg-cardioline-100l-10-fogli-copie\\\/#breadcrumb\",\"itemListElement\":[{\"@type\":\"ListItem\",\"position\":1,\"name\":\"Home\",\"item\":\"https:\\\/\\\/swixed.ch\\\/it\\\/home\\\/\"},{\"@type\":\"ListItem\",\"position\":2,\"name\":\"Negozio\",\"item\":\"https:\\\/\\\/swixed.ch\\\/it\\\/shop\\\/\"},{\"@type\":\"ListItem\",\"position\":3,\"name\":\"Carta per ECG Cardioline 100S (10 pezzi)\"}]},{\"@type\":\"WebSite\",\"@id\":\"https:\\\/\\\/swixed.ch\\\/it\\\/#website\",\"url\":\"https:\\\/\\\/swixed.ch\\\/it\\\/\",\"name\":\"Swixed SA\",\"description\":\"Dispositivi elettronici\",\"publisher\":{\"@id\":\"https:\\\/\\\/swixed.ch\\\/it\\\/#organization\"},\"potentialAction\":[{\"@type\":\"SearchAction\",\"target\":{\"@type\":\"EntryPoint\",\"urlTemplate\":\"https:\\\/\\\/swixed.ch\\\/it\\\/?s={search_term_string}\"},\"query-input\":{\"@type\":\"PropertyValueSpecification\",\"valueRequired\":true,\"valueName\":\"search_term_string\"}}],\"inLanguage\":\"it-IT\"},{\"@type\":\"Organization\",\"@id\":\"https:\\\/\\\/swixed.ch\\\/it\\\/#organization\",\"name\":\"Swixed SA\",\"url\":\"https:\\\/\\\/swixed.ch\\\/it\\\/\",\"logo\":{\"@type\":\"ImageObject\",\"inLanguage\":\"it-IT\",\"@id\":\"https:\\\/\\\/swixed.ch\\\/it\\\/#\\\/schema\\\/logo\\\/image\\\/\",\"url\":\"https:\\\/\\\/swixed.ch\\\/wp-content\\\/uploads\\\/logos\\\/swixed-logo-lite.png\",\"contentUrl\":\"https:\\\/\\\/swixed.ch\\\/wp-content\\\/uploads\\\/logos\\\/swixed-logo-lite.png\",\"width\":696,\"height\":696,\"caption\":\"Swixed SA\"},\"image\":{\"@id\":\"https:\\\/\\\/swixed.ch\\\/it\\\/#\\\/schema\\\/logo\\\/image\\\/\"},\"sameAs\":[\"https:\\\/\\\/www.facebook.com\\\/swixed\",\"https:\\\/\\\/www.linkedin.com\\\/company\\\/swixed\",\"https:\\\/\\\/www.youtube.com\\\/@swixedsa\"],\"description\":\"Swixed SA est une entreprise suisse bas\u00e9e \u00e0 Gen\u00e8ve, sp\u00e9cialis\u00e9e dans la vente, la location et la maintenance d\u2019appareils m\u00e9dicaux professionnels, tels que d\u00e9fibrillateurs AED, \u00e9lectrocardiographes, moniteurs patient et dispositifs de diagnostic.\",\"email\":\"infoshop@swixed.ch\",\"telephone\":\"+41 22 566 11 95\",\"legalName\":\"Swixed SA\",\"foundingDate\":\"2021-03-01\",\"numberOfEmployees\":{\"@type\":\"QuantitativeValue\",\"minValue\":\"1\",\"maxValue\":\"10\"}}]}<\/script>\n<!-- \/ Yoast SEO Premium plugin. -->","yoast_head_json":{"title":"Carta ECG Cardioline 100S - piegatura a Z 100 x 150 mm | Swixed SA bundle","description":"Carta termica con piegatura a Z 100 x 150 mm, 180 fogli, compatibile con Cardioline 100S 6 tracce. Confezione da 10 mazzi. Made in Italy. Svizzera.","robots":{"index":"index","follow":"follow","max-snippet":"max-snippet:-1","max-image-preview":"max-image-preview:large","max-video-preview":"max-video-preview:-1"},"canonical":"https:\/\/swixed.ch\/it\/prodotto\/carta-per-ecg-cardioline-100l-10-fogli-copie\/","og_locale":"it_IT","og_type":"article","og_title":"Carta per ECG Cardioline 100S (10 pezzi)","og_description":"Carta termica con piegatura a Z 100 x 150 mm, 180 fogli, compatibile con Cardioline 100S 6 tracce. Confezione da 10 mazzi. Made in Italy. Svizzera.","og_url":"https:\/\/swixed.ch\/it\/prodotto\/carta-per-ecg-cardioline-100l-10-fogli-copie\/","og_site_name":"Swixed SA","article_publisher":"https:\/\/www.facebook.com\/swixed","article_modified_time":"2026-05-12T19:55:10+00:00","og_image":[{"width":600,"height":600,"url":"https:\/\/swixed.ch\/wp-content\/uploads\/2026\/05\/SED17013-01.png","type":"image\/png"}],"twitter_card":"summary_large_image","twitter_misc":{"Tempo di lettura stimato":"2 minuti"},"schema":{"@context":"https:\/\/schema.org","@graph":[{"@type":"WebPage","@id":"https:\/\/swixed.ch\/it\/prodotto\/carta-per-ecg-cardioline-100l-10-fogli-copie\/","url":"https:\/\/swixed.ch\/it\/prodotto\/carta-per-ecg-cardioline-100l-10-fogli-copie\/","name":"Carta ECG Cardioline 100S - piegatura a Z 100 x 150 mm | Swixed SA bundle","isPartOf":{"@id":"https:\/\/swixed.ch\/it\/#website"},"primaryImageOfPage":{"@id":"https:\/\/swixed.ch\/it\/prodotto\/carta-per-ecg-cardioline-100l-10-fogli-copie\/#primaryimage"},"image":{"@id":"https:\/\/swixed.ch\/it\/prodotto\/carta-per-ecg-cardioline-100l-10-fogli-copie\/#primaryimage"},"thumbnailUrl":"https:\/\/swixed.ch\/wp-content\/uploads\/2026\/05\/SED17013-01.png","datePublished":"2026-05-03T09:56:45+00:00","dateModified":"2026-05-12T19:55:10+00:00","description":"Carta termica con piegatura a Z 100 x 150 mm, 180 fogli, compatibile con Cardioline 100S 6 tracce. Confezione da 10 mazzi. Made in Italy. Svizzera.","breadcrumb":{"@id":"https:\/\/swixed.ch\/it\/prodotto\/carta-per-ecg-cardioline-100l-10-fogli-copie\/#breadcrumb"},"inLanguage":"it-IT","potentialAction":[{"@type":"ReadAction","target":["https:\/\/swixed.ch\/it\/prodotto\/carta-per-ecg-cardioline-100l-10-fogli-copie\/"]}]},{"@type":"ImageObject","inLanguage":"it-IT","@id":"https:\/\/swixed.ch\/it\/prodotto\/carta-per-ecg-cardioline-100l-10-fogli-copie\/#primaryimage","url":"https:\/\/swixed.ch\/wp-content\/uploads\/2026\/05\/SED17013-01.png","contentUrl":"https:\/\/swixed.ch\/wp-content\/uploads\/2026\/05\/SED17013-01.png","width":600,"height":600,"caption":"SED17013"},{"@type":"BreadcrumbList","@id":"https:\/\/swixed.ch\/it\/prodotto\/carta-per-ecg-cardioline-100l-10-fogli-copie\/#breadcrumb","itemListElement":[{"@type":"ListItem","position":1,"name":"Home","item":"https:\/\/swixed.ch\/it\/home\/"},{"@type":"ListItem","position":2,"name":"Negozio","item":"https:\/\/swixed.ch\/it\/shop\/"},{"@type":"ListItem","position":3,"name":"Carta per ECG Cardioline 100S (10 pezzi)"}]},{"@type":"WebSite","@id":"https:\/\/swixed.ch\/it\/#website","url":"https:\/\/swixed.ch\/it\/","name":"Swixed SA","description":"Dispositivi elettronici","publisher":{"@id":"https:\/\/swixed.ch\/it\/#organization"},"potentialAction":[{"@type":"SearchAction","target":{"@type":"EntryPoint","urlTemplate":"https:\/\/swixed.ch\/it\/?s={search_term_string}"},"query-input":{"@type":"PropertyValueSpecification","valueRequired":true,"valueName":"search_term_string"}}],"inLanguage":"it-IT"},{"@type":"Organization","@id":"https:\/\/swixed.ch\/it\/#organization","name":"Swixed SA","url":"https:\/\/swixed.ch\/it\/","logo":{"@type":"ImageObject","inLanguage":"it-IT","@id":"https:\/\/swixed.ch\/it\/#\/schema\/logo\/image\/","url":"https:\/\/swixed.ch\/wp-content\/uploads\/logos\/swixed-logo-lite.png","contentUrl":"https:\/\/swixed.ch\/wp-content\/uploads\/logos\/swixed-logo-lite.png","width":696,"height":696,"caption":"Swixed SA"},"image":{"@id":"https:\/\/swixed.ch\/it\/#\/schema\/logo\/image\/"},"sameAs":["https:\/\/www.facebook.com\/swixed","https:\/\/www.linkedin.com\/company\/swixed","https:\/\/www.youtube.com\/@swixedsa"],"description":"Swixed SA est une entreprise suisse bas\u00e9e \u00e0 Gen\u00e8ve, sp\u00e9cialis\u00e9e dans la vente, la location et la maintenance d\u2019appareils m\u00e9dicaux professionnels, tels que d\u00e9fibrillateurs AED, \u00e9lectrocardiographes, moniteurs patient et dispositifs de diagnostic.","email":"infoshop@swixed.ch","telephone":"+41 22 566 11 95","legalName":"Swixed SA","foundingDate":"2021-03-01","numberOfEmployees":{"@type":"QuantitativeValue","minValue":"1","maxValue":"10"}}]}},"_links":{"self":[{"href":"https:\/\/swixed.ch\/it\/wp-json\/wp\/v2\/product\/64389","targetHints":{"allow":["GET"]}}],"collection":[{"href":"https:\/\/swixed.ch\/it\/wp-json\/wp\/v2\/product"}],"about":[{"href":"https:\/\/swixed.ch\/it\/wp-json\/wp\/v2\/types\/product"}],"version-history":[{"count":6,"href":"https:\/\/swixed.ch\/it\/wp-json\/wp\/v2\/product\/64389\/revisions"}],"predecessor-version":[{"id":64561,"href":"https:\/\/swixed.ch\/it\/wp-json\/wp\/v2\/product\/64389\/revisions\/64561"}],"wp:featuredmedia":[{"embeddable":true,"href":"https:\/\/swixed.ch\/it\/wp-json\/wp\/v2\/media\/64391"}],"wp:attachment":[{"href":"https:\/\/swixed.ch\/it\/wp-json\/wp\/v2\/media?parent=64389"}],"wp:term":[{"taxonomy":"product_brand","embeddable":true,"href":"https:\/\/swixed.ch\/it\/wp-json\/wp\/v2\/product_brand?post=64389"},{"taxonomy":"product_cat","embeddable":true,"href":"https:\/\/swixed.ch\/it\/wp-json\/wp\/v2\/product_cat?post=64389"},{"taxonomy":"product_tag","embeddable":true,"href":"https:\/\/swixed.ch\/it\/wp-json\/wp\/v2\/product_tag?post=64389"}],"curies":[{"name":"wp","href":"https:\/\/api.w.org\/{rel}","templated":true}]}}