{"id":64447,"date":"2026-05-03T12:09:13","date_gmt":"2026-05-03T11:09:13","guid":{"rendered":"https:\/\/swixed.ch\/?post_type=product&#038;p=64447"},"modified":"2026-05-12T21:55:13","modified_gmt":"2026-05-12T19:55:13","slug":"carrello-con-braccio-per-ecg-cardioline-200l-200s-200-copie","status":"publish","type":"product","link":"https:\/\/swixed.ch\/it\/prodotto\/carrello-con-braccio-per-ecg-cardioline-200l-200s-200-copie\/","title":{"rendered":"Software ECGEasyApp per ECG a riposo Cardioline 100L \/ 100S \/ 200L \/ 200S"},"content":{"rendered":"\t\t<div data-elementor-type=\"product-post\" data-elementor-id=\"64447\" class=\"elementor elementor-64447 elementor-64445\" data-elementor-post-type=\"product\">\n\t\t\t\t<div class=\"elementor-element elementor-element-4dd358c e-con-full e-flex e-con e-parent\" data-id=\"4dd358c\" data-element_type=\"container\" data-e-type=\"container\">\n\t\t<div class=\"elementor-element elementor-element-3ab347d e-con-full e-flex e-con e-child\" data-id=\"3ab347d\" data-element_type=\"container\" data-e-type=\"container\">\n\t\t\t\t<div class=\"elementor-element elementor-element-4e9ca79 elementor-widget elementor-widget-heading\" data-id=\"4e9ca79\" data-element_type=\"widget\" data-e-type=\"widget\" data-widget_type=\"heading.default\">\n\t\t\t\t\t<h2 class=\"elementor-heading-title elementor-size-default\">Caratteristiche principali<\/h2>\t\t\t\t<\/div>\n\t\t\t\t<div class=\"elementor-element elementor-element-0c426f8 elementor-widget elementor-widget-text-editor\" data-id=\"0c426f8\" data-element_type=\"widget\" data-e-type=\"widget\" data-widget_type=\"text-editor.default\">\n\t\t\t\t\t\t\t\t\t<p>Il software ECGEasyApp Cardioline gestisce i dati dell&#8217;ECG a riposo dei dispositivi della serie 100 e 200 e supporta sia i modelli compatti (100S, 200S) che quelli estesi (100L, 200L). Centralizza gli esami su una workstation fissa o portatile.  <\/p><p>Specifiche tecniche principali:<\/p><ul><li>Compatibilit\u00e0: Elettrocardiografi Cardioline 100L, 100S, 200L, 200S<\/li><li>Sistemi operativi: Windows 10 minimo, macOS<\/li><li>Ricezione dati: connessione diretta USB o chiave USB<\/li><li>Formato di ingresso: SCP (Protocollo di comunicazione standard per l&#8217;elettrocardiografia assistita da computer)<\/li><li>Esportazione e conversione: da SCP a CSV, stampa ed esportazione in PDF<\/li><li>Aggiornamento: le impostazioni del dispositivo possono essere modificate dall&#8217;applicazione<\/li><li>Conformit\u00e0: requisiti normativi e protezione dei dati in vigore<\/li><li>Consegna: file di installazione online, codice di attivazione via e-mail<\/li><\/ul><p><br>ECGEasyApp Cardioline \u00e8 anche semplice e intuitiva da usare. Non richiede una rete locale per l&#8217;utilizzo di base. <\/p>\t\t\t\t\t\t\t\t<\/div>\n\t\t\t\t<div class=\"elementor-element elementor-element-9a8f0f6 elementor-widget elementor-widget-heading\" data-id=\"9a8f0f6\" data-element_type=\"widget\" data-e-type=\"widget\" data-widget_type=\"heading.default\">\n\t\t\t\t\t<h2 class=\"elementor-heading-title elementor-size-default\">Caratteristiche<\/h2>\t\t\t\t<\/div>\n\t\t\t\t<div class=\"elementor-element elementor-element-495a869 elementor-widget elementor-widget-text-editor\" data-id=\"495a869\" data-element_type=\"widget\" data-e-type=\"widget\" data-widget_type=\"text-editor.default\">\n\t\t\t\t\t\t\t\t\t<p>ECGEasyApp Cardioline copre l&#8217;intero ciclo di gestione dell&#8217;esame ECG per le serie 100 e 200 e offre in particolare le seguenti funzioni: <\/p><ul><li>Archiviazione: archiviazione strutturata di file ECG in formato SCP.<\/li><li>Gestione dei file: creazione, consultazione e aggiornamento dei file d&#8217;esame<\/li><li>Visualizzazione: tracce ECG visualizzate nell&#8217;interfaccia<\/li><li>Conversione: trasformazione dal formato SCP al formato CSV, per l&#8217;utilizzo in fogli di calcolo o sistemi di terze parti.<\/li><li>Esportazione in PDF: stampa o salva gli esami in formato PDF<\/li><li>Aggiornamenti del dispositivo: modifica delle configurazioni dell&#8217;elettrocardiografo dal PC<\/li><li>Trasferimento dati: ricezione tramite cavo USB o importazione da chiavetta USB<\/li><\/ul><p><br>Inoltre, il software non richiede n\u00e9 una rete locale n\u00e9 un server dedicato. Comunica con il dispositivo solo tramite una connessione USB. <\/p>\t\t\t\t\t\t\t\t<\/div>\n\t\t\t\t<div class=\"elementor-element elementor-element-9eb2bec elementor-widget elementor-widget-heading\" data-id=\"9eb2bec\" data-element_type=\"widget\" data-e-type=\"widget\" data-widget_type=\"heading.default\">\n\t\t\t\t\t<h2 class=\"elementor-heading-title elementor-size-default\">Utilizzo, conformit\u00e0 e raccomandazioni<\/h2>\t\t\t\t<\/div>\n\t\t\t\t<div class=\"elementor-element elementor-element-a701408 elementor-widget elementor-widget-text-editor\" data-id=\"a701408\" data-element_type=\"widget\" data-e-type=\"widget\" data-widget_type=\"text-editor.default\">\n\t\t\t\t\t\t\t\t\t<p>ECGEasyApp \u00e8 un dispositivo medico di classe IIa. Per questo motivo porta il marchio CE, in conformit\u00e0 con il Regolamento Europeo MDR 2017\/745. Cardioline lo utilizza per supportare la misurazione e la registrazione dell&#8217;attivit\u00e0 cardiaca.  <\/p><p>In Svizzera, i dispositivi medici non sono soggetti ad autorizzazione ufficiale preventiva. La Svizzera riconosce unilateralmente il marchio CE e si affida al sistema europeo di valutazione della conformit\u00e0. L&#8217;ordinanza sui dispositivi medici (MedDO) regola l&#8217;immissione sul mercato dei dispositivi medici. Swissmedic \u00e8 responsabile della sorveglianza del mercato. L&#8217;UFSP prepara gli emendamenti legislativi alla MedDO per conto del Consiglio Federale.    <br><br>Switec pubblica anche gli standard tecnici armonizzati applicabili, in collaborazione con gli uffici federali competenti e la SECO.<\/p>\t\t<div data-elementor-type=\"widget\" data-elementor-id=\"59086\" class=\"elementor elementor-59086 elementor-59083 elementor-59083\" data-elementor-post-type=\"elementor_library\">\n\t\t\t\t\t\t<div class=\"elementor-element elementor-element-59083 elementor-widget elementor-widget-text-editor\" data-id=\"59083\" data-element_type=\"widget\" data-e-type=\"widget\" data-widget_type=\"text-editor.default\">\n\t\t\t\t\t\t\t\t\t<p>Per maggiori informazioni, consulta :<\/p><ul><li><a href=\"https:\/\/www.swissmedic.ch\" target=\"_blank\" rel=\"noopener\">Swissmedic<\/a><\/li><li><a href=\"https:\/\/www.bag.admin.ch\" target=\"_blank\" rel=\"noopener\">Ufficio federale della sanit\u00e0 pubblica (UFSP)<\/a><\/li><li><a href=\"https:\/\/www.switec.info\" target=\"_blank\" rel=\"noopener\">Centro d&#8217;informazione svizzero per le norme tecniche (Switec)<\/a><\/li><li><a href=\"https:\/\/www.fedlex.admin.ch\/eli\/cc\/2020\/552\/\" target=\"_blank\" rel=\"noopener\">Ordinanza sui dispositivi medici (ODim o MedDO)<\/a><\/li><\/ul><p><br>I nostri dispositivi medici hanno un rappresentante autorizzato in Svizzera (CH-REP), in conformit\u00e0 con l&#8217;attuale legislazione svizzera sui dispositivi medici.<\/p>\t\t\t\t\t\t\t\t<\/div>\n\t\t\t\t<\/div>\n\t\t\t\t\t\t\t\t\t\t<\/div>\n\t\t\t\t<div class=\"elementor-element elementor-element-fb600c9 elementor-widget elementor-widget-heading\" data-id=\"fb600c9\" data-element_type=\"widget\" data-e-type=\"widget\" data-widget_type=\"heading.default\">\n\t\t\t\t\t<h2 class=\"elementor-heading-title elementor-size-default\">Contenuto<\/h2>\t\t\t\t<\/div>\n\t\t\t\t<div class=\"elementor-element elementor-element-6cbacf0 elementor-widget elementor-widget-text-editor\" data-id=\"6cbacf0\" data-element_type=\"widget\" data-e-type=\"widget\" data-widget_type=\"text-editor.default\">\n\t\t\t\t\t\t\t\t\t<ul><li>1 file di installazione del software ECGEasyApp (disponibile online)<\/li><li>1 codice di attivazione inviato via e-mail all&#8217;indirizzo utilizzato al momento dell&#8217;ordine<\/li><\/ul><p><br><strong>Nota<\/strong>: se il tuo elettrocardiografo \u00e8 gi\u00e0 in funzione, comunica a Swixed il numero di serie al momento dell&#8217;ordine.<\/p>\t\t\t\t\t\t\t\t<\/div>\n\t\t\t\t<\/div>\n\t\t\t\t<\/div>\n\t\t\t\t<\/div>\n\t\t","protected":false},"excerpt":{"rendered":"<p>ECGEasyApp Cardioline \u00e8 un&#8217;applicazione software per la gestione e l&#8217;archiviazione degli esami ECG, compatibile con gli elettrocardiografi delle serie 100L, 100S, 200L e 200S. Installata su PC (minimo Windows 10) o Mac, consente di ricevere i file in formato SCP via USB, di consultare le registrazioni, di convertire i file da SCP a CSV e di stampare i PDF. La licenza viene fornita in forma non cartacea con un codice di attivazione inviato via e-mail.  <\/p>\n","protected":false},"featured_media":64449,"template":"","meta":{"_acf_changed":false},"product_brand":[7890],"product_cat":[1197,966],"product_tag":[8214,8217,8211,8209,8212,8213,8210,8216,3611,8215],"class_list":{"0":"post-64447","1":"product","2":"type-product","3":"status-publish","4":"has-post-thumbnail","6":"product_brand-cardioline","7":"product_cat-accessori-elettrocardiografi","8":"product_cat-elettrocardiografi","9":"product_tag-accessorio-per-elettrocardiografo","10":"product_tag-aggiornamento-della-configurazione-ecg","11":"product_tag-applicazione-ecg-per-pc","12":"product_tag-archiviazione-ecg","13":"product_tag-conversione-scp-csv","14":"product_tag-esportazione-ecg-in-pdf","15":"product_tag-gestione-dei-test-ecg","16":"product_tag-serie-100-200-compatibile","17":"product_tag-software-ecg-it","18":"product_tag-software-medico-dematerializzato","20":"first","21":"outofstock","22":"taxable","23":"shipping-taxable","24":"purchasable","25":"product-type-simple"},"acf":[],"yoast_head":"<!-- This site is optimized with the Yoast SEO Premium plugin v27.6 (Yoast SEO v27.6) - https:\/\/yoast.com\/product\/yoast-seo-premium-wordpress\/ -->\n<title>Software ECGEasyApp Cardioline - serie 100 e 200 | Swixed SA<\/title>\n<meta name=\"description\" content=\"Software ECGEasyApp Cardioline per le serie 100L, 100S, 200L e 200S. Archiviazione, gestione degli esami, esportazione SCP\/CSV. Compatibile con PC Windows 10+ e Mac.\" \/>\n<meta name=\"robots\" content=\"index, follow, max-snippet:-1, max-image-preview:large, max-video-preview:-1\" \/>\n<link rel=\"canonical\" href=\"https:\/\/swixed.ch\/it\/prodotto\/carrello-con-braccio-per-ecg-cardioline-200l-200s-200-copie\/\" \/>\n<meta property=\"og:locale\" content=\"it_IT\" \/>\n<meta property=\"og:type\" content=\"article\" \/>\n<meta property=\"og:title\" content=\"Software ECGEasyApp per ECG a riposo Cardioline 100L \/ 100S \/ 200L \/ 200S\" \/>\n<meta property=\"og:description\" content=\"Software ECGEasyApp Cardioline per le serie 100L, 100S, 200L e 200S. Archiviazione, gestione degli esami, esportazione SCP\/CSV. Compatibile con PC Windows 10+ e Mac.\" \/>\n<meta property=\"og:url\" content=\"https:\/\/swixed.ch\/it\/prodotto\/carrello-con-braccio-per-ecg-cardioline-200l-200s-200-copie\/\" \/>\n<meta property=\"og:site_name\" content=\"Swixed SA\" \/>\n<meta property=\"article:publisher\" content=\"https:\/\/www.facebook.com\/swixed\" \/>\n<meta property=\"article:modified_time\" content=\"2026-05-12T19:55:13+00:00\" \/>\n<meta property=\"og:image\" content=\"https:\/\/swixed.ch\/wp-content\/uploads\/2026\/01\/SED14023-01.png\" \/>\n\t<meta property=\"og:image:width\" content=\"600\" \/>\n\t<meta property=\"og:image:height\" content=\"600\" \/>\n\t<meta property=\"og:image:type\" content=\"image\/png\" \/>\n<meta name=\"twitter:card\" content=\"summary_large_image\" \/>\n<meta name=\"twitter:label1\" content=\"Tempo di lettura stimato\" \/>\n\t<meta name=\"twitter:data1\" content=\"2 minuti\" \/>\n<script type=\"application\/ld+json\" class=\"yoast-schema-graph\">{\"@context\":\"https:\\\/\\\/schema.org\",\"@graph\":[{\"@type\":\"WebPage\",\"@id\":\"https:\\\/\\\/swixed.ch\\\/it\\\/prodotto\\\/carrello-con-braccio-per-ecg-cardioline-200l-200s-200-copie\\\/\",\"url\":\"https:\\\/\\\/swixed.ch\\\/it\\\/prodotto\\\/carrello-con-braccio-per-ecg-cardioline-200l-200s-200-copie\\\/\",\"name\":\"Software ECGEasyApp Cardioline - serie 100 e 200 | Swixed SA\",\"isPartOf\":{\"@id\":\"https:\\\/\\\/swixed.ch\\\/it\\\/#website\"},\"primaryImageOfPage\":{\"@id\":\"https:\\\/\\\/swixed.ch\\\/it\\\/prodotto\\\/carrello-con-braccio-per-ecg-cardioline-200l-200s-200-copie\\\/#primaryimage\"},\"image\":{\"@id\":\"https:\\\/\\\/swixed.ch\\\/it\\\/prodotto\\\/carrello-con-braccio-per-ecg-cardioline-200l-200s-200-copie\\\/#primaryimage\"},\"thumbnailUrl\":\"https:\\\/\\\/swixed.ch\\\/wp-content\\\/uploads\\\/2026\\\/01\\\/SED14023-01.png\",\"datePublished\":\"2026-05-03T11:09:13+00:00\",\"dateModified\":\"2026-05-12T19:55:13+00:00\",\"description\":\"Software ECGEasyApp Cardioline per le serie 100L, 100S, 200L e 200S. Archiviazione, gestione degli esami, esportazione SCP\\\/CSV. Compatibile con PC Windows 10+ e Mac.\",\"breadcrumb\":{\"@id\":\"https:\\\/\\\/swixed.ch\\\/it\\\/prodotto\\\/carrello-con-braccio-per-ecg-cardioline-200l-200s-200-copie\\\/#breadcrumb\"},\"inLanguage\":\"it-IT\",\"potentialAction\":[{\"@type\":\"ReadAction\",\"target\":[\"https:\\\/\\\/swixed.ch\\\/it\\\/prodotto\\\/carrello-con-braccio-per-ecg-cardioline-200l-200s-200-copie\\\/\"]}]},{\"@type\":\"ImageObject\",\"inLanguage\":\"it-IT\",\"@id\":\"https:\\\/\\\/swixed.ch\\\/it\\\/prodotto\\\/carrello-con-braccio-per-ecg-cardioline-200l-200s-200-copie\\\/#primaryimage\",\"url\":\"https:\\\/\\\/swixed.ch\\\/wp-content\\\/uploads\\\/2026\\\/01\\\/SED14023-01.png\",\"contentUrl\":\"https:\\\/\\\/swixed.ch\\\/wp-content\\\/uploads\\\/2026\\\/01\\\/SED14023-01.png\",\"width\":600,\"height\":600,\"caption\":\"SED14023\"},{\"@type\":\"BreadcrumbList\",\"@id\":\"https:\\\/\\\/swixed.ch\\\/it\\\/prodotto\\\/carrello-con-braccio-per-ecg-cardioline-200l-200s-200-copie\\\/#breadcrumb\",\"itemListElement\":[{\"@type\":\"ListItem\",\"position\":1,\"name\":\"Home\",\"item\":\"https:\\\/\\\/swixed.ch\\\/it\\\/home\\\/\"},{\"@type\":\"ListItem\",\"position\":2,\"name\":\"Negozio\",\"item\":\"https:\\\/\\\/swixed.ch\\\/it\\\/shop\\\/\"},{\"@type\":\"ListItem\",\"position\":3,\"name\":\"Software ECGEasyApp per ECG a riposo Cardioline 100L \\\/ 100S \\\/ 200L \\\/ 200S\"}]},{\"@type\":\"WebSite\",\"@id\":\"https:\\\/\\\/swixed.ch\\\/it\\\/#website\",\"url\":\"https:\\\/\\\/swixed.ch\\\/it\\\/\",\"name\":\"Swixed SA\",\"description\":\"Dispositivi elettronici\",\"publisher\":{\"@id\":\"https:\\\/\\\/swixed.ch\\\/it\\\/#organization\"},\"potentialAction\":[{\"@type\":\"SearchAction\",\"target\":{\"@type\":\"EntryPoint\",\"urlTemplate\":\"https:\\\/\\\/swixed.ch\\\/it\\\/?s={search_term_string}\"},\"query-input\":{\"@type\":\"PropertyValueSpecification\",\"valueRequired\":true,\"valueName\":\"search_term_string\"}}],\"inLanguage\":\"it-IT\"},{\"@type\":\"Organization\",\"@id\":\"https:\\\/\\\/swixed.ch\\\/it\\\/#organization\",\"name\":\"Swixed SA\",\"url\":\"https:\\\/\\\/swixed.ch\\\/it\\\/\",\"logo\":{\"@type\":\"ImageObject\",\"inLanguage\":\"it-IT\",\"@id\":\"https:\\\/\\\/swixed.ch\\\/it\\\/#\\\/schema\\\/logo\\\/image\\\/\",\"url\":\"https:\\\/\\\/swixed.ch\\\/wp-content\\\/uploads\\\/logos\\\/swixed-logo-lite.png\",\"contentUrl\":\"https:\\\/\\\/swixed.ch\\\/wp-content\\\/uploads\\\/logos\\\/swixed-logo-lite.png\",\"width\":696,\"height\":696,\"caption\":\"Swixed SA\"},\"image\":{\"@id\":\"https:\\\/\\\/swixed.ch\\\/it\\\/#\\\/schema\\\/logo\\\/image\\\/\"},\"sameAs\":[\"https:\\\/\\\/www.facebook.com\\\/swixed\",\"https:\\\/\\\/www.linkedin.com\\\/company\\\/swixed\",\"https:\\\/\\\/www.youtube.com\\\/@swixedsa\"],\"description\":\"Swixed SA est une entreprise suisse bas\u00e9e \u00e0 Gen\u00e8ve, sp\u00e9cialis\u00e9e dans la vente, la location et la maintenance d\u2019appareils m\u00e9dicaux professionnels, tels que d\u00e9fibrillateurs AED, \u00e9lectrocardiographes, moniteurs patient et dispositifs de diagnostic.\",\"email\":\"infoshop@swixed.ch\",\"telephone\":\"+41 22 566 11 95\",\"legalName\":\"Swixed SA\",\"foundingDate\":\"2021-03-01\",\"numberOfEmployees\":{\"@type\":\"QuantitativeValue\",\"minValue\":\"1\",\"maxValue\":\"10\"}}]}<\/script>\n<!-- \/ Yoast SEO Premium plugin. -->","yoast_head_json":{"title":"Software ECGEasyApp Cardioline - serie 100 e 200 | Swixed SA","description":"Software ECGEasyApp Cardioline per le serie 100L, 100S, 200L e 200S. Archiviazione, gestione degli esami, esportazione SCP\/CSV. Compatibile con PC Windows 10+ e Mac.","robots":{"index":"index","follow":"follow","max-snippet":"max-snippet:-1","max-image-preview":"max-image-preview:large","max-video-preview":"max-video-preview:-1"},"canonical":"https:\/\/swixed.ch\/it\/prodotto\/carrello-con-braccio-per-ecg-cardioline-200l-200s-200-copie\/","og_locale":"it_IT","og_type":"article","og_title":"Software ECGEasyApp per ECG a riposo Cardioline 100L \/ 100S \/ 200L \/ 200S","og_description":"Software ECGEasyApp Cardioline per le serie 100L, 100S, 200L e 200S. Archiviazione, gestione degli esami, esportazione SCP\/CSV. Compatibile con PC Windows 10+ e Mac.","og_url":"https:\/\/swixed.ch\/it\/prodotto\/carrello-con-braccio-per-ecg-cardioline-200l-200s-200-copie\/","og_site_name":"Swixed SA","article_publisher":"https:\/\/www.facebook.com\/swixed","article_modified_time":"2026-05-12T19:55:13+00:00","og_image":[{"width":600,"height":600,"url":"https:\/\/swixed.ch\/wp-content\/uploads\/2026\/01\/SED14023-01.png","type":"image\/png"}],"twitter_card":"summary_large_image","twitter_misc":{"Tempo di lettura stimato":"2 minuti"},"schema":{"@context":"https:\/\/schema.org","@graph":[{"@type":"WebPage","@id":"https:\/\/swixed.ch\/it\/prodotto\/carrello-con-braccio-per-ecg-cardioline-200l-200s-200-copie\/","url":"https:\/\/swixed.ch\/it\/prodotto\/carrello-con-braccio-per-ecg-cardioline-200l-200s-200-copie\/","name":"Software ECGEasyApp Cardioline - serie 100 e 200 | Swixed SA","isPartOf":{"@id":"https:\/\/swixed.ch\/it\/#website"},"primaryImageOfPage":{"@id":"https:\/\/swixed.ch\/it\/prodotto\/carrello-con-braccio-per-ecg-cardioline-200l-200s-200-copie\/#primaryimage"},"image":{"@id":"https:\/\/swixed.ch\/it\/prodotto\/carrello-con-braccio-per-ecg-cardioline-200l-200s-200-copie\/#primaryimage"},"thumbnailUrl":"https:\/\/swixed.ch\/wp-content\/uploads\/2026\/01\/SED14023-01.png","datePublished":"2026-05-03T11:09:13+00:00","dateModified":"2026-05-12T19:55:13+00:00","description":"Software ECGEasyApp Cardioline per le serie 100L, 100S, 200L e 200S. Archiviazione, gestione degli esami, esportazione SCP\/CSV. Compatibile con PC Windows 10+ e Mac.","breadcrumb":{"@id":"https:\/\/swixed.ch\/it\/prodotto\/carrello-con-braccio-per-ecg-cardioline-200l-200s-200-copie\/#breadcrumb"},"inLanguage":"it-IT","potentialAction":[{"@type":"ReadAction","target":["https:\/\/swixed.ch\/it\/prodotto\/carrello-con-braccio-per-ecg-cardioline-200l-200s-200-copie\/"]}]},{"@type":"ImageObject","inLanguage":"it-IT","@id":"https:\/\/swixed.ch\/it\/prodotto\/carrello-con-braccio-per-ecg-cardioline-200l-200s-200-copie\/#primaryimage","url":"https:\/\/swixed.ch\/wp-content\/uploads\/2026\/01\/SED14023-01.png","contentUrl":"https:\/\/swixed.ch\/wp-content\/uploads\/2026\/01\/SED14023-01.png","width":600,"height":600,"caption":"SED14023"},{"@type":"BreadcrumbList","@id":"https:\/\/swixed.ch\/it\/prodotto\/carrello-con-braccio-per-ecg-cardioline-200l-200s-200-copie\/#breadcrumb","itemListElement":[{"@type":"ListItem","position":1,"name":"Home","item":"https:\/\/swixed.ch\/it\/home\/"},{"@type":"ListItem","position":2,"name":"Negozio","item":"https:\/\/swixed.ch\/it\/shop\/"},{"@type":"ListItem","position":3,"name":"Software ECGEasyApp per ECG a riposo Cardioline 100L \/ 100S \/ 200L \/ 200S"}]},{"@type":"WebSite","@id":"https:\/\/swixed.ch\/it\/#website","url":"https:\/\/swixed.ch\/it\/","name":"Swixed SA","description":"Dispositivi elettronici","publisher":{"@id":"https:\/\/swixed.ch\/it\/#organization"},"potentialAction":[{"@type":"SearchAction","target":{"@type":"EntryPoint","urlTemplate":"https:\/\/swixed.ch\/it\/?s={search_term_string}"},"query-input":{"@type":"PropertyValueSpecification","valueRequired":true,"valueName":"search_term_string"}}],"inLanguage":"it-IT"},{"@type":"Organization","@id":"https:\/\/swixed.ch\/it\/#organization","name":"Swixed SA","url":"https:\/\/swixed.ch\/it\/","logo":{"@type":"ImageObject","inLanguage":"it-IT","@id":"https:\/\/swixed.ch\/it\/#\/schema\/logo\/image\/","url":"https:\/\/swixed.ch\/wp-content\/uploads\/logos\/swixed-logo-lite.png","contentUrl":"https:\/\/swixed.ch\/wp-content\/uploads\/logos\/swixed-logo-lite.png","width":696,"height":696,"caption":"Swixed SA"},"image":{"@id":"https:\/\/swixed.ch\/it\/#\/schema\/logo\/image\/"},"sameAs":["https:\/\/www.facebook.com\/swixed","https:\/\/www.linkedin.com\/company\/swixed","https:\/\/www.youtube.com\/@swixedsa"],"description":"Swixed SA est une entreprise suisse bas\u00e9e \u00e0 Gen\u00e8ve, sp\u00e9cialis\u00e9e dans la vente, la location et la maintenance d\u2019appareils m\u00e9dicaux professionnels, tels que d\u00e9fibrillateurs AED, \u00e9lectrocardiographes, moniteurs patient et dispositifs de diagnostic.","email":"infoshop@swixed.ch","telephone":"+41 22 566 11 95","legalName":"Swixed SA","foundingDate":"2021-03-01","numberOfEmployees":{"@type":"QuantitativeValue","minValue":"1","maxValue":"10"}}]}},"_links":{"self":[{"href":"https:\/\/swixed.ch\/it\/wp-json\/wp\/v2\/product\/64447","targetHints":{"allow":["GET"]}}],"collection":[{"href":"https:\/\/swixed.ch\/it\/wp-json\/wp\/v2\/product"}],"about":[{"href":"https:\/\/swixed.ch\/it\/wp-json\/wp\/v2\/types\/product"}],"version-history":[{"count":3,"href":"https:\/\/swixed.ch\/it\/wp-json\/wp\/v2\/product\/64447\/revisions"}],"predecessor-version":[{"id":64470,"href":"https:\/\/swixed.ch\/it\/wp-json\/wp\/v2\/product\/64447\/revisions\/64470"}],"wp:featuredmedia":[{"embeddable":true,"href":"https:\/\/swixed.ch\/it\/wp-json\/wp\/v2\/media\/64449"}],"wp:attachment":[{"href":"https:\/\/swixed.ch\/it\/wp-json\/wp\/v2\/media?parent=64447"}],"wp:term":[{"taxonomy":"product_brand","embeddable":true,"href":"https:\/\/swixed.ch\/it\/wp-json\/wp\/v2\/product_brand?post=64447"},{"taxonomy":"product_cat","embeddable":true,"href":"https:\/\/swixed.ch\/it\/wp-json\/wp\/v2\/product_cat?post=64447"},{"taxonomy":"product_tag","embeddable":true,"href":"https:\/\/swixed.ch\/it\/wp-json\/wp\/v2\/product_tag?post=64447"}],"curies":[{"name":"wp","href":"https:\/\/api.w.org\/{rel}","templated":true}]}}