{"id":65035,"date":"2026-05-09T21:14:41","date_gmt":"2026-05-09T19:14:41","guid":{"rendered":"https:\/\/swixed.ch\/?post_type=product&#038;p=65035"},"modified":"2026-05-12T22:11:00","modified_gmt":"2026-05-12T20:11:00","slug":"elettrodi-pediatrici-per-cu-medical-i-pad-sp1-sp2-colson-def-nsi-copie","status":"publish","type":"product","link":"https:\/\/swixed.ch\/it\/prodotto\/elettrodi-pediatrici-per-cu-medical-i-pad-sp1-sp2-colson-def-nsi-copie\/","title":{"rendered":"Elettrodi pediatrici Pedi Padz II per Zoll AED Plus \/ AED Pro"},"content":{"rendered":"\t\t<div data-elementor-type=\"product-post\" data-elementor-id=\"65035\" class=\"elementor elementor-65035 elementor-65033\" data-elementor-post-type=\"product\">\n\t\t\t\t<div class=\"elementor-element elementor-element-536a452 e-con-full e-flex e-con e-parent\" data-id=\"536a452\" data-element_type=\"container\" data-e-type=\"container\">\n\t\t<div class=\"elementor-element elementor-element-6fe89ba e-con-full e-flex e-con e-child\" data-id=\"6fe89ba\" data-element_type=\"container\" data-e-type=\"container\">\n\t\t\t\t<div class=\"elementor-element elementor-element-c7a4889 elementor-widget elementor-widget-heading\" data-id=\"c7a4889\" data-element_type=\"widget\" data-e-type=\"widget\" data-widget_type=\"heading.default\">\n\t\t\t\t\t<h2 class=\"elementor-heading-title elementor-size-default\">Caratteristiche principali<\/h2>\t\t\t\t<\/div>\n\t\t\t\t<div class=\"elementor-element elementor-element-71d74c6 elementor-widget elementor-widget-text-editor\" data-id=\"71d74c6\" data-element_type=\"widget\" data-e-type=\"widget\" data-widget_type=\"text-editor.default\">\n\t\t\t\t\t\t\t\t\t<p>Gli elettrodi pediatrici Zoll Pedi Padz II sono caratterizzati da un design asimmetrico, adatto alla morfologia di bambini e neonati. L&#8217;elettrodo anteriore \u00e8 rotondo (diametro 9,4 cm, superficie attiva 41,1 cm\u00b2), mentre quello posteriore \u00e8 rettangolare (13,8 \u00d7 8,9 cm, superficie attiva 63,5 cm\u00b2). Di conseguenza, ogni elettrodo corrisponde esattamente alla sua zona di posizionamento antero-posteriore: torace per quello rotondo, schiena tra le scapole per quello rettangolare.  <\/p><p>Inoltre, i diagrammi anatomici sono riportati direttamente sulla confezione, per facilitare l&#8217;applicazione del tutore in modo rapido e corretto. Il cavo precollegato misura 86,4 cm, una lunghezza adatta ai bambini di bassa statura. <\/p><p>Ecco i principali dati tecnici:<\/p><ul><li>Design bipartito asimmetrico: elettrodo anteriore rotondo + elettrodo posteriore rettangolare<\/li><li>Elettrodi adesivi pre-collegati e monouso<\/li><li>Gel conduttivo: idrogel<\/li><li>Elemento conduttivo: stagno<\/li><li>Lunghezza del cavo: 86,4 cm<\/li><li>Livelli di energia: 50, 70 e 85 joule<\/li><li>Compatibile con Zoll AED Plus, Zoll AED Pro e la gamma Zoll ALS (serie M, E, R, X).<\/li><li>Popolazione: neonati e bambini (da 0 a 8 anni \/ meno di 25 kg)<\/li><li>Durata di conservazione: circa 1,5 anni (18 mesi)<\/li><\/ul><p>Di conseguenza, questi elettrodi pediatrici Zoll Pedi Padz II offrono una soluzione appositamente studiata per gli interventi sui pazienti pi\u00f9 piccoli.<\/p>\t\t\t\t\t\t\t\t<\/div>\n\t\t\t\t<div class=\"elementor-element elementor-element-04e2c17 elementor-widget elementor-widget-heading\" data-id=\"04e2c17\" data-element_type=\"widget\" data-e-type=\"widget\" data-widget_type=\"heading.default\">\n\t\t\t\t\t<h2 class=\"elementor-heading-title elementor-size-default\">Caratteristiche<\/h2>\t\t\t\t<\/div>\n\t\t\t\t<div class=\"elementor-element elementor-element-a353017 elementor-widget elementor-widget-text-editor\" data-id=\"a353017\" data-element_type=\"widget\" data-e-type=\"widget\" data-widget_type=\"text-editor.default\">\n\t\t\t\t\t\t\t\t\t<p>Gli elettrodi pediatrici Pedi Padz II incorporano la funzione Intelligent Pediatric Capability di Zoll. In pratica, non appena il DAE rileva la connessione dello Zoll Pedi Padz II, passa automaticamente a un protocollo pediatrico completo. In primo luogo, attiva un algoritmo di analisi ECG specificamente progettato per le frequenze cardiache dei bambini, che differiscono da quelle degli adulti. In secondo luogo, regola i livelli di energia di defibrillazione su valori adeguati (50, 70 o 85 joule a seconda del protocollo).   <\/p><p>Inoltre, il DAE emette messaggi vocali e di testo per confermare al soccorritore che gli elettrodi pediatrici sono collegati correttamente. Questo riduce notevolmente il rischio di confusione con gli elettrodi per adulti. <\/p><p>Ecco le caratteristiche principali:<\/p><ul><li>Rilevamento automatico di Pedi Padz II da parte del DAE<\/li><li>Algoritmo ECG pediatrico attivato automaticamente<\/li><li>Livelli di energia adattati ai bambini (50, 70, 85 joule)<\/li><li>Messaggi vocali e di testo che confermano il collegamento pediatrico<\/li><li>Diagrammi anatomici di posizionamento anteroposteriore sulla confezione<\/li><li>Compatibilit\u00e0 estesa: AED Plus, AED Pro e gamma ALS (serie M, E, R, X)<\/li><li>Non sono necessari adattatori o cavi speciali<\/li><\/ul><p><br>Tuttavia, \u00e8 bene ricordare che questi elettrodi vengono utilizzati una sola volta. Pertanto, devono essere sostituiti dopo ogni utilizzo o non appena la data di scadenza \u00e8 passata. <\/p>\t\t\t\t\t\t\t\t<\/div>\n\t\t\t\t<div class=\"elementor-element elementor-element-d100daa elementor-widget elementor-widget-heading\" data-id=\"d100daa\" data-element_type=\"widget\" data-e-type=\"widget\" data-widget_type=\"heading.default\">\n\t\t\t\t\t<h2 class=\"elementor-heading-title elementor-size-default\">Utilizzo, conformit\u00e0 e raccomandazioni<\/h2>\t\t\t\t<\/div>\n\t\t\t\t<div class=\"elementor-element elementor-element-0d80b63 elementor-widget elementor-widget-text-editor\" data-id=\"0d80b63\" data-element_type=\"widget\" data-e-type=\"widget\" data-widget_type=\"text-editor.default\">\n\t\t\t\t\t\t\t\t\t<p>Gli elettrodi pediatrici Pedi Padz II sono classificati come dispositivi medici di Classe IIb. In Svizzera, la commercializzazione di questo tipo di prodotti rientra nell&#8217;ambito dell&#8217;Ordinanza sui Dispositivi Medici (ODim), che \u00e8 allineata al Regolamento Europeo (UE) 2017\/745 (RDM). Di conseguenza, Swissmedic, in qualit\u00e0 di autorit\u00e0 di vigilanza, controlla la conformit\u00e0 dei dispositivi commercializzati in Svizzera.  <br><br>Inoltre, i defibrillatori automatici esterni (DAE) e i relativi materiali di consumo possono essere utilizzati anche da non professionisti in Svizzera. Tuttavia, si raccomanda una formazione certificata di primo soccorso. Infine, gli elettrodi devono essere sostituiti dopo ogni utilizzo o non appena la loro durata di conservazione \u00e8 scaduta.  <br>\t\t<div data-elementor-type=\"widget\" data-elementor-id=\"59086\" class=\"elementor elementor-59086 elementor-59083 elementor-59083\" data-elementor-post-type=\"elementor_library\">\n\t\t\t\t\t\t<div class=\"elementor-element elementor-element-59083 elementor-widget elementor-widget-text-editor\" data-id=\"59083\" data-element_type=\"widget\" data-e-type=\"widget\" data-widget_type=\"text-editor.default\">\n\t\t\t\t\t\t\t\t\t<p>Per maggiori informazioni, consulta :<\/p><ul><li><a href=\"https:\/\/www.swissmedic.ch\" target=\"_blank\" rel=\"noopener\">Swissmedic<\/a><\/li><li><a href=\"https:\/\/www.bag.admin.ch\" target=\"_blank\" rel=\"noopener\">Ufficio federale della sanit\u00e0 pubblica (UFSP)<\/a><\/li><li><a href=\"https:\/\/www.switec.info\" target=\"_blank\" rel=\"noopener\">Centro d&#8217;informazione svizzero per le norme tecniche (Switec)<\/a><\/li><li><a href=\"https:\/\/www.fedlex.admin.ch\/eli\/cc\/2020\/552\/\" target=\"_blank\" rel=\"noopener\">Ordinanza sui dispositivi medici (ODim o MedDO)<\/a><\/li><\/ul><p><br>I nostri dispositivi medici hanno un rappresentante autorizzato in Svizzera (CH-REP), in conformit\u00e0 con l&#8217;attuale legislazione svizzera sui dispositivi medici.<\/p>\t\t\t\t\t\t\t\t<\/div>\n\t\t\t\t<\/div>\n\t\t<\/p>\t\t\t\t\t\t\t\t<\/div>\n\t\t\t\t<div class=\"elementor-element elementor-element-e5cb50b elementor-widget elementor-widget-heading\" data-id=\"e5cb50b\" data-element_type=\"widget\" data-e-type=\"widget\" data-widget_type=\"heading.default\">\n\t\t\t\t\t<h2 class=\"elementor-heading-title elementor-size-default\">Contenuto<\/h2>\t\t\t\t<\/div>\n\t\t\t\t<div class=\"elementor-element elementor-element-1abdac9 elementor-widget elementor-widget-text-editor\" data-id=\"1abdac9\" data-element_type=\"widget\" data-e-type=\"widget\" data-widget_type=\"text-editor.default\">\n\t\t\t\t\t\t\t\t\t<p>Ogni confezione sigillata di carta\/polietilene contiene tutto il necessario per un&#8217;operazione:<\/p><ul><li>1 coppia di elettrodi pediatrici Zoll Pedi Padz II pre-connessi (1 rotondo anteriore + 1 rettangolare posteriore, cavo da 86,4 cm)<\/li><\/ul>\t\t\t\t\t\t\t\t<\/div>\n\t\t\t\t<\/div>\n\t\t\t\t<\/div>\n\t\t\t\t<\/div>\n\t\t","protected":false},"excerpt":{"rendered":"<p>Gli elettrodi pediatrici Pedi Padz II sono progettati esclusivamente per i defibrillatori Zoll AED Plus e Zoll AED Pro. Non appena vengono collegati, il DAE attiva automaticamente uno specifico algoritmo di analisi dell&#8217;ECG e riduce l&#8217;energia a 50 joule. Questi elettrodi bipartiti possono essere posizionati anteroposteriormente grazie ai diagrammi anatomici stampati sulla confezione. Inoltre, l&#8217;elettrodo anteriore rotondo e l&#8217;elettrodo posteriore rettangolare facilitano il posizionamento corretto. L&#8217;idrogel conduttivo garantisce un contatto affidabile con la pelle. Questi elettrodi pediatrici Pedi Padz II hanno una durata di conservazione di 1,5 anni.     <\/p>\n","protected":false},"featured_media":65040,"template":"","meta":{"_acf_changed":false},"product_brand":[2196],"product_cat":[1470,1487],"product_tag":[8530,8505,8521,8522,2490,8545,8546,2675,8503,8507],"class_list":{"0":"post-65035","1":"product","2":"type-product","3":"status-publish","4":"has-post-thumbnail","6":"product_brand-zoll-it","7":"product_cat-defibrillatori","8":"product_cat-consumabili-defibrillatori","9":"product_tag-accessori-dae","10":"product_tag-elettrodi-adesivi","11":"product_tag-elettrodi-bipartiti","12":"product_tag-elettrodi-monouso-2","13":"product_tag-elettrodi-pediatrici","14":"product_tag-elettrodi-per-bambini","15":"product_tag-elettrodi-per-neonati","16":"product_tag-elettrodi-precollegati","17":"product_tag-materiali-di-consumo-dae-2","18":"product_tag-sostituzione-dellelettrodo","20":"first","21":"instock","22":"taxable","23":"shipping-taxable","24":"purchasable","25":"product-type-simple"},"acf":[],"yoast_head":"<!-- This site is optimized with the Yoast SEO Premium plugin v27.6 (Yoast SEO v27.6) - https:\/\/yoast.com\/product\/yoast-seo-premium-wordpress\/ -->\n<title>Elettrodi pediatrici Pedi Padz II per Zoll AED Plus | Swixed SA<\/title>\n<meta name=\"description\" content=\"Elettrodi pediatrici Pedi Padz II per Zoll AED Plus e AED Pro. Idrogel, elemento in stagno, cavo da 86 cm, algoritmo pediatrico, monouso.\" \/>\n<meta name=\"robots\" content=\"index, follow, max-snippet:-1, max-image-preview:large, max-video-preview:-1\" \/>\n<link rel=\"canonical\" href=\"https:\/\/swixed.ch\/it\/prodotto\/elettrodi-pediatrici-per-cu-medical-i-pad-sp1-sp2-colson-def-nsi-copie\/\" \/>\n<meta property=\"og:locale\" content=\"it_IT\" \/>\n<meta property=\"og:type\" content=\"article\" \/>\n<meta property=\"og:title\" content=\"Elettrodi pediatrici Pedi Padz II per Zoll AED Plus \/ AED Pro\" \/>\n<meta property=\"og:description\" content=\"Elettrodi pediatrici Pedi Padz II per Zoll AED Plus e AED Pro. Idrogel, elemento in stagno, cavo da 86 cm, algoritmo pediatrico, monouso.\" \/>\n<meta property=\"og:url\" content=\"https:\/\/swixed.ch\/it\/prodotto\/elettrodi-pediatrici-per-cu-medical-i-pad-sp1-sp2-colson-def-nsi-copie\/\" \/>\n<meta property=\"og:site_name\" content=\"Swixed SA\" \/>\n<meta property=\"article:publisher\" content=\"https:\/\/www.facebook.com\/swixed\" \/>\n<meta property=\"article:modified_time\" content=\"2026-05-12T20:11:00+00:00\" \/>\n<meta property=\"og:image\" content=\"https:\/\/swixed.ch\/wp-content\/uploads\/2026\/05\/SED34017-01.png\" \/>\n\t<meta property=\"og:image:width\" content=\"600\" \/>\n\t<meta property=\"og:image:height\" content=\"600\" \/>\n\t<meta property=\"og:image:type\" content=\"image\/png\" \/>\n<meta name=\"twitter:card\" content=\"summary_large_image\" \/>\n<meta name=\"twitter:label1\" content=\"Tempo di lettura stimato\" \/>\n\t<meta name=\"twitter:data1\" content=\"3 minuti\" \/>\n<script type=\"application\/ld+json\" class=\"yoast-schema-graph\">{\"@context\":\"https:\\\/\\\/schema.org\",\"@graph\":[{\"@type\":\"WebPage\",\"@id\":\"https:\\\/\\\/swixed.ch\\\/it\\\/prodotto\\\/elettrodi-pediatrici-per-cu-medical-i-pad-sp1-sp2-colson-def-nsi-copie\\\/\",\"url\":\"https:\\\/\\\/swixed.ch\\\/it\\\/prodotto\\\/elettrodi-pediatrici-per-cu-medical-i-pad-sp1-sp2-colson-def-nsi-copie\\\/\",\"name\":\"Elettrodi pediatrici Pedi Padz II per Zoll AED Plus | Swixed SA\",\"isPartOf\":{\"@id\":\"https:\\\/\\\/swixed.ch\\\/it\\\/#website\"},\"primaryImageOfPage\":{\"@id\":\"https:\\\/\\\/swixed.ch\\\/it\\\/prodotto\\\/elettrodi-pediatrici-per-cu-medical-i-pad-sp1-sp2-colson-def-nsi-copie\\\/#primaryimage\"},\"image\":{\"@id\":\"https:\\\/\\\/swixed.ch\\\/it\\\/prodotto\\\/elettrodi-pediatrici-per-cu-medical-i-pad-sp1-sp2-colson-def-nsi-copie\\\/#primaryimage\"},\"thumbnailUrl\":\"https:\\\/\\\/swixed.ch\\\/wp-content\\\/uploads\\\/2026\\\/05\\\/SED34017-01.png\",\"datePublished\":\"2026-05-09T19:14:41+00:00\",\"dateModified\":\"2026-05-12T20:11:00+00:00\",\"description\":\"Elettrodi pediatrici Pedi Padz II per Zoll AED Plus e AED Pro. Idrogel, elemento in stagno, cavo da 86 cm, algoritmo pediatrico, monouso.\",\"breadcrumb\":{\"@id\":\"https:\\\/\\\/swixed.ch\\\/it\\\/prodotto\\\/elettrodi-pediatrici-per-cu-medical-i-pad-sp1-sp2-colson-def-nsi-copie\\\/#breadcrumb\"},\"inLanguage\":\"it-IT\",\"potentialAction\":[{\"@type\":\"ReadAction\",\"target\":[\"https:\\\/\\\/swixed.ch\\\/it\\\/prodotto\\\/elettrodi-pediatrici-per-cu-medical-i-pad-sp1-sp2-colson-def-nsi-copie\\\/\"]}]},{\"@type\":\"ImageObject\",\"inLanguage\":\"it-IT\",\"@id\":\"https:\\\/\\\/swixed.ch\\\/it\\\/prodotto\\\/elettrodi-pediatrici-per-cu-medical-i-pad-sp1-sp2-colson-def-nsi-copie\\\/#primaryimage\",\"url\":\"https:\\\/\\\/swixed.ch\\\/wp-content\\\/uploads\\\/2026\\\/05\\\/SED34017-01.png\",\"contentUrl\":\"https:\\\/\\\/swixed.ch\\\/wp-content\\\/uploads\\\/2026\\\/05\\\/SED34017-01.png\",\"width\":600,\"height\":600,\"caption\":\"SED34017\"},{\"@type\":\"BreadcrumbList\",\"@id\":\"https:\\\/\\\/swixed.ch\\\/it\\\/prodotto\\\/elettrodi-pediatrici-per-cu-medical-i-pad-sp1-sp2-colson-def-nsi-copie\\\/#breadcrumb\",\"itemListElement\":[{\"@type\":\"ListItem\",\"position\":1,\"name\":\"Home\",\"item\":\"https:\\\/\\\/swixed.ch\\\/it\\\/home\\\/\"},{\"@type\":\"ListItem\",\"position\":2,\"name\":\"Negozio\",\"item\":\"https:\\\/\\\/swixed.ch\\\/it\\\/shop\\\/\"},{\"@type\":\"ListItem\",\"position\":3,\"name\":\"Elettrodi pediatrici Pedi Padz II per Zoll AED Plus \\\/ AED Pro\"}]},{\"@type\":\"WebSite\",\"@id\":\"https:\\\/\\\/swixed.ch\\\/it\\\/#website\",\"url\":\"https:\\\/\\\/swixed.ch\\\/it\\\/\",\"name\":\"Swixed SA\",\"description\":\"Dispositivi elettronici\",\"publisher\":{\"@id\":\"https:\\\/\\\/swixed.ch\\\/it\\\/#organization\"},\"potentialAction\":[{\"@type\":\"SearchAction\",\"target\":{\"@type\":\"EntryPoint\",\"urlTemplate\":\"https:\\\/\\\/swixed.ch\\\/it\\\/?s={search_term_string}\"},\"query-input\":{\"@type\":\"PropertyValueSpecification\",\"valueRequired\":true,\"valueName\":\"search_term_string\"}}],\"inLanguage\":\"it-IT\"},{\"@type\":\"Organization\",\"@id\":\"https:\\\/\\\/swixed.ch\\\/it\\\/#organization\",\"name\":\"Swixed SA\",\"url\":\"https:\\\/\\\/swixed.ch\\\/it\\\/\",\"logo\":{\"@type\":\"ImageObject\",\"inLanguage\":\"it-IT\",\"@id\":\"https:\\\/\\\/swixed.ch\\\/it\\\/#\\\/schema\\\/logo\\\/image\\\/\",\"url\":\"https:\\\/\\\/swixed.ch\\\/wp-content\\\/uploads\\\/logos\\\/swixed-logo-lite.png\",\"contentUrl\":\"https:\\\/\\\/swixed.ch\\\/wp-content\\\/uploads\\\/logos\\\/swixed-logo-lite.png\",\"width\":696,\"height\":696,\"caption\":\"Swixed SA\"},\"image\":{\"@id\":\"https:\\\/\\\/swixed.ch\\\/it\\\/#\\\/schema\\\/logo\\\/image\\\/\"},\"sameAs\":[\"https:\\\/\\\/www.facebook.com\\\/swixed\",\"https:\\\/\\\/www.linkedin.com\\\/company\\\/swixed\",\"https:\\\/\\\/www.youtube.com\\\/@swixedsa\"],\"description\":\"Swixed SA est une entreprise suisse bas\u00e9e \u00e0 Gen\u00e8ve, sp\u00e9cialis\u00e9e dans la vente, la location et la maintenance d\u2019appareils m\u00e9dicaux professionnels, tels que d\u00e9fibrillateurs AED, \u00e9lectrocardiographes, moniteurs patient et dispositifs de diagnostic.\",\"email\":\"infoshop@swixed.ch\",\"telephone\":\"+41 22 566 11 95\",\"legalName\":\"Swixed SA\",\"foundingDate\":\"2021-03-01\",\"numberOfEmployees\":{\"@type\":\"QuantitativeValue\",\"minValue\":\"1\",\"maxValue\":\"10\"}}]}<\/script>\n<!-- \/ Yoast SEO Premium plugin. -->","yoast_head_json":{"title":"Elettrodi pediatrici Pedi Padz II per Zoll AED Plus | Swixed SA","description":"Elettrodi pediatrici Pedi Padz II per Zoll AED Plus e AED Pro. Idrogel, elemento in stagno, cavo da 86 cm, algoritmo pediatrico, monouso.","robots":{"index":"index","follow":"follow","max-snippet":"max-snippet:-1","max-image-preview":"max-image-preview:large","max-video-preview":"max-video-preview:-1"},"canonical":"https:\/\/swixed.ch\/it\/prodotto\/elettrodi-pediatrici-per-cu-medical-i-pad-sp1-sp2-colson-def-nsi-copie\/","og_locale":"it_IT","og_type":"article","og_title":"Elettrodi pediatrici Pedi Padz II per Zoll AED Plus \/ AED Pro","og_description":"Elettrodi pediatrici Pedi Padz II per Zoll AED Plus e AED Pro. Idrogel, elemento in stagno, cavo da 86 cm, algoritmo pediatrico, monouso.","og_url":"https:\/\/swixed.ch\/it\/prodotto\/elettrodi-pediatrici-per-cu-medical-i-pad-sp1-sp2-colson-def-nsi-copie\/","og_site_name":"Swixed SA","article_publisher":"https:\/\/www.facebook.com\/swixed","article_modified_time":"2026-05-12T20:11:00+00:00","og_image":[{"width":600,"height":600,"url":"https:\/\/swixed.ch\/wp-content\/uploads\/2026\/05\/SED34017-01.png","type":"image\/png"}],"twitter_card":"summary_large_image","twitter_misc":{"Tempo di lettura stimato":"3 minuti"},"schema":{"@context":"https:\/\/schema.org","@graph":[{"@type":"WebPage","@id":"https:\/\/swixed.ch\/it\/prodotto\/elettrodi-pediatrici-per-cu-medical-i-pad-sp1-sp2-colson-def-nsi-copie\/","url":"https:\/\/swixed.ch\/it\/prodotto\/elettrodi-pediatrici-per-cu-medical-i-pad-sp1-sp2-colson-def-nsi-copie\/","name":"Elettrodi pediatrici Pedi Padz II per Zoll AED Plus | Swixed SA","isPartOf":{"@id":"https:\/\/swixed.ch\/it\/#website"},"primaryImageOfPage":{"@id":"https:\/\/swixed.ch\/it\/prodotto\/elettrodi-pediatrici-per-cu-medical-i-pad-sp1-sp2-colson-def-nsi-copie\/#primaryimage"},"image":{"@id":"https:\/\/swixed.ch\/it\/prodotto\/elettrodi-pediatrici-per-cu-medical-i-pad-sp1-sp2-colson-def-nsi-copie\/#primaryimage"},"thumbnailUrl":"https:\/\/swixed.ch\/wp-content\/uploads\/2026\/05\/SED34017-01.png","datePublished":"2026-05-09T19:14:41+00:00","dateModified":"2026-05-12T20:11:00+00:00","description":"Elettrodi pediatrici Pedi Padz II per Zoll AED Plus e AED Pro. Idrogel, elemento in stagno, cavo da 86 cm, algoritmo pediatrico, monouso.","breadcrumb":{"@id":"https:\/\/swixed.ch\/it\/prodotto\/elettrodi-pediatrici-per-cu-medical-i-pad-sp1-sp2-colson-def-nsi-copie\/#breadcrumb"},"inLanguage":"it-IT","potentialAction":[{"@type":"ReadAction","target":["https:\/\/swixed.ch\/it\/prodotto\/elettrodi-pediatrici-per-cu-medical-i-pad-sp1-sp2-colson-def-nsi-copie\/"]}]},{"@type":"ImageObject","inLanguage":"it-IT","@id":"https:\/\/swixed.ch\/it\/prodotto\/elettrodi-pediatrici-per-cu-medical-i-pad-sp1-sp2-colson-def-nsi-copie\/#primaryimage","url":"https:\/\/swixed.ch\/wp-content\/uploads\/2026\/05\/SED34017-01.png","contentUrl":"https:\/\/swixed.ch\/wp-content\/uploads\/2026\/05\/SED34017-01.png","width":600,"height":600,"caption":"SED34017"},{"@type":"BreadcrumbList","@id":"https:\/\/swixed.ch\/it\/prodotto\/elettrodi-pediatrici-per-cu-medical-i-pad-sp1-sp2-colson-def-nsi-copie\/#breadcrumb","itemListElement":[{"@type":"ListItem","position":1,"name":"Home","item":"https:\/\/swixed.ch\/it\/home\/"},{"@type":"ListItem","position":2,"name":"Negozio","item":"https:\/\/swixed.ch\/it\/shop\/"},{"@type":"ListItem","position":3,"name":"Elettrodi pediatrici Pedi Padz II per Zoll AED Plus \/ AED Pro"}]},{"@type":"WebSite","@id":"https:\/\/swixed.ch\/it\/#website","url":"https:\/\/swixed.ch\/it\/","name":"Swixed SA","description":"Dispositivi elettronici","publisher":{"@id":"https:\/\/swixed.ch\/it\/#organization"},"potentialAction":[{"@type":"SearchAction","target":{"@type":"EntryPoint","urlTemplate":"https:\/\/swixed.ch\/it\/?s={search_term_string}"},"query-input":{"@type":"PropertyValueSpecification","valueRequired":true,"valueName":"search_term_string"}}],"inLanguage":"it-IT"},{"@type":"Organization","@id":"https:\/\/swixed.ch\/it\/#organization","name":"Swixed SA","url":"https:\/\/swixed.ch\/it\/","logo":{"@type":"ImageObject","inLanguage":"it-IT","@id":"https:\/\/swixed.ch\/it\/#\/schema\/logo\/image\/","url":"https:\/\/swixed.ch\/wp-content\/uploads\/logos\/swixed-logo-lite.png","contentUrl":"https:\/\/swixed.ch\/wp-content\/uploads\/logos\/swixed-logo-lite.png","width":696,"height":696,"caption":"Swixed SA"},"image":{"@id":"https:\/\/swixed.ch\/it\/#\/schema\/logo\/image\/"},"sameAs":["https:\/\/www.facebook.com\/swixed","https:\/\/www.linkedin.com\/company\/swixed","https:\/\/www.youtube.com\/@swixedsa"],"description":"Swixed SA est une entreprise suisse bas\u00e9e \u00e0 Gen\u00e8ve, sp\u00e9cialis\u00e9e dans la vente, la location et la maintenance d\u2019appareils m\u00e9dicaux professionnels, tels que d\u00e9fibrillateurs AED, \u00e9lectrocardiographes, moniteurs patient et dispositifs de diagnostic.","email":"infoshop@swixed.ch","telephone":"+41 22 566 11 95","legalName":"Swixed SA","foundingDate":"2021-03-01","numberOfEmployees":{"@type":"QuantitativeValue","minValue":"1","maxValue":"10"}}]}},"_links":{"self":[{"href":"https:\/\/swixed.ch\/it\/wp-json\/wp\/v2\/product\/65035","targetHints":{"allow":["GET"]}}],"collection":[{"href":"https:\/\/swixed.ch\/it\/wp-json\/wp\/v2\/product"}],"about":[{"href":"https:\/\/swixed.ch\/it\/wp-json\/wp\/v2\/types\/product"}],"version-history":[{"count":4,"href":"https:\/\/swixed.ch\/it\/wp-json\/wp\/v2\/product\/65035\/revisions"}],"predecessor-version":[{"id":65174,"href":"https:\/\/swixed.ch\/it\/wp-json\/wp\/v2\/product\/65035\/revisions\/65174"}],"wp:featuredmedia":[{"embeddable":true,"href":"https:\/\/swixed.ch\/it\/wp-json\/wp\/v2\/media\/65040"}],"wp:attachment":[{"href":"https:\/\/swixed.ch\/it\/wp-json\/wp\/v2\/media?parent=65035"}],"wp:term":[{"taxonomy":"product_brand","embeddable":true,"href":"https:\/\/swixed.ch\/it\/wp-json\/wp\/v2\/product_brand?post=65035"},{"taxonomy":"product_cat","embeddable":true,"href":"https:\/\/swixed.ch\/it\/wp-json\/wp\/v2\/product_cat?post=65035"},{"taxonomy":"product_tag","embeddable":true,"href":"https:\/\/swixed.ch\/it\/wp-json\/wp\/v2\/product_tag?post=65035"}],"curies":[{"name":"wp","href":"https:\/\/api.w.org\/{rel}","templated":true}]}}